{"id":29968,"date":"2025-10-25T00:01:48","date_gmt":"2025-10-25T00:01:48","guid":{"rendered":"https:\/\/technofluid.it\/prodotto\/fluido-anticongelante-pronto-all-uso-ice-guard-40-5l-codice-v3215-5l-vanguard\/"},"modified":"2026-04-15T01:25:19","modified_gmt":"2026-04-15T00:25:19","slug":"fluido-anticongelante-pronto-alluso-ice-guard-40-5l-codice-v3215-5l-vanguard","status":"publish","type":"product","link":"https:\/\/technofluid.it\/fr\/produit\/liquide-antigel-pret-a-lemploi-ice-guard-40-5l-code-v3215-5l-vanguard\/","title":{"rendered":"Liquide antigel pr\u00eat \u00e0 l'emploi ice guard \u2013 40 5L \u2013 code : V3215  5L  \u2013 Vanguard"},"content":{"rendered":"<p>Liquide antigel pr\u00eat \u00e0 l'emploi ice guard \u2013 40 5L \u2013 code : V3215 5L \u2013 Vanguard<\/p>","protected":false},"excerpt":{"rendered":"<p>FLUIDO ANTICONGELANTE PRONTO ALL&#8217; USO ICE GUARD &#8211; 40 5L &#8211; CODICE: V3215 5L &#8211; VANGUARD<\/p>","protected":false},"featured_media":38750,"comment_status":"open","ping_status":"closed","template":"","meta":{"_acf_changed":false,"_monsterinsights_skip_tracking":false,"_monsterinsights_sitenote_active":false,"_monsterinsights_sitenote_note":"","_monsterinsights_sitenote_category":0,"site-sidebar-layout":"default","site-content-layout":"","ast-site-content-layout":"default","site-content-style":"default","site-sidebar-style":"default","ast-global-header-display":"","ast-banner-title-visibility":"","ast-main-header-display":"","ast-hfb-above-header-display":"","ast-hfb-below-header-display":"","ast-hfb-mobile-header-display":"","site-post-title":"","ast-breadcrumbs-content":"","ast-featured-img":"","footer-sml-layout":"","ast-disable-related-posts":"","theme-transparent-header-meta":"","adv-header-id-meta":"","stick-header-meta":"","header-above-stick-meta":"","header-main-stick-meta":"","header-below-stick-meta":"","astra-migrate-meta-layouts":"default","ast-page-background-enabled":"default","ast-page-background-meta":{"desktop":{"background-color":"var(--ast-global-color-5)","background-image":"","background-repeat":"repeat","background-position":"center center","background-size":"auto","background-attachment":"scroll","background-type":"","background-media":"","overlay-type":"","overlay-color":"","overlay-opacity":"","overlay-gradient":""},"tablet":{"background-color":"","background-image":"","background-repeat":"repeat","background-position":"center center","background-size":"auto","background-attachment":"scroll","background-type":"","background-media":"","overlay-type":"","overlay-color":"","overlay-opacity":"","overlay-gradient":""},"mobile":{"background-color":"","background-image":"","background-repeat":"repeat","background-position":"center center","background-size":"auto","background-attachment":"scroll","background-type":"","background-media":"","overlay-type":"","overlay-color":"","overlay-opacity":"","overlay-gradient":""}},"ast-content-background-meta":{"desktop":{"background-color":"var(--ast-global-color-4)","background-image":"","background-repeat":"repeat","background-position":"center center","background-size":"auto","background-attachment":"scroll","background-type":"","background-media":"","overlay-type":"","overlay-color":"","overlay-opacity":"","overlay-gradient":""},"tablet":{"background-color":"var(--ast-global-color-4)","background-image":"","background-repeat":"repeat","background-position":"center center","background-size":"auto","background-attachment":"scroll","background-type":"","background-media":"","overlay-type":"","overlay-color":"","overlay-opacity":"","overlay-gradient":""},"mobile":{"background-color":"var(--ast-global-color-4)","background-image":"","background-repeat":"repeat","background-position":"center center","background-size":"auto","background-attachment":"scroll","background-type":"","background-media":"","overlay-type":"","overlay-color":"","overlay-opacity":"","overlay-gradient":""}}},"product_brand":[],"product_cat":[179,453],"product_tag":[5144,5145,5146],"class_list":{"0":"post-29968","1":"product","2":"type-product","3":"status-publish","4":"has-post-thumbnail","6":"product_cat-motori-e-ricambi","7":"product_cat-ricambi-motori-e-oli","8":"product_tag-codice-v3215-5l","9":"product_tag-fluido-anticongelante-pronto-all","10":"product_tag-vanguard","11":"pa_supplier-br-ricambi-srls","12":"desktop-align-left","13":"tablet-align-left","14":"mobile-align-left","16":"first","17":"instock","18":"taxable","19":"shipping-taxable","20":"purchasable","21":"product-type-simple"},"acf":[],"yoast_head":"<!-- This site is optimized with the Yoast SEO Premium plugin v26.7 (Yoast SEO v26.9) - https:\/\/yoast.com\/product\/yoast-seo-premium-wordpress\/ -->\n<title>Fluido Anticongelante Pronto Uso Ice Guard 5L - Vanguard<\/title>\n<meta name=\"description\" content=\"Acquista il fluido anticongelante pronto all&#039;uso Ice Guard 5L di Vanguard. Proteggi il motore dal gelo con qualit\u00e0 e sicurezza. Scopri di pi\u00f9 ora!\" \/>\n<meta name=\"robots\" content=\"index, follow, max-snippet:-1, max-image-preview:large, max-video-preview:-1\" \/>\n<link rel=\"canonical\" href=\"https:\/\/technofluid.it\/fr\/produit\/liquide-antigel-pret-a-lemploi-ice-guard-40-5l-code-v3215-5l-vanguard\/\" \/>\n<meta property=\"og:locale\" content=\"fr_FR\" \/>\n<meta property=\"og:type\" content=\"article\" \/>\n<meta property=\"og:title\" content=\"Fluido anticongelante pronto all&#039;uso ice guard - 40 5L - codice: V3215 5L - Vanguard\" \/>\n<meta property=\"og:description\" content=\"Acquista il fluido anticongelante pronto all&#039;uso Ice Guard 5L di Vanguard. Proteggi il motore dal gelo con qualit\u00e0 e sicurezza. Scopri di pi\u00f9 ora!\" \/>\n<meta property=\"og:url\" content=\"https:\/\/technofluid.it\/fr\/produit\/liquide-antigel-pret-a-lemploi-ice-guard-40-5l-code-v3215-5l-vanguard\/\" \/>\n<meta property=\"og:site_name\" content=\"Technofluid\" \/>\n<meta property=\"article:modified_time\" content=\"2026-04-15T00:25:19+00:00\" \/>\n<meta property=\"og:image\" content=\"https:\/\/technofluid.it\/wp-content\/uploads\/2026\/01\/4102-Fluido-anticongelante-pronto-alluso-ice-guard-40-5L-codice-V3215-5L-Vanguard.jpg\" \/>\n\t<meta property=\"og:image:width\" content=\"900\" \/>\n\t<meta property=\"og:image:height\" content=\"900\" \/>\n\t<meta property=\"og:image:type\" content=\"image\/png\" \/>\n<meta name=\"twitter:card\" content=\"summary_large_image\" \/>\n<meta name=\"twitter:label1\" content=\"Prix\" \/>\n\t<meta name=\"twitter:data1\" content=\"21,31&nbsp;&euro; Iva esclusa\" \/>\n\t<meta name=\"twitter:label2\" content=\"Disponibilit\u00e9\" \/>\n\t<meta name=\"twitter:data2\" content=\"En stock\" \/>\n<script type=\"application\/ld+json\" class=\"yoast-schema-graph\">{\"@context\":\"https:\/\/schema.org\",\"@graph\":[{\"@type\":\"WebPage\",\"@id\":\"https:\/\/technofluid.it\/prodotto\/fluido-anticongelante-pronto-alluso-ice-guard-40-5l-codice-v3215-5l-vanguard\/\",\"url\":\"https:\/\/technofluid.it\/prodotto\/fluido-anticongelante-pronto-alluso-ice-guard-40-5l-codice-v3215-5l-vanguard\/\",\"name\":\"Fluido Anticongelante Pronto Uso Ice Guard 5L - Vanguard\",\"isPartOf\":{\"@id\":\"https:\/\/technofluid.it\/#website\"},\"primaryImageOfPage\":{\"@id\":\"https:\/\/technofluid.it\/prodotto\/fluido-anticongelante-pronto-alluso-ice-guard-40-5l-codice-v3215-5l-vanguard\/#primaryimage\"},\"image\":{\"@id\":\"https:\/\/technofluid.it\/prodotto\/fluido-anticongelante-pronto-alluso-ice-guard-40-5l-codice-v3215-5l-vanguard\/#primaryimage\"},\"thumbnailUrl\":\"https:\/\/technofluid.it\/wp-content\/uploads\/2026\/01\/4102-Fluido-anticongelante-pronto-alluso-ice-guard-40-5L-codice-V3215-5L-Vanguard.jpg\",\"datePublished\":\"2025-10-25T00:01:48+00:00\",\"dateModified\":\"2026-04-15T00:25:19+00:00\",\"description\":\"Acquista il fluido anticongelante pronto all'uso Ice Guard 5L di Vanguard. Proteggi il motore dal gelo con qualit\u00e0 e sicurezza. Scopri di pi\u00f9 ora!\",\"breadcrumb\":{\"@id\":\"https:\/\/technofluid.it\/prodotto\/fluido-anticongelante-pronto-alluso-ice-guard-40-5l-codice-v3215-5l-vanguard\/#breadcrumb\"},\"inLanguage\":\"fr-FR\",\"potentialAction\":[{\"@type\":\"ReadAction\",\"target\":[\"https:\/\/technofluid.it\/prodotto\/fluido-anticongelante-pronto-alluso-ice-guard-40-5l-codice-v3215-5l-vanguard\/\"]}]},{\"@type\":\"ImageObject\",\"inLanguage\":\"fr-FR\",\"@id\":\"https:\/\/technofluid.it\/prodotto\/fluido-anticongelante-pronto-alluso-ice-guard-40-5l-codice-v3215-5l-vanguard\/#primaryimage\",\"url\":\"https:\/\/technofluid.it\/wp-content\/uploads\/2026\/01\/4102-Fluido-anticongelante-pronto-alluso-ice-guard-40-5L-codice-V3215-5L-Vanguard.jpg\",\"contentUrl\":\"https:\/\/technofluid.it\/wp-content\/uploads\/2026\/01\/4102-Fluido-anticongelante-pronto-alluso-ice-guard-40-5L-codice-V3215-5L-Vanguard.jpg\",\"width\":900,\"height\":900,\"caption\":\"Contenitore di antigelo Vanguard MolYguard pronto all'uso da 5 litri, ideale per il raffreddamento del motore.\"},{\"@type\":\"BreadcrumbList\",\"@id\":\"https:\/\/technofluid.it\/prodotto\/fluido-anticongelante-pronto-alluso-ice-guard-40-5l-codice-v3215-5l-vanguard\/#breadcrumb\",\"itemListElement\":[{\"@type\":\"ListItem\",\"position\":1,\"name\":\"Home\",\"item\":\"https:\/\/technofluid.it\/\"},{\"@type\":\"ListItem\",\"position\":2,\"name\":\"Shop\",\"item\":\"https:\/\/technofluid.it\/shop\/\"},{\"@type\":\"ListItem\",\"position\":3,\"name\":\"Fluido anticongelante pronto all&#039;uso ice guard &#8211; 40 5L &#8211; codice: V3215 5L &#8211; Vanguard\"}]},{\"@type\":\"WebSite\",\"@id\":\"https:\/\/technofluid.it\/#website\",\"url\":\"https:\/\/technofluid.it\/\",\"name\":\"Technofluid S.R.L.\",\"description\":\"Dal 1999 siamo specializzati nell&#039;impiantistica navale, idraulica, civile e industriale\",\"publisher\":{\"@id\":\"https:\/\/technofluid.it\/#organization\"},\"potentialAction\":[{\"@type\":\"SearchAction\",\"target\":{\"@type\":\"EntryPoint\",\"urlTemplate\":\"https:\/\/technofluid.it\/?s={search_term_string}\"},\"query-input\":{\"@type\":\"PropertyValueSpecification\",\"valueRequired\":true,\"valueName\":\"search_term_string\"}}],\"inLanguage\":\"fr-FR\"},{\"@type\":\"Organization\",\"@id\":\"https:\/\/technofluid.it\/#organization\",\"name\":\"Technofluid\",\"url\":\"https:\/\/technofluid.it\/\",\"logo\":{\"@type\":\"ImageObject\",\"inLanguage\":\"fr-FR\",\"@id\":\"https:\/\/technofluid.it\/#\/schema\/logo\/image\/\",\"url\":\"https:\/\/technofluid.it\/wp-content\/uploads\/2025\/12\/technofluid_bianco-logo.webp\",\"contentUrl\":\"https:\/\/technofluid.it\/wp-content\/uploads\/2025\/12\/technofluid_bianco-logo.webp\",\"width\":350,\"height\":116,\"caption\":\"Technofluid\"},\"image\":{\"@id\":\"https:\/\/technofluid.it\/#\/schema\/logo\/image\/\"},\"description\":\"La Technofluid S.r.l. nasce nel 1999 a Barcellona Pozzo di Gotto, in provincia di Messina, con l\u2019obiettivo di diventare un punto di riferimento nel settore dell\u2019impiantistica navale, idraulica, civile e industriale.\",\"email\":\"info@technofluid.it\",\"telephone\":\"0907386877\",\"legalName\":\"Technofluid S.R.L\",\"vatID\":\"IT03148240835\",\"taxID\":\"03148240835\",\"ownershipFundingInfo\":\"https:\/\/technofluid.it\/azienda\/\"}]}<\/script>\n<meta property=\"product:price:amount\" content=\"21.31\" \/>\n<meta property=\"product:price:currency\" content=\"EUR\" \/>\n<meta property=\"og:availability\" content=\"instock\" \/>\n<meta property=\"product:availability\" content=\"instock\" \/>\n<meta property=\"product:retailer_item_id\" content=\"VANG0000014\" \/>\n<meta property=\"product:condition\" content=\"new\" \/>\n<!-- \/ Yoast SEO Premium plugin. -->","yoast_head_json":{"title":"Liquide Antigel Pr\u00eat \u00e0 l'Emploi Ice Guard 5L - Vanguard","description":"Achetez le liquide antigel pr\u00eat \u00e0 l'emploi Ice Guard 5L de Vanguard. Prot\u00e9gez le moteur contre le gel avec qualit\u00e9 et s\u00e9curit\u00e9. D\u00e9couvrez-en plus maintenant !","robots":{"index":"index","follow":"follow","max-snippet":"max-snippet:-1","max-image-preview":"max-image-preview:large","max-video-preview":"max-video-preview:-1"},"canonical":"https:\/\/technofluid.it\/fr\/produit\/liquide-antigel-pret-a-lemploi-ice-guard-40-5l-code-v3215-5l-vanguard\/","og_locale":"fr_FR","og_type":"article","og_title":"Fluido anticongelante pronto all&#039;uso ice guard - 40 5L - codice: V3215 5L - Vanguard","og_description":"Acquista il fluido anticongelante pronto all'uso Ice Guard 5L di Vanguard. Proteggi il motore dal gelo con qualit\u00e0 e sicurezza. Scopri di pi\u00f9 ora!","og_url":"https:\/\/technofluid.it\/fr\/produit\/liquide-antigel-pret-a-lemploi-ice-guard-40-5l-code-v3215-5l-vanguard\/","og_site_name":"Technofluid","article_modified_time":"2026-04-15T00:25:19+00:00","og_image":[{"width":900,"height":900,"url":"https:\/\/technofluid.it\/wp-content\/uploads\/2026\/01\/4102-Fluido-anticongelante-pronto-alluso-ice-guard-40-5L-codice-V3215-5L-Vanguard.jpg","type":"image\/png"}],"twitter_card":"summary_large_image","twitter_misc":{"Prix":"21,31&nbsp;&euro; Iva esclusa","Disponibilit\u00e9":"En stock"},"schema":{"@context":"https:\/\/schema.org","@graph":[{"@type":"WebPage","@id":"https:\/\/technofluid.it\/prodotto\/fluido-anticongelante-pronto-alluso-ice-guard-40-5l-codice-v3215-5l-vanguard\/","url":"https:\/\/technofluid.it\/prodotto\/fluido-anticongelante-pronto-alluso-ice-guard-40-5l-codice-v3215-5l-vanguard\/","name":"Liquide Antigel Pr\u00eat \u00e0 l'Emploi Ice Guard 5L - Vanguard","isPartOf":{"@id":"https:\/\/technofluid.it\/#website"},"primaryImageOfPage":{"@id":"https:\/\/technofluid.it\/prodotto\/fluido-anticongelante-pronto-alluso-ice-guard-40-5l-codice-v3215-5l-vanguard\/#primaryimage"},"image":{"@id":"https:\/\/technofluid.it\/prodotto\/fluido-anticongelante-pronto-alluso-ice-guard-40-5l-codice-v3215-5l-vanguard\/#primaryimage"},"thumbnailUrl":"https:\/\/technofluid.it\/wp-content\/uploads\/2026\/01\/4102-Fluido-anticongelante-pronto-alluso-ice-guard-40-5L-codice-V3215-5L-Vanguard.jpg","datePublished":"2025-10-25T00:01:48+00:00","dateModified":"2026-04-15T00:25:19+00:00","description":"Achetez le liquide antigel pr\u00eat \u00e0 l'emploi Ice Guard 5L de Vanguard. Prot\u00e9gez le moteur contre le gel avec qualit\u00e9 et s\u00e9curit\u00e9. D\u00e9couvrez-en plus maintenant !","breadcrumb":{"@id":"https:\/\/technofluid.it\/prodotto\/fluido-anticongelante-pronto-alluso-ice-guard-40-5l-codice-v3215-5l-vanguard\/#breadcrumb"},"inLanguage":"fr-FR","potentialAction":[{"@type":"ReadAction","target":["https:\/\/technofluid.it\/prodotto\/fluido-anticongelante-pronto-alluso-ice-guard-40-5l-codice-v3215-5l-vanguard\/"]}]},{"@type":"ImageObject","inLanguage":"fr-FR","@id":"https:\/\/technofluid.it\/prodotto\/fluido-anticongelante-pronto-alluso-ice-guard-40-5l-codice-v3215-5l-vanguard\/#primaryimage","url":"https:\/\/technofluid.it\/wp-content\/uploads\/2026\/01\/4102-Fluido-anticongelante-pronto-alluso-ice-guard-40-5L-codice-V3215-5L-Vanguard.jpg","contentUrl":"https:\/\/technofluid.it\/wp-content\/uploads\/2026\/01\/4102-Fluido-anticongelante-pronto-alluso-ice-guard-40-5L-codice-V3215-5L-Vanguard.jpg","width":900,"height":900,"caption":"Contenitore di antigelo Vanguard MolYguard pronto all'uso da 5 litri, ideale per il raffreddamento del motore."},{"@type":"BreadcrumbList","@id":"https:\/\/technofluid.it\/prodotto\/fluido-anticongelante-pronto-alluso-ice-guard-40-5l-codice-v3215-5l-vanguard\/#breadcrumb","itemListElement":[{"@type":"ListItem","position":1,"name":"Home","item":"https:\/\/technofluid.it\/"},{"@type":"ListItem","position":2,"name":"Shop","item":"https:\/\/technofluid.it\/shop\/"},{"@type":"ListItem","position":3,"name":"Fluido anticongelante pronto all&#039;uso ice guard &#8211; 40 5L &#8211; codice: V3215 5L &#8211; Vanguard"}]},{"@type":"WebSite","@id":"https:\/\/technofluid.it\/#website","url":"https:\/\/technofluid.it\/","name":"Technofluid S.R.L.","description":"Depuis 1999, nous sommes sp\u00e9cialis\u00e9s dans les installations marines, de plomberie, civiles et industrielles.","publisher":{"@id":"https:\/\/technofluid.it\/#organization"},"potentialAction":[{"@type":"SearchAction","target":{"@type":"EntryPoint","urlTemplate":"https:\/\/technofluid.it\/?s={search_term_string}"},"query-input":{"@type":"PropertyValueSpecification","valueRequired":true,"valueName":"search_term_string"}}],"inLanguage":"fr-FR"},{"@type":"Organization","@id":"https:\/\/technofluid.it\/#organization","name":"Technofluid","url":"https:\/\/technofluid.it\/","logo":{"@type":"ImageObject","inLanguage":"fr-FR","@id":"https:\/\/technofluid.it\/#\/schema\/logo\/image\/","url":"https:\/\/technofluid.it\/wp-content\/uploads\/2025\/12\/technofluid_bianco-logo.webp","contentUrl":"https:\/\/technofluid.it\/wp-content\/uploads\/2025\/12\/technofluid_bianco-logo.webp","width":350,"height":116,"caption":"Technofluid"},"image":{"@id":"https:\/\/technofluid.it\/#\/schema\/logo\/image\/"},"description":"La Technofluid S.r.l. est n\u00e9e en 1999 \u00e0 Barcellona Pozzo di Gotto, dans la province de Messine, avec l'objectif de devenir un point de r\u00e9f\u00e9rence dans le secteur de l'installation navale, hydraulique, civile et industrielle.","email":"info@technofluid.it","telephone":"0907386877","legalName":"Technofluid S.R.L","vatID":"IT03148240835","taxID":"03148240835","ownershipFundingInfo":"https:\/\/technofluid.it\/azienda\/"}]},"product_price_amount":"21.31","product_price_currency":"EUR","og_availability":"instock","product_availability":"instock","product_retailer_item_id":"VANG0000014","product_condition":"new"},"_links":{"self":[{"href":"https:\/\/technofluid.it\/fr\/wp-json\/wp\/v2\/product\/29968","targetHints":{"allow":["GET"]}}],"collection":[{"href":"https:\/\/technofluid.it\/fr\/wp-json\/wp\/v2\/product"}],"about":[{"href":"https:\/\/technofluid.it\/fr\/wp-json\/wp\/v2\/types\/product"}],"replies":[{"embeddable":true,"href":"https:\/\/technofluid.it\/fr\/wp-json\/wp\/v2\/comments?post=29968"}],"version-history":[{"count":0,"href":"https:\/\/technofluid.it\/fr\/wp-json\/wp\/v2\/product\/29968\/revisions"}],"wp:featuredmedia":[{"embeddable":true,"href":"https:\/\/technofluid.it\/fr\/wp-json\/wp\/v2\/media\/38750"}],"wp:attachment":[{"href":"https:\/\/technofluid.it\/fr\/wp-json\/wp\/v2\/media?parent=29968"}],"wp:term":[{"taxonomy":"product_brand","embeddable":true,"href":"https:\/\/technofluid.it\/fr\/wp-json\/wp\/v2\/product_brand?post=29968"},{"taxonomy":"product_cat","embeddable":true,"href":"https:\/\/technofluid.it\/fr\/wp-json\/wp\/v2\/product_cat?post=29968"},{"taxonomy":"product_tag","embeddable":true,"href":"https:\/\/technofluid.it\/fr\/wp-json\/wp\/v2\/product_tag?post=29968"}],"curies":[{"name":"wp","href":"https:\/\/api.w.org\/{rel}","templated":true}]}}