{"id":29877,"date":"2025-10-25T00:01:40","date_gmt":"2025-10-25T00:01:40","guid":{"rendered":"https:\/\/technofluid.it\/prodotto\/ferrotone-gel-codice-eferg7s-euromeci\/"},"modified":"2026-04-15T11:01:04","modified_gmt":"2026-04-15T10:01:04","slug":"ferrotone-gel-codice-eferg7s-euromeci","status":"publish","type":"product","link":"https:\/\/technofluid.it\/fr\/produit\/ferrotone-gel-code-eferg7s-euromeci\/","title":{"rendered":"Gel Ferrotone \u2013 code : EFERG7S \u2013 Euromeci"},"content":{"rendered":"<p><b>Gel Ferrotone <\/b>est le c\u00e9l\u00e8bre d\u00e9tartrant puissant d\u2019Euromeci en gel sp\u00e9cifiquement formul\u00e9 pour la navigation de plaisance. Particuli\u00e8rement indiqu\u00e9 pour les surfaces verticales, il dissout sans effort les incrustations telles que les dents de chien et autres encrassements, les coulures de rouille, le jaunissement de la ligne de flottaison.<\/p>\n<p><b>INSTRUCTIONS :<\/b><\/p>\n<p>Le Gel Ferrotone se pulv\u00e9rise directement sur la zone \u00e0 traiter, puis rincer abondamment, laisser agir quelques minutes et enfin rincer \u00e0 l\u2019eau douce.<\/p>","protected":false},"excerpt":{"rendered":"<p><b>Gel Ferrotone\u00a0<\/b>est le c\u00e9l\u00e8bre d\u00e9tartrant puissant d\u2019Euromeci<\/p>","protected":false},"featured_media":38546,"comment_status":"open","ping_status":"closed","template":"","meta":{"_acf_changed":false,"_monsterinsights_skip_tracking":false,"_monsterinsights_sitenote_active":false,"_monsterinsights_sitenote_note":"","_monsterinsights_sitenote_category":0,"site-sidebar-layout":"default","site-content-layout":"","ast-site-content-layout":"default","site-content-style":"default","site-sidebar-style":"default","ast-global-header-display":"","ast-banner-title-visibility":"","ast-main-header-display":"","ast-hfb-above-header-display":"","ast-hfb-below-header-display":"","ast-hfb-mobile-header-display":"","site-post-title":"","ast-breadcrumbs-content":"","ast-featured-img":"","footer-sml-layout":"","ast-disable-related-posts":"","theme-transparent-header-meta":"default","adv-header-id-meta":"","stick-header-meta":"","header-above-stick-meta":"","header-main-stick-meta":"","header-below-stick-meta":"","astra-migrate-meta-layouts":"set","ast-page-background-enabled":"default","ast-page-background-meta":{"desktop":{"background-color":"var(--ast-global-color-5)","background-image":"","background-repeat":"repeat","background-position":"center center","background-size":"auto","background-attachment":"scroll","background-type":"","background-media":"","overlay-type":"","overlay-color":"","overlay-opacity":"","overlay-gradient":""},"tablet":{"background-color":"","background-image":"","background-repeat":"repeat","background-position":"center center","background-size":"auto","background-attachment":"scroll","background-type":"","background-media":"","overlay-type":"","overlay-color":"","overlay-opacity":"","overlay-gradient":""},"mobile":{"background-color":"","background-image":"","background-repeat":"repeat","background-position":"center center","background-size":"auto","background-attachment":"scroll","background-type":"","background-media":"","overlay-type":"","overlay-color":"","overlay-opacity":"","overlay-gradient":""}},"ast-content-background-meta":{"desktop":{"background-color":"var(--ast-global-color-4)","background-image":"","background-repeat":"repeat","background-position":"center center","background-size":"auto","background-attachment":"scroll","background-type":"","background-media":"","overlay-type":"","overlay-color":"","overlay-opacity":"","overlay-gradient":""},"tablet":{"background-color":"var(--ast-global-color-4)","background-image":"","background-repeat":"repeat","background-position":"center center","background-size":"auto","background-attachment":"scroll","background-type":"","background-media":"","overlay-type":"","overlay-color":"","overlay-opacity":"","overlay-gradient":""},"mobile":{"background-color":"var(--ast-global-color-4)","background-image":"","background-repeat":"repeat","background-position":"center center","background-size":"auto","background-attachment":"scroll","background-type":"","background-media":"","overlay-type":"","overlay-color":"","overlay-opacity":"","overlay-gradient":""}}},"product_brand":[],"product_cat":[335,78],"product_tag":[4988,4701],"class_list":{"0":"post-29877","1":"product","2":"type-product","3":"status-publish","4":"has-post-thumbnail","6":"product_cat-lucidatura-e-pulizia","7":"product_cat-manutenzione-barca","8":"product_tag-ferrotone-gel","9":"product_tag-manutenzione-barca","10":"pa_supplier-basso-ryland-azienda-vernici-affini-b-r-a-v-a-srl","11":"desktop-align-left","12":"tablet-align-left","13":"mobile-align-left","15":"first","16":"instock","17":"taxable","18":"shipping-taxable","19":"purchasable","20":"product-type-simple"},"acf":[],"yoast_head":"<!-- This site is optimized with the Yoast SEO Premium plugin v26.7 (Yoast SEO v26.9) - https:\/\/yoast.com\/product\/yoast-seo-premium-wordpress\/ -->\n<title>Ferrotone Gel: Disincrostante Nautica Forte e Efficace<\/title>\n<meta name=\"description\" content=\"Scopri Ferrotone Gel, il disincrostante nautica potente per rimuovere incrostazioni e ruggine. Facile da usare, agisce rapidamente. Provalo ora!\" \/>\n<meta name=\"robots\" content=\"index, follow, max-snippet:-1, max-image-preview:large, max-video-preview:-1\" \/>\n<link rel=\"canonical\" href=\"https:\/\/technofluid.it\/fr\/produkt\/ferrotone-gel-codice-eferg7s-euromeci\/\" \/>\n<meta property=\"og:locale\" content=\"fr_FR\" \/>\n<meta property=\"og:type\" content=\"article\" \/>\n<meta property=\"og:title\" content=\"Ferrotone gel - codice: EFERG7S - Euromeci\" \/>\n<meta property=\"og:description\" content=\"Scopri Ferrotone Gel, il disincrostante nautica potente per rimuovere incrostazioni e ruggine. Facile da usare, agisce rapidamente. Provalo ora!\" \/>\n<meta property=\"og:url\" content=\"https:\/\/technofluid.it\/fr\/produkt\/ferrotone-gel-codice-eferg7s-euromeci\/\" \/>\n<meta property=\"og:site_name\" content=\"Technofluid\" \/>\n<meta property=\"article:modified_time\" content=\"2026-04-15T10:01:04+00:00\" \/>\n<meta property=\"og:image\" content=\"https:\/\/technofluid.it\/wp-content\/uploads\/2026\/01\/700-Ferrotone-gel-codice-EFERG7S-Euromeci.jpg\" \/>\n\t<meta property=\"og:image:width\" content=\"800\" \/>\n\t<meta property=\"og:image:height\" content=\"800\" \/>\n\t<meta property=\"og:image:type\" content=\"image\/jpeg\" \/>\n<meta name=\"twitter:card\" content=\"summary_large_image\" \/>\n<meta name=\"twitter:label1\" content=\"Prix\" \/>\n\t<meta name=\"twitter:data1\" content=\"12,30&nbsp;&euro; Iva esclusa\" \/>\n\t<meta name=\"twitter:label2\" content=\"Disponibilit\u00e9\" \/>\n\t<meta name=\"twitter:data2\" content=\"En stock\" \/>\n<script type=\"application\/ld+json\" class=\"yoast-schema-graph\">{\"@context\":\"https:\/\/schema.org\",\"@graph\":[{\"@type\":\"WebPage\",\"@id\":\"https:\/\/technofluid.it\/de\/produkt\/ferrotone-gel-codice-eferg7s-euromeci\/\",\"url\":\"https:\/\/technofluid.it\/de\/produkt\/ferrotone-gel-codice-eferg7s-euromeci\/\",\"name\":\"Ferrotone Gel: Disincrostante Nautica Forte e Efficace\",\"isPartOf\":{\"@id\":\"https:\/\/technofluid.it\/#website\"},\"primaryImageOfPage\":{\"@id\":\"https:\/\/technofluid.it\/de\/produkt\/ferrotone-gel-codice-eferg7s-euromeci\/#primaryimage\"},\"image\":{\"@id\":\"https:\/\/technofluid.it\/de\/produkt\/ferrotone-gel-codice-eferg7s-euromeci\/#primaryimage\"},\"thumbnailUrl\":\"https:\/\/technofluid.it\/wp-content\/uploads\/2026\/01\/700-Ferrotone-gel-codice-EFERG7S-Euromeci.jpg\",\"datePublished\":\"2025-10-25T00:01:40+00:00\",\"dateModified\":\"2026-04-15T10:01:04+00:00\",\"description\":\"Scopri Ferrotone Gel, il disincrostante nautica potente per rimuovere incrostazioni e ruggine. Facile da usare, agisce rapidamente. Provalo ora!\",\"breadcrumb\":{\"@id\":\"https:\/\/technofluid.it\/de\/produkt\/ferrotone-gel-codice-eferg7s-euromeci\/#breadcrumb\"},\"inLanguage\":\"fr-FR\",\"potentialAction\":[{\"@type\":\"ReadAction\",\"target\":[\"https:\/\/technofluid.it\/de\/produkt\/ferrotone-gel-codice-eferg7s-euromeci\/\"]}]},{\"@type\":\"ImageObject\",\"inLanguage\":\"fr-FR\",\"@id\":\"https:\/\/technofluid.it\/de\/produkt\/ferrotone-gel-codice-eferg7s-euromeci\/#primaryimage\",\"url\":\"https:\/\/technofluid.it\/wp-content\/uploads\/2026\/01\/700-Ferrotone-gel-codice-EFERG7S-Euromeci.jpg\",\"contentUrl\":\"https:\/\/technofluid.it\/wp-content\/uploads\/2026\/01\/700-Ferrotone-gel-codice-EFERG7S-Euromeci.jpg\",\"width\":800,\"height\":800,\"caption\":\"Prodotto Ferrotone gel, codice EFERG7S, disponibile da Euromeci.\"},{\"@type\":\"BreadcrumbList\",\"@id\":\"https:\/\/technofluid.it\/de\/produkt\/ferrotone-gel-codice-eferg7s-euromeci\/#breadcrumb\",\"itemListElement\":[{\"@type\":\"ListItem\",\"position\":1,\"name\":\"Home\",\"item\":\"https:\/\/technofluid.it\/\"},{\"@type\":\"ListItem\",\"position\":2,\"name\":\"Shop\",\"item\":\"https:\/\/technofluid.it\/shop\/\"},{\"@type\":\"ListItem\",\"position\":3,\"name\":\"Ferrotone gel &#8211; codice: EFERG7S &#8211; Euromeci\"}]},{\"@type\":\"WebSite\",\"@id\":\"https:\/\/technofluid.it\/#website\",\"url\":\"https:\/\/technofluid.it\/\",\"name\":\"Technofluid S.R.L.\",\"description\":\"Dal 1999 siamo specializzati nell&#039;impiantistica navale, idraulica, civile e industriale\",\"publisher\":{\"@id\":\"https:\/\/technofluid.it\/#organization\"},\"potentialAction\":[{\"@type\":\"SearchAction\",\"target\":{\"@type\":\"EntryPoint\",\"urlTemplate\":\"https:\/\/technofluid.it\/?s={search_term_string}\"},\"query-input\":{\"@type\":\"PropertyValueSpecification\",\"valueRequired\":true,\"valueName\":\"search_term_string\"}}],\"inLanguage\":\"fr-FR\"},{\"@type\":\"Organization\",\"@id\":\"https:\/\/technofluid.it\/#organization\",\"name\":\"Technofluid\",\"url\":\"https:\/\/technofluid.it\/\",\"logo\":{\"@type\":\"ImageObject\",\"inLanguage\":\"fr-FR\",\"@id\":\"https:\/\/technofluid.it\/#\/schema\/logo\/image\/\",\"url\":\"https:\/\/technofluid.it\/wp-content\/uploads\/2025\/12\/technofluid_bianco-logo.webp\",\"contentUrl\":\"https:\/\/technofluid.it\/wp-content\/uploads\/2025\/12\/technofluid_bianco-logo.webp\",\"width\":350,\"height\":116,\"caption\":\"Technofluid\"},\"image\":{\"@id\":\"https:\/\/technofluid.it\/#\/schema\/logo\/image\/\"},\"description\":\"La Technofluid S.r.l. nasce nel 1999 a Barcellona Pozzo di Gotto, in provincia di Messina, con l\u2019obiettivo di diventare un punto di riferimento nel settore dell\u2019impiantistica navale, idraulica, civile e industriale.\",\"email\":\"info@technofluid.it\",\"telephone\":\"0907386877\",\"legalName\":\"Technofluid S.R.L\",\"vatID\":\"IT03148240835\",\"taxID\":\"03148240835\",\"ownershipFundingInfo\":\"https:\/\/technofluid.it\/azienda\/\"}]}<\/script>\n<meta property=\"product:price:amount\" content=\"12.30\" \/>\n<meta property=\"product:price:currency\" content=\"EUR\" \/>\n<meta property=\"og:availability\" content=\"instock\" \/>\n<meta property=\"product:availability\" content=\"instock\" \/>\n<meta property=\"product:retailer_item_id\" content=\"EUR0000001\" \/>\n<meta property=\"product:condition\" content=\"new\" \/>\n<!-- \/ Yoast SEO Premium plugin. -->","yoast_head_json":{"title":"Ferrotone Gel : D\u00e9tartrant Nautique Fort et Efficace","description":"D\u00e9couvrez Ferrotone Gel, le d\u00e9tartrant nautique puissant pour \u00e9liminer les d\u00e9p\u00f4ts et la rouille. Facile \u00e0 utiliser, il agit rapidement. Essayez-le maintenant !","robots":{"index":"index","follow":"follow","max-snippet":"max-snippet:-1","max-image-preview":"max-image-preview:large","max-video-preview":"max-video-preview:-1"},"canonical":"https:\/\/technofluid.it\/fr\/produkt\/ferrotone-gel-codice-eferg7s-euromeci\/","og_locale":"fr_FR","og_type":"article","og_title":"Ferrotone gel - codice: EFERG7S - Euromeci","og_description":"Scopri Ferrotone Gel, il disincrostante nautica potente per rimuovere incrostazioni e ruggine. Facile da usare, agisce rapidamente. Provalo ora!","og_url":"https:\/\/technofluid.it\/fr\/produkt\/ferrotone-gel-codice-eferg7s-euromeci\/","og_site_name":"Technofluid","article_modified_time":"2026-04-15T10:01:04+00:00","og_image":[{"width":800,"height":800,"url":"https:\/\/technofluid.it\/wp-content\/uploads\/2026\/01\/700-Ferrotone-gel-codice-EFERG7S-Euromeci.jpg","type":"image\/jpeg"}],"twitter_card":"summary_large_image","twitter_misc":{"Prix":"12,30&nbsp;&euro; Iva esclusa","Disponibilit\u00e9":"En stock"},"schema":{"@context":"https:\/\/schema.org","@graph":[{"@type":"WebPage","@id":"https:\/\/technofluid.it\/de\/produkt\/ferrotone-gel-codice-eferg7s-euromeci\/","url":"https:\/\/technofluid.it\/de\/produkt\/ferrotone-gel-codice-eferg7s-euromeci\/","name":"Ferrotone Gel : D\u00e9tartrant Nautique Fort et Efficace","isPartOf":{"@id":"https:\/\/technofluid.it\/#website"},"primaryImageOfPage":{"@id":"https:\/\/technofluid.it\/de\/produkt\/ferrotone-gel-codice-eferg7s-euromeci\/#primaryimage"},"image":{"@id":"https:\/\/technofluid.it\/de\/produkt\/ferrotone-gel-codice-eferg7s-euromeci\/#primaryimage"},"thumbnailUrl":"https:\/\/technofluid.it\/wp-content\/uploads\/2026\/01\/700-Ferrotone-gel-codice-EFERG7S-Euromeci.jpg","datePublished":"2025-10-25T00:01:40+00:00","dateModified":"2026-04-15T10:01:04+00:00","description":"D\u00e9couvrez Ferrotone Gel, le d\u00e9tartrant nautique puissant pour \u00e9liminer les d\u00e9p\u00f4ts et la rouille. Facile \u00e0 utiliser, il agit rapidement. Essayez-le maintenant !","breadcrumb":{"@id":"https:\/\/technofluid.it\/de\/produkt\/ferrotone-gel-codice-eferg7s-euromeci\/#breadcrumb"},"inLanguage":"fr-FR","potentialAction":[{"@type":"ReadAction","target":["https:\/\/technofluid.it\/de\/produkt\/ferrotone-gel-codice-eferg7s-euromeci\/"]}]},{"@type":"ImageObject","inLanguage":"fr-FR","@id":"https:\/\/technofluid.it\/de\/produkt\/ferrotone-gel-codice-eferg7s-euromeci\/#primaryimage","url":"https:\/\/technofluid.it\/wp-content\/uploads\/2026\/01\/700-Ferrotone-gel-codice-EFERG7S-Euromeci.jpg","contentUrl":"https:\/\/technofluid.it\/wp-content\/uploads\/2026\/01\/700-Ferrotone-gel-codice-EFERG7S-Euromeci.jpg","width":800,"height":800,"caption":"Prodotto Ferrotone gel, codice EFERG7S, disponibile da Euromeci."},{"@type":"BreadcrumbList","@id":"https:\/\/technofluid.it\/de\/produkt\/ferrotone-gel-codice-eferg7s-euromeci\/#breadcrumb","itemListElement":[{"@type":"ListItem","position":1,"name":"Home","item":"https:\/\/technofluid.it\/"},{"@type":"ListItem","position":2,"name":"Shop","item":"https:\/\/technofluid.it\/shop\/"},{"@type":"ListItem","position":3,"name":"Ferrotone gel &#8211; codice: EFERG7S &#8211; Euromeci"}]},{"@type":"WebSite","@id":"https:\/\/technofluid.it\/#website","url":"https:\/\/technofluid.it\/","name":"Technofluid S.R.L.","description":"Depuis 1999, nous sommes sp\u00e9cialis\u00e9s dans les installations marines, de plomberie, civiles et industrielles.","publisher":{"@id":"https:\/\/technofluid.it\/#organization"},"potentialAction":[{"@type":"SearchAction","target":{"@type":"EntryPoint","urlTemplate":"https:\/\/technofluid.it\/?s={search_term_string}"},"query-input":{"@type":"PropertyValueSpecification","valueRequired":true,"valueName":"search_term_string"}}],"inLanguage":"fr-FR"},{"@type":"Organization","@id":"https:\/\/technofluid.it\/#organization","name":"Technofluid","url":"https:\/\/technofluid.it\/","logo":{"@type":"ImageObject","inLanguage":"fr-FR","@id":"https:\/\/technofluid.it\/#\/schema\/logo\/image\/","url":"https:\/\/technofluid.it\/wp-content\/uploads\/2025\/12\/technofluid_bianco-logo.webp","contentUrl":"https:\/\/technofluid.it\/wp-content\/uploads\/2025\/12\/technofluid_bianco-logo.webp","width":350,"height":116,"caption":"Technofluid"},"image":{"@id":"https:\/\/technofluid.it\/#\/schema\/logo\/image\/"},"description":"La Technofluid S.r.l. est n\u00e9e en 1999 \u00e0 Barcellona Pozzo di Gotto, dans la province de Messine, avec l'objectif de devenir un point de r\u00e9f\u00e9rence dans le secteur de l'installation navale, hydraulique, civile et industrielle.","email":"info@technofluid.it","telephone":"0907386877","legalName":"Technofluid S.R.L","vatID":"IT03148240835","taxID":"03148240835","ownershipFundingInfo":"https:\/\/technofluid.it\/azienda\/"}]},"product_price_amount":"12.30","product_price_currency":"EUR","og_availability":"instock","product_availability":"instock","product_retailer_item_id":"EUR0000001","product_condition":"new"},"_links":{"self":[{"href":"https:\/\/technofluid.it\/fr\/wp-json\/wp\/v2\/product\/29877","targetHints":{"allow":["GET"]}}],"collection":[{"href":"https:\/\/technofluid.it\/fr\/wp-json\/wp\/v2\/product"}],"about":[{"href":"https:\/\/technofluid.it\/fr\/wp-json\/wp\/v2\/types\/product"}],"replies":[{"embeddable":true,"href":"https:\/\/technofluid.it\/fr\/wp-json\/wp\/v2\/comments?post=29877"}],"version-history":[{"count":0,"href":"https:\/\/technofluid.it\/fr\/wp-json\/wp\/v2\/product\/29877\/revisions"}],"wp:featuredmedia":[{"embeddable":true,"href":"https:\/\/technofluid.it\/fr\/wp-json\/wp\/v2\/media\/38546"}],"wp:attachment":[{"href":"https:\/\/technofluid.it\/fr\/wp-json\/wp\/v2\/media?parent=29877"}],"wp:term":[{"taxonomy":"product_brand","embeddable":true,"href":"https:\/\/technofluid.it\/fr\/wp-json\/wp\/v2\/product_brand?post=29877"},{"taxonomy":"product_cat","embeddable":true,"href":"https:\/\/technofluid.it\/fr\/wp-json\/wp\/v2\/product_cat?post=29877"},{"taxonomy":"product_tag","embeddable":true,"href":"https:\/\/technofluid.it\/fr\/wp-json\/wp\/v2\/product_tag?post=29877"}],"curies":[{"name":"wp","href":"https:\/\/api.w.org\/{rel}","templated":true}]}}