{"id":29876,"date":"2025-10-25T00:01:40","date_gmt":"2025-10-25T00:01:40","guid":{"rendered":"https:\/\/technofluid.it\/prodotto\/ferrotone-1-l-codice-efer1-euromeci\/"},"modified":"2026-04-15T12:32:47","modified_gmt":"2026-04-15T11:32:47","slug":"ferrotone-1-l-codice-efer1-euromeci","status":"publish","type":"product","link":"https:\/\/technofluid.it\/fr\/produit\/ferrotone-1-l-code-efer1-euromeci\/","title":{"rendered":"Ferrotone 1 L \u2013 Code : EFER1 \u2013 Euromeci"},"content":{"rendered":"<p><b>FERROTONE <\/b>\u00e9limine les incrustations de calcaire, de sel et la rouille, sans attaquer les mat\u00e9riaux ni les<br \/>\npeintures.<\/p>\n<p>&nbsp;<\/p>\n<p>Appliquer \u00e0 l'\u00e9ponge, laisser agir 5 minutes et rincer pour \u00e9liminer la rouille de l'INOX et des<br \/>\nchromes. Appliquer en solution 1\/10 dans l'eau, frotter avec une brosse douce \u00e0 contre-fibres et<br \/>\nrincer, pour blanchir le teck. Appliquer \u00e0 l'\u00e9ponge, laisser agir 5 minutes et rincer pour \u00e9liminer<br \/>\nle jaunissement et les coulures de rouille du gel-coat. Faire circuler une solution 1\/5 \u2013 1\/10 dans l'eau pendant<br \/>\n15\/30 minutes pour d\u00e9tartrer les circuits de refroidissement et les \u00e9changeurs.<\/p>","protected":false},"excerpt":{"rendered":"<p><b><img decoding=\"async\" src=\"https:\/\/new.technofluid.it\/img\/cms\/th_1.jpg\" alt=\"\" width=\"149\" height=\"100\" \/><\/b><\/p>\n<p>&nbsp;<\/p>\n<p><b>FERROTONE\u00a0<\/b>\u00e9limine les incrustations de calcaire, de sel et la rouille, sans attaquer les mat\u00e9riaux ni les peintures.<\/p>","protected":false},"featured_media":38544,"comment_status":"open","ping_status":"closed","template":"","meta":{"_acf_changed":false,"_monsterinsights_skip_tracking":false,"_monsterinsights_sitenote_active":false,"_monsterinsights_sitenote_note":"","_monsterinsights_sitenote_category":0,"site-sidebar-layout":"default","site-content-layout":"","ast-site-content-layout":"default","site-content-style":"default","site-sidebar-style":"default","ast-global-header-display":"","ast-banner-title-visibility":"","ast-main-header-display":"","ast-hfb-above-header-display":"","ast-hfb-below-header-display":"","ast-hfb-mobile-header-display":"","site-post-title":"","ast-breadcrumbs-content":"","ast-featured-img":"","footer-sml-layout":"","ast-disable-related-posts":"","theme-transparent-header-meta":"default","adv-header-id-meta":"","stick-header-meta":"","header-above-stick-meta":"","header-main-stick-meta":"","header-below-stick-meta":"","astra-migrate-meta-layouts":"set","ast-page-background-enabled":"default","ast-page-background-meta":{"desktop":{"background-color":"var(--ast-global-color-5)","background-image":"","background-repeat":"repeat","background-position":"center center","background-size":"auto","background-attachment":"scroll","background-type":"","background-media":"","overlay-type":"","overlay-color":"","overlay-opacity":"","overlay-gradient":""},"tablet":{"background-color":"","background-image":"","background-repeat":"repeat","background-position":"center center","background-size":"auto","background-attachment":"scroll","background-type":"","background-media":"","overlay-type":"","overlay-color":"","overlay-opacity":"","overlay-gradient":""},"mobile":{"background-color":"","background-image":"","background-repeat":"repeat","background-position":"center center","background-size":"auto","background-attachment":"scroll","background-type":"","background-media":"","overlay-type":"","overlay-color":"","overlay-opacity":"","overlay-gradient":""}},"ast-content-background-meta":{"desktop":{"background-color":"var(--ast-global-color-4)","background-image":"","background-repeat":"repeat","background-position":"center center","background-size":"auto","background-attachment":"scroll","background-type":"","background-media":"","overlay-type":"","overlay-color":"","overlay-opacity":"","overlay-gradient":""},"tablet":{"background-color":"var(--ast-global-color-4)","background-image":"","background-repeat":"repeat","background-position":"center center","background-size":"auto","background-attachment":"scroll","background-type":"","background-media":"","overlay-type":"","overlay-color":"","overlay-opacity":"","overlay-gradient":""},"mobile":{"background-color":"var(--ast-global-color-4)","background-image":"","background-repeat":"repeat","background-position":"center center","background-size":"auto","background-attachment":"scroll","background-type":"","background-media":"","overlay-type":"","overlay-color":"","overlay-opacity":"","overlay-gradient":""}}},"product_brand":[],"product_cat":[335,78],"product_tag":[4701,3639],"class_list":{"0":"post-29876","1":"product","2":"type-product","3":"status-publish","4":"has-post-thumbnail","6":"product_cat-lucidatura-e-pulizia","7":"product_cat-manutenzione-barca","8":"product_tag-manutenzione-barca","9":"product_tag-pulizia-barca","10":"pa_supplier-basso-ryland-azienda-vernici-affini-b-r-a-v-a-srl","11":"desktop-align-left","12":"tablet-align-left","13":"mobile-align-left","15":"first","16":"instock","17":"taxable","18":"shipping-taxable","19":"purchasable","20":"product-type-simple"},"acf":[],"yoast_head":"<!-- This site is optimized with the Yoast SEO Premium plugin v26.7 (Yoast SEO v26.9) - https:\/\/yoast.com\/product\/yoast-seo-premium-wordpress\/ -->\n<title>Ferrotone 1 L: eliminare ruggine e calcare efficacemente<\/title>\n<meta name=\"description\" content=\"Scopri Ferrotone 1 L per eliminare ruggine e calcare senza danneggiare superfici. Facile da usare, risultati garantiti. Acquista ora!\" \/>\n<meta name=\"robots\" content=\"index, follow, max-snippet:-1, max-image-preview:large, max-video-preview:-1\" \/>\n<link rel=\"canonical\" href=\"https:\/\/technofluid.it\/fr\/produkt\/ferrotone-1-l-codice-efer1-euromeci\/\" \/>\n<meta property=\"og:locale\" content=\"fr_FR\" \/>\n<meta property=\"og:type\" content=\"article\" \/>\n<meta property=\"og:title\" content=\"Ferrotone 1 L - Codice: EFER1 - Euromeci\" \/>\n<meta property=\"og:description\" content=\"Scopri Ferrotone 1 L per eliminare ruggine e calcare senza danneggiare superfici. Facile da usare, risultati garantiti. Acquista ora!\" \/>\n<meta property=\"og:url\" content=\"https:\/\/technofluid.it\/fr\/produkt\/ferrotone-1-l-codice-efer1-euromeci\/\" \/>\n<meta property=\"og:site_name\" content=\"Technofluid\" \/>\n<meta property=\"article:modified_time\" content=\"2026-04-15T11:32:47+00:00\" \/>\n<meta property=\"og:image\" content=\"https:\/\/technofluid.it\/wp-content\/uploads\/2026\/01\/695-Ferrotone-1-L-Codice-EFER1-Euromeci.jpg\" \/>\n\t<meta property=\"og:image:width\" content=\"512\" \/>\n\t<meta property=\"og:image:height\" content=\"512\" \/>\n\t<meta property=\"og:image:type\" content=\"image\/jpeg\" \/>\n<meta name=\"twitter:card\" content=\"summary_large_image\" \/>\n<meta name=\"twitter:label1\" content=\"Prix\" \/>\n\t<meta name=\"twitter:data1\" content=\"12,30&nbsp;&euro; Iva esclusa\" \/>\n\t<meta name=\"twitter:label2\" content=\"Disponibilit\u00e9\" \/>\n\t<meta name=\"twitter:data2\" content=\"En stock\" \/>\n<script type=\"application\/ld+json\" class=\"yoast-schema-graph\">{\"@context\":\"https:\/\/schema.org\",\"@graph\":[{\"@type\":\"WebPage\",\"@id\":\"https:\/\/technofluid.it\/de\/produkt\/ferrotone-1-l-codice-efer1-euromeci\/\",\"url\":\"https:\/\/technofluid.it\/de\/produkt\/ferrotone-1-l-codice-efer1-euromeci\/\",\"name\":\"Ferrotone 1 L: eliminare ruggine e calcare efficacemente\",\"isPartOf\":{\"@id\":\"https:\/\/technofluid.it\/#website\"},\"primaryImageOfPage\":{\"@id\":\"https:\/\/technofluid.it\/de\/produkt\/ferrotone-1-l-codice-efer1-euromeci\/#primaryimage\"},\"image\":{\"@id\":\"https:\/\/technofluid.it\/de\/produkt\/ferrotone-1-l-codice-efer1-euromeci\/#primaryimage\"},\"thumbnailUrl\":\"https:\/\/technofluid.it\/wp-content\/uploads\/2026\/01\/695-Ferrotone-1-L-Codice-EFER1-Euromeci.jpg\",\"datePublished\":\"2025-10-25T00:01:40+00:00\",\"dateModified\":\"2026-04-15T11:32:47+00:00\",\"description\":\"Scopri Ferrotone 1 L per eliminare ruggine e calcare senza danneggiare superfici. Facile da usare, risultati garantiti. Acquista ora!\",\"breadcrumb\":{\"@id\":\"https:\/\/technofluid.it\/de\/produkt\/ferrotone-1-l-codice-efer1-euromeci\/#breadcrumb\"},\"inLanguage\":\"fr-FR\",\"potentialAction\":[{\"@type\":\"ReadAction\",\"target\":[\"https:\/\/technofluid.it\/de\/produkt\/ferrotone-1-l-codice-efer1-euromeci\/\"]}]},{\"@type\":\"ImageObject\",\"inLanguage\":\"fr-FR\",\"@id\":\"https:\/\/technofluid.it\/de\/produkt\/ferrotone-1-l-codice-efer1-euromeci\/#primaryimage\",\"url\":\"https:\/\/technofluid.it\/wp-content\/uploads\/2026\/01\/695-Ferrotone-1-L-Codice-EFER1-Euromeci.jpg\",\"contentUrl\":\"https:\/\/technofluid.it\/wp-content\/uploads\/2026\/01\/695-Ferrotone-1-L-Codice-EFER1-Euromeci.jpg\",\"width\":512,\"height\":512,\"caption\":\"Prodotto per la rimozione di incrostazioni e ossidazioni da impianti idraulici e caldaie.\"},{\"@type\":\"BreadcrumbList\",\"@id\":\"https:\/\/technofluid.it\/de\/produkt\/ferrotone-1-l-codice-efer1-euromeci\/#breadcrumb\",\"itemListElement\":[{\"@type\":\"ListItem\",\"position\":1,\"name\":\"Home\",\"item\":\"https:\/\/technofluid.it\/\"},{\"@type\":\"ListItem\",\"position\":2,\"name\":\"Shop\",\"item\":\"https:\/\/technofluid.it\/shop\/\"},{\"@type\":\"ListItem\",\"position\":3,\"name\":\"Ferrotone 1 L &#8211; Codice: EFER1 &#8211; Euromeci\"}]},{\"@type\":\"WebSite\",\"@id\":\"https:\/\/technofluid.it\/#website\",\"url\":\"https:\/\/technofluid.it\/\",\"name\":\"Technofluid S.R.L.\",\"description\":\"Dal 1999 siamo specializzati nell&#039;impiantistica navale, idraulica, civile e industriale\",\"publisher\":{\"@id\":\"https:\/\/technofluid.it\/#organization\"},\"potentialAction\":[{\"@type\":\"SearchAction\",\"target\":{\"@type\":\"EntryPoint\",\"urlTemplate\":\"https:\/\/technofluid.it\/?s={search_term_string}\"},\"query-input\":{\"@type\":\"PropertyValueSpecification\",\"valueRequired\":true,\"valueName\":\"search_term_string\"}}],\"inLanguage\":\"fr-FR\"},{\"@type\":\"Organization\",\"@id\":\"https:\/\/technofluid.it\/#organization\",\"name\":\"Technofluid\",\"url\":\"https:\/\/technofluid.it\/\",\"logo\":{\"@type\":\"ImageObject\",\"inLanguage\":\"fr-FR\",\"@id\":\"https:\/\/technofluid.it\/#\/schema\/logo\/image\/\",\"url\":\"https:\/\/technofluid.it\/wp-content\/uploads\/2025\/12\/technofluid_bianco-logo.webp\",\"contentUrl\":\"https:\/\/technofluid.it\/wp-content\/uploads\/2025\/12\/technofluid_bianco-logo.webp\",\"width\":350,\"height\":116,\"caption\":\"Technofluid\"},\"image\":{\"@id\":\"https:\/\/technofluid.it\/#\/schema\/logo\/image\/\"},\"description\":\"La Technofluid S.r.l. nasce nel 1999 a Barcellona Pozzo di Gotto, in provincia di Messina, con l\u2019obiettivo di diventare un punto di riferimento nel settore dell\u2019impiantistica navale, idraulica, civile e industriale.\",\"email\":\"info@technofluid.it\",\"telephone\":\"0907386877\",\"legalName\":\"Technofluid S.R.L\",\"vatID\":\"IT03148240835\",\"taxID\":\"03148240835\",\"ownershipFundingInfo\":\"https:\/\/technofluid.it\/azienda\/\"}]}<\/script>\n<meta property=\"product:price:amount\" content=\"12.30\" \/>\n<meta property=\"product:price:currency\" content=\"EUR\" \/>\n<meta property=\"og:availability\" content=\"instock\" \/>\n<meta property=\"product:availability\" content=\"instock\" \/>\n<meta property=\"product:retailer_item_id\" content=\"EUR0000002\" \/>\n<meta property=\"product:condition\" content=\"new\" \/>\n<!-- \/ Yoast SEO Premium plugin. -->","yoast_head_json":{"title":"Ferrotone 1 L : \u00e9liminer efficacement la rouille et le calcaire","description":"D\u00e9couvrez Ferrotone 1 L pour \u00e9liminer la rouille et le calcaire sans ab\u00eemer les surfaces. Facile \u00e0 utiliser, r\u00e9sultats garantis. Achetez maintenant !","robots":{"index":"index","follow":"follow","max-snippet":"max-snippet:-1","max-image-preview":"max-image-preview:large","max-video-preview":"max-video-preview:-1"},"canonical":"https:\/\/technofluid.it\/fr\/produkt\/ferrotone-1-l-codice-efer1-euromeci\/","og_locale":"fr_FR","og_type":"article","og_title":"Ferrotone 1 L - Codice: EFER1 - Euromeci","og_description":"Scopri Ferrotone 1 L per eliminare ruggine e calcare senza danneggiare superfici. Facile da usare, risultati garantiti. Acquista ora!","og_url":"https:\/\/technofluid.it\/fr\/produkt\/ferrotone-1-l-codice-efer1-euromeci\/","og_site_name":"Technofluid","article_modified_time":"2026-04-15T11:32:47+00:00","og_image":[{"width":512,"height":512,"url":"https:\/\/technofluid.it\/wp-content\/uploads\/2026\/01\/695-Ferrotone-1-L-Codice-EFER1-Euromeci.jpg","type":"image\/jpeg"}],"twitter_card":"summary_large_image","twitter_misc":{"Prix":"12,30&nbsp;&euro; Iva esclusa","Disponibilit\u00e9":"En stock"},"schema":{"@context":"https:\/\/schema.org","@graph":[{"@type":"WebPage","@id":"https:\/\/technofluid.it\/de\/produkt\/ferrotone-1-l-codice-efer1-euromeci\/","url":"https:\/\/technofluid.it\/de\/produkt\/ferrotone-1-l-codice-efer1-euromeci\/","name":"Ferrotone 1 L : \u00e9liminer efficacement la rouille et le calcaire","isPartOf":{"@id":"https:\/\/technofluid.it\/#website"},"primaryImageOfPage":{"@id":"https:\/\/technofluid.it\/de\/produkt\/ferrotone-1-l-codice-efer1-euromeci\/#primaryimage"},"image":{"@id":"https:\/\/technofluid.it\/de\/produkt\/ferrotone-1-l-codice-efer1-euromeci\/#primaryimage"},"thumbnailUrl":"https:\/\/technofluid.it\/wp-content\/uploads\/2026\/01\/695-Ferrotone-1-L-Codice-EFER1-Euromeci.jpg","datePublished":"2025-10-25T00:01:40+00:00","dateModified":"2026-04-15T11:32:47+00:00","description":"D\u00e9couvrez Ferrotone 1 L pour \u00e9liminer la rouille et le calcaire sans ab\u00eemer les surfaces. Facile \u00e0 utiliser, r\u00e9sultats garantis. Achetez maintenant !","breadcrumb":{"@id":"https:\/\/technofluid.it\/de\/produkt\/ferrotone-1-l-codice-efer1-euromeci\/#breadcrumb"},"inLanguage":"fr-FR","potentialAction":[{"@type":"ReadAction","target":["https:\/\/technofluid.it\/de\/produkt\/ferrotone-1-l-codice-efer1-euromeci\/"]}]},{"@type":"ImageObject","inLanguage":"fr-FR","@id":"https:\/\/technofluid.it\/de\/produkt\/ferrotone-1-l-codice-efer1-euromeci\/#primaryimage","url":"https:\/\/technofluid.it\/wp-content\/uploads\/2026\/01\/695-Ferrotone-1-L-Codice-EFER1-Euromeci.jpg","contentUrl":"https:\/\/technofluid.it\/wp-content\/uploads\/2026\/01\/695-Ferrotone-1-L-Codice-EFER1-Euromeci.jpg","width":512,"height":512,"caption":"Prodotto per la rimozione di incrostazioni e ossidazioni da impianti idraulici e caldaie."},{"@type":"BreadcrumbList","@id":"https:\/\/technofluid.it\/de\/produkt\/ferrotone-1-l-codice-efer1-euromeci\/#breadcrumb","itemListElement":[{"@type":"ListItem","position":1,"name":"Home","item":"https:\/\/technofluid.it\/"},{"@type":"ListItem","position":2,"name":"Shop","item":"https:\/\/technofluid.it\/shop\/"},{"@type":"ListItem","position":3,"name":"Ferrotone 1 L &#8211; Codice: EFER1 &#8211; Euromeci"}]},{"@type":"WebSite","@id":"https:\/\/technofluid.it\/#website","url":"https:\/\/technofluid.it\/","name":"Technofluid S.R.L.","description":"Depuis 1999, nous sommes sp\u00e9cialis\u00e9s dans les installations marines, de plomberie, civiles et industrielles.","publisher":{"@id":"https:\/\/technofluid.it\/#organization"},"potentialAction":[{"@type":"SearchAction","target":{"@type":"EntryPoint","urlTemplate":"https:\/\/technofluid.it\/?s={search_term_string}"},"query-input":{"@type":"PropertyValueSpecification","valueRequired":true,"valueName":"search_term_string"}}],"inLanguage":"fr-FR"},{"@type":"Organization","@id":"https:\/\/technofluid.it\/#organization","name":"Technofluid","url":"https:\/\/technofluid.it\/","logo":{"@type":"ImageObject","inLanguage":"fr-FR","@id":"https:\/\/technofluid.it\/#\/schema\/logo\/image\/","url":"https:\/\/technofluid.it\/wp-content\/uploads\/2025\/12\/technofluid_bianco-logo.webp","contentUrl":"https:\/\/technofluid.it\/wp-content\/uploads\/2025\/12\/technofluid_bianco-logo.webp","width":350,"height":116,"caption":"Technofluid"},"image":{"@id":"https:\/\/technofluid.it\/#\/schema\/logo\/image\/"},"description":"La Technofluid S.r.l. est n\u00e9e en 1999 \u00e0 Barcellona Pozzo di Gotto, dans la province de Messine, avec l'objectif de devenir un point de r\u00e9f\u00e9rence dans le secteur de l'installation navale, hydraulique, civile et industrielle.","email":"info@technofluid.it","telephone":"0907386877","legalName":"Technofluid S.R.L","vatID":"IT03148240835","taxID":"03148240835","ownershipFundingInfo":"https:\/\/technofluid.it\/azienda\/"}]},"product_price_amount":"12.30","product_price_currency":"EUR","og_availability":"instock","product_availability":"instock","product_retailer_item_id":"EUR0000002","product_condition":"new"},"_links":{"self":[{"href":"https:\/\/technofluid.it\/fr\/wp-json\/wp\/v2\/product\/29876","targetHints":{"allow":["GET"]}}],"collection":[{"href":"https:\/\/technofluid.it\/fr\/wp-json\/wp\/v2\/product"}],"about":[{"href":"https:\/\/technofluid.it\/fr\/wp-json\/wp\/v2\/types\/product"}],"replies":[{"embeddable":true,"href":"https:\/\/technofluid.it\/fr\/wp-json\/wp\/v2\/comments?post=29876"}],"version-history":[{"count":0,"href":"https:\/\/technofluid.it\/fr\/wp-json\/wp\/v2\/product\/29876\/revisions"}],"wp:featuredmedia":[{"embeddable":true,"href":"https:\/\/technofluid.it\/fr\/wp-json\/wp\/v2\/media\/38544"}],"wp:attachment":[{"href":"https:\/\/technofluid.it\/fr\/wp-json\/wp\/v2\/media?parent=29876"}],"wp:term":[{"taxonomy":"product_brand","embeddable":true,"href":"https:\/\/technofluid.it\/fr\/wp-json\/wp\/v2\/product_brand?post=29876"},{"taxonomy":"product_cat","embeddable":true,"href":"https:\/\/technofluid.it\/fr\/wp-json\/wp\/v2\/product_cat?post=29876"},{"taxonomy":"product_tag","embeddable":true,"href":"https:\/\/technofluid.it\/fr\/wp-json\/wp\/v2\/product_tag?post=29876"}],"curies":[{"name":"wp","href":"https:\/\/api.w.org\/{rel}","templated":true}]}}