{"id":29860,"date":"2025-10-25T00:01:38","date_gmt":"2025-10-25T00:01:38","guid":{"rendered":"https:\/\/technofluid.it\/prodotto\/fascette-inox-norma-mm-12-22-codice-fai0012022-toscogomma\/"},"modified":"2026-04-16T11:52:35","modified_gmt":"2026-04-16T10:52:35","slug":"fascette-inox-norma-1222-mm-codice-fai0012022-toscogomma","status":"publish","type":"product","link":"https:\/\/technofluid.it\/fr\/produit\/colliers-inox-norma-1222-mm-code-fai0012022-toscogomma\/","title":{"rendered":"Colliers inox Norma 12\u201322 mm \u2013 code : FAI0012022 \u2013 Toscogomma"},"content":{"rendered":"<p>Les colliers de la s\u00e9rie TORRO sont fabriqu\u00e9s avec une bande solide et des bords arrondis pour \u00e9viter d'endommager les tuyaux. La conception du chariot de la vis assure une r\u00e9partition uniforme de la force appliqu\u00e9e radialement. Le mat\u00e9riau dans lequel le collier est fabriqu\u00e9 et la plage de serrage sont clairement indiqu\u00e9s sur la bande. Les colliers de serrage TORRO sont largement utilis\u00e9s dans la production de v\u00e9hicules \u00e0 2 et 4 roues, de v\u00e9hicules sp\u00e9ciaux, de machines agricoles, de bateaux, d'installations techniques et d'applications industrielles en g\u00e9n\u00e9ral.<\/p>","protected":false},"excerpt":{"rendered":"<p><strong>MM 12-22<\/strong><\/p>","protected":false},"featured_media":38505,"comment_status":"open","ping_status":"closed","template":"","meta":{"_acf_changed":false,"_monsterinsights_skip_tracking":false,"_monsterinsights_sitenote_active":false,"_monsterinsights_sitenote_note":"","_monsterinsights_sitenote_category":0,"site-sidebar-layout":"default","site-content-layout":"","ast-site-content-layout":"default","site-content-style":"default","site-sidebar-style":"default","ast-global-header-display":"","ast-banner-title-visibility":"","ast-main-header-display":"","ast-hfb-above-header-display":"","ast-hfb-below-header-display":"","ast-hfb-mobile-header-display":"","site-post-title":"","ast-breadcrumbs-content":"","ast-featured-img":"","footer-sml-layout":"","ast-disable-related-posts":"","theme-transparent-header-meta":"default","adv-header-id-meta":"","stick-header-meta":"","header-above-stick-meta":"","header-main-stick-meta":"","header-below-stick-meta":"","astra-migrate-meta-layouts":"set","ast-page-background-enabled":"default","ast-page-background-meta":{"desktop":{"background-color":"var(--ast-global-color-5)","background-image":"","background-repeat":"repeat","background-position":"center center","background-size":"auto","background-attachment":"scroll","background-type":"","background-media":"","overlay-type":"","overlay-color":"","overlay-opacity":"","overlay-gradient":""},"tablet":{"background-color":"","background-image":"","background-repeat":"repeat","background-position":"center center","background-size":"auto","background-attachment":"scroll","background-type":"","background-media":"","overlay-type":"","overlay-color":"","overlay-opacity":"","overlay-gradient":""},"mobile":{"background-color":"","background-image":"","background-repeat":"repeat","background-position":"center center","background-size":"auto","background-attachment":"scroll","background-type":"","background-media":"","overlay-type":"","overlay-color":"","overlay-opacity":"","overlay-gradient":""}},"ast-content-background-meta":{"desktop":{"background-color":"var(--ast-global-color-4)","background-image":"","background-repeat":"repeat","background-position":"center center","background-size":"auto","background-attachment":"scroll","background-type":"","background-media":"","overlay-type":"","overlay-color":"","overlay-opacity":"","overlay-gradient":""},"tablet":{"background-color":"var(--ast-global-color-4)","background-image":"","background-repeat":"repeat","background-position":"center center","background-size":"auto","background-attachment":"scroll","background-type":"","background-media":"","overlay-type":"","overlay-color":"","overlay-opacity":"","overlay-gradient":""},"mobile":{"background-color":"var(--ast-global-color-4)","background-image":"","background-repeat":"repeat","background-position":"center center","background-size":"auto","background-attachment":"scroll","background-type":"","background-media":"","overlay-type":"","overlay-color":"","overlay-opacity":"","overlay-gradient":""}}},"product_brand":[],"product_cat":[84,1038],"product_tag":[],"class_list":{"0":"post-29860","1":"product","2":"type-product","3":"status-publish","4":"has-post-thumbnail","6":"product_cat-idraulica-e-ferramenta","7":"product_cat-fascette","8":"pa_supplier-toscogomma-2-0-dei-f-lli-fiorini-snc","9":"desktop-align-left","10":"tablet-align-left","11":"mobile-align-left","13":"first","14":"instock","15":"taxable","16":"shipping-taxable","17":"purchasable","18":"product-type-simple"},"acf":[],"yoast_head":"<!-- This site is optimized with the Yoast SEO Premium plugin v26.7 (Yoast SEO v26.9) - https:\/\/yoast.com\/product\/yoast-seo-premium-wordpress\/ -->\n<title>Fascette inox Norma 12\u201322 mm: qualit\u00e0 e resistenza<\/title>\n<meta name=\"description\" content=\"Scopri le fascette inox Norma 12\u201322 mm, ideali per tubazioni e veicoli. Acquista ora fascette resistenti e sicure su Toscogomma!\" \/>\n<meta name=\"robots\" content=\"index, follow, max-snippet:-1, max-image-preview:large, max-video-preview:-1\" \/>\n<link rel=\"canonical\" href=\"https:\/\/technofluid.it\/fr\/produit\/colliers-inox-norma-1222-mm-code-fai0012022-toscogomma\/\" \/>\n<meta property=\"og:locale\" content=\"fr_FR\" \/>\n<meta property=\"og:type\" content=\"article\" \/>\n<meta property=\"og:title\" content=\"Fascette inox Norma 12&ndash;22 mm &ndash; codice: FAI0012022 &ndash; Toscogomma\" \/>\n<meta property=\"og:description\" content=\"Scopri le fascette inox Norma 12\u201322 mm, ideali per tubazioni e veicoli. Acquista ora fascette resistenti e sicure su Toscogomma!\" \/>\n<meta property=\"og:url\" content=\"https:\/\/technofluid.it\/fr\/produit\/colliers-inox-norma-1222-mm-code-fai0012022-toscogomma\/\" \/>\n<meta property=\"og:site_name\" content=\"Technofluid\" \/>\n<meta property=\"article:modified_time\" content=\"2026-04-16T10:52:35+00:00\" \/>\n<meta property=\"og:image\" content=\"https:\/\/technofluid.it\/wp-content\/uploads\/2026\/01\/246-FASCETTE-INOX-NORMA-MM-12-22-CODICE-FAI0012022-TOSCOGOMMA.jpg\" \/>\n\t<meta property=\"og:image:width\" content=\"800\" \/>\n\t<meta property=\"og:image:height\" content=\"800\" \/>\n\t<meta property=\"og:image:type\" content=\"image\/jpeg\" \/>\n<meta name=\"twitter:card\" content=\"summary_large_image\" \/>\n<meta name=\"twitter:label1\" content=\"Prix\" \/>\n\t<meta name=\"twitter:data1\" content=\"0,84&nbsp;&euro; Iva esclusa\" \/>\n\t<meta name=\"twitter:label2\" content=\"Disponibilit\u00e9\" \/>\n\t<meta name=\"twitter:data2\" content=\"En stock\" \/>\n<script type=\"application\/ld+json\" class=\"yoast-schema-graph\">{\"@context\":\"https:\/\/schema.org\",\"@graph\":[{\"@type\":\"WebPage\",\"@id\":\"https:\/\/technofluid.it\/prodotto\/fascette-inox-norma-1222-mm-codice-fai0012022-toscogomma\/\",\"url\":\"https:\/\/technofluid.it\/prodotto\/fascette-inox-norma-1222-mm-codice-fai0012022-toscogomma\/\",\"name\":\"Fascette inox Norma 12\u201322 mm: qualit\u00e0 e resistenza\",\"isPartOf\":{\"@id\":\"https:\/\/technofluid.it\/#website\"},\"primaryImageOfPage\":{\"@id\":\"https:\/\/technofluid.it\/prodotto\/fascette-inox-norma-1222-mm-codice-fai0012022-toscogomma\/#primaryimage\"},\"image\":{\"@id\":\"https:\/\/technofluid.it\/prodotto\/fascette-inox-norma-1222-mm-codice-fai0012022-toscogomma\/#primaryimage\"},\"thumbnailUrl\":\"https:\/\/technofluid.it\/wp-content\/uploads\/2026\/01\/246-FASCETTE-INOX-NORMA-MM-12-22-CODICE-FAI0012022-TOSCOGOMMA.jpg\",\"datePublished\":\"2025-10-25T00:01:38+00:00\",\"dateModified\":\"2026-04-16T10:52:35+00:00\",\"description\":\"Scopri le fascette inox Norma 12\u201322 mm, ideali per tubazioni e veicoli. Acquista ora fascette resistenti e sicure su Toscogomma!\",\"breadcrumb\":{\"@id\":\"https:\/\/technofluid.it\/prodotto\/fascette-inox-norma-1222-mm-codice-fai0012022-toscogomma\/#breadcrumb\"},\"inLanguage\":\"fr-FR\",\"potentialAction\":[{\"@type\":\"ReadAction\",\"target\":[\"https:\/\/technofluid.it\/prodotto\/fascette-inox-norma-1222-mm-codice-fai0012022-toscogomma\/\"]}]},{\"@type\":\"ImageObject\",\"inLanguage\":\"fr-FR\",\"@id\":\"https:\/\/technofluid.it\/prodotto\/fascette-inox-norma-1222-mm-codice-fai0012022-toscogomma\/#primaryimage\",\"url\":\"https:\/\/technofluid.it\/wp-content\/uploads\/2026\/01\/246-FASCETTE-INOX-NORMA-MM-12-22-CODICE-FAI0012022-TOSCOGOMMA.jpg\",\"contentUrl\":\"https:\/\/technofluid.it\/wp-content\/uploads\/2026\/01\/246-FASCETTE-INOX-NORMA-MM-12-22-CODICE-FAI0012022-TOSCOGOMMA.jpg\",\"width\":800,\"height\":800,\"caption\":\"Fascetta inox per tubi, ideale per applicazioni di sicurezza e durabilit\u00e0, codice FAI0012022.\"},{\"@type\":\"BreadcrumbList\",\"@id\":\"https:\/\/technofluid.it\/prodotto\/fascette-inox-norma-1222-mm-codice-fai0012022-toscogomma\/#breadcrumb\",\"itemListElement\":[{\"@type\":\"ListItem\",\"position\":1,\"name\":\"Home\",\"item\":\"https:\/\/technofluid.it\/\"},{\"@type\":\"ListItem\",\"position\":2,\"name\":\"Shop\",\"item\":\"https:\/\/technofluid.it\/shop\/\"},{\"@type\":\"ListItem\",\"position\":3,\"name\":\"Fascette inox Norma 12&ndash;22 mm &ndash; codice: FAI0012022 &ndash; Toscogomma\"}]},{\"@type\":\"WebSite\",\"@id\":\"https:\/\/technofluid.it\/#website\",\"url\":\"https:\/\/technofluid.it\/\",\"name\":\"Technofluid S.R.L.\",\"description\":\"Dal 1999 siamo specializzati nell&#039;impiantistica navale, idraulica, civile e industriale\",\"publisher\":{\"@id\":\"https:\/\/technofluid.it\/#organization\"},\"potentialAction\":[{\"@type\":\"SearchAction\",\"target\":{\"@type\":\"EntryPoint\",\"urlTemplate\":\"https:\/\/technofluid.it\/?s={search_term_string}\"},\"query-input\":{\"@type\":\"PropertyValueSpecification\",\"valueRequired\":true,\"valueName\":\"search_term_string\"}}],\"inLanguage\":\"fr-FR\"},{\"@type\":\"Organization\",\"@id\":\"https:\/\/technofluid.it\/#organization\",\"name\":\"Technofluid\",\"url\":\"https:\/\/technofluid.it\/\",\"logo\":{\"@type\":\"ImageObject\",\"inLanguage\":\"fr-FR\",\"@id\":\"https:\/\/technofluid.it\/#\/schema\/logo\/image\/\",\"url\":\"https:\/\/technofluid.it\/wp-content\/uploads\/2025\/12\/technofluid_bianco-logo.webp\",\"contentUrl\":\"https:\/\/technofluid.it\/wp-content\/uploads\/2025\/12\/technofluid_bianco-logo.webp\",\"width\":350,\"height\":116,\"caption\":\"Technofluid\"},\"image\":{\"@id\":\"https:\/\/technofluid.it\/#\/schema\/logo\/image\/\"},\"description\":\"La Technofluid S.r.l. nasce nel 1999 a Barcellona Pozzo di Gotto, in provincia di Messina, con l\u2019obiettivo di diventare un punto di riferimento nel settore dell\u2019impiantistica navale, idraulica, civile e industriale.\",\"email\":\"info@technofluid.it\",\"telephone\":\"0907386877\",\"legalName\":\"Technofluid S.R.L\",\"vatID\":\"IT03148240835\",\"taxID\":\"03148240835\",\"ownershipFundingInfo\":\"https:\/\/technofluid.it\/azienda\/\"}]}<\/script>\n<meta property=\"product:price:amount\" content=\"0.84\" \/>\n<meta property=\"product:price:currency\" content=\"EUR\" \/>\n<meta property=\"og:availability\" content=\"instock\" \/>\n<meta property=\"product:availability\" content=\"instock\" \/>\n<meta property=\"product:retailer_item_id\" content=\"TOSCO0000033\" \/>\n<meta property=\"product:condition\" content=\"new\" \/>\n<!-- \/ Yoast SEO Premium plugin. -->","yoast_head_json":{"title":"Colliers inox Norma 12\u201322 mm : qualit\u00e9 et r\u00e9sistance","description":"D\u00e9couvrez les colliers inox Norma 12\u201322 mm, id\u00e9aux pour les tuyauteries et les v\u00e9hicules. Achetez maintenant des colliers r\u00e9sistants et s\u00fbrs sur Toscogomma !","robots":{"index":"index","follow":"follow","max-snippet":"max-snippet:-1","max-image-preview":"max-image-preview:large","max-video-preview":"max-video-preview:-1"},"canonical":"https:\/\/technofluid.it\/fr\/produit\/colliers-inox-norma-1222-mm-code-fai0012022-toscogomma\/","og_locale":"fr_FR","og_type":"article","og_title":"Fascette inox Norma 12&ndash;22 mm &ndash; codice: FAI0012022 &ndash; Toscogomma","og_description":"Scopri le fascette inox Norma 12\u201322 mm, ideali per tubazioni e veicoli. Acquista ora fascette resistenti e sicure su Toscogomma!","og_url":"https:\/\/technofluid.it\/fr\/produit\/colliers-inox-norma-1222-mm-code-fai0012022-toscogomma\/","og_site_name":"Technofluid","article_modified_time":"2026-04-16T10:52:35+00:00","og_image":[{"width":800,"height":800,"url":"https:\/\/technofluid.it\/wp-content\/uploads\/2026\/01\/246-FASCETTE-INOX-NORMA-MM-12-22-CODICE-FAI0012022-TOSCOGOMMA.jpg","type":"image\/jpeg"}],"twitter_card":"summary_large_image","twitter_misc":{"Prix":"0,84&nbsp;&euro; Iva esclusa","Disponibilit\u00e9":"En stock"},"schema":{"@context":"https:\/\/schema.org","@graph":[{"@type":"WebPage","@id":"https:\/\/technofluid.it\/prodotto\/fascette-inox-norma-1222-mm-codice-fai0012022-toscogomma\/","url":"https:\/\/technofluid.it\/prodotto\/fascette-inox-norma-1222-mm-codice-fai0012022-toscogomma\/","name":"Colliers inox Norma 12\u201322 mm : qualit\u00e9 et r\u00e9sistance","isPartOf":{"@id":"https:\/\/technofluid.it\/#website"},"primaryImageOfPage":{"@id":"https:\/\/technofluid.it\/prodotto\/fascette-inox-norma-1222-mm-codice-fai0012022-toscogomma\/#primaryimage"},"image":{"@id":"https:\/\/technofluid.it\/prodotto\/fascette-inox-norma-1222-mm-codice-fai0012022-toscogomma\/#primaryimage"},"thumbnailUrl":"https:\/\/technofluid.it\/wp-content\/uploads\/2026\/01\/246-FASCETTE-INOX-NORMA-MM-12-22-CODICE-FAI0012022-TOSCOGOMMA.jpg","datePublished":"2025-10-25T00:01:38+00:00","dateModified":"2026-04-16T10:52:35+00:00","description":"D\u00e9couvrez les colliers inox Norma 12\u201322 mm, id\u00e9aux pour les tuyauteries et les v\u00e9hicules. Achetez maintenant des colliers r\u00e9sistants et s\u00fbrs sur Toscogomma !","breadcrumb":{"@id":"https:\/\/technofluid.it\/prodotto\/fascette-inox-norma-1222-mm-codice-fai0012022-toscogomma\/#breadcrumb"},"inLanguage":"fr-FR","potentialAction":[{"@type":"ReadAction","target":["https:\/\/technofluid.it\/prodotto\/fascette-inox-norma-1222-mm-codice-fai0012022-toscogomma\/"]}]},{"@type":"ImageObject","inLanguage":"fr-FR","@id":"https:\/\/technofluid.it\/prodotto\/fascette-inox-norma-1222-mm-codice-fai0012022-toscogomma\/#primaryimage","url":"https:\/\/technofluid.it\/wp-content\/uploads\/2026\/01\/246-FASCETTE-INOX-NORMA-MM-12-22-CODICE-FAI0012022-TOSCOGOMMA.jpg","contentUrl":"https:\/\/technofluid.it\/wp-content\/uploads\/2026\/01\/246-FASCETTE-INOX-NORMA-MM-12-22-CODICE-FAI0012022-TOSCOGOMMA.jpg","width":800,"height":800,"caption":"Fascetta inox per tubi, ideale per applicazioni di sicurezza e durabilit\u00e0, codice FAI0012022."},{"@type":"BreadcrumbList","@id":"https:\/\/technofluid.it\/prodotto\/fascette-inox-norma-1222-mm-codice-fai0012022-toscogomma\/#breadcrumb","itemListElement":[{"@type":"ListItem","position":1,"name":"Home","item":"https:\/\/technofluid.it\/"},{"@type":"ListItem","position":2,"name":"Shop","item":"https:\/\/technofluid.it\/shop\/"},{"@type":"ListItem","position":3,"name":"Fascette inox Norma 12&ndash;22 mm &ndash; codice: FAI0012022 &ndash; Toscogomma"}]},{"@type":"WebSite","@id":"https:\/\/technofluid.it\/#website","url":"https:\/\/technofluid.it\/","name":"Technofluid S.R.L.","description":"Depuis 1999, nous sommes sp\u00e9cialis\u00e9s dans les installations marines, de plomberie, civiles et industrielles.","publisher":{"@id":"https:\/\/technofluid.it\/#organization"},"potentialAction":[{"@type":"SearchAction","target":{"@type":"EntryPoint","urlTemplate":"https:\/\/technofluid.it\/?s={search_term_string}"},"query-input":{"@type":"PropertyValueSpecification","valueRequired":true,"valueName":"search_term_string"}}],"inLanguage":"fr-FR"},{"@type":"Organization","@id":"https:\/\/technofluid.it\/#organization","name":"Technofluid","url":"https:\/\/technofluid.it\/","logo":{"@type":"ImageObject","inLanguage":"fr-FR","@id":"https:\/\/technofluid.it\/#\/schema\/logo\/image\/","url":"https:\/\/technofluid.it\/wp-content\/uploads\/2025\/12\/technofluid_bianco-logo.webp","contentUrl":"https:\/\/technofluid.it\/wp-content\/uploads\/2025\/12\/technofluid_bianco-logo.webp","width":350,"height":116,"caption":"Technofluid"},"image":{"@id":"https:\/\/technofluid.it\/#\/schema\/logo\/image\/"},"description":"La Technofluid S.r.l. est n\u00e9e en 1999 \u00e0 Barcellona Pozzo di Gotto, dans la province de Messine, avec l'objectif de devenir un point de r\u00e9f\u00e9rence dans le secteur de l'installation navale, hydraulique, civile et industrielle.","email":"info@technofluid.it","telephone":"0907386877","legalName":"Technofluid S.R.L","vatID":"IT03148240835","taxID":"03148240835","ownershipFundingInfo":"https:\/\/technofluid.it\/azienda\/"}]},"product_price_amount":"0.84","product_price_currency":"EUR","og_availability":"instock","product_availability":"instock","product_retailer_item_id":"TOSCO0000033","product_condition":"new"},"_links":{"self":[{"href":"https:\/\/technofluid.it\/fr\/wp-json\/wp\/v2\/product\/29860","targetHints":{"allow":["GET"]}}],"collection":[{"href":"https:\/\/technofluid.it\/fr\/wp-json\/wp\/v2\/product"}],"about":[{"href":"https:\/\/technofluid.it\/fr\/wp-json\/wp\/v2\/types\/product"}],"replies":[{"embeddable":true,"href":"https:\/\/technofluid.it\/fr\/wp-json\/wp\/v2\/comments?post=29860"}],"version-history":[{"count":1,"href":"https:\/\/technofluid.it\/fr\/wp-json\/wp\/v2\/product\/29860\/revisions"}],"predecessor-version":[{"id":52841,"href":"https:\/\/technofluid.it\/fr\/wp-json\/wp\/v2\/product\/29860\/revisions\/52841"}],"wp:featuredmedia":[{"embeddable":true,"href":"https:\/\/technofluid.it\/fr\/wp-json\/wp\/v2\/media\/38505"}],"wp:attachment":[{"href":"https:\/\/technofluid.it\/fr\/wp-json\/wp\/v2\/media?parent=29860"}],"wp:term":[{"taxonomy":"product_brand","embeddable":true,"href":"https:\/\/technofluid.it\/fr\/wp-json\/wp\/v2\/product_brand?post=29860"},{"taxonomy":"product_cat","embeddable":true,"href":"https:\/\/technofluid.it\/fr\/wp-json\/wp\/v2\/product_cat?post=29860"},{"taxonomy":"product_tag","embeddable":true,"href":"https:\/\/technofluid.it\/fr\/wp-json\/wp\/v2\/product_tag?post=29860"}],"curies":[{"name":"wp","href":"https:\/\/api.w.org\/{rel}","templated":true}]}}