{"id":29823,"date":"2025-10-25T01:01:35","date_gmt":"2025-10-25T00:01:35","guid":{"rendered":"https:\/\/technofluid.it\/prodotto\/fanale-corpo-bianco-12v-225-prua-luce-bianca-20mt-mod-stella-polare-codice-l5774560-trem\/"},"modified":"2026-04-07T16:52:38","modified_gmt":"2026-04-07T15:52:38","slug":"fanale-corpo-bianco-12v-225-prua-luce-bianca-20m-mod-stella-polare-codice-l5774560-trem","status":"publish","type":"product","link":"https:\/\/technofluid.it\/fr\/produit\/feu-de-corps-blanc-12v-225-proue-lumiere-blanche-20m-mod-stella-polare-code-l5774560-trem-2\/","title":{"rendered":"Feu corps blanc 12 V, 225\u00b0 proue, lumi\u00e8re blanche &lt;20 m, mod. Stella Polare \u2013 code : L5774560 \u2013 Trem"},"content":{"rendered":"<p>Feu corps blanc 12 V, 225\u00b0 proue, lumi\u00e8re blanche &lt;20 m, mod. Stella Polare \u2013 code : L5774560 \u2013 Trem<\/p>","protected":false},"excerpt":{"rendered":"<p>Lenti in policarbonato. Montaggio a parete e chiusura con viti inox. Completi di lampadine 12V.<\/p>\n<p>\u25cf Potenza 15 W.<\/p>\n<p>\u25cf Consumo 1,0A.<\/p>","protected":false},"featured_media":38406,"comment_status":"open","ping_status":"closed","template":"","meta":{"_acf_changed":false,"_monsterinsights_skip_tracking":false,"_monsterinsights_sitenote_active":false,"_monsterinsights_sitenote_note":"","_monsterinsights_sitenote_category":0,"site-sidebar-layout":"default","site-content-layout":"","ast-site-content-layout":"default","site-content-style":"default","site-sidebar-style":"default","ast-global-header-display":"","ast-banner-title-visibility":"","ast-main-header-display":"","ast-hfb-above-header-display":"","ast-hfb-below-header-display":"","ast-hfb-mobile-header-display":"","site-post-title":"","ast-breadcrumbs-content":"","ast-featured-img":"","footer-sml-layout":"","ast-disable-related-posts":"","theme-transparent-header-meta":"default","adv-header-id-meta":"","stick-header-meta":"","header-above-stick-meta":"","header-main-stick-meta":"","header-below-stick-meta":"","astra-migrate-meta-layouts":"set","ast-page-background-enabled":"default","ast-page-background-meta":{"desktop":{"background-color":"var(--ast-global-color-5)","background-image":"","background-repeat":"repeat","background-position":"center center","background-size":"auto","background-attachment":"scroll","background-type":"","background-media":"","overlay-type":"","overlay-color":"","overlay-opacity":"","overlay-gradient":""},"tablet":{"background-color":"","background-image":"","background-repeat":"repeat","background-position":"center center","background-size":"auto","background-attachment":"scroll","background-type":"","background-media":"","overlay-type":"","overlay-color":"","overlay-opacity":"","overlay-gradient":""},"mobile":{"background-color":"","background-image":"","background-repeat":"repeat","background-position":"center center","background-size":"auto","background-attachment":"scroll","background-type":"","background-media":"","overlay-type":"","overlay-color":"","overlay-opacity":"","overlay-gradient":""}},"ast-content-background-meta":{"desktop":{"background-color":"var(--ast-global-color-4)","background-image":"","background-repeat":"repeat","background-position":"center center","background-size":"auto","background-attachment":"scroll","background-type":"","background-media":"","overlay-type":"","overlay-color":"","overlay-opacity":"","overlay-gradient":""},"tablet":{"background-color":"var(--ast-global-color-4)","background-image":"","background-repeat":"repeat","background-position":"center center","background-size":"auto","background-attachment":"scroll","background-type":"","background-media":"","overlay-type":"","overlay-color":"","overlay-opacity":"","overlay-gradient":""},"mobile":{"background-color":"var(--ast-global-color-4)","background-image":"","background-repeat":"repeat","background-position":"center center","background-size":"auto","background-attachment":"scroll","background-type":"","background-media":"","overlay-type":"","overlay-color":"","overlay-opacity":"","overlay-gradient":""}}},"product_brand":[],"product_cat":[74,75],"product_tag":[3271,4888,3344],"class_list":{"0":"post-29823","1":"product","2":"type-product","3":"status-publish","4":"has-post-thumbnail","6":"product_cat-elettricita-strumentazione","7":"product_cat-luci-e-fanali","8":"product_tag-12v","9":"product_tag-fanale-corpo-bianco","10":"product_tag-trem","11":"pa_supplier-tr-em-s-r-l-trecciatura-emiliana","12":"desktop-align-left","13":"tablet-align-left","14":"mobile-align-left","16":"first","17":"instock","18":"taxable","19":"shipping-taxable","20":"purchasable","21":"product-type-simple"},"acf":[],"yoast_head":"<!-- This site is optimized with the Yoast SEO Premium plugin v26.7 (Yoast SEO v26.9) - https:\/\/yoast.com\/product\/yoast-seo-premium-wordpress\/ -->\n<title>Fanale prua bianco 12V Stella Polare - Trem L5774560<\/title>\n<meta name=\"description\" content=\"Scopri il fanale prua bianco 12V Stella Polare con luce bianca fino a 20m. Qualit\u00e0 Trem, codice L5774560. Acquista ora!\" \/>\n<meta name=\"robots\" content=\"index, follow, max-snippet:-1, max-image-preview:large, max-video-preview:-1\" \/>\n<link rel=\"canonical\" href=\"https:\/\/technofluid.it\/fr\/produit\/feu-de-corps-blanc-12v-225-proue-lumiere-blanche-20m-mod-stella-polare-code-l5774560-trem-2\/\" \/>\n<meta property=\"og:locale\" content=\"fr_FR\" \/>\n<meta property=\"og:type\" content=\"article\" \/>\n<meta property=\"og:title\" content=\"Fanale corpo bianco 12&nbsp;V, 225&deg; prua, luce bianca &lt;20&nbsp;m, mod. Stella Polare &ndash; codice: L5774560 &ndash; Trem\" \/>\n<meta property=\"og:description\" content=\"Scopri il fanale prua bianco 12V Stella Polare con luce bianca fino a 20m. Qualit\u00e0 Trem, codice L5774560. Acquista ora!\" \/>\n<meta property=\"og:url\" content=\"https:\/\/technofluid.it\/fr\/produit\/feu-de-corps-blanc-12v-225-proue-lumiere-blanche-20m-mod-stella-polare-code-l5774560-trem-2\/\" \/>\n<meta property=\"og:site_name\" content=\"Technofluid\" \/>\n<meta property=\"article:modified_time\" content=\"2026-04-07T15:52:38+00:00\" \/>\n<meta property=\"og:image\" content=\"https:\/\/technofluid.it\/wp-content\/uploads\/2026\/01\/3519-FANALE-CORPO-BIANCO-12V-225\u00b0-PRUA-LUCE-BIANCA-20MT-MOD.STELLA-POLARE-CODICE-L5774560-TREM.jpg\" \/>\n\t<meta property=\"og:image:width\" content=\"1200\" \/>\n\t<meta property=\"og:image:height\" content=\"1200\" \/>\n\t<meta property=\"og:image:type\" content=\"image\/jpeg\" \/>\n<meta name=\"twitter:card\" content=\"summary_large_image\" \/>\n<meta name=\"twitter:label1\" content=\"Prix\" \/>\n\t<meta name=\"twitter:data1\" content=\"9,84&nbsp;&euro; Iva esclusa\" \/>\n\t<meta name=\"twitter:label2\" content=\"Disponibilit\u00e9\" \/>\n\t<meta name=\"twitter:data2\" content=\"En stock\" \/>\n<script type=\"application\/ld+json\" class=\"yoast-schema-graph\">{\"@context\":\"https:\/\/schema.org\",\"@graph\":[{\"@type\":\"WebPage\",\"@id\":\"https:\/\/technofluid.it\/prodotto\/fanale-corpo-bianco-12v-225-prua-luce-bianca-20m-mod-stella-polare-codice-l5774560-trem\/\",\"url\":\"https:\/\/technofluid.it\/prodotto\/fanale-corpo-bianco-12v-225-prua-luce-bianca-20m-mod-stella-polare-codice-l5774560-trem\/\",\"name\":\"Fanale prua bianco 12V Stella Polare - Trem L5774560\",\"isPartOf\":{\"@id\":\"https:\/\/technofluid.it\/#website\"},\"primaryImageOfPage\":{\"@id\":\"https:\/\/technofluid.it\/prodotto\/fanale-corpo-bianco-12v-225-prua-luce-bianca-20m-mod-stella-polare-codice-l5774560-trem\/#primaryimage\"},\"image\":{\"@id\":\"https:\/\/technofluid.it\/prodotto\/fanale-corpo-bianco-12v-225-prua-luce-bianca-20m-mod-stella-polare-codice-l5774560-trem\/#primaryimage\"},\"thumbnailUrl\":\"https:\/\/technofluid.it\/wp-content\/uploads\/2026\/01\/3519-FANALE-CORPO-BIANCO-12V-225\u00b0-PRUA-LUCE-BIANCA-20MT-MOD.STELLA-POLARE-CODICE-L5774560-TREM.jpg\",\"datePublished\":\"2025-10-25T00:01:35+00:00\",\"dateModified\":\"2026-04-07T15:52:38+00:00\",\"description\":\"Scopri il fanale prua bianco 12V Stella Polare con luce bianca fino a 20m. Qualit\u00e0 Trem, codice L5774560. Acquista ora!\",\"breadcrumb\":{\"@id\":\"https:\/\/technofluid.it\/prodotto\/fanale-corpo-bianco-12v-225-prua-luce-bianca-20m-mod-stella-polare-codice-l5774560-trem\/#breadcrumb\"},\"inLanguage\":\"fr-FR\",\"potentialAction\":[{\"@type\":\"ReadAction\",\"target\":[\"https:\/\/technofluid.it\/prodotto\/fanale-corpo-bianco-12v-225-prua-luce-bianca-20m-mod-stella-polare-codice-l5774560-trem\/\"]}]},{\"@type\":\"ImageObject\",\"inLanguage\":\"fr-FR\",\"@id\":\"https:\/\/technofluid.it\/prodotto\/fanale-corpo-bianco-12v-225-prua-luce-bianca-20m-mod-stella-polare-codice-l5774560-trem\/#primaryimage\",\"url\":\"https:\/\/technofluid.it\/wp-content\/uploads\/2026\/01\/3519-FANALE-CORPO-BIANCO-12V-225\u00b0-PRUA-LUCE-BIANCA-20MT-MOD.STELLA-POLARE-CODICE-L5774560-TREM.jpg\",\"contentUrl\":\"https:\/\/technofluid.it\/wp-content\/uploads\/2026\/01\/3519-FANALE-CORPO-BIANCO-12V-225\u00b0-PRUA-LUCE-BIANCA-20MT-MOD.STELLA-POLARE-CODICE-L5774560-TREM.jpg\",\"width\":1200,\"height\":1200,\"caption\":\"FANALE CORPO BIANCO 12V, 225\u00b0 ,PRUA LUCE BIANCA, -20MT, MOD.STELLA POLARE - CODICE: L5774560 - TREM\"},{\"@type\":\"BreadcrumbList\",\"@id\":\"https:\/\/technofluid.it\/prodotto\/fanale-corpo-bianco-12v-225-prua-luce-bianca-20m-mod-stella-polare-codice-l5774560-trem\/#breadcrumb\",\"itemListElement\":[{\"@type\":\"ListItem\",\"position\":1,\"name\":\"Home\",\"item\":\"https:\/\/technofluid.it\/\"},{\"@type\":\"ListItem\",\"position\":2,\"name\":\"Shop\",\"item\":\"https:\/\/technofluid.it\/shop\/\"},{\"@type\":\"ListItem\",\"position\":3,\"name\":\"Fanale corpo bianco 12&nbsp;V, 225&deg; prua, luce bianca &lt;20&nbsp;m, mod. Stella Polare &ndash; codice: L5774560 &ndash; Trem\"}]},{\"@type\":\"WebSite\",\"@id\":\"https:\/\/technofluid.it\/#website\",\"url\":\"https:\/\/technofluid.it\/\",\"name\":\"Technofluid S.R.L.\",\"description\":\"Dal 1999 siamo specializzati nell&#039;impiantistica navale, idraulica, civile e industriale\",\"publisher\":{\"@id\":\"https:\/\/technofluid.it\/#organization\"},\"potentialAction\":[{\"@type\":\"SearchAction\",\"target\":{\"@type\":\"EntryPoint\",\"urlTemplate\":\"https:\/\/technofluid.it\/?s={search_term_string}\"},\"query-input\":{\"@type\":\"PropertyValueSpecification\",\"valueRequired\":true,\"valueName\":\"search_term_string\"}}],\"inLanguage\":\"fr-FR\"},{\"@type\":\"Organization\",\"@id\":\"https:\/\/technofluid.it\/#organization\",\"name\":\"Technofluid\",\"url\":\"https:\/\/technofluid.it\/\",\"logo\":{\"@type\":\"ImageObject\",\"inLanguage\":\"fr-FR\",\"@id\":\"https:\/\/technofluid.it\/#\/schema\/logo\/image\/\",\"url\":\"https:\/\/technofluid.it\/wp-content\/uploads\/2025\/12\/technofluid_bianco-logo.webp\",\"contentUrl\":\"https:\/\/technofluid.it\/wp-content\/uploads\/2025\/12\/technofluid_bianco-logo.webp\",\"width\":350,\"height\":116,\"caption\":\"Technofluid\"},\"image\":{\"@id\":\"https:\/\/technofluid.it\/#\/schema\/logo\/image\/\"},\"description\":\"La Technofluid S.r.l. nasce nel 1999 a Barcellona Pozzo di Gotto, in provincia di Messina, con l\u2019obiettivo di diventare un punto di riferimento nel settore dell\u2019impiantistica navale, idraulica, civile e industriale.\",\"email\":\"info@technofluid.it\",\"telephone\":\"0907386877\",\"legalName\":\"Technofluid S.R.L\",\"vatID\":\"IT03148240835\",\"taxID\":\"03148240835\",\"ownershipFundingInfo\":\"https:\/\/technofluid.it\/azienda\/\"}]}<\/script>\n<meta property=\"product:price:amount\" content=\"9.84\" \/>\n<meta property=\"product:price:currency\" content=\"EUR\" \/>\n<meta property=\"og:availability\" content=\"instock\" \/>\n<meta property=\"product:availability\" content=\"instock\" \/>\n<meta property=\"product:retailer_item_id\" content=\"TREM0000048\" \/>\n<meta property=\"product:condition\" content=\"new\" \/>\n<!-- \/ Yoast SEO Premium plugin. -->","yoast_head_json":{"title":"Feu de proue blanc 12V Stella Polare - Trem L5774560","description":"D\u00e9couvrez le fanal de proue blanc 12V Stella Polare avec lumi\u00e8re blanche jusqu'\u00e0 20m. Qualit\u00e9 Trem, code L5774560. Achetez maintenant !","robots":{"index":"index","follow":"follow","max-snippet":"max-snippet:-1","max-image-preview":"max-image-preview:large","max-video-preview":"max-video-preview:-1"},"canonical":"https:\/\/technofluid.it\/fr\/produit\/feu-de-corps-blanc-12v-225-proue-lumiere-blanche-20m-mod-stella-polare-code-l5774560-trem-2\/","og_locale":"fr_FR","og_type":"article","og_title":"Fanale corpo bianco 12&nbsp;V, 225&deg; prua, luce bianca &lt;20&nbsp;m, mod. Stella Polare &ndash; codice: L5774560 &ndash; Trem","og_description":"Scopri il fanale prua bianco 12V Stella Polare con luce bianca fino a 20m. Qualit\u00e0 Trem, codice L5774560. Acquista ora!","og_url":"https:\/\/technofluid.it\/fr\/produit\/feu-de-corps-blanc-12v-225-proue-lumiere-blanche-20m-mod-stella-polare-code-l5774560-trem-2\/","og_site_name":"Technofluid","article_modified_time":"2026-04-07T15:52:38+00:00","og_image":[{"width":1200,"height":1200,"url":"https:\/\/technofluid.it\/wp-content\/uploads\/2026\/01\/3519-FANALE-CORPO-BIANCO-12V-225\u00b0-PRUA-LUCE-BIANCA-20MT-MOD.STELLA-POLARE-CODICE-L5774560-TREM.jpg","type":"image\/jpeg"}],"twitter_card":"summary_large_image","twitter_misc":{"Prix":"9,84&nbsp;&euro; Iva esclusa","Disponibilit\u00e9":"En stock"},"schema":{"@context":"https:\/\/schema.org","@graph":[{"@type":"WebPage","@id":"https:\/\/technofluid.it\/prodotto\/fanale-corpo-bianco-12v-225-prua-luce-bianca-20m-mod-stella-polare-codice-l5774560-trem\/","url":"https:\/\/technofluid.it\/prodotto\/fanale-corpo-bianco-12v-225-prua-luce-bianca-20m-mod-stella-polare-codice-l5774560-trem\/","name":"Feu de proue blanc 12V Stella Polare - Trem L5774560","isPartOf":{"@id":"https:\/\/technofluid.it\/#website"},"primaryImageOfPage":{"@id":"https:\/\/technofluid.it\/prodotto\/fanale-corpo-bianco-12v-225-prua-luce-bianca-20m-mod-stella-polare-codice-l5774560-trem\/#primaryimage"},"image":{"@id":"https:\/\/technofluid.it\/prodotto\/fanale-corpo-bianco-12v-225-prua-luce-bianca-20m-mod-stella-polare-codice-l5774560-trem\/#primaryimage"},"thumbnailUrl":"https:\/\/technofluid.it\/wp-content\/uploads\/2026\/01\/3519-FANALE-CORPO-BIANCO-12V-225\u00b0-PRUA-LUCE-BIANCA-20MT-MOD.STELLA-POLARE-CODICE-L5774560-TREM.jpg","datePublished":"2025-10-25T00:01:35+00:00","dateModified":"2026-04-07T15:52:38+00:00","description":"D\u00e9couvrez le fanal de proue blanc 12V Stella Polare avec lumi\u00e8re blanche jusqu'\u00e0 20m. Qualit\u00e9 Trem, code L5774560. Achetez maintenant !","breadcrumb":{"@id":"https:\/\/technofluid.it\/prodotto\/fanale-corpo-bianco-12v-225-prua-luce-bianca-20m-mod-stella-polare-codice-l5774560-trem\/#breadcrumb"},"inLanguage":"fr-FR","potentialAction":[{"@type":"ReadAction","target":["https:\/\/technofluid.it\/prodotto\/fanale-corpo-bianco-12v-225-prua-luce-bianca-20m-mod-stella-polare-codice-l5774560-trem\/"]}]},{"@type":"ImageObject","inLanguage":"fr-FR","@id":"https:\/\/technofluid.it\/prodotto\/fanale-corpo-bianco-12v-225-prua-luce-bianca-20m-mod-stella-polare-codice-l5774560-trem\/#primaryimage","url":"https:\/\/technofluid.it\/wp-content\/uploads\/2026\/01\/3519-FANALE-CORPO-BIANCO-12V-225\u00b0-PRUA-LUCE-BIANCA-20MT-MOD.STELLA-POLARE-CODICE-L5774560-TREM.jpg","contentUrl":"https:\/\/technofluid.it\/wp-content\/uploads\/2026\/01\/3519-FANALE-CORPO-BIANCO-12V-225\u00b0-PRUA-LUCE-BIANCA-20MT-MOD.STELLA-POLARE-CODICE-L5774560-TREM.jpg","width":1200,"height":1200,"caption":"FANALE CORPO BIANCO 12V, 225\u00b0 ,PRUA LUCE BIANCA, -20MT, MOD.STELLA POLARE - CODICE: L5774560 - TREM"},{"@type":"BreadcrumbList","@id":"https:\/\/technofluid.it\/prodotto\/fanale-corpo-bianco-12v-225-prua-luce-bianca-20m-mod-stella-polare-codice-l5774560-trem\/#breadcrumb","itemListElement":[{"@type":"ListItem","position":1,"name":"Home","item":"https:\/\/technofluid.it\/"},{"@type":"ListItem","position":2,"name":"Shop","item":"https:\/\/technofluid.it\/shop\/"},{"@type":"ListItem","position":3,"name":"Fanale corpo bianco 12&nbsp;V, 225&deg; prua, luce bianca &lt;20&nbsp;m, mod. Stella Polare &ndash; codice: L5774560 &ndash; Trem"}]},{"@type":"WebSite","@id":"https:\/\/technofluid.it\/#website","url":"https:\/\/technofluid.it\/","name":"Technofluid S.R.L.","description":"Depuis 1999, nous sommes sp\u00e9cialis\u00e9s dans les installations marines, de plomberie, civiles et industrielles.","publisher":{"@id":"https:\/\/technofluid.it\/#organization"},"potentialAction":[{"@type":"SearchAction","target":{"@type":"EntryPoint","urlTemplate":"https:\/\/technofluid.it\/?s={search_term_string}"},"query-input":{"@type":"PropertyValueSpecification","valueRequired":true,"valueName":"search_term_string"}}],"inLanguage":"fr-FR"},{"@type":"Organization","@id":"https:\/\/technofluid.it\/#organization","name":"Technofluid","url":"https:\/\/technofluid.it\/","logo":{"@type":"ImageObject","inLanguage":"fr-FR","@id":"https:\/\/technofluid.it\/#\/schema\/logo\/image\/","url":"https:\/\/technofluid.it\/wp-content\/uploads\/2025\/12\/technofluid_bianco-logo.webp","contentUrl":"https:\/\/technofluid.it\/wp-content\/uploads\/2025\/12\/technofluid_bianco-logo.webp","width":350,"height":116,"caption":"Technofluid"},"image":{"@id":"https:\/\/technofluid.it\/#\/schema\/logo\/image\/"},"description":"La Technofluid S.r.l. est n\u00e9e en 1999 \u00e0 Barcellona Pozzo di Gotto, dans la province de Messine, avec l'objectif de devenir un point de r\u00e9f\u00e9rence dans le secteur de l'installation navale, hydraulique, civile et industrielle.","email":"info@technofluid.it","telephone":"0907386877","legalName":"Technofluid S.R.L","vatID":"IT03148240835","taxID":"03148240835","ownershipFundingInfo":"https:\/\/technofluid.it\/azienda\/"}]},"product_price_amount":"9.84","product_price_currency":"EUR","og_availability":"instock","product_availability":"instock","product_retailer_item_id":"TREM0000048","product_condition":"new"},"_links":{"self":[{"href":"https:\/\/technofluid.it\/fr\/wp-json\/wp\/v2\/product\/29823","targetHints":{"allow":["GET"]}}],"collection":[{"href":"https:\/\/technofluid.it\/fr\/wp-json\/wp\/v2\/product"}],"about":[{"href":"https:\/\/technofluid.it\/fr\/wp-json\/wp\/v2\/types\/product"}],"replies":[{"embeddable":true,"href":"https:\/\/technofluid.it\/fr\/wp-json\/wp\/v2\/comments?post=29823"}],"version-history":[{"count":1,"href":"https:\/\/technofluid.it\/fr\/wp-json\/wp\/v2\/product\/29823\/revisions"}],"predecessor-version":[{"id":57587,"href":"https:\/\/technofluid.it\/fr\/wp-json\/wp\/v2\/product\/29823\/revisions\/57587"}],"wp:featuredmedia":[{"embeddable":true,"href":"https:\/\/technofluid.it\/fr\/wp-json\/wp\/v2\/media\/38406"}],"wp:attachment":[{"href":"https:\/\/technofluid.it\/fr\/wp-json\/wp\/v2\/media?parent=29823"}],"wp:term":[{"taxonomy":"product_brand","embeddable":true,"href":"https:\/\/technofluid.it\/fr\/wp-json\/wp\/v2\/product_brand?post=29823"},{"taxonomy":"product_cat","embeddable":true,"href":"https:\/\/technofluid.it\/fr\/wp-json\/wp\/v2\/product_cat?post=29823"},{"taxonomy":"product_tag","embeddable":true,"href":"https:\/\/technofluid.it\/fr\/wp-json\/wp\/v2\/product_tag?post=29823"}],"curies":[{"name":"wp","href":"https:\/\/api.w.org\/{rel}","templated":true}]}}