{"id":29793,"date":"2025-10-25T00:01:07","date_gmt":"2025-10-25T00:01:07","guid":{"rendered":"https:\/\/technofluid.it\/prodotto\/evaporatore-piano-350x250-completo-di-giunti-parker-5450-codice-sbh00047xo-isotherm\/"},"modified":"2026-04-15T10:41:19","modified_gmt":"2026-04-15T09:41:19","slug":"evaporatore-piano-350x250-completo-di-giunti-parker-5450-codice-sbh00047xo-isotherm","status":"publish","type":"product","link":"https:\/\/technofluid.it\/fr\/produit\/evaporateur-plat-350x250-complet-avec-joints-parker-5450-code-sbh00047xo-isotherm-2\/","title":{"rendered":"Evaporateur plat 350X250, complet avec joints parker 5450 \u2013 code : SBH00047XO \u2013 Isotherm"},"content":{"rendered":"<p>Evaporateur plat 350X250, complet avec joints parker 5450 \u2013 code : SBH00047XO \u2013 Isotherm<\/p>","protected":false},"excerpt":{"rendered":"<p>EVAPORATORE PIANO 350X250, COMPLETO DI GIUNTI PARKER 5450 &#8211; CODICE: SBH00047XO &#8211; ISOTHERM<\/p>","protected":false},"featured_media":38311,"comment_status":"open","ping_status":"closed","template":"","meta":{"_acf_changed":false,"_monsterinsights_skip_tracking":false,"_monsterinsights_sitenote_active":false,"_monsterinsights_sitenote_note":"","_monsterinsights_sitenote_category":0,"site-sidebar-layout":"default","site-content-layout":"","ast-site-content-layout":"default","site-content-style":"default","site-sidebar-style":"default","ast-global-header-display":"","ast-banner-title-visibility":"","ast-main-header-display":"","ast-hfb-above-header-display":"","ast-hfb-below-header-display":"","ast-hfb-mobile-header-display":"","site-post-title":"","ast-breadcrumbs-content":"","ast-featured-img":"","footer-sml-layout":"","ast-disable-related-posts":"","theme-transparent-header-meta":"default","adv-header-id-meta":"","stick-header-meta":"","header-above-stick-meta":"","header-main-stick-meta":"","header-below-stick-meta":"","astra-migrate-meta-layouts":"set","ast-page-background-enabled":"default","ast-page-background-meta":{"desktop":{"background-color":"var(--ast-global-color-5)","background-image":"","background-repeat":"repeat","background-position":"center center","background-size":"auto","background-attachment":"scroll","background-type":"","background-media":"","overlay-type":"","overlay-color":"","overlay-opacity":"","overlay-gradient":""},"tablet":{"background-color":"","background-image":"","background-repeat":"repeat","background-position":"center center","background-size":"auto","background-attachment":"scroll","background-type":"","background-media":"","overlay-type":"","overlay-color":"","overlay-opacity":"","overlay-gradient":""},"mobile":{"background-color":"","background-image":"","background-repeat":"repeat","background-position":"center center","background-size":"auto","background-attachment":"scroll","background-type":"","background-media":"","overlay-type":"","overlay-color":"","overlay-opacity":"","overlay-gradient":""}},"ast-content-background-meta":{"desktop":{"background-color":"var(--ast-global-color-4)","background-image":"","background-repeat":"repeat","background-position":"center center","background-size":"auto","background-attachment":"scroll","background-type":"","background-media":"","overlay-type":"","overlay-color":"","overlay-opacity":"","overlay-gradient":""},"tablet":{"background-color":"var(--ast-global-color-4)","background-image":"","background-repeat":"repeat","background-position":"center center","background-size":"auto","background-attachment":"scroll","background-type":"","background-media":"","overlay-type":"","overlay-color":"","overlay-opacity":"","overlay-gradient":""},"mobile":{"background-color":"var(--ast-global-color-4)","background-image":"","background-repeat":"repeat","background-position":"center center","background-size":"auto","background-attachment":"scroll","background-type":"","background-media":"","overlay-type":"","overlay-color":"","overlay-opacity":"","overlay-gradient":""}}},"product_brand":[],"product_cat":[977,133],"product_tag":[4865,4866],"class_list":{"0":"post-29793","1":"product","2":"type-product","3":"status-publish","4":"has-post-thumbnail","6":"product_cat-indel-webasto-evaporatore","7":"product_cat-ricambistica","8":"product_tag-evaporatore-piano-350x250","9":"product_tag-sbh00047xo","10":"pa_supplier-bcool-engineering-srl","11":"desktop-align-left","12":"tablet-align-left","13":"mobile-align-left","15":"first","16":"instock","17":"taxable","18":"shipping-taxable","19":"purchasable","20":"product-type-simple"},"acf":[],"yoast_head":"<!-- This site is optimized with the Yoast SEO Premium plugin v26.7 (Yoast SEO v26.9) - https:\/\/yoast.com\/product\/yoast-seo-premium-wordpress\/ -->\n<title>Evaporatore piano 350X250 con giunti Parker 5450 - Isotherm<\/title>\n<meta name=\"description\" content=\"Scopri l&#039;evaporatore piano 350X250 completo di giunti Parker 5450. Affidabilit\u00e0 e qualit\u00e0 Isotherm. Acquista ora!\" \/>\n<meta name=\"robots\" content=\"index, follow, max-snippet:-1, max-image-preview:large, max-video-preview:-1\" \/>\n<link rel=\"canonical\" href=\"https:\/\/technofluid.it\/fr\/produit\/evaporateur-plat-350x250-complet-avec-joints-parker-5450-code-sbh00047xo-isotherm-2\/\" \/>\n<meta property=\"og:locale\" content=\"fr_FR\" \/>\n<meta property=\"og:type\" content=\"article\" \/>\n<meta property=\"og:title\" content=\"Evaporatore piano 350X250, completo di giunti parker 5450 - codice: SBH00047XO - Isotherm\" \/>\n<meta property=\"og:description\" content=\"Scopri l&#039;evaporatore piano 350X250 completo di giunti Parker 5450. Affidabilit\u00e0 e qualit\u00e0 Isotherm. Acquista ora!\" \/>\n<meta property=\"og:url\" content=\"https:\/\/technofluid.it\/fr\/produit\/evaporateur-plat-350x250-complet-avec-joints-parker-5450-code-sbh00047xo-isotherm-2\/\" \/>\n<meta property=\"og:site_name\" content=\"Technofluid\" \/>\n<meta property=\"article:modified_time\" content=\"2026-04-15T09:41:19+00:00\" \/>\n<meta property=\"og:image\" content=\"https:\/\/technofluid.it\/wp-content\/uploads\/2026\/01\/3774-Evaporatore-piano-350X250-completo-di-giunti-parker-5450-codice-SBH00047XO-Isotherm.jpg\" \/>\n\t<meta property=\"og:image:width\" content=\"800\" \/>\n\t<meta property=\"og:image:height\" content=\"800\" \/>\n\t<meta property=\"og:image:type\" content=\"image\/png\" \/>\n<meta name=\"twitter:card\" content=\"summary_large_image\" \/>\n<meta name=\"twitter:label1\" content=\"Prix\" \/>\n\t<meta name=\"twitter:data1\" content=\"183,61&nbsp;&euro; Iva esclusa\" \/>\n\t<meta name=\"twitter:label2\" content=\"Disponibilit\u00e9\" \/>\n\t<meta name=\"twitter:data2\" content=\"En stock\" \/>\n<script type=\"application\/ld+json\" class=\"yoast-schema-graph\">{\"@context\":\"https:\/\/schema.org\",\"@graph\":[{\"@type\":\"WebPage\",\"@id\":\"https:\/\/technofluid.it\/prodotto\/evaporatore-piano-350x250-completo-di-giunti-parker-5450-codice-sbh00047xo-isotherm\/\",\"url\":\"https:\/\/technofluid.it\/prodotto\/evaporatore-piano-350x250-completo-di-giunti-parker-5450-codice-sbh00047xo-isotherm\/\",\"name\":\"Evaporatore piano 350X250 con giunti Parker 5450 - Isotherm\",\"isPartOf\":{\"@id\":\"https:\/\/technofluid.it\/#website\"},\"primaryImageOfPage\":{\"@id\":\"https:\/\/technofluid.it\/prodotto\/evaporatore-piano-350x250-completo-di-giunti-parker-5450-codice-sbh00047xo-isotherm\/#primaryimage\"},\"image\":{\"@id\":\"https:\/\/technofluid.it\/prodotto\/evaporatore-piano-350x250-completo-di-giunti-parker-5450-codice-sbh00047xo-isotherm\/#primaryimage\"},\"thumbnailUrl\":\"https:\/\/technofluid.it\/wp-content\/uploads\/2026\/01\/3774-Evaporatore-piano-350X250-completo-di-giunti-parker-5450-codice-SBH00047XO-Isotherm.jpg\",\"datePublished\":\"2025-10-25T00:01:07+00:00\",\"dateModified\":\"2026-04-15T09:41:19+00:00\",\"description\":\"Scopri l'evaporatore piano 350X250 completo di giunti Parker 5450. Affidabilit\u00e0 e qualit\u00e0 Isotherm. Acquista ora!\",\"breadcrumb\":{\"@id\":\"https:\/\/technofluid.it\/prodotto\/evaporatore-piano-350x250-completo-di-giunti-parker-5450-codice-sbh00047xo-isotherm\/#breadcrumb\"},\"inLanguage\":\"fr-FR\",\"potentialAction\":[{\"@type\":\"ReadAction\",\"target\":[\"https:\/\/technofluid.it\/prodotto\/evaporatore-piano-350x250-completo-di-giunti-parker-5450-codice-sbh00047xo-isotherm\/\"]}]},{\"@type\":\"ImageObject\",\"inLanguage\":\"fr-FR\",\"@id\":\"https:\/\/technofluid.it\/prodotto\/evaporatore-piano-350x250-completo-di-giunti-parker-5450-codice-sbh00047xo-isotherm\/#primaryimage\",\"url\":\"https:\/\/technofluid.it\/wp-content\/uploads\/2026\/01\/3774-Evaporatore-piano-350X250-completo-di-giunti-parker-5450-codice-SBH00047XO-Isotherm.jpg\",\"contentUrl\":\"https:\/\/technofluid.it\/wp-content\/uploads\/2026\/01\/3774-Evaporatore-piano-350X250-completo-di-giunti-parker-5450-codice-SBH00047XO-Isotherm.jpg\",\"width\":800,\"height\":800,\"caption\":\"Evaporatore piano 350x250 completo di giunti Parker 5450, ideale per sistemi di refrigerazione Isotherm.\"},{\"@type\":\"BreadcrumbList\",\"@id\":\"https:\/\/technofluid.it\/prodotto\/evaporatore-piano-350x250-completo-di-giunti-parker-5450-codice-sbh00047xo-isotherm\/#breadcrumb\",\"itemListElement\":[{\"@type\":\"ListItem\",\"position\":1,\"name\":\"Home\",\"item\":\"https:\/\/technofluid.it\/\"},{\"@type\":\"ListItem\",\"position\":2,\"name\":\"Shop\",\"item\":\"https:\/\/technofluid.it\/shop\/\"},{\"@type\":\"ListItem\",\"position\":3,\"name\":\"Evaporatore piano 350X250, completo di giunti parker 5450 &#8211; codice: SBH00047XO &#8211; Isotherm\"}]},{\"@type\":\"WebSite\",\"@id\":\"https:\/\/technofluid.it\/#website\",\"url\":\"https:\/\/technofluid.it\/\",\"name\":\"Technofluid S.R.L.\",\"description\":\"Dal 1999 siamo specializzati nell&#039;impiantistica navale, idraulica, civile e industriale\",\"publisher\":{\"@id\":\"https:\/\/technofluid.it\/#organization\"},\"potentialAction\":[{\"@type\":\"SearchAction\",\"target\":{\"@type\":\"EntryPoint\",\"urlTemplate\":\"https:\/\/technofluid.it\/?s={search_term_string}\"},\"query-input\":{\"@type\":\"PropertyValueSpecification\",\"valueRequired\":true,\"valueName\":\"search_term_string\"}}],\"inLanguage\":\"fr-FR\"},{\"@type\":\"Organization\",\"@id\":\"https:\/\/technofluid.it\/#organization\",\"name\":\"Technofluid\",\"url\":\"https:\/\/technofluid.it\/\",\"logo\":{\"@type\":\"ImageObject\",\"inLanguage\":\"fr-FR\",\"@id\":\"https:\/\/technofluid.it\/#\/schema\/logo\/image\/\",\"url\":\"https:\/\/technofluid.it\/wp-content\/uploads\/2025\/12\/technofluid_bianco-logo.webp\",\"contentUrl\":\"https:\/\/technofluid.it\/wp-content\/uploads\/2025\/12\/technofluid_bianco-logo.webp\",\"width\":350,\"height\":116,\"caption\":\"Technofluid\"},\"image\":{\"@id\":\"https:\/\/technofluid.it\/#\/schema\/logo\/image\/\"},\"description\":\"La Technofluid S.r.l. nasce nel 1999 a Barcellona Pozzo di Gotto, in provincia di Messina, con l\u2019obiettivo di diventare un punto di riferimento nel settore dell\u2019impiantistica navale, idraulica, civile e industriale.\",\"email\":\"info@technofluid.it\",\"telephone\":\"0907386877\",\"legalName\":\"Technofluid S.R.L\",\"vatID\":\"IT03148240835\",\"taxID\":\"03148240835\",\"ownershipFundingInfo\":\"https:\/\/technofluid.it\/azienda\/\"}]}<\/script>\n<meta property=\"product:price:amount\" content=\"183.61\" \/>\n<meta property=\"product:price:currency\" content=\"EUR\" \/>\n<meta property=\"og:availability\" content=\"instock\" \/>\n<meta property=\"product:availability\" content=\"instock\" \/>\n<meta property=\"product:retailer_item_id\" content=\"IND00000054\" \/>\n<meta property=\"product:condition\" content=\"new\" \/>\n<!-- \/ Yoast SEO Premium plugin. -->","yoast_head_json":{"title":"Evaporateur plat 350X250 avec joints Parker 5450 - Isotherm","description":"D\u00e9couvrez l'\u00e9vaporateur plat 350X250 complet avec joints Parker 5450. Fiabilit\u00e9 et qualit\u00e9 Isotherm. Achetez maintenant !","robots":{"index":"index","follow":"follow","max-snippet":"max-snippet:-1","max-image-preview":"max-image-preview:large","max-video-preview":"max-video-preview:-1"},"canonical":"https:\/\/technofluid.it\/fr\/produit\/evaporateur-plat-350x250-complet-avec-joints-parker-5450-code-sbh00047xo-isotherm-2\/","og_locale":"fr_FR","og_type":"article","og_title":"Evaporatore piano 350X250, completo di giunti parker 5450 - codice: SBH00047XO - Isotherm","og_description":"Scopri l'evaporatore piano 350X250 completo di giunti Parker 5450. Affidabilit\u00e0 e qualit\u00e0 Isotherm. Acquista ora!","og_url":"https:\/\/technofluid.it\/fr\/produit\/evaporateur-plat-350x250-complet-avec-joints-parker-5450-code-sbh00047xo-isotherm-2\/","og_site_name":"Technofluid","article_modified_time":"2026-04-15T09:41:19+00:00","og_image":[{"width":800,"height":800,"url":"https:\/\/technofluid.it\/wp-content\/uploads\/2026\/01\/3774-Evaporatore-piano-350X250-completo-di-giunti-parker-5450-codice-SBH00047XO-Isotherm.jpg","type":"image\/png"}],"twitter_card":"summary_large_image","twitter_misc":{"Prix":"183,61&nbsp;&euro; Iva esclusa","Disponibilit\u00e9":"En stock"},"schema":{"@context":"https:\/\/schema.org","@graph":[{"@type":"WebPage","@id":"https:\/\/technofluid.it\/prodotto\/evaporatore-piano-350x250-completo-di-giunti-parker-5450-codice-sbh00047xo-isotherm\/","url":"https:\/\/technofluid.it\/prodotto\/evaporatore-piano-350x250-completo-di-giunti-parker-5450-codice-sbh00047xo-isotherm\/","name":"Evaporateur plat 350X250 avec joints Parker 5450 - Isotherm","isPartOf":{"@id":"https:\/\/technofluid.it\/#website"},"primaryImageOfPage":{"@id":"https:\/\/technofluid.it\/prodotto\/evaporatore-piano-350x250-completo-di-giunti-parker-5450-codice-sbh00047xo-isotherm\/#primaryimage"},"image":{"@id":"https:\/\/technofluid.it\/prodotto\/evaporatore-piano-350x250-completo-di-giunti-parker-5450-codice-sbh00047xo-isotherm\/#primaryimage"},"thumbnailUrl":"https:\/\/technofluid.it\/wp-content\/uploads\/2026\/01\/3774-Evaporatore-piano-350X250-completo-di-giunti-parker-5450-codice-SBH00047XO-Isotherm.jpg","datePublished":"2025-10-25T00:01:07+00:00","dateModified":"2026-04-15T09:41:19+00:00","description":"D\u00e9couvrez l'\u00e9vaporateur plat 350X250 complet avec joints Parker 5450. Fiabilit\u00e9 et qualit\u00e9 Isotherm. Achetez maintenant !","breadcrumb":{"@id":"https:\/\/technofluid.it\/prodotto\/evaporatore-piano-350x250-completo-di-giunti-parker-5450-codice-sbh00047xo-isotherm\/#breadcrumb"},"inLanguage":"fr-FR","potentialAction":[{"@type":"ReadAction","target":["https:\/\/technofluid.it\/prodotto\/evaporatore-piano-350x250-completo-di-giunti-parker-5450-codice-sbh00047xo-isotherm\/"]}]},{"@type":"ImageObject","inLanguage":"fr-FR","@id":"https:\/\/technofluid.it\/prodotto\/evaporatore-piano-350x250-completo-di-giunti-parker-5450-codice-sbh00047xo-isotherm\/#primaryimage","url":"https:\/\/technofluid.it\/wp-content\/uploads\/2026\/01\/3774-Evaporatore-piano-350X250-completo-di-giunti-parker-5450-codice-SBH00047XO-Isotherm.jpg","contentUrl":"https:\/\/technofluid.it\/wp-content\/uploads\/2026\/01\/3774-Evaporatore-piano-350X250-completo-di-giunti-parker-5450-codice-SBH00047XO-Isotherm.jpg","width":800,"height":800,"caption":"Evaporatore piano 350x250 completo di giunti Parker 5450, ideale per sistemi di refrigerazione Isotherm."},{"@type":"BreadcrumbList","@id":"https:\/\/technofluid.it\/prodotto\/evaporatore-piano-350x250-completo-di-giunti-parker-5450-codice-sbh00047xo-isotherm\/#breadcrumb","itemListElement":[{"@type":"ListItem","position":1,"name":"Home","item":"https:\/\/technofluid.it\/"},{"@type":"ListItem","position":2,"name":"Shop","item":"https:\/\/technofluid.it\/shop\/"},{"@type":"ListItem","position":3,"name":"Evaporatore piano 350X250, completo di giunti parker 5450 &#8211; codice: SBH00047XO &#8211; Isotherm"}]},{"@type":"WebSite","@id":"https:\/\/technofluid.it\/#website","url":"https:\/\/technofluid.it\/","name":"Technofluid S.R.L.","description":"Depuis 1999, nous sommes sp\u00e9cialis\u00e9s dans les installations marines, de plomberie, civiles et industrielles.","publisher":{"@id":"https:\/\/technofluid.it\/#organization"},"potentialAction":[{"@type":"SearchAction","target":{"@type":"EntryPoint","urlTemplate":"https:\/\/technofluid.it\/?s={search_term_string}"},"query-input":{"@type":"PropertyValueSpecification","valueRequired":true,"valueName":"search_term_string"}}],"inLanguage":"fr-FR"},{"@type":"Organization","@id":"https:\/\/technofluid.it\/#organization","name":"Technofluid","url":"https:\/\/technofluid.it\/","logo":{"@type":"ImageObject","inLanguage":"fr-FR","@id":"https:\/\/technofluid.it\/#\/schema\/logo\/image\/","url":"https:\/\/technofluid.it\/wp-content\/uploads\/2025\/12\/technofluid_bianco-logo.webp","contentUrl":"https:\/\/technofluid.it\/wp-content\/uploads\/2025\/12\/technofluid_bianco-logo.webp","width":350,"height":116,"caption":"Technofluid"},"image":{"@id":"https:\/\/technofluid.it\/#\/schema\/logo\/image\/"},"description":"La Technofluid S.r.l. est n\u00e9e en 1999 \u00e0 Barcellona Pozzo di Gotto, dans la province de Messine, avec l'objectif de devenir un point de r\u00e9f\u00e9rence dans le secteur de l'installation navale, hydraulique, civile et industrielle.","email":"info@technofluid.it","telephone":"0907386877","legalName":"Technofluid S.R.L","vatID":"IT03148240835","taxID":"03148240835","ownershipFundingInfo":"https:\/\/technofluid.it\/azienda\/"}]},"product_price_amount":"183.61","product_price_currency":"EUR","og_availability":"instock","product_availability":"instock","product_retailer_item_id":"IND00000054","product_condition":"new"},"_links":{"self":[{"href":"https:\/\/technofluid.it\/fr\/wp-json\/wp\/v2\/product\/29793","targetHints":{"allow":["GET"]}}],"collection":[{"href":"https:\/\/technofluid.it\/fr\/wp-json\/wp\/v2\/product"}],"about":[{"href":"https:\/\/technofluid.it\/fr\/wp-json\/wp\/v2\/types\/product"}],"replies":[{"embeddable":true,"href":"https:\/\/technofluid.it\/fr\/wp-json\/wp\/v2\/comments?post=29793"}],"version-history":[{"count":0,"href":"https:\/\/technofluid.it\/fr\/wp-json\/wp\/v2\/product\/29793\/revisions"}],"wp:featuredmedia":[{"embeddable":true,"href":"https:\/\/technofluid.it\/fr\/wp-json\/wp\/v2\/media\/38311"}],"wp:attachment":[{"href":"https:\/\/technofluid.it\/fr\/wp-json\/wp\/v2\/media?parent=29793"}],"wp:term":[{"taxonomy":"product_brand","embeddable":true,"href":"https:\/\/technofluid.it\/fr\/wp-json\/wp\/v2\/product_brand?post=29793"},{"taxonomy":"product_cat","embeddable":true,"href":"https:\/\/technofluid.it\/fr\/wp-json\/wp\/v2\/product_cat?post=29793"},{"taxonomy":"product_tag","embeddable":true,"href":"https:\/\/technofluid.it\/fr\/wp-json\/wp\/v2\/product_tag?post=29793"}],"curies":[{"name":"wp","href":"https:\/\/api.w.org\/{rel}","templated":true}]}}