{"id":29788,"date":"2025-10-25T00:01:06","date_gmt":"2025-10-25T00:01:06","guid":{"rendered":"https:\/\/technofluid.it\/prodotto\/evaporatore-frigo-ovale-7-5-l-codice-sbh00029xo-isotherm\/"},"modified":"2026-04-15T09:10:32","modified_gmt":"2026-04-15T08:10:32","slug":"evaporatore-frigo-ovale-7-5-l-codice-sbh00029xo-isotherm","status":"publish","type":"product","link":"https:\/\/technofluid.it\/fr\/produit\/evaporateur-refrigerateur-ovale-7-5-l-code-sbh00029xo-isotherm-2\/","title":{"rendered":"\u00c9vaporateur ovale pour r\u00e9frig\u00e9rateur - 7,5 L - code : SBH00029XO - Isotherm"},"content":{"rendered":"<p>\u00c9VAPORATEUR FRIGO OVALE ISOTHERM<b> 7.5L<br \/>\n<\/b>COMPLET AVEC JOINTS PARK<\/p>\n<p>CODE SBH00029XA<\/p>\n<p><b>CARACT\u00c9RISTIQUES :\u00a0<\/b><\/p>\n<p>DIMENSIONS : 32 X 10 X 23 cm<\/p>\n<p>VOLUME MAX DU FRIGO 150 L<\/p>\n<p>LITRES MAX \u2013 CONG\u00c9LATEUR (-12\u00b0)<\/p>\n<p>\u00c0 ASSOCIER AU COMPRESSEUR BD35F<\/p>\n<p>&nbsp;<\/p>","protected":false},"excerpt":{"rendered":"<p><b>CARACT\u00c9RISTIQUES :\u00a0<\/b><\/p>\n<p>DIMENSIONS : 32 X 10 X 23 cm<\/p>\n<p>VOLUME MAX DU FRIGO 150 L<\/p>\n<p>LITRES MAX \u2013 CONG\u00c9LATEUR (-12\u00b0)<\/p>\n<p>\u00c0 ASSOCIER AU COMPRESSEUR BD35F<\/p>","protected":false},"featured_media":38301,"comment_status":"open","ping_status":"closed","template":"","meta":{"_acf_changed":false,"_monsterinsights_skip_tracking":false,"_monsterinsights_sitenote_active":false,"_monsterinsights_sitenote_note":"","_monsterinsights_sitenote_category":0,"site-sidebar-layout":"default","site-content-layout":"","ast-site-content-layout":"default","site-content-style":"default","site-sidebar-style":"default","ast-global-header-display":"","ast-banner-title-visibility":"","ast-main-header-display":"","ast-hfb-above-header-display":"","ast-hfb-below-header-display":"","ast-hfb-mobile-header-display":"","site-post-title":"","ast-breadcrumbs-content":"","ast-featured-img":"","footer-sml-layout":"","ast-disable-related-posts":"","theme-transparent-header-meta":"default","adv-header-id-meta":"","stick-header-meta":"","header-above-stick-meta":"","header-main-stick-meta":"","header-below-stick-meta":"","astra-migrate-meta-layouts":"set","ast-page-background-enabled":"default","ast-page-background-meta":{"desktop":{"background-color":"var(--ast-global-color-5)","background-image":"","background-repeat":"repeat","background-position":"center center","background-size":"auto","background-attachment":"scroll","background-type":"","background-media":"","overlay-type":"","overlay-color":"","overlay-opacity":"","overlay-gradient":""},"tablet":{"background-color":"","background-image":"","background-repeat":"repeat","background-position":"center center","background-size":"auto","background-attachment":"scroll","background-type":"","background-media":"","overlay-type":"","overlay-color":"","overlay-opacity":"","overlay-gradient":""},"mobile":{"background-color":"","background-image":"","background-repeat":"repeat","background-position":"center center","background-size":"auto","background-attachment":"scroll","background-type":"","background-media":"","overlay-type":"","overlay-color":"","overlay-opacity":"","overlay-gradient":""}},"ast-content-background-meta":{"desktop":{"background-color":"var(--ast-global-color-4)","background-image":"","background-repeat":"repeat","background-position":"center center","background-size":"auto","background-attachment":"scroll","background-type":"","background-media":"","overlay-type":"","overlay-color":"","overlay-opacity":"","overlay-gradient":""},"tablet":{"background-color":"var(--ast-global-color-4)","background-image":"","background-repeat":"repeat","background-position":"center center","background-size":"auto","background-attachment":"scroll","background-type":"","background-media":"","overlay-type":"","overlay-color":"","overlay-opacity":"","overlay-gradient":""},"mobile":{"background-color":"var(--ast-global-color-4)","background-image":"","background-repeat":"repeat","background-position":"center center","background-size":"auto","background-attachment":"scroll","background-type":"","background-media":"","overlay-type":"","overlay-color":"","overlay-opacity":"","overlay-gradient":""}}},"product_brand":[],"product_cat":[977,133],"product_tag":[4849,4843,4850,3479,4851,4116,4852],"class_list":{"0":"post-29788","1":"product","2":"type-product","3":"status-publish","4":"has-post-thumbnail","6":"product_cat-indel-webasto-evaporatore","7":"product_cat-ricambistica","8":"product_tag-codice-sbh00029xa","9":"product_tag-evaporatore","10":"product_tag-evaporatore-frigo-ovale-7-5-l","11":"product_tag-frigo","12":"product_tag-isotherm-evaporatore-frigo-ova","13":"product_tag-ovale","14":"product_tag-sbh00029xa","15":"pa_supplier-bcool-engineering-srl","16":"desktop-align-left","17":"tablet-align-left","18":"mobile-align-left","20":"first","21":"instock","22":"taxable","23":"shipping-taxable","24":"purchasable","25":"product-type-simple"},"acf":[],"yoast_head":"<!-- This site is optimized with the Yoast SEO Premium plugin v26.7 (Yoast SEO v26.9) - https:\/\/yoast.com\/product\/yoast-seo-premium-wordpress\/ -->\n<title>Evaporatore Frigo Ovale 7.5L Isotherm - Codice SBH00029XO<\/title>\n<meta name=\"description\" content=\"Scopri l&#039;evaporatore frigo ovale Isotherm 7.5L, perfetto per frigo fino a 150L. Acquista ora il modello SBH00029XO, completo di giunti Park.\" \/>\n<meta name=\"robots\" content=\"index, follow, max-snippet:-1, max-image-preview:large, max-video-preview:-1\" \/>\n<link rel=\"canonical\" href=\"https:\/\/technofluid.it\/fr\/produit\/evaporateur-refrigerateur-ovale-7-5-l-code-sbh00029xo-isotherm-2\/\" \/>\n<meta property=\"og:locale\" content=\"fr_FR\" \/>\n<meta property=\"og:type\" content=\"article\" \/>\n<meta property=\"og:title\" content=\"Evaporatore frigo ovale - 7.5 L - codice: SBH00029XO - Isotherm\" \/>\n<meta property=\"og:description\" content=\"Scopri l&#039;evaporatore frigo ovale Isotherm 7.5L, perfetto per frigo fino a 150L. Acquista ora il modello SBH00029XO, completo di giunti Park.\" \/>\n<meta property=\"og:url\" content=\"https:\/\/technofluid.it\/fr\/produit\/evaporateur-refrigerateur-ovale-7-5-l-code-sbh00029xo-isotherm-2\/\" \/>\n<meta property=\"og:site_name\" content=\"Technofluid\" \/>\n<meta property=\"article:modified_time\" content=\"2026-04-15T08:10:32+00:00\" \/>\n<meta property=\"og:image\" content=\"https:\/\/technofluid.it\/wp-content\/uploads\/2026\/01\/410-Evaporatore-frigo-ovale-7.5-L-codice-SBH00029XO-Isotherm.jpg\" \/>\n\t<meta property=\"og:image:width\" content=\"800\" \/>\n\t<meta property=\"og:image:height\" content=\"800\" \/>\n\t<meta property=\"og:image:type\" content=\"image\/jpeg\" \/>\n<meta name=\"twitter:card\" content=\"summary_large_image\" \/>\n<meta name=\"twitter:label1\" content=\"Prix\" \/>\n\t<meta name=\"twitter:data1\" content=\"209,02&nbsp;&euro; Iva esclusa\" \/>\n\t<meta name=\"twitter:label2\" content=\"Disponibilit\u00e9\" \/>\n\t<meta name=\"twitter:data2\" content=\"En stock\" \/>\n<script type=\"application\/ld+json\" class=\"yoast-schema-graph\">{\"@context\":\"https:\/\/schema.org\",\"@graph\":[{\"@type\":\"WebPage\",\"@id\":\"https:\/\/technofluid.it\/prodotto\/evaporatore-frigo-ovale-7-5-l-codice-sbh00029xo-isotherm\/\",\"url\":\"https:\/\/technofluid.it\/prodotto\/evaporatore-frigo-ovale-7-5-l-codice-sbh00029xo-isotherm\/\",\"name\":\"Evaporatore Frigo Ovale 7.5L Isotherm - Codice SBH00029XO\",\"isPartOf\":{\"@id\":\"https:\/\/technofluid.it\/#website\"},\"primaryImageOfPage\":{\"@id\":\"https:\/\/technofluid.it\/prodotto\/evaporatore-frigo-ovale-7-5-l-codice-sbh00029xo-isotherm\/#primaryimage\"},\"image\":{\"@id\":\"https:\/\/technofluid.it\/prodotto\/evaporatore-frigo-ovale-7-5-l-codice-sbh00029xo-isotherm\/#primaryimage\"},\"thumbnailUrl\":\"https:\/\/technofluid.it\/wp-content\/uploads\/2026\/01\/410-Evaporatore-frigo-ovale-7.5-L-codice-SBH00029XO-Isotherm.jpg\",\"datePublished\":\"2025-10-25T00:01:06+00:00\",\"dateModified\":\"2026-04-15T08:10:32+00:00\",\"description\":\"Scopri l'evaporatore frigo ovale Isotherm 7.5L, perfetto per frigo fino a 150L. Acquista ora il modello SBH00029XO, completo di giunti Park.\",\"breadcrumb\":{\"@id\":\"https:\/\/technofluid.it\/prodotto\/evaporatore-frigo-ovale-7-5-l-codice-sbh00029xo-isotherm\/#breadcrumb\"},\"inLanguage\":\"fr-FR\",\"potentialAction\":[{\"@type\":\"ReadAction\",\"target\":[\"https:\/\/technofluid.it\/prodotto\/evaporatore-frigo-ovale-7-5-l-codice-sbh00029xo-isotherm\/\"]}]},{\"@type\":\"ImageObject\",\"inLanguage\":\"fr-FR\",\"@id\":\"https:\/\/technofluid.it\/prodotto\/evaporatore-frigo-ovale-7-5-l-codice-sbh00029xo-isotherm\/#primaryimage\",\"url\":\"https:\/\/technofluid.it\/wp-content\/uploads\/2026\/01\/410-Evaporatore-frigo-ovale-7.5-L-codice-SBH00029XO-Isotherm.jpg\",\"contentUrl\":\"https:\/\/technofluid.it\/wp-content\/uploads\/2026\/01\/410-Evaporatore-frigo-ovale-7.5-L-codice-SBH00029XO-Isotherm.jpg\",\"width\":800,\"height\":800,\"caption\":\"Immagine di un evaporatore frigo ovale con dimensioni e collegamenti, modello Isotherm.\"},{\"@type\":\"BreadcrumbList\",\"@id\":\"https:\/\/technofluid.it\/prodotto\/evaporatore-frigo-ovale-7-5-l-codice-sbh00029xo-isotherm\/#breadcrumb\",\"itemListElement\":[{\"@type\":\"ListItem\",\"position\":1,\"name\":\"Home\",\"item\":\"https:\/\/technofluid.it\/\"},{\"@type\":\"ListItem\",\"position\":2,\"name\":\"Shop\",\"item\":\"https:\/\/technofluid.it\/shop\/\"},{\"@type\":\"ListItem\",\"position\":3,\"name\":\"Evaporatore frigo ovale &#8211; 7.5 L &#8211; codice: SBH00029XO &#8211; Isotherm\"}]},{\"@type\":\"WebSite\",\"@id\":\"https:\/\/technofluid.it\/#website\",\"url\":\"https:\/\/technofluid.it\/\",\"name\":\"Technofluid S.R.L.\",\"description\":\"Dal 1999 siamo specializzati nell&#039;impiantistica navale, idraulica, civile e industriale\",\"publisher\":{\"@id\":\"https:\/\/technofluid.it\/#organization\"},\"potentialAction\":[{\"@type\":\"SearchAction\",\"target\":{\"@type\":\"EntryPoint\",\"urlTemplate\":\"https:\/\/technofluid.it\/?s={search_term_string}\"},\"query-input\":{\"@type\":\"PropertyValueSpecification\",\"valueRequired\":true,\"valueName\":\"search_term_string\"}}],\"inLanguage\":\"fr-FR\"},{\"@type\":\"Organization\",\"@id\":\"https:\/\/technofluid.it\/#organization\",\"name\":\"Technofluid\",\"url\":\"https:\/\/technofluid.it\/\",\"logo\":{\"@type\":\"ImageObject\",\"inLanguage\":\"fr-FR\",\"@id\":\"https:\/\/technofluid.it\/#\/schema\/logo\/image\/\",\"url\":\"https:\/\/technofluid.it\/wp-content\/uploads\/2025\/12\/technofluid_bianco-logo.webp\",\"contentUrl\":\"https:\/\/technofluid.it\/wp-content\/uploads\/2025\/12\/technofluid_bianco-logo.webp\",\"width\":350,\"height\":116,\"caption\":\"Technofluid\"},\"image\":{\"@id\":\"https:\/\/technofluid.it\/#\/schema\/logo\/image\/\"},\"description\":\"La Technofluid S.r.l. nasce nel 1999 a Barcellona Pozzo di Gotto, in provincia di Messina, con l\u2019obiettivo di diventare un punto di riferimento nel settore dell\u2019impiantistica navale, idraulica, civile e industriale.\",\"email\":\"info@technofluid.it\",\"telephone\":\"0907386877\",\"legalName\":\"Technofluid S.R.L\",\"vatID\":\"IT03148240835\",\"taxID\":\"03148240835\",\"ownershipFundingInfo\":\"https:\/\/technofluid.it\/azienda\/\"}]}<\/script>\n<meta property=\"product:price:amount\" content=\"209.02\" \/>\n<meta property=\"product:price:currency\" content=\"EUR\" \/>\n<meta property=\"og:availability\" content=\"instock\" \/>\n<meta property=\"product:availability\" content=\"instock\" \/>\n<meta property=\"product:retailer_item_id\" content=\"IND0000000016\" \/>\n<meta property=\"product:condition\" content=\"new\" \/>\n<!-- \/ Yoast SEO Premium plugin. -->","yoast_head_json":{"title":"Evaporateur R\u00e9frig\u00e9rateur Ovale 7.5L Isotherm - Code SBH00029XO","description":"D\u00e9couvrez l'\u00e9vaporateur frigo ovale Isotherm 7.5L, parfait pour frigos jusqu'\u00e0 150L. Achetez maintenant le mod\u00e8le SBH00029XO, complet avec joints Park.","robots":{"index":"index","follow":"follow","max-snippet":"max-snippet:-1","max-image-preview":"max-image-preview:large","max-video-preview":"max-video-preview:-1"},"canonical":"https:\/\/technofluid.it\/fr\/produit\/evaporateur-refrigerateur-ovale-7-5-l-code-sbh00029xo-isotherm-2\/","og_locale":"fr_FR","og_type":"article","og_title":"Evaporatore frigo ovale - 7.5 L - codice: SBH00029XO - Isotherm","og_description":"Scopri l'evaporatore frigo ovale Isotherm 7.5L, perfetto per frigo fino a 150L. Acquista ora il modello SBH00029XO, completo di giunti Park.","og_url":"https:\/\/technofluid.it\/fr\/produit\/evaporateur-refrigerateur-ovale-7-5-l-code-sbh00029xo-isotherm-2\/","og_site_name":"Technofluid","article_modified_time":"2026-04-15T08:10:32+00:00","og_image":[{"width":800,"height":800,"url":"https:\/\/technofluid.it\/wp-content\/uploads\/2026\/01\/410-Evaporatore-frigo-ovale-7.5-L-codice-SBH00029XO-Isotherm.jpg","type":"image\/jpeg"}],"twitter_card":"summary_large_image","twitter_misc":{"Prix":"209,02&nbsp;&euro; Iva esclusa","Disponibilit\u00e9":"En stock"},"schema":{"@context":"https:\/\/schema.org","@graph":[{"@type":"WebPage","@id":"https:\/\/technofluid.it\/prodotto\/evaporatore-frigo-ovale-7-5-l-codice-sbh00029xo-isotherm\/","url":"https:\/\/technofluid.it\/prodotto\/evaporatore-frigo-ovale-7-5-l-codice-sbh00029xo-isotherm\/","name":"Evaporateur R\u00e9frig\u00e9rateur Ovale 7.5L Isotherm - Code SBH00029XO","isPartOf":{"@id":"https:\/\/technofluid.it\/#website"},"primaryImageOfPage":{"@id":"https:\/\/technofluid.it\/prodotto\/evaporatore-frigo-ovale-7-5-l-codice-sbh00029xo-isotherm\/#primaryimage"},"image":{"@id":"https:\/\/technofluid.it\/prodotto\/evaporatore-frigo-ovale-7-5-l-codice-sbh00029xo-isotherm\/#primaryimage"},"thumbnailUrl":"https:\/\/technofluid.it\/wp-content\/uploads\/2026\/01\/410-Evaporatore-frigo-ovale-7.5-L-codice-SBH00029XO-Isotherm.jpg","datePublished":"2025-10-25T00:01:06+00:00","dateModified":"2026-04-15T08:10:32+00:00","description":"D\u00e9couvrez l'\u00e9vaporateur frigo ovale Isotherm 7.5L, parfait pour frigos jusqu'\u00e0 150L. Achetez maintenant le mod\u00e8le SBH00029XO, complet avec joints Park.","breadcrumb":{"@id":"https:\/\/technofluid.it\/prodotto\/evaporatore-frigo-ovale-7-5-l-codice-sbh00029xo-isotherm\/#breadcrumb"},"inLanguage":"fr-FR","potentialAction":[{"@type":"ReadAction","target":["https:\/\/technofluid.it\/prodotto\/evaporatore-frigo-ovale-7-5-l-codice-sbh00029xo-isotherm\/"]}]},{"@type":"ImageObject","inLanguage":"fr-FR","@id":"https:\/\/technofluid.it\/prodotto\/evaporatore-frigo-ovale-7-5-l-codice-sbh00029xo-isotherm\/#primaryimage","url":"https:\/\/technofluid.it\/wp-content\/uploads\/2026\/01\/410-Evaporatore-frigo-ovale-7.5-L-codice-SBH00029XO-Isotherm.jpg","contentUrl":"https:\/\/technofluid.it\/wp-content\/uploads\/2026\/01\/410-Evaporatore-frigo-ovale-7.5-L-codice-SBH00029XO-Isotherm.jpg","width":800,"height":800,"caption":"Immagine di un evaporatore frigo ovale con dimensioni e collegamenti, modello Isotherm."},{"@type":"BreadcrumbList","@id":"https:\/\/technofluid.it\/prodotto\/evaporatore-frigo-ovale-7-5-l-codice-sbh00029xo-isotherm\/#breadcrumb","itemListElement":[{"@type":"ListItem","position":1,"name":"Home","item":"https:\/\/technofluid.it\/"},{"@type":"ListItem","position":2,"name":"Shop","item":"https:\/\/technofluid.it\/shop\/"},{"@type":"ListItem","position":3,"name":"Evaporatore frigo ovale &#8211; 7.5 L &#8211; codice: SBH00029XO &#8211; Isotherm"}]},{"@type":"WebSite","@id":"https:\/\/technofluid.it\/#website","url":"https:\/\/technofluid.it\/","name":"Technofluid S.R.L.","description":"Depuis 1999, nous sommes sp\u00e9cialis\u00e9s dans les installations marines, de plomberie, civiles et industrielles.","publisher":{"@id":"https:\/\/technofluid.it\/#organization"},"potentialAction":[{"@type":"SearchAction","target":{"@type":"EntryPoint","urlTemplate":"https:\/\/technofluid.it\/?s={search_term_string}"},"query-input":{"@type":"PropertyValueSpecification","valueRequired":true,"valueName":"search_term_string"}}],"inLanguage":"fr-FR"},{"@type":"Organization","@id":"https:\/\/technofluid.it\/#organization","name":"Technofluid","url":"https:\/\/technofluid.it\/","logo":{"@type":"ImageObject","inLanguage":"fr-FR","@id":"https:\/\/technofluid.it\/#\/schema\/logo\/image\/","url":"https:\/\/technofluid.it\/wp-content\/uploads\/2025\/12\/technofluid_bianco-logo.webp","contentUrl":"https:\/\/technofluid.it\/wp-content\/uploads\/2025\/12\/technofluid_bianco-logo.webp","width":350,"height":116,"caption":"Technofluid"},"image":{"@id":"https:\/\/technofluid.it\/#\/schema\/logo\/image\/"},"description":"La Technofluid S.r.l. est n\u00e9e en 1999 \u00e0 Barcellona Pozzo di Gotto, dans la province de Messine, avec l'objectif de devenir un point de r\u00e9f\u00e9rence dans le secteur de l'installation navale, hydraulique, civile et industrielle.","email":"info@technofluid.it","telephone":"0907386877","legalName":"Technofluid S.R.L","vatID":"IT03148240835","taxID":"03148240835","ownershipFundingInfo":"https:\/\/technofluid.it\/azienda\/"}]},"product_price_amount":"209.02","product_price_currency":"EUR","og_availability":"instock","product_availability":"instock","product_retailer_item_id":"IND0000000016","product_condition":"new"},"_links":{"self":[{"href":"https:\/\/technofluid.it\/fr\/wp-json\/wp\/v2\/product\/29788","targetHints":{"allow":["GET"]}}],"collection":[{"href":"https:\/\/technofluid.it\/fr\/wp-json\/wp\/v2\/product"}],"about":[{"href":"https:\/\/technofluid.it\/fr\/wp-json\/wp\/v2\/types\/product"}],"replies":[{"embeddable":true,"href":"https:\/\/technofluid.it\/fr\/wp-json\/wp\/v2\/comments?post=29788"}],"version-history":[{"count":0,"href":"https:\/\/technofluid.it\/fr\/wp-json\/wp\/v2\/product\/29788\/revisions"}],"wp:featuredmedia":[{"embeddable":true,"href":"https:\/\/technofluid.it\/fr\/wp-json\/wp\/v2\/media\/38301"}],"wp:attachment":[{"href":"https:\/\/technofluid.it\/fr\/wp-json\/wp\/v2\/media?parent=29788"}],"wp:term":[{"taxonomy":"product_brand","embeddable":true,"href":"https:\/\/technofluid.it\/fr\/wp-json\/wp\/v2\/product_brand?post=29788"},{"taxonomy":"product_cat","embeddable":true,"href":"https:\/\/technofluid.it\/fr\/wp-json\/wp\/v2\/product_cat?post=29788"},{"taxonomy":"product_tag","embeddable":true,"href":"https:\/\/technofluid.it\/fr\/wp-json\/wp\/v2\/product_tag?post=29788"}],"curies":[{"name":"wp","href":"https:\/\/api.w.org\/{rel}","templated":true}]}}