{"id":29786,"date":"2025-10-25T00:01:06","date_gmt":"2025-10-25T00:01:06","guid":{"rendered":"https:\/\/technofluid.it\/prodotto\/evaporatore-completo-unita-refrigerante-ve-150-giunti-parker-5450-codice-sbh00108xa-isotherm\/"},"modified":"2026-04-15T10:30:16","modified_gmt":"2026-04-15T09:30:16","slug":"evaporatore-completo-unit-refrigerante-ve-150-giunti-parker-5450-codice-sbh00108xa-isotherm","status":"publish","type":"product","link":"https:\/\/technofluid.it\/fr\/produit\/evaporateur-complet-unite-refrigerante-ve-150-joints-parker-5450-code-sbh00108xa-isotherm-2\/","title":{"rendered":"Evaporateur groupe froid complet VE 150, raccords parker 5450 - code : SBH00108XA - Isotherm"},"content":{"rendered":"<p>\u00c9vaporateur \u00e0 ailettes rev\u00eatu, avec ventilateur, roulement \u00e0 billes, refroidissement rapide.<\/p>\n<p><b>CARACT\u00c9RISTIQUES :\u00a0<\/b><\/p>\n<p>DIMENSIONS : 275X220X70<\/p>\n<p>VOLUME MAX BO\u00ceTE FRIGO : 150l<\/p>\n<p>VOLUME MAX BO\u00ceTE FRIGO \u2013 Cong\u00e9lateur (-12\u00b0)<\/p>\n<p>Compresseur \u00e0 associer BD35F<\/p>","protected":false},"excerpt":{"rendered":"<p><b><span style=\"vertical-align: inherit;\"><span style=\"vertical-align: inherit;\">Caract\u00e9ristiques principales :<\/span><\/span><\/b><\/p>\n<ul>\n<li><span style=\"vertical-align: inherit;\"><span style=\"vertical-align: inherit;\">Progettato per l&#8217;unit\u00e0 frigorifero VE150<\/span><\/span><\/li>\n<li><span style=\"vertical-align: inherit;\"><span style=\"vertical-align: inherit;\">Garantit des performances de refroidissement efficaces<\/span><\/span><\/li>\n<li><span style=\"vertical-align: inherit;\"><span style=\"vertical-align: inherit;\">Include giunti Parker 5450 per l&#8217;installazione<\/span><\/span><\/li>\n<\/ul>\n<p><b><span style=\"vertical-align: inherit;\"><span style=\"vertical-align: inherit;\">Sp\u00e9cifications :<\/span><\/span><\/b><\/p>\n<ul>\n<li><span style=\"vertical-align: inherit;\"><span style=\"vertical-align: inherit;\">Mod\u00e8le : SBH00108XA<\/span><\/span><\/li>\n<li><span style=\"vertical-align: inherit;\"><span style=\"vertical-align: inherit;\">Type : \u00c9vaporateur complet<\/span><\/span><\/li>\n<li><span style=\"vertical-align: inherit;\"><span style=\"vertical-align: inherit;\">Application : Unit\u00e9 frigorifique VE150<\/span><\/span><\/li>\n<li><span style=\"vertical-align: inherit;\"><span style=\"vertical-align: inherit;\">Comprend : raccords Parker 5450<\/span><\/span><\/li>\n<\/ul>","protected":false},"featured_media":38295,"comment_status":"open","ping_status":"closed","template":"","meta":{"_acf_changed":false,"_monsterinsights_skip_tracking":false,"_monsterinsights_sitenote_active":false,"_monsterinsights_sitenote_note":"","_monsterinsights_sitenote_category":0,"site-sidebar-layout":"default","site-content-layout":"","ast-site-content-layout":"default","site-content-style":"default","site-sidebar-style":"default","ast-global-header-display":"","ast-banner-title-visibility":"","ast-main-header-display":"","ast-hfb-above-header-display":"","ast-hfb-below-header-display":"","ast-hfb-mobile-header-display":"","site-post-title":"","ast-breadcrumbs-content":"","ast-featured-img":"","footer-sml-layout":"","ast-disable-related-posts":"","theme-transparent-header-meta":"default","adv-header-id-meta":"","stick-header-meta":"","header-above-stick-meta":"","header-main-stick-meta":"","header-below-stick-meta":"","astra-migrate-meta-layouts":"set","ast-page-background-enabled":"default","ast-page-background-meta":{"desktop":{"background-color":"var(--ast-global-color-5)","background-image":"","background-repeat":"repeat","background-position":"center center","background-size":"auto","background-attachment":"scroll","background-type":"","background-media":"","overlay-type":"","overlay-color":"","overlay-opacity":"","overlay-gradient":""},"tablet":{"background-color":"","background-image":"","background-repeat":"repeat","background-position":"center center","background-size":"auto","background-attachment":"scroll","background-type":"","background-media":"","overlay-type":"","overlay-color":"","overlay-opacity":"","overlay-gradient":""},"mobile":{"background-color":"","background-image":"","background-repeat":"repeat","background-position":"center center","background-size":"auto","background-attachment":"scroll","background-type":"","background-media":"","overlay-type":"","overlay-color":"","overlay-opacity":"","overlay-gradient":""}},"ast-content-background-meta":{"desktop":{"background-color":"var(--ast-global-color-4)","background-image":"","background-repeat":"repeat","background-position":"center center","background-size":"auto","background-attachment":"scroll","background-type":"","background-media":"","overlay-type":"","overlay-color":"","overlay-opacity":"","overlay-gradient":""},"tablet":{"background-color":"var(--ast-global-color-4)","background-image":"","background-repeat":"repeat","background-position":"center center","background-size":"auto","background-attachment":"scroll","background-type":"","background-media":"","overlay-type":"","overlay-color":"","overlay-opacity":"","overlay-gradient":""},"mobile":{"background-color":"var(--ast-global-color-4)","background-image":"","background-repeat":"repeat","background-position":"center center","background-size":"auto","background-attachment":"scroll","background-type":"","background-media":"","overlay-type":"","overlay-color":"","overlay-opacity":"","overlay-gradient":""}}},"product_brand":[],"product_cat":[977,133],"product_tag":[4841,4842,4843,4844,4845,4846],"class_list":{"0":"post-29786","1":"product","2":"type-product","3":"status-publish","4":"has-post-thumbnail","6":"product_cat-indel-webasto-evaporatore","7":"product_cat-ricambistica","8":"product_tag-codice-sbh00108xa","9":"product_tag-completo","10":"product_tag-evaporatore","11":"product_tag-evaporatore-completo-unita-refr","12":"product_tag-isotherm-evaporatore-completo","13":"product_tag-sbh00108xa","14":"pa_supplier-bcool-engineering-srl","15":"desktop-align-left","16":"tablet-align-left","17":"mobile-align-left","19":"first","20":"instock","21":"taxable","22":"shipping-taxable","23":"purchasable","24":"product-type-simple"},"acf":[],"yoast_head":"<!-- This site is optimized with the Yoast SEO Premium plugin v26.7 (Yoast SEO v26.9) - https:\/\/yoast.com\/product\/yoast-seo-premium-wordpress\/ -->\n<title>Evaporatore refrigerante VE 150 completo e rapido<\/title>\n<meta name=\"description\" content=\"Scopri l&#039;evaporatore refrigerante VE 150 con raffreddamento rapido e giunti Parker. Perfetto per frigo fino a 150l. Acquista ora!\" \/>\n<meta name=\"robots\" content=\"index, follow, max-snippet:-1, max-image-preview:large, max-video-preview:-1\" \/>\n<link rel=\"canonical\" href=\"https:\/\/technofluid.it\/fr\/produit\/evaporateur-complet-unite-refrigerante-ve-150-joints-parker-5450-code-sbh00108xa-isotherm-2\/\" \/>\n<meta property=\"og:locale\" content=\"fr_FR\" \/>\n<meta property=\"og:type\" content=\"article\" \/>\n<meta property=\"og:title\" content=\"Evaporatore completo unit&agrave; refrigerante VE 150, giunti parker 5450 - codice: SBH00108XA - Isotherm\" \/>\n<meta property=\"og:description\" content=\"Scopri l&#039;evaporatore refrigerante VE 150 con raffreddamento rapido e giunti Parker. Perfetto per frigo fino a 150l. Acquista ora!\" \/>\n<meta property=\"og:url\" content=\"https:\/\/technofluid.it\/fr\/produit\/evaporateur-complet-unite-refrigerante-ve-150-joints-parker-5450-code-sbh00108xa-isotherm-2\/\" \/>\n<meta property=\"og:site_name\" content=\"Technofluid\" \/>\n<meta property=\"article:modified_time\" content=\"2026-04-15T09:30:16+00:00\" \/>\n<meta property=\"og:image\" content=\"https:\/\/technofluid.it\/wp-content\/uploads\/2026\/01\/409-Evaporatore-completo-unita-refrigerante-VE-150-giunti-parker-5450-codice-SBH00108XA-Isotherm.jpg\" \/>\n\t<meta property=\"og:image:width\" content=\"800\" \/>\n\t<meta property=\"og:image:height\" content=\"800\" \/>\n\t<meta property=\"og:image:type\" content=\"image\/jpeg\" \/>\n<meta name=\"twitter:card\" content=\"summary_large_image\" \/>\n<meta name=\"twitter:label1\" content=\"Prix\" \/>\n\t<meta name=\"twitter:data1\" content=\"248,77&nbsp;&euro; Iva esclusa\" \/>\n\t<meta name=\"twitter:label2\" content=\"Disponibilit\u00e9\" \/>\n\t<meta name=\"twitter:data2\" content=\"En stock\" \/>\n<script type=\"application\/ld+json\" class=\"yoast-schema-graph\">{\"@context\":\"https:\/\/schema.org\",\"@graph\":[{\"@type\":\"WebPage\",\"@id\":\"https:\/\/technofluid.it\/prodotto\/evaporatore-completo-unit-refrigerante-ve-150-giunti-parker-5450-codice-sbh00108xa-isotherm\/\",\"url\":\"https:\/\/technofluid.it\/prodotto\/evaporatore-completo-unit-refrigerante-ve-150-giunti-parker-5450-codice-sbh00108xa-isotherm\/\",\"name\":\"Evaporatore refrigerante VE 150 completo e rapido\",\"isPartOf\":{\"@id\":\"https:\/\/technofluid.it\/#website\"},\"primaryImageOfPage\":{\"@id\":\"https:\/\/technofluid.it\/prodotto\/evaporatore-completo-unit-refrigerante-ve-150-giunti-parker-5450-codice-sbh00108xa-isotherm\/#primaryimage\"},\"image\":{\"@id\":\"https:\/\/technofluid.it\/prodotto\/evaporatore-completo-unit-refrigerante-ve-150-giunti-parker-5450-codice-sbh00108xa-isotherm\/#primaryimage\"},\"thumbnailUrl\":\"https:\/\/technofluid.it\/wp-content\/uploads\/2026\/01\/409-Evaporatore-completo-unita-refrigerante-VE-150-giunti-parker-5450-codice-SBH00108XA-Isotherm.jpg\",\"datePublished\":\"2025-10-25T00:01:06+00:00\",\"dateModified\":\"2026-04-15T09:30:16+00:00\",\"description\":\"Scopri l'evaporatore refrigerante VE 150 con raffreddamento rapido e giunti Parker. Perfetto per frigo fino a 150l. Acquista ora!\",\"breadcrumb\":{\"@id\":\"https:\/\/technofluid.it\/prodotto\/evaporatore-completo-unit-refrigerante-ve-150-giunti-parker-5450-codice-sbh00108xa-isotherm\/#breadcrumb\"},\"inLanguage\":\"fr-FR\",\"potentialAction\":[{\"@type\":\"ReadAction\",\"target\":[\"https:\/\/technofluid.it\/prodotto\/evaporatore-completo-unit-refrigerante-ve-150-giunti-parker-5450-codice-sbh00108xa-isotherm\/\"]}]},{\"@type\":\"ImageObject\",\"inLanguage\":\"fr-FR\",\"@id\":\"https:\/\/technofluid.it\/prodotto\/evaporatore-completo-unit-refrigerante-ve-150-giunti-parker-5450-codice-sbh00108xa-isotherm\/#primaryimage\",\"url\":\"https:\/\/technofluid.it\/wp-content\/uploads\/2026\/01\/409-Evaporatore-completo-unita-refrigerante-VE-150-giunti-parker-5450-codice-SBH00108XA-Isotherm.jpg\",\"contentUrl\":\"https:\/\/technofluid.it\/wp-content\/uploads\/2026\/01\/409-Evaporatore-completo-unita-refrigerante-VE-150-giunti-parker-5450-codice-SBH00108XA-Isotherm.jpg\",\"width\":800,\"height\":800,\"caption\":\"Evaporatore completo unit\u00e0 refrigerante VE 150 con giunti Parker 5450, ideale per sistemi di refrigerazione industriale.\"},{\"@type\":\"BreadcrumbList\",\"@id\":\"https:\/\/technofluid.it\/prodotto\/evaporatore-completo-unit-refrigerante-ve-150-giunti-parker-5450-codice-sbh00108xa-isotherm\/#breadcrumb\",\"itemListElement\":[{\"@type\":\"ListItem\",\"position\":1,\"name\":\"Home\",\"item\":\"https:\/\/technofluid.it\/\"},{\"@type\":\"ListItem\",\"position\":2,\"name\":\"Shop\",\"item\":\"https:\/\/technofluid.it\/shop\/\"},{\"@type\":\"ListItem\",\"position\":3,\"name\":\"Evaporatore completo unit&agrave; refrigerante VE 150, giunti parker 5450 &#8211; codice: SBH00108XA &#8211; Isotherm\"}]},{\"@type\":\"WebSite\",\"@id\":\"https:\/\/technofluid.it\/#website\",\"url\":\"https:\/\/technofluid.it\/\",\"name\":\"Technofluid S.R.L.\",\"description\":\"Dal 1999 siamo specializzati nell&#039;impiantistica navale, idraulica, civile e industriale\",\"publisher\":{\"@id\":\"https:\/\/technofluid.it\/#organization\"},\"potentialAction\":[{\"@type\":\"SearchAction\",\"target\":{\"@type\":\"EntryPoint\",\"urlTemplate\":\"https:\/\/technofluid.it\/?s={search_term_string}\"},\"query-input\":{\"@type\":\"PropertyValueSpecification\",\"valueRequired\":true,\"valueName\":\"search_term_string\"}}],\"inLanguage\":\"fr-FR\"},{\"@type\":\"Organization\",\"@id\":\"https:\/\/technofluid.it\/#organization\",\"name\":\"Technofluid\",\"url\":\"https:\/\/technofluid.it\/\",\"logo\":{\"@type\":\"ImageObject\",\"inLanguage\":\"fr-FR\",\"@id\":\"https:\/\/technofluid.it\/#\/schema\/logo\/image\/\",\"url\":\"https:\/\/technofluid.it\/wp-content\/uploads\/2025\/12\/technofluid_bianco-logo.webp\",\"contentUrl\":\"https:\/\/technofluid.it\/wp-content\/uploads\/2025\/12\/technofluid_bianco-logo.webp\",\"width\":350,\"height\":116,\"caption\":\"Technofluid\"},\"image\":{\"@id\":\"https:\/\/technofluid.it\/#\/schema\/logo\/image\/\"},\"description\":\"La Technofluid S.r.l. nasce nel 1999 a Barcellona Pozzo di Gotto, in provincia di Messina, con l\u2019obiettivo di diventare un punto di riferimento nel settore dell\u2019impiantistica navale, idraulica, civile e industriale.\",\"email\":\"info@technofluid.it\",\"telephone\":\"0907386877\",\"legalName\":\"Technofluid S.R.L\",\"vatID\":\"IT03148240835\",\"taxID\":\"03148240835\",\"ownershipFundingInfo\":\"https:\/\/technofluid.it\/azienda\/\"}]}<\/script>\n<meta property=\"product:price:amount\" content=\"248.77\" \/>\n<meta property=\"product:price:currency\" content=\"EUR\" \/>\n<meta property=\"og:availability\" content=\"instock\" \/>\n<meta property=\"product:availability\" content=\"instock\" \/>\n<meta property=\"product:retailer_item_id\" content=\"IND0000000017\" \/>\n<meta property=\"product:condition\" content=\"new\" \/>\n<!-- \/ Yoast SEO Premium plugin. -->","yoast_head_json":{"title":"\u00c9vaporateur r\u00e9frig\u00e9rant VE 150 complet et rapide","description":"D\u00e9couvrez l'\u00e9vaporateur r\u00e9frig\u00e9rant VE 150 avec refroidissement rapide et raccords Parker. Parfait pour un r\u00e9frig\u00e9rateur jusqu'\u00e0 150l. Achetez maintenant !","robots":{"index":"index","follow":"follow","max-snippet":"max-snippet:-1","max-image-preview":"max-image-preview:large","max-video-preview":"max-video-preview:-1"},"canonical":"https:\/\/technofluid.it\/fr\/produit\/evaporateur-complet-unite-refrigerante-ve-150-joints-parker-5450-code-sbh00108xa-isotherm-2\/","og_locale":"fr_FR","og_type":"article","og_title":"Evaporatore completo unit&agrave; refrigerante VE 150, giunti parker 5450 - codice: SBH00108XA - Isotherm","og_description":"Scopri l'evaporatore refrigerante VE 150 con raffreddamento rapido e giunti Parker. Perfetto per frigo fino a 150l. Acquista ora!","og_url":"https:\/\/technofluid.it\/fr\/produit\/evaporateur-complet-unite-refrigerante-ve-150-joints-parker-5450-code-sbh00108xa-isotherm-2\/","og_site_name":"Technofluid","article_modified_time":"2026-04-15T09:30:16+00:00","og_image":[{"width":800,"height":800,"url":"https:\/\/technofluid.it\/wp-content\/uploads\/2026\/01\/409-Evaporatore-completo-unita-refrigerante-VE-150-giunti-parker-5450-codice-SBH00108XA-Isotherm.jpg","type":"image\/jpeg"}],"twitter_card":"summary_large_image","twitter_misc":{"Prix":"248,77&nbsp;&euro; Iva esclusa","Disponibilit\u00e9":"En stock"},"schema":{"@context":"https:\/\/schema.org","@graph":[{"@type":"WebPage","@id":"https:\/\/technofluid.it\/prodotto\/evaporatore-completo-unit-refrigerante-ve-150-giunti-parker-5450-codice-sbh00108xa-isotherm\/","url":"https:\/\/technofluid.it\/prodotto\/evaporatore-completo-unit-refrigerante-ve-150-giunti-parker-5450-codice-sbh00108xa-isotherm\/","name":"\u00c9vaporateur r\u00e9frig\u00e9rant VE 150 complet et rapide","isPartOf":{"@id":"https:\/\/technofluid.it\/#website"},"primaryImageOfPage":{"@id":"https:\/\/technofluid.it\/prodotto\/evaporatore-completo-unit-refrigerante-ve-150-giunti-parker-5450-codice-sbh00108xa-isotherm\/#primaryimage"},"image":{"@id":"https:\/\/technofluid.it\/prodotto\/evaporatore-completo-unit-refrigerante-ve-150-giunti-parker-5450-codice-sbh00108xa-isotherm\/#primaryimage"},"thumbnailUrl":"https:\/\/technofluid.it\/wp-content\/uploads\/2026\/01\/409-Evaporatore-completo-unita-refrigerante-VE-150-giunti-parker-5450-codice-SBH00108XA-Isotherm.jpg","datePublished":"2025-10-25T00:01:06+00:00","dateModified":"2026-04-15T09:30:16+00:00","description":"D\u00e9couvrez l'\u00e9vaporateur r\u00e9frig\u00e9rant VE 150 avec refroidissement rapide et raccords Parker. Parfait pour un r\u00e9frig\u00e9rateur jusqu'\u00e0 150l. Achetez maintenant !","breadcrumb":{"@id":"https:\/\/technofluid.it\/prodotto\/evaporatore-completo-unit-refrigerante-ve-150-giunti-parker-5450-codice-sbh00108xa-isotherm\/#breadcrumb"},"inLanguage":"fr-FR","potentialAction":[{"@type":"ReadAction","target":["https:\/\/technofluid.it\/prodotto\/evaporatore-completo-unit-refrigerante-ve-150-giunti-parker-5450-codice-sbh00108xa-isotherm\/"]}]},{"@type":"ImageObject","inLanguage":"fr-FR","@id":"https:\/\/technofluid.it\/prodotto\/evaporatore-completo-unit-refrigerante-ve-150-giunti-parker-5450-codice-sbh00108xa-isotherm\/#primaryimage","url":"https:\/\/technofluid.it\/wp-content\/uploads\/2026\/01\/409-Evaporatore-completo-unita-refrigerante-VE-150-giunti-parker-5450-codice-SBH00108XA-Isotherm.jpg","contentUrl":"https:\/\/technofluid.it\/wp-content\/uploads\/2026\/01\/409-Evaporatore-completo-unita-refrigerante-VE-150-giunti-parker-5450-codice-SBH00108XA-Isotherm.jpg","width":800,"height":800,"caption":"Evaporatore completo unit\u00e0 refrigerante VE 150 con giunti Parker 5450, ideale per sistemi di refrigerazione industriale."},{"@type":"BreadcrumbList","@id":"https:\/\/technofluid.it\/prodotto\/evaporatore-completo-unit-refrigerante-ve-150-giunti-parker-5450-codice-sbh00108xa-isotherm\/#breadcrumb","itemListElement":[{"@type":"ListItem","position":1,"name":"Home","item":"https:\/\/technofluid.it\/"},{"@type":"ListItem","position":2,"name":"Shop","item":"https:\/\/technofluid.it\/shop\/"},{"@type":"ListItem","position":3,"name":"Evaporatore completo unit&agrave; refrigerante VE 150, giunti parker 5450 &#8211; codice: SBH00108XA &#8211; Isotherm"}]},{"@type":"WebSite","@id":"https:\/\/technofluid.it\/#website","url":"https:\/\/technofluid.it\/","name":"Technofluid S.R.L.","description":"Depuis 1999, nous sommes sp\u00e9cialis\u00e9s dans les installations marines, de plomberie, civiles et industrielles.","publisher":{"@id":"https:\/\/technofluid.it\/#organization"},"potentialAction":[{"@type":"SearchAction","target":{"@type":"EntryPoint","urlTemplate":"https:\/\/technofluid.it\/?s={search_term_string}"},"query-input":{"@type":"PropertyValueSpecification","valueRequired":true,"valueName":"search_term_string"}}],"inLanguage":"fr-FR"},{"@type":"Organization","@id":"https:\/\/technofluid.it\/#organization","name":"Technofluid","url":"https:\/\/technofluid.it\/","logo":{"@type":"ImageObject","inLanguage":"fr-FR","@id":"https:\/\/technofluid.it\/#\/schema\/logo\/image\/","url":"https:\/\/technofluid.it\/wp-content\/uploads\/2025\/12\/technofluid_bianco-logo.webp","contentUrl":"https:\/\/technofluid.it\/wp-content\/uploads\/2025\/12\/technofluid_bianco-logo.webp","width":350,"height":116,"caption":"Technofluid"},"image":{"@id":"https:\/\/technofluid.it\/#\/schema\/logo\/image\/"},"description":"La Technofluid S.r.l. est n\u00e9e en 1999 \u00e0 Barcellona Pozzo di Gotto, dans la province de Messine, avec l'objectif de devenir un point de r\u00e9f\u00e9rence dans le secteur de l'installation navale, hydraulique, civile et industrielle.","email":"info@technofluid.it","telephone":"0907386877","legalName":"Technofluid S.R.L","vatID":"IT03148240835","taxID":"03148240835","ownershipFundingInfo":"https:\/\/technofluid.it\/azienda\/"}]},"product_price_amount":"248.77","product_price_currency":"EUR","og_availability":"instock","product_availability":"instock","product_retailer_item_id":"IND0000000017","product_condition":"new"},"_links":{"self":[{"href":"https:\/\/technofluid.it\/fr\/wp-json\/wp\/v2\/product\/29786","targetHints":{"allow":["GET"]}}],"collection":[{"href":"https:\/\/technofluid.it\/fr\/wp-json\/wp\/v2\/product"}],"about":[{"href":"https:\/\/technofluid.it\/fr\/wp-json\/wp\/v2\/types\/product"}],"replies":[{"embeddable":true,"href":"https:\/\/technofluid.it\/fr\/wp-json\/wp\/v2\/comments?post=29786"}],"version-history":[{"count":1,"href":"https:\/\/technofluid.it\/fr\/wp-json\/wp\/v2\/product\/29786\/revisions"}],"predecessor-version":[{"id":52794,"href":"https:\/\/technofluid.it\/fr\/wp-json\/wp\/v2\/product\/29786\/revisions\/52794"}],"wp:featuredmedia":[{"embeddable":true,"href":"https:\/\/technofluid.it\/fr\/wp-json\/wp\/v2\/media\/38295"}],"wp:attachment":[{"href":"https:\/\/technofluid.it\/fr\/wp-json\/wp\/v2\/media?parent=29786"}],"wp:term":[{"taxonomy":"product_brand","embeddable":true,"href":"https:\/\/technofluid.it\/fr\/wp-json\/wp\/v2\/product_brand?post=29786"},{"taxonomy":"product_cat","embeddable":true,"href":"https:\/\/technofluid.it\/fr\/wp-json\/wp\/v2\/product_cat?post=29786"},{"taxonomy":"product_tag","embeddable":true,"href":"https:\/\/technofluid.it\/fr\/wp-json\/wp\/v2\/product_tag?post=29786"}],"curies":[{"name":"wp","href":"https:\/\/api.w.org\/{rel}","templated":true}]}}