{"id":29765,"date":"2025-10-25T00:01:03","date_gmt":"2025-10-25T00:01:03","guid":{"rendered":"https:\/\/technofluid.it\/prodotto\/elemento-di-rilevamento-della-temperatura-codice-9108533061-dometic\/"},"modified":"2026-04-15T09:32:33","modified_gmt":"2026-04-15T08:32:33","slug":"elemento-di-rilevamento-della-temperatura-codice-9108533061-dometic","status":"publish","type":"product","link":"https:\/\/technofluid.it\/fr\/produit\/element-de-detection-de-temperature-code-9108533061-dometic\/","title":{"rendered":"\u00c9l\u00e9ment de d\u00e9tection de temp\u00e9rature \u2013 code : 9108533061 \u2013 Dometic"},"content":{"rendered":"<p>\u00c9L\u00c9MENT DE D\u00c9TECTION DE LA TEMP\u00c9RATURE<br \/>\nDU C\u00c2BLE AVEC RJ11 20 <\/p>\n<p>COD 9108533061<\/p>","protected":false},"excerpt":{"rendered":"<p>\u00c9L\u00c9MENT DE D\u00c9TECTION DE LA TEMP\u00c9RATURE<\/p>","protected":false},"featured_media":38234,"comment_status":"open","ping_status":"closed","template":"","meta":{"_acf_changed":false,"_monsterinsights_skip_tracking":false,"_monsterinsights_sitenote_active":false,"_monsterinsights_sitenote_note":"","_monsterinsights_sitenote_category":0,"site-sidebar-layout":"default","site-content-layout":"","ast-site-content-layout":"default","site-content-style":"default","site-sidebar-style":"default","ast-global-header-display":"","ast-banner-title-visibility":"","ast-main-header-display":"","ast-hfb-above-header-display":"","ast-hfb-below-header-display":"","ast-hfb-mobile-header-display":"","site-post-title":"","ast-breadcrumbs-content":"","ast-featured-img":"","footer-sml-layout":"","ast-disable-related-posts":"","theme-transparent-header-meta":"default","adv-header-id-meta":"","stick-header-meta":"","header-above-stick-meta":"","header-main-stick-meta":"","header-below-stick-meta":"","astra-migrate-meta-layouts":"set","ast-page-background-enabled":"default","ast-page-background-meta":{"desktop":{"background-color":"var(--ast-global-color-5)","background-image":"","background-repeat":"repeat","background-position":"center center","background-size":"auto","background-attachment":"scroll","background-type":"","background-media":"","overlay-type":"","overlay-color":"","overlay-opacity":"","overlay-gradient":""},"tablet":{"background-color":"","background-image":"","background-repeat":"repeat","background-position":"center center","background-size":"auto","background-attachment":"scroll","background-type":"","background-media":"","overlay-type":"","overlay-color":"","overlay-opacity":"","overlay-gradient":""},"mobile":{"background-color":"","background-image":"","background-repeat":"repeat","background-position":"center center","background-size":"auto","background-attachment":"scroll","background-type":"","background-media":"","overlay-type":"","overlay-color":"","overlay-opacity":"","overlay-gradient":""}},"ast-content-background-meta":{"desktop":{"background-color":"var(--ast-global-color-4)","background-image":"","background-repeat":"repeat","background-position":"center center","background-size":"auto","background-attachment":"scroll","background-type":"","background-media":"","overlay-type":"","overlay-color":"","overlay-opacity":"","overlay-gradient":""},"tablet":{"background-color":"var(--ast-global-color-4)","background-image":"","background-repeat":"repeat","background-position":"center center","background-size":"auto","background-attachment":"scroll","background-type":"","background-media":"","overlay-type":"","overlay-color":"","overlay-opacity":"","overlay-gradient":""},"mobile":{"background-color":"var(--ast-global-color-4)","background-image":"","background-repeat":"repeat","background-position":"center center","background-size":"auto","background-attachment":"scroll","background-type":"","background-media":"","overlay-type":"","overlay-color":"","overlay-opacity":"","overlay-gradient":""}}},"product_brand":[],"product_cat":[542,133],"product_tag":[4774,4775,4776,4777,4778,4779],"class_list":{"0":"post-29765","1":"product","2":"type-product","3":"status-publish","4":"has-post-thumbnail","6":"product_cat-dometic-cavi","7":"product_cat-ricambistica","8":"product_tag-4774","9":"product_tag-codice-9108533061","10":"product_tag-dometic-elemento-di-rilevament","11":"product_tag-elemento","12":"product_tag-rilevamento","13":"product_tag-rilevamento-della-temperatura","14":"pa_supplier-dometic-italy-marine-srl","15":"desktop-align-left","16":"tablet-align-left","17":"mobile-align-left","19":"first","20":"outofstock","21":"taxable","22":"shipping-taxable","23":"purchasable","24":"product-type-simple"},"acf":[],"yoast_head":"<!-- This site is optimized with the Yoast SEO Premium plugin v26.7 (Yoast SEO v26.9) - https:\/\/yoast.com\/product\/yoast-seo-premium-wordpress\/ -->\n<title>Elemento Temperatura Dometic con Cavo RJ11 - Codice 9108533061<\/title>\n<meta name=\"description\" content=\"Scopri l&#039;elemento temperatura Dometic con cavo RJ11, codice 9108533061. Affidabile e preciso, perfetto per il tuo sistema. Acquista ora!\" \/>\n<meta name=\"robots\" content=\"index, follow, max-snippet:-1, max-image-preview:large, max-video-preview:-1\" \/>\n<link rel=\"canonical\" href=\"https:\/\/technofluid.it\/fr\/produit\/element-de-detection-de-temperature-code-9108533061-dometic\/\" \/>\n<meta property=\"og:locale\" content=\"fr_FR\" \/>\n<meta property=\"og:type\" content=\"article\" \/>\n<meta property=\"og:title\" content=\"Elemento di rilevamento della temperatura &ndash; codice: 9108533061 &ndash; Dometic\" \/>\n<meta property=\"og:description\" content=\"Scopri l&#039;elemento temperatura Dometic con cavo RJ11, codice 9108533061. Affidabile e preciso, perfetto per il tuo sistema. Acquista ora!\" \/>\n<meta property=\"og:url\" content=\"https:\/\/technofluid.it\/fr\/produit\/element-de-detection-de-temperature-code-9108533061-dometic\/\" \/>\n<meta property=\"og:site_name\" content=\"Technofluid\" \/>\n<meta property=\"article:modified_time\" content=\"2026-04-15T08:32:33+00:00\" \/>\n<meta property=\"og:image\" content=\"https:\/\/technofluid.it\/wp-content\/uploads\/2026\/01\/1119-Elemento-di-rilevamento-della-temperatura-codice-9108533061-Dometic.jpg\" \/>\n\t<meta property=\"og:image:width\" content=\"700\" \/>\n\t<meta property=\"og:image:height\" content=\"892\" \/>\n\t<meta property=\"og:image:type\" content=\"image\/png\" \/>\n<meta name=\"twitter:card\" content=\"summary_large_image\" \/>\n<meta name=\"twitter:label1\" content=\"Prix\" \/>\n\t<meta name=\"twitter:data1\" content=\"58,20&nbsp;&euro; Iva esclusa\" \/>\n\t<meta name=\"twitter:label2\" content=\"Disponibilit\u00e9\" \/>\n\t<meta name=\"twitter:data2\" content=\"Rupture de stock\" \/>\n<script type=\"application\/ld+json\" class=\"yoast-schema-graph\">{\"@context\":\"https:\/\/schema.org\",\"@graph\":[{\"@type\":\"WebPage\",\"@id\":\"https:\/\/technofluid.it\/prodotto\/elemento-di-rilevamento-della-temperatura-codice-9108533061-dometic\/\",\"url\":\"https:\/\/technofluid.it\/prodotto\/elemento-di-rilevamento-della-temperatura-codice-9108533061-dometic\/\",\"name\":\"Elemento Temperatura Dometic con Cavo RJ11 - Codice 9108533061\",\"isPartOf\":{\"@id\":\"https:\/\/technofluid.it\/#website\"},\"primaryImageOfPage\":{\"@id\":\"https:\/\/technofluid.it\/prodotto\/elemento-di-rilevamento-della-temperatura-codice-9108533061-dometic\/#primaryimage\"},\"image\":{\"@id\":\"https:\/\/technofluid.it\/prodotto\/elemento-di-rilevamento-della-temperatura-codice-9108533061-dometic\/#primaryimage\"},\"thumbnailUrl\":\"https:\/\/technofluid.it\/wp-content\/uploads\/2026\/01\/1119-Elemento-di-rilevamento-della-temperatura-codice-9108533061-Dometic.jpg\",\"datePublished\":\"2025-10-25T00:01:03+00:00\",\"dateModified\":\"2026-04-15T08:32:33+00:00\",\"description\":\"Scopri l'elemento temperatura Dometic con cavo RJ11, codice 9108533061. Affidabile e preciso, perfetto per il tuo sistema. Acquista ora!\",\"breadcrumb\":{\"@id\":\"https:\/\/technofluid.it\/prodotto\/elemento-di-rilevamento-della-temperatura-codice-9108533061-dometic\/#breadcrumb\"},\"inLanguage\":\"fr-FR\",\"potentialAction\":[{\"@type\":\"ReadAction\",\"target\":[\"https:\/\/technofluid.it\/prodotto\/elemento-di-rilevamento-della-temperatura-codice-9108533061-dometic\/\"]}]},{\"@type\":\"ImageObject\",\"inLanguage\":\"fr-FR\",\"@id\":\"https:\/\/technofluid.it\/prodotto\/elemento-di-rilevamento-della-temperatura-codice-9108533061-dometic\/#primaryimage\",\"url\":\"https:\/\/technofluid.it\/wp-content\/uploads\/2026\/01\/1119-Elemento-di-rilevamento-della-temperatura-codice-9108533061-Dometic.jpg\",\"contentUrl\":\"https:\/\/technofluid.it\/wp-content\/uploads\/2026\/01\/1119-Elemento-di-rilevamento-della-temperatura-codice-9108533061-Dometic.jpg\",\"width\":700,\"height\":892,\"caption\":\"Elemento di rilevamento della temperatura Dometic, codice: 9108533061, utilizzato per sistemi di controllo della temperatura.\"},{\"@type\":\"BreadcrumbList\",\"@id\":\"https:\/\/technofluid.it\/prodotto\/elemento-di-rilevamento-della-temperatura-codice-9108533061-dometic\/#breadcrumb\",\"itemListElement\":[{\"@type\":\"ListItem\",\"position\":1,\"name\":\"Home\",\"item\":\"https:\/\/technofluid.it\/\"},{\"@type\":\"ListItem\",\"position\":2,\"name\":\"Shop\",\"item\":\"https:\/\/technofluid.it\/shop\/\"},{\"@type\":\"ListItem\",\"position\":3,\"name\":\"Elemento di rilevamento della temperatura &ndash; codice: 9108533061 &ndash; Dometic\"}]},{\"@type\":\"WebSite\",\"@id\":\"https:\/\/technofluid.it\/#website\",\"url\":\"https:\/\/technofluid.it\/\",\"name\":\"Technofluid S.R.L.\",\"description\":\"Dal 1999 siamo specializzati nell&#039;impiantistica navale, idraulica, civile e industriale\",\"publisher\":{\"@id\":\"https:\/\/technofluid.it\/#organization\"},\"potentialAction\":[{\"@type\":\"SearchAction\",\"target\":{\"@type\":\"EntryPoint\",\"urlTemplate\":\"https:\/\/technofluid.it\/?s={search_term_string}\"},\"query-input\":{\"@type\":\"PropertyValueSpecification\",\"valueRequired\":true,\"valueName\":\"search_term_string\"}}],\"inLanguage\":\"fr-FR\"},{\"@type\":\"Organization\",\"@id\":\"https:\/\/technofluid.it\/#organization\",\"name\":\"Technofluid\",\"url\":\"https:\/\/technofluid.it\/\",\"logo\":{\"@type\":\"ImageObject\",\"inLanguage\":\"fr-FR\",\"@id\":\"https:\/\/technofluid.it\/#\/schema\/logo\/image\/\",\"url\":\"https:\/\/technofluid.it\/wp-content\/uploads\/2025\/12\/technofluid_bianco-logo.webp\",\"contentUrl\":\"https:\/\/technofluid.it\/wp-content\/uploads\/2025\/12\/technofluid_bianco-logo.webp\",\"width\":350,\"height\":116,\"caption\":\"Technofluid\"},\"image\":{\"@id\":\"https:\/\/technofluid.it\/#\/schema\/logo\/image\/\"},\"description\":\"La Technofluid S.r.l. nasce nel 1999 a Barcellona Pozzo di Gotto, in provincia di Messina, con l\u2019obiettivo di diventare un punto di riferimento nel settore dell\u2019impiantistica navale, idraulica, civile e industriale.\",\"email\":\"info@technofluid.it\",\"telephone\":\"0907386877\",\"legalName\":\"Technofluid S.R.L\",\"vatID\":\"IT03148240835\",\"taxID\":\"03148240835\",\"ownershipFundingInfo\":\"https:\/\/technofluid.it\/azienda\/\"}]}<\/script>\n<meta property=\"product:price:amount\" content=\"58.20\" \/>\n<meta property=\"product:price:currency\" content=\"EUR\" \/>\n<meta property=\"og:availability\" content=\"out of stock\" \/>\n<meta property=\"product:availability\" content=\"out of stock\" \/>\n<meta property=\"product:retailer_item_id\" content=\"DOM000000024\" \/>\n<meta property=\"product:condition\" content=\"new\" \/>\n<!-- \/ Yoast SEO Premium plugin. -->","yoast_head_json":{"title":"\u00c9l\u00e9ment de temp\u00e9rature Dometic avec c\u00e2ble RJ11 - Code 9108533061","description":"D\u00e9couvrez l'\u00e9l\u00e9ment de temp\u00e9rature Dometic avec c\u00e2ble RJ11, code 9108533061. Fiable et pr\u00e9cis, parfait pour votre syst\u00e8me. Achetez maintenant !","robots":{"index":"index","follow":"follow","max-snippet":"max-snippet:-1","max-image-preview":"max-image-preview:large","max-video-preview":"max-video-preview:-1"},"canonical":"https:\/\/technofluid.it\/fr\/produit\/element-de-detection-de-temperature-code-9108533061-dometic\/","og_locale":"fr_FR","og_type":"article","og_title":"Elemento di rilevamento della temperatura &ndash; codice: 9108533061 &ndash; Dometic","og_description":"Scopri l'elemento temperatura Dometic con cavo RJ11, codice 9108533061. Affidabile e preciso, perfetto per il tuo sistema. Acquista ora!","og_url":"https:\/\/technofluid.it\/fr\/produit\/element-de-detection-de-temperature-code-9108533061-dometic\/","og_site_name":"Technofluid","article_modified_time":"2026-04-15T08:32:33+00:00","og_image":[{"width":700,"height":892,"url":"https:\/\/technofluid.it\/wp-content\/uploads\/2026\/01\/1119-Elemento-di-rilevamento-della-temperatura-codice-9108533061-Dometic.jpg","type":"image\/png"}],"twitter_card":"summary_large_image","twitter_misc":{"Prix":"58,20&nbsp;&euro; Iva esclusa","Disponibilit\u00e9":"Rupture de stock"},"schema":{"@context":"https:\/\/schema.org","@graph":[{"@type":"WebPage","@id":"https:\/\/technofluid.it\/prodotto\/elemento-di-rilevamento-della-temperatura-codice-9108533061-dometic\/","url":"https:\/\/technofluid.it\/prodotto\/elemento-di-rilevamento-della-temperatura-codice-9108533061-dometic\/","name":"\u00c9l\u00e9ment de temp\u00e9rature Dometic avec c\u00e2ble RJ11 - Code 9108533061","isPartOf":{"@id":"https:\/\/technofluid.it\/#website"},"primaryImageOfPage":{"@id":"https:\/\/technofluid.it\/prodotto\/elemento-di-rilevamento-della-temperatura-codice-9108533061-dometic\/#primaryimage"},"image":{"@id":"https:\/\/technofluid.it\/prodotto\/elemento-di-rilevamento-della-temperatura-codice-9108533061-dometic\/#primaryimage"},"thumbnailUrl":"https:\/\/technofluid.it\/wp-content\/uploads\/2026\/01\/1119-Elemento-di-rilevamento-della-temperatura-codice-9108533061-Dometic.jpg","datePublished":"2025-10-25T00:01:03+00:00","dateModified":"2026-04-15T08:32:33+00:00","description":"D\u00e9couvrez l'\u00e9l\u00e9ment de temp\u00e9rature Dometic avec c\u00e2ble RJ11, code 9108533061. Fiable et pr\u00e9cis, parfait pour votre syst\u00e8me. Achetez maintenant !","breadcrumb":{"@id":"https:\/\/technofluid.it\/prodotto\/elemento-di-rilevamento-della-temperatura-codice-9108533061-dometic\/#breadcrumb"},"inLanguage":"fr-FR","potentialAction":[{"@type":"ReadAction","target":["https:\/\/technofluid.it\/prodotto\/elemento-di-rilevamento-della-temperatura-codice-9108533061-dometic\/"]}]},{"@type":"ImageObject","inLanguage":"fr-FR","@id":"https:\/\/technofluid.it\/prodotto\/elemento-di-rilevamento-della-temperatura-codice-9108533061-dometic\/#primaryimage","url":"https:\/\/technofluid.it\/wp-content\/uploads\/2026\/01\/1119-Elemento-di-rilevamento-della-temperatura-codice-9108533061-Dometic.jpg","contentUrl":"https:\/\/technofluid.it\/wp-content\/uploads\/2026\/01\/1119-Elemento-di-rilevamento-della-temperatura-codice-9108533061-Dometic.jpg","width":700,"height":892,"caption":"Elemento di rilevamento della temperatura Dometic, codice: 9108533061, utilizzato per sistemi di controllo della temperatura."},{"@type":"BreadcrumbList","@id":"https:\/\/technofluid.it\/prodotto\/elemento-di-rilevamento-della-temperatura-codice-9108533061-dometic\/#breadcrumb","itemListElement":[{"@type":"ListItem","position":1,"name":"Home","item":"https:\/\/technofluid.it\/"},{"@type":"ListItem","position":2,"name":"Shop","item":"https:\/\/technofluid.it\/shop\/"},{"@type":"ListItem","position":3,"name":"Elemento di rilevamento della temperatura &ndash; codice: 9108533061 &ndash; Dometic"}]},{"@type":"WebSite","@id":"https:\/\/technofluid.it\/#website","url":"https:\/\/technofluid.it\/","name":"Technofluid S.R.L.","description":"Depuis 1999, nous sommes sp\u00e9cialis\u00e9s dans les installations marines, de plomberie, civiles et industrielles.","publisher":{"@id":"https:\/\/technofluid.it\/#organization"},"potentialAction":[{"@type":"SearchAction","target":{"@type":"EntryPoint","urlTemplate":"https:\/\/technofluid.it\/?s={search_term_string}"},"query-input":{"@type":"PropertyValueSpecification","valueRequired":true,"valueName":"search_term_string"}}],"inLanguage":"fr-FR"},{"@type":"Organization","@id":"https:\/\/technofluid.it\/#organization","name":"Technofluid","url":"https:\/\/technofluid.it\/","logo":{"@type":"ImageObject","inLanguage":"fr-FR","@id":"https:\/\/technofluid.it\/#\/schema\/logo\/image\/","url":"https:\/\/technofluid.it\/wp-content\/uploads\/2025\/12\/technofluid_bianco-logo.webp","contentUrl":"https:\/\/technofluid.it\/wp-content\/uploads\/2025\/12\/technofluid_bianco-logo.webp","width":350,"height":116,"caption":"Technofluid"},"image":{"@id":"https:\/\/technofluid.it\/#\/schema\/logo\/image\/"},"description":"La Technofluid S.r.l. est n\u00e9e en 1999 \u00e0 Barcellona Pozzo di Gotto, dans la province de Messine, avec l'objectif de devenir un point de r\u00e9f\u00e9rence dans le secteur de l'installation navale, hydraulique, civile et industrielle.","email":"info@technofluid.it","telephone":"0907386877","legalName":"Technofluid S.R.L","vatID":"IT03148240835","taxID":"03148240835","ownershipFundingInfo":"https:\/\/technofluid.it\/azienda\/"}]},"product_price_amount":"58.20","product_price_currency":"EUR","og_availability":"out of stock","product_availability":"out of stock","product_retailer_item_id":"DOM000000024","product_condition":"new"},"_links":{"self":[{"href":"https:\/\/technofluid.it\/fr\/wp-json\/wp\/v2\/product\/29765","targetHints":{"allow":["GET"]}}],"collection":[{"href":"https:\/\/technofluid.it\/fr\/wp-json\/wp\/v2\/product"}],"about":[{"href":"https:\/\/technofluid.it\/fr\/wp-json\/wp\/v2\/types\/product"}],"replies":[{"embeddable":true,"href":"https:\/\/technofluid.it\/fr\/wp-json\/wp\/v2\/comments?post=29765"}],"version-history":[{"count":1,"href":"https:\/\/technofluid.it\/fr\/wp-json\/wp\/v2\/product\/29765\/revisions"}],"predecessor-version":[{"id":51640,"href":"https:\/\/technofluid.it\/fr\/wp-json\/wp\/v2\/product\/29765\/revisions\/51640"}],"wp:featuredmedia":[{"embeddable":true,"href":"https:\/\/technofluid.it\/fr\/wp-json\/wp\/v2\/media\/38234"}],"wp:attachment":[{"href":"https:\/\/technofluid.it\/fr\/wp-json\/wp\/v2\/media?parent=29765"}],"wp:term":[{"taxonomy":"product_brand","embeddable":true,"href":"https:\/\/technofluid.it\/fr\/wp-json\/wp\/v2\/product_brand?post=29765"},{"taxonomy":"product_cat","embeddable":true,"href":"https:\/\/technofluid.it\/fr\/wp-json\/wp\/v2\/product_cat?post=29765"},{"taxonomy":"product_tag","embeddable":true,"href":"https:\/\/technofluid.it\/fr\/wp-json\/wp\/v2\/product_tag?post=29765"}],"curies":[{"name":"wp","href":"https:\/\/api.w.org\/{rel}","templated":true}]}}