{"id":29764,"date":"2025-10-25T00:01:03","date_gmt":"2025-10-25T00:01:03","guid":{"rendered":"https:\/\/technofluid.it\/prodotto\/electronic-cleaner-aerosol-250-ml-codice-c1105-cfg\/"},"modified":"2026-04-15T12:08:32","modified_gmt":"2026-04-15T11:08:32","slug":"electronic-cleaneraerosol-250-ml-codice-c1105-cfg","status":"publish","type":"product","link":"https:\/\/technofluid.it\/fr\/produit\/aerosol-nettoyant-electronique-250-ml-code-c1105-cfg-2\/","title":{"rendered":"Nettoyant \u00e9lectronique\/a\u00e9rosol 250 ml \u2013 code : C1105- Cfg"},"content":{"rendered":"<p>Nettoyant \u00e9lectronique\/a\u00e9rosol 250 ml \u2013 code : C1105- Cfg<\/p>","protected":false},"excerpt":{"rendered":"<p><span style=\"color: #1a171b; font-family: Montserrat, sans-serif; font-size: 15px; background-color: #ffffff;\">Nettoyant pour \u00e9quipements \u00e9lectroniques<\/span><\/p>","protected":false},"featured_media":38232,"comment_status":"open","ping_status":"closed","template":"","meta":{"_acf_changed":false,"_monsterinsights_skip_tracking":false,"_monsterinsights_sitenote_active":false,"_monsterinsights_sitenote_note":"","_monsterinsights_sitenote_category":0,"site-sidebar-layout":"default","site-content-layout":"","ast-site-content-layout":"default","site-content-style":"default","site-sidebar-style":"default","ast-global-header-display":"","ast-banner-title-visibility":"","ast-main-header-display":"","ast-hfb-above-header-display":"","ast-hfb-below-header-display":"","ast-hfb-mobile-header-display":"","site-post-title":"","ast-breadcrumbs-content":"","ast-featured-img":"","footer-sml-layout":"","ast-disable-related-posts":"","theme-transparent-header-meta":"default","adv-header-id-meta":"","stick-header-meta":"","header-above-stick-meta":"","header-main-stick-meta":"","header-below-stick-meta":"","astra-migrate-meta-layouts":"set","ast-page-background-enabled":"default","ast-page-background-meta":{"desktop":{"background-color":"var(--ast-global-color-5)","background-image":"","background-repeat":"repeat","background-position":"center center","background-size":"auto","background-attachment":"scroll","background-type":"","background-media":"","overlay-type":"","overlay-color":"","overlay-opacity":"","overlay-gradient":""},"tablet":{"background-color":"","background-image":"","background-repeat":"repeat","background-position":"center center","background-size":"auto","background-attachment":"scroll","background-type":"","background-media":"","overlay-type":"","overlay-color":"","overlay-opacity":"","overlay-gradient":""},"mobile":{"background-color":"","background-image":"","background-repeat":"repeat","background-position":"center center","background-size":"auto","background-attachment":"scroll","background-type":"","background-media":"","overlay-type":"","overlay-color":"","overlay-opacity":"","overlay-gradient":""}},"ast-content-background-meta":{"desktop":{"background-color":"var(--ast-global-color-4)","background-image":"","background-repeat":"repeat","background-position":"center center","background-size":"auto","background-attachment":"scroll","background-type":"","background-media":"","overlay-type":"","overlay-color":"","overlay-opacity":"","overlay-gradient":""},"tablet":{"background-color":"var(--ast-global-color-4)","background-image":"","background-repeat":"repeat","background-position":"center center","background-size":"auto","background-attachment":"scroll","background-type":"","background-media":"","overlay-type":"","overlay-color":"","overlay-opacity":"","overlay-gradient":""},"mobile":{"background-color":"var(--ast-global-color-4)","background-image":"","background-repeat":"repeat","background-position":"center center","background-size":"auto","background-attachment":"scroll","background-type":"","background-media":"","overlay-type":"","overlay-color":"","overlay-opacity":"","overlay-gradient":""}}},"product_brand":[],"product_cat":[78,79],"product_tag":[4772,4773],"class_list":{"0":"post-29764","1":"product","2":"type-product","3":"status-publish","4":"has-post-thumbnail","6":"product_cat-manutenzione-barca","7":"product_cat-olii-grassi-e-prodotti-chimici","8":"product_tag-cleaner","9":"product_tag-electronic","10":"pa_supplier-cfg-spa","11":"desktop-align-left","12":"tablet-align-left","13":"mobile-align-left","15":"first","16":"instock","17":"taxable","18":"shipping-taxable","19":"purchasable","20":"product-type-simple"},"acf":[],"yoast_head":"<!-- This site is optimized with the Yoast SEO Premium plugin v26.7 (Yoast SEO v26.9) - https:\/\/yoast.com\/product\/yoast-seo-premium-wordpress\/ -->\n<title>Electronic Cleaner Aerosol 250 ml - Codice C1105<\/title>\n<meta name=\"description\" content=\"Scopri l&#039;electronic cleaner aerosol da 250 ml, codice C1105. Pulizia efficace per i tuoi dispositivi elettronici. Acquista ora!\" \/>\n<meta name=\"robots\" content=\"index, follow, max-snippet:-1, max-image-preview:large, max-video-preview:-1\" \/>\n<link rel=\"canonical\" href=\"https:\/\/technofluid.it\/fr\/produit\/aerosol-nettoyant-electronique-250-ml-code-c1105-cfg-2\/\" \/>\n<meta property=\"og:locale\" content=\"fr_FR\" \/>\n<meta property=\"og:type\" content=\"article\" \/>\n<meta property=\"og:title\" content=\"Electronic cleaner\/aerosol 250 ml - codice: C1105- Cfg\" \/>\n<meta property=\"og:description\" content=\"Scopri l&#039;electronic cleaner aerosol da 250 ml, codice C1105. Pulizia efficace per i tuoi dispositivi elettronici. Acquista ora!\" \/>\n<meta property=\"og:url\" content=\"https:\/\/technofluid.it\/fr\/produit\/aerosol-nettoyant-electronique-250-ml-code-c1105-cfg-2\/\" \/>\n<meta property=\"og:site_name\" content=\"Technofluid\" \/>\n<meta property=\"article:modified_time\" content=\"2026-04-15T11:08:32+00:00\" \/>\n<meta property=\"og:image\" content=\"https:\/\/technofluid.it\/wp-content\/uploads\/2026\/01\/963-Electronic-cleaneraerosol-250-ml-codice-C1105-Cfg.jpg\" \/>\n\t<meta property=\"og:image:width\" content=\"367\" \/>\n\t<meta property=\"og:image:height\" content=\"800\" \/>\n\t<meta property=\"og:image:type\" content=\"image\/jpeg\" \/>\n<meta name=\"twitter:card\" content=\"summary_large_image\" \/>\n<meta name=\"twitter:label1\" content=\"Prix\" \/>\n\t<meta name=\"twitter:data1\" content=\"6,15&nbsp;&euro; Iva esclusa\" \/>\n\t<meta name=\"twitter:label2\" content=\"Disponibilit\u00e9\" \/>\n\t<meta name=\"twitter:data2\" content=\"En stock\" \/>\n<script type=\"application\/ld+json\" class=\"yoast-schema-graph\">{\"@context\":\"https:\/\/schema.org\",\"@graph\":[{\"@type\":\"WebPage\",\"@id\":\"https:\/\/technofluid.it\/prodotto\/electronic-cleaneraerosol-250-ml-codice-c1105-cfg\/\",\"url\":\"https:\/\/technofluid.it\/prodotto\/electronic-cleaneraerosol-250-ml-codice-c1105-cfg\/\",\"name\":\"Electronic Cleaner Aerosol 250 ml - Codice C1105\",\"isPartOf\":{\"@id\":\"https:\/\/technofluid.it\/#website\"},\"primaryImageOfPage\":{\"@id\":\"https:\/\/technofluid.it\/prodotto\/electronic-cleaneraerosol-250-ml-codice-c1105-cfg\/#primaryimage\"},\"image\":{\"@id\":\"https:\/\/technofluid.it\/prodotto\/electronic-cleaneraerosol-250-ml-codice-c1105-cfg\/#primaryimage\"},\"thumbnailUrl\":\"https:\/\/technofluid.it\/wp-content\/uploads\/2026\/01\/963-Electronic-cleaneraerosol-250-ml-codice-C1105-Cfg.jpg\",\"datePublished\":\"2025-10-25T00:01:03+00:00\",\"dateModified\":\"2026-04-15T11:08:32+00:00\",\"description\":\"Scopri l'electronic cleaner aerosol da 250 ml, codice C1105. Pulizia efficace per i tuoi dispositivi elettronici. Acquista ora!\",\"breadcrumb\":{\"@id\":\"https:\/\/technofluid.it\/prodotto\/electronic-cleaneraerosol-250-ml-codice-c1105-cfg\/#breadcrumb\"},\"inLanguage\":\"fr-FR\",\"potentialAction\":[{\"@type\":\"ReadAction\",\"target\":[\"https:\/\/technofluid.it\/prodotto\/electronic-cleaneraerosol-250-ml-codice-c1105-cfg\/\"]}]},{\"@type\":\"ImageObject\",\"inLanguage\":\"fr-FR\",\"@id\":\"https:\/\/technofluid.it\/prodotto\/electronic-cleaneraerosol-250-ml-codice-c1105-cfg\/#primaryimage\",\"url\":\"https:\/\/technofluid.it\/wp-content\/uploads\/2026\/01\/963-Electronic-cleaneraerosol-250-ml-codice-C1105-Cfg.jpg\",\"contentUrl\":\"https:\/\/technofluid.it\/wp-content\/uploads\/2026\/01\/963-Electronic-cleaneraerosol-250-ml-codice-C1105-Cfg.jpg\",\"width\":367,\"height\":800,\"caption\":\"Spray aerosol per la pulizia di componenti elettronici, 250 ml, marca CRC.\"},{\"@type\":\"BreadcrumbList\",\"@id\":\"https:\/\/technofluid.it\/prodotto\/electronic-cleaneraerosol-250-ml-codice-c1105-cfg\/#breadcrumb\",\"itemListElement\":[{\"@type\":\"ListItem\",\"position\":1,\"name\":\"Home\",\"item\":\"https:\/\/technofluid.it\/\"},{\"@type\":\"ListItem\",\"position\":2,\"name\":\"Shop\",\"item\":\"https:\/\/technofluid.it\/shop\/\"},{\"@type\":\"ListItem\",\"position\":3,\"name\":\"Electronic cleaner\/aerosol 250 ml &#8211; codice: C1105- Cfg\"}]},{\"@type\":\"WebSite\",\"@id\":\"https:\/\/technofluid.it\/#website\",\"url\":\"https:\/\/technofluid.it\/\",\"name\":\"Technofluid S.R.L.\",\"description\":\"Dal 1999 siamo specializzati nell&#039;impiantistica navale, idraulica, civile e industriale\",\"publisher\":{\"@id\":\"https:\/\/technofluid.it\/#organization\"},\"potentialAction\":[{\"@type\":\"SearchAction\",\"target\":{\"@type\":\"EntryPoint\",\"urlTemplate\":\"https:\/\/technofluid.it\/?s={search_term_string}\"},\"query-input\":{\"@type\":\"PropertyValueSpecification\",\"valueRequired\":true,\"valueName\":\"search_term_string\"}}],\"inLanguage\":\"fr-FR\"},{\"@type\":\"Organization\",\"@id\":\"https:\/\/technofluid.it\/#organization\",\"name\":\"Technofluid\",\"url\":\"https:\/\/technofluid.it\/\",\"logo\":{\"@type\":\"ImageObject\",\"inLanguage\":\"fr-FR\",\"@id\":\"https:\/\/technofluid.it\/#\/schema\/logo\/image\/\",\"url\":\"https:\/\/technofluid.it\/wp-content\/uploads\/2025\/12\/technofluid_bianco-logo.webp\",\"contentUrl\":\"https:\/\/technofluid.it\/wp-content\/uploads\/2025\/12\/technofluid_bianco-logo.webp\",\"width\":350,\"height\":116,\"caption\":\"Technofluid\"},\"image\":{\"@id\":\"https:\/\/technofluid.it\/#\/schema\/logo\/image\/\"},\"description\":\"La Technofluid S.r.l. nasce nel 1999 a Barcellona Pozzo di Gotto, in provincia di Messina, con l\u2019obiettivo di diventare un punto di riferimento nel settore dell\u2019impiantistica navale, idraulica, civile e industriale.\",\"email\":\"info@technofluid.it\",\"telephone\":\"0907386877\",\"legalName\":\"Technofluid S.R.L\",\"vatID\":\"IT03148240835\",\"taxID\":\"03148240835\",\"ownershipFundingInfo\":\"https:\/\/technofluid.it\/azienda\/\"}]}<\/script>\n<meta property=\"product:price:amount\" content=\"6.15\" \/>\n<meta property=\"product:price:currency\" content=\"EUR\" \/>\n<meta property=\"og:availability\" content=\"instock\" \/>\n<meta property=\"product:availability\" content=\"instock\" \/>\n<meta property=\"product:retailer_item_id\" content=\"CFG00000021\" \/>\n<meta property=\"product:condition\" content=\"new\" \/>\n<!-- \/ Yoast SEO Premium plugin. -->","yoast_head_json":{"title":"A\u00e9rosol nettoyant \u00e9lectronique 250 ml - Code C1105","description":"D\u00e9couvrez le nettoyant \u00e9lectronique en a\u00e9rosol de 250 ml, code C1105. Nettoyage efficace pour vos appareils \u00e9lectroniques. Achetez maintenant !","robots":{"index":"index","follow":"follow","max-snippet":"max-snippet:-1","max-image-preview":"max-image-preview:large","max-video-preview":"max-video-preview:-1"},"canonical":"https:\/\/technofluid.it\/fr\/produit\/aerosol-nettoyant-electronique-250-ml-code-c1105-cfg-2\/","og_locale":"fr_FR","og_type":"article","og_title":"Electronic cleaner\/aerosol 250 ml - codice: C1105- Cfg","og_description":"Scopri l'electronic cleaner aerosol da 250 ml, codice C1105. Pulizia efficace per i tuoi dispositivi elettronici. Acquista ora!","og_url":"https:\/\/technofluid.it\/fr\/produit\/aerosol-nettoyant-electronique-250-ml-code-c1105-cfg-2\/","og_site_name":"Technofluid","article_modified_time":"2026-04-15T11:08:32+00:00","og_image":[{"width":367,"height":800,"url":"https:\/\/technofluid.it\/wp-content\/uploads\/2026\/01\/963-Electronic-cleaneraerosol-250-ml-codice-C1105-Cfg.jpg","type":"image\/jpeg"}],"twitter_card":"summary_large_image","twitter_misc":{"Prix":"6,15&nbsp;&euro; Iva esclusa","Disponibilit\u00e9":"En stock"},"schema":{"@context":"https:\/\/schema.org","@graph":[{"@type":"WebPage","@id":"https:\/\/technofluid.it\/prodotto\/electronic-cleaneraerosol-250-ml-codice-c1105-cfg\/","url":"https:\/\/technofluid.it\/prodotto\/electronic-cleaneraerosol-250-ml-codice-c1105-cfg\/","name":"A\u00e9rosol nettoyant \u00e9lectronique 250 ml - Code C1105","isPartOf":{"@id":"https:\/\/technofluid.it\/#website"},"primaryImageOfPage":{"@id":"https:\/\/technofluid.it\/prodotto\/electronic-cleaneraerosol-250-ml-codice-c1105-cfg\/#primaryimage"},"image":{"@id":"https:\/\/technofluid.it\/prodotto\/electronic-cleaneraerosol-250-ml-codice-c1105-cfg\/#primaryimage"},"thumbnailUrl":"https:\/\/technofluid.it\/wp-content\/uploads\/2026\/01\/963-Electronic-cleaneraerosol-250-ml-codice-C1105-Cfg.jpg","datePublished":"2025-10-25T00:01:03+00:00","dateModified":"2026-04-15T11:08:32+00:00","description":"D\u00e9couvrez le nettoyant \u00e9lectronique en a\u00e9rosol de 250 ml, code C1105. Nettoyage efficace pour vos appareils \u00e9lectroniques. Achetez maintenant !","breadcrumb":{"@id":"https:\/\/technofluid.it\/prodotto\/electronic-cleaneraerosol-250-ml-codice-c1105-cfg\/#breadcrumb"},"inLanguage":"fr-FR","potentialAction":[{"@type":"ReadAction","target":["https:\/\/technofluid.it\/prodotto\/electronic-cleaneraerosol-250-ml-codice-c1105-cfg\/"]}]},{"@type":"ImageObject","inLanguage":"fr-FR","@id":"https:\/\/technofluid.it\/prodotto\/electronic-cleaneraerosol-250-ml-codice-c1105-cfg\/#primaryimage","url":"https:\/\/technofluid.it\/wp-content\/uploads\/2026\/01\/963-Electronic-cleaneraerosol-250-ml-codice-C1105-Cfg.jpg","contentUrl":"https:\/\/technofluid.it\/wp-content\/uploads\/2026\/01\/963-Electronic-cleaneraerosol-250-ml-codice-C1105-Cfg.jpg","width":367,"height":800,"caption":"Spray aerosol per la pulizia di componenti elettronici, 250 ml, marca CRC."},{"@type":"BreadcrumbList","@id":"https:\/\/technofluid.it\/prodotto\/electronic-cleaneraerosol-250-ml-codice-c1105-cfg\/#breadcrumb","itemListElement":[{"@type":"ListItem","position":1,"name":"Home","item":"https:\/\/technofluid.it\/"},{"@type":"ListItem","position":2,"name":"Shop","item":"https:\/\/technofluid.it\/shop\/"},{"@type":"ListItem","position":3,"name":"Electronic cleaner\/aerosol 250 ml &#8211; codice: C1105- Cfg"}]},{"@type":"WebSite","@id":"https:\/\/technofluid.it\/#website","url":"https:\/\/technofluid.it\/","name":"Technofluid S.R.L.","description":"Depuis 1999, nous sommes sp\u00e9cialis\u00e9s dans les installations marines, de plomberie, civiles et industrielles.","publisher":{"@id":"https:\/\/technofluid.it\/#organization"},"potentialAction":[{"@type":"SearchAction","target":{"@type":"EntryPoint","urlTemplate":"https:\/\/technofluid.it\/?s={search_term_string}"},"query-input":{"@type":"PropertyValueSpecification","valueRequired":true,"valueName":"search_term_string"}}],"inLanguage":"fr-FR"},{"@type":"Organization","@id":"https:\/\/technofluid.it\/#organization","name":"Technofluid","url":"https:\/\/technofluid.it\/","logo":{"@type":"ImageObject","inLanguage":"fr-FR","@id":"https:\/\/technofluid.it\/#\/schema\/logo\/image\/","url":"https:\/\/technofluid.it\/wp-content\/uploads\/2025\/12\/technofluid_bianco-logo.webp","contentUrl":"https:\/\/technofluid.it\/wp-content\/uploads\/2025\/12\/technofluid_bianco-logo.webp","width":350,"height":116,"caption":"Technofluid"},"image":{"@id":"https:\/\/technofluid.it\/#\/schema\/logo\/image\/"},"description":"La Technofluid S.r.l. est n\u00e9e en 1999 \u00e0 Barcellona Pozzo di Gotto, dans la province de Messine, avec l'objectif de devenir un point de r\u00e9f\u00e9rence dans le secteur de l'installation navale, hydraulique, civile et industrielle.","email":"info@technofluid.it","telephone":"0907386877","legalName":"Technofluid S.R.L","vatID":"IT03148240835","taxID":"03148240835","ownershipFundingInfo":"https:\/\/technofluid.it\/azienda\/"}]},"product_price_amount":"6.15","product_price_currency":"EUR","og_availability":"instock","product_availability":"instock","product_retailer_item_id":"CFG00000021","product_condition":"new"},"_links":{"self":[{"href":"https:\/\/technofluid.it\/fr\/wp-json\/wp\/v2\/product\/29764","targetHints":{"allow":["GET"]}}],"collection":[{"href":"https:\/\/technofluid.it\/fr\/wp-json\/wp\/v2\/product"}],"about":[{"href":"https:\/\/technofluid.it\/fr\/wp-json\/wp\/v2\/types\/product"}],"replies":[{"embeddable":true,"href":"https:\/\/technofluid.it\/fr\/wp-json\/wp\/v2\/comments?post=29764"}],"version-history":[{"count":0,"href":"https:\/\/technofluid.it\/fr\/wp-json\/wp\/v2\/product\/29764\/revisions"}],"wp:featuredmedia":[{"embeddable":true,"href":"https:\/\/technofluid.it\/fr\/wp-json\/wp\/v2\/media\/38232"}],"wp:attachment":[{"href":"https:\/\/technofluid.it\/fr\/wp-json\/wp\/v2\/media?parent=29764"}],"wp:term":[{"taxonomy":"product_brand","embeddable":true,"href":"https:\/\/technofluid.it\/fr\/wp-json\/wp\/v2\/product_brand?post=29764"},{"taxonomy":"product_cat","embeddable":true,"href":"https:\/\/technofluid.it\/fr\/wp-json\/wp\/v2\/product_cat?post=29764"},{"taxonomy":"product_tag","embeddable":true,"href":"https:\/\/technofluid.it\/fr\/wp-json\/wp\/v2\/product_tag?post=29764"}],"curies":[{"name":"wp","href":"https:\/\/api.w.org\/{rel}","templated":true}]}}