{"id":29494,"date":"2025-10-25T00:00:19","date_gmt":"2025-10-25T00:00:19","guid":{"rendered":"https:\/\/technofluid.it\/prodotto\/cinghia-xpz-512-9-7x525-mecvbel-codice-71270-mase\/"},"modified":"2026-04-15T10:29:22","modified_gmt":"2026-04-15T09:29:22","slug":"cinghia-xpz-512-9-7x525-mecvbel-codice-71270-mase","status":"publish","type":"product","link":"https:\/\/technofluid.it\/fr\/produit\/courroie-xpz-512-9-7x525-mecvbel-code-71270-mase-2\/","title":{"rendered":"Courroie XPZ 512 9.7\u00d7525 Mecvbel \u2013 code : 71270 \u2013 Mase"},"content":{"rendered":"<h2>Ricambio originale per trasmissione a cinghia Mase<\/h2>\n<p>La <strong>cinghia XPZ 512 9.7\u00d7525 Mecvbel<\/strong> \u00e8 un ricambio identificato dal <strong>codice Mase 71270<\/strong>, pensato per interventi di manutenzione e ripristino su gruppi elettrogeni Mase. In ambito nautico e impiantistico di bordo, una cinghia in buono stato \u00e8 un componente essenziale per mantenere efficiente la trasmissione dei servizi azionati a cinghia e per ridurre fermi macchina dovuti a usura o slittamenti.<\/p>\n<h3>Identificazione ricambio<\/h3>\n<ul>\n<li><strong>Tipologia:<\/strong> Cinghia XPZ<\/li>\n<li><strong>Sigla\/dimensione riportata:<\/strong> XPZ 512 9.7\u00d7525<\/li>\n<li><strong>Produttore\/brand indicato:<\/strong> Mecvbel<\/li>\n<li><strong>Codice prodotto fornitore:<\/strong> <strong>71270<\/strong><\/li>\n<li><strong>Fornitore:<\/strong> <strong>Mase Generators S.p.A<\/strong><\/li>\n<\/ul>\n<h3>Compatibilit\u00e0 indicata<\/h3>\n<p>Secondo le informazioni disponibili, la cinghia \u00e8 indicata <strong>per generatore<\/strong>:<\/p>\n<ul>\n<li><strong>VS 6.5<\/strong><\/li>\n<li><strong>VS 8.5<\/strong><\/li>\n<li><strong>VS 10.5<\/strong><\/li>\n<li><strong>VS 12.5<\/strong><\/li>\n<\/ul>\n<h3>Nota su codici e sigle<\/h3>\n<p>Per evitare errori in fase d\u2019ordine, \u00e8 consigliabile fare sempre riferimento al <strong>codice 71270<\/strong> e alla sigla completa <strong>XPZ 512 9.7\u00d7525<\/strong>. In contesti di ricambistica tecnica, la presenza di varianti simili rende il codice fornitore il riferimento pi\u00f9 affidabile per l\u2019identificazione.<\/p>\n<h2>Applicazioni tipiche in ambito nautico e impiantistico<\/h2>\n<p>Questa cinghia rientra nella ricambistica dedicata ai <strong>gruppi elettrogeni Mase<\/strong> e viene normalmente impiegata durante:<\/p>\n<ul>\n<li><strong>Manutenzione programmata<\/strong> del generatore, quando si effettua il controllo dei componenti soggetti a usura.<\/li>\n<li><strong>Interventi correttivi<\/strong> in caso di cinghia danneggiata, rumorosa o con segni evidenti di deterioramento.<\/li>\n<li><strong>Ripristino funzionale<\/strong> dopo lunghi periodi di inattivit\u00e0, tipici di alcune stagioni nautiche.<\/li>\n<li><strong>Gestione scorte<\/strong> a bordo o in officina, per ridurre i tempi di fermo in caso di necessit\u00e0.<\/li>\n<\/ul>\n<p>In generale, la sostituzione della cinghia \u00e8 un\u2019operazione ricorrente nella manutenzione dei sistemi di trasmissione a cinghia, soprattutto quando il generatore opera in ambienti dove temperatura, vibrazioni e cicli di lavoro possono accelerare l\u2019usura dei componenti.<\/p>\n<h2>Utilizzo, controlli e note operative<\/h2>\n<h3>Verifica prima dell\u2019ordine<\/h3>\n<ul>\n<li>Controlla che il tuo generatore rientri tra i modelli indicati: <strong>VS 6.5<\/strong>, <strong>VS 8.5<\/strong>, <strong>VS 10.5<\/strong>, <strong>VS 12.5<\/strong>.<\/li>\n<li>Verifica il <strong>codice 71270<\/strong> sulla documentazione ricambi o sulla distinta del generatore, se disponibile.<\/li>\n<li>Confronta la sigla completa <strong>XPZ 512 9.7\u00d7525<\/strong> con quella riportata sulla cinghia installata (quando leggibile).<\/li>\n<\/ul>\n<h3>Indicazioni generali per la sostituzione<\/h3>\n<p>Le modalit\u00e0 di sostituzione dipendono dall\u2019allestimento del generatore e dalle procedure previste dal costruttore. In linea generale, durante un intervento su cinghia \u00e8 buona prassi:<\/p>\n<ul>\n<li>Operare a generatore fermo e in condizioni di sicurezza, seguendo le procedure previste dall\u2019impianto.<\/li>\n<li>Ispezionare visivamente la cinghia rimossa per individuare segni di usura, screpolature o lucidature anomale.<\/li>\n<li>Verificare lo stato delle pulegge e l\u2019allineamento, se previsto dalla manutenzione ordinaria.<\/li>\n<li>Ripristinare la corretta tensione secondo le indicazioni del manuale del generatore.<\/li>\n<\/ul>\n<h3>Consiglio per la gestione ricambi<\/h3>\n<p>Per una gestione efficiente delle scorte, annota nel registro manutenzione il <strong>codice 71270<\/strong> e la sigla <strong>XPZ 512 9.7\u00d7525<\/strong>. Questo semplifica riordini futuri e riduce il rischio di confusione con cinghie simili.<\/p>\n<h3>Nota importante<\/h3>\n<p>Le informazioni di compatibilit\u00e0 riportate in questa pagina derivano dai dati forniti (contenuto esistente). In caso di dubbi, \u00e8 consigliabile verificare il codice ricambio sulla documentazione Mase del proprio generatore prima dell\u2019acquisto.<\/p>\n<h3>FAQ \u2013 Domande frequenti<\/h3>\n<h4>Qual \u00e8 il codice ricambio di questa cinghia per Mase?<\/h4>\n<p>Il codice prodotto fornitore indicato \u00e8 71270 (Mase Generators S.p.A).<\/p>\n<h4>Per quali generatori \u00e8 indicata la cinghia XPZ 512 9.7\u00d7525?<\/h4>\n<p>In base alle informazioni disponibili, \u00e8 indicata per generatori Mase VS 6.5, VS 8.5, VS 10.5 e VS 12.5.<\/p>\n<h4>Come posso verificare di ordinare la cinghia corretta?<\/h4>\n<p>Verifica il codice 71270 sulla documentazione ricambi del generatore e confronta, se possibile, la sigla riportata sulla cinghia installata con XPZ 512 9.7\u00d7525.<\/p>\n<h4>Il prodotto \u00e8 un ricambio Mecvbel o Mase?<\/h4>\n<p>La cinghia \u00e8 indicata come Mecvbel (sigla prodotto), con codice fornitore Mase 71270 e fornitore Mase Generators S.p.A.<\/p>\n<h4>\u00c8 adatta per manutenzione in ambito nautico?<\/h4>\n<p>S\u00ec, \u00e8 un ricambio per gruppi elettrogeni Mase e pu\u00f2 essere utilizzata in interventi di manutenzione e ripristino tipici dell\u2019impiantistica di bordo, verificando sempre la compatibilit\u00e0 con il proprio modello.<\/p>\n<p><script type=\"application\/ld+json\">\n{\"@context\":\"https:\/\/schema.org\",\"@type\":\"FAQPage\",\"mainEntity\":[{\"@type\":\"Question\",\"name\":\"Qual \u00e8 il codice ricambio di questa cinghia per Mase?\",\"acceptedAnswer\":{\"@type\":\"Answer\",\"text\":\"Il codice prodotto fornitore indicato \u00e8 <strong>71270<\/strong> (Mase Generators S.p.A).\"}},{\"@type\":\"Question\",\"name\":\"Per quali generatori \u00e8 indicata la cinghia XPZ 512 9.7\u00d7525?\",\"acceptedAnswer\":{\"@type\":\"Answer\",\"text\":\"In base alle informazioni disponibili, \u00e8 indicata per generatori Mase <strong>VS 6.5<\/strong>, <strong>VS 8.5<\/strong>, <strong>VS 10.5<\/strong> e <strong>VS 12.5<\/strong>.\"}},{\"@type\":\"Question\",\"name\":\"Come posso verificare di ordinare la cinghia corretta?\",\"acceptedAnswer\":{\"@type\":\"Answer\",\"text\":\"Verifica il <strong>codice 71270<\/strong> sulla documentazione ricambi del generatore e confronta, se possibile, la sigla riportata sulla cinghia installata con <strong>XPZ 512 9.7\u00d7525<\/strong>.\"}},{\"@type\":\"Question\",\"name\":\"Il prodotto \u00e8 un ricambio Mecvbel o Mase?\",\"acceptedAnswer\":{\"@type\":\"Answer\",\"text\":\"La cinghia \u00e8 indicata come <strong>Mecvbel<\/strong> (sigla prodotto), con <strong>codice fornitore Mase 71270<\/strong> e fornitore <strong>Mase Generators S.p.A<\/strong>.\"}},{\"@type\":\"Question\",\"name\":\"\u00c8 adatta per manutenzione in ambito nautico?\",\"acceptedAnswer\":{\"@type\":\"Answer\",\"text\":\"S\u00ec, \u00e8 un ricambio per gruppi elettrogeni Mase e pu\u00f2 essere utilizzata in interventi di manutenzione e ripristino tipici dell\u2019impiantistica di bordo, verificando sempre la compatibilit\u00e0 con il proprio modello.\"}}]}\n<\/script><\/p>\n","protected":false},"excerpt":{"rendered":"<p>Courroie de rechange <strong>XPZ 512 9.7\u00d7525 Mecvbel<\/strong> pour groupes \u00e9lectrog\u00e8nes Mase, identifi\u00e9 par <strong>code 71270<\/strong> (fournisseur : Mase Generators S.p.A). Indiqu\u00e9 pour g\u00e9n\u00e9rateurs <strong>VS 6.5<\/strong>, <strong>VS 8.5<\/strong>, <strong>VS 10.5<\/strong> e <strong>VS 12.5<\/strong> selon les informations disponibles. Id\u00e9al pour la maintenance programm\u00e9e ou le remplacement en cas d\u2019usure, permet une r\u00e9organisation rapide gr\u00e2ce \u00e0 une sigle et un code clairement identifiables. Avant l\u2019achat, v\u00e9rifiez toujours la correspondance du mod\u00e8le et du code sur la documentation de votre g\u00e9n\u00e9rateur.<\/p>","protected":false},"featured_media":37515,"comment_status":"open","ping_status":"closed","template":"","meta":{"_acf_changed":false,"_monsterinsights_skip_tracking":false,"_monsterinsights_sitenote_active":false,"_monsterinsights_sitenote_note":"","_monsterinsights_sitenote_category":0,"site-sidebar-layout":"default","site-content-layout":"","ast-site-content-layout":"default","site-content-style":"default","site-sidebar-style":"default","ast-global-header-display":"","ast-banner-title-visibility":"","ast-main-header-display":"","ast-hfb-above-header-display":"","ast-hfb-below-header-display":"","ast-hfb-mobile-header-display":"","site-post-title":"","ast-breadcrumbs-content":"","ast-featured-img":"","footer-sml-layout":"","ast-disable-related-posts":"","theme-transparent-header-meta":"default","adv-header-id-meta":"","stick-header-meta":"","header-above-stick-meta":"","header-main-stick-meta":"","header-below-stick-meta":"","astra-migrate-meta-layouts":"set","ast-page-background-enabled":"default","ast-page-background-meta":{"desktop":{"background-color":"var(--ast-global-color-5)","background-image":"","background-repeat":"repeat","background-position":"center center","background-size":"auto","background-attachment":"scroll","background-type":"","background-media":"","overlay-type":"","overlay-color":"","overlay-opacity":"","overlay-gradient":""},"tablet":{"background-color":"","background-image":"","background-repeat":"repeat","background-position":"center center","background-size":"auto","background-attachment":"scroll","background-type":"","background-media":"","overlay-type":"","overlay-color":"","overlay-opacity":"","overlay-gradient":""},"mobile":{"background-color":"","background-image":"","background-repeat":"repeat","background-position":"center center","background-size":"auto","background-attachment":"scroll","background-type":"","background-media":"","overlay-type":"","overlay-color":"","overlay-opacity":"","overlay-gradient":""}},"ast-content-background-meta":{"desktop":{"background-color":"var(--ast-global-color-4)","background-image":"","background-repeat":"repeat","background-position":"center center","background-size":"auto","background-attachment":"scroll","background-type":"","background-media":"","overlay-type":"","overlay-color":"","overlay-opacity":"","overlay-gradient":""},"tablet":{"background-color":"var(--ast-global-color-4)","background-image":"","background-repeat":"repeat","background-position":"center center","background-size":"auto","background-attachment":"scroll","background-type":"","background-media":"","overlay-type":"","overlay-color":"","overlay-opacity":"","overlay-gradient":""},"mobile":{"background-color":"var(--ast-global-color-4)","background-image":"","background-repeat":"repeat","background-position":"center center","background-size":"auto","background-attachment":"scroll","background-type":"","background-media":"","overlay-type":"","overlay-color":"","overlay-opacity":"","overlay-gradient":""}}},"product_brand":[],"product_cat":[225,133],"product_tag":[4188,4162,4189,4190,4191],"class_list":{"0":"post-29494","1":"product","2":"type-product","3":"status-publish","4":"has-post-thumbnail","6":"product_cat-mase","7":"product_cat-ricambistica","8":"product_tag-4188","9":"product_tag-cinghia","10":"product_tag-cinghia-xpz-512-9-7x525-mecvbel","11":"product_tag-codice-71270","12":"product_tag-mase-cinghia-xpz-512-9-7x525-m","13":"pa_supplier-mase-generators-s-p-a","14":"desktop-align-left","15":"tablet-align-left","16":"mobile-align-left","18":"first","19":"instock","20":"taxable","21":"shipping-taxable","22":"purchasable","23":"product-type-simple"},"acf":[],"yoast_head":"<!-- This site is optimized with the Yoast SEO Premium plugin v26.7 (Yoast SEO v26.9) - https:\/\/yoast.com\/product\/yoast-seo-premium-wordpress\/ -->\n<title>Cinghia XPZ 512 9.7\u00d7525 Mecvbel Mase 71270<\/title>\n<meta name=\"description\" content=\"Cinghia XPZ 512 9.7\u00d7525 Mecvbel, codice Mase 71270. Indicata per generatori VS 6.5, VS 8.5, VS 10.5 e VS 12.5.\" \/>\n<meta name=\"robots\" content=\"index, follow, max-snippet:-1, max-image-preview:large, max-video-preview:-1\" \/>\n<link rel=\"canonical\" href=\"https:\/\/technofluid.it\/fr\/produit\/courroie-xpz-512-9-7x525-mecvbel-code-71270-mase-2\/\" \/>\n<meta property=\"og:locale\" content=\"fr_FR\" \/>\n<meta property=\"og:type\" content=\"article\" \/>\n<meta property=\"og:title\" content=\"Cinghia XPZ 512 9.7x525 Mecvbel &ndash; codice: 71270 &ndash; Mase\" \/>\n<meta property=\"og:description\" content=\"Cinghia XPZ 512 9.7\u00d7525 Mecvbel, codice Mase 71270. Indicata per generatori VS 6.5, VS 8.5, VS 10.5 e VS 12.5.\" \/>\n<meta property=\"og:url\" content=\"https:\/\/technofluid.it\/fr\/produit\/courroie-xpz-512-9-7x525-mecvbel-code-71270-mase-2\/\" \/>\n<meta property=\"og:site_name\" content=\"Technofluid\" \/>\n<meta property=\"article:modified_time\" content=\"2026-04-15T09:29:22+00:00\" \/>\n<meta property=\"og:image\" content=\"https:\/\/technofluid.it\/wp-content\/uploads\/2026\/01\/181-Cinghia-XPZ-512-9.7x525-Mecvbel-codice-71270-Mase.jpg\" \/>\n\t<meta property=\"og:image:width\" content=\"800\" \/>\n\t<meta property=\"og:image:height\" content=\"800\" \/>\n\t<meta property=\"og:image:type\" content=\"image\/jpeg\" \/>\n<meta name=\"twitter:card\" content=\"summary_large_image\" \/>\n<meta name=\"twitter:label1\" content=\"Prix\" \/>\n\t<meta name=\"twitter:data1\" content=\"9,30&nbsp;&euro; Iva esclusa\" \/>\n\t<meta name=\"twitter:label2\" content=\"Disponibilit\u00e9\" \/>\n\t<meta name=\"twitter:data2\" content=\"En stock\" \/>\n<script type=\"application\/ld+json\" class=\"yoast-schema-graph\">{\"@context\":\"https:\/\/schema.org\",\"@graph\":[{\"@type\":\"WebPage\",\"@id\":\"https:\/\/technofluid.it\/prodotto\/cinghia-xpz-512-9-7x525-mecvbel-codice-71270-mase\/\",\"url\":\"https:\/\/technofluid.it\/prodotto\/cinghia-xpz-512-9-7x525-mecvbel-codice-71270-mase\/\",\"name\":\"Cinghia XPZ 512 9.7\u00d7525 Mecvbel Mase 71270\",\"isPartOf\":{\"@id\":\"https:\/\/technofluid.it\/#website\"},\"primaryImageOfPage\":{\"@id\":\"https:\/\/technofluid.it\/prodotto\/cinghia-xpz-512-9-7x525-mecvbel-codice-71270-mase\/#primaryimage\"},\"image\":{\"@id\":\"https:\/\/technofluid.it\/prodotto\/cinghia-xpz-512-9-7x525-mecvbel-codice-71270-mase\/#primaryimage\"},\"thumbnailUrl\":\"https:\/\/technofluid.it\/wp-content\/uploads\/2026\/01\/181-Cinghia-XPZ-512-9.7x525-Mecvbel-codice-71270-Mase.jpg\",\"datePublished\":\"2025-10-25T00:00:19+00:00\",\"dateModified\":\"2026-04-15T09:29:22+00:00\",\"description\":\"Cinghia XPZ 512 9.7\u00d7525 Mecvbel, codice Mase 71270. Indicata per generatori VS 6.5, VS 8.5, VS 10.5 e VS 12.5.\",\"breadcrumb\":{\"@id\":\"https:\/\/technofluid.it\/prodotto\/cinghia-xpz-512-9-7x525-mecvbel-codice-71270-mase\/#breadcrumb\"},\"inLanguage\":\"fr-FR\",\"potentialAction\":[{\"@type\":\"ReadAction\",\"target\":[\"https:\/\/technofluid.it\/prodotto\/cinghia-xpz-512-9-7x525-mecvbel-codice-71270-mase\/\"]}]},{\"@type\":\"ImageObject\",\"inLanguage\":\"fr-FR\",\"@id\":\"https:\/\/technofluid.it\/prodotto\/cinghia-xpz-512-9-7x525-mecvbel-codice-71270-mase\/#primaryimage\",\"url\":\"https:\/\/technofluid.it\/wp-content\/uploads\/2026\/01\/181-Cinghia-XPZ-512-9.7x525-Mecvbel-codice-71270-Mase.jpg\",\"contentUrl\":\"https:\/\/technofluid.it\/wp-content\/uploads\/2026\/01\/181-Cinghia-XPZ-512-9.7x525-Mecvbel-codice-71270-Mase.jpg\",\"width\":800,\"height\":800,\"caption\":\"Cinghia Mecvbel XPZ 512 9.7x525, ideale per applicazioni industriali, garantisce affidabilit\u00e0 e durata.\"},{\"@type\":\"BreadcrumbList\",\"@id\":\"https:\/\/technofluid.it\/prodotto\/cinghia-xpz-512-9-7x525-mecvbel-codice-71270-mase\/#breadcrumb\",\"itemListElement\":[{\"@type\":\"ListItem\",\"position\":1,\"name\":\"Home\",\"item\":\"https:\/\/technofluid.it\/\"},{\"@type\":\"ListItem\",\"position\":2,\"name\":\"Shop\",\"item\":\"https:\/\/technofluid.it\/shop\/\"},{\"@type\":\"ListItem\",\"position\":3,\"name\":\"Cinghia XPZ 512 9.7&#215;525 Mecvbel &ndash; codice: 71270 &ndash; Mase\"}]},{\"@type\":\"WebSite\",\"@id\":\"https:\/\/technofluid.it\/#website\",\"url\":\"https:\/\/technofluid.it\/\",\"name\":\"Technofluid S.R.L.\",\"description\":\"Dal 1999 siamo specializzati nell&#039;impiantistica navale, idraulica, civile e industriale\",\"publisher\":{\"@id\":\"https:\/\/technofluid.it\/#organization\"},\"potentialAction\":[{\"@type\":\"SearchAction\",\"target\":{\"@type\":\"EntryPoint\",\"urlTemplate\":\"https:\/\/technofluid.it\/?s={search_term_string}\"},\"query-input\":{\"@type\":\"PropertyValueSpecification\",\"valueRequired\":true,\"valueName\":\"search_term_string\"}}],\"inLanguage\":\"fr-FR\"},{\"@type\":\"Organization\",\"@id\":\"https:\/\/technofluid.it\/#organization\",\"name\":\"Technofluid\",\"url\":\"https:\/\/technofluid.it\/\",\"logo\":{\"@type\":\"ImageObject\",\"inLanguage\":\"fr-FR\",\"@id\":\"https:\/\/technofluid.it\/#\/schema\/logo\/image\/\",\"url\":\"https:\/\/technofluid.it\/wp-content\/uploads\/2025\/12\/technofluid_bianco-logo.webp\",\"contentUrl\":\"https:\/\/technofluid.it\/wp-content\/uploads\/2025\/12\/technofluid_bianco-logo.webp\",\"width\":350,\"height\":116,\"caption\":\"Technofluid\"},\"image\":{\"@id\":\"https:\/\/technofluid.it\/#\/schema\/logo\/image\/\"},\"description\":\"La Technofluid S.r.l. nasce nel 1999 a Barcellona Pozzo di Gotto, in provincia di Messina, con l\u2019obiettivo di diventare un punto di riferimento nel settore dell\u2019impiantistica navale, idraulica, civile e industriale.\",\"email\":\"info@technofluid.it\",\"telephone\":\"0907386877\",\"legalName\":\"Technofluid S.R.L\",\"vatID\":\"IT03148240835\",\"taxID\":\"03148240835\",\"ownershipFundingInfo\":\"https:\/\/technofluid.it\/azienda\/\"}]}<\/script>\n<meta property=\"product:price:amount\" content=\"9.30\" \/>\n<meta property=\"product:price:currency\" content=\"EUR\" \/>\n<meta property=\"og:availability\" content=\"instock\" \/>\n<meta property=\"product:availability\" content=\"instock\" \/>\n<meta property=\"product:retailer_item_id\" content=\"MAS000000009\" \/>\n<meta property=\"product:condition\" content=\"new\" \/>\n<!-- \/ Yoast SEO Premium plugin. -->","yoast_head_json":{"title":"Courroie XPZ 512 9.7\u00d7525 Mecvbel Mase 71270","description":"Courroie XPZ 512 9.7\u00d7525 Mecvbel, code Mase 71270. Indiqu\u00e9e pour g\u00e9n\u00e9rateurs VS 6.5, VS 8.5, VS 10.5 et VS 12.5.","robots":{"index":"index","follow":"follow","max-snippet":"max-snippet:-1","max-image-preview":"max-image-preview:large","max-video-preview":"max-video-preview:-1"},"canonical":"https:\/\/technofluid.it\/fr\/produit\/courroie-xpz-512-9-7x525-mecvbel-code-71270-mase-2\/","og_locale":"fr_FR","og_type":"article","og_title":"Cinghia XPZ 512 9.7x525 Mecvbel &ndash; codice: 71270 &ndash; Mase","og_description":"Cinghia XPZ 512 9.7\u00d7525 Mecvbel, codice Mase 71270. Indicata per generatori VS 6.5, VS 8.5, VS 10.5 e VS 12.5.","og_url":"https:\/\/technofluid.it\/fr\/produit\/courroie-xpz-512-9-7x525-mecvbel-code-71270-mase-2\/","og_site_name":"Technofluid","article_modified_time":"2026-04-15T09:29:22+00:00","og_image":[{"width":800,"height":800,"url":"https:\/\/technofluid.it\/wp-content\/uploads\/2026\/01\/181-Cinghia-XPZ-512-9.7x525-Mecvbel-codice-71270-Mase.jpg","type":"image\/jpeg"}],"twitter_card":"summary_large_image","twitter_misc":{"Prix":"9,30&nbsp;&euro; Iva esclusa","Disponibilit\u00e9":"En stock"},"schema":{"@context":"https:\/\/schema.org","@graph":[{"@type":"WebPage","@id":"https:\/\/technofluid.it\/prodotto\/cinghia-xpz-512-9-7x525-mecvbel-codice-71270-mase\/","url":"https:\/\/technofluid.it\/prodotto\/cinghia-xpz-512-9-7x525-mecvbel-codice-71270-mase\/","name":"Courroie XPZ 512 9.7\u00d7525 Mecvbel Mase 71270","isPartOf":{"@id":"https:\/\/technofluid.it\/#website"},"primaryImageOfPage":{"@id":"https:\/\/technofluid.it\/prodotto\/cinghia-xpz-512-9-7x525-mecvbel-codice-71270-mase\/#primaryimage"},"image":{"@id":"https:\/\/technofluid.it\/prodotto\/cinghia-xpz-512-9-7x525-mecvbel-codice-71270-mase\/#primaryimage"},"thumbnailUrl":"https:\/\/technofluid.it\/wp-content\/uploads\/2026\/01\/181-Cinghia-XPZ-512-9.7x525-Mecvbel-codice-71270-Mase.jpg","datePublished":"2025-10-25T00:00:19+00:00","dateModified":"2026-04-15T09:29:22+00:00","description":"Courroie XPZ 512 9.7\u00d7525 Mecvbel, code Mase 71270. Indiqu\u00e9e pour g\u00e9n\u00e9rateurs VS 6.5, VS 8.5, VS 10.5 et VS 12.5.","breadcrumb":{"@id":"https:\/\/technofluid.it\/prodotto\/cinghia-xpz-512-9-7x525-mecvbel-codice-71270-mase\/#breadcrumb"},"inLanguage":"fr-FR","potentialAction":[{"@type":"ReadAction","target":["https:\/\/technofluid.it\/prodotto\/cinghia-xpz-512-9-7x525-mecvbel-codice-71270-mase\/"]}]},{"@type":"ImageObject","inLanguage":"fr-FR","@id":"https:\/\/technofluid.it\/prodotto\/cinghia-xpz-512-9-7x525-mecvbel-codice-71270-mase\/#primaryimage","url":"https:\/\/technofluid.it\/wp-content\/uploads\/2026\/01\/181-Cinghia-XPZ-512-9.7x525-Mecvbel-codice-71270-Mase.jpg","contentUrl":"https:\/\/technofluid.it\/wp-content\/uploads\/2026\/01\/181-Cinghia-XPZ-512-9.7x525-Mecvbel-codice-71270-Mase.jpg","width":800,"height":800,"caption":"Cinghia Mecvbel XPZ 512 9.7x525, ideale per applicazioni industriali, garantisce affidabilit\u00e0 e durata."},{"@type":"BreadcrumbList","@id":"https:\/\/technofluid.it\/prodotto\/cinghia-xpz-512-9-7x525-mecvbel-codice-71270-mase\/#breadcrumb","itemListElement":[{"@type":"ListItem","position":1,"name":"Home","item":"https:\/\/technofluid.it\/"},{"@type":"ListItem","position":2,"name":"Shop","item":"https:\/\/technofluid.it\/shop\/"},{"@type":"ListItem","position":3,"name":"Cinghia XPZ 512 9.7&#215;525 Mecvbel &ndash; codice: 71270 &ndash; Mase"}]},{"@type":"WebSite","@id":"https:\/\/technofluid.it\/#website","url":"https:\/\/technofluid.it\/","name":"Technofluid S.R.L.","description":"Depuis 1999, nous sommes sp\u00e9cialis\u00e9s dans les installations marines, de plomberie, civiles et industrielles.","publisher":{"@id":"https:\/\/technofluid.it\/#organization"},"potentialAction":[{"@type":"SearchAction","target":{"@type":"EntryPoint","urlTemplate":"https:\/\/technofluid.it\/?s={search_term_string}"},"query-input":{"@type":"PropertyValueSpecification","valueRequired":true,"valueName":"search_term_string"}}],"inLanguage":"fr-FR"},{"@type":"Organization","@id":"https:\/\/technofluid.it\/#organization","name":"Technofluid","url":"https:\/\/technofluid.it\/","logo":{"@type":"ImageObject","inLanguage":"fr-FR","@id":"https:\/\/technofluid.it\/#\/schema\/logo\/image\/","url":"https:\/\/technofluid.it\/wp-content\/uploads\/2025\/12\/technofluid_bianco-logo.webp","contentUrl":"https:\/\/technofluid.it\/wp-content\/uploads\/2025\/12\/technofluid_bianco-logo.webp","width":350,"height":116,"caption":"Technofluid"},"image":{"@id":"https:\/\/technofluid.it\/#\/schema\/logo\/image\/"},"description":"La Technofluid S.r.l. est n\u00e9e en 1999 \u00e0 Barcellona Pozzo di Gotto, dans la province de Messine, avec l'objectif de devenir un point de r\u00e9f\u00e9rence dans le secteur de l'installation navale, hydraulique, civile et industrielle.","email":"info@technofluid.it","telephone":"0907386877","legalName":"Technofluid S.R.L","vatID":"IT03148240835","taxID":"03148240835","ownershipFundingInfo":"https:\/\/technofluid.it\/azienda\/"}]},"product_price_amount":"9.30","product_price_currency":"EUR","og_availability":"instock","product_availability":"instock","product_retailer_item_id":"MAS000000009","product_condition":"new"},"_links":{"self":[{"href":"https:\/\/technofluid.it\/fr\/wp-json\/wp\/v2\/product\/29494","targetHints":{"allow":["GET"]}}],"collection":[{"href":"https:\/\/technofluid.it\/fr\/wp-json\/wp\/v2\/product"}],"about":[{"href":"https:\/\/technofluid.it\/fr\/wp-json\/wp\/v2\/types\/product"}],"replies":[{"embeddable":true,"href":"https:\/\/technofluid.it\/fr\/wp-json\/wp\/v2\/comments?post=29494"}],"version-history":[{"count":2,"href":"https:\/\/technofluid.it\/fr\/wp-json\/wp\/v2\/product\/29494\/revisions"}],"predecessor-version":[{"id":56336,"href":"https:\/\/technofluid.it\/fr\/wp-json\/wp\/v2\/product\/29494\/revisions\/56336"}],"wp:featuredmedia":[{"embeddable":true,"href":"https:\/\/technofluid.it\/fr\/wp-json\/wp\/v2\/media\/37515"}],"wp:attachment":[{"href":"https:\/\/technofluid.it\/fr\/wp-json\/wp\/v2\/media?parent=29494"}],"wp:term":[{"taxonomy":"product_brand","embeddable":true,"href":"https:\/\/technofluid.it\/fr\/wp-json\/wp\/v2\/product_brand?post=29494"},{"taxonomy":"product_cat","embeddable":true,"href":"https:\/\/technofluid.it\/fr\/wp-json\/wp\/v2\/product_cat?post=29494"},{"taxonomy":"product_tag","embeddable":true,"href":"https:\/\/technofluid.it\/fr\/wp-json\/wp\/v2\/product_tag?post=29494"}],"curies":[{"name":"wp","href":"https:\/\/api.w.org\/{rel}","templated":true}]}}