{"id":29152,"date":"2025-10-25T00:59:25","date_gmt":"2025-10-24T23:59:25","guid":{"rendered":"https:\/\/technofluid.it\/prodotto\/aspiratore-ventilatore-attwood-6-m-12v-codice-16-174-30-osculati\/"},"modified":"2026-04-15T09:02:49","modified_gmt":"2026-04-15T08:02:49","slug":"aspiratoreventilatore-attwood-6m-12v-codice-16-174-30-osculati","status":"publish","type":"product","link":"https:\/\/technofluid.it\/fr\/produit\/aspirateurventilateur-attwood-6m-12v-code-16-174-30-osculati-2\/","title":{"rendered":"Aspirateur\/ventilateur Attwood 6\u00a0m\u00b3 12\u00a0V \u2013 code : 16.174.30 \u2013 Osculati"},"content":{"rendered":"<p>Aspirateur\/ventilateur Attwood 6\u00a0m\u00b3 12\u00a0V \u2013 code : 16.174.30 \u2013 Osculati<\/p>","protected":false},"excerpt":{"rendered":"<p>Aspirateur\/ventilateur Attwood 12 V distribu\u00e9 par Osculati, id\u00e9al pour les interventions de ventilation et d'a\u00e9ration dans le domaine nautique et les installations \u00e0 bord. Le code fournisseur 16.174.30 permet une identification unique pour la r\u00e9organisation et la gestion des pi\u00e8ces d\u00e9tach\u00e9es. Format compact avec des dimensions utiles pour la planification de l'installation : hauteur 15 cm, largeur 15 cm, longueur 13 cm. Poids 0,41 kg et volume 2 925 cm\u00b3. Fournie en unit\u00e9 PZ. Pour le choix et l'int\u00e9gration dans l'installation, v\u00e9rifier la compatibilit\u00e9 avec l'alimentation 12 V et l'espace disponible dans le compartiment de montage.<\/p>","protected":false},"featured_media":36714,"comment_status":"open","ping_status":"closed","template":"","meta":{"_acf_changed":false,"_monsterinsights_skip_tracking":false,"_monsterinsights_sitenote_active":false,"_monsterinsights_sitenote_note":"","_monsterinsights_sitenote_category":0,"site-sidebar-layout":"default","site-content-layout":"","ast-site-content-layout":"default","site-content-style":"default","site-sidebar-style":"default","ast-global-header-display":"","ast-banner-title-visibility":"","ast-main-header-display":"","ast-hfb-above-header-display":"","ast-hfb-below-header-display":"","ast-hfb-mobile-header-display":"","site-post-title":"","ast-breadcrumbs-content":"","ast-featured-img":"","footer-sml-layout":"","ast-disable-related-posts":"","theme-transparent-header-meta":"default","adv-header-id-meta":"","stick-header-meta":"","header-above-stick-meta":"","header-main-stick-meta":"","header-below-stick-meta":"","astra-migrate-meta-layouts":"set","ast-page-background-enabled":"default","ast-page-background-meta":{"desktop":{"background-color":"var(--ast-global-color-5)","background-image":"","background-repeat":"repeat","background-position":"center center","background-size":"auto","background-attachment":"scroll","background-type":"","background-media":"","overlay-type":"","overlay-color":"","overlay-opacity":"","overlay-gradient":""},"tablet":{"background-color":"","background-image":"","background-repeat":"repeat","background-position":"center center","background-size":"auto","background-attachment":"scroll","background-type":"","background-media":"","overlay-type":"","overlay-color":"","overlay-opacity":"","overlay-gradient":""},"mobile":{"background-color":"","background-image":"","background-repeat":"repeat","background-position":"center center","background-size":"auto","background-attachment":"scroll","background-type":"","background-media":"","overlay-type":"","overlay-color":"","overlay-opacity":"","overlay-gradient":""}},"ast-content-background-meta":{"desktop":{"background-color":"var(--ast-global-color-4)","background-image":"","background-repeat":"repeat","background-position":"center center","background-size":"auto","background-attachment":"scroll","background-type":"","background-media":"","overlay-type":"","overlay-color":"","overlay-opacity":"","overlay-gradient":""},"tablet":{"background-color":"var(--ast-global-color-4)","background-image":"","background-repeat":"repeat","background-position":"center center","background-size":"auto","background-attachment":"scroll","background-type":"","background-media":"","overlay-type":"","overlay-color":"","overlay-opacity":"","overlay-gradient":""},"mobile":{"background-color":"var(--ast-global-color-4)","background-image":"","background-repeat":"repeat","background-position":"center center","background-size":"auto","background-attachment":"scroll","background-type":"","background-media":"","overlay-type":"","overlay-color":"","overlay-opacity":"","overlay-gradient":""}}},"product_brand":[],"product_cat":[176,240],"product_tag":[3271,3282,3283,3274,3268,3270,3053,3284],"class_list":{"0":"post-29152","1":"product","2":"type-product","3":"status-publish","4":"has-post-thumbnail","6":"product_cat-attrezzatura-di-coperta","7":"product_cat-ventilazione-e-areazione","8":"product_tag-12v","9":"product_tag-16-174-30m","10":"product_tag-6m","11":"product_tag-aspiratore","12":"product_tag-aspiratore-ventilatore-attwood","13":"product_tag-attwood","14":"product_tag-osculati","15":"product_tag-ventilatore","16":"pa_supplier-osculati-s-r-l","17":"desktop-align-left","18":"tablet-align-left","19":"mobile-align-left","21":"first","22":"instock","23":"taxable","24":"shipping-taxable","25":"purchasable","26":"product-type-simple"},"acf":[],"yoast_head":"<!-- This site is optimized with the Yoast SEO Premium plugin v26.7 (Yoast SEO v26.9) - https:\/\/yoast.com\/product\/yoast-seo-premium-wordpress\/ -->\n<title>Aspiratore\/ventilatore Attwood 12 V Osculati 16.174.30<\/title>\n<meta name=\"description\" content=\"Aspiratore\/ventilatore Attwood 12 V Osculati cod. 16.174.30. Compatto: 15\u00d715\u00d713 cm, 0,41 kg. Per ventilazione e areazione a bordo.\" \/>\n<meta name=\"robots\" content=\"index, follow, max-snippet:-1, max-image-preview:large, max-video-preview:-1\" \/>\n<link rel=\"canonical\" href=\"https:\/\/technofluid.it\/fr\/produit\/aspirateurventilateur-attwood-6m-12v-code-16-174-30-osculati-2\/\" \/>\n<meta property=\"og:locale\" content=\"fr_FR\" \/>\n<meta property=\"og:type\" content=\"article\" \/>\n<meta property=\"og:title\" content=\"Aspiratore\/ventilatore Attwood 6&nbsp;m&sup3; 12&nbsp;V &ndash; codice: 16.174.30 &ndash; Osculati\" \/>\n<meta property=\"og:description\" content=\"Aspiratore\/ventilatore Attwood 12 V Osculati cod. 16.174.30. Compatto: 15\u00d715\u00d713 cm, 0,41 kg. Per ventilazione e areazione a bordo.\" \/>\n<meta property=\"og:url\" content=\"https:\/\/technofluid.it\/fr\/produit\/aspirateurventilateur-attwood-6m-12v-code-16-174-30-osculati-2\/\" \/>\n<meta property=\"og:site_name\" content=\"Technofluid\" \/>\n<meta property=\"article:modified_time\" content=\"2026-04-15T08:02:49+00:00\" \/>\n<meta property=\"og:image\" content=\"https:\/\/technofluid.it\/wp-content\/uploads\/2026\/01\/2665-ASPIRATOREVENTILATORE-ATTWOOD-6-m\u00b3-12V-CODICE-16.174.30-OSCULATI.jpg\" \/>\n\t<meta property=\"og:image:width\" content=\"300\" \/>\n\t<meta property=\"og:image:height\" content=\"300\" \/>\n\t<meta property=\"og:image:type\" content=\"image\/jpeg\" \/>\n<meta name=\"twitter:card\" content=\"summary_large_image\" \/>\n<meta name=\"twitter:label1\" content=\"Prix\" \/>\n\t<meta name=\"twitter:data1\" content=\"23,69&nbsp;&euro; Iva esclusa\" \/>\n\t<meta name=\"twitter:label2\" content=\"Disponibilit\u00e9\" \/>\n\t<meta name=\"twitter:data2\" content=\"En stock\" \/>\n<script type=\"application\/ld+json\" class=\"yoast-schema-graph\">{\"@context\":\"https:\/\/schema.org\",\"@graph\":[{\"@type\":\"WebPage\",\"@id\":\"https:\/\/technofluid.it\/prodotto\/aspiratoreventilatore-attwood-6m-12v-codice-16-174-30-osculati\/\",\"url\":\"https:\/\/technofluid.it\/prodotto\/aspiratoreventilatore-attwood-6m-12v-codice-16-174-30-osculati\/\",\"name\":\"Aspiratore\/ventilatore Attwood 12 V Osculati 16.174.30\",\"isPartOf\":{\"@id\":\"https:\/\/technofluid.it\/#website\"},\"primaryImageOfPage\":{\"@id\":\"https:\/\/technofluid.it\/prodotto\/aspiratoreventilatore-attwood-6m-12v-codice-16-174-30-osculati\/#primaryimage\"},\"image\":{\"@id\":\"https:\/\/technofluid.it\/prodotto\/aspiratoreventilatore-attwood-6m-12v-codice-16-174-30-osculati\/#primaryimage\"},\"thumbnailUrl\":\"https:\/\/technofluid.it\/wp-content\/uploads\/2026\/01\/2665-ASPIRATOREVENTILATORE-ATTWOOD-6-m\u00b3-12V-CODICE-16.174.30-OSCULATI.jpg\",\"datePublished\":\"2025-10-24T23:59:25+00:00\",\"dateModified\":\"2026-04-15T08:02:49+00:00\",\"description\":\"Aspiratore\/ventilatore Attwood 12 V Osculati cod. 16.174.30. Compatto: 15\u00d715\u00d713 cm, 0,41 kg. Per ventilazione e areazione a bordo.\",\"breadcrumb\":{\"@id\":\"https:\/\/technofluid.it\/prodotto\/aspiratoreventilatore-attwood-6m-12v-codice-16-174-30-osculati\/#breadcrumb\"},\"inLanguage\":\"fr-FR\",\"potentialAction\":[{\"@type\":\"ReadAction\",\"target\":[\"https:\/\/technofluid.it\/prodotto\/aspiratoreventilatore-attwood-6m-12v-codice-16-174-30-osculati\/\"]}]},{\"@type\":\"ImageObject\",\"inLanguage\":\"fr-FR\",\"@id\":\"https:\/\/technofluid.it\/prodotto\/aspiratoreventilatore-attwood-6m-12v-codice-16-174-30-osculati\/#primaryimage\",\"url\":\"https:\/\/technofluid.it\/wp-content\/uploads\/2026\/01\/2665-ASPIRATOREVENTILATORE-ATTWOOD-6-m\u00b3-12V-CODICE-16.174.30-OSCULATI.jpg\",\"contentUrl\":\"https:\/\/technofluid.it\/wp-content\/uploads\/2026\/01\/2665-ASPIRATOREVENTILATORE-ATTWOOD-6-m\u00b3-12V-CODICE-16.174.30-OSCULATI.jpg\",\"width\":300,\"height\":300,\"caption\":\"ASPIRATORE\/VENTILATORE ATTWOOD 6 m\u00b3 12V - CODICE: 16.174.30 - OSCULATI\"},{\"@type\":\"BreadcrumbList\",\"@id\":\"https:\/\/technofluid.it\/prodotto\/aspiratoreventilatore-attwood-6m-12v-codice-16-174-30-osculati\/#breadcrumb\",\"itemListElement\":[{\"@type\":\"ListItem\",\"position\":1,\"name\":\"Home\",\"item\":\"https:\/\/technofluid.it\/\"},{\"@type\":\"ListItem\",\"position\":2,\"name\":\"Shop\",\"item\":\"https:\/\/technofluid.it\/shop\/\"},{\"@type\":\"ListItem\",\"position\":3,\"name\":\"Aspiratore\/ventilatore Attwood 6&nbsp;m&sup3; 12&nbsp;V &ndash; codice: 16.174.30 &ndash; Osculati\"}]},{\"@type\":\"WebSite\",\"@id\":\"https:\/\/technofluid.it\/#website\",\"url\":\"https:\/\/technofluid.it\/\",\"name\":\"Technofluid S.R.L.\",\"description\":\"Dal 1999 siamo specializzati nell&#039;impiantistica navale, idraulica, civile e industriale\",\"publisher\":{\"@id\":\"https:\/\/technofluid.it\/#organization\"},\"potentialAction\":[{\"@type\":\"SearchAction\",\"target\":{\"@type\":\"EntryPoint\",\"urlTemplate\":\"https:\/\/technofluid.it\/?s={search_term_string}\"},\"query-input\":{\"@type\":\"PropertyValueSpecification\",\"valueRequired\":true,\"valueName\":\"search_term_string\"}}],\"inLanguage\":\"fr-FR\"},{\"@type\":\"Organization\",\"@id\":\"https:\/\/technofluid.it\/#organization\",\"name\":\"Technofluid\",\"url\":\"https:\/\/technofluid.it\/\",\"logo\":{\"@type\":\"ImageObject\",\"inLanguage\":\"fr-FR\",\"@id\":\"https:\/\/technofluid.it\/#\/schema\/logo\/image\/\",\"url\":\"https:\/\/technofluid.it\/wp-content\/uploads\/2025\/12\/technofluid_bianco-logo.webp\",\"contentUrl\":\"https:\/\/technofluid.it\/wp-content\/uploads\/2025\/12\/technofluid_bianco-logo.webp\",\"width\":350,\"height\":116,\"caption\":\"Technofluid\"},\"image\":{\"@id\":\"https:\/\/technofluid.it\/#\/schema\/logo\/image\/\"},\"description\":\"La Technofluid S.r.l. nasce nel 1999 a Barcellona Pozzo di Gotto, in provincia di Messina, con l\u2019obiettivo di diventare un punto di riferimento nel settore dell\u2019impiantistica navale, idraulica, civile e industriale.\",\"email\":\"info@technofluid.it\",\"telephone\":\"0907386877\",\"legalName\":\"Technofluid S.R.L\",\"vatID\":\"IT03148240835\",\"taxID\":\"03148240835\",\"ownershipFundingInfo\":\"https:\/\/technofluid.it\/azienda\/\"}]}<\/script>\n<meta property=\"product:price:amount\" content=\"23.69\" \/>\n<meta property=\"product:price:currency\" content=\"EUR\" \/>\n<meta property=\"og:availability\" content=\"instock\" \/>\n<meta property=\"product:availability\" content=\"instock\" \/>\n<meta property=\"product:retailer_item_id\" content=\"OSCU00000402\" \/>\n<meta property=\"product:condition\" content=\"new\" \/>\n<!-- \/ Yoast SEO Premium plugin. -->","yoast_head_json":{"title":"Aspirateur\/ventilateur Attwood 12 V Osculati 16.174.30","description":"Aspirateur\/ventilateur Attwood 12 V Osculati cod. 16.174.30. Compact : 15\u00d715\u00d713 cm, 0,41 kg. Pour ventilation et a\u00e9ration \u00e0 bord.","robots":{"index":"index","follow":"follow","max-snippet":"max-snippet:-1","max-image-preview":"max-image-preview:large","max-video-preview":"max-video-preview:-1"},"canonical":"https:\/\/technofluid.it\/fr\/produit\/aspirateurventilateur-attwood-6m-12v-code-16-174-30-osculati-2\/","og_locale":"fr_FR","og_type":"article","og_title":"Aspiratore\/ventilatore Attwood 6&nbsp;m&sup3; 12&nbsp;V &ndash; codice: 16.174.30 &ndash; Osculati","og_description":"Aspiratore\/ventilatore Attwood 12 V Osculati cod. 16.174.30. Compatto: 15\u00d715\u00d713 cm, 0,41 kg. Per ventilazione e areazione a bordo.","og_url":"https:\/\/technofluid.it\/fr\/produit\/aspirateurventilateur-attwood-6m-12v-code-16-174-30-osculati-2\/","og_site_name":"Technofluid","article_modified_time":"2026-04-15T08:02:49+00:00","og_image":[{"width":300,"height":300,"url":"https:\/\/technofluid.it\/wp-content\/uploads\/2026\/01\/2665-ASPIRATOREVENTILATORE-ATTWOOD-6-m\u00b3-12V-CODICE-16.174.30-OSCULATI.jpg","type":"image\/jpeg"}],"twitter_card":"summary_large_image","twitter_misc":{"Prix":"23,69&nbsp;&euro; Iva esclusa","Disponibilit\u00e9":"En stock"},"schema":{"@context":"https:\/\/schema.org","@graph":[{"@type":"WebPage","@id":"https:\/\/technofluid.it\/prodotto\/aspiratoreventilatore-attwood-6m-12v-codice-16-174-30-osculati\/","url":"https:\/\/technofluid.it\/prodotto\/aspiratoreventilatore-attwood-6m-12v-codice-16-174-30-osculati\/","name":"Aspirateur\/ventilateur Attwood 12 V Osculati 16.174.30","isPartOf":{"@id":"https:\/\/technofluid.it\/#website"},"primaryImageOfPage":{"@id":"https:\/\/technofluid.it\/prodotto\/aspiratoreventilatore-attwood-6m-12v-codice-16-174-30-osculati\/#primaryimage"},"image":{"@id":"https:\/\/technofluid.it\/prodotto\/aspiratoreventilatore-attwood-6m-12v-codice-16-174-30-osculati\/#primaryimage"},"thumbnailUrl":"https:\/\/technofluid.it\/wp-content\/uploads\/2026\/01\/2665-ASPIRATOREVENTILATORE-ATTWOOD-6-m\u00b3-12V-CODICE-16.174.30-OSCULATI.jpg","datePublished":"2025-10-24T23:59:25+00:00","dateModified":"2026-04-15T08:02:49+00:00","description":"Aspirateur\/ventilateur Attwood 12 V Osculati cod. 16.174.30. Compact : 15\u00d715\u00d713 cm, 0,41 kg. Pour ventilation et a\u00e9ration \u00e0 bord.","breadcrumb":{"@id":"https:\/\/technofluid.it\/prodotto\/aspiratoreventilatore-attwood-6m-12v-codice-16-174-30-osculati\/#breadcrumb"},"inLanguage":"fr-FR","potentialAction":[{"@type":"ReadAction","target":["https:\/\/technofluid.it\/prodotto\/aspiratoreventilatore-attwood-6m-12v-codice-16-174-30-osculati\/"]}]},{"@type":"ImageObject","inLanguage":"fr-FR","@id":"https:\/\/technofluid.it\/prodotto\/aspiratoreventilatore-attwood-6m-12v-codice-16-174-30-osculati\/#primaryimage","url":"https:\/\/technofluid.it\/wp-content\/uploads\/2026\/01\/2665-ASPIRATOREVENTILATORE-ATTWOOD-6-m\u00b3-12V-CODICE-16.174.30-OSCULATI.jpg","contentUrl":"https:\/\/technofluid.it\/wp-content\/uploads\/2026\/01\/2665-ASPIRATOREVENTILATORE-ATTWOOD-6-m\u00b3-12V-CODICE-16.174.30-OSCULATI.jpg","width":300,"height":300,"caption":"ASPIRATORE\/VENTILATORE ATTWOOD 6 m\u00b3 12V - CODICE: 16.174.30 - OSCULATI"},{"@type":"BreadcrumbList","@id":"https:\/\/technofluid.it\/prodotto\/aspiratoreventilatore-attwood-6m-12v-codice-16-174-30-osculati\/#breadcrumb","itemListElement":[{"@type":"ListItem","position":1,"name":"Home","item":"https:\/\/technofluid.it\/"},{"@type":"ListItem","position":2,"name":"Shop","item":"https:\/\/technofluid.it\/shop\/"},{"@type":"ListItem","position":3,"name":"Aspiratore\/ventilatore Attwood 6&nbsp;m&sup3; 12&nbsp;V &ndash; codice: 16.174.30 &ndash; Osculati"}]},{"@type":"WebSite","@id":"https:\/\/technofluid.it\/#website","url":"https:\/\/technofluid.it\/","name":"Technofluid S.R.L.","description":"Depuis 1999, nous sommes sp\u00e9cialis\u00e9s dans les installations marines, de plomberie, civiles et industrielles.","publisher":{"@id":"https:\/\/technofluid.it\/#organization"},"potentialAction":[{"@type":"SearchAction","target":{"@type":"EntryPoint","urlTemplate":"https:\/\/technofluid.it\/?s={search_term_string}"},"query-input":{"@type":"PropertyValueSpecification","valueRequired":true,"valueName":"search_term_string"}}],"inLanguage":"fr-FR"},{"@type":"Organization","@id":"https:\/\/technofluid.it\/#organization","name":"Technofluid","url":"https:\/\/technofluid.it\/","logo":{"@type":"ImageObject","inLanguage":"fr-FR","@id":"https:\/\/technofluid.it\/#\/schema\/logo\/image\/","url":"https:\/\/technofluid.it\/wp-content\/uploads\/2025\/12\/technofluid_bianco-logo.webp","contentUrl":"https:\/\/technofluid.it\/wp-content\/uploads\/2025\/12\/technofluid_bianco-logo.webp","width":350,"height":116,"caption":"Technofluid"},"image":{"@id":"https:\/\/technofluid.it\/#\/schema\/logo\/image\/"},"description":"La Technofluid S.r.l. est n\u00e9e en 1999 \u00e0 Barcellona Pozzo di Gotto, dans la province de Messine, avec l'objectif de devenir un point de r\u00e9f\u00e9rence dans le secteur de l'installation navale, hydraulique, civile et industrielle.","email":"info@technofluid.it","telephone":"0907386877","legalName":"Technofluid S.R.L","vatID":"IT03148240835","taxID":"03148240835","ownershipFundingInfo":"https:\/\/technofluid.it\/azienda\/"}]},"product_price_amount":"23.69","product_price_currency":"EUR","og_availability":"instock","product_availability":"instock","product_retailer_item_id":"OSCU00000402","product_condition":"new"},"_links":{"self":[{"href":"https:\/\/technofluid.it\/fr\/wp-json\/wp\/v2\/product\/29152","targetHints":{"allow":["GET"]}}],"collection":[{"href":"https:\/\/technofluid.it\/fr\/wp-json\/wp\/v2\/product"}],"about":[{"href":"https:\/\/technofluid.it\/fr\/wp-json\/wp\/v2\/types\/product"}],"replies":[{"embeddable":true,"href":"https:\/\/technofluid.it\/fr\/wp-json\/wp\/v2\/comments?post=29152"}],"version-history":[{"count":4,"href":"https:\/\/technofluid.it\/fr\/wp-json\/wp\/v2\/product\/29152\/revisions"}],"predecessor-version":[{"id":57543,"href":"https:\/\/technofluid.it\/fr\/wp-json\/wp\/v2\/product\/29152\/revisions\/57543"}],"wp:featuredmedia":[{"embeddable":true,"href":"https:\/\/technofluid.it\/fr\/wp-json\/wp\/v2\/media\/36714"}],"wp:attachment":[{"href":"https:\/\/technofluid.it\/fr\/wp-json\/wp\/v2\/media?parent=29152"}],"wp:term":[{"taxonomy":"product_brand","embeddable":true,"href":"https:\/\/technofluid.it\/fr\/wp-json\/wp\/v2\/product_brand?post=29152"},{"taxonomy":"product_cat","embeddable":true,"href":"https:\/\/technofluid.it\/fr\/wp-json\/wp\/v2\/product_cat?post=29152"},{"taxonomy":"product_tag","embeddable":true,"href":"https:\/\/technofluid.it\/fr\/wp-json\/wp\/v2\/product_tag?post=29152"}],"curies":[{"name":"wp","href":"https:\/\/api.w.org\/{rel}","templated":true}]}}