{"id":58387,"date":"2026-04-16T11:51:19","date_gmt":"2026-04-16T10:51:19","guid":{"rendered":"https:\/\/technofluid.it\/prodotto\/auto-tc-42x19-aisi-316-svasata-codice-a4-7981-04-2x019-osculati\/"},"modified":"2026-04-28T15:22:10","modified_gmt":"2026-04-28T14:22:10","slug":"auto-tc-42x19-aisi-316-bombata-codice-a4-7981-04-2x019-osculati","status":"publish","type":"product","link":"https:\/\/technofluid.it\/es\/producto\/auto-tc-42x19-aisi-316-svasata-codice-a4-7981-04-2x019-osculati\/","title":{"rendered":"Auto tc 4,2&#215;19 aisi 316 bombata &#8211; codice: a4-7981-04.2&#215;019 &#8211; Osculati"},"content":{"rendered":"<p>Auto tc 4,2&#215;19 aisi 316 bombata &#8211; codice: a4-7981-04.2&#215;019 &#8211; Osculati<\/p>","protected":false},"excerpt":{"rendered":"<p>Vite autofilettante Osculati in acciaio inox AISI 316 con testa svasata e impronta a croce, misura 4,2\u00d719. Ideale per minuteria e ferramenta in ambito nautico e impiantistica di bordo quando si desidera un fissaggio ordinato a filo superficie e una referenza coerente con altra viteria inox. Prodotto identificato dal codice fornitore a4-7981-04.2\u00d7019 (Osculati S.r.l.), con riferimento agli standard UNI 6954 \/ DIN 7981 indicati dal produttore. Adatta per installazioni e manutenzioni su supporti idonei, con attenzione alla corretta preparazione del foro e della svasatura.<\/p>","protected":false},"featured_media":59069,"comment_status":"open","ping_status":"closed","template":"","meta":{"_acf_changed":false,"_monsterinsights_skip_tracking":false,"_monsterinsights_sitenote_active":false,"_monsterinsights_sitenote_note":"","_monsterinsights_sitenote_category":0,"site-sidebar-layout":"default","site-content-layout":"","ast-site-content-layout":"default","site-content-style":"default","site-sidebar-style":"default","ast-global-header-display":"","ast-banner-title-visibility":"","ast-main-header-display":"","ast-hfb-above-header-display":"","ast-hfb-below-header-display":"","ast-hfb-mobile-header-display":"","site-post-title":"","ast-breadcrumbs-content":"","ast-featured-img":"","footer-sml-layout":"","ast-disable-related-posts":"","theme-transparent-header-meta":"default","adv-header-id-meta":"","stick-header-meta":"","header-above-stick-meta":"","header-main-stick-meta":"","header-below-stick-meta":"","astra-migrate-meta-layouts":"set","ast-page-background-enabled":"default","ast-page-background-meta":{"desktop":{"background-color":"var(--ast-global-color-5)","background-image":"","background-repeat":"repeat","background-position":"center center","background-size":"auto","background-attachment":"scroll","background-type":"","background-media":"","overlay-type":"","overlay-color":"","overlay-opacity":"","overlay-gradient":""},"tablet":{"background-color":"","background-image":"","background-repeat":"repeat","background-position":"center center","background-size":"auto","background-attachment":"scroll","background-type":"","background-media":"","overlay-type":"","overlay-color":"","overlay-opacity":"","overlay-gradient":""},"mobile":{"background-color":"","background-image":"","background-repeat":"repeat","background-position":"center center","background-size":"auto","background-attachment":"scroll","background-type":"","background-media":"","overlay-type":"","overlay-color":"","overlay-opacity":"","overlay-gradient":""}},"ast-content-background-meta":{"desktop":{"background-color":"var(--ast-global-color-4)","background-image":"","background-repeat":"repeat","background-position":"center center","background-size":"auto","background-attachment":"scroll","background-type":"","background-media":"","overlay-type":"","overlay-color":"","overlay-opacity":"","overlay-gradient":""},"tablet":{"background-color":"var(--ast-global-color-4)","background-image":"","background-repeat":"repeat","background-position":"center center","background-size":"auto","background-attachment":"scroll","background-type":"","background-media":"","overlay-type":"","overlay-color":"","overlay-opacity":"","overlay-gradient":""},"mobile":{"background-color":"var(--ast-global-color-4)","background-image":"","background-repeat":"repeat","background-position":"center center","background-size":"auto","background-attachment":"scroll","background-type":"","background-media":"","overlay-type":"","overlay-color":"","overlay-opacity":"","overlay-gradient":""}}},"product_brand":[],"product_cat":[139,84],"product_tag":[],"class_list":{"0":"post-58387","1":"product","2":"type-product","3":"status-publish","4":"has-post-thumbnail","6":"product_cat-ferramenta","7":"product_cat-idraulica-e-ferramenta","8":"pa_supplier-osculati-s-r-l","9":"desktop-align-left","10":"tablet-align-left","11":"mobile-align-left","13":"first","14":"instock","15":"taxable","16":"shipping-taxable","17":"purchasable","18":"product-type-simple"},"acf":[],"yoast_head":"<!-- This site is optimized with the Yoast SEO Premium plugin v26.7 (Yoast SEO v26.9) - https:\/\/yoast.com\/product\/yoast-seo-premium-wordpress\/ -->\n<title>Vite autofilettante AISI 316 svasata 4,2\u00d719 Osculati<\/title>\n<meta name=\"description\" content=\"Vite autofilettante Osculati AISI 316 testa svasata, impronta a croce, misura 4,2\u00d719. Codice a4-7981-04.2\u00d7019.\" \/>\n<meta name=\"robots\" content=\"index, follow, max-snippet:-1, max-image-preview:large, max-video-preview:-1\" \/>\n<link rel=\"canonical\" href=\"https:\/\/technofluid.it\/es\/producto\/auto-tc-42x19-aisi-316-svasata-codice-a4-7981-04-2x019-osculati\/\" \/>\n<meta property=\"og:locale\" content=\"es_ES\" \/>\n<meta property=\"og:type\" content=\"article\" \/>\n<meta property=\"og:title\" content=\"Auto tc 4,2x19 aisi 316 bombata - codice: a4-7981-04.2x019 - Osculati\" \/>\n<meta property=\"og:description\" content=\"Vite autofilettante Osculati AISI 316 testa svasata, impronta a croce, misura 4,2\u00d719. Codice a4-7981-04.2\u00d7019.\" \/>\n<meta property=\"og:url\" content=\"https:\/\/technofluid.it\/es\/producto\/auto-tc-42x19-aisi-316-svasata-codice-a4-7981-04-2x019-osculati\/\" \/>\n<meta property=\"og:site_name\" content=\"Technofluid\" \/>\n<meta property=\"article:modified_time\" content=\"2026-04-28T14:22:10+00:00\" \/>\n<meta property=\"og:image\" content=\"https:\/\/technofluid.it\/wp-content\/uploads\/2026\/04\/viti-autofilettanti-piana-svasata-Ph.jpg\" \/>\n\t<meta property=\"og:image:width\" content=\"630\" \/>\n\t<meta property=\"og:image:height\" content=\"472\" \/>\n\t<meta property=\"og:image:type\" content=\"image\/jpeg\" \/>\n<meta name=\"twitter:card\" content=\"summary_large_image\" \/>\n<meta name=\"twitter:label1\" content=\"Precio\" \/>\n\t<meta name=\"twitter:data1\" content=\"0,20&nbsp;&euro; Iva esclusa\" \/>\n\t<meta name=\"twitter:label2\" content=\"Disponibilidad\" \/>\n\t<meta name=\"twitter:data2\" content=\"Disponible\" \/>\n<script type=\"application\/ld+json\" class=\"yoast-schema-graph\">{\"@context\":\"https:\/\/schema.org\",\"@graph\":[{\"@type\":\"WebPage\",\"@id\":\"https:\/\/technofluid.it\/prodotto\/auto-tc-42x19-aisi-316-bombata-codice-a4-7981-04-2x019-osculati\/\",\"url\":\"https:\/\/technofluid.it\/prodotto\/auto-tc-42x19-aisi-316-bombata-codice-a4-7981-04-2x019-osculati\/\",\"name\":\"Vite autofilettante AISI 316 svasata 4,2\u00d719 Osculati\",\"isPartOf\":{\"@id\":\"https:\/\/technofluid.it\/#website\"},\"primaryImageOfPage\":{\"@id\":\"https:\/\/technofluid.it\/prodotto\/auto-tc-42x19-aisi-316-bombata-codice-a4-7981-04-2x019-osculati\/#primaryimage\"},\"image\":{\"@id\":\"https:\/\/technofluid.it\/prodotto\/auto-tc-42x19-aisi-316-bombata-codice-a4-7981-04-2x019-osculati\/#primaryimage\"},\"thumbnailUrl\":\"https:\/\/technofluid.it\/wp-content\/uploads\/2026\/04\/viti-autofilettanti-piana-svasata-Ph.jpg\",\"datePublished\":\"2026-04-16T10:51:19+00:00\",\"dateModified\":\"2026-04-28T14:22:10+00:00\",\"description\":\"Vite autofilettante Osculati AISI 316 testa svasata, impronta a croce, misura 4,2\u00d719. Codice a4-7981-04.2\u00d7019.\",\"breadcrumb\":{\"@id\":\"https:\/\/technofluid.it\/prodotto\/auto-tc-42x19-aisi-316-bombata-codice-a4-7981-04-2x019-osculati\/#breadcrumb\"},\"inLanguage\":\"es\",\"potentialAction\":[{\"@type\":\"ReadAction\",\"target\":[\"https:\/\/technofluid.it\/prodotto\/auto-tc-42x19-aisi-316-bombata-codice-a4-7981-04-2x019-osculati\/\"]}]},{\"@type\":\"ImageObject\",\"inLanguage\":\"es\",\"@id\":\"https:\/\/technofluid.it\/prodotto\/auto-tc-42x19-aisi-316-bombata-codice-a4-7981-04-2x019-osculati\/#primaryimage\",\"url\":\"https:\/\/technofluid.it\/wp-content\/uploads\/2026\/04\/viti-autofilettanti-piana-svasata-Ph.jpg\",\"contentUrl\":\"https:\/\/technofluid.it\/wp-content\/uploads\/2026\/04\/viti-autofilettanti-piana-svasata-Ph.jpg\",\"width\":630,\"height\":472,\"caption\":\"Vite auto TS 3,9x19 AISI 316 svasata, perfetta per installazioni marine e industriali.\"},{\"@type\":\"BreadcrumbList\",\"@id\":\"https:\/\/technofluid.it\/prodotto\/auto-tc-42x19-aisi-316-bombata-codice-a4-7981-04-2x019-osculati\/#breadcrumb\",\"itemListElement\":[{\"@type\":\"ListItem\",\"position\":1,\"name\":\"Home\",\"item\":\"https:\/\/technofluid.it\/\"},{\"@type\":\"ListItem\",\"position\":2,\"name\":\"Shop\",\"item\":\"https:\/\/technofluid.it\/shop\/\"},{\"@type\":\"ListItem\",\"position\":3,\"name\":\"Auto tc 4,2&#215;19 aisi 316 bombata &#8211; codice: a4-7981-04.2&#215;019 &#8211; Osculati\"}]},{\"@type\":\"WebSite\",\"@id\":\"https:\/\/technofluid.it\/#website\",\"url\":\"https:\/\/technofluid.it\/\",\"name\":\"Technofluid S.R.L.\",\"description\":\"Dal 1999 siamo specializzati nell&#039;impiantistica navale, idraulica, civile e industriale\",\"publisher\":{\"@id\":\"https:\/\/technofluid.it\/#organization\"},\"potentialAction\":[{\"@type\":\"SearchAction\",\"target\":{\"@type\":\"EntryPoint\",\"urlTemplate\":\"https:\/\/technofluid.it\/?s={search_term_string}\"},\"query-input\":{\"@type\":\"PropertyValueSpecification\",\"valueRequired\":true,\"valueName\":\"search_term_string\"}}],\"inLanguage\":\"es\"},{\"@type\":\"Organization\",\"@id\":\"https:\/\/technofluid.it\/#organization\",\"name\":\"Technofluid\",\"url\":\"https:\/\/technofluid.it\/\",\"logo\":{\"@type\":\"ImageObject\",\"inLanguage\":\"es\",\"@id\":\"https:\/\/technofluid.it\/#\/schema\/logo\/image\/\",\"url\":\"https:\/\/technofluid.it\/wp-content\/uploads\/2025\/12\/technofluid_bianco-logo.webp\",\"contentUrl\":\"https:\/\/technofluid.it\/wp-content\/uploads\/2025\/12\/technofluid_bianco-logo.webp\",\"width\":350,\"height\":116,\"caption\":\"Technofluid\"},\"image\":{\"@id\":\"https:\/\/technofluid.it\/#\/schema\/logo\/image\/\"},\"description\":\"La Technofluid S.r.l. nasce nel 1999 a Barcellona Pozzo di Gotto, in provincia di Messina, con l\u2019obiettivo di diventare un punto di riferimento nel settore dell\u2019impiantistica navale, idraulica, civile e industriale.\",\"email\":\"info@technofluid.it\",\"telephone\":\"0907386877\",\"legalName\":\"Technofluid S.R.L\",\"vatID\":\"IT03148240835\",\"taxID\":\"03148240835\",\"ownershipFundingInfo\":\"https:\/\/technofluid.it\/azienda\/\"}]}<\/script>\n<meta property=\"product:price:amount\" content=\"0.20\" \/>\n<meta property=\"product:price:currency\" content=\"EUR\" \/>\n<meta property=\"og:availability\" content=\"instock\" \/>\n<meta property=\"product:availability\" content=\"instock\" \/>\n<meta property=\"product:retailer_item_id\" content=\"oscu0000001172\" \/>\n<meta property=\"product:condition\" content=\"new\" \/>\n<!-- \/ Yoast SEO Premium plugin. -->","yoast_head_json":{"title":"Vite autofilettante AISI 316 svasata 4,2\u00d719 Osculati","description":"Vite autofilettante Osculati AISI 316 testa svasata, impronta a croce, misura 4,2\u00d719. Codice a4-7981-04.2\u00d7019.","robots":{"index":"index","follow":"follow","max-snippet":"max-snippet:-1","max-image-preview":"max-image-preview:large","max-video-preview":"max-video-preview:-1"},"canonical":"https:\/\/technofluid.it\/es\/producto\/auto-tc-42x19-aisi-316-svasata-codice-a4-7981-04-2x019-osculati\/","og_locale":"es_ES","og_type":"article","og_title":"Auto tc 4,2x19 aisi 316 bombata - codice: a4-7981-04.2x019 - Osculati","og_description":"Vite autofilettante Osculati AISI 316 testa svasata, impronta a croce, misura 4,2\u00d719. Codice a4-7981-04.2\u00d7019.","og_url":"https:\/\/technofluid.it\/es\/producto\/auto-tc-42x19-aisi-316-svasata-codice-a4-7981-04-2x019-osculati\/","og_site_name":"Technofluid","article_modified_time":"2026-04-28T14:22:10+00:00","og_image":[{"width":630,"height":472,"url":"https:\/\/technofluid.it\/wp-content\/uploads\/2026\/04\/viti-autofilettanti-piana-svasata-Ph.jpg","type":"image\/jpeg"}],"twitter_card":"summary_large_image","twitter_misc":{"Precio":"0,20&nbsp;&euro; Iva esclusa","Disponibilidad":"Disponible"},"schema":{"@context":"https:\/\/schema.org","@graph":[{"@type":"WebPage","@id":"https:\/\/technofluid.it\/prodotto\/auto-tc-42x19-aisi-316-bombata-codice-a4-7981-04-2x019-osculati\/","url":"https:\/\/technofluid.it\/prodotto\/auto-tc-42x19-aisi-316-bombata-codice-a4-7981-04-2x019-osculati\/","name":"Vite autofilettante AISI 316 svasata 4,2\u00d719 Osculati","isPartOf":{"@id":"https:\/\/technofluid.it\/#website"},"primaryImageOfPage":{"@id":"https:\/\/technofluid.it\/prodotto\/auto-tc-42x19-aisi-316-bombata-codice-a4-7981-04-2x019-osculati\/#primaryimage"},"image":{"@id":"https:\/\/technofluid.it\/prodotto\/auto-tc-42x19-aisi-316-bombata-codice-a4-7981-04-2x019-osculati\/#primaryimage"},"thumbnailUrl":"https:\/\/technofluid.it\/wp-content\/uploads\/2026\/04\/viti-autofilettanti-piana-svasata-Ph.jpg","datePublished":"2026-04-16T10:51:19+00:00","dateModified":"2026-04-28T14:22:10+00:00","description":"Vite autofilettante Osculati AISI 316 testa svasata, impronta a croce, misura 4,2\u00d719. Codice a4-7981-04.2\u00d7019.","breadcrumb":{"@id":"https:\/\/technofluid.it\/prodotto\/auto-tc-42x19-aisi-316-bombata-codice-a4-7981-04-2x019-osculati\/#breadcrumb"},"inLanguage":"es","potentialAction":[{"@type":"ReadAction","target":["https:\/\/technofluid.it\/prodotto\/auto-tc-42x19-aisi-316-bombata-codice-a4-7981-04-2x019-osculati\/"]}]},{"@type":"ImageObject","inLanguage":"es","@id":"https:\/\/technofluid.it\/prodotto\/auto-tc-42x19-aisi-316-bombata-codice-a4-7981-04-2x019-osculati\/#primaryimage","url":"https:\/\/technofluid.it\/wp-content\/uploads\/2026\/04\/viti-autofilettanti-piana-svasata-Ph.jpg","contentUrl":"https:\/\/technofluid.it\/wp-content\/uploads\/2026\/04\/viti-autofilettanti-piana-svasata-Ph.jpg","width":630,"height":472,"caption":"Vite auto TS 3,9x19 AISI 316 svasata, perfetta per installazioni marine e industriali."},{"@type":"BreadcrumbList","@id":"https:\/\/technofluid.it\/prodotto\/auto-tc-42x19-aisi-316-bombata-codice-a4-7981-04-2x019-osculati\/#breadcrumb","itemListElement":[{"@type":"ListItem","position":1,"name":"Home","item":"https:\/\/technofluid.it\/"},{"@type":"ListItem","position":2,"name":"Shop","item":"https:\/\/technofluid.it\/shop\/"},{"@type":"ListItem","position":3,"name":"Auto tc 4,2&#215;19 aisi 316 bombata &#8211; codice: a4-7981-04.2&#215;019 &#8211; Osculati"}]},{"@type":"WebSite","@id":"https:\/\/technofluid.it\/#website","url":"https:\/\/technofluid.it\/","name":"Technofluid S.R.L.","description":"Desde 1999 estamos especializados en instalaciones navales, hidr\u00e1ulicas, civiles e industriales","publisher":{"@id":"https:\/\/technofluid.it\/#organization"},"potentialAction":[{"@type":"SearchAction","target":{"@type":"EntryPoint","urlTemplate":"https:\/\/technofluid.it\/?s={search_term_string}"},"query-input":{"@type":"PropertyValueSpecification","valueRequired":true,"valueName":"search_term_string"}}],"inLanguage":"es"},{"@type":"Organization","@id":"https:\/\/technofluid.it\/#organization","name":"Technofluid","url":"https:\/\/technofluid.it\/","logo":{"@type":"ImageObject","inLanguage":"es","@id":"https:\/\/technofluid.it\/#\/schema\/logo\/image\/","url":"https:\/\/technofluid.it\/wp-content\/uploads\/2025\/12\/technofluid_bianco-logo.webp","contentUrl":"https:\/\/technofluid.it\/wp-content\/uploads\/2025\/12\/technofluid_bianco-logo.webp","width":350,"height":116,"caption":"Technofluid"},"image":{"@id":"https:\/\/technofluid.it\/#\/schema\/logo\/image\/"},"description":"Technofluid S.r.l. nace en 1999 en Barcellona Pozzo di Gotto, en la provincia de Messina, con el objetivo de convertirse en un punto de referencia en el sector de la ingenier\u00eda naval, hidr\u00e1ulica, civil e industrial.","email":"info@technofluid.it","telephone":"0907386877","legalName":"Technofluid S.R.L","vatID":"IT03148240835","taxID":"03148240835","ownershipFundingInfo":"https:\/\/technofluid.it\/azienda\/"}]},"product_price_amount":"0.20","product_price_currency":"EUR","og_availability":"instock","product_availability":"instock","product_retailer_item_id":"oscu0000001172","product_condition":"new"},"_links":{"self":[{"href":"https:\/\/technofluid.it\/es\/wp-json\/wp\/v2\/product\/58387","targetHints":{"allow":["GET"]}}],"collection":[{"href":"https:\/\/technofluid.it\/es\/wp-json\/wp\/v2\/product"}],"about":[{"href":"https:\/\/technofluid.it\/es\/wp-json\/wp\/v2\/types\/product"}],"replies":[{"embeddable":true,"href":"https:\/\/technofluid.it\/es\/wp-json\/wp\/v2\/comments?post=58387"}],"version-history":[{"count":4,"href":"https:\/\/technofluid.it\/es\/wp-json\/wp\/v2\/product\/58387\/revisions"}],"predecessor-version":[{"id":59726,"href":"https:\/\/technofluid.it\/es\/wp-json\/wp\/v2\/product\/58387\/revisions\/59726"}],"wp:featuredmedia":[{"embeddable":true,"href":"https:\/\/technofluid.it\/es\/wp-json\/wp\/v2\/media\/59069"}],"wp:attachment":[{"href":"https:\/\/technofluid.it\/es\/wp-json\/wp\/v2\/media?parent=58387"}],"wp:term":[{"taxonomy":"product_brand","embeddable":true,"href":"https:\/\/technofluid.it\/es\/wp-json\/wp\/v2\/product_brand?post=58387"},{"taxonomy":"product_cat","embeddable":true,"href":"https:\/\/technofluid.it\/es\/wp-json\/wp\/v2\/product_cat?post=58387"},{"taxonomy":"product_tag","embeddable":true,"href":"https:\/\/technofluid.it\/es\/wp-json\/wp\/v2\/product_tag?post=58387"}],"curies":[{"name":"wp","href":"https:\/\/api.w.org\/{rel}","templated":true}]}}