{"id":50511,"date":"2026-02-10T10:37:28","date_gmt":"2026-02-10T10:37:28","guid":{"rendered":"https:\/\/technofluid.it\/prodotto\/comando-eliche-a-joystick-tcd2042-codice-fntcd2042000c00-quick\/"},"modified":"2026-04-15T12:14:28","modified_gmt":"2026-04-15T11:14:28","slug":"comando-eliche-a-joystick-tcd2042-codice-fntcd2042000c00-quick","status":"publish","type":"product","link":"https:\/\/technofluid.it\/es\/producto\/comando-de-helices-con-joystick-tcd2042-codigo-fntcd2042000c00-quick\/","title":{"rendered":"Control de h\u00e9lices con joystick TCD2042 \u2013 c\u00f3digo: FNTCD2042000C00 \u2013 Quick"},"content":{"rendered":"<p>Control de h\u00e9lices con joystick TCD2042 \u2013 c\u00f3digo: FNTCD2042000C00 \u2013 Quick<\/p>","protected":false},"excerpt":{"rendered":"<p>El <strong>comando h\u00e9lices a joystick TCD2042<\/strong> Quick (c\u00f3digo proveedor <strong>FNTCD2042000C00<\/strong>) es un componente de repuesto para la gesti\u00f3n de las h\u00e9lices de maniobra mediante interfaz de joystick, pensado para instalaciones a bordo en el \u00e1mbito n\u00e1utico. Ideal en caso de sustituci\u00f3n de un comando existente o para intervenciones de restauraci\u00f3n del sistema, permite mantener coherencia con componentes Quick ya instalados cuando lo requiere el proyecto. Para una elecci\u00f3n correcta, se recomienda verificar siempre el modelo y c\u00f3digo en la documentaci\u00f3n a bordo o en la etiqueta del componente a sustituir, evitando incompatibilidades debidas a variantes del sistema.<\/p>","protected":false},"featured_media":50622,"comment_status":"open","ping_status":"closed","template":"","meta":{"_acf_changed":false,"_monsterinsights_skip_tracking":false,"_monsterinsights_sitenote_active":false,"_monsterinsights_sitenote_note":"","_monsterinsights_sitenote_category":0,"site-sidebar-layout":"default","site-content-layout":"","ast-site-content-layout":"default","site-content-style":"default","site-sidebar-style":"default","ast-global-header-display":"","ast-banner-title-visibility":"","ast-main-header-display":"","ast-hfb-above-header-display":"","ast-hfb-below-header-display":"","ast-hfb-mobile-header-display":"","site-post-title":"","ast-breadcrumbs-content":"","ast-featured-img":"","footer-sml-layout":"","ast-disable-related-posts":"","theme-transparent-header-meta":"default","adv-header-id-meta":"","stick-header-meta":"","header-above-stick-meta":"","header-main-stick-meta":"","header-below-stick-meta":"","astra-migrate-meta-layouts":"set","ast-page-background-enabled":"default","ast-page-background-meta":{"desktop":{"background-color":"var(--ast-global-color-5)","background-image":"","background-repeat":"repeat","background-position":"center center","background-size":"auto","background-attachment":"scroll","background-type":"","background-media":"","overlay-type":"","overlay-color":"","overlay-opacity":"","overlay-gradient":""},"tablet":{"background-color":"","background-image":"","background-repeat":"repeat","background-position":"center center","background-size":"auto","background-attachment":"scroll","background-type":"","background-media":"","overlay-type":"","overlay-color":"","overlay-opacity":"","overlay-gradient":""},"mobile":{"background-color":"","background-image":"","background-repeat":"repeat","background-position":"center center","background-size":"auto","background-attachment":"scroll","background-type":"","background-media":"","overlay-type":"","overlay-color":"","overlay-opacity":"","overlay-gradient":""}},"ast-content-background-meta":{"desktop":{"background-color":"var(--ast-global-color-4)","background-image":"","background-repeat":"repeat","background-position":"center center","background-size":"auto","background-attachment":"scroll","background-type":"","background-media":"","overlay-type":"","overlay-color":"","overlay-opacity":"","overlay-gradient":""},"tablet":{"background-color":"var(--ast-global-color-4)","background-image":"","background-repeat":"repeat","background-position":"center center","background-size":"auto","background-attachment":"scroll","background-type":"","background-media":"","overlay-type":"","overlay-color":"","overlay-opacity":"","overlay-gradient":""},"mobile":{"background-color":"var(--ast-global-color-4)","background-image":"","background-repeat":"repeat","background-position":"center center","background-size":"auto","background-attachment":"scroll","background-type":"","background-media":"","overlay-type":"","overlay-color":"","overlay-opacity":"","overlay-gradient":""}}},"product_brand":[],"product_cat":[133,1425],"product_tag":[],"class_list":{"0":"post-50511","1":"product","2":"type-product","3":"status-publish","4":"has-post-thumbnail","6":"product_cat-ricambistica","7":"product_cat-quick","8":"pa_supplier-quick-s-p-a","9":"desktop-align-left","10":"tablet-align-left","11":"mobile-align-left","13":"first","14":"instock","15":"taxable","16":"shipping-taxable","17":"purchasable","18":"product-type-simple"},"acf":[],"yoast_head":"<!-- This site is optimized with the Yoast SEO Premium plugin v26.7 (Yoast SEO v26.9) - https:\/\/yoast.com\/product\/yoast-seo-premium-wordpress\/ -->\n<title>Comando eliche a joystick TCD2042 Quick | FNTCD2042000C00<\/title>\n<meta name=\"description\" content=\"Comando eliche a joystick TCD2042 Quick. Ricambio identificato dal codice fornitore FNTCD2042000C00 per impiantistica di bordo.\" \/>\n<meta name=\"robots\" content=\"index, follow, max-snippet:-1, max-image-preview:large, max-video-preview:-1\" \/>\n<link rel=\"canonical\" href=\"https:\/\/technofluid.it\/es\/producto\/comando-de-helices-con-joystick-tcd2042-codigo-fntcd2042000c00-quick\/\" \/>\n<meta property=\"og:locale\" content=\"es_ES\" \/>\n<meta property=\"og:type\" content=\"article\" \/>\n<meta property=\"og:title\" content=\"Comando eliche a joystick TCD2042 - codice: FNTCD2042000C00 - Quick\" \/>\n<meta property=\"og:description\" content=\"Comando eliche a joystick TCD2042 Quick. Ricambio identificato dal codice fornitore FNTCD2042000C00 per impiantistica di bordo.\" \/>\n<meta property=\"og:url\" content=\"https:\/\/technofluid.it\/es\/producto\/comando-de-helices-con-joystick-tcd2042-codigo-fntcd2042000c00-quick\/\" \/>\n<meta property=\"og:site_name\" content=\"Technofluid\" \/>\n<meta property=\"article:modified_time\" content=\"2026-04-15T11:14:28+00:00\" \/>\n<meta property=\"og:image\" content=\"https:\/\/technofluid.it\/wp-content\/uploads\/2026\/02\/c7c38b83-e7bf-43b7-902a-bc7c08c254da.png\" \/>\n\t<meta property=\"og:image:width\" content=\"1811\" \/>\n\t<meta property=\"og:image:height\" content=\"2349\" \/>\n\t<meta property=\"og:image:type\" content=\"image\/png\" \/>\n<meta name=\"twitter:card\" content=\"summary_large_image\" \/>\n<meta name=\"twitter:label1\" content=\"Precio\" \/>\n\t<meta name=\"twitter:data1\" content=\"152,93&nbsp;&euro; Iva esclusa\" \/>\n\t<meta name=\"twitter:label2\" content=\"Disponibilidad\" \/>\n\t<meta name=\"twitter:data2\" content=\"Disponible\" \/>\n<script type=\"application\/ld+json\" class=\"yoast-schema-graph\">{\"@context\":\"https:\/\/schema.org\",\"@graph\":[{\"@type\":\"WebPage\",\"@id\":\"https:\/\/technofluid.it\/prodotto\/comando-eliche-a-joystick-tcd2042-codice-fntcd2042000c00-quick\/\",\"url\":\"https:\/\/technofluid.it\/prodotto\/comando-eliche-a-joystick-tcd2042-codice-fntcd2042000c00-quick\/\",\"name\":\"Comando eliche a joystick TCD2042 Quick | FNTCD2042000C00\",\"isPartOf\":{\"@id\":\"https:\/\/technofluid.it\/#website\"},\"primaryImageOfPage\":{\"@id\":\"https:\/\/technofluid.it\/prodotto\/comando-eliche-a-joystick-tcd2042-codice-fntcd2042000c00-quick\/#primaryimage\"},\"image\":{\"@id\":\"https:\/\/technofluid.it\/prodotto\/comando-eliche-a-joystick-tcd2042-codice-fntcd2042000c00-quick\/#primaryimage\"},\"thumbnailUrl\":\"https:\/\/technofluid.it\/wp-content\/uploads\/2026\/02\/c7c38b83-e7bf-43b7-902a-bc7c08c254da.png\",\"datePublished\":\"2026-02-10T10:37:28+00:00\",\"dateModified\":\"2026-04-15T11:14:28+00:00\",\"description\":\"Comando eliche a joystick TCD2042 Quick. Ricambio identificato dal codice fornitore FNTCD2042000C00 per impiantistica di bordo.\",\"breadcrumb\":{\"@id\":\"https:\/\/technofluid.it\/prodotto\/comando-eliche-a-joystick-tcd2042-codice-fntcd2042000c00-quick\/#breadcrumb\"},\"inLanguage\":\"es\",\"potentialAction\":[{\"@type\":\"ReadAction\",\"target\":[\"https:\/\/technofluid.it\/prodotto\/comando-eliche-a-joystick-tcd2042-codice-fntcd2042000c00-quick\/\"]}]},{\"@type\":\"ImageObject\",\"inLanguage\":\"es\",\"@id\":\"https:\/\/technofluid.it\/prodotto\/comando-eliche-a-joystick-tcd2042-codice-fntcd2042000c00-quick\/#primaryimage\",\"url\":\"https:\/\/technofluid.it\/wp-content\/uploads\/2026\/02\/c7c38b83-e7bf-43b7-902a-bc7c08c254da.png\",\"contentUrl\":\"https:\/\/technofluid.it\/wp-content\/uploads\/2026\/02\/c7c38b83-e7bf-43b7-902a-bc7c08c254da.png\",\"width\":1811,\"height\":2349,\"caption\":\"Controllo preciso delle eliche con joystick TCD2042, compatibile con vari modelli di droni.\"},{\"@type\":\"BreadcrumbList\",\"@id\":\"https:\/\/technofluid.it\/prodotto\/comando-eliche-a-joystick-tcd2042-codice-fntcd2042000c00-quick\/#breadcrumb\",\"itemListElement\":[{\"@type\":\"ListItem\",\"position\":1,\"name\":\"Home\",\"item\":\"https:\/\/technofluid.it\/\"},{\"@type\":\"ListItem\",\"position\":2,\"name\":\"Shop\",\"item\":\"https:\/\/technofluid.it\/shop\/\"},{\"@type\":\"ListItem\",\"position\":3,\"name\":\"Comando eliche a joystick TCD2042 &#8211; codice: FNTCD2042000C00 &#8211; Quick\"}]},{\"@type\":\"WebSite\",\"@id\":\"https:\/\/technofluid.it\/#website\",\"url\":\"https:\/\/technofluid.it\/\",\"name\":\"Technofluid S.R.L.\",\"description\":\"Dal 1999 siamo specializzati nell&#039;impiantistica navale, idraulica, civile e industriale\",\"publisher\":{\"@id\":\"https:\/\/technofluid.it\/#organization\"},\"potentialAction\":[{\"@type\":\"SearchAction\",\"target\":{\"@type\":\"EntryPoint\",\"urlTemplate\":\"https:\/\/technofluid.it\/?s={search_term_string}\"},\"query-input\":{\"@type\":\"PropertyValueSpecification\",\"valueRequired\":true,\"valueName\":\"search_term_string\"}}],\"inLanguage\":\"es\"},{\"@type\":\"Organization\",\"@id\":\"https:\/\/technofluid.it\/#organization\",\"name\":\"Technofluid\",\"url\":\"https:\/\/technofluid.it\/\",\"logo\":{\"@type\":\"ImageObject\",\"inLanguage\":\"es\",\"@id\":\"https:\/\/technofluid.it\/#\/schema\/logo\/image\/\",\"url\":\"https:\/\/technofluid.it\/wp-content\/uploads\/2025\/12\/technofluid_bianco-logo.webp\",\"contentUrl\":\"https:\/\/technofluid.it\/wp-content\/uploads\/2025\/12\/technofluid_bianco-logo.webp\",\"width\":350,\"height\":116,\"caption\":\"Technofluid\"},\"image\":{\"@id\":\"https:\/\/technofluid.it\/#\/schema\/logo\/image\/\"},\"description\":\"La Technofluid S.r.l. nasce nel 1999 a Barcellona Pozzo di Gotto, in provincia di Messina, con l\u2019obiettivo di diventare un punto di riferimento nel settore dell\u2019impiantistica navale, idraulica, civile e industriale.\",\"email\":\"info@technofluid.it\",\"telephone\":\"0907386877\",\"legalName\":\"Technofluid S.R.L\",\"vatID\":\"IT03148240835\",\"taxID\":\"03148240835\",\"ownershipFundingInfo\":\"https:\/\/technofluid.it\/azienda\/\"}]}<\/script>\n<meta property=\"product:price:amount\" content=\"152.93\" \/>\n<meta property=\"product:price:currency\" content=\"EUR\" \/>\n<meta property=\"og:availability\" content=\"instock\" \/>\n<meta property=\"product:availability\" content=\"instock\" \/>\n<meta property=\"product:retailer_item_id\" content=\"quic000000040\" \/>\n<meta property=\"product:condition\" content=\"new\" \/>\n<!-- \/ Yoast SEO Premium plugin. -->","yoast_head_json":{"title":"Comando de h\u00e9lices con joystick TCD2042 Quick | FNTCD2042000C00","description":"Comando de h\u00e9lices con joystick TCD2042 Quick. Repuesto identificado por el c\u00f3digo de proveedor FNTCD2042000C00 para instalaciones a bordo.","robots":{"index":"index","follow":"follow","max-snippet":"max-snippet:-1","max-image-preview":"max-image-preview:large","max-video-preview":"max-video-preview:-1"},"canonical":"https:\/\/technofluid.it\/es\/producto\/comando-de-helices-con-joystick-tcd2042-codigo-fntcd2042000c00-quick\/","og_locale":"es_ES","og_type":"article","og_title":"Comando eliche a joystick TCD2042 - codice: FNTCD2042000C00 - Quick","og_description":"Comando eliche a joystick TCD2042 Quick. Ricambio identificato dal codice fornitore FNTCD2042000C00 per impiantistica di bordo.","og_url":"https:\/\/technofluid.it\/es\/producto\/comando-de-helices-con-joystick-tcd2042-codigo-fntcd2042000c00-quick\/","og_site_name":"Technofluid","article_modified_time":"2026-04-15T11:14:28+00:00","og_image":[{"width":1811,"height":2349,"url":"https:\/\/technofluid.it\/wp-content\/uploads\/2026\/02\/c7c38b83-e7bf-43b7-902a-bc7c08c254da.png","type":"image\/png"}],"twitter_card":"summary_large_image","twitter_misc":{"Precio":"152,93&nbsp;&euro; Iva esclusa","Disponibilidad":"Disponible"},"schema":{"@context":"https:\/\/schema.org","@graph":[{"@type":"WebPage","@id":"https:\/\/technofluid.it\/prodotto\/comando-eliche-a-joystick-tcd2042-codice-fntcd2042000c00-quick\/","url":"https:\/\/technofluid.it\/prodotto\/comando-eliche-a-joystick-tcd2042-codice-fntcd2042000c00-quick\/","name":"Comando de h\u00e9lices con joystick TCD2042 Quick | FNTCD2042000C00","isPartOf":{"@id":"https:\/\/technofluid.it\/#website"},"primaryImageOfPage":{"@id":"https:\/\/technofluid.it\/prodotto\/comando-eliche-a-joystick-tcd2042-codice-fntcd2042000c00-quick\/#primaryimage"},"image":{"@id":"https:\/\/technofluid.it\/prodotto\/comando-eliche-a-joystick-tcd2042-codice-fntcd2042000c00-quick\/#primaryimage"},"thumbnailUrl":"https:\/\/technofluid.it\/wp-content\/uploads\/2026\/02\/c7c38b83-e7bf-43b7-902a-bc7c08c254da.png","datePublished":"2026-02-10T10:37:28+00:00","dateModified":"2026-04-15T11:14:28+00:00","description":"Comando de h\u00e9lices con joystick TCD2042 Quick. Repuesto identificado por el c\u00f3digo de proveedor FNTCD2042000C00 para instalaciones a bordo.","breadcrumb":{"@id":"https:\/\/technofluid.it\/prodotto\/comando-eliche-a-joystick-tcd2042-codice-fntcd2042000c00-quick\/#breadcrumb"},"inLanguage":"es","potentialAction":[{"@type":"ReadAction","target":["https:\/\/technofluid.it\/prodotto\/comando-eliche-a-joystick-tcd2042-codice-fntcd2042000c00-quick\/"]}]},{"@type":"ImageObject","inLanguage":"es","@id":"https:\/\/technofluid.it\/prodotto\/comando-eliche-a-joystick-tcd2042-codice-fntcd2042000c00-quick\/#primaryimage","url":"https:\/\/technofluid.it\/wp-content\/uploads\/2026\/02\/c7c38b83-e7bf-43b7-902a-bc7c08c254da.png","contentUrl":"https:\/\/technofluid.it\/wp-content\/uploads\/2026\/02\/c7c38b83-e7bf-43b7-902a-bc7c08c254da.png","width":1811,"height":2349,"caption":"Controllo preciso delle eliche con joystick TCD2042, compatibile con vari modelli di droni."},{"@type":"BreadcrumbList","@id":"https:\/\/technofluid.it\/prodotto\/comando-eliche-a-joystick-tcd2042-codice-fntcd2042000c00-quick\/#breadcrumb","itemListElement":[{"@type":"ListItem","position":1,"name":"Home","item":"https:\/\/technofluid.it\/"},{"@type":"ListItem","position":2,"name":"Shop","item":"https:\/\/technofluid.it\/shop\/"},{"@type":"ListItem","position":3,"name":"Comando eliche a joystick TCD2042 &#8211; codice: FNTCD2042000C00 &#8211; Quick"}]},{"@type":"WebSite","@id":"https:\/\/technofluid.it\/#website","url":"https:\/\/technofluid.it\/","name":"Technofluid S.R.L.","description":"Desde 1999 estamos especializados en instalaciones navales, hidr\u00e1ulicas, civiles e industriales","publisher":{"@id":"https:\/\/technofluid.it\/#organization"},"potentialAction":[{"@type":"SearchAction","target":{"@type":"EntryPoint","urlTemplate":"https:\/\/technofluid.it\/?s={search_term_string}"},"query-input":{"@type":"PropertyValueSpecification","valueRequired":true,"valueName":"search_term_string"}}],"inLanguage":"es"},{"@type":"Organization","@id":"https:\/\/technofluid.it\/#organization","name":"Technofluid","url":"https:\/\/technofluid.it\/","logo":{"@type":"ImageObject","inLanguage":"es","@id":"https:\/\/technofluid.it\/#\/schema\/logo\/image\/","url":"https:\/\/technofluid.it\/wp-content\/uploads\/2025\/12\/technofluid_bianco-logo.webp","contentUrl":"https:\/\/technofluid.it\/wp-content\/uploads\/2025\/12\/technofluid_bianco-logo.webp","width":350,"height":116,"caption":"Technofluid"},"image":{"@id":"https:\/\/technofluid.it\/#\/schema\/logo\/image\/"},"description":"Technofluid S.r.l. nace en 1999 en Barcellona Pozzo di Gotto, en la provincia de Messina, con el objetivo de convertirse en un punto de referencia en el sector de la ingenier\u00eda naval, hidr\u00e1ulica, civil e industrial.","email":"info@technofluid.it","telephone":"0907386877","legalName":"Technofluid S.R.L","vatID":"IT03148240835","taxID":"03148240835","ownershipFundingInfo":"https:\/\/technofluid.it\/azienda\/"}]},"product_price_amount":"152.93","product_price_currency":"EUR","og_availability":"instock","product_availability":"instock","product_retailer_item_id":"quic000000040","product_condition":"new"},"_links":{"self":[{"href":"https:\/\/technofluid.it\/es\/wp-json\/wp\/v2\/product\/50511","targetHints":{"allow":["GET"]}}],"collection":[{"href":"https:\/\/technofluid.it\/es\/wp-json\/wp\/v2\/product"}],"about":[{"href":"https:\/\/technofluid.it\/es\/wp-json\/wp\/v2\/types\/product"}],"replies":[{"embeddable":true,"href":"https:\/\/technofluid.it\/es\/wp-json\/wp\/v2\/comments?post=50511"}],"version-history":[{"count":4,"href":"https:\/\/technofluid.it\/es\/wp-json\/wp\/v2\/product\/50511\/revisions"}],"predecessor-version":[{"id":52694,"href":"https:\/\/technofluid.it\/es\/wp-json\/wp\/v2\/product\/50511\/revisions\/52694"}],"wp:featuredmedia":[{"embeddable":true,"href":"https:\/\/technofluid.it\/es\/wp-json\/wp\/v2\/media\/50622"}],"wp:attachment":[{"href":"https:\/\/technofluid.it\/es\/wp-json\/wp\/v2\/media?parent=50511"}],"wp:term":[{"taxonomy":"product_brand","embeddable":true,"href":"https:\/\/technofluid.it\/es\/wp-json\/wp\/v2\/product_brand?post=50511"},{"taxonomy":"product_cat","embeddable":true,"href":"https:\/\/technofluid.it\/es\/wp-json\/wp\/v2\/product_cat?post=50511"},{"taxonomy":"product_tag","embeddable":true,"href":"https:\/\/technofluid.it\/es\/wp-json\/wp\/v2\/product_tag?post=50511"}],"curies":[{"name":"wp","href":"https:\/\/api.w.org\/{rel}","templated":true}]}}