{"id":31750,"date":"2025-10-25T01:05:43","date_gmt":"2025-10-25T00:05:43","guid":{"rendered":"https:\/\/technofluid.it\/prodotto\/zerbino-nylon-60x32cm-blu-codice-23-907-21-osculati\/"},"modified":"2026-04-15T04:09:32","modified_gmt":"2026-04-15T03:09:32","slug":"zerbino-in-nylon-6032cm-blu-codice-23-907-21-osculati","status":"publish","type":"product","link":"https:\/\/technofluid.it\/es\/producto\/felpudo-de-nylon-6032cm-azul-codigo-23-907-21-osculati\/","title":{"rendered":"Felpudo de nylon 60\u00d732 cm azul \u2013 c\u00f3digo: 23.907.21 \u2013 Osculati"},"content":{"rendered":"<p>Felpudo de nylon 60\u00d732 cm azul \u2013 c\u00f3digo: 23.907.21 \u2013 Osculati<\/p>","protected":false},"excerpt":{"rendered":"<p>Felpudo de <strong>nylon<\/strong> en color <strong>azul<\/strong>, formato <strong>60\u00d732 cm<\/strong>, ideal como accesorio pr\u00e1ctico para entradas y zonas de paso a bordo. Ayuda a gestionar la suciedad diaria (arena, residuos del muelle) y a mantener m\u00e1s ordenados los espacios interiores y exteriores de la embarcaci\u00f3n. Producto <strong>Osculati<\/strong> identificado por <strong>c\u00f3digo 23.907.21<\/strong>, \u00fatil para reorganizaci\u00f3n y asistencia. Soluci\u00f3n simple y funcional para quienes buscan un tapete\/felpudo compacto para integrar en el mobiliario y en la rutina de mantenimiento ordinario del barco.<\/p>","protected":false},"featured_media":43029,"comment_status":"open","ping_status":"closed","template":"","meta":{"_acf_changed":false,"_monsterinsights_skip_tracking":false,"_monsterinsights_sitenote_active":false,"_monsterinsights_sitenote_note":"","_monsterinsights_sitenote_category":0,"site-sidebar-layout":"default","site-content-layout":"","ast-site-content-layout":"default","site-content-style":"default","site-sidebar-style":"default","ast-global-header-display":"","ast-banner-title-visibility":"","ast-main-header-display":"","ast-hfb-above-header-display":"","ast-hfb-below-header-display":"","ast-hfb-mobile-header-display":"","site-post-title":"","ast-breadcrumbs-content":"","ast-featured-img":"","footer-sml-layout":"","ast-disable-related-posts":"","theme-transparent-header-meta":"default","adv-header-id-meta":"","stick-header-meta":"","header-above-stick-meta":"","header-main-stick-meta":"","header-below-stick-meta":"","astra-migrate-meta-layouts":"set","ast-page-background-enabled":"default","ast-page-background-meta":{"desktop":{"background-color":"var(--ast-global-color-5)","background-image":"","background-repeat":"repeat","background-position":"center center","background-size":"auto","background-attachment":"scroll","background-type":"","background-media":"","overlay-type":"","overlay-color":"","overlay-opacity":"","overlay-gradient":""},"tablet":{"background-color":"","background-image":"","background-repeat":"repeat","background-position":"center center","background-size":"auto","background-attachment":"scroll","background-type":"","background-media":"","overlay-type":"","overlay-color":"","overlay-opacity":"","overlay-gradient":""},"mobile":{"background-color":"","background-image":"","background-repeat":"repeat","background-position":"center center","background-size":"auto","background-attachment":"scroll","background-type":"","background-media":"","overlay-type":"","overlay-color":"","overlay-opacity":"","overlay-gradient":""}},"ast-content-background-meta":{"desktop":{"background-color":"var(--ast-global-color-4)","background-image":"","background-repeat":"repeat","background-position":"center center","background-size":"auto","background-attachment":"scroll","background-type":"","background-media":"","overlay-type":"","overlay-color":"","overlay-opacity":"","overlay-gradient":""},"tablet":{"background-color":"var(--ast-global-color-4)","background-image":"","background-repeat":"repeat","background-position":"center center","background-size":"auto","background-attachment":"scroll","background-type":"","background-media":"","overlay-type":"","overlay-color":"","overlay-opacity":"","overlay-gradient":""},"mobile":{"background-color":"var(--ast-global-color-4)","background-image":"","background-repeat":"repeat","background-position":"center center","background-size":"auto","background-attachment":"scroll","background-type":"","background-media":"","overlay-type":"","overlay-color":"","overlay-opacity":"","overlay-gradient":""}}},"product_brand":[],"product_cat":[251,101],"product_tag":[],"class_list":{"0":"post-31750","1":"product","2":"type-product","3":"status-publish","4":"has-post-thumbnail","6":"product_cat-accessori-barca","7":"product_cat-arredo-e-comfort","8":"pa_supplier-osculati-s-r-l","9":"desktop-align-left","10":"tablet-align-left","11":"mobile-align-left","13":"first","14":"instock","15":"taxable","16":"shipping-taxable","17":"purchasable","18":"product-type-simple"},"acf":[],"yoast_head":"<!-- This site is optimized with the Yoast SEO Premium plugin v26.7 (Yoast SEO v26.9) - https:\/\/yoast.com\/product\/yoast-seo-premium-wordpress\/ -->\n<title>Zerbino in nylon 60\u00d732 cm blu Osculati 23.907.21<\/title>\n<meta name=\"description\" content=\"Zerbino in nylon blu 60\u00d732 cm Osculati. Accessorio pratico per ingressi e passaggi a bordo. Codice prodotto 23.907.21.\" \/>\n<meta name=\"robots\" content=\"index, follow, max-snippet:-1, max-image-preview:large, max-video-preview:-1\" \/>\n<link rel=\"canonical\" href=\"https:\/\/technofluid.it\/es\/producto\/felpudo-de-nylon-6032cm-azul-codigo-23-907-21-osculati\/\" \/>\n<meta property=\"og:locale\" content=\"es_ES\" \/>\n<meta property=\"og:type\" content=\"article\" \/>\n<meta property=\"og:title\" content=\"Zerbino in nylon 60&times;32&nbsp;cm blu &ndash; codice: 23.907.21 &ndash; Osculati\" \/>\n<meta property=\"og:description\" content=\"Zerbino in nylon blu 60\u00d732 cm Osculati. Accessorio pratico per ingressi e passaggi a bordo. Codice prodotto 23.907.21.\" \/>\n<meta property=\"og:url\" content=\"https:\/\/technofluid.it\/es\/producto\/felpudo-de-nylon-6032cm-azul-codigo-23-907-21-osculati\/\" \/>\n<meta property=\"og:site_name\" content=\"Technofluid\" \/>\n<meta property=\"article:modified_time\" content=\"2026-04-15T03:09:32+00:00\" \/>\n<meta property=\"og:image\" content=\"https:\/\/technofluid.it\/wp-content\/uploads\/2026\/01\/2012-ZERBINO-NYLON-60X32CM-BLU-CODICE-23.907.21-OSCULATI.jpg\" \/>\n\t<meta property=\"og:image:width\" content=\"300\" \/>\n\t<meta property=\"og:image:height\" content=\"300\" \/>\n\t<meta property=\"og:image:type\" content=\"image\/jpeg\" \/>\n<meta name=\"twitter:card\" content=\"summary_large_image\" \/>\n<meta name=\"twitter:label1\" content=\"Precio\" \/>\n\t<meta name=\"twitter:data1\" content=\"48,36&nbsp;&euro; Iva esclusa\" \/>\n\t<meta name=\"twitter:label2\" content=\"Disponibilidad\" \/>\n\t<meta name=\"twitter:data2\" content=\"Disponible\" \/>\n<script type=\"application\/ld+json\" class=\"yoast-schema-graph\">{\"@context\":\"https:\/\/schema.org\",\"@graph\":[{\"@type\":\"WebPage\",\"@id\":\"https:\/\/technofluid.it\/prodotto\/zerbino-in-nylon-6032cm-blu-codice-23-907-21-osculati\/\",\"url\":\"https:\/\/technofluid.it\/prodotto\/zerbino-in-nylon-6032cm-blu-codice-23-907-21-osculati\/\",\"name\":\"Zerbino in nylon 60\u00d732 cm blu Osculati 23.907.21\",\"isPartOf\":{\"@id\":\"https:\/\/technofluid.it\/#website\"},\"primaryImageOfPage\":{\"@id\":\"https:\/\/technofluid.it\/prodotto\/zerbino-in-nylon-6032cm-blu-codice-23-907-21-osculati\/#primaryimage\"},\"image\":{\"@id\":\"https:\/\/technofluid.it\/prodotto\/zerbino-in-nylon-6032cm-blu-codice-23-907-21-osculati\/#primaryimage\"},\"thumbnailUrl\":\"https:\/\/technofluid.it\/wp-content\/uploads\/2026\/01\/2012-ZERBINO-NYLON-60X32CM-BLU-CODICE-23.907.21-OSCULATI.jpg\",\"datePublished\":\"2025-10-25T00:05:43+00:00\",\"dateModified\":\"2026-04-15T03:09:32+00:00\",\"description\":\"Zerbino in nylon blu 60\u00d732 cm Osculati. Accessorio pratico per ingressi e passaggi a bordo. Codice prodotto 23.907.21.\",\"breadcrumb\":{\"@id\":\"https:\/\/technofluid.it\/prodotto\/zerbino-in-nylon-6032cm-blu-codice-23-907-21-osculati\/#breadcrumb\"},\"inLanguage\":\"es\",\"potentialAction\":[{\"@type\":\"ReadAction\",\"target\":[\"https:\/\/technofluid.it\/prodotto\/zerbino-in-nylon-6032cm-blu-codice-23-907-21-osculati\/\"]}]},{\"@type\":\"ImageObject\",\"inLanguage\":\"es\",\"@id\":\"https:\/\/technofluid.it\/prodotto\/zerbino-in-nylon-6032cm-blu-codice-23-907-21-osculati\/#primaryimage\",\"url\":\"https:\/\/technofluid.it\/wp-content\/uploads\/2026\/01\/2012-ZERBINO-NYLON-60X32CM-BLU-CODICE-23.907.21-OSCULATI.jpg\",\"contentUrl\":\"https:\/\/technofluid.it\/wp-content\/uploads\/2026\/01\/2012-ZERBINO-NYLON-60X32CM-BLU-CODICE-23.907.21-OSCULATI.jpg\",\"width\":300,\"height\":300,\"caption\":\"Zerbino in nylon blu di dimensioni 60x32 cm, ideale per ingressi e ambienti esterni, codice Osculati 23.907.21.\"},{\"@type\":\"BreadcrumbList\",\"@id\":\"https:\/\/technofluid.it\/prodotto\/zerbino-in-nylon-6032cm-blu-codice-23-907-21-osculati\/#breadcrumb\",\"itemListElement\":[{\"@type\":\"ListItem\",\"position\":1,\"name\":\"Home\",\"item\":\"https:\/\/technofluid.it\/\"},{\"@type\":\"ListItem\",\"position\":2,\"name\":\"Shop\",\"item\":\"https:\/\/technofluid.it\/shop\/\"},{\"@type\":\"ListItem\",\"position\":3,\"name\":\"Zerbino in nylon 60&times;32&nbsp;cm blu &ndash; codice: 23.907.21 &ndash; Osculati\"}]},{\"@type\":\"WebSite\",\"@id\":\"https:\/\/technofluid.it\/#website\",\"url\":\"https:\/\/technofluid.it\/\",\"name\":\"Technofluid S.R.L.\",\"description\":\"Dal 1999 siamo specializzati nell&#039;impiantistica navale, idraulica, civile e industriale\",\"publisher\":{\"@id\":\"https:\/\/technofluid.it\/#organization\"},\"potentialAction\":[{\"@type\":\"SearchAction\",\"target\":{\"@type\":\"EntryPoint\",\"urlTemplate\":\"https:\/\/technofluid.it\/?s={search_term_string}\"},\"query-input\":{\"@type\":\"PropertyValueSpecification\",\"valueRequired\":true,\"valueName\":\"search_term_string\"}}],\"inLanguage\":\"es\"},{\"@type\":\"Organization\",\"@id\":\"https:\/\/technofluid.it\/#organization\",\"name\":\"Technofluid\",\"url\":\"https:\/\/technofluid.it\/\",\"logo\":{\"@type\":\"ImageObject\",\"inLanguage\":\"es\",\"@id\":\"https:\/\/technofluid.it\/#\/schema\/logo\/image\/\",\"url\":\"https:\/\/technofluid.it\/wp-content\/uploads\/2025\/12\/technofluid_bianco-logo.webp\",\"contentUrl\":\"https:\/\/technofluid.it\/wp-content\/uploads\/2025\/12\/technofluid_bianco-logo.webp\",\"width\":350,\"height\":116,\"caption\":\"Technofluid\"},\"image\":{\"@id\":\"https:\/\/technofluid.it\/#\/schema\/logo\/image\/\"},\"description\":\"La Technofluid S.r.l. nasce nel 1999 a Barcellona Pozzo di Gotto, in provincia di Messina, con l\u2019obiettivo di diventare un punto di riferimento nel settore dell\u2019impiantistica navale, idraulica, civile e industriale.\",\"email\":\"info@technofluid.it\",\"telephone\":\"0907386877\",\"legalName\":\"Technofluid S.R.L\",\"vatID\":\"IT03148240835\",\"taxID\":\"03148240835\",\"ownershipFundingInfo\":\"https:\/\/technofluid.it\/azienda\/\"}]}<\/script>\n<meta property=\"product:price:amount\" content=\"48.36\" \/>\n<meta property=\"product:price:currency\" content=\"EUR\" \/>\n<meta property=\"og:availability\" content=\"instock\" \/>\n<meta property=\"product:availability\" content=\"instock\" \/>\n<meta property=\"product:retailer_item_id\" content=\"OSCU00000476\" \/>\n<meta property=\"product:condition\" content=\"new\" \/>\n<!-- \/ Yoast SEO Premium plugin. -->","yoast_head_json":{"title":"Felpudo de nylon 60\u00d732 cm azul Osculati 23.907.21","description":"Felpudo de nylon azul 60\u00d732 cm Osculati. Accesorio pr\u00e1ctico para entradas y pasajes a bordo. C\u00f3digo de producto 23.907.21.","robots":{"index":"index","follow":"follow","max-snippet":"max-snippet:-1","max-image-preview":"max-image-preview:large","max-video-preview":"max-video-preview:-1"},"canonical":"https:\/\/technofluid.it\/es\/producto\/felpudo-de-nylon-6032cm-azul-codigo-23-907-21-osculati\/","og_locale":"es_ES","og_type":"article","og_title":"Zerbino in nylon 60&times;32&nbsp;cm blu &ndash; codice: 23.907.21 &ndash; Osculati","og_description":"Zerbino in nylon blu 60\u00d732 cm Osculati. Accessorio pratico per ingressi e passaggi a bordo. Codice prodotto 23.907.21.","og_url":"https:\/\/technofluid.it\/es\/producto\/felpudo-de-nylon-6032cm-azul-codigo-23-907-21-osculati\/","og_site_name":"Technofluid","article_modified_time":"2026-04-15T03:09:32+00:00","og_image":[{"width":300,"height":300,"url":"https:\/\/technofluid.it\/wp-content\/uploads\/2026\/01\/2012-ZERBINO-NYLON-60X32CM-BLU-CODICE-23.907.21-OSCULATI.jpg","type":"image\/jpeg"}],"twitter_card":"summary_large_image","twitter_misc":{"Precio":"48,36&nbsp;&euro; Iva esclusa","Disponibilidad":"Disponible"},"schema":{"@context":"https:\/\/schema.org","@graph":[{"@type":"WebPage","@id":"https:\/\/technofluid.it\/prodotto\/zerbino-in-nylon-6032cm-blu-codice-23-907-21-osculati\/","url":"https:\/\/technofluid.it\/prodotto\/zerbino-in-nylon-6032cm-blu-codice-23-907-21-osculati\/","name":"Felpudo de nylon 60\u00d732 cm azul Osculati 23.907.21","isPartOf":{"@id":"https:\/\/technofluid.it\/#website"},"primaryImageOfPage":{"@id":"https:\/\/technofluid.it\/prodotto\/zerbino-in-nylon-6032cm-blu-codice-23-907-21-osculati\/#primaryimage"},"image":{"@id":"https:\/\/technofluid.it\/prodotto\/zerbino-in-nylon-6032cm-blu-codice-23-907-21-osculati\/#primaryimage"},"thumbnailUrl":"https:\/\/technofluid.it\/wp-content\/uploads\/2026\/01\/2012-ZERBINO-NYLON-60X32CM-BLU-CODICE-23.907.21-OSCULATI.jpg","datePublished":"2025-10-25T00:05:43+00:00","dateModified":"2026-04-15T03:09:32+00:00","description":"Felpudo de nylon azul 60\u00d732 cm Osculati. Accesorio pr\u00e1ctico para entradas y pasajes a bordo. C\u00f3digo de producto 23.907.21.","breadcrumb":{"@id":"https:\/\/technofluid.it\/prodotto\/zerbino-in-nylon-6032cm-blu-codice-23-907-21-osculati\/#breadcrumb"},"inLanguage":"es","potentialAction":[{"@type":"ReadAction","target":["https:\/\/technofluid.it\/prodotto\/zerbino-in-nylon-6032cm-blu-codice-23-907-21-osculati\/"]}]},{"@type":"ImageObject","inLanguage":"es","@id":"https:\/\/technofluid.it\/prodotto\/zerbino-in-nylon-6032cm-blu-codice-23-907-21-osculati\/#primaryimage","url":"https:\/\/technofluid.it\/wp-content\/uploads\/2026\/01\/2012-ZERBINO-NYLON-60X32CM-BLU-CODICE-23.907.21-OSCULATI.jpg","contentUrl":"https:\/\/technofluid.it\/wp-content\/uploads\/2026\/01\/2012-ZERBINO-NYLON-60X32CM-BLU-CODICE-23.907.21-OSCULATI.jpg","width":300,"height":300,"caption":"Zerbino in nylon blu di dimensioni 60x32 cm, ideale per ingressi e ambienti esterni, codice Osculati 23.907.21."},{"@type":"BreadcrumbList","@id":"https:\/\/technofluid.it\/prodotto\/zerbino-in-nylon-6032cm-blu-codice-23-907-21-osculati\/#breadcrumb","itemListElement":[{"@type":"ListItem","position":1,"name":"Home","item":"https:\/\/technofluid.it\/"},{"@type":"ListItem","position":2,"name":"Shop","item":"https:\/\/technofluid.it\/shop\/"},{"@type":"ListItem","position":3,"name":"Zerbino in nylon 60&times;32&nbsp;cm blu &ndash; codice: 23.907.21 &ndash; Osculati"}]},{"@type":"WebSite","@id":"https:\/\/technofluid.it\/#website","url":"https:\/\/technofluid.it\/","name":"Technofluid S.R.L.","description":"Desde 1999 estamos especializados en instalaciones navales, hidr\u00e1ulicas, civiles e industriales","publisher":{"@id":"https:\/\/technofluid.it\/#organization"},"potentialAction":[{"@type":"SearchAction","target":{"@type":"EntryPoint","urlTemplate":"https:\/\/technofluid.it\/?s={search_term_string}"},"query-input":{"@type":"PropertyValueSpecification","valueRequired":true,"valueName":"search_term_string"}}],"inLanguage":"es"},{"@type":"Organization","@id":"https:\/\/technofluid.it\/#organization","name":"Technofluid","url":"https:\/\/technofluid.it\/","logo":{"@type":"ImageObject","inLanguage":"es","@id":"https:\/\/technofluid.it\/#\/schema\/logo\/image\/","url":"https:\/\/technofluid.it\/wp-content\/uploads\/2025\/12\/technofluid_bianco-logo.webp","contentUrl":"https:\/\/technofluid.it\/wp-content\/uploads\/2025\/12\/technofluid_bianco-logo.webp","width":350,"height":116,"caption":"Technofluid"},"image":{"@id":"https:\/\/technofluid.it\/#\/schema\/logo\/image\/"},"description":"Technofluid S.r.l. nace en 1999 en Barcellona Pozzo di Gotto, en la provincia de Messina, con el objetivo de convertirse en un punto de referencia en el sector de la ingenier\u00eda naval, hidr\u00e1ulica, civil e industrial.","email":"info@technofluid.it","telephone":"0907386877","legalName":"Technofluid S.R.L","vatID":"IT03148240835","taxID":"03148240835","ownershipFundingInfo":"https:\/\/technofluid.it\/azienda\/"}]},"product_price_amount":"48.36","product_price_currency":"EUR","og_availability":"instock","product_availability":"instock","product_retailer_item_id":"OSCU00000476","product_condition":"new"},"_links":{"self":[{"href":"https:\/\/technofluid.it\/es\/wp-json\/wp\/v2\/product\/31750","targetHints":{"allow":["GET"]}}],"collection":[{"href":"https:\/\/technofluid.it\/es\/wp-json\/wp\/v2\/product"}],"about":[{"href":"https:\/\/technofluid.it\/es\/wp-json\/wp\/v2\/types\/product"}],"replies":[{"embeddable":true,"href":"https:\/\/technofluid.it\/es\/wp-json\/wp\/v2\/comments?post=31750"}],"version-history":[{"count":4,"href":"https:\/\/technofluid.it\/es\/wp-json\/wp\/v2\/product\/31750\/revisions"}],"predecessor-version":[{"id":57668,"href":"https:\/\/technofluid.it\/es\/wp-json\/wp\/v2\/product\/31750\/revisions\/57668"}],"wp:featuredmedia":[{"embeddable":true,"href":"https:\/\/technofluid.it\/es\/wp-json\/wp\/v2\/media\/43029"}],"wp:attachment":[{"href":"https:\/\/technofluid.it\/es\/wp-json\/wp\/v2\/media?parent=31750"}],"wp:term":[{"taxonomy":"product_brand","embeddable":true,"href":"https:\/\/technofluid.it\/es\/wp-json\/wp\/v2\/product_brand?post=31750"},{"taxonomy":"product_cat","embeddable":true,"href":"https:\/\/technofluid.it\/es\/wp-json\/wp\/v2\/product_cat?post=31750"},{"taxonomy":"product_tag","embeddable":true,"href":"https:\/\/technofluid.it\/es\/wp-json\/wp\/v2\/product_tag?post=31750"}],"curies":[{"name":"wp","href":"https:\/\/api.w.org\/{rel}","templated":true}]}}