{"id":31678,"date":"2025-10-25T01:05:29","date_gmt":"2025-10-25T00:05:29","guid":{"rendered":"https:\/\/technofluid.it\/prodotto\/vite-doppia-ridotta-m-m-da-1x3-4-codice-0245fe-maestrini\/"},"modified":"2026-04-07T17:16:10","modified_gmt":"2026-04-07T16:16:10","slug":"vite-doppia-ridotta-m-m-da-1x34-codice-0245fe-maestrini","status":"publish","type":"product","link":"https:\/\/technofluid.it\/es\/producto\/tornillo-doble-reducido-m-m-de-1x34-codigo-0245fe-maestrini\/","title":{"rendered":"Tornillo doble reducido M-M de 1\"x3\/4\" \u2013 c\u00f3digo: 0245F*E \u2013 Maestrini"},"content":{"rendered":"<p>VITE DOPPIA RIDOTTA M- M DA <b>1&#8242; X 3\/4<\/b> CROMADO<\/p>","protected":false},"excerpt":{"rendered":"<p>El <strong>tornillo doble reducido M-M<\/strong> Maestrini (c\u00f3digo <strong>0245F*E<\/strong>) es un componente hidr\u00e1ulico dise\u00f1ado para conectar dos elementos con roscas macho de diferente medida, en concreto <strong>1\u2033 x 3\/4\u2033<\/strong>. Es una soluci\u00f3n pr\u00e1ctica para adaptaciones, mantenimientos e intervenciones en instalaciones existentes, donde se necesita pasar de una medida a otra manteniendo una conexi\u00f3n ordenada y coherente. Ideal para aplicaciones en el \u00e1mbito <strong>hidr\u00e1ulica y racores<\/strong> y para instalaciones t\u00e9cnicas, incluidos contextos n\u00e1uticos y de a bordo donde la compatibilidad entre componentes es fundamental.<\/p>","protected":false},"featured_media":42882,"comment_status":"open","ping_status":"closed","template":"","meta":{"_acf_changed":false,"_monsterinsights_skip_tracking":false,"_monsterinsights_sitenote_active":false,"_monsterinsights_sitenote_note":"","_monsterinsights_sitenote_category":0,"site-sidebar-layout":"default","site-content-layout":"","ast-site-content-layout":"default","site-content-style":"default","site-sidebar-style":"default","ast-global-header-display":"","ast-banner-title-visibility":"","ast-main-header-display":"","ast-hfb-above-header-display":"","ast-hfb-below-header-display":"","ast-hfb-mobile-header-display":"","site-post-title":"","ast-breadcrumbs-content":"","ast-featured-img":"","footer-sml-layout":"","ast-disable-related-posts":"","theme-transparent-header-meta":"default","adv-header-id-meta":"","stick-header-meta":"","header-above-stick-meta":"","header-main-stick-meta":"","header-below-stick-meta":"","astra-migrate-meta-layouts":"set","ast-page-background-enabled":"default","ast-page-background-meta":{"desktop":{"background-color":"var(--ast-global-color-5)","background-image":"","background-repeat":"repeat","background-position":"center center","background-size":"auto","background-attachment":"scroll","background-type":"","background-media":"","overlay-type":"","overlay-color":"","overlay-opacity":"","overlay-gradient":""},"tablet":{"background-color":"","background-image":"","background-repeat":"repeat","background-position":"center center","background-size":"auto","background-attachment":"scroll","background-type":"","background-media":"","overlay-type":"","overlay-color":"","overlay-opacity":"","overlay-gradient":""},"mobile":{"background-color":"","background-image":"","background-repeat":"repeat","background-position":"center center","background-size":"auto","background-attachment":"scroll","background-type":"","background-media":"","overlay-type":"","overlay-color":"","overlay-opacity":"","overlay-gradient":""}},"ast-content-background-meta":{"desktop":{"background-color":"var(--ast-global-color-4)","background-image":"","background-repeat":"repeat","background-position":"center center","background-size":"auto","background-attachment":"scroll","background-type":"","background-media":"","overlay-type":"","overlay-color":"","overlay-opacity":"","overlay-gradient":""},"tablet":{"background-color":"var(--ast-global-color-4)","background-image":"","background-repeat":"repeat","background-position":"center center","background-size":"auto","background-attachment":"scroll","background-type":"","background-media":"","overlay-type":"","overlay-color":"","overlay-opacity":"","overlay-gradient":""},"mobile":{"background-color":"var(--ast-global-color-4)","background-image":"","background-repeat":"repeat","background-position":"center center","background-size":"auto","background-attachment":"scroll","background-type":"","background-media":"","overlay-type":"","overlay-color":"","overlay-opacity":"","overlay-gradient":""}}},"product_brand":[],"product_cat":[84,93],"product_tag":[8085,8068,8086],"class_list":{"0":"post-31678","1":"product","2":"type-product","3":"status-publish","4":"has-post-thumbnail","6":"product_cat-idraulica-e-ferramenta","7":"product_cat-idraulica-e-raccordi","8":"product_tag-1-x-3-4-codice-0245fe","9":"product_tag-vite-doppia-ridotta","10":"product_tag-vite-doppia-ridotta-m-m-da-1-x","11":"pa_supplier-maestrini-s-r-l-societa-unipersonale","12":"desktop-align-left","13":"tablet-align-left","14":"mobile-align-left","16":"first","17":"instock","18":"taxable","19":"shipping-taxable","20":"purchasable","21":"product-type-simple"},"acf":[],"yoast_head":"<!-- This site is optimized with the Yoast SEO Premium plugin v26.7 (Yoast SEO v26.9) - https:\/\/yoast.com\/product\/yoast-seo-premium-wordpress\/ -->\n<title>Vite doppia ridotta M-M 1&quot; x 3\/4&quot; Maestrini<\/title>\n<meta name=\"description\" content=\"Vite doppia ridotta M-M Maestrini 1&quot; x 3\/4&quot; cromata. Codice 0245F*E: soluzione pratica per adattamenti e manutenzione impianti idraulici.\" \/>\n<meta name=\"robots\" content=\"index, follow, max-snippet:-1, max-image-preview:large, max-video-preview:-1\" \/>\n<link rel=\"canonical\" href=\"https:\/\/technofluid.it\/es\/producto\/tornillo-doble-reducido-m-m-de-1x34-codigo-0245fe-maestrini\/\" \/>\n<meta property=\"og:locale\" content=\"es_ES\" \/>\n<meta property=\"og:type\" content=\"article\" \/>\n<meta property=\"og:title\" content=\"Vite doppia ridotta M-M da 1&quot;x3\/4&quot; &ndash; codice: 0245F*E &ndash; Maestrini\" \/>\n<meta property=\"og:description\" content=\"Vite doppia ridotta M-M Maestrini 1&quot; x 3\/4&quot; cromata. Codice 0245F*E: soluzione pratica per adattamenti e manutenzione impianti idraulici.\" \/>\n<meta property=\"og:url\" content=\"https:\/\/technofluid.it\/es\/producto\/tornillo-doble-reducido-m-m-de-1x34-codigo-0245fe-maestrini\/\" \/>\n<meta property=\"og:site_name\" content=\"Technofluid\" \/>\n<meta property=\"article:modified_time\" content=\"2026-04-07T16:16:10+00:00\" \/>\n<meta property=\"og:image\" content=\"https:\/\/technofluid.it\/wp-content\/uploads\/2026\/01\/1039-Vite-doppia-ridotta-M-M-da-1x34-codice-0245FE-Maestrini.jpg\" \/>\n\t<meta property=\"og:image:width\" content=\"300\" \/>\n\t<meta property=\"og:image:height\" content=\"300\" \/>\n\t<meta property=\"og:image:type\" content=\"image\/jpeg\" \/>\n<meta name=\"twitter:card\" content=\"summary_large_image\" \/>\n<meta name=\"twitter:label1\" content=\"Precio\" \/>\n\t<meta name=\"twitter:data1\" content=\"6,39&nbsp;&euro; Iva esclusa\" \/>\n\t<meta name=\"twitter:label2\" content=\"Disponibilidad\" \/>\n\t<meta name=\"twitter:data2\" content=\"Disponible\" \/>\n<script type=\"application\/ld+json\" class=\"yoast-schema-graph\">{\"@context\":\"https:\/\/schema.org\",\"@graph\":[{\"@type\":\"WebPage\",\"@id\":\"https:\/\/technofluid.it\/prodotto\/vite-doppia-ridotta-m-m-da-1x34-codice-0245fe-maestrini\/\",\"url\":\"https:\/\/technofluid.it\/prodotto\/vite-doppia-ridotta-m-m-da-1x34-codice-0245fe-maestrini\/\",\"name\":\"Vite doppia ridotta M-M 1\\\" x 3\/4\\\" Maestrini\",\"isPartOf\":{\"@id\":\"https:\/\/technofluid.it\/#website\"},\"primaryImageOfPage\":{\"@id\":\"https:\/\/technofluid.it\/prodotto\/vite-doppia-ridotta-m-m-da-1x34-codice-0245fe-maestrini\/#primaryimage\"},\"image\":{\"@id\":\"https:\/\/technofluid.it\/prodotto\/vite-doppia-ridotta-m-m-da-1x34-codice-0245fe-maestrini\/#primaryimage\"},\"thumbnailUrl\":\"https:\/\/technofluid.it\/wp-content\/uploads\/2026\/01\/1039-Vite-doppia-ridotta-M-M-da-1x34-codice-0245FE-Maestrini.jpg\",\"datePublished\":\"2025-10-25T00:05:29+00:00\",\"dateModified\":\"2026-04-07T16:16:10+00:00\",\"description\":\"Vite doppia ridotta M-M Maestrini 1\\\" x 3\/4\\\" cromata. Codice 0245F*E: soluzione pratica per adattamenti e manutenzione impianti idraulici.\",\"breadcrumb\":{\"@id\":\"https:\/\/technofluid.it\/prodotto\/vite-doppia-ridotta-m-m-da-1x34-codice-0245fe-maestrini\/#breadcrumb\"},\"inLanguage\":\"es\",\"potentialAction\":[{\"@type\":\"ReadAction\",\"target\":[\"https:\/\/technofluid.it\/prodotto\/vite-doppia-ridotta-m-m-da-1x34-codice-0245fe-maestrini\/\"]}]},{\"@type\":\"ImageObject\",\"inLanguage\":\"es\",\"@id\":\"https:\/\/technofluid.it\/prodotto\/vite-doppia-ridotta-m-m-da-1x34-codice-0245fe-maestrini\/#primaryimage\",\"url\":\"https:\/\/technofluid.it\/wp-content\/uploads\/2026\/01\/1039-Vite-doppia-ridotta-M-M-da-1x34-codice-0245FE-Maestrini.jpg\",\"contentUrl\":\"https:\/\/technofluid.it\/wp-content\/uploads\/2026\/01\/1039-Vite-doppia-ridotta-M-M-da-1x34-codice-0245FE-Maestrini.jpg\",\"width\":300,\"height\":300,\"caption\":\"Vite doppia ridotta in ottone, modello M-M da 1\\\"x3\/4\\\", usata per connessioni precise.\"},{\"@type\":\"BreadcrumbList\",\"@id\":\"https:\/\/technofluid.it\/prodotto\/vite-doppia-ridotta-m-m-da-1x34-codice-0245fe-maestrini\/#breadcrumb\",\"itemListElement\":[{\"@type\":\"ListItem\",\"position\":1,\"name\":\"Home\",\"item\":\"https:\/\/technofluid.it\/\"},{\"@type\":\"ListItem\",\"position\":2,\"name\":\"Shop\",\"item\":\"https:\/\/technofluid.it\/shop\/\"},{\"@type\":\"ListItem\",\"position\":3,\"name\":\"Vite doppia ridotta M-M da 1&quot;x3\/4&quot; &ndash; codice: 0245F*E &ndash; Maestrini\"}]},{\"@type\":\"WebSite\",\"@id\":\"https:\/\/technofluid.it\/#website\",\"url\":\"https:\/\/technofluid.it\/\",\"name\":\"Technofluid S.R.L.\",\"description\":\"Dal 1999 siamo specializzati nell&#039;impiantistica navale, idraulica, civile e industriale\",\"publisher\":{\"@id\":\"https:\/\/technofluid.it\/#organization\"},\"potentialAction\":[{\"@type\":\"SearchAction\",\"target\":{\"@type\":\"EntryPoint\",\"urlTemplate\":\"https:\/\/technofluid.it\/?s={search_term_string}\"},\"query-input\":{\"@type\":\"PropertyValueSpecification\",\"valueRequired\":true,\"valueName\":\"search_term_string\"}}],\"inLanguage\":\"es\"},{\"@type\":\"Organization\",\"@id\":\"https:\/\/technofluid.it\/#organization\",\"name\":\"Technofluid\",\"url\":\"https:\/\/technofluid.it\/\",\"logo\":{\"@type\":\"ImageObject\",\"inLanguage\":\"es\",\"@id\":\"https:\/\/technofluid.it\/#\/schema\/logo\/image\/\",\"url\":\"https:\/\/technofluid.it\/wp-content\/uploads\/2025\/12\/technofluid_bianco-logo.webp\",\"contentUrl\":\"https:\/\/technofluid.it\/wp-content\/uploads\/2025\/12\/technofluid_bianco-logo.webp\",\"width\":350,\"height\":116,\"caption\":\"Technofluid\"},\"image\":{\"@id\":\"https:\/\/technofluid.it\/#\/schema\/logo\/image\/\"},\"description\":\"La Technofluid S.r.l. nasce nel 1999 a Barcellona Pozzo di Gotto, in provincia di Messina, con l\u2019obiettivo di diventare un punto di riferimento nel settore dell\u2019impiantistica navale, idraulica, civile e industriale.\",\"email\":\"info@technofluid.it\",\"telephone\":\"0907386877\",\"legalName\":\"Technofluid S.R.L\",\"vatID\":\"IT03148240835\",\"taxID\":\"03148240835\",\"ownershipFundingInfo\":\"https:\/\/technofluid.it\/azienda\/\"}]}<\/script>\n<meta property=\"product:price:amount\" content=\"6.39\" \/>\n<meta property=\"product:price:currency\" content=\"EUR\" \/>\n<meta property=\"og:availability\" content=\"instock\" \/>\n<meta property=\"product:availability\" content=\"instock\" \/>\n<meta property=\"product:retailer_item_id\" content=\"MAES00000034\" \/>\n<meta property=\"product:condition\" content=\"new\" \/>\n<!-- \/ Yoast SEO Premium plugin. -->","yoast_head_json":{"title":"Tornillo doble reducido M-M 1\" x 3\/4\" Maestrini","description":"Tornillo doble reducido M-M Maestrini 1\" x 3\/4\" cromado. C\u00f3digo 0245F*E: soluci\u00f3n pr\u00e1ctica para adaptaciones y mantenimiento de instalaciones hidr\u00e1ulicas.","robots":{"index":"index","follow":"follow","max-snippet":"max-snippet:-1","max-image-preview":"max-image-preview:large","max-video-preview":"max-video-preview:-1"},"canonical":"https:\/\/technofluid.it\/es\/producto\/tornillo-doble-reducido-m-m-de-1x34-codigo-0245fe-maestrini\/","og_locale":"es_ES","og_type":"article","og_title":"Vite doppia ridotta M-M da 1&quot;x3\/4&quot; &ndash; codice: 0245F*E &ndash; Maestrini","og_description":"Vite doppia ridotta M-M Maestrini 1\" x 3\/4\" cromata. Codice 0245F*E: soluzione pratica per adattamenti e manutenzione impianti idraulici.","og_url":"https:\/\/technofluid.it\/es\/producto\/tornillo-doble-reducido-m-m-de-1x34-codigo-0245fe-maestrini\/","og_site_name":"Technofluid","article_modified_time":"2026-04-07T16:16:10+00:00","og_image":[{"width":300,"height":300,"url":"https:\/\/technofluid.it\/wp-content\/uploads\/2026\/01\/1039-Vite-doppia-ridotta-M-M-da-1x34-codice-0245FE-Maestrini.jpg","type":"image\/jpeg"}],"twitter_card":"summary_large_image","twitter_misc":{"Precio":"6,39&nbsp;&euro; Iva esclusa","Disponibilidad":"Disponible"},"schema":{"@context":"https:\/\/schema.org","@graph":[{"@type":"WebPage","@id":"https:\/\/technofluid.it\/prodotto\/vite-doppia-ridotta-m-m-da-1x34-codice-0245fe-maestrini\/","url":"https:\/\/technofluid.it\/prodotto\/vite-doppia-ridotta-m-m-da-1x34-codice-0245fe-maestrini\/","name":"Tornillo doble reducido M-M 1\" x 3\/4\" Maestrini","isPartOf":{"@id":"https:\/\/technofluid.it\/#website"},"primaryImageOfPage":{"@id":"https:\/\/technofluid.it\/prodotto\/vite-doppia-ridotta-m-m-da-1x34-codice-0245fe-maestrini\/#primaryimage"},"image":{"@id":"https:\/\/technofluid.it\/prodotto\/vite-doppia-ridotta-m-m-da-1x34-codice-0245fe-maestrini\/#primaryimage"},"thumbnailUrl":"https:\/\/technofluid.it\/wp-content\/uploads\/2026\/01\/1039-Vite-doppia-ridotta-M-M-da-1x34-codice-0245FE-Maestrini.jpg","datePublished":"2025-10-25T00:05:29+00:00","dateModified":"2026-04-07T16:16:10+00:00","description":"Tornillo doble reducido M-M Maestrini 1\" x 3\/4\" cromado. C\u00f3digo 0245F*E: soluci\u00f3n pr\u00e1ctica para adaptaciones y mantenimiento de instalaciones hidr\u00e1ulicas.","breadcrumb":{"@id":"https:\/\/technofluid.it\/prodotto\/vite-doppia-ridotta-m-m-da-1x34-codice-0245fe-maestrini\/#breadcrumb"},"inLanguage":"es","potentialAction":[{"@type":"ReadAction","target":["https:\/\/technofluid.it\/prodotto\/vite-doppia-ridotta-m-m-da-1x34-codice-0245fe-maestrini\/"]}]},{"@type":"ImageObject","inLanguage":"es","@id":"https:\/\/technofluid.it\/prodotto\/vite-doppia-ridotta-m-m-da-1x34-codice-0245fe-maestrini\/#primaryimage","url":"https:\/\/technofluid.it\/wp-content\/uploads\/2026\/01\/1039-Vite-doppia-ridotta-M-M-da-1x34-codice-0245FE-Maestrini.jpg","contentUrl":"https:\/\/technofluid.it\/wp-content\/uploads\/2026\/01\/1039-Vite-doppia-ridotta-M-M-da-1x34-codice-0245FE-Maestrini.jpg","width":300,"height":300,"caption":"Vite doppia ridotta in ottone, modello M-M da 1\"x3\/4\", usata per connessioni precise."},{"@type":"BreadcrumbList","@id":"https:\/\/technofluid.it\/prodotto\/vite-doppia-ridotta-m-m-da-1x34-codice-0245fe-maestrini\/#breadcrumb","itemListElement":[{"@type":"ListItem","position":1,"name":"Home","item":"https:\/\/technofluid.it\/"},{"@type":"ListItem","position":2,"name":"Shop","item":"https:\/\/technofluid.it\/shop\/"},{"@type":"ListItem","position":3,"name":"Vite doppia ridotta M-M da 1&quot;x3\/4&quot; &ndash; codice: 0245F*E &ndash; Maestrini"}]},{"@type":"WebSite","@id":"https:\/\/technofluid.it\/#website","url":"https:\/\/technofluid.it\/","name":"Technofluid S.R.L.","description":"Desde 1999 estamos especializados en instalaciones navales, hidr\u00e1ulicas, civiles e industriales","publisher":{"@id":"https:\/\/technofluid.it\/#organization"},"potentialAction":[{"@type":"SearchAction","target":{"@type":"EntryPoint","urlTemplate":"https:\/\/technofluid.it\/?s={search_term_string}"},"query-input":{"@type":"PropertyValueSpecification","valueRequired":true,"valueName":"search_term_string"}}],"inLanguage":"es"},{"@type":"Organization","@id":"https:\/\/technofluid.it\/#organization","name":"Technofluid","url":"https:\/\/technofluid.it\/","logo":{"@type":"ImageObject","inLanguage":"es","@id":"https:\/\/technofluid.it\/#\/schema\/logo\/image\/","url":"https:\/\/technofluid.it\/wp-content\/uploads\/2025\/12\/technofluid_bianco-logo.webp","contentUrl":"https:\/\/technofluid.it\/wp-content\/uploads\/2025\/12\/technofluid_bianco-logo.webp","width":350,"height":116,"caption":"Technofluid"},"image":{"@id":"https:\/\/technofluid.it\/#\/schema\/logo\/image\/"},"description":"Technofluid S.r.l. nace en 1999 en Barcellona Pozzo di Gotto, en la provincia de Messina, con el objetivo de convertirse en un punto de referencia en el sector de la ingenier\u00eda naval, hidr\u00e1ulica, civil e industrial.","email":"info@technofluid.it","telephone":"0907386877","legalName":"Technofluid S.R.L","vatID":"IT03148240835","taxID":"03148240835","ownershipFundingInfo":"https:\/\/technofluid.it\/azienda\/"}]},"product_price_amount":"6.39","product_price_currency":"EUR","og_availability":"instock","product_availability":"instock","product_retailer_item_id":"MAES00000034","product_condition":"new"},"_links":{"self":[{"href":"https:\/\/technofluid.it\/es\/wp-json\/wp\/v2\/product\/31678","targetHints":{"allow":["GET"]}}],"collection":[{"href":"https:\/\/technofluid.it\/es\/wp-json\/wp\/v2\/product"}],"about":[{"href":"https:\/\/technofluid.it\/es\/wp-json\/wp\/v2\/types\/product"}],"replies":[{"embeddable":true,"href":"https:\/\/technofluid.it\/es\/wp-json\/wp\/v2\/comments?post=31678"}],"version-history":[{"count":4,"href":"https:\/\/technofluid.it\/es\/wp-json\/wp\/v2\/product\/31678\/revisions"}],"predecessor-version":[{"id":57660,"href":"https:\/\/technofluid.it\/es\/wp-json\/wp\/v2\/product\/31678\/revisions\/57660"}],"wp:featuredmedia":[{"embeddable":true,"href":"https:\/\/technofluid.it\/es\/wp-json\/wp\/v2\/media\/42882"}],"wp:attachment":[{"href":"https:\/\/technofluid.it\/es\/wp-json\/wp\/v2\/media?parent=31678"}],"wp:term":[{"taxonomy":"product_brand","embeddable":true,"href":"https:\/\/technofluid.it\/es\/wp-json\/wp\/v2\/product_brand?post=31678"},{"taxonomy":"product_cat","embeddable":true,"href":"https:\/\/technofluid.it\/es\/wp-json\/wp\/v2\/product_cat?post=31678"},{"taxonomy":"product_tag","embeddable":true,"href":"https:\/\/technofluid.it\/es\/wp-json\/wp\/v2\/product_tag?post=31678"}],"curies":[{"name":"wp","href":"https:\/\/api.w.org\/{rel}","templated":true}]}}