{"id":31557,"date":"2025-10-25T00:05:15","date_gmt":"2025-10-25T00:05:15","guid":{"rendered":"https:\/\/technofluid.it\/prodotto\/valvola-di-non-ritorno-toilet-codice-44106-1000-3104410610-jabsco\/"},"modified":"2026-03-12T14:40:36","modified_gmt":"2026-03-12T14:40:36","slug":"valvola-di-non-ritorno-toilet-codice-44106-1000-3104410610-jabsco","status":"publish","type":"product","link":"https:\/\/technofluid.it\/es\/producto\/valvula-de-retencion-inodoro-codigo-44106-1000-3104410610-jabsco\/","title":{"rendered":"V\u00e1lvula de retenci\u00f3n, inodoro \u2013 c\u00f3digo: 44106-1000 (3104410610) \u2013 Jabsco"},"content":{"rendered":"<p>V\u00e1lvula de retenci\u00f3n, inodoro \u2013 c\u00f3digo: 44106-1000 (3104410610) \u2013 Jabsco<\/p>","protected":false},"excerpt":{"rendered":"<p>V\u00c1LVULA DE RETENCI\u00d3N JABSCO INODORO 44106-1000<\/p>","protected":false},"featured_media":42606,"comment_status":"open","ping_status":"closed","template":"","meta":{"_acf_changed":false,"_monsterinsights_skip_tracking":false,"_monsterinsights_sitenote_active":false,"_monsterinsights_sitenote_note":"","_monsterinsights_sitenote_category":0,"site-sidebar-layout":"default","site-content-layout":"","ast-site-content-layout":"default","site-content-style":"default","site-sidebar-style":"default","ast-global-header-display":"","ast-banner-title-visibility":"","ast-main-header-display":"","ast-hfb-above-header-display":"","ast-hfb-below-header-display":"","ast-hfb-mobile-header-display":"","site-post-title":"","ast-breadcrumbs-content":"","ast-featured-img":"","footer-sml-layout":"","ast-disable-related-posts":"","theme-transparent-header-meta":"","adv-header-id-meta":"","stick-header-meta":"","header-above-stick-meta":"","header-main-stick-meta":"","header-below-stick-meta":"","astra-migrate-meta-layouts":"default","ast-page-background-enabled":"default","ast-page-background-meta":{"desktop":{"background-color":"var(--ast-global-color-5)","background-image":"","background-repeat":"repeat","background-position":"center center","background-size":"auto","background-attachment":"scroll","background-type":"","background-media":"","overlay-type":"","overlay-color":"","overlay-opacity":"","overlay-gradient":""},"tablet":{"background-color":"","background-image":"","background-repeat":"repeat","background-position":"center center","background-size":"auto","background-attachment":"scroll","background-type":"","background-media":"","overlay-type":"","overlay-color":"","overlay-opacity":"","overlay-gradient":""},"mobile":{"background-color":"","background-image":"","background-repeat":"repeat","background-position":"center center","background-size":"auto","background-attachment":"scroll","background-type":"","background-media":"","overlay-type":"","overlay-color":"","overlay-opacity":"","overlay-gradient":""}},"ast-content-background-meta":{"desktop":{"background-color":"var(--ast-global-color-4)","background-image":"","background-repeat":"repeat","background-position":"center center","background-size":"auto","background-attachment":"scroll","background-type":"","background-media":"","overlay-type":"","overlay-color":"","overlay-opacity":"","overlay-gradient":""},"tablet":{"background-color":"var(--ast-global-color-4)","background-image":"","background-repeat":"repeat","background-position":"center center","background-size":"auto","background-attachment":"scroll","background-type":"","background-media":"","overlay-type":"","overlay-color":"","overlay-opacity":"","overlay-gradient":""},"mobile":{"background-color":"var(--ast-global-color-4)","background-image":"","background-repeat":"repeat","background-position":"center center","background-size":"auto","background-attachment":"scroll","background-type":"","background-media":"","overlay-type":"","overlay-color":"","overlay-opacity":"","overlay-gradient":""}}},"product_brand":[],"product_cat":[84,163],"product_tag":[3540,7952,7953,3159,7954,5105,7950],"class_list":{"0":"post-31557","1":"product","2":"type-product","3":"status-publish","4":"has-post-thumbnail","6":"product_cat-idraulica-e-ferramenta","7":"product_cat-wc-nautici-e-accessori","8":"product_tag-toilet","9":"product_tag-7952","10":"product_tag-44106-1000","11":"product_tag-jabsco","12":"product_tag-non-ritorno","13":"product_tag-valvola","14":"product_tag-valvola-di-non-ritorno","15":"pa_supplier-jabsco-marine-italia-s-r-l","16":"desktop-align-left","17":"tablet-align-left","18":"mobile-align-left","20":"first","21":"instock","22":"taxable","23":"shipping-taxable","24":"purchasable","25":"product-type-simple"},"acf":[],"yoast_head":"<!-- This site is optimized with the Yoast SEO Premium plugin v26.7 (Yoast SEO v26.9) - https:\/\/yoast.com\/product\/yoast-seo-premium-wordpress\/ -->\n<title>VALVOLA DI NON RITORNO, TOILET - Technofluid<\/title>\n<meta name=\"description\" content=\"La\u00a0Valvola di Non Ritorno Jabsco 44106-1000, nota anche come\u00a0Joker Valve, \u00e8 un componente fondamentale per le toilette marine Jabsco\" \/>\n<meta name=\"robots\" content=\"index, follow, max-snippet:-1, max-image-preview:large, max-video-preview:-1\" \/>\n<link rel=\"canonical\" href=\"https:\/\/technofluid.it\/es\/producto\/valvula-de-retencion-inodoro-codigo-44106-1000-3104410610-jabsco\/\" \/>\n<meta property=\"og:locale\" content=\"es_ES\" \/>\n<meta property=\"og:type\" content=\"article\" \/>\n<meta property=\"og:title\" content=\"Valvola di non ritorno, toilet &ndash; codice: 44106-1000 (3104410610) &ndash; Jabsco\" \/>\n<meta property=\"og:description\" content=\"La\u00a0Valvola di Non Ritorno Jabsco 44106-1000, nota anche come\u00a0Joker Valve, \u00e8 un componente fondamentale per le toilette marine Jabsco\" \/>\n<meta property=\"og:url\" content=\"https:\/\/technofluid.it\/es\/producto\/valvula-de-retencion-inodoro-codigo-44106-1000-3104410610-jabsco\/\" \/>\n<meta property=\"og:site_name\" content=\"Technofluid\" \/>\n<meta property=\"article:modified_time\" content=\"2026-03-12T14:40:36+00:00\" \/>\n<meta property=\"og:image\" content=\"https:\/\/technofluid.it\/wp-content\/uploads\/2026\/01\/1868-Valvola-di-non-ritorno-toilet-codice-44106-1000-3104410610-Jabsco.jpg\" \/>\n\t<meta property=\"og:image:width\" content=\"800\" \/>\n\t<meta property=\"og:image:height\" content=\"800\" \/>\n\t<meta property=\"og:image:type\" content=\"image\/jpeg\" \/>\n<meta name=\"twitter:card\" content=\"summary_large_image\" \/>\n<meta name=\"twitter:label1\" content=\"Precio\" \/>\n\t<meta name=\"twitter:data1\" content=\"13,20&nbsp;&euro; Iva esclusa\" \/>\n\t<meta name=\"twitter:label2\" content=\"Disponibilidad\" \/>\n\t<meta name=\"twitter:data2\" content=\"Disponible\" \/>\n<script type=\"application\/ld+json\" class=\"yoast-schema-graph\">{\"@context\":\"https:\/\/schema.org\",\"@graph\":[{\"@type\":\"WebPage\",\"@id\":\"https:\/\/technofluid.it\/prodotto\/valvola-di-non-ritorno-toilet-codice-44106-1000-3104410610-jabsco\/\",\"url\":\"https:\/\/technofluid.it\/prodotto\/valvola-di-non-ritorno-toilet-codice-44106-1000-3104410610-jabsco\/\",\"name\":\"VALVOLA DI NON RITORNO, TOILET - Technofluid\",\"isPartOf\":{\"@id\":\"https:\/\/technofluid.it\/#website\"},\"primaryImageOfPage\":{\"@id\":\"https:\/\/technofluid.it\/prodotto\/valvola-di-non-ritorno-toilet-codice-44106-1000-3104410610-jabsco\/#primaryimage\"},\"image\":{\"@id\":\"https:\/\/technofluid.it\/prodotto\/valvola-di-non-ritorno-toilet-codice-44106-1000-3104410610-jabsco\/#primaryimage\"},\"thumbnailUrl\":\"https:\/\/technofluid.it\/wp-content\/uploads\/2026\/01\/1868-Valvola-di-non-ritorno-toilet-codice-44106-1000-3104410610-Jabsco.jpg\",\"datePublished\":\"2025-10-25T00:05:15+00:00\",\"dateModified\":\"2026-03-12T14:40:36+00:00\",\"description\":\"La\u00a0Valvola di Non Ritorno Jabsco 44106-1000, nota anche come\u00a0Joker Valve, \u00e8 un componente fondamentale per le toilette marine Jabsco\",\"breadcrumb\":{\"@id\":\"https:\/\/technofluid.it\/prodotto\/valvola-di-non-ritorno-toilet-codice-44106-1000-3104410610-jabsco\/#breadcrumb\"},\"inLanguage\":\"es\",\"potentialAction\":[{\"@type\":\"ReadAction\",\"target\":[\"https:\/\/technofluid.it\/prodotto\/valvola-di-non-ritorno-toilet-codice-44106-1000-3104410610-jabsco\/\"]}]},{\"@type\":\"ImageObject\",\"inLanguage\":\"es\",\"@id\":\"https:\/\/technofluid.it\/prodotto\/valvola-di-non-ritorno-toilet-codice-44106-1000-3104410610-jabsco\/#primaryimage\",\"url\":\"https:\/\/technofluid.it\/wp-content\/uploads\/2026\/01\/1868-Valvola-di-non-ritorno-toilet-codice-44106-1000-3104410610-Jabsco.jpg\",\"contentUrl\":\"https:\/\/technofluid.it\/wp-content\/uploads\/2026\/01\/1868-Valvola-di-non-ritorno-toilet-codice-44106-1000-3104410610-Jabsco.jpg\",\"width\":800,\"height\":800,\"caption\":\"Valvola di non ritorno Jabsco per impianti idraulici e WC, modello 44106-1000, garantisce tenuta e sicurezza.\"},{\"@type\":\"BreadcrumbList\",\"@id\":\"https:\/\/technofluid.it\/prodotto\/valvola-di-non-ritorno-toilet-codice-44106-1000-3104410610-jabsco\/#breadcrumb\",\"itemListElement\":[{\"@type\":\"ListItem\",\"position\":1,\"name\":\"Home\",\"item\":\"https:\/\/technofluid.it\/\"},{\"@type\":\"ListItem\",\"position\":2,\"name\":\"Shop\",\"item\":\"https:\/\/technofluid.it\/shop\/\"},{\"@type\":\"ListItem\",\"position\":3,\"name\":\"Valvola di non ritorno, toilet &ndash; codice: 44106-1000 (3104410610) &ndash; Jabsco\"}]},{\"@type\":\"WebSite\",\"@id\":\"https:\/\/technofluid.it\/#website\",\"url\":\"https:\/\/technofluid.it\/\",\"name\":\"Technofluid S.R.L.\",\"description\":\"Dal 1999 siamo specializzati nell&#039;impiantistica navale, idraulica, civile e industriale\",\"publisher\":{\"@id\":\"https:\/\/technofluid.it\/#organization\"},\"potentialAction\":[{\"@type\":\"SearchAction\",\"target\":{\"@type\":\"EntryPoint\",\"urlTemplate\":\"https:\/\/technofluid.it\/?s={search_term_string}\"},\"query-input\":{\"@type\":\"PropertyValueSpecification\",\"valueRequired\":true,\"valueName\":\"search_term_string\"}}],\"inLanguage\":\"es\"},{\"@type\":\"Organization\",\"@id\":\"https:\/\/technofluid.it\/#organization\",\"name\":\"Technofluid\",\"url\":\"https:\/\/technofluid.it\/\",\"logo\":{\"@type\":\"ImageObject\",\"inLanguage\":\"es\",\"@id\":\"https:\/\/technofluid.it\/#\/schema\/logo\/image\/\",\"url\":\"https:\/\/technofluid.it\/wp-content\/uploads\/2025\/12\/technofluid_bianco-logo.webp\",\"contentUrl\":\"https:\/\/technofluid.it\/wp-content\/uploads\/2025\/12\/technofluid_bianco-logo.webp\",\"width\":350,\"height\":116,\"caption\":\"Technofluid\"},\"image\":{\"@id\":\"https:\/\/technofluid.it\/#\/schema\/logo\/image\/\"},\"description\":\"La Technofluid S.r.l. nasce nel 1999 a Barcellona Pozzo di Gotto, in provincia di Messina, con l\u2019obiettivo di diventare un punto di riferimento nel settore dell\u2019impiantistica navale, idraulica, civile e industriale.\",\"email\":\"info@technofluid.it\",\"telephone\":\"0907386877\",\"legalName\":\"Technofluid S.R.L\",\"vatID\":\"IT03148240835\",\"taxID\":\"03148240835\",\"ownershipFundingInfo\":\"https:\/\/technofluid.it\/azienda\/\"}]}<\/script>\n<meta property=\"product:price:amount\" content=\"13.20\" \/>\n<meta property=\"product:price:currency\" content=\"EUR\" \/>\n<meta property=\"og:availability\" content=\"instock\" \/>\n<meta property=\"product:availability\" content=\"instock\" \/>\n<meta property=\"product:retailer_item_id\" content=\"JAB00000006\" \/>\n<meta property=\"product:condition\" content=\"new\" \/>\n<!-- \/ Yoast SEO Premium plugin. -->","yoast_head_json":{"title":"V\u00c1LVULA DE RETENCI\u00d3N, INODORO - Technofluid","description":"La V\u00e1lvula de Retenci\u00f3n Jabsco 44106-1000, tambi\u00e9n conocida como V\u00e1lvula Joker, es un componente fundamental para los inodoros marinos Jabsco","robots":{"index":"index","follow":"follow","max-snippet":"max-snippet:-1","max-image-preview":"max-image-preview:large","max-video-preview":"max-video-preview:-1"},"canonical":"https:\/\/technofluid.it\/es\/producto\/valvula-de-retencion-inodoro-codigo-44106-1000-3104410610-jabsco\/","og_locale":"es_ES","og_type":"article","og_title":"Valvola di non ritorno, toilet &ndash; codice: 44106-1000 (3104410610) &ndash; Jabsco","og_description":"La\u00a0Valvola di Non Ritorno Jabsco 44106-1000, nota anche come\u00a0Joker Valve, \u00e8 un componente fondamentale per le toilette marine Jabsco","og_url":"https:\/\/technofluid.it\/es\/producto\/valvula-de-retencion-inodoro-codigo-44106-1000-3104410610-jabsco\/","og_site_name":"Technofluid","article_modified_time":"2026-03-12T14:40:36+00:00","og_image":[{"width":800,"height":800,"url":"https:\/\/technofluid.it\/wp-content\/uploads\/2026\/01\/1868-Valvola-di-non-ritorno-toilet-codice-44106-1000-3104410610-Jabsco.jpg","type":"image\/jpeg"}],"twitter_card":"summary_large_image","twitter_misc":{"Precio":"13,20&nbsp;&euro; Iva esclusa","Disponibilidad":"Disponible"},"schema":{"@context":"https:\/\/schema.org","@graph":[{"@type":"WebPage","@id":"https:\/\/technofluid.it\/prodotto\/valvola-di-non-ritorno-toilet-codice-44106-1000-3104410610-jabsco\/","url":"https:\/\/technofluid.it\/prodotto\/valvola-di-non-ritorno-toilet-codice-44106-1000-3104410610-jabsco\/","name":"V\u00c1LVULA DE RETENCI\u00d3N, INODORO - Technofluid","isPartOf":{"@id":"https:\/\/technofluid.it\/#website"},"primaryImageOfPage":{"@id":"https:\/\/technofluid.it\/prodotto\/valvola-di-non-ritorno-toilet-codice-44106-1000-3104410610-jabsco\/#primaryimage"},"image":{"@id":"https:\/\/technofluid.it\/prodotto\/valvola-di-non-ritorno-toilet-codice-44106-1000-3104410610-jabsco\/#primaryimage"},"thumbnailUrl":"https:\/\/technofluid.it\/wp-content\/uploads\/2026\/01\/1868-Valvola-di-non-ritorno-toilet-codice-44106-1000-3104410610-Jabsco.jpg","datePublished":"2025-10-25T00:05:15+00:00","dateModified":"2026-03-12T14:40:36+00:00","description":"La V\u00e1lvula de Retenci\u00f3n Jabsco 44106-1000, tambi\u00e9n conocida como V\u00e1lvula Joker, es un componente fundamental para los inodoros marinos Jabsco","breadcrumb":{"@id":"https:\/\/technofluid.it\/prodotto\/valvola-di-non-ritorno-toilet-codice-44106-1000-3104410610-jabsco\/#breadcrumb"},"inLanguage":"es","potentialAction":[{"@type":"ReadAction","target":["https:\/\/technofluid.it\/prodotto\/valvola-di-non-ritorno-toilet-codice-44106-1000-3104410610-jabsco\/"]}]},{"@type":"ImageObject","inLanguage":"es","@id":"https:\/\/technofluid.it\/prodotto\/valvola-di-non-ritorno-toilet-codice-44106-1000-3104410610-jabsco\/#primaryimage","url":"https:\/\/technofluid.it\/wp-content\/uploads\/2026\/01\/1868-Valvola-di-non-ritorno-toilet-codice-44106-1000-3104410610-Jabsco.jpg","contentUrl":"https:\/\/technofluid.it\/wp-content\/uploads\/2026\/01\/1868-Valvola-di-non-ritorno-toilet-codice-44106-1000-3104410610-Jabsco.jpg","width":800,"height":800,"caption":"Valvola di non ritorno Jabsco per impianti idraulici e WC, modello 44106-1000, garantisce tenuta e sicurezza."},{"@type":"BreadcrumbList","@id":"https:\/\/technofluid.it\/prodotto\/valvola-di-non-ritorno-toilet-codice-44106-1000-3104410610-jabsco\/#breadcrumb","itemListElement":[{"@type":"ListItem","position":1,"name":"Home","item":"https:\/\/technofluid.it\/"},{"@type":"ListItem","position":2,"name":"Shop","item":"https:\/\/technofluid.it\/shop\/"},{"@type":"ListItem","position":3,"name":"Valvola di non ritorno, toilet &ndash; codice: 44106-1000 (3104410610) &ndash; Jabsco"}]},{"@type":"WebSite","@id":"https:\/\/technofluid.it\/#website","url":"https:\/\/technofluid.it\/","name":"Technofluid S.R.L.","description":"Desde 1999 estamos especializados en instalaciones navales, hidr\u00e1ulicas, civiles e industriales","publisher":{"@id":"https:\/\/technofluid.it\/#organization"},"potentialAction":[{"@type":"SearchAction","target":{"@type":"EntryPoint","urlTemplate":"https:\/\/technofluid.it\/?s={search_term_string}"},"query-input":{"@type":"PropertyValueSpecification","valueRequired":true,"valueName":"search_term_string"}}],"inLanguage":"es"},{"@type":"Organization","@id":"https:\/\/technofluid.it\/#organization","name":"Technofluid","url":"https:\/\/technofluid.it\/","logo":{"@type":"ImageObject","inLanguage":"es","@id":"https:\/\/technofluid.it\/#\/schema\/logo\/image\/","url":"https:\/\/technofluid.it\/wp-content\/uploads\/2025\/12\/technofluid_bianco-logo.webp","contentUrl":"https:\/\/technofluid.it\/wp-content\/uploads\/2025\/12\/technofluid_bianco-logo.webp","width":350,"height":116,"caption":"Technofluid"},"image":{"@id":"https:\/\/technofluid.it\/#\/schema\/logo\/image\/"},"description":"Technofluid S.r.l. nace en 1999 en Barcellona Pozzo di Gotto, en la provincia de Messina, con el objetivo de convertirse en un punto de referencia en el sector de la ingenier\u00eda naval, hidr\u00e1ulica, civil e industrial.","email":"info@technofluid.it","telephone":"0907386877","legalName":"Technofluid S.R.L","vatID":"IT03148240835","taxID":"03148240835","ownershipFundingInfo":"https:\/\/technofluid.it\/azienda\/"}]},"product_price_amount":"13.20","product_price_currency":"EUR","og_availability":"instock","product_availability":"instock","product_retailer_item_id":"JAB00000006","product_condition":"new"},"_links":{"self":[{"href":"https:\/\/technofluid.it\/es\/wp-json\/wp\/v2\/product\/31557","targetHints":{"allow":["GET"]}}],"collection":[{"href":"https:\/\/technofluid.it\/es\/wp-json\/wp\/v2\/product"}],"about":[{"href":"https:\/\/technofluid.it\/es\/wp-json\/wp\/v2\/types\/product"}],"replies":[{"embeddable":true,"href":"https:\/\/technofluid.it\/es\/wp-json\/wp\/v2\/comments?post=31557"}],"version-history":[{"count":1,"href":"https:\/\/technofluid.it\/es\/wp-json\/wp\/v2\/product\/31557\/revisions"}],"predecessor-version":[{"id":52801,"href":"https:\/\/technofluid.it\/es\/wp-json\/wp\/v2\/product\/31557\/revisions\/52801"}],"wp:featuredmedia":[{"embeddable":true,"href":"https:\/\/technofluid.it\/es\/wp-json\/wp\/v2\/media\/42606"}],"wp:attachment":[{"href":"https:\/\/technofluid.it\/es\/wp-json\/wp\/v2\/media?parent=31557"}],"wp:term":[{"taxonomy":"product_brand","embeddable":true,"href":"https:\/\/technofluid.it\/es\/wp-json\/wp\/v2\/product_brand?post=31557"},{"taxonomy":"product_cat","embeddable":true,"href":"https:\/\/technofluid.it\/es\/wp-json\/wp\/v2\/product_cat?post=31557"},{"taxonomy":"product_tag","embeddable":true,"href":"https:\/\/technofluid.it\/es\/wp-json\/wp\/v2\/product_tag?post=31557"}],"curies":[{"name":"wp","href":"https:\/\/api.w.org\/{rel}","templated":true}]}}