{"id":31489,"date":"2025-10-25T00:05:07","date_gmt":"2025-10-25T00:05:07","guid":{"rendered":"https:\/\/technofluid.it\/prodotto\/tubo-plutone-dn-14x20-armoville-al-metro-lineare-codice-steel14000-toscogomma\/"},"modified":"2026-04-15T10:58:01","modified_gmt":"2026-04-15T09:58:01","slug":"tubo-plutone-dn-1420-armoville-al-metro-lineare-codice-steel14000-toscogomma","status":"publish","type":"product","link":"https:\/\/technofluid.it\/es\/producto\/tubo-plutone-dn-1420-armoville-por-metro-lineal-codigo-steel14000-toscogomma\/","title":{"rendered":"Tubo Plutone DN 14\u00d720 Armoville por metro lineal \u2013 c\u00f3digo: STEEL14000 \u2013 Toscogomma"},"content":{"rendered":"<p><b>USO<\/b><\/p>\n<p>&nbsp;\n<\/p>\n<p>\nSoluci\u00f3n ideal para el transporte en aspiraci\u00f3n y env\u00edo de l\u00edquidos alimentarios, bebidas, jugos de fruta, vinagre, vino y licores con concentraci\u00f3n alcoh\u00f3lica hasta 20%.<\/p>\n<p>Tambi\u00e9n se utiliza en m\u00e1quinas llenadoras y dosificadoras.<br \/>\nTubo flexible producido en PVC-P, con espiral de refuerzo en acero. Superficie interna lisa para favorecer la optimizaci\u00f3n del flujo.<br \/>\nTransparente para una f\u00e1cil identificaci\u00f3n del medio transportado.\n<\/p>\n<p>\nResistente a los agentes atmosf\u00e9ricos y a gran parte de los productos qu\u00edmicos.\n<\/p>\n<p>\n<b>Apto para el transporte de alimentos seg\u00fan el Reg.<\/b><b>UE 10\/2011 (clases A, B, C).&nbsp;<\/p>\n<p><\/b>\n<\/p>\n<p>\nEl tubo puede hacerse conductor (R&lt;102 Ohm\/m) conectando a tierra la espiral.&nbsp;\n<\/p>\n<p>-10\u00b0 C\/+60\u00b0 C<\/p>\n<p>&nbsp;<\/p>\n<p>\n<b>ESTRUCTURA&nbsp; &nbsp;<\/b>\n<\/p>\n<p>Color: PVC-P transparente&nbsp;<\/p>\n<p>Estructura: PVC-P con refuerzo de espiral en acero.&nbsp;<\/p>\n<p>Insertos: Refuerzo de espiral en acero.<\/p>\n<p>\nSuperficie: Lisa.&nbsp; &nbsp;<\/p>","protected":false},"excerpt":{"rendered":"<p>TUBO PLUT\u00d3N DN 14X20 ARMOVILLE<\/p>","protected":false},"featured_media":42453,"comment_status":"open","ping_status":"closed","template":"","meta":{"_acf_changed":false,"_monsterinsights_skip_tracking":false,"_monsterinsights_sitenote_active":false,"_monsterinsights_sitenote_note":"","_monsterinsights_sitenote_category":0,"site-sidebar-layout":"default","site-content-layout":"","ast-site-content-layout":"default","site-content-style":"default","site-sidebar-style":"default","ast-global-header-display":"","ast-banner-title-visibility":"","ast-main-header-display":"","ast-hfb-above-header-display":"","ast-hfb-below-header-display":"","ast-hfb-mobile-header-display":"","site-post-title":"","ast-breadcrumbs-content":"","ast-featured-img":"","footer-sml-layout":"","ast-disable-related-posts":"","theme-transparent-header-meta":"","adv-header-id-meta":"","stick-header-meta":"","header-above-stick-meta":"","header-main-stick-meta":"","header-below-stick-meta":"","astra-migrate-meta-layouts":"default","ast-page-background-enabled":"default","ast-page-background-meta":{"desktop":{"background-color":"var(--ast-global-color-5)","background-image":"","background-repeat":"repeat","background-position":"center center","background-size":"auto","background-attachment":"scroll","background-type":"","background-media":"","overlay-type":"","overlay-color":"","overlay-opacity":"","overlay-gradient":""},"tablet":{"background-color":"","background-image":"","background-repeat":"repeat","background-position":"center center","background-size":"auto","background-attachment":"scroll","background-type":"","background-media":"","overlay-type":"","overlay-color":"","overlay-opacity":"","overlay-gradient":""},"mobile":{"background-color":"","background-image":"","background-repeat":"repeat","background-position":"center center","background-size":"auto","background-attachment":"scroll","background-type":"","background-media":"","overlay-type":"","overlay-color":"","overlay-opacity":"","overlay-gradient":""}},"ast-content-background-meta":{"desktop":{"background-color":"var(--ast-global-color-4)","background-image":"","background-repeat":"repeat","background-position":"center center","background-size":"auto","background-attachment":"scroll","background-type":"","background-media":"","overlay-type":"","overlay-color":"","overlay-opacity":"","overlay-gradient":""},"tablet":{"background-color":"var(--ast-global-color-4)","background-image":"","background-repeat":"repeat","background-position":"center center","background-size":"auto","background-attachment":"scroll","background-type":"","background-media":"","overlay-type":"","overlay-color":"","overlay-opacity":"","overlay-gradient":""},"mobile":{"background-color":"var(--ast-global-color-4)","background-image":"","background-repeat":"repeat","background-position":"center center","background-size":"auto","background-attachment":"scroll","background-type":"","background-media":"","overlay-type":"","overlay-color":"","overlay-opacity":"","overlay-gradient":""}}},"product_brand":[],"product_cat":[84,2746],"product_tag":[7861,3737],"class_list":{"0":"post-31489","1":"product","2":"type-product","3":"status-publish","4":"has-post-thumbnail","6":"product_cat-idraulica-e-ferramenta","7":"product_cat-tubi-idraulici","8":"product_tag-plutone","9":"product_tag-tubo","10":"pa_supplier-toscogomma-2-0-dei-f-lli-fiorini-snc","11":"desktop-align-left","12":"tablet-align-left","13":"mobile-align-left","15":"first","16":"instock","17":"taxable","18":"shipping-taxable","19":"purchasable","20":"product-type-simple"},"acf":[],"yoast_head":"<!-- This site is optimized with the Yoast SEO Premium plugin v26.7 (Yoast SEO v26.9) - https:\/\/yoast.com\/product\/yoast-seo-premium-wordpress\/ -->\n<title>Tubo flessibile PVC Plutone DN 14x20 al metro - ToscoGomma<\/title>\n<meta name=\"description\" content=\"Acquista il tubo flessibile PVC Plutone DN 14x20, resistente e trasparente. Perfetto per ogni esigenza, disponibile al metro da ToscoGomma.\" \/>\n<meta name=\"robots\" content=\"index, follow, max-snippet:-1, max-image-preview:large, max-video-preview:-1\" \/>\n<link rel=\"canonical\" href=\"https:\/\/technofluid.it\/es\/producto\/tubo-plutone-dn-1420-armoville-por-metro-lineal-codigo-steel14000-toscogomma\/\" \/>\n<meta property=\"og:locale\" content=\"es_ES\" \/>\n<meta property=\"og:type\" content=\"article\" \/>\n<meta property=\"og:title\" content=\"Tubo Plutone DN 14&times;20 Armoville al metro lineare &ndash; codice: STEEL14000 &ndash; Toscogomma\" \/>\n<meta property=\"og:description\" content=\"Acquista il tubo flessibile PVC Plutone DN 14x20, resistente e trasparente. Perfetto per ogni esigenza, disponibile al metro da ToscoGomma.\" \/>\n<meta property=\"og:url\" content=\"https:\/\/technofluid.it\/es\/producto\/tubo-plutone-dn-1420-armoville-por-metro-lineal-codigo-steel14000-toscogomma\/\" \/>\n<meta property=\"og:site_name\" content=\"Technofluid\" \/>\n<meta property=\"article:modified_time\" content=\"2026-04-15T09:58:01+00:00\" \/>\n<meta property=\"og:image\" content=\"https:\/\/technofluid.it\/wp-content\/uploads\/2026\/01\/904-TUBO-PLUTONE-DN-14X20-ARMOVILLE-AL-METRO-LINEARE-CODICE-STEEL14000-TOSCOGOMMA.jpg\" \/>\n\t<meta property=\"og:image:width\" content=\"800\" \/>\n\t<meta property=\"og:image:height\" content=\"800\" \/>\n\t<meta property=\"og:image:type\" content=\"image\/jpeg\" \/>\n<meta name=\"twitter:card\" content=\"summary_large_image\" \/>\n<meta name=\"twitter:label1\" content=\"Precio\" \/>\n\t<meta name=\"twitter:data1\" content=\"1,89&nbsp;&euro; Iva esclusa\" \/>\n\t<meta name=\"twitter:label2\" content=\"Disponibilidad\" \/>\n\t<meta name=\"twitter:data2\" content=\"Disponible\" \/>\n<script type=\"application\/ld+json\" class=\"yoast-schema-graph\">{\"@context\":\"https:\/\/schema.org\",\"@graph\":[{\"@type\":\"WebPage\",\"@id\":\"https:\/\/technofluid.it\/prodotto\/tubo-plutone-dn-1420-armoville-al-metro-lineare-codice-steel14000-toscogomma\/\",\"url\":\"https:\/\/technofluid.it\/prodotto\/tubo-plutone-dn-1420-armoville-al-metro-lineare-codice-steel14000-toscogomma\/\",\"name\":\"Tubo flessibile PVC Plutone DN 14x20 al metro - ToscoGomma\",\"isPartOf\":{\"@id\":\"https:\/\/technofluid.it\/#website\"},\"primaryImageOfPage\":{\"@id\":\"https:\/\/technofluid.it\/prodotto\/tubo-plutone-dn-1420-armoville-al-metro-lineare-codice-steel14000-toscogomma\/#primaryimage\"},\"image\":{\"@id\":\"https:\/\/technofluid.it\/prodotto\/tubo-plutone-dn-1420-armoville-al-metro-lineare-codice-steel14000-toscogomma\/#primaryimage\"},\"thumbnailUrl\":\"https:\/\/technofluid.it\/wp-content\/uploads\/2026\/01\/904-TUBO-PLUTONE-DN-14X20-ARMOVILLE-AL-METRO-LINEARE-CODICE-STEEL14000-TOSCOGOMMA.jpg\",\"datePublished\":\"2025-10-25T00:05:07+00:00\",\"dateModified\":\"2026-04-15T09:58:01+00:00\",\"description\":\"Acquista il tubo flessibile PVC Plutone DN 14x20, resistente e trasparente. Perfetto per ogni esigenza, disponibile al metro da ToscoGomma.\",\"breadcrumb\":{\"@id\":\"https:\/\/technofluid.it\/prodotto\/tubo-plutone-dn-1420-armoville-al-metro-lineare-codice-steel14000-toscogomma\/#breadcrumb\"},\"inLanguage\":\"es\",\"potentialAction\":[{\"@type\":\"ReadAction\",\"target\":[\"https:\/\/technofluid.it\/prodotto\/tubo-plutone-dn-1420-armoville-al-metro-lineare-codice-steel14000-toscogomma\/\"]}]},{\"@type\":\"ImageObject\",\"inLanguage\":\"es\",\"@id\":\"https:\/\/technofluid.it\/prodotto\/tubo-plutone-dn-1420-armoville-al-metro-lineare-codice-steel14000-toscogomma\/#primaryimage\",\"url\":\"https:\/\/technofluid.it\/wp-content\/uploads\/2026\/01\/904-TUBO-PLUTONE-DN-14X20-ARMOVILLE-AL-METRO-LINEARE-CODICE-STEEL14000-TOSCOGOMMA.jpg\",\"contentUrl\":\"https:\/\/technofluid.it\/wp-content\/uploads\/2026\/01\/904-TUBO-PLUTONE-DN-14X20-ARMOVILLE-AL-METRO-LINEARE-CODICE-STEEL14000-TOSCOGOMMA.jpg\",\"width\":800,\"height\":800,\"caption\":\"Tubo Plutone DN 14\u00d720 Armoville, perfetto per applicazioni industriali e domestiche, codice: STEEL14000.\"},{\"@type\":\"BreadcrumbList\",\"@id\":\"https:\/\/technofluid.it\/prodotto\/tubo-plutone-dn-1420-armoville-al-metro-lineare-codice-steel14000-toscogomma\/#breadcrumb\",\"itemListElement\":[{\"@type\":\"ListItem\",\"position\":1,\"name\":\"Home\",\"item\":\"https:\/\/technofluid.it\/\"},{\"@type\":\"ListItem\",\"position\":2,\"name\":\"Shop\",\"item\":\"https:\/\/technofluid.it\/shop\/\"},{\"@type\":\"ListItem\",\"position\":3,\"name\":\"Tubo Plutone DN 14&times;20 Armoville al metro lineare &ndash; codice: STEEL14000 &ndash; Toscogomma\"}]},{\"@type\":\"WebSite\",\"@id\":\"https:\/\/technofluid.it\/#website\",\"url\":\"https:\/\/technofluid.it\/\",\"name\":\"Technofluid S.R.L.\",\"description\":\"Dal 1999 siamo specializzati nell&#039;impiantistica navale, idraulica, civile e industriale\",\"publisher\":{\"@id\":\"https:\/\/technofluid.it\/#organization\"},\"potentialAction\":[{\"@type\":\"SearchAction\",\"target\":{\"@type\":\"EntryPoint\",\"urlTemplate\":\"https:\/\/technofluid.it\/?s={search_term_string}\"},\"query-input\":{\"@type\":\"PropertyValueSpecification\",\"valueRequired\":true,\"valueName\":\"search_term_string\"}}],\"inLanguage\":\"es\"},{\"@type\":\"Organization\",\"@id\":\"https:\/\/technofluid.it\/#organization\",\"name\":\"Technofluid\",\"url\":\"https:\/\/technofluid.it\/\",\"logo\":{\"@type\":\"ImageObject\",\"inLanguage\":\"es\",\"@id\":\"https:\/\/technofluid.it\/#\/schema\/logo\/image\/\",\"url\":\"https:\/\/technofluid.it\/wp-content\/uploads\/2025\/12\/technofluid_bianco-logo.webp\",\"contentUrl\":\"https:\/\/technofluid.it\/wp-content\/uploads\/2025\/12\/technofluid_bianco-logo.webp\",\"width\":350,\"height\":116,\"caption\":\"Technofluid\"},\"image\":{\"@id\":\"https:\/\/technofluid.it\/#\/schema\/logo\/image\/\"},\"description\":\"La Technofluid S.r.l. nasce nel 1999 a Barcellona Pozzo di Gotto, in provincia di Messina, con l\u2019obiettivo di diventare un punto di riferimento nel settore dell\u2019impiantistica navale, idraulica, civile e industriale.\",\"email\":\"info@technofluid.it\",\"telephone\":\"0907386877\",\"legalName\":\"Technofluid S.R.L\",\"vatID\":\"IT03148240835\",\"taxID\":\"03148240835\",\"ownershipFundingInfo\":\"https:\/\/technofluid.it\/azienda\/\"}]}<\/script>\n<meta property=\"product:price:amount\" content=\"1.89\" \/>\n<meta property=\"product:price:currency\" content=\"EUR\" \/>\n<meta property=\"og:availability\" content=\"instock\" \/>\n<meta property=\"product:availability\" content=\"instock\" \/>\n<meta property=\"product:retailer_item_id\" content=\"TOSCO00000018\" \/>\n<meta property=\"product:condition\" content=\"new\" \/>\n<!-- \/ Yoast SEO Premium plugin. -->","yoast_head_json":{"title":"Tubo flexible PVC Plutone DN 14x20 por metro - ToscoGomma","description":"Compra el tubo flexible de PVC Plutone DN 14x20, resistente y transparente. Perfecto para cualquier necesidad, disponible por metro en ToscoGomma.","robots":{"index":"index","follow":"follow","max-snippet":"max-snippet:-1","max-image-preview":"max-image-preview:large","max-video-preview":"max-video-preview:-1"},"canonical":"https:\/\/technofluid.it\/es\/producto\/tubo-plutone-dn-1420-armoville-por-metro-lineal-codigo-steel14000-toscogomma\/","og_locale":"es_ES","og_type":"article","og_title":"Tubo Plutone DN 14&times;20 Armoville al metro lineare &ndash; codice: STEEL14000 &ndash; Toscogomma","og_description":"Acquista il tubo flessibile PVC Plutone DN 14x20, resistente e trasparente. Perfetto per ogni esigenza, disponibile al metro da ToscoGomma.","og_url":"https:\/\/technofluid.it\/es\/producto\/tubo-plutone-dn-1420-armoville-por-metro-lineal-codigo-steel14000-toscogomma\/","og_site_name":"Technofluid","article_modified_time":"2026-04-15T09:58:01+00:00","og_image":[{"width":800,"height":800,"url":"https:\/\/technofluid.it\/wp-content\/uploads\/2026\/01\/904-TUBO-PLUTONE-DN-14X20-ARMOVILLE-AL-METRO-LINEARE-CODICE-STEEL14000-TOSCOGOMMA.jpg","type":"image\/jpeg"}],"twitter_card":"summary_large_image","twitter_misc":{"Precio":"1,89&nbsp;&euro; Iva esclusa","Disponibilidad":"Disponible"},"schema":{"@context":"https:\/\/schema.org","@graph":[{"@type":"WebPage","@id":"https:\/\/technofluid.it\/prodotto\/tubo-plutone-dn-1420-armoville-al-metro-lineare-codice-steel14000-toscogomma\/","url":"https:\/\/technofluid.it\/prodotto\/tubo-plutone-dn-1420-armoville-al-metro-lineare-codice-steel14000-toscogomma\/","name":"Tubo flexible PVC Plutone DN 14x20 por metro - ToscoGomma","isPartOf":{"@id":"https:\/\/technofluid.it\/#website"},"primaryImageOfPage":{"@id":"https:\/\/technofluid.it\/prodotto\/tubo-plutone-dn-1420-armoville-al-metro-lineare-codice-steel14000-toscogomma\/#primaryimage"},"image":{"@id":"https:\/\/technofluid.it\/prodotto\/tubo-plutone-dn-1420-armoville-al-metro-lineare-codice-steel14000-toscogomma\/#primaryimage"},"thumbnailUrl":"https:\/\/technofluid.it\/wp-content\/uploads\/2026\/01\/904-TUBO-PLUTONE-DN-14X20-ARMOVILLE-AL-METRO-LINEARE-CODICE-STEEL14000-TOSCOGOMMA.jpg","datePublished":"2025-10-25T00:05:07+00:00","dateModified":"2026-04-15T09:58:01+00:00","description":"Compra el tubo flexible de PVC Plutone DN 14x20, resistente y transparente. Perfecto para cualquier necesidad, disponible por metro en ToscoGomma.","breadcrumb":{"@id":"https:\/\/technofluid.it\/prodotto\/tubo-plutone-dn-1420-armoville-al-metro-lineare-codice-steel14000-toscogomma\/#breadcrumb"},"inLanguage":"es","potentialAction":[{"@type":"ReadAction","target":["https:\/\/technofluid.it\/prodotto\/tubo-plutone-dn-1420-armoville-al-metro-lineare-codice-steel14000-toscogomma\/"]}]},{"@type":"ImageObject","inLanguage":"es","@id":"https:\/\/technofluid.it\/prodotto\/tubo-plutone-dn-1420-armoville-al-metro-lineare-codice-steel14000-toscogomma\/#primaryimage","url":"https:\/\/technofluid.it\/wp-content\/uploads\/2026\/01\/904-TUBO-PLUTONE-DN-14X20-ARMOVILLE-AL-METRO-LINEARE-CODICE-STEEL14000-TOSCOGOMMA.jpg","contentUrl":"https:\/\/technofluid.it\/wp-content\/uploads\/2026\/01\/904-TUBO-PLUTONE-DN-14X20-ARMOVILLE-AL-METRO-LINEARE-CODICE-STEEL14000-TOSCOGOMMA.jpg","width":800,"height":800,"caption":"Tubo Plutone DN 14\u00d720 Armoville, perfetto per applicazioni industriali e domestiche, codice: STEEL14000."},{"@type":"BreadcrumbList","@id":"https:\/\/technofluid.it\/prodotto\/tubo-plutone-dn-1420-armoville-al-metro-lineare-codice-steel14000-toscogomma\/#breadcrumb","itemListElement":[{"@type":"ListItem","position":1,"name":"Home","item":"https:\/\/technofluid.it\/"},{"@type":"ListItem","position":2,"name":"Shop","item":"https:\/\/technofluid.it\/shop\/"},{"@type":"ListItem","position":3,"name":"Tubo Plutone DN 14&times;20 Armoville al metro lineare &ndash; codice: STEEL14000 &ndash; Toscogomma"}]},{"@type":"WebSite","@id":"https:\/\/technofluid.it\/#website","url":"https:\/\/technofluid.it\/","name":"Technofluid S.R.L.","description":"Desde 1999 estamos especializados en instalaciones navales, hidr\u00e1ulicas, civiles e industriales","publisher":{"@id":"https:\/\/technofluid.it\/#organization"},"potentialAction":[{"@type":"SearchAction","target":{"@type":"EntryPoint","urlTemplate":"https:\/\/technofluid.it\/?s={search_term_string}"},"query-input":{"@type":"PropertyValueSpecification","valueRequired":true,"valueName":"search_term_string"}}],"inLanguage":"es"},{"@type":"Organization","@id":"https:\/\/technofluid.it\/#organization","name":"Technofluid","url":"https:\/\/technofluid.it\/","logo":{"@type":"ImageObject","inLanguage":"es","@id":"https:\/\/technofluid.it\/#\/schema\/logo\/image\/","url":"https:\/\/technofluid.it\/wp-content\/uploads\/2025\/12\/technofluid_bianco-logo.webp","contentUrl":"https:\/\/technofluid.it\/wp-content\/uploads\/2025\/12\/technofluid_bianco-logo.webp","width":350,"height":116,"caption":"Technofluid"},"image":{"@id":"https:\/\/technofluid.it\/#\/schema\/logo\/image\/"},"description":"Technofluid S.r.l. nace en 1999 en Barcellona Pozzo di Gotto, en la provincia de Messina, con el objetivo de convertirse en un punto de referencia en el sector de la ingenier\u00eda naval, hidr\u00e1ulica, civil e industrial.","email":"info@technofluid.it","telephone":"0907386877","legalName":"Technofluid S.R.L","vatID":"IT03148240835","taxID":"03148240835","ownershipFundingInfo":"https:\/\/technofluid.it\/azienda\/"}]},"product_price_amount":"1.89","product_price_currency":"EUR","og_availability":"instock","product_availability":"instock","product_retailer_item_id":"TOSCO00000018","product_condition":"new"},"_links":{"self":[{"href":"https:\/\/technofluid.it\/es\/wp-json\/wp\/v2\/product\/31489","targetHints":{"allow":["GET"]}}],"collection":[{"href":"https:\/\/technofluid.it\/es\/wp-json\/wp\/v2\/product"}],"about":[{"href":"https:\/\/technofluid.it\/es\/wp-json\/wp\/v2\/types\/product"}],"replies":[{"embeddable":true,"href":"https:\/\/technofluid.it\/es\/wp-json\/wp\/v2\/comments?post=31489"}],"version-history":[{"count":0,"href":"https:\/\/technofluid.it\/es\/wp-json\/wp\/v2\/product\/31489\/revisions"}],"wp:featuredmedia":[{"embeddable":true,"href":"https:\/\/technofluid.it\/es\/wp-json\/wp\/v2\/media\/42453"}],"wp:attachment":[{"href":"https:\/\/technofluid.it\/es\/wp-json\/wp\/v2\/media?parent=31489"}],"wp:term":[{"taxonomy":"product_brand","embeddable":true,"href":"https:\/\/technofluid.it\/es\/wp-json\/wp\/v2\/product_brand?post=31489"},{"taxonomy":"product_cat","embeddable":true,"href":"https:\/\/technofluid.it\/es\/wp-json\/wp\/v2\/product_cat?post=31489"},{"taxonomy":"product_tag","embeddable":true,"href":"https:\/\/technofluid.it\/es\/wp-json\/wp\/v2\/product_tag?post=31489"}],"curies":[{"name":"wp","href":"https:\/\/api.w.org\/{rel}","templated":true}]}}