{"id":31324,"date":"2025-10-25T00:04:44","date_gmt":"2025-10-25T00:04:44","guid":{"rendered":"https:\/\/technofluid.it\/prodotto\/stucco-metallico-poliestere-150-ml-codice-p00500-cfg\/"},"modified":"2026-04-15T11:26:36","modified_gmt":"2026-04-15T10:26:36","slug":"stucco-metallico-poliestere-150-ml-codice-p00500-cfg","status":"publish","type":"product","link":"https:\/\/technofluid.it\/es\/producto\/masilla-metalica-de-poliester-150-ml-codigo-p00500-cfg\/","title":{"rendered":"Masilla met\u00e1lica poli\u00e9ster 150 ml \u2013 c\u00f3digo: P00500 \u2013 Cfg"},"content":{"rendered":"<p>Masilla met\u00e1lica poli\u00e9ster 150 ml \u2013 c\u00f3digo: P00500 \u2013 Cfg<\/p>","protected":false},"excerpt":{"rendered":"<p>Masillado y reparaci\u00f3n de metal, fibra de vidrio, cemento, piedras, porcelana, madera, pl\u00e1stico.<\/p>","protected":false},"featured_media":42069,"comment_status":"open","ping_status":"closed","template":"","meta":{"_acf_changed":false,"_monsterinsights_skip_tracking":false,"_monsterinsights_sitenote_active":false,"_monsterinsights_sitenote_note":"","_monsterinsights_sitenote_category":0,"site-sidebar-layout":"default","site-content-layout":"","ast-site-content-layout":"default","site-content-style":"default","site-sidebar-style":"default","ast-global-header-display":"","ast-banner-title-visibility":"","ast-main-header-display":"","ast-hfb-above-header-display":"","ast-hfb-below-header-display":"","ast-hfb-mobile-header-display":"","site-post-title":"","ast-breadcrumbs-content":"","ast-featured-img":"","footer-sml-layout":"","ast-disable-related-posts":"","theme-transparent-header-meta":"","adv-header-id-meta":"","stick-header-meta":"","header-above-stick-meta":"","header-main-stick-meta":"","header-below-stick-meta":"","astra-migrate-meta-layouts":"default","ast-page-background-enabled":"default","ast-page-background-meta":{"desktop":{"background-color":"var(--ast-global-color-5)","background-image":"","background-repeat":"repeat","background-position":"center center","background-size":"auto","background-attachment":"scroll","background-type":"","background-media":"","overlay-type":"","overlay-color":"","overlay-opacity":"","overlay-gradient":""},"tablet":{"background-color":"","background-image":"","background-repeat":"repeat","background-position":"center center","background-size":"auto","background-attachment":"scroll","background-type":"","background-media":"","overlay-type":"","overlay-color":"","overlay-opacity":"","overlay-gradient":""},"mobile":{"background-color":"","background-image":"","background-repeat":"repeat","background-position":"center center","background-size":"auto","background-attachment":"scroll","background-type":"","background-media":"","overlay-type":"","overlay-color":"","overlay-opacity":"","overlay-gradient":""}},"ast-content-background-meta":{"desktop":{"background-color":"var(--ast-global-color-4)","background-image":"","background-repeat":"repeat","background-position":"center center","background-size":"auto","background-attachment":"scroll","background-type":"","background-media":"","overlay-type":"","overlay-color":"","overlay-opacity":"","overlay-gradient":""},"tablet":{"background-color":"var(--ast-global-color-4)","background-image":"","background-repeat":"repeat","background-position":"center center","background-size":"auto","background-attachment":"scroll","background-type":"","background-media":"","overlay-type":"","overlay-color":"","overlay-opacity":"","overlay-gradient":""},"mobile":{"background-color":"var(--ast-global-color-4)","background-image":"","background-repeat":"repeat","background-position":"center center","background-size":"auto","background-attachment":"scroll","background-type":"","background-media":"","overlay-type":"","overlay-color":"","overlay-opacity":"","overlay-gradient":""}}},"product_brand":[],"product_cat":[78,79],"product_tag":[7687,7688],"class_list":{"0":"post-31324","1":"product","2":"type-product","3":"status-publish","4":"has-post-thumbnail","6":"product_cat-manutenzione-barca","7":"product_cat-olii-grassi-e-prodotti-chimici","8":"product_tag-metallico","9":"product_tag-stucco","10":"pa_supplier-cfg-spa","11":"desktop-align-left","12":"tablet-align-left","13":"mobile-align-left","15":"first","16":"instock","17":"taxable","18":"shipping-taxable","19":"purchasable","20":"product-type-simple"},"acf":[],"yoast_head":"<!-- This site is optimized with the Yoast SEO Premium plugin v26.7 (Yoast SEO v26.9) - https:\/\/yoast.com\/product\/yoast-seo-premium-wordpress\/ -->\n<title>Stucco Metallico Poliestere 150 ml: Uso e Applicazione Facile<\/title>\n<meta name=\"description\" content=\"Scopri come usare lo stucco metallico poliestere 150 ml per superfici perfette. Facile da applicare, asciuga in 30 minuti. Acquista ora!\" \/>\n<meta name=\"robots\" content=\"index, follow, max-snippet:-1, max-image-preview:large, max-video-preview:-1\" \/>\n<link rel=\"canonical\" href=\"https:\/\/technofluid.it\/es\/producto\/masilla-metalica-de-poliester-150-ml-codigo-p00500-cfg\/\" \/>\n<meta property=\"og:locale\" content=\"es_ES\" \/>\n<meta property=\"og:type\" content=\"article\" \/>\n<meta property=\"og:title\" content=\"Stucco metallico poliestere 150 ml - codice: P00500 - Cfg\" \/>\n<meta property=\"og:description\" content=\"Scopri come usare lo stucco metallico poliestere 150 ml per superfici perfette. Facile da applicare, asciuga in 30 minuti. Acquista ora!\" \/>\n<meta property=\"og:url\" content=\"https:\/\/technofluid.it\/es\/producto\/masilla-metalica-de-poliester-150-ml-codigo-p00500-cfg\/\" \/>\n<meta property=\"og:site_name\" content=\"Technofluid\" \/>\n<meta property=\"article:modified_time\" content=\"2026-04-15T10:26:36+00:00\" \/>\n<meta property=\"og:image\" content=\"https:\/\/technofluid.it\/wp-content\/uploads\/2026\/01\/816-Stucco-metallico-poliestere-150-ml-codice-P00500-Cfg.jpg\" \/>\n\t<meta property=\"og:image:width\" content=\"763\" \/>\n\t<meta property=\"og:image:height\" content=\"800\" \/>\n\t<meta property=\"og:image:type\" content=\"image\/jpeg\" \/>\n<meta name=\"twitter:card\" content=\"summary_large_image\" \/>\n<meta name=\"twitter:label1\" content=\"Precio\" \/>\n\t<meta name=\"twitter:data1\" content=\"5,74&nbsp;&euro; Iva esclusa\" \/>\n\t<meta name=\"twitter:label2\" content=\"Disponibilidad\" \/>\n\t<meta name=\"twitter:data2\" content=\"Disponible\" \/>\n<script type=\"application\/ld+json\" class=\"yoast-schema-graph\">{\"@context\":\"https:\/\/schema.org\",\"@graph\":[{\"@type\":\"WebPage\",\"@id\":\"https:\/\/technofluid.it\/prodotto\/stucco-metallico-poliestere-150-ml-codice-p00500-cfg\/\",\"url\":\"https:\/\/technofluid.it\/prodotto\/stucco-metallico-poliestere-150-ml-codice-p00500-cfg\/\",\"name\":\"Stucco Metallico Poliestere 150 ml: Uso e Applicazione Facile\",\"isPartOf\":{\"@id\":\"https:\/\/technofluid.it\/#website\"},\"primaryImageOfPage\":{\"@id\":\"https:\/\/technofluid.it\/prodotto\/stucco-metallico-poliestere-150-ml-codice-p00500-cfg\/#primaryimage\"},\"image\":{\"@id\":\"https:\/\/technofluid.it\/prodotto\/stucco-metallico-poliestere-150-ml-codice-p00500-cfg\/#primaryimage\"},\"thumbnailUrl\":\"https:\/\/technofluid.it\/wp-content\/uploads\/2026\/01\/816-Stucco-metallico-poliestere-150-ml-codice-P00500-Cfg.jpg\",\"datePublished\":\"2025-10-25T00:04:44+00:00\",\"dateModified\":\"2026-04-15T10:26:36+00:00\",\"description\":\"Scopri come usare lo stucco metallico poliestere 150 ml per superfici perfette. Facile da applicare, asciuga in 30 minuti. Acquista ora!\",\"breadcrumb\":{\"@id\":\"https:\/\/technofluid.it\/prodotto\/stucco-metallico-poliestere-150-ml-codice-p00500-cfg\/#breadcrumb\"},\"inLanguage\":\"es\",\"potentialAction\":[{\"@type\":\"ReadAction\",\"target\":[\"https:\/\/technofluid.it\/prodotto\/stucco-metallico-poliestere-150-ml-codice-p00500-cfg\/\"]}]},{\"@type\":\"ImageObject\",\"inLanguage\":\"es\",\"@id\":\"https:\/\/technofluid.it\/prodotto\/stucco-metallico-poliestere-150-ml-codice-p00500-cfg\/#primaryimage\",\"url\":\"https:\/\/technofluid.it\/wp-content\/uploads\/2026\/01\/816-Stucco-metallico-poliestere-150-ml-codice-P00500-Cfg.jpg\",\"contentUrl\":\"https:\/\/technofluid.it\/wp-content\/uploads\/2026\/01\/816-Stucco-metallico-poliestere-150-ml-codice-P00500-Cfg.jpg\",\"width\":763,\"height\":800,\"caption\":\"Contenitore di stucco metallico poliestere per riparazioni di superfici metalliche e in pietra.\"},{\"@type\":\"BreadcrumbList\",\"@id\":\"https:\/\/technofluid.it\/prodotto\/stucco-metallico-poliestere-150-ml-codice-p00500-cfg\/#breadcrumb\",\"itemListElement\":[{\"@type\":\"ListItem\",\"position\":1,\"name\":\"Home\",\"item\":\"https:\/\/technofluid.it\/\"},{\"@type\":\"ListItem\",\"position\":2,\"name\":\"Shop\",\"item\":\"https:\/\/technofluid.it\/shop\/\"},{\"@type\":\"ListItem\",\"position\":3,\"name\":\"Stucco metallico poliestere 150 ml &#8211; codice: P00500 &#8211; Cfg\"}]},{\"@type\":\"WebSite\",\"@id\":\"https:\/\/technofluid.it\/#website\",\"url\":\"https:\/\/technofluid.it\/\",\"name\":\"Technofluid S.R.L.\",\"description\":\"Dal 1999 siamo specializzati nell&#039;impiantistica navale, idraulica, civile e industriale\",\"publisher\":{\"@id\":\"https:\/\/technofluid.it\/#organization\"},\"potentialAction\":[{\"@type\":\"SearchAction\",\"target\":{\"@type\":\"EntryPoint\",\"urlTemplate\":\"https:\/\/technofluid.it\/?s={search_term_string}\"},\"query-input\":{\"@type\":\"PropertyValueSpecification\",\"valueRequired\":true,\"valueName\":\"search_term_string\"}}],\"inLanguage\":\"es\"},{\"@type\":\"Organization\",\"@id\":\"https:\/\/technofluid.it\/#organization\",\"name\":\"Technofluid\",\"url\":\"https:\/\/technofluid.it\/\",\"logo\":{\"@type\":\"ImageObject\",\"inLanguage\":\"es\",\"@id\":\"https:\/\/technofluid.it\/#\/schema\/logo\/image\/\",\"url\":\"https:\/\/technofluid.it\/wp-content\/uploads\/2025\/12\/technofluid_bianco-logo.webp\",\"contentUrl\":\"https:\/\/technofluid.it\/wp-content\/uploads\/2025\/12\/technofluid_bianco-logo.webp\",\"width\":350,\"height\":116,\"caption\":\"Technofluid\"},\"image\":{\"@id\":\"https:\/\/technofluid.it\/#\/schema\/logo\/image\/\"},\"description\":\"La Technofluid S.r.l. nasce nel 1999 a Barcellona Pozzo di Gotto, in provincia di Messina, con l\u2019obiettivo di diventare un punto di riferimento nel settore dell\u2019impiantistica navale, idraulica, civile e industriale.\",\"email\":\"info@technofluid.it\",\"telephone\":\"0907386877\",\"legalName\":\"Technofluid S.R.L\",\"vatID\":\"IT03148240835\",\"taxID\":\"03148240835\",\"ownershipFundingInfo\":\"https:\/\/technofluid.it\/azienda\/\"}]}<\/script>\n<meta property=\"product:price:amount\" content=\"5.74\" \/>\n<meta property=\"product:price:currency\" content=\"EUR\" \/>\n<meta property=\"og:availability\" content=\"instock\" \/>\n<meta property=\"product:availability\" content=\"instock\" \/>\n<meta property=\"product:retailer_item_id\" content=\"CFG00000036\" \/>\n<meta property=\"product:condition\" content=\"new\" \/>\n<!-- \/ Yoast SEO Premium plugin. -->","yoast_head_json":{"title":"Masilla Met\u00e1lica de Poli\u00e9ster 150 ml: Uso y Aplicaci\u00f3n F\u00e1cil","description":"Descubre c\u00f3mo usar la masilla met\u00e1lica de poli\u00e9ster de 150 ml para superficies perfectas. F\u00e1cil de aplicar, se seca en 30 minutos. \u00a1Compra ahora!","robots":{"index":"index","follow":"follow","max-snippet":"max-snippet:-1","max-image-preview":"max-image-preview:large","max-video-preview":"max-video-preview:-1"},"canonical":"https:\/\/technofluid.it\/es\/producto\/masilla-metalica-de-poliester-150-ml-codigo-p00500-cfg\/","og_locale":"es_ES","og_type":"article","og_title":"Stucco metallico poliestere 150 ml - codice: P00500 - Cfg","og_description":"Scopri come usare lo stucco metallico poliestere 150 ml per superfici perfette. Facile da applicare, asciuga in 30 minuti. Acquista ora!","og_url":"https:\/\/technofluid.it\/es\/producto\/masilla-metalica-de-poliester-150-ml-codigo-p00500-cfg\/","og_site_name":"Technofluid","article_modified_time":"2026-04-15T10:26:36+00:00","og_image":[{"width":763,"height":800,"url":"https:\/\/technofluid.it\/wp-content\/uploads\/2026\/01\/816-Stucco-metallico-poliestere-150-ml-codice-P00500-Cfg.jpg","type":"image\/jpeg"}],"twitter_card":"summary_large_image","twitter_misc":{"Precio":"5,74&nbsp;&euro; Iva esclusa","Disponibilidad":"Disponible"},"schema":{"@context":"https:\/\/schema.org","@graph":[{"@type":"WebPage","@id":"https:\/\/technofluid.it\/prodotto\/stucco-metallico-poliestere-150-ml-codice-p00500-cfg\/","url":"https:\/\/technofluid.it\/prodotto\/stucco-metallico-poliestere-150-ml-codice-p00500-cfg\/","name":"Masilla Met\u00e1lica de Poli\u00e9ster 150 ml: Uso y Aplicaci\u00f3n F\u00e1cil","isPartOf":{"@id":"https:\/\/technofluid.it\/#website"},"primaryImageOfPage":{"@id":"https:\/\/technofluid.it\/prodotto\/stucco-metallico-poliestere-150-ml-codice-p00500-cfg\/#primaryimage"},"image":{"@id":"https:\/\/technofluid.it\/prodotto\/stucco-metallico-poliestere-150-ml-codice-p00500-cfg\/#primaryimage"},"thumbnailUrl":"https:\/\/technofluid.it\/wp-content\/uploads\/2026\/01\/816-Stucco-metallico-poliestere-150-ml-codice-P00500-Cfg.jpg","datePublished":"2025-10-25T00:04:44+00:00","dateModified":"2026-04-15T10:26:36+00:00","description":"Descubre c\u00f3mo usar la masilla met\u00e1lica de poli\u00e9ster de 150 ml para superficies perfectas. F\u00e1cil de aplicar, se seca en 30 minutos. \u00a1Compra ahora!","breadcrumb":{"@id":"https:\/\/technofluid.it\/prodotto\/stucco-metallico-poliestere-150-ml-codice-p00500-cfg\/#breadcrumb"},"inLanguage":"es","potentialAction":[{"@type":"ReadAction","target":["https:\/\/technofluid.it\/prodotto\/stucco-metallico-poliestere-150-ml-codice-p00500-cfg\/"]}]},{"@type":"ImageObject","inLanguage":"es","@id":"https:\/\/technofluid.it\/prodotto\/stucco-metallico-poliestere-150-ml-codice-p00500-cfg\/#primaryimage","url":"https:\/\/technofluid.it\/wp-content\/uploads\/2026\/01\/816-Stucco-metallico-poliestere-150-ml-codice-P00500-Cfg.jpg","contentUrl":"https:\/\/technofluid.it\/wp-content\/uploads\/2026\/01\/816-Stucco-metallico-poliestere-150-ml-codice-P00500-Cfg.jpg","width":763,"height":800,"caption":"Contenitore di stucco metallico poliestere per riparazioni di superfici metalliche e in pietra."},{"@type":"BreadcrumbList","@id":"https:\/\/technofluid.it\/prodotto\/stucco-metallico-poliestere-150-ml-codice-p00500-cfg\/#breadcrumb","itemListElement":[{"@type":"ListItem","position":1,"name":"Home","item":"https:\/\/technofluid.it\/"},{"@type":"ListItem","position":2,"name":"Shop","item":"https:\/\/technofluid.it\/shop\/"},{"@type":"ListItem","position":3,"name":"Stucco metallico poliestere 150 ml &#8211; codice: P00500 &#8211; Cfg"}]},{"@type":"WebSite","@id":"https:\/\/technofluid.it\/#website","url":"https:\/\/technofluid.it\/","name":"Technofluid S.R.L.","description":"Desde 1999 estamos especializados en instalaciones navales, hidr\u00e1ulicas, civiles e industriales","publisher":{"@id":"https:\/\/technofluid.it\/#organization"},"potentialAction":[{"@type":"SearchAction","target":{"@type":"EntryPoint","urlTemplate":"https:\/\/technofluid.it\/?s={search_term_string}"},"query-input":{"@type":"PropertyValueSpecification","valueRequired":true,"valueName":"search_term_string"}}],"inLanguage":"es"},{"@type":"Organization","@id":"https:\/\/technofluid.it\/#organization","name":"Technofluid","url":"https:\/\/technofluid.it\/","logo":{"@type":"ImageObject","inLanguage":"es","@id":"https:\/\/technofluid.it\/#\/schema\/logo\/image\/","url":"https:\/\/technofluid.it\/wp-content\/uploads\/2025\/12\/technofluid_bianco-logo.webp","contentUrl":"https:\/\/technofluid.it\/wp-content\/uploads\/2025\/12\/technofluid_bianco-logo.webp","width":350,"height":116,"caption":"Technofluid"},"image":{"@id":"https:\/\/technofluid.it\/#\/schema\/logo\/image\/"},"description":"Technofluid S.r.l. nace en 1999 en Barcellona Pozzo di Gotto, en la provincia de Messina, con el objetivo de convertirse en un punto de referencia en el sector de la ingenier\u00eda naval, hidr\u00e1ulica, civil e industrial.","email":"info@technofluid.it","telephone":"0907386877","legalName":"Technofluid S.R.L","vatID":"IT03148240835","taxID":"03148240835","ownershipFundingInfo":"https:\/\/technofluid.it\/azienda\/"}]},"product_price_amount":"5.74","product_price_currency":"EUR","og_availability":"instock","product_availability":"instock","product_retailer_item_id":"CFG00000036","product_condition":"new"},"_links":{"self":[{"href":"https:\/\/technofluid.it\/es\/wp-json\/wp\/v2\/product\/31324","targetHints":{"allow":["GET"]}}],"collection":[{"href":"https:\/\/technofluid.it\/es\/wp-json\/wp\/v2\/product"}],"about":[{"href":"https:\/\/technofluid.it\/es\/wp-json\/wp\/v2\/types\/product"}],"replies":[{"embeddable":true,"href":"https:\/\/technofluid.it\/es\/wp-json\/wp\/v2\/comments?post=31324"}],"version-history":[{"count":1,"href":"https:\/\/technofluid.it\/es\/wp-json\/wp\/v2\/product\/31324\/revisions"}],"predecessor-version":[{"id":52728,"href":"https:\/\/technofluid.it\/es\/wp-json\/wp\/v2\/product\/31324\/revisions\/52728"}],"wp:featuredmedia":[{"embeddable":true,"href":"https:\/\/technofluid.it\/es\/wp-json\/wp\/v2\/media\/42069"}],"wp:attachment":[{"href":"https:\/\/technofluid.it\/es\/wp-json\/wp\/v2\/media?parent=31324"}],"wp:term":[{"taxonomy":"product_brand","embeddable":true,"href":"https:\/\/technofluid.it\/es\/wp-json\/wp\/v2\/product_brand?post=31324"},{"taxonomy":"product_cat","embeddable":true,"href":"https:\/\/technofluid.it\/es\/wp-json\/wp\/v2\/product_cat?post=31324"},{"taxonomy":"product_tag","embeddable":true,"href":"https:\/\/technofluid.it\/es\/wp-json\/wp\/v2\/product_tag?post=31324"}],"curies":[{"name":"wp","href":"https:\/\/api.w.org\/{rel}","templated":true}]}}