{"id":31296,"date":"2025-10-25T00:04:41","date_gmt":"2025-10-25T00:04:41","guid":{"rendered":"https:\/\/technofluid.it\/prodotto\/spina-connessione-vhf-con-riduzione-accessori-antenna-codice-29-903-10-osculati\/"},"modified":"2026-04-15T12:03:59","modified_gmt":"2026-04-15T11:03:59","slug":"spina-connessione-vhf-con-riduzione-accessori-antenna-codice-29-903-10-osculati","status":"publish","type":"product","link":"https:\/\/technofluid.it\/es\/producto\/conector-de-conexion-vhf-con-reduccion-accesorios-antena-codigo-29-903-10-osculati\/","title":{"rendered":"Conector VHF con reducci\u00f3n, accesorios de antena \u2013 c\u00f3digo: 29.903.10 \u2013 Osculati"},"content":{"rendered":"<p>Conector VHF con reducci\u00f3n, accesorios de antena \u2013 c\u00f3digo: 29.903.10 \u2013 Osculati<\/p>","protected":false},"excerpt":{"rendered":"<p class=\"MsoNormal\"><b>UM:<\/b>\u00a0PZ<\/p>\n<p class=\"MsoNormal\"><b>Altura:<\/b>\u00a02 cm<\/p>\n<p class=\"MsoNormal\"><b>Peso:<\/b>\u00a00,02 kg<\/p>\n<p class=\"MsoNormal\"><b>Anchura:<\/b>\u00a04 cm<\/p>\n<p class=\"MsoNormal\"><b>Volumen:<\/b>\u00a016 cm\u00b3<\/p>\n<p class=\"MsoNormal\"><b>Longitud:<\/b> 2 cm<\/p>","protected":false},"featured_media":42006,"comment_status":"open","ping_status":"closed","template":"","meta":{"_acf_changed":false,"_monsterinsights_skip_tracking":false,"_monsterinsights_sitenote_active":false,"_monsterinsights_sitenote_note":"","_monsterinsights_sitenote_category":0,"site-sidebar-layout":"default","site-content-layout":"","ast-site-content-layout":"default","site-content-style":"default","site-sidebar-style":"default","ast-global-header-display":"","ast-banner-title-visibility":"","ast-main-header-display":"","ast-hfb-above-header-display":"","ast-hfb-below-header-display":"","ast-hfb-mobile-header-display":"","site-post-title":"","ast-breadcrumbs-content":"","ast-featured-img":"","footer-sml-layout":"","ast-disable-related-posts":"","theme-transparent-header-meta":"","adv-header-id-meta":"","stick-header-meta":"","header-above-stick-meta":"","header-main-stick-meta":"","header-below-stick-meta":"","astra-migrate-meta-layouts":"default","ast-page-background-enabled":"default","ast-page-background-meta":{"desktop":{"background-color":"var(--ast-global-color-5)","background-image":"","background-repeat":"repeat","background-position":"center center","background-size":"auto","background-attachment":"scroll","background-type":"","background-media":"","overlay-type":"","overlay-color":"","overlay-opacity":"","overlay-gradient":""},"tablet":{"background-color":"","background-image":"","background-repeat":"repeat","background-position":"center center","background-size":"auto","background-attachment":"scroll","background-type":"","background-media":"","overlay-type":"","overlay-color":"","overlay-opacity":"","overlay-gradient":""},"mobile":{"background-color":"","background-image":"","background-repeat":"repeat","background-position":"center center","background-size":"auto","background-attachment":"scroll","background-type":"","background-media":"","overlay-type":"","overlay-color":"","overlay-opacity":"","overlay-gradient":""}},"ast-content-background-meta":{"desktop":{"background-color":"var(--ast-global-color-4)","background-image":"","background-repeat":"repeat","background-position":"center center","background-size":"auto","background-attachment":"scroll","background-type":"","background-media":"","overlay-type":"","overlay-color":"","overlay-opacity":"","overlay-gradient":""},"tablet":{"background-color":"var(--ast-global-color-4)","background-image":"","background-repeat":"repeat","background-position":"center center","background-size":"auto","background-attachment":"scroll","background-type":"","background-media":"","overlay-type":"","overlay-color":"","overlay-opacity":"","overlay-gradient":""},"mobile":{"background-color":"var(--ast-global-color-4)","background-image":"","background-repeat":"repeat","background-position":"center center","background-size":"auto","background-attachment":"scroll","background-type":"","background-media":"","overlay-type":"","overlay-color":"","overlay-opacity":"","overlay-gradient":""}}},"product_brand":[],"product_cat":[74,106],"product_tag":[],"class_list":{"0":"post-31296","1":"product","2":"type-product","3":"status-publish","4":"has-post-thumbnail","6":"product_cat-elettricita-strumentazione","7":"product_cat-spine-e-prese","8":"pa_supplier-osculati-s-r-l","9":"desktop-align-left","10":"tablet-align-left","11":"mobile-align-left","13":"first","14":"instock","15":"taxable","16":"shipping-taxable","17":"purchasable","18":"product-type-simple"},"acf":[],"yoast_head":"<!-- This site is optimized with the Yoast SEO Premium plugin v26.7 (Yoast SEO v26.9) - https:\/\/yoast.com\/product\/yoast-seo-premium-wordpress\/ -->\n<title>Spina Connessione VHF con Riduzione per Cavo RG-58<\/title>\n<meta name=\"description\" content=\"Acquista la spina connessione VHF con riduzione, compatibile con cavi RG-58 e RG-213. Perfetta per antenna e radio, qualit\u00e0 Osculati garantita.\" \/>\n<meta name=\"robots\" content=\"index, follow, max-snippet:-1, max-image-preview:large, max-video-preview:-1\" \/>\n<link rel=\"canonical\" href=\"https:\/\/technofluid.it\/es\/produkt\/spina-connessione-vhf-con-riduzione-accessori-antenna-codice-29-903-10-osculati\/\" \/>\n<meta property=\"og:locale\" content=\"es_ES\" \/>\n<meta property=\"og:type\" content=\"article\" \/>\n<meta property=\"og:title\" content=\"Spina connessione VHF con riduzione, accessori antenna - codice: 29.903.10 - Osculati\" \/>\n<meta property=\"og:description\" content=\"Acquista la spina connessione VHF con riduzione, compatibile con cavi RG-58 e RG-213. Perfetta per antenna e radio, qualit\u00e0 Osculati garantita.\" \/>\n<meta property=\"og:url\" content=\"https:\/\/technofluid.it\/es\/produkt\/spina-connessione-vhf-con-riduzione-accessori-antenna-codice-29-903-10-osculati\/\" \/>\n<meta property=\"og:site_name\" content=\"Technofluid\" \/>\n<meta property=\"article:modified_time\" content=\"2026-04-15T11:03:59+00:00\" \/>\n<meta property=\"og:image\" content=\"https:\/\/technofluid.it\/wp-content\/uploads\/2026\/01\/2069-Spina-connessione-VHF-con-riduzione-accessori-antenna-codice-29.903.10-Osculati.jpg\" \/>\n\t<meta property=\"og:image:width\" content=\"300\" \/>\n\t<meta property=\"og:image:height\" content=\"300\" \/>\n\t<meta property=\"og:image:type\" content=\"image\/jpeg\" \/>\n<meta name=\"twitter:card\" content=\"summary_large_image\" \/>\n<meta name=\"twitter:label1\" content=\"Precio\" \/>\n\t<meta name=\"twitter:data1\" content=\"3,11&nbsp;&euro; Iva esclusa\" \/>\n\t<meta name=\"twitter:label2\" content=\"Disponibilidad\" \/>\n\t<meta name=\"twitter:data2\" content=\"Disponible\" \/>\n<script type=\"application\/ld+json\" class=\"yoast-schema-graph\">{\"@context\":\"https:\/\/schema.org\",\"@graph\":[{\"@type\":\"WebPage\",\"@id\":\"https:\/\/technofluid.it\/de\/produkt\/spina-connessione-vhf-con-riduzione-accessori-antenna-codice-29-903-10-osculati\/\",\"url\":\"https:\/\/technofluid.it\/de\/produkt\/spina-connessione-vhf-con-riduzione-accessori-antenna-codice-29-903-10-osculati\/\",\"name\":\"Spina Connessione VHF con Riduzione per Cavo RG-58\",\"isPartOf\":{\"@id\":\"https:\/\/technofluid.it\/#website\"},\"primaryImageOfPage\":{\"@id\":\"https:\/\/technofluid.it\/de\/produkt\/spina-connessione-vhf-con-riduzione-accessori-antenna-codice-29-903-10-osculati\/#primaryimage\"},\"image\":{\"@id\":\"https:\/\/technofluid.it\/de\/produkt\/spina-connessione-vhf-con-riduzione-accessori-antenna-codice-29-903-10-osculati\/#primaryimage\"},\"thumbnailUrl\":\"https:\/\/technofluid.it\/wp-content\/uploads\/2026\/01\/2069-Spina-connessione-VHF-con-riduzione-accessori-antenna-codice-29.903.10-Osculati.jpg\",\"datePublished\":\"2025-10-25T00:04:41+00:00\",\"dateModified\":\"2026-04-15T11:03:59+00:00\",\"description\":\"Acquista la spina connessione VHF con riduzione, compatibile con cavi RG-58 e RG-213. Perfetta per antenna e radio, qualit\u00e0 Osculati garantita.\",\"breadcrumb\":{\"@id\":\"https:\/\/technofluid.it\/de\/produkt\/spina-connessione-vhf-con-riduzione-accessori-antenna-codice-29-903-10-osculati\/#breadcrumb\"},\"inLanguage\":\"es\",\"potentialAction\":[{\"@type\":\"ReadAction\",\"target\":[\"https:\/\/technofluid.it\/de\/produkt\/spina-connessione-vhf-con-riduzione-accessori-antenna-codice-29-903-10-osculati\/\"]}]},{\"@type\":\"ImageObject\",\"inLanguage\":\"es\",\"@id\":\"https:\/\/technofluid.it\/de\/produkt\/spina-connessione-vhf-con-riduzione-accessori-antenna-codice-29-903-10-osculati\/#primaryimage\",\"url\":\"https:\/\/technofluid.it\/wp-content\/uploads\/2026\/01\/2069-Spina-connessione-VHF-con-riduzione-accessori-antenna-codice-29.903.10-Osculati.jpg\",\"contentUrl\":\"https:\/\/technofluid.it\/wp-content\/uploads\/2026\/01\/2069-Spina-connessione-VHF-con-riduzione-accessori-antenna-codice-29.903.10-Osculati.jpg\",\"width\":300,\"height\":300,\"caption\":\"Spina connessione VHF con riduzione, accessori antenna nautica.\"},{\"@type\":\"BreadcrumbList\",\"@id\":\"https:\/\/technofluid.it\/de\/produkt\/spina-connessione-vhf-con-riduzione-accessori-antenna-codice-29-903-10-osculati\/#breadcrumb\",\"itemListElement\":[{\"@type\":\"ListItem\",\"position\":1,\"name\":\"Home\",\"item\":\"https:\/\/technofluid.it\/\"},{\"@type\":\"ListItem\",\"position\":2,\"name\":\"Shop\",\"item\":\"https:\/\/technofluid.it\/shop\/\"},{\"@type\":\"ListItem\",\"position\":3,\"name\":\"Spina connessione VHF con riduzione, accessori antenna &#8211; codice: 29.903.10 &#8211; Osculati\"}]},{\"@type\":\"WebSite\",\"@id\":\"https:\/\/technofluid.it\/#website\",\"url\":\"https:\/\/technofluid.it\/\",\"name\":\"Technofluid S.R.L.\",\"description\":\"Dal 1999 siamo specializzati nell&#039;impiantistica navale, idraulica, civile e industriale\",\"publisher\":{\"@id\":\"https:\/\/technofluid.it\/#organization\"},\"potentialAction\":[{\"@type\":\"SearchAction\",\"target\":{\"@type\":\"EntryPoint\",\"urlTemplate\":\"https:\/\/technofluid.it\/?s={search_term_string}\"},\"query-input\":{\"@type\":\"PropertyValueSpecification\",\"valueRequired\":true,\"valueName\":\"search_term_string\"}}],\"inLanguage\":\"es\"},{\"@type\":\"Organization\",\"@id\":\"https:\/\/technofluid.it\/#organization\",\"name\":\"Technofluid\",\"url\":\"https:\/\/technofluid.it\/\",\"logo\":{\"@type\":\"ImageObject\",\"inLanguage\":\"es\",\"@id\":\"https:\/\/technofluid.it\/#\/schema\/logo\/image\/\",\"url\":\"https:\/\/technofluid.it\/wp-content\/uploads\/2025\/12\/technofluid_bianco-logo.webp\",\"contentUrl\":\"https:\/\/technofluid.it\/wp-content\/uploads\/2025\/12\/technofluid_bianco-logo.webp\",\"width\":350,\"height\":116,\"caption\":\"Technofluid\"},\"image\":{\"@id\":\"https:\/\/technofluid.it\/#\/schema\/logo\/image\/\"},\"description\":\"La Technofluid S.r.l. nasce nel 1999 a Barcellona Pozzo di Gotto, in provincia di Messina, con l\u2019obiettivo di diventare un punto di riferimento nel settore dell\u2019impiantistica navale, idraulica, civile e industriale.\",\"email\":\"info@technofluid.it\",\"telephone\":\"0907386877\",\"legalName\":\"Technofluid S.R.L\",\"vatID\":\"IT03148240835\",\"taxID\":\"03148240835\",\"ownershipFundingInfo\":\"https:\/\/technofluid.it\/azienda\/\"}]}<\/script>\n<meta property=\"product:price:amount\" content=\"3.11\" \/>\n<meta property=\"product:price:currency\" content=\"EUR\" \/>\n<meta property=\"og:availability\" content=\"instock\" \/>\n<meta property=\"product:availability\" content=\"instock\" \/>\n<meta property=\"product:retailer_item_id\" content=\"OSCU00000508\" \/>\n<meta property=\"product:condition\" content=\"new\" \/>\n<!-- \/ Yoast SEO Premium plugin. -->","yoast_head_json":{"title":"Conector de conexi\u00f3n VHF con reducci\u00f3n para cable RG-58","description":"Compra el conector macho VHF con reducci\u00f3n, compatible con cables RG-58 y RG-213. Perfecto para antena y radio, calidad Osculati garantizada.","robots":{"index":"index","follow":"follow","max-snippet":"max-snippet:-1","max-image-preview":"max-image-preview:large","max-video-preview":"max-video-preview:-1"},"canonical":"https:\/\/technofluid.it\/es\/produkt\/spina-connessione-vhf-con-riduzione-accessori-antenna-codice-29-903-10-osculati\/","og_locale":"es_ES","og_type":"article","og_title":"Spina connessione VHF con riduzione, accessori antenna - codice: 29.903.10 - Osculati","og_description":"Acquista la spina connessione VHF con riduzione, compatibile con cavi RG-58 e RG-213. Perfetta per antenna e radio, qualit\u00e0 Osculati garantita.","og_url":"https:\/\/technofluid.it\/es\/produkt\/spina-connessione-vhf-con-riduzione-accessori-antenna-codice-29-903-10-osculati\/","og_site_name":"Technofluid","article_modified_time":"2026-04-15T11:03:59+00:00","og_image":[{"width":300,"height":300,"url":"https:\/\/technofluid.it\/wp-content\/uploads\/2026\/01\/2069-Spina-connessione-VHF-con-riduzione-accessori-antenna-codice-29.903.10-Osculati.jpg","type":"image\/jpeg"}],"twitter_card":"summary_large_image","twitter_misc":{"Precio":"3,11&nbsp;&euro; Iva esclusa","Disponibilidad":"Disponible"},"schema":{"@context":"https:\/\/schema.org","@graph":[{"@type":"WebPage","@id":"https:\/\/technofluid.it\/de\/produkt\/spina-connessione-vhf-con-riduzione-accessori-antenna-codice-29-903-10-osculati\/","url":"https:\/\/technofluid.it\/de\/produkt\/spina-connessione-vhf-con-riduzione-accessori-antenna-codice-29-903-10-osculati\/","name":"Conector de conexi\u00f3n VHF con reducci\u00f3n para cable RG-58","isPartOf":{"@id":"https:\/\/technofluid.it\/#website"},"primaryImageOfPage":{"@id":"https:\/\/technofluid.it\/de\/produkt\/spina-connessione-vhf-con-riduzione-accessori-antenna-codice-29-903-10-osculati\/#primaryimage"},"image":{"@id":"https:\/\/technofluid.it\/de\/produkt\/spina-connessione-vhf-con-riduzione-accessori-antenna-codice-29-903-10-osculati\/#primaryimage"},"thumbnailUrl":"https:\/\/technofluid.it\/wp-content\/uploads\/2026\/01\/2069-Spina-connessione-VHF-con-riduzione-accessori-antenna-codice-29.903.10-Osculati.jpg","datePublished":"2025-10-25T00:04:41+00:00","dateModified":"2026-04-15T11:03:59+00:00","description":"Compra el conector macho VHF con reducci\u00f3n, compatible con cables RG-58 y RG-213. Perfecto para antena y radio, calidad Osculati garantizada.","breadcrumb":{"@id":"https:\/\/technofluid.it\/de\/produkt\/spina-connessione-vhf-con-riduzione-accessori-antenna-codice-29-903-10-osculati\/#breadcrumb"},"inLanguage":"es","potentialAction":[{"@type":"ReadAction","target":["https:\/\/technofluid.it\/de\/produkt\/spina-connessione-vhf-con-riduzione-accessori-antenna-codice-29-903-10-osculati\/"]}]},{"@type":"ImageObject","inLanguage":"es","@id":"https:\/\/technofluid.it\/de\/produkt\/spina-connessione-vhf-con-riduzione-accessori-antenna-codice-29-903-10-osculati\/#primaryimage","url":"https:\/\/technofluid.it\/wp-content\/uploads\/2026\/01\/2069-Spina-connessione-VHF-con-riduzione-accessori-antenna-codice-29.903.10-Osculati.jpg","contentUrl":"https:\/\/technofluid.it\/wp-content\/uploads\/2026\/01\/2069-Spina-connessione-VHF-con-riduzione-accessori-antenna-codice-29.903.10-Osculati.jpg","width":300,"height":300,"caption":"Spina connessione VHF con riduzione, accessori antenna nautica."},{"@type":"BreadcrumbList","@id":"https:\/\/technofluid.it\/de\/produkt\/spina-connessione-vhf-con-riduzione-accessori-antenna-codice-29-903-10-osculati\/#breadcrumb","itemListElement":[{"@type":"ListItem","position":1,"name":"Home","item":"https:\/\/technofluid.it\/"},{"@type":"ListItem","position":2,"name":"Shop","item":"https:\/\/technofluid.it\/shop\/"},{"@type":"ListItem","position":3,"name":"Spina connessione VHF con riduzione, accessori antenna &#8211; codice: 29.903.10 &#8211; Osculati"}]},{"@type":"WebSite","@id":"https:\/\/technofluid.it\/#website","url":"https:\/\/technofluid.it\/","name":"Technofluid S.R.L.","description":"Desde 1999 estamos especializados en instalaciones navales, hidr\u00e1ulicas, civiles e industriales","publisher":{"@id":"https:\/\/technofluid.it\/#organization"},"potentialAction":[{"@type":"SearchAction","target":{"@type":"EntryPoint","urlTemplate":"https:\/\/technofluid.it\/?s={search_term_string}"},"query-input":{"@type":"PropertyValueSpecification","valueRequired":true,"valueName":"search_term_string"}}],"inLanguage":"es"},{"@type":"Organization","@id":"https:\/\/technofluid.it\/#organization","name":"Technofluid","url":"https:\/\/technofluid.it\/","logo":{"@type":"ImageObject","inLanguage":"es","@id":"https:\/\/technofluid.it\/#\/schema\/logo\/image\/","url":"https:\/\/technofluid.it\/wp-content\/uploads\/2025\/12\/technofluid_bianco-logo.webp","contentUrl":"https:\/\/technofluid.it\/wp-content\/uploads\/2025\/12\/technofluid_bianco-logo.webp","width":350,"height":116,"caption":"Technofluid"},"image":{"@id":"https:\/\/technofluid.it\/#\/schema\/logo\/image\/"},"description":"Technofluid S.r.l. nace en 1999 en Barcellona Pozzo di Gotto, en la provincia de Messina, con el objetivo de convertirse en un punto de referencia en el sector de la ingenier\u00eda naval, hidr\u00e1ulica, civil e industrial.","email":"info@technofluid.it","telephone":"0907386877","legalName":"Technofluid S.R.L","vatID":"IT03148240835","taxID":"03148240835","ownershipFundingInfo":"https:\/\/technofluid.it\/azienda\/"}]},"product_price_amount":"3.11","product_price_currency":"EUR","og_availability":"instock","product_availability":"instock","product_retailer_item_id":"OSCU00000508","product_condition":"new"},"_links":{"self":[{"href":"https:\/\/technofluid.it\/es\/wp-json\/wp\/v2\/product\/31296","targetHints":{"allow":["GET"]}}],"collection":[{"href":"https:\/\/technofluid.it\/es\/wp-json\/wp\/v2\/product"}],"about":[{"href":"https:\/\/technofluid.it\/es\/wp-json\/wp\/v2\/types\/product"}],"replies":[{"embeddable":true,"href":"https:\/\/technofluid.it\/es\/wp-json\/wp\/v2\/comments?post=31296"}],"version-history":[{"count":0,"href":"https:\/\/technofluid.it\/es\/wp-json\/wp\/v2\/product\/31296\/revisions"}],"wp:featuredmedia":[{"embeddable":true,"href":"https:\/\/technofluid.it\/es\/wp-json\/wp\/v2\/media\/42006"}],"wp:attachment":[{"href":"https:\/\/technofluid.it\/es\/wp-json\/wp\/v2\/media?parent=31296"}],"wp:term":[{"taxonomy":"product_brand","embeddable":true,"href":"https:\/\/technofluid.it\/es\/wp-json\/wp\/v2\/product_brand?post=31296"},{"taxonomy":"product_cat","embeddable":true,"href":"https:\/\/technofluid.it\/es\/wp-json\/wp\/v2\/product_cat?post=31296"},{"taxonomy":"product_tag","embeddable":true,"href":"https:\/\/technofluid.it\/es\/wp-json\/wp\/v2\/product_tag?post=31296"}],"curies":[{"name":"wp","href":"https:\/\/api.w.org\/{rel}","templated":true}]}}