{"id":31118,"date":"2025-10-25T00:04:15","date_gmt":"2025-10-25T00:04:15","guid":{"rendered":"https:\/\/technofluid.it\/prodotto\/scheda-controllo-fan-coil-mv8-8-velocita-3-x-a52115-codice-m84846-climma\/"},"modified":"2026-02-26T13:36:53","modified_gmt":"2026-02-26T13:36:53","slug":"scheda-controllo-fan-coil-mv8-8-velocit-3-a52115-codice-m84846-climma","status":"publish","type":"product","link":"https:\/\/technofluid.it\/es\/producto\/tarjeta-de-control-fan-coil-mv8-8-velocidades-3-a52115-codigo-m84846-climma\/","title":{"rendered":"Tarjeta de control fan coil MV8 8 velocidades +3 \u00d7 A52115 \u2013 c\u00f3digo: M84846 \u2013 Climma"},"content":{"rendered":"<p>Tarjeta de control fan coil MV8 8 velocidades +3 \u00d7 A52115 \u2013 c\u00f3digo: M84846 \u2013 Climma<\/p>","protected":false},"excerpt":{"rendered":"<p>SCHEDA CONTROLLO FAN COIL MV8 8 VELOCITA +3 X A52115 &#8211; CODICE: M84846 &#8211; CLIMMA<\/p>","protected":false},"featured_media":41608,"comment_status":"open","ping_status":"closed","template":"","meta":{"_acf_changed":false,"_monsterinsights_skip_tracking":false,"_monsterinsights_sitenote_active":false,"_monsterinsights_sitenote_note":"","_monsterinsights_sitenote_category":0,"site-sidebar-layout":"default","site-content-layout":"","ast-site-content-layout":"default","site-content-style":"default","site-sidebar-style":"default","ast-global-header-display":"","ast-banner-title-visibility":"","ast-main-header-display":"","ast-hfb-above-header-display":"","ast-hfb-below-header-display":"","ast-hfb-mobile-header-display":"","site-post-title":"","ast-breadcrumbs-content":"","ast-featured-img":"","footer-sml-layout":"","ast-disable-related-posts":"","theme-transparent-header-meta":"","adv-header-id-meta":"","stick-header-meta":"","header-above-stick-meta":"","header-main-stick-meta":"","header-below-stick-meta":"","astra-migrate-meta-layouts":"default","ast-page-background-enabled":"default","ast-page-background-meta":{"desktop":{"background-color":"var(--ast-global-color-5)","background-image":"","background-repeat":"repeat","background-position":"center center","background-size":"auto","background-attachment":"scroll","background-type":"","background-media":"","overlay-type":"","overlay-color":"","overlay-opacity":"","overlay-gradient":""},"tablet":{"background-color":"","background-image":"","background-repeat":"repeat","background-position":"center center","background-size":"auto","background-attachment":"scroll","background-type":"","background-media":"","overlay-type":"","overlay-color":"","overlay-opacity":"","overlay-gradient":""},"mobile":{"background-color":"","background-image":"","background-repeat":"repeat","background-position":"center center","background-size":"auto","background-attachment":"scroll","background-type":"","background-media":"","overlay-type":"","overlay-color":"","overlay-opacity":"","overlay-gradient":""}},"ast-content-background-meta":{"desktop":{"background-color":"var(--ast-global-color-4)","background-image":"","background-repeat":"repeat","background-position":"center center","background-size":"auto","background-attachment":"scroll","background-type":"","background-media":"","overlay-type":"","overlay-color":"","overlay-opacity":"","overlay-gradient":""},"tablet":{"background-color":"var(--ast-global-color-4)","background-image":"","background-repeat":"repeat","background-position":"center center","background-size":"auto","background-attachment":"scroll","background-type":"","background-media":"","overlay-type":"","overlay-color":"","overlay-opacity":"","overlay-gradient":""},"mobile":{"background-color":"var(--ast-global-color-4)","background-image":"","background-repeat":"repeat","background-position":"center center","background-size":"auto","background-attachment":"scroll","background-type":"","background-media":"","overlay-type":"","overlay-color":"","overlay-opacity":"","overlay-gradient":""}}},"product_brand":[],"product_cat":[133,247],"product_tag":[7464,7465],"class_list":{"0":"post-31118","1":"product","2":"type-product","3":"status-publish","4":"has-post-thumbnail","6":"product_cat-ricambistica","7":"product_cat-veco","8":"product_tag-m84846","9":"product_tag-scheda-controllo-fan-coil-mv8-8","10":"pa_supplier-veco-s-p-a","11":"desktop-align-left","12":"tablet-align-left","13":"mobile-align-left","15":"first","16":"instock","17":"taxable","18":"shipping-taxable","19":"purchasable","20":"product-type-simple"},"acf":[],"yoast_head":"<!-- This site is optimized with the Yoast SEO Premium plugin v26.7 (Yoast SEO v26.9) - https:\/\/yoast.com\/product\/yoast-seo-premium-wordpress\/ -->\n<title>Scheda Controllo Fan Coil MV8: Gestione Climatizzazione Efficace<\/title>\n<meta name=\"description\" content=\"Scopri la scheda controllo fan coil MV8 per sistemi Climma, compatibile e facile da usare. Ottimizza il comfort a bordo, acquista ora!\" \/>\n<meta name=\"robots\" content=\"index, follow, max-snippet:-1, max-image-preview:large, max-video-preview:-1\" \/>\n<link rel=\"canonical\" href=\"https:\/\/technofluid.it\/es\/producto\/tarjeta-de-control-fan-coil-mv8-8-velocidades-3-a52115-codigo-m84846-climma\/\" \/>\n<meta property=\"og:locale\" content=\"es_ES\" \/>\n<meta property=\"og:type\" content=\"article\" \/>\n<meta property=\"og:title\" content=\"Scheda controllo fan coil MV8 8 velocit&agrave; +3 &times; A52115 &ndash; codice: M84846 &ndash; Climma\" \/>\n<meta property=\"og:description\" content=\"Scopri la scheda controllo fan coil MV8 per sistemi Climma, compatibile e facile da usare. Ottimizza il comfort a bordo, acquista ora!\" \/>\n<meta property=\"og:url\" content=\"https:\/\/technofluid.it\/es\/producto\/tarjeta-de-control-fan-coil-mv8-8-velocidades-3-a52115-codigo-m84846-climma\/\" \/>\n<meta property=\"og:site_name\" content=\"Technofluid\" \/>\n<meta property=\"article:modified_time\" content=\"2026-02-26T13:36:53+00:00\" \/>\n<meta property=\"og:image\" content=\"https:\/\/technofluid.it\/wp-content\/uploads\/2026\/01\/3814-SCHEDA-CONTROLLO-FAN-COIL-MV8-8-VELOCITA-3-X-A52115-CODICE-M84846-CLIMMA.jpg\" \/>\n\t<meta property=\"og:image:width\" content=\"700\" \/>\n\t<meta property=\"og:image:height\" content=\"700\" \/>\n\t<meta property=\"og:image:type\" content=\"image\/jpeg\" \/>\n<meta name=\"twitter:card\" content=\"summary_large_image\" \/>\n<meta name=\"twitter:label1\" content=\"Precio\" \/>\n\t<meta name=\"twitter:data1\" content=\"393,00&nbsp;&euro; Iva esclusa\" \/>\n\t<meta name=\"twitter:label2\" content=\"Disponibilidad\" \/>\n\t<meta name=\"twitter:data2\" content=\"Disponible\" \/>\n<script type=\"application\/ld+json\" class=\"yoast-schema-graph\">{\"@context\":\"https:\/\/schema.org\",\"@graph\":[{\"@type\":\"WebPage\",\"@id\":\"https:\/\/technofluid.it\/prodotto\/scheda-controllo-fan-coil-mv8-8-velocit-3-a52115-codice-m84846-climma\/\",\"url\":\"https:\/\/technofluid.it\/prodotto\/scheda-controllo-fan-coil-mv8-8-velocit-3-a52115-codice-m84846-climma\/\",\"name\":\"Scheda Controllo Fan Coil MV8: Gestione Climatizzazione Efficace\",\"isPartOf\":{\"@id\":\"https:\/\/technofluid.it\/#website\"},\"primaryImageOfPage\":{\"@id\":\"https:\/\/technofluid.it\/prodotto\/scheda-controllo-fan-coil-mv8-8-velocit-3-a52115-codice-m84846-climma\/#primaryimage\"},\"image\":{\"@id\":\"https:\/\/technofluid.it\/prodotto\/scheda-controllo-fan-coil-mv8-8-velocit-3-a52115-codice-m84846-climma\/#primaryimage\"},\"thumbnailUrl\":\"https:\/\/technofluid.it\/wp-content\/uploads\/2026\/01\/3814-SCHEDA-CONTROLLO-FAN-COIL-MV8-8-VELOCITA-3-X-A52115-CODICE-M84846-CLIMMA.jpg\",\"datePublished\":\"2025-10-25T00:04:15+00:00\",\"dateModified\":\"2026-02-26T13:36:53+00:00\",\"description\":\"Scopri la scheda controllo fan coil MV8 per sistemi Climma, compatibile e facile da usare. Ottimizza il comfort a bordo, acquista ora!\",\"breadcrumb\":{\"@id\":\"https:\/\/technofluid.it\/prodotto\/scheda-controllo-fan-coil-mv8-8-velocit-3-a52115-codice-m84846-climma\/#breadcrumb\"},\"inLanguage\":\"es\",\"potentialAction\":[{\"@type\":\"ReadAction\",\"target\":[\"https:\/\/technofluid.it\/prodotto\/scheda-controllo-fan-coil-mv8-8-velocit-3-a52115-codice-m84846-climma\/\"]}]},{\"@type\":\"ImageObject\",\"inLanguage\":\"es\",\"@id\":\"https:\/\/technofluid.it\/prodotto\/scheda-controllo-fan-coil-mv8-8-velocit-3-a52115-codice-m84846-climma\/#primaryimage\",\"url\":\"https:\/\/technofluid.it\/wp-content\/uploads\/2026\/01\/3814-SCHEDA-CONTROLLO-FAN-COIL-MV8-8-VELOCITA-3-X-A52115-CODICE-M84846-CLIMMA.jpg\",\"contentUrl\":\"https:\/\/technofluid.it\/wp-content\/uploads\/2026\/01\/3814-SCHEDA-CONTROLLO-FAN-COIL-MV8-8-VELOCITA-3-X-A52115-CODICE-M84846-CLIMMA.jpg\",\"width\":700,\"height\":700,\"caption\":\"Pannello di controllo fan coil MV8 con 8 velocit\u00e0 e componenti elettronici, utilizzato in impianti di climatizzazione.\"},{\"@type\":\"BreadcrumbList\",\"@id\":\"https:\/\/technofluid.it\/prodotto\/scheda-controllo-fan-coil-mv8-8-velocit-3-a52115-codice-m84846-climma\/#breadcrumb\",\"itemListElement\":[{\"@type\":\"ListItem\",\"position\":1,\"name\":\"Home\",\"item\":\"https:\/\/technofluid.it\/\"},{\"@type\":\"ListItem\",\"position\":2,\"name\":\"Shop\",\"item\":\"https:\/\/technofluid.it\/shop\/\"},{\"@type\":\"ListItem\",\"position\":3,\"name\":\"Scheda controllo fan coil MV8 8 velocit&agrave; +3 &times; A52115 &ndash; codice: M84846 &ndash; Climma\"}]},{\"@type\":\"WebSite\",\"@id\":\"https:\/\/technofluid.it\/#website\",\"url\":\"https:\/\/technofluid.it\/\",\"name\":\"Technofluid S.R.L.\",\"description\":\"Dal 1999 siamo specializzati nell&#039;impiantistica navale, idraulica, civile e industriale\",\"publisher\":{\"@id\":\"https:\/\/technofluid.it\/#organization\"},\"potentialAction\":[{\"@type\":\"SearchAction\",\"target\":{\"@type\":\"EntryPoint\",\"urlTemplate\":\"https:\/\/technofluid.it\/?s={search_term_string}\"},\"query-input\":{\"@type\":\"PropertyValueSpecification\",\"valueRequired\":true,\"valueName\":\"search_term_string\"}}],\"inLanguage\":\"es\"},{\"@type\":\"Organization\",\"@id\":\"https:\/\/technofluid.it\/#organization\",\"name\":\"Technofluid\",\"url\":\"https:\/\/technofluid.it\/\",\"logo\":{\"@type\":\"ImageObject\",\"inLanguage\":\"es\",\"@id\":\"https:\/\/technofluid.it\/#\/schema\/logo\/image\/\",\"url\":\"https:\/\/technofluid.it\/wp-content\/uploads\/2025\/12\/technofluid_bianco-logo.webp\",\"contentUrl\":\"https:\/\/technofluid.it\/wp-content\/uploads\/2025\/12\/technofluid_bianco-logo.webp\",\"width\":350,\"height\":116,\"caption\":\"Technofluid\"},\"image\":{\"@id\":\"https:\/\/technofluid.it\/#\/schema\/logo\/image\/\"},\"description\":\"La Technofluid S.r.l. nasce nel 1999 a Barcellona Pozzo di Gotto, in provincia di Messina, con l\u2019obiettivo di diventare un punto di riferimento nel settore dell\u2019impiantistica navale, idraulica, civile e industriale.\",\"email\":\"info@technofluid.it\",\"telephone\":\"0907386877\",\"legalName\":\"Technofluid S.R.L\",\"vatID\":\"IT03148240835\",\"taxID\":\"03148240835\",\"ownershipFundingInfo\":\"https:\/\/technofluid.it\/azienda\/\"}]}<\/script>\n<meta property=\"product:price:amount\" content=\"393.00\" \/>\n<meta property=\"product:price:currency\" content=\"EUR\" \/>\n<meta property=\"og:availability\" content=\"instock\" \/>\n<meta property=\"product:availability\" content=\"instock\" \/>\n<meta property=\"product:retailer_item_id\" content=\"VEC00000028\" \/>\n<meta property=\"product:condition\" content=\"new\" \/>\n<!-- \/ Yoast SEO Premium plugin. -->","yoast_head_json":{"title":"Tarjeta de Control Fan Coil MV8: Gesti\u00f3n de Climatizaci\u00f3n Efectiva","description":"Descubre la tarjeta de control fan coil MV8 para sistemas Climma, compatible y f\u00e1cil de usar. Optimiza el confort a bordo, \u00a1compra ahora!","robots":{"index":"index","follow":"follow","max-snippet":"max-snippet:-1","max-image-preview":"max-image-preview:large","max-video-preview":"max-video-preview:-1"},"canonical":"https:\/\/technofluid.it\/es\/producto\/tarjeta-de-control-fan-coil-mv8-8-velocidades-3-a52115-codigo-m84846-climma\/","og_locale":"es_ES","og_type":"article","og_title":"Scheda controllo fan coil MV8 8 velocit&agrave; +3 &times; A52115 &ndash; codice: M84846 &ndash; Climma","og_description":"Scopri la scheda controllo fan coil MV8 per sistemi Climma, compatibile e facile da usare. Ottimizza il comfort a bordo, acquista ora!","og_url":"https:\/\/technofluid.it\/es\/producto\/tarjeta-de-control-fan-coil-mv8-8-velocidades-3-a52115-codigo-m84846-climma\/","og_site_name":"Technofluid","article_modified_time":"2026-02-26T13:36:53+00:00","og_image":[{"width":700,"height":700,"url":"https:\/\/technofluid.it\/wp-content\/uploads\/2026\/01\/3814-SCHEDA-CONTROLLO-FAN-COIL-MV8-8-VELOCITA-3-X-A52115-CODICE-M84846-CLIMMA.jpg","type":"image\/jpeg"}],"twitter_card":"summary_large_image","twitter_misc":{"Precio":"393,00&nbsp;&euro; Iva esclusa","Disponibilidad":"Disponible"},"schema":{"@context":"https:\/\/schema.org","@graph":[{"@type":"WebPage","@id":"https:\/\/technofluid.it\/prodotto\/scheda-controllo-fan-coil-mv8-8-velocit-3-a52115-codice-m84846-climma\/","url":"https:\/\/technofluid.it\/prodotto\/scheda-controllo-fan-coil-mv8-8-velocit-3-a52115-codice-m84846-climma\/","name":"Tarjeta de Control Fan Coil MV8: Gesti\u00f3n de Climatizaci\u00f3n Efectiva","isPartOf":{"@id":"https:\/\/technofluid.it\/#website"},"primaryImageOfPage":{"@id":"https:\/\/technofluid.it\/prodotto\/scheda-controllo-fan-coil-mv8-8-velocit-3-a52115-codice-m84846-climma\/#primaryimage"},"image":{"@id":"https:\/\/technofluid.it\/prodotto\/scheda-controllo-fan-coil-mv8-8-velocit-3-a52115-codice-m84846-climma\/#primaryimage"},"thumbnailUrl":"https:\/\/technofluid.it\/wp-content\/uploads\/2026\/01\/3814-SCHEDA-CONTROLLO-FAN-COIL-MV8-8-VELOCITA-3-X-A52115-CODICE-M84846-CLIMMA.jpg","datePublished":"2025-10-25T00:04:15+00:00","dateModified":"2026-02-26T13:36:53+00:00","description":"Descubre la tarjeta de control fan coil MV8 para sistemas Climma, compatible y f\u00e1cil de usar. Optimiza el confort a bordo, \u00a1compra ahora!","breadcrumb":{"@id":"https:\/\/technofluid.it\/prodotto\/scheda-controllo-fan-coil-mv8-8-velocit-3-a52115-codice-m84846-climma\/#breadcrumb"},"inLanguage":"es","potentialAction":[{"@type":"ReadAction","target":["https:\/\/technofluid.it\/prodotto\/scheda-controllo-fan-coil-mv8-8-velocit-3-a52115-codice-m84846-climma\/"]}]},{"@type":"ImageObject","inLanguage":"es","@id":"https:\/\/technofluid.it\/prodotto\/scheda-controllo-fan-coil-mv8-8-velocit-3-a52115-codice-m84846-climma\/#primaryimage","url":"https:\/\/technofluid.it\/wp-content\/uploads\/2026\/01\/3814-SCHEDA-CONTROLLO-FAN-COIL-MV8-8-VELOCITA-3-X-A52115-CODICE-M84846-CLIMMA.jpg","contentUrl":"https:\/\/technofluid.it\/wp-content\/uploads\/2026\/01\/3814-SCHEDA-CONTROLLO-FAN-COIL-MV8-8-VELOCITA-3-X-A52115-CODICE-M84846-CLIMMA.jpg","width":700,"height":700,"caption":"Pannello di controllo fan coil MV8 con 8 velocit\u00e0 e componenti elettronici, utilizzato in impianti di climatizzazione."},{"@type":"BreadcrumbList","@id":"https:\/\/technofluid.it\/prodotto\/scheda-controllo-fan-coil-mv8-8-velocit-3-a52115-codice-m84846-climma\/#breadcrumb","itemListElement":[{"@type":"ListItem","position":1,"name":"Home","item":"https:\/\/technofluid.it\/"},{"@type":"ListItem","position":2,"name":"Shop","item":"https:\/\/technofluid.it\/shop\/"},{"@type":"ListItem","position":3,"name":"Scheda controllo fan coil MV8 8 velocit&agrave; +3 &times; A52115 &ndash; codice: M84846 &ndash; Climma"}]},{"@type":"WebSite","@id":"https:\/\/technofluid.it\/#website","url":"https:\/\/technofluid.it\/","name":"Technofluid S.R.L.","description":"Desde 1999 estamos especializados en instalaciones navales, hidr\u00e1ulicas, civiles e industriales","publisher":{"@id":"https:\/\/technofluid.it\/#organization"},"potentialAction":[{"@type":"SearchAction","target":{"@type":"EntryPoint","urlTemplate":"https:\/\/technofluid.it\/?s={search_term_string}"},"query-input":{"@type":"PropertyValueSpecification","valueRequired":true,"valueName":"search_term_string"}}],"inLanguage":"es"},{"@type":"Organization","@id":"https:\/\/technofluid.it\/#organization","name":"Technofluid","url":"https:\/\/technofluid.it\/","logo":{"@type":"ImageObject","inLanguage":"es","@id":"https:\/\/technofluid.it\/#\/schema\/logo\/image\/","url":"https:\/\/technofluid.it\/wp-content\/uploads\/2025\/12\/technofluid_bianco-logo.webp","contentUrl":"https:\/\/technofluid.it\/wp-content\/uploads\/2025\/12\/technofluid_bianco-logo.webp","width":350,"height":116,"caption":"Technofluid"},"image":{"@id":"https:\/\/technofluid.it\/#\/schema\/logo\/image\/"},"description":"Technofluid S.r.l. nace en 1999 en Barcellona Pozzo di Gotto, en la provincia de Messina, con el objetivo de convertirse en un punto de referencia en el sector de la ingenier\u00eda naval, hidr\u00e1ulica, civil e industrial.","email":"info@technofluid.it","telephone":"0907386877","legalName":"Technofluid S.R.L","vatID":"IT03148240835","taxID":"03148240835","ownershipFundingInfo":"https:\/\/technofluid.it\/azienda\/"}]},"product_price_amount":"393.00","product_price_currency":"EUR","og_availability":"instock","product_availability":"instock","product_retailer_item_id":"VEC00000028","product_condition":"new"},"_links":{"self":[{"href":"https:\/\/technofluid.it\/es\/wp-json\/wp\/v2\/product\/31118","targetHints":{"allow":["GET"]}}],"collection":[{"href":"https:\/\/technofluid.it\/es\/wp-json\/wp\/v2\/product"}],"about":[{"href":"https:\/\/technofluid.it\/es\/wp-json\/wp\/v2\/types\/product"}],"replies":[{"embeddable":true,"href":"https:\/\/technofluid.it\/es\/wp-json\/wp\/v2\/comments?post=31118"}],"version-history":[{"count":0,"href":"https:\/\/technofluid.it\/es\/wp-json\/wp\/v2\/product\/31118\/revisions"}],"wp:featuredmedia":[{"embeddable":true,"href":"https:\/\/technofluid.it\/es\/wp-json\/wp\/v2\/media\/41608"}],"wp:attachment":[{"href":"https:\/\/technofluid.it\/es\/wp-json\/wp\/v2\/media?parent=31118"}],"wp:term":[{"taxonomy":"product_brand","embeddable":true,"href":"https:\/\/technofluid.it\/es\/wp-json\/wp\/v2\/product_brand?post=31118"},{"taxonomy":"product_cat","embeddable":true,"href":"https:\/\/technofluid.it\/es\/wp-json\/wp\/v2\/product_cat?post=31118"},{"taxonomy":"product_tag","embeddable":true,"href":"https:\/\/technofluid.it\/es\/wp-json\/wp\/v2\/product_tag?post=31118"}],"curies":[{"name":"wp","href":"https:\/\/api.w.org\/{rel}","templated":true}]}}