{"id":30972,"date":"2025-10-25T00:03:59","date_gmt":"2025-10-25T00:03:59","guid":{"rendered":"https:\/\/technofluid.it\/prodotto\/regolatore-di-pressione-codice-44411-1045-0392904030-jabsco\/"},"modified":"2026-04-15T08:00:36","modified_gmt":"2026-04-15T07:00:36","slug":"regolatore-di-pressione-codice-44411-1045-0392904030-jabsco","status":"publish","type":"product","link":"https:\/\/technofluid.it\/es\/producto\/regulador-de-presion-codigo-44411-1045-0392904030-jabsco\/","title":{"rendered":"Regulador de presi\u00f3n \u2013 c\u00f3digo: 44411-1045 (0392904030) \u2013 Jabsco"},"content":{"rendered":"<p>Regulador de presi\u00f3n, para conectar la instalaci\u00f3n a bordo con la red de agua del puerto.<br \/>\nReduce la presi\u00f3n a 3.1 bar para evitar da\u00f1os en el sistema a bordo y en la bomba.<\/p>\n<p>&nbsp;<\/p>\n<p>\n<b>CARACTER\u00cdSTICAS<\/b>\n<\/p>\n<p>\u2013 \u00a0Pl\u00e1stico blanco<\/p>\n<p>\n<span style=\"font-family: Roboto, sans-serif;font-size: 14px;font-style: normal;font-weight: 400;letter-spacing: normal;text-align: start;text-indent: 0px;text-transform: none;white-space: normal;float: none\">\u2013 130X130X88 MM<\/span><\/p>","protected":false},"excerpt":{"rendered":"<p>Regulador de presi\u00f3n, para conectar la instalaci\u00f3n a bordo con la red de agua del puerto.<\/p>","protected":false},"featured_media":41261,"comment_status":"open","ping_status":"closed","template":"","meta":{"_acf_changed":false,"_monsterinsights_skip_tracking":false,"_monsterinsights_sitenote_active":false,"_monsterinsights_sitenote_note":"","_monsterinsights_sitenote_category":0,"site-sidebar-layout":"default","site-content-layout":"","ast-site-content-layout":"default","site-content-style":"default","site-sidebar-style":"default","ast-global-header-display":"","ast-banner-title-visibility":"","ast-main-header-display":"","ast-hfb-above-header-display":"","ast-hfb-below-header-display":"","ast-hfb-mobile-header-display":"","site-post-title":"","ast-breadcrumbs-content":"","ast-featured-img":"","footer-sml-layout":"","ast-disable-related-posts":"","theme-transparent-header-meta":"","adv-header-id-meta":"","stick-header-meta":"","header-above-stick-meta":"","header-main-stick-meta":"","header-below-stick-meta":"","astra-migrate-meta-layouts":"default","ast-page-background-enabled":"default","ast-page-background-meta":{"desktop":{"background-color":"var(--ast-global-color-5)","background-image":"","background-repeat":"repeat","background-position":"center center","background-size":"auto","background-attachment":"scroll","background-type":"","background-media":"","overlay-type":"","overlay-color":"","overlay-opacity":"","overlay-gradient":""},"tablet":{"background-color":"","background-image":"","background-repeat":"repeat","background-position":"center center","background-size":"auto","background-attachment":"scroll","background-type":"","background-media":"","overlay-type":"","overlay-color":"","overlay-opacity":"","overlay-gradient":""},"mobile":{"background-color":"","background-image":"","background-repeat":"repeat","background-position":"center center","background-size":"auto","background-attachment":"scroll","background-type":"","background-media":"","overlay-type":"","overlay-color":"","overlay-opacity":"","overlay-gradient":""}},"ast-content-background-meta":{"desktop":{"background-color":"var(--ast-global-color-4)","background-image":"","background-repeat":"repeat","background-position":"center center","background-size":"auto","background-attachment":"scroll","background-type":"","background-media":"","overlay-type":"","overlay-color":"","overlay-opacity":"","overlay-gradient":""},"tablet":{"background-color":"var(--ast-global-color-4)","background-image":"","background-repeat":"repeat","background-position":"center center","background-size":"auto","background-attachment":"scroll","background-type":"","background-media":"","overlay-type":"","overlay-color":"","overlay-opacity":"","overlay-gradient":""},"mobile":{"background-color":"var(--ast-global-color-4)","background-image":"","background-repeat":"repeat","background-position":"center center","background-size":"auto","background-attachment":"scroll","background-type":"","background-media":"","overlay-type":"","overlay-color":"","overlay-opacity":"","overlay-gradient":""}}},"product_brand":[],"product_cat":[86,84,85],"product_tag":[7291,7292],"class_list":{"0":"post-30972","1":"product","2":"type-product","3":"status-publish","4":"has-post-thumbnail","6":"product_cat-autoclavi","7":"product_cat-idraulica-e-ferramenta","8":"product_cat-pompe","9":"product_tag-impianto-idrico-di-bordo","10":"product_tag-regolatore-di-pressione","11":"pa_supplier-jabsco-marine-italia-s-r-l","12":"desktop-align-left","13":"tablet-align-left","14":"mobile-align-left","16":"first","17":"instock","18":"taxable","19":"shipping-taxable","20":"purchasable","21":"product-type-simple"},"acf":[],"yoast_head":"<!-- This site is optimized with the Yoast SEO Premium plugin v26.7 (Yoast SEO v26.9) - https:\/\/yoast.com\/product\/yoast-seo-premium-wordpress\/ -->\n<title>Regolatore pressione Jabsco: proteggi impianto idrico bordo<\/title>\n<meta name=\"description\" content=\"Scopri il regolatore pressione Jabsco 44411-1045, ideale per proteggere l&#039;impianto idrico di bordo. Riduce la pressione a 3.1 bar. Acquista ora!\" \/>\n<meta name=\"robots\" content=\"index, follow, max-snippet:-1, max-image-preview:large, max-video-preview:-1\" \/>\n<link rel=\"canonical\" href=\"https:\/\/technofluid.it\/es\/producto\/regulador-de-presion-codigo-44411-1045-0392904030-jabsco\/\" \/>\n<meta property=\"og:locale\" content=\"es_ES\" \/>\n<meta property=\"og:type\" content=\"article\" \/>\n<meta property=\"og:title\" content=\"Regolatore di pressione &ndash; codice: 44411-1045 (0392904030) &ndash; Jabsco\" \/>\n<meta property=\"og:description\" content=\"Scopri il regolatore pressione Jabsco 44411-1045, ideale per proteggere l&#039;impianto idrico di bordo. Riduce la pressione a 3.1 bar. Acquista ora!\" \/>\n<meta property=\"og:url\" content=\"https:\/\/technofluid.it\/es\/producto\/regulador-de-presion-codigo-44411-1045-0392904030-jabsco\/\" \/>\n<meta property=\"og:site_name\" content=\"Technofluid\" \/>\n<meta property=\"article:modified_time\" content=\"2026-04-15T07:00:36+00:00\" \/>\n<meta property=\"og:image\" content=\"https:\/\/technofluid.it\/wp-content\/uploads\/2026\/01\/403-Regolatore-di-pressione-codice-44411-1045-0392904030-Jabsco.jpg\" \/>\n\t<meta property=\"og:image:width\" content=\"491\" \/>\n\t<meta property=\"og:image:height\" content=\"491\" \/>\n\t<meta property=\"og:image:type\" content=\"image\/jpeg\" \/>\n<meta name=\"twitter:card\" content=\"summary_large_image\" \/>\n<meta name=\"twitter:label1\" content=\"Precio\" \/>\n\t<meta name=\"twitter:data1\" content=\"45,90&nbsp;&euro; Iva esclusa\" \/>\n\t<meta name=\"twitter:label2\" content=\"Disponibilidad\" \/>\n\t<meta name=\"twitter:data2\" content=\"Disponible\" \/>\n<script type=\"application\/ld+json\" class=\"yoast-schema-graph\">{\"@context\":\"https:\/\/schema.org\",\"@graph\":[{\"@type\":\"WebPage\",\"@id\":\"https:\/\/technofluid.it\/prodotto\/regolatore-di-pressione-codice-44411-1045-0392904030-jabsco\/\",\"url\":\"https:\/\/technofluid.it\/prodotto\/regolatore-di-pressione-codice-44411-1045-0392904030-jabsco\/\",\"name\":\"Regolatore pressione Jabsco: proteggi impianto idrico bordo\",\"isPartOf\":{\"@id\":\"https:\/\/technofluid.it\/#website\"},\"primaryImageOfPage\":{\"@id\":\"https:\/\/technofluid.it\/prodotto\/regolatore-di-pressione-codice-44411-1045-0392904030-jabsco\/#primaryimage\"},\"image\":{\"@id\":\"https:\/\/technofluid.it\/prodotto\/regolatore-di-pressione-codice-44411-1045-0392904030-jabsco\/#primaryimage\"},\"thumbnailUrl\":\"https:\/\/technofluid.it\/wp-content\/uploads\/2026\/01\/403-Regolatore-di-pressione-codice-44411-1045-0392904030-Jabsco.jpg\",\"datePublished\":\"2025-10-25T00:03:59+00:00\",\"dateModified\":\"2026-04-15T07:00:36+00:00\",\"description\":\"Scopri il regolatore pressione Jabsco 44411-1045, ideale per proteggere l'impianto idrico di bordo. Riduce la pressione a 3.1 bar. Acquista ora!\",\"breadcrumb\":{\"@id\":\"https:\/\/technofluid.it\/prodotto\/regolatore-di-pressione-codice-44411-1045-0392904030-jabsco\/#breadcrumb\"},\"inLanguage\":\"es\",\"potentialAction\":[{\"@type\":\"ReadAction\",\"target\":[\"https:\/\/technofluid.it\/prodotto\/regolatore-di-pressione-codice-44411-1045-0392904030-jabsco\/\"]}]},{\"@type\":\"ImageObject\",\"inLanguage\":\"es\",\"@id\":\"https:\/\/technofluid.it\/prodotto\/regolatore-di-pressione-codice-44411-1045-0392904030-jabsco\/#primaryimage\",\"url\":\"https:\/\/technofluid.it\/wp-content\/uploads\/2026\/01\/403-Regolatore-di-pressione-codice-44411-1045-0392904030-Jabsco.jpg\",\"contentUrl\":\"https:\/\/technofluid.it\/wp-content\/uploads\/2026\/01\/403-Regolatore-di-pressione-codice-44411-1045-0392904030-Jabsco.jpg\",\"width\":491,\"height\":491,\"caption\":\"Regolatore di pressione Jabsco, codice 44411-1045, ideale per sistemi idraulici e applicazioni marine.\"},{\"@type\":\"BreadcrumbList\",\"@id\":\"https:\/\/technofluid.it\/prodotto\/regolatore-di-pressione-codice-44411-1045-0392904030-jabsco\/#breadcrumb\",\"itemListElement\":[{\"@type\":\"ListItem\",\"position\":1,\"name\":\"Home\",\"item\":\"https:\/\/technofluid.it\/\"},{\"@type\":\"ListItem\",\"position\":2,\"name\":\"Shop\",\"item\":\"https:\/\/technofluid.it\/shop\/\"},{\"@type\":\"ListItem\",\"position\":3,\"name\":\"Regolatore di pressione &ndash; codice: 44411-1045 (0392904030) &ndash; Jabsco\"}]},{\"@type\":\"WebSite\",\"@id\":\"https:\/\/technofluid.it\/#website\",\"url\":\"https:\/\/technofluid.it\/\",\"name\":\"Technofluid S.R.L.\",\"description\":\"Dal 1999 siamo specializzati nell&#039;impiantistica navale, idraulica, civile e industriale\",\"publisher\":{\"@id\":\"https:\/\/technofluid.it\/#organization\"},\"potentialAction\":[{\"@type\":\"SearchAction\",\"target\":{\"@type\":\"EntryPoint\",\"urlTemplate\":\"https:\/\/technofluid.it\/?s={search_term_string}\"},\"query-input\":{\"@type\":\"PropertyValueSpecification\",\"valueRequired\":true,\"valueName\":\"search_term_string\"}}],\"inLanguage\":\"es\"},{\"@type\":\"Organization\",\"@id\":\"https:\/\/technofluid.it\/#organization\",\"name\":\"Technofluid\",\"url\":\"https:\/\/technofluid.it\/\",\"logo\":{\"@type\":\"ImageObject\",\"inLanguage\":\"es\",\"@id\":\"https:\/\/technofluid.it\/#\/schema\/logo\/image\/\",\"url\":\"https:\/\/technofluid.it\/wp-content\/uploads\/2025\/12\/technofluid_bianco-logo.webp\",\"contentUrl\":\"https:\/\/technofluid.it\/wp-content\/uploads\/2025\/12\/technofluid_bianco-logo.webp\",\"width\":350,\"height\":116,\"caption\":\"Technofluid\"},\"image\":{\"@id\":\"https:\/\/technofluid.it\/#\/schema\/logo\/image\/\"},\"description\":\"La Technofluid S.r.l. nasce nel 1999 a Barcellona Pozzo di Gotto, in provincia di Messina, con l\u2019obiettivo di diventare un punto di riferimento nel settore dell\u2019impiantistica navale, idraulica, civile e industriale.\",\"email\":\"info@technofluid.it\",\"telephone\":\"0907386877\",\"legalName\":\"Technofluid S.R.L\",\"vatID\":\"IT03148240835\",\"taxID\":\"03148240835\",\"ownershipFundingInfo\":\"https:\/\/technofluid.it\/azienda\/\"}]}<\/script>\n<meta property=\"product:price:amount\" content=\"45.90\" \/>\n<meta property=\"product:price:currency\" content=\"EUR\" \/>\n<meta property=\"og:availability\" content=\"instock\" \/>\n<meta property=\"product:availability\" content=\"instock\" \/>\n<meta property=\"product:retailer_item_id\" content=\"JAB00000001\" \/>\n<meta property=\"product:condition\" content=\"new\" \/>\n<!-- \/ Yoast SEO Premium plugin. -->","yoast_head_json":{"title":"Regulador de presi\u00f3n Jabsco: protege el sistema hidr\u00e1ulico a bordo","description":"Descubre el regulador de presi\u00f3n Jabsco 44411-1045, ideal para proteger el sistema de agua a bordo. Reduce la presi\u00f3n a 3.1 bar. \u00a1Compra ahora!","robots":{"index":"index","follow":"follow","max-snippet":"max-snippet:-1","max-image-preview":"max-image-preview:large","max-video-preview":"max-video-preview:-1"},"canonical":"https:\/\/technofluid.it\/es\/producto\/regulador-de-presion-codigo-44411-1045-0392904030-jabsco\/","og_locale":"es_ES","og_type":"article","og_title":"Regolatore di pressione &ndash; codice: 44411-1045 (0392904030) &ndash; Jabsco","og_description":"Scopri il regolatore pressione Jabsco 44411-1045, ideale per proteggere l'impianto idrico di bordo. Riduce la pressione a 3.1 bar. Acquista ora!","og_url":"https:\/\/technofluid.it\/es\/producto\/regulador-de-presion-codigo-44411-1045-0392904030-jabsco\/","og_site_name":"Technofluid","article_modified_time":"2026-04-15T07:00:36+00:00","og_image":[{"width":491,"height":491,"url":"https:\/\/technofluid.it\/wp-content\/uploads\/2026\/01\/403-Regolatore-di-pressione-codice-44411-1045-0392904030-Jabsco.jpg","type":"image\/jpeg"}],"twitter_card":"summary_large_image","twitter_misc":{"Precio":"45,90&nbsp;&euro; Iva esclusa","Disponibilidad":"Disponible"},"schema":{"@context":"https:\/\/schema.org","@graph":[{"@type":"WebPage","@id":"https:\/\/technofluid.it\/prodotto\/regolatore-di-pressione-codice-44411-1045-0392904030-jabsco\/","url":"https:\/\/technofluid.it\/prodotto\/regolatore-di-pressione-codice-44411-1045-0392904030-jabsco\/","name":"Regulador de presi\u00f3n Jabsco: protege el sistema hidr\u00e1ulico a bordo","isPartOf":{"@id":"https:\/\/technofluid.it\/#website"},"primaryImageOfPage":{"@id":"https:\/\/technofluid.it\/prodotto\/regolatore-di-pressione-codice-44411-1045-0392904030-jabsco\/#primaryimage"},"image":{"@id":"https:\/\/technofluid.it\/prodotto\/regolatore-di-pressione-codice-44411-1045-0392904030-jabsco\/#primaryimage"},"thumbnailUrl":"https:\/\/technofluid.it\/wp-content\/uploads\/2026\/01\/403-Regolatore-di-pressione-codice-44411-1045-0392904030-Jabsco.jpg","datePublished":"2025-10-25T00:03:59+00:00","dateModified":"2026-04-15T07:00:36+00:00","description":"Descubre el regulador de presi\u00f3n Jabsco 44411-1045, ideal para proteger el sistema de agua a bordo. Reduce la presi\u00f3n a 3.1 bar. \u00a1Compra ahora!","breadcrumb":{"@id":"https:\/\/technofluid.it\/prodotto\/regolatore-di-pressione-codice-44411-1045-0392904030-jabsco\/#breadcrumb"},"inLanguage":"es","potentialAction":[{"@type":"ReadAction","target":["https:\/\/technofluid.it\/prodotto\/regolatore-di-pressione-codice-44411-1045-0392904030-jabsco\/"]}]},{"@type":"ImageObject","inLanguage":"es","@id":"https:\/\/technofluid.it\/prodotto\/regolatore-di-pressione-codice-44411-1045-0392904030-jabsco\/#primaryimage","url":"https:\/\/technofluid.it\/wp-content\/uploads\/2026\/01\/403-Regolatore-di-pressione-codice-44411-1045-0392904030-Jabsco.jpg","contentUrl":"https:\/\/technofluid.it\/wp-content\/uploads\/2026\/01\/403-Regolatore-di-pressione-codice-44411-1045-0392904030-Jabsco.jpg","width":491,"height":491,"caption":"Regolatore di pressione Jabsco, codice 44411-1045, ideale per sistemi idraulici e applicazioni marine."},{"@type":"BreadcrumbList","@id":"https:\/\/technofluid.it\/prodotto\/regolatore-di-pressione-codice-44411-1045-0392904030-jabsco\/#breadcrumb","itemListElement":[{"@type":"ListItem","position":1,"name":"Home","item":"https:\/\/technofluid.it\/"},{"@type":"ListItem","position":2,"name":"Shop","item":"https:\/\/technofluid.it\/shop\/"},{"@type":"ListItem","position":3,"name":"Regolatore di pressione &ndash; codice: 44411-1045 (0392904030) &ndash; Jabsco"}]},{"@type":"WebSite","@id":"https:\/\/technofluid.it\/#website","url":"https:\/\/technofluid.it\/","name":"Technofluid S.R.L.","description":"Desde 1999 estamos especializados en instalaciones navales, hidr\u00e1ulicas, civiles e industriales","publisher":{"@id":"https:\/\/technofluid.it\/#organization"},"potentialAction":[{"@type":"SearchAction","target":{"@type":"EntryPoint","urlTemplate":"https:\/\/technofluid.it\/?s={search_term_string}"},"query-input":{"@type":"PropertyValueSpecification","valueRequired":true,"valueName":"search_term_string"}}],"inLanguage":"es"},{"@type":"Organization","@id":"https:\/\/technofluid.it\/#organization","name":"Technofluid","url":"https:\/\/technofluid.it\/","logo":{"@type":"ImageObject","inLanguage":"es","@id":"https:\/\/technofluid.it\/#\/schema\/logo\/image\/","url":"https:\/\/technofluid.it\/wp-content\/uploads\/2025\/12\/technofluid_bianco-logo.webp","contentUrl":"https:\/\/technofluid.it\/wp-content\/uploads\/2025\/12\/technofluid_bianco-logo.webp","width":350,"height":116,"caption":"Technofluid"},"image":{"@id":"https:\/\/technofluid.it\/#\/schema\/logo\/image\/"},"description":"Technofluid S.r.l. nace en 1999 en Barcellona Pozzo di Gotto, en la provincia de Messina, con el objetivo de convertirse en un punto de referencia en el sector de la ingenier\u00eda naval, hidr\u00e1ulica, civil e industrial.","email":"info@technofluid.it","telephone":"0907386877","legalName":"Technofluid S.R.L","vatID":"IT03148240835","taxID":"03148240835","ownershipFundingInfo":"https:\/\/technofluid.it\/azienda\/"}]},"product_price_amount":"45.90","product_price_currency":"EUR","og_availability":"instock","product_availability":"instock","product_retailer_item_id":"JAB00000001","product_condition":"new"},"_links":{"self":[{"href":"https:\/\/technofluid.it\/es\/wp-json\/wp\/v2\/product\/30972","targetHints":{"allow":["GET"]}}],"collection":[{"href":"https:\/\/technofluid.it\/es\/wp-json\/wp\/v2\/product"}],"about":[{"href":"https:\/\/technofluid.it\/es\/wp-json\/wp\/v2\/types\/product"}],"replies":[{"embeddable":true,"href":"https:\/\/technofluid.it\/es\/wp-json\/wp\/v2\/comments?post=30972"}],"version-history":[{"count":0,"href":"https:\/\/technofluid.it\/es\/wp-json\/wp\/v2\/product\/30972\/revisions"}],"wp:featuredmedia":[{"embeddable":true,"href":"https:\/\/technofluid.it\/es\/wp-json\/wp\/v2\/media\/41261"}],"wp:attachment":[{"href":"https:\/\/technofluid.it\/es\/wp-json\/wp\/v2\/media?parent=30972"}],"wp:term":[{"taxonomy":"product_brand","embeddable":true,"href":"https:\/\/technofluid.it\/es\/wp-json\/wp\/v2\/product_brand?post=30972"},{"taxonomy":"product_cat","embeddable":true,"href":"https:\/\/technofluid.it\/es\/wp-json\/wp\/v2\/product_cat?post=30972"},{"taxonomy":"product_tag","embeddable":true,"href":"https:\/\/technofluid.it\/es\/wp-json\/wp\/v2\/product_tag?post=30972"}],"curies":[{"name":"wp","href":"https:\/\/api.w.org\/{rel}","templated":true}]}}