{"id":30808,"date":"2025-10-25T00:03:35","date_gmt":"2025-10-25T00:03:35","guid":{"rendered":"https:\/\/technofluid.it\/prodotto\/portagomma-in-barra-esagonale-m-11-2x50-in-ottone-anticorrosione-cr-codice-7156h50t-maestrini\/"},"modified":"2026-01-16T13:57:10","modified_gmt":"2026-01-16T13:57:10","slug":"portagomma-in-barra-esagonale-m-112x50-in-ottone-anticorrosione-cr-codice-7156h50t-maestrini","status":"publish","type":"product","link":"https:\/\/technofluid.it\/es\/producto\/portagoma-en-barra-hexagonal-m-112x50-en-laton-anticorrosion-cr-codigo-7156h50t-maestrini\/","title":{"rendered":"Portamanguera en barra hexagonal M 1\"1\/2\u00d750 en lat\u00f3n anticorrosi\u00f3n \u2013 CR \u2013 c\u00f3digo: 7156H*50T \u2013 Maestrini"},"content":{"rendered":"<p>Portamanguera en barra hexagonal M 1\"1\/2\u00d750 en lat\u00f3n anticorrosi\u00f3n \u2013 CR \u2013 c\u00f3digo: 7156H*50T \u2013 Maestrini<\/p>","protected":false},"excerpt":{"rendered":"<p>PORTAGOMMA IN BARRA ESAGONALE M 1&#8243;1\/2&#215;50 IN OTTONE ANTICORROSIONE &#8211; CR &#8211; CODICE: 7156H*50T &#8211; MAESTRINI<\/p>","protected":false},"featured_media":40877,"comment_status":"open","ping_status":"closed","template":"","meta":{"_acf_changed":false,"_monsterinsights_skip_tracking":false,"_monsterinsights_sitenote_active":false,"_monsterinsights_sitenote_note":"","_monsterinsights_sitenote_category":0,"site-sidebar-layout":"default","site-content-layout":"","ast-site-content-layout":"default","site-content-style":"default","site-sidebar-style":"default","ast-global-header-display":"","ast-banner-title-visibility":"","ast-main-header-display":"","ast-hfb-above-header-display":"","ast-hfb-below-header-display":"","ast-hfb-mobile-header-display":"","site-post-title":"","ast-breadcrumbs-content":"","ast-featured-img":"","footer-sml-layout":"","ast-disable-related-posts":"","theme-transparent-header-meta":"","adv-header-id-meta":"","stick-header-meta":"","header-above-stick-meta":"","header-main-stick-meta":"","header-below-stick-meta":"","astra-migrate-meta-layouts":"default","ast-page-background-enabled":"default","ast-page-background-meta":{"desktop":{"background-color":"var(--ast-global-color-5)","background-image":"","background-repeat":"repeat","background-position":"center center","background-size":"auto","background-attachment":"scroll","background-type":"","background-media":"","overlay-type":"","overlay-color":"","overlay-opacity":"","overlay-gradient":""},"tablet":{"background-color":"","background-image":"","background-repeat":"repeat","background-position":"center center","background-size":"auto","background-attachment":"scroll","background-type":"","background-media":"","overlay-type":"","overlay-color":"","overlay-opacity":"","overlay-gradient":""},"mobile":{"background-color":"","background-image":"","background-repeat":"repeat","background-position":"center center","background-size":"auto","background-attachment":"scroll","background-type":"","background-media":"","overlay-type":"","overlay-color":"","overlay-opacity":"","overlay-gradient":""}},"ast-content-background-meta":{"desktop":{"background-color":"var(--ast-global-color-4)","background-image":"","background-repeat":"repeat","background-position":"center center","background-size":"auto","background-attachment":"scroll","background-type":"","background-media":"","overlay-type":"","overlay-color":"","overlay-opacity":"","overlay-gradient":""},"tablet":{"background-color":"var(--ast-global-color-4)","background-image":"","background-repeat":"repeat","background-position":"center center","background-size":"auto","background-attachment":"scroll","background-type":"","background-media":"","overlay-type":"","overlay-color":"","overlay-opacity":"","overlay-gradient":""},"mobile":{"background-color":"var(--ast-global-color-4)","background-image":"","background-repeat":"repeat","background-position":"center center","background-size":"auto","background-attachment":"scroll","background-type":"","background-media":"","overlay-type":"","overlay-color":"","overlay-opacity":"","overlay-gradient":""}}},"product_brand":[],"product_cat":[84,93],"product_tag":[6965,6966,6962],"class_list":{"0":"post-30808","1":"product","2":"type-product","3":"status-publish","4":"has-post-thumbnail","6":"product_cat-idraulica-e-ferramenta","7":"product_cat-idraulica-e-raccordi","8":"product_tag-7156h50t","9":"product_tag-m-11-2x50-in-ottone","10":"product_tag-portagomma-in-barra-esagonale-m","11":"pa_supplier-maestrini-s-r-l-societa-unipersonale","12":"desktop-align-left","13":"tablet-align-left","14":"mobile-align-left","16":"first","17":"instock","18":"taxable","19":"shipping-taxable","20":"purchasable","21":"product-type-simple"},"acf":[],"yoast_head":"<!-- This site is optimized with the Yoast SEO Premium plugin v26.7 (Yoast SEO v26.9) - https:\/\/yoast.com\/product\/yoast-seo-premium-wordpress\/ -->\n<title>Portagomma Ottone Anticorrosione M 1&quot;1\/2x50 - Maestrini<\/title>\n<meta name=\"description\" content=\"Scopri il portagomma in ottone anticorrosione M 1&quot;1\/2x50, resistente e di qualit\u00e0. Acquista ora da Maestrini con codice 7156H*50T!\" \/>\n<meta name=\"robots\" content=\"index, follow, max-snippet:-1, max-image-preview:large, max-video-preview:-1\" \/>\n<link rel=\"canonical\" href=\"https:\/\/technofluid.it\/es\/producto\/portagoma-en-barra-hexagonal-m-112x50-en-laton-anticorrosion-cr-codigo-7156h50t-maestrini\/\" \/>\n<meta property=\"og:locale\" content=\"es_ES\" \/>\n<meta property=\"og:type\" content=\"article\" \/>\n<meta property=\"og:title\" content=\"Portagomma in barra esagonale M 1&quot;1\/2x50 in ottone anticorrosione &ndash; CR &ndash; codice: 7156H*50T &ndash; Maestrini\" \/>\n<meta property=\"og:description\" content=\"Scopri il portagomma in ottone anticorrosione M 1&quot;1\/2x50, resistente e di qualit\u00e0. Acquista ora da Maestrini con codice 7156H*50T!\" \/>\n<meta property=\"og:url\" content=\"https:\/\/technofluid.it\/es\/producto\/portagoma-en-barra-hexagonal-m-112x50-en-laton-anticorrosion-cr-codigo-7156h50t-maestrini\/\" \/>\n<meta property=\"og:site_name\" content=\"Technofluid\" \/>\n<meta property=\"article:modified_time\" content=\"2026-01-16T13:57:10+00:00\" \/>\n<meta property=\"og:image\" content=\"https:\/\/technofluid.it\/wp-content\/uploads\/2026\/01\/4479-Portagomma-in-barra-esagonale-M-112x50-in-ottone-anticorrosione-CR-codice-7156H50T-Maestrini.jpg\" \/>\n\t<meta property=\"og:image:width\" content=\"300\" \/>\n\t<meta property=\"og:image:height\" content=\"300\" \/>\n\t<meta property=\"og:image:type\" content=\"image\/jpeg\" \/>\n<meta name=\"twitter:card\" content=\"summary_large_image\" \/>\n<meta name=\"twitter:label1\" content=\"Precio\" \/>\n\t<meta name=\"twitter:data1\" content=\"23,01&nbsp;&euro; Iva esclusa\" \/>\n\t<meta name=\"twitter:label2\" content=\"Disponibilidad\" \/>\n\t<meta name=\"twitter:data2\" content=\"Disponible\" \/>\n<script type=\"application\/ld+json\" class=\"yoast-schema-graph\">{\"@context\":\"https:\/\/schema.org\",\"@graph\":[{\"@type\":\"WebPage\",\"@id\":\"https:\/\/technofluid.it\/prodotto\/portagomma-in-barra-esagonale-m-112x50-in-ottone-anticorrosione-cr-codice-7156h50t-maestrini\/\",\"url\":\"https:\/\/technofluid.it\/prodotto\/portagomma-in-barra-esagonale-m-112x50-in-ottone-anticorrosione-cr-codice-7156h50t-maestrini\/\",\"name\":\"Portagomma Ottone Anticorrosione M 1\\\"1\/2x50 - Maestrini\",\"isPartOf\":{\"@id\":\"https:\/\/technofluid.it\/#website\"},\"primaryImageOfPage\":{\"@id\":\"https:\/\/technofluid.it\/prodotto\/portagomma-in-barra-esagonale-m-112x50-in-ottone-anticorrosione-cr-codice-7156h50t-maestrini\/#primaryimage\"},\"image\":{\"@id\":\"https:\/\/technofluid.it\/prodotto\/portagomma-in-barra-esagonale-m-112x50-in-ottone-anticorrosione-cr-codice-7156h50t-maestrini\/#primaryimage\"},\"thumbnailUrl\":\"https:\/\/technofluid.it\/wp-content\/uploads\/2026\/01\/4479-Portagomma-in-barra-esagonale-M-112x50-in-ottone-anticorrosione-CR-codice-7156H50T-Maestrini.jpg\",\"datePublished\":\"2025-10-25T00:03:35+00:00\",\"dateModified\":\"2026-01-16T13:57:10+00:00\",\"description\":\"Scopri il portagomma in ottone anticorrosione M 1\\\"1\/2x50, resistente e di qualit\u00e0. Acquista ora da Maestrini con codice 7156H*50T!\",\"breadcrumb\":{\"@id\":\"https:\/\/technofluid.it\/prodotto\/portagomma-in-barra-esagonale-m-112x50-in-ottone-anticorrosione-cr-codice-7156h50t-maestrini\/#breadcrumb\"},\"inLanguage\":\"es\",\"potentialAction\":[{\"@type\":\"ReadAction\",\"target\":[\"https:\/\/technofluid.it\/prodotto\/portagomma-in-barra-esagonale-m-112x50-in-ottone-anticorrosione-cr-codice-7156h50t-maestrini\/\"]}]},{\"@type\":\"ImageObject\",\"inLanguage\":\"es\",\"@id\":\"https:\/\/technofluid.it\/prodotto\/portagomma-in-barra-esagonale-m-112x50-in-ottone-anticorrosione-cr-codice-7156h50t-maestrini\/#primaryimage\",\"url\":\"https:\/\/technofluid.it\/wp-content\/uploads\/2026\/01\/4479-Portagomma-in-barra-esagonale-M-112x50-in-ottone-anticorrosione-CR-codice-7156H50T-Maestrini.jpg\",\"contentUrl\":\"https:\/\/technofluid.it\/wp-content\/uploads\/2026\/01\/4479-Portagomma-in-barra-esagonale-M-112x50-in-ottone-anticorrosione-CR-codice-7156H50T-Maestrini.jpg\",\"width\":300,\"height\":300,\"caption\":\"Portagomma in ottone esagonale M 1\\\"1\/2x50, per collegamenti resistenti e duraturi in impianti idraulici.\"},{\"@type\":\"BreadcrumbList\",\"@id\":\"https:\/\/technofluid.it\/prodotto\/portagomma-in-barra-esagonale-m-112x50-in-ottone-anticorrosione-cr-codice-7156h50t-maestrini\/#breadcrumb\",\"itemListElement\":[{\"@type\":\"ListItem\",\"position\":1,\"name\":\"Home\",\"item\":\"https:\/\/technofluid.it\/\"},{\"@type\":\"ListItem\",\"position\":2,\"name\":\"Shop\",\"item\":\"https:\/\/technofluid.it\/shop\/\"},{\"@type\":\"ListItem\",\"position\":3,\"name\":\"Portagomma in barra esagonale M 1&quot;1\/2&#215;50 in ottone anticorrosione &ndash; CR &ndash; codice: 7156H*50T &ndash; Maestrini\"}]},{\"@type\":\"WebSite\",\"@id\":\"https:\/\/technofluid.it\/#website\",\"url\":\"https:\/\/technofluid.it\/\",\"name\":\"Technofluid S.R.L.\",\"description\":\"Dal 1999 siamo specializzati nell&#039;impiantistica navale, idraulica, civile e industriale\",\"publisher\":{\"@id\":\"https:\/\/technofluid.it\/#organization\"},\"potentialAction\":[{\"@type\":\"SearchAction\",\"target\":{\"@type\":\"EntryPoint\",\"urlTemplate\":\"https:\/\/technofluid.it\/?s={search_term_string}\"},\"query-input\":{\"@type\":\"PropertyValueSpecification\",\"valueRequired\":true,\"valueName\":\"search_term_string\"}}],\"inLanguage\":\"es\"},{\"@type\":\"Organization\",\"@id\":\"https:\/\/technofluid.it\/#organization\",\"name\":\"Technofluid\",\"url\":\"https:\/\/technofluid.it\/\",\"logo\":{\"@type\":\"ImageObject\",\"inLanguage\":\"es\",\"@id\":\"https:\/\/technofluid.it\/#\/schema\/logo\/image\/\",\"url\":\"https:\/\/technofluid.it\/wp-content\/uploads\/2025\/12\/technofluid_bianco-logo.webp\",\"contentUrl\":\"https:\/\/technofluid.it\/wp-content\/uploads\/2025\/12\/technofluid_bianco-logo.webp\",\"width\":350,\"height\":116,\"caption\":\"Technofluid\"},\"image\":{\"@id\":\"https:\/\/technofluid.it\/#\/schema\/logo\/image\/\"},\"description\":\"La Technofluid S.r.l. nasce nel 1999 a Barcellona Pozzo di Gotto, in provincia di Messina, con l\u2019obiettivo di diventare un punto di riferimento nel settore dell\u2019impiantistica navale, idraulica, civile e industriale.\",\"email\":\"info@technofluid.it\",\"telephone\":\"0907386877\",\"legalName\":\"Technofluid S.R.L\",\"vatID\":\"IT03148240835\",\"taxID\":\"03148240835\",\"ownershipFundingInfo\":\"https:\/\/technofluid.it\/azienda\/\"}]}<\/script>\n<meta property=\"product:price:amount\" content=\"23.01\" \/>\n<meta property=\"product:price:currency\" content=\"EUR\" \/>\n<meta property=\"og:availability\" content=\"instock\" \/>\n<meta property=\"product:availability\" content=\"instock\" \/>\n<meta property=\"product:retailer_item_id\" content=\"MAES000000221\" \/>\n<meta property=\"product:condition\" content=\"new\" \/>\n<!-- \/ Yoast SEO Premium plugin. -->","yoast_head_json":{"title":"Portagoma Lat\u00f3n Anticorrosi\u00f3n M 1\"1\/2x50 - Maestrini","description":"Descubre el portamanguera de lat\u00f3n anticorrosi\u00f3n M 1\"1\/2x50, resistente y de calidad. \u00a1Compra ahora en Maestrini con el c\u00f3digo 7156H*50T!","robots":{"index":"index","follow":"follow","max-snippet":"max-snippet:-1","max-image-preview":"max-image-preview:large","max-video-preview":"max-video-preview:-1"},"canonical":"https:\/\/technofluid.it\/es\/producto\/portagoma-en-barra-hexagonal-m-112x50-en-laton-anticorrosion-cr-codigo-7156h50t-maestrini\/","og_locale":"es_ES","og_type":"article","og_title":"Portagomma in barra esagonale M 1&quot;1\/2x50 in ottone anticorrosione &ndash; CR &ndash; codice: 7156H*50T &ndash; Maestrini","og_description":"Scopri il portagomma in ottone anticorrosione M 1\"1\/2x50, resistente e di qualit\u00e0. Acquista ora da Maestrini con codice 7156H*50T!","og_url":"https:\/\/technofluid.it\/es\/producto\/portagoma-en-barra-hexagonal-m-112x50-en-laton-anticorrosion-cr-codigo-7156h50t-maestrini\/","og_site_name":"Technofluid","article_modified_time":"2026-01-16T13:57:10+00:00","og_image":[{"width":300,"height":300,"url":"https:\/\/technofluid.it\/wp-content\/uploads\/2026\/01\/4479-Portagomma-in-barra-esagonale-M-112x50-in-ottone-anticorrosione-CR-codice-7156H50T-Maestrini.jpg","type":"image\/jpeg"}],"twitter_card":"summary_large_image","twitter_misc":{"Precio":"23,01&nbsp;&euro; Iva esclusa","Disponibilidad":"Disponible"},"schema":{"@context":"https:\/\/schema.org","@graph":[{"@type":"WebPage","@id":"https:\/\/technofluid.it\/prodotto\/portagomma-in-barra-esagonale-m-112x50-in-ottone-anticorrosione-cr-codice-7156h50t-maestrini\/","url":"https:\/\/technofluid.it\/prodotto\/portagomma-in-barra-esagonale-m-112x50-in-ottone-anticorrosione-cr-codice-7156h50t-maestrini\/","name":"Portagoma Lat\u00f3n Anticorrosi\u00f3n M 1\"1\/2x50 - Maestrini","isPartOf":{"@id":"https:\/\/technofluid.it\/#website"},"primaryImageOfPage":{"@id":"https:\/\/technofluid.it\/prodotto\/portagomma-in-barra-esagonale-m-112x50-in-ottone-anticorrosione-cr-codice-7156h50t-maestrini\/#primaryimage"},"image":{"@id":"https:\/\/technofluid.it\/prodotto\/portagomma-in-barra-esagonale-m-112x50-in-ottone-anticorrosione-cr-codice-7156h50t-maestrini\/#primaryimage"},"thumbnailUrl":"https:\/\/technofluid.it\/wp-content\/uploads\/2026\/01\/4479-Portagomma-in-barra-esagonale-M-112x50-in-ottone-anticorrosione-CR-codice-7156H50T-Maestrini.jpg","datePublished":"2025-10-25T00:03:35+00:00","dateModified":"2026-01-16T13:57:10+00:00","description":"Descubre el portamanguera de lat\u00f3n anticorrosi\u00f3n M 1\"1\/2x50, resistente y de calidad. \u00a1Compra ahora en Maestrini con el c\u00f3digo 7156H*50T!","breadcrumb":{"@id":"https:\/\/technofluid.it\/prodotto\/portagomma-in-barra-esagonale-m-112x50-in-ottone-anticorrosione-cr-codice-7156h50t-maestrini\/#breadcrumb"},"inLanguage":"es","potentialAction":[{"@type":"ReadAction","target":["https:\/\/technofluid.it\/prodotto\/portagomma-in-barra-esagonale-m-112x50-in-ottone-anticorrosione-cr-codice-7156h50t-maestrini\/"]}]},{"@type":"ImageObject","inLanguage":"es","@id":"https:\/\/technofluid.it\/prodotto\/portagomma-in-barra-esagonale-m-112x50-in-ottone-anticorrosione-cr-codice-7156h50t-maestrini\/#primaryimage","url":"https:\/\/technofluid.it\/wp-content\/uploads\/2026\/01\/4479-Portagomma-in-barra-esagonale-M-112x50-in-ottone-anticorrosione-CR-codice-7156H50T-Maestrini.jpg","contentUrl":"https:\/\/technofluid.it\/wp-content\/uploads\/2026\/01\/4479-Portagomma-in-barra-esagonale-M-112x50-in-ottone-anticorrosione-CR-codice-7156H50T-Maestrini.jpg","width":300,"height":300,"caption":"Portagomma in ottone esagonale M 1\"1\/2x50, per collegamenti resistenti e duraturi in impianti idraulici."},{"@type":"BreadcrumbList","@id":"https:\/\/technofluid.it\/prodotto\/portagomma-in-barra-esagonale-m-112x50-in-ottone-anticorrosione-cr-codice-7156h50t-maestrini\/#breadcrumb","itemListElement":[{"@type":"ListItem","position":1,"name":"Home","item":"https:\/\/technofluid.it\/"},{"@type":"ListItem","position":2,"name":"Shop","item":"https:\/\/technofluid.it\/shop\/"},{"@type":"ListItem","position":3,"name":"Portagomma in barra esagonale M 1&quot;1\/2&#215;50 in ottone anticorrosione &ndash; CR &ndash; codice: 7156H*50T &ndash; Maestrini"}]},{"@type":"WebSite","@id":"https:\/\/technofluid.it\/#website","url":"https:\/\/technofluid.it\/","name":"Technofluid S.R.L.","description":"Desde 1999 estamos especializados en instalaciones navales, hidr\u00e1ulicas, civiles e industriales","publisher":{"@id":"https:\/\/technofluid.it\/#organization"},"potentialAction":[{"@type":"SearchAction","target":{"@type":"EntryPoint","urlTemplate":"https:\/\/technofluid.it\/?s={search_term_string}"},"query-input":{"@type":"PropertyValueSpecification","valueRequired":true,"valueName":"search_term_string"}}],"inLanguage":"es"},{"@type":"Organization","@id":"https:\/\/technofluid.it\/#organization","name":"Technofluid","url":"https:\/\/technofluid.it\/","logo":{"@type":"ImageObject","inLanguage":"es","@id":"https:\/\/technofluid.it\/#\/schema\/logo\/image\/","url":"https:\/\/technofluid.it\/wp-content\/uploads\/2025\/12\/technofluid_bianco-logo.webp","contentUrl":"https:\/\/technofluid.it\/wp-content\/uploads\/2025\/12\/technofluid_bianco-logo.webp","width":350,"height":116,"caption":"Technofluid"},"image":{"@id":"https:\/\/technofluid.it\/#\/schema\/logo\/image\/"},"description":"Technofluid S.r.l. nace en 1999 en Barcellona Pozzo di Gotto, en la provincia de Messina, con el objetivo de convertirse en un punto de referencia en el sector de la ingenier\u00eda naval, hidr\u00e1ulica, civil e industrial.","email":"info@technofluid.it","telephone":"0907386877","legalName":"Technofluid S.R.L","vatID":"IT03148240835","taxID":"03148240835","ownershipFundingInfo":"https:\/\/technofluid.it\/azienda\/"}]},"product_price_amount":"23.01","product_price_currency":"EUR","og_availability":"instock","product_availability":"instock","product_retailer_item_id":"MAES000000221","product_condition":"new"},"_links":{"self":[{"href":"https:\/\/technofluid.it\/es\/wp-json\/wp\/v2\/product\/30808","targetHints":{"allow":["GET"]}}],"collection":[{"href":"https:\/\/technofluid.it\/es\/wp-json\/wp\/v2\/product"}],"about":[{"href":"https:\/\/technofluid.it\/es\/wp-json\/wp\/v2\/types\/product"}],"replies":[{"embeddable":true,"href":"https:\/\/technofluid.it\/es\/wp-json\/wp\/v2\/comments?post=30808"}],"version-history":[{"count":0,"href":"https:\/\/technofluid.it\/es\/wp-json\/wp\/v2\/product\/30808\/revisions"}],"wp:featuredmedia":[{"embeddable":true,"href":"https:\/\/technofluid.it\/es\/wp-json\/wp\/v2\/media\/40877"}],"wp:attachment":[{"href":"https:\/\/technofluid.it\/es\/wp-json\/wp\/v2\/media?parent=30808"}],"wp:term":[{"taxonomy":"product_brand","embeddable":true,"href":"https:\/\/technofluid.it\/es\/wp-json\/wp\/v2\/product_brand?post=30808"},{"taxonomy":"product_cat","embeddable":true,"href":"https:\/\/technofluid.it\/es\/wp-json\/wp\/v2\/product_cat?post=30808"},{"taxonomy":"product_tag","embeddable":true,"href":"https:\/\/technofluid.it\/es\/wp-json\/wp\/v2\/product_tag?post=30808"}],"curies":[{"name":"wp","href":"https:\/\/api.w.org\/{rel}","templated":true}]}}