{"id":30712,"date":"2025-10-25T00:03:24","date_gmt":"2025-10-25T00:03:24","guid":{"rendered":"https:\/\/technofluid.it\/prodotto\/pompa-a-piede-codice-p17494-forniture-nautiche-italiane\/"},"modified":"2026-01-21T20:24:44","modified_gmt":"2026-01-21T20:24:44","slug":"pompa-a-piede-codice-p17494-forniture-nautiche-italiane","status":"publish","type":"product","link":"https:\/\/technofluid.it\/es\/producto\/bomba-de-pie-codigo-p17494-suministros-nauticos-italianos\/","title":{"rendered":"Bomba de pie \u2013 c\u00f3digo: P17494 \u2013 Suministros N\u00e1uticos Italianos"},"content":{"rendered":"<p>Bomba de pie \u2013 c\u00f3digo: P17494 \u2013 Suministros N\u00e1uticos Italianos<\/p>","protected":false},"excerpt":{"rendered":"<p>Bomba de pedal de doble efecto para fregaderos y duchas, cuerpo de derlin, muelles de acero inoxidable, autocebante, portamangueras ajustables.<\/p>","protected":false},"featured_media":40605,"comment_status":"open","ping_status":"closed","template":"","meta":{"_acf_changed":false,"_monsterinsights_skip_tracking":false,"_monsterinsights_sitenote_active":false,"_monsterinsights_sitenote_note":"","_monsterinsights_sitenote_category":0,"site-sidebar-layout":"default","site-content-layout":"","ast-site-content-layout":"default","site-content-style":"default","site-sidebar-style":"default","ast-global-header-display":"","ast-banner-title-visibility":"","ast-main-header-display":"","ast-hfb-above-header-display":"","ast-hfb-below-header-display":"","ast-hfb-mobile-header-display":"","site-post-title":"","ast-breadcrumbs-content":"","ast-featured-img":"","footer-sml-layout":"","ast-disable-related-posts":"","theme-transparent-header-meta":"","adv-header-id-meta":"","stick-header-meta":"","header-above-stick-meta":"","header-main-stick-meta":"","header-below-stick-meta":"","astra-migrate-meta-layouts":"default","ast-page-background-enabled":"default","ast-page-background-meta":{"desktop":{"background-color":"var(--ast-global-color-5)","background-image":"","background-repeat":"repeat","background-position":"center center","background-size":"auto","background-attachment":"scroll","background-type":"","background-media":"","overlay-type":"","overlay-color":"","overlay-opacity":"","overlay-gradient":""},"tablet":{"background-color":"","background-image":"","background-repeat":"repeat","background-position":"center center","background-size":"auto","background-attachment":"scroll","background-type":"","background-media":"","overlay-type":"","overlay-color":"","overlay-opacity":"","overlay-gradient":""},"mobile":{"background-color":"","background-image":"","background-repeat":"repeat","background-position":"center center","background-size":"auto","background-attachment":"scroll","background-type":"","background-media":"","overlay-type":"","overlay-color":"","overlay-opacity":"","overlay-gradient":""}},"ast-content-background-meta":{"desktop":{"background-color":"var(--ast-global-color-4)","background-image":"","background-repeat":"repeat","background-position":"center center","background-size":"auto","background-attachment":"scroll","background-type":"","background-media":"","overlay-type":"","overlay-color":"","overlay-opacity":"","overlay-gradient":""},"tablet":{"background-color":"var(--ast-global-color-4)","background-image":"","background-repeat":"repeat","background-position":"center center","background-size":"auto","background-attachment":"scroll","background-type":"","background-media":"","overlay-type":"","overlay-color":"","overlay-opacity":"","overlay-gradient":""},"mobile":{"background-color":"var(--ast-global-color-4)","background-image":"","background-repeat":"repeat","background-position":"center center","background-size":"auto","background-attachment":"scroll","background-type":"","background-media":"","overlay-type":"","overlay-color":"","overlay-opacity":"","overlay-gradient":""}}},"product_brand":[],"product_cat":[84,85,930],"product_tag":[6727,4709],"class_list":{"0":"post-30712","1":"product","2":"type-product","3":"status-publish","4":"has-post-thumbnail","6":"product_cat-idraulica-e-ferramenta","7":"product_cat-pompe","8":"product_cat-pompe-a-mano","9":"product_tag-a-pedale","10":"product_tag-pompa","11":"pa_supplier-forniture-nautiche-italiane-srl","12":"desktop-align-left","13":"tablet-align-left","14":"mobile-align-left","16":"first","17":"instock","18":"taxable","19":"shipping-taxable","20":"purchasable","21":"product-type-simple"},"acf":[],"yoast_head":"<!-- This site is optimized with the Yoast SEO Premium plugin v26.7 (Yoast SEO v26.9) - https:\/\/yoast.com\/product\/yoast-seo-premium-wordpress\/ -->\n<title>Pompa a piede P17494 - Forniture Nautiche Italiane<\/title>\n<meta name=\"description\" content=\"Scopri la pompa a piede codice P17494 per le tue esigenze nautiche. Acquista ora da Forniture Nautiche Italiane!\" \/>\n<meta name=\"robots\" content=\"index, follow, max-snippet:-1, max-image-preview:large, max-video-preview:-1\" \/>\n<link rel=\"canonical\" href=\"https:\/\/technofluid.it\/es\/producto\/bomba-de-pie-codigo-p17494-suministros-nauticos-italianos\/\" \/>\n<meta property=\"og:locale\" content=\"es_ES\" \/>\n<meta property=\"og:type\" content=\"article\" \/>\n<meta property=\"og:title\" content=\"Pompa a piede &ndash; codice: P17494 &ndash; Forniture Nautiche Italiane\" \/>\n<meta property=\"og:description\" content=\"Scopri la pompa a piede codice P17494 per le tue esigenze nautiche. Acquista ora da Forniture Nautiche Italiane!\" \/>\n<meta property=\"og:url\" content=\"https:\/\/technofluid.it\/es\/producto\/bomba-de-pie-codigo-p17494-suministros-nauticos-italianos\/\" \/>\n<meta property=\"og:site_name\" content=\"Technofluid\" \/>\n<meta property=\"article:modified_time\" content=\"2026-01-21T20:24:44+00:00\" \/>\n<meta property=\"og:image\" content=\"https:\/\/technofluid.it\/wp-content\/uploads\/2026\/01\/1643-Pompa-a-piede-codice-P17494-Forniture-Nautiche-Italiane.jpg\" \/>\n\t<meta property=\"og:image:width\" content=\"540\" \/>\n\t<meta property=\"og:image:height\" content=\"540\" \/>\n\t<meta property=\"og:image:type\" content=\"image\/jpeg\" \/>\n<meta name=\"twitter:card\" content=\"summary_large_image\" \/>\n<meta name=\"twitter:label1\" content=\"Precio\" \/>\n\t<meta name=\"twitter:data1\" content=\"50,00&nbsp;&euro; Iva esclusa\" \/>\n\t<meta name=\"twitter:label2\" content=\"Disponibilidad\" \/>\n\t<meta name=\"twitter:data2\" content=\"Disponible\" \/>\n<script type=\"application\/ld+json\" class=\"yoast-schema-graph\">{\"@context\":\"https:\/\/schema.org\",\"@graph\":[{\"@type\":\"WebPage\",\"@id\":\"https:\/\/technofluid.it\/prodotto\/pompa-a-piede-codice-p17494-forniture-nautiche-italiane\/\",\"url\":\"https:\/\/technofluid.it\/prodotto\/pompa-a-piede-codice-p17494-forniture-nautiche-italiane\/\",\"name\":\"Pompa a piede P17494 - Forniture Nautiche Italiane\",\"isPartOf\":{\"@id\":\"https:\/\/technofluid.it\/#website\"},\"primaryImageOfPage\":{\"@id\":\"https:\/\/technofluid.it\/prodotto\/pompa-a-piede-codice-p17494-forniture-nautiche-italiane\/#primaryimage\"},\"image\":{\"@id\":\"https:\/\/technofluid.it\/prodotto\/pompa-a-piede-codice-p17494-forniture-nautiche-italiane\/#primaryimage\"},\"thumbnailUrl\":\"https:\/\/technofluid.it\/wp-content\/uploads\/2026\/01\/1643-Pompa-a-piede-codice-P17494-Forniture-Nautiche-Italiane.jpg\",\"datePublished\":\"2025-10-25T00:03:24+00:00\",\"dateModified\":\"2026-01-21T20:24:44+00:00\",\"description\":\"Scopri la pompa a piede codice P17494 per le tue esigenze nautiche. Acquista ora da Forniture Nautiche Italiane!\",\"breadcrumb\":{\"@id\":\"https:\/\/technofluid.it\/prodotto\/pompa-a-piede-codice-p17494-forniture-nautiche-italiane\/#breadcrumb\"},\"inLanguage\":\"es\",\"potentialAction\":[{\"@type\":\"ReadAction\",\"target\":[\"https:\/\/technofluid.it\/prodotto\/pompa-a-piede-codice-p17494-forniture-nautiche-italiane\/\"]}]},{\"@type\":\"ImageObject\",\"inLanguage\":\"es\",\"@id\":\"https:\/\/technofluid.it\/prodotto\/pompa-a-piede-codice-p17494-forniture-nautiche-italiane\/#primaryimage\",\"url\":\"https:\/\/technofluid.it\/wp-content\/uploads\/2026\/01\/1643-Pompa-a-piede-codice-P17494-Forniture-Nautiche-Italiane.jpg\",\"contentUrl\":\"https:\/\/technofluid.it\/wp-content\/uploads\/2026\/01\/1643-Pompa-a-piede-codice-P17494-Forniture-Nautiche-Italiane.jpg\",\"width\":540,\"height\":540,\"caption\":\"Pompa a piede bianca per uso nautico, perfetta per pompe di sentina e altri impieghi marini.\"},{\"@type\":\"BreadcrumbList\",\"@id\":\"https:\/\/technofluid.it\/prodotto\/pompa-a-piede-codice-p17494-forniture-nautiche-italiane\/#breadcrumb\",\"itemListElement\":[{\"@type\":\"ListItem\",\"position\":1,\"name\":\"Home\",\"item\":\"https:\/\/technofluid.it\/\"},{\"@type\":\"ListItem\",\"position\":2,\"name\":\"Shop\",\"item\":\"https:\/\/technofluid.it\/shop\/\"},{\"@type\":\"ListItem\",\"position\":3,\"name\":\"Pompa a piede &ndash; codice: P17494 &ndash; Forniture Nautiche Italiane\"}]},{\"@type\":\"WebSite\",\"@id\":\"https:\/\/technofluid.it\/#website\",\"url\":\"https:\/\/technofluid.it\/\",\"name\":\"Technofluid S.R.L.\",\"description\":\"Dal 1999 siamo specializzati nell&#039;impiantistica navale, idraulica, civile e industriale\",\"publisher\":{\"@id\":\"https:\/\/technofluid.it\/#organization\"},\"potentialAction\":[{\"@type\":\"SearchAction\",\"target\":{\"@type\":\"EntryPoint\",\"urlTemplate\":\"https:\/\/technofluid.it\/?s={search_term_string}\"},\"query-input\":{\"@type\":\"PropertyValueSpecification\",\"valueRequired\":true,\"valueName\":\"search_term_string\"}}],\"inLanguage\":\"es\"},{\"@type\":\"Organization\",\"@id\":\"https:\/\/technofluid.it\/#organization\",\"name\":\"Technofluid\",\"url\":\"https:\/\/technofluid.it\/\",\"logo\":{\"@type\":\"ImageObject\",\"inLanguage\":\"es\",\"@id\":\"https:\/\/technofluid.it\/#\/schema\/logo\/image\/\",\"url\":\"https:\/\/technofluid.it\/wp-content\/uploads\/2025\/12\/technofluid_bianco-logo.webp\",\"contentUrl\":\"https:\/\/technofluid.it\/wp-content\/uploads\/2025\/12\/technofluid_bianco-logo.webp\",\"width\":350,\"height\":116,\"caption\":\"Technofluid\"},\"image\":{\"@id\":\"https:\/\/technofluid.it\/#\/schema\/logo\/image\/\"},\"description\":\"La Technofluid S.r.l. nasce nel 1999 a Barcellona Pozzo di Gotto, in provincia di Messina, con l\u2019obiettivo di diventare un punto di riferimento nel settore dell\u2019impiantistica navale, idraulica, civile e industriale.\",\"email\":\"info@technofluid.it\",\"telephone\":\"0907386877\",\"legalName\":\"Technofluid S.R.L\",\"vatID\":\"IT03148240835\",\"taxID\":\"03148240835\",\"ownershipFundingInfo\":\"https:\/\/technofluid.it\/azienda\/\"}]}<\/script>\n<meta property=\"product:price:amount\" content=\"50.00\" \/>\n<meta property=\"product:price:currency\" content=\"EUR\" \/>\n<meta property=\"og:availability\" content=\"instock\" \/>\n<meta property=\"product:availability\" content=\"instock\" \/>\n<meta property=\"product:retailer_item_id\" content=\"FNI00000182\" \/>\n<meta property=\"product:condition\" content=\"new\" \/>\n<!-- \/ Yoast SEO Premium plugin. -->","yoast_head_json":{"title":"Bomba de pie P17494 - Suministros N\u00e1uticos Italianos","description":"Descubre la bomba de pie c\u00f3digo P17494 para tus necesidades n\u00e1uticas. \u00a1Compra ahora en Forniture Nautiche Italiane!","robots":{"index":"index","follow":"follow","max-snippet":"max-snippet:-1","max-image-preview":"max-image-preview:large","max-video-preview":"max-video-preview:-1"},"canonical":"https:\/\/technofluid.it\/es\/producto\/bomba-de-pie-codigo-p17494-suministros-nauticos-italianos\/","og_locale":"es_ES","og_type":"article","og_title":"Pompa a piede &ndash; codice: P17494 &ndash; Forniture Nautiche Italiane","og_description":"Scopri la pompa a piede codice P17494 per le tue esigenze nautiche. Acquista ora da Forniture Nautiche Italiane!","og_url":"https:\/\/technofluid.it\/es\/producto\/bomba-de-pie-codigo-p17494-suministros-nauticos-italianos\/","og_site_name":"Technofluid","article_modified_time":"2026-01-21T20:24:44+00:00","og_image":[{"width":540,"height":540,"url":"https:\/\/technofluid.it\/wp-content\/uploads\/2026\/01\/1643-Pompa-a-piede-codice-P17494-Forniture-Nautiche-Italiane.jpg","type":"image\/jpeg"}],"twitter_card":"summary_large_image","twitter_misc":{"Precio":"50,00&nbsp;&euro; Iva esclusa","Disponibilidad":"Disponible"},"schema":{"@context":"https:\/\/schema.org","@graph":[{"@type":"WebPage","@id":"https:\/\/technofluid.it\/prodotto\/pompa-a-piede-codice-p17494-forniture-nautiche-italiane\/","url":"https:\/\/technofluid.it\/prodotto\/pompa-a-piede-codice-p17494-forniture-nautiche-italiane\/","name":"Bomba de pie P17494 - Suministros N\u00e1uticos Italianos","isPartOf":{"@id":"https:\/\/technofluid.it\/#website"},"primaryImageOfPage":{"@id":"https:\/\/technofluid.it\/prodotto\/pompa-a-piede-codice-p17494-forniture-nautiche-italiane\/#primaryimage"},"image":{"@id":"https:\/\/technofluid.it\/prodotto\/pompa-a-piede-codice-p17494-forniture-nautiche-italiane\/#primaryimage"},"thumbnailUrl":"https:\/\/technofluid.it\/wp-content\/uploads\/2026\/01\/1643-Pompa-a-piede-codice-P17494-Forniture-Nautiche-Italiane.jpg","datePublished":"2025-10-25T00:03:24+00:00","dateModified":"2026-01-21T20:24:44+00:00","description":"Descubre la bomba de pie c\u00f3digo P17494 para tus necesidades n\u00e1uticas. \u00a1Compra ahora en Forniture Nautiche Italiane!","breadcrumb":{"@id":"https:\/\/technofluid.it\/prodotto\/pompa-a-piede-codice-p17494-forniture-nautiche-italiane\/#breadcrumb"},"inLanguage":"es","potentialAction":[{"@type":"ReadAction","target":["https:\/\/technofluid.it\/prodotto\/pompa-a-piede-codice-p17494-forniture-nautiche-italiane\/"]}]},{"@type":"ImageObject","inLanguage":"es","@id":"https:\/\/technofluid.it\/prodotto\/pompa-a-piede-codice-p17494-forniture-nautiche-italiane\/#primaryimage","url":"https:\/\/technofluid.it\/wp-content\/uploads\/2026\/01\/1643-Pompa-a-piede-codice-P17494-Forniture-Nautiche-Italiane.jpg","contentUrl":"https:\/\/technofluid.it\/wp-content\/uploads\/2026\/01\/1643-Pompa-a-piede-codice-P17494-Forniture-Nautiche-Italiane.jpg","width":540,"height":540,"caption":"Pompa a piede bianca per uso nautico, perfetta per pompe di sentina e altri impieghi marini."},{"@type":"BreadcrumbList","@id":"https:\/\/technofluid.it\/prodotto\/pompa-a-piede-codice-p17494-forniture-nautiche-italiane\/#breadcrumb","itemListElement":[{"@type":"ListItem","position":1,"name":"Home","item":"https:\/\/technofluid.it\/"},{"@type":"ListItem","position":2,"name":"Shop","item":"https:\/\/technofluid.it\/shop\/"},{"@type":"ListItem","position":3,"name":"Pompa a piede &ndash; codice: P17494 &ndash; Forniture Nautiche Italiane"}]},{"@type":"WebSite","@id":"https:\/\/technofluid.it\/#website","url":"https:\/\/technofluid.it\/","name":"Technofluid S.R.L.","description":"Desde 1999 estamos especializados en instalaciones navales, hidr\u00e1ulicas, civiles e industriales","publisher":{"@id":"https:\/\/technofluid.it\/#organization"},"potentialAction":[{"@type":"SearchAction","target":{"@type":"EntryPoint","urlTemplate":"https:\/\/technofluid.it\/?s={search_term_string}"},"query-input":{"@type":"PropertyValueSpecification","valueRequired":true,"valueName":"search_term_string"}}],"inLanguage":"es"},{"@type":"Organization","@id":"https:\/\/technofluid.it\/#organization","name":"Technofluid","url":"https:\/\/technofluid.it\/","logo":{"@type":"ImageObject","inLanguage":"es","@id":"https:\/\/technofluid.it\/#\/schema\/logo\/image\/","url":"https:\/\/technofluid.it\/wp-content\/uploads\/2025\/12\/technofluid_bianco-logo.webp","contentUrl":"https:\/\/technofluid.it\/wp-content\/uploads\/2025\/12\/technofluid_bianco-logo.webp","width":350,"height":116,"caption":"Technofluid"},"image":{"@id":"https:\/\/technofluid.it\/#\/schema\/logo\/image\/"},"description":"Technofluid S.r.l. nace en 1999 en Barcellona Pozzo di Gotto, en la provincia de Messina, con el objetivo de convertirse en un punto de referencia en el sector de la ingenier\u00eda naval, hidr\u00e1ulica, civil e industrial.","email":"info@technofluid.it","telephone":"0907386877","legalName":"Technofluid S.R.L","vatID":"IT03148240835","taxID":"03148240835","ownershipFundingInfo":"https:\/\/technofluid.it\/azienda\/"}]},"product_price_amount":"50.00","product_price_currency":"EUR","og_availability":"instock","product_availability":"instock","product_retailer_item_id":"FNI00000182","product_condition":"new"},"_links":{"self":[{"href":"https:\/\/technofluid.it\/es\/wp-json\/wp\/v2\/product\/30712","targetHints":{"allow":["GET"]}}],"collection":[{"href":"https:\/\/technofluid.it\/es\/wp-json\/wp\/v2\/product"}],"about":[{"href":"https:\/\/technofluid.it\/es\/wp-json\/wp\/v2\/types\/product"}],"replies":[{"embeddable":true,"href":"https:\/\/technofluid.it\/es\/wp-json\/wp\/v2\/comments?post=30712"}],"version-history":[{"count":0,"href":"https:\/\/technofluid.it\/es\/wp-json\/wp\/v2\/product\/30712\/revisions"}],"wp:featuredmedia":[{"embeddable":true,"href":"https:\/\/technofluid.it\/es\/wp-json\/wp\/v2\/media\/40605"}],"wp:attachment":[{"href":"https:\/\/technofluid.it\/es\/wp-json\/wp\/v2\/media?parent=30712"}],"wp:term":[{"taxonomy":"product_brand","embeddable":true,"href":"https:\/\/technofluid.it\/es\/wp-json\/wp\/v2\/product_brand?post=30712"},{"taxonomy":"product_cat","embeddable":true,"href":"https:\/\/technofluid.it\/es\/wp-json\/wp\/v2\/product_cat?post=30712"},{"taxonomy":"product_tag","embeddable":true,"href":"https:\/\/technofluid.it\/es\/wp-json\/wp\/v2\/product_tag?post=30712"}],"curies":[{"name":"wp","href":"https:\/\/api.w.org\/{rel}","templated":true}]}}