{"id":30703,"date":"2025-10-25T00:03:23","date_gmt":"2025-10-25T00:03:23","guid":{"rendered":"https:\/\/technofluid.it\/prodotto\/pompa-a-girante-d1105-d1105-t-v1505-v-1505-t-20-mm-codice-0004090-fischer-panda\/"},"modified":"2026-05-02T17:33:20","modified_gmt":"2026-05-02T16:33:20","slug":"pompa-a-girante-d1105d1105-tv1505v-1505-t-20-mm-codice-0004090-fischer-panda","status":"publish","type":"product","link":"https:\/\/technofluid.it\/es\/producto\/bomba-de-impulsor-d1105d1105-tv1505v-1505-t-20-mm-codigo-0004090-fischer-panda\/","title":{"rendered":"Bomba de impulsor \u2013 D1105\/D1105-T\/V1505\/V, 1505-T \u00d820 mm \u2013 c\u00f3digo: 0004090 \u2013 Fischer Panda"},"content":{"rendered":"<p>Bomba de impulsor \u2013 D1105\/D1105-T\/V1505\/V, 1505-T \u00d820 mm \u2013 c\u00f3digo: 0004090 \u2013 Fischer Panda<\/p>","protected":false},"excerpt":{"rendered":"<p>POMPA A GIRANTE &#8211; D1105\/D1105 -T\/V1505\/V, 1505-T 20 mm &#8211; CODICE: 0004090 &#8211; FISCHER PANDA<\/p>","protected":false},"featured_media":40576,"comment_status":"open","ping_status":"closed","template":"","meta":{"_acf_changed":false,"_monsterinsights_skip_tracking":false,"_monsterinsights_sitenote_active":false,"_monsterinsights_sitenote_note":"","_monsterinsights_sitenote_category":0,"site-sidebar-layout":"default","site-content-layout":"","ast-site-content-layout":"default","site-content-style":"default","site-sidebar-style":"default","ast-global-header-display":"","ast-banner-title-visibility":"","ast-main-header-display":"","ast-hfb-above-header-display":"","ast-hfb-below-header-display":"","ast-hfb-mobile-header-display":"","site-post-title":"","ast-breadcrumbs-content":"","ast-featured-img":"","footer-sml-layout":"","ast-disable-related-posts":"","theme-transparent-header-meta":"default","adv-header-id-meta":"","stick-header-meta":"","header-above-stick-meta":"","header-main-stick-meta":"","header-below-stick-meta":"","astra-migrate-meta-layouts":"set","ast-page-background-enabled":"default","ast-page-background-meta":{"desktop":{"background-color":"var(--ast-global-color-5)","background-image":"","background-repeat":"repeat","background-position":"center center","background-size":"auto","background-attachment":"scroll","background-type":"","background-media":"","overlay-type":"","overlay-color":"","overlay-opacity":"","overlay-gradient":""},"tablet":{"background-color":"","background-image":"","background-repeat":"repeat","background-position":"center center","background-size":"auto","background-attachment":"scroll","background-type":"","background-media":"","overlay-type":"","overlay-color":"","overlay-opacity":"","overlay-gradient":""},"mobile":{"background-color":"","background-image":"","background-repeat":"repeat","background-position":"center center","background-size":"auto","background-attachment":"scroll","background-type":"","background-media":"","overlay-type":"","overlay-color":"","overlay-opacity":"","overlay-gradient":""}},"ast-content-background-meta":{"desktop":{"background-color":"var(--ast-global-color-4)","background-image":"","background-repeat":"repeat","background-position":"center center","background-size":"auto","background-attachment":"scroll","background-type":"","background-media":"","overlay-type":"","overlay-color":"","overlay-opacity":"","overlay-gradient":""},"tablet":{"background-color":"var(--ast-global-color-4)","background-image":"","background-repeat":"repeat","background-position":"center center","background-size":"auto","background-attachment":"scroll","background-type":"","background-media":"","overlay-type":"","overlay-color":"","overlay-opacity":"","overlay-gradient":""},"mobile":{"background-color":"var(--ast-global-color-4)","background-image":"","background-repeat":"repeat","background-position":"center center","background-size":"auto","background-attachment":"scroll","background-type":"","background-media":"","overlay-type":"","overlay-color":"","overlay-opacity":"","overlay-gradient":""}}},"product_brand":[],"product_cat":[258,133],"product_tag":[3761,6713,4090],"class_list":{"0":"post-30703","1":"product","2":"type-product","3":"status-publish","4":"has-post-thumbnail","6":"product_cat-fischer-panda","7":"product_cat-ricambistica","8":"product_tag-fischer-panda","9":"product_tag-pompa-a-girante-d1105-d1105","10":"product_tag-staccabatteria","11":"pa_supplier-fischer-panda","12":"desktop-align-left","13":"tablet-align-left","14":"mobile-align-left","16":"first","17":"instock","18":"taxable","19":"shipping-taxable","20":"purchasable","21":"product-type-simple"},"acf":[],"yoast_head":"<!-- This site is optimized with the Yoast SEO Premium plugin v26.7 (Yoast SEO v26.9) - https:\/\/yoast.com\/product\/yoast-seo-premium-wordpress\/ -->\n<title>Pompa a girante Fischer Panda \u00d820 mm - Codice 0004090<\/title>\n<meta name=\"description\" content=\"Scopri la pompa a girante Fischer Panda \u00d820 mm, codice 0004090. Affidabile e performante, ideale per motori D1105 e V1505. Acquista ora!\" \/>\n<meta name=\"robots\" content=\"index, follow, max-snippet:-1, max-image-preview:large, max-video-preview:-1\" \/>\n<link rel=\"canonical\" href=\"https:\/\/technofluid.it\/es\/producto\/bomba-de-impulsor-d1105d1105-tv1505v-1505-t-20-mm-codigo-0004090-fischer-panda\/\" \/>\n<meta property=\"og:locale\" content=\"es_ES\" \/>\n<meta property=\"og:type\" content=\"article\" \/>\n<meta property=\"og:title\" content=\"Pompa a girante &ndash; D1105\/D1105-T\/V1505\/V, 1505-T &Oslash;20 mm &ndash; codice: 0004090 &ndash; Fischer Panda\" \/>\n<meta property=\"og:description\" content=\"Scopri la pompa a girante Fischer Panda \u00d820 mm, codice 0004090. Affidabile e performante, ideale per motori D1105 e V1505. Acquista ora!\" \/>\n<meta property=\"og:url\" content=\"https:\/\/technofluid.it\/es\/producto\/bomba-de-impulsor-d1105d1105-tv1505v-1505-t-20-mm-codigo-0004090-fischer-panda\/\" \/>\n<meta property=\"og:site_name\" content=\"Technofluid\" \/>\n<meta property=\"article:modified_time\" content=\"2026-05-02T16:33:20+00:00\" \/>\n<meta property=\"og:image\" content=\"https:\/\/technofluid.it\/wp-content\/uploads\/2026\/01\/4289-Pompa-a-girante-D1105D1105-TV1505V-1505-T-20-mm-codice-0004090-Fischer-Panda.jpg\" \/>\n\t<meta property=\"og:image:width\" content=\"800\" \/>\n\t<meta property=\"og:image:height\" content=\"800\" \/>\n\t<meta property=\"og:image:type\" content=\"image\/png\" \/>\n<meta name=\"twitter:card\" content=\"summary_large_image\" \/>\n<meta name=\"twitter:label1\" content=\"Precio\" \/>\n\t<meta name=\"twitter:data1\" content=\"468,85&nbsp;&euro; Iva esclusa\" \/>\n\t<meta name=\"twitter:label2\" content=\"Disponibilidad\" \/>\n\t<meta name=\"twitter:data2\" content=\"Disponible\" \/>\n<script type=\"application\/ld+json\" class=\"yoast-schema-graph\">{\"@context\":\"https:\/\/schema.org\",\"@graph\":[{\"@type\":\"WebPage\",\"@id\":\"https:\/\/technofluid.it\/prodotto\/pompa-a-girante-d1105d1105-tv1505v-1505-t-20-mm-codice-0004090-fischer-panda\/\",\"url\":\"https:\/\/technofluid.it\/prodotto\/pompa-a-girante-d1105d1105-tv1505v-1505-t-20-mm-codice-0004090-fischer-panda\/\",\"name\":\"Pompa a girante Fischer Panda \u00d820 mm - Codice 0004090\",\"isPartOf\":{\"@id\":\"https:\/\/technofluid.it\/#website\"},\"primaryImageOfPage\":{\"@id\":\"https:\/\/technofluid.it\/prodotto\/pompa-a-girante-d1105d1105-tv1505v-1505-t-20-mm-codice-0004090-fischer-panda\/#primaryimage\"},\"image\":{\"@id\":\"https:\/\/technofluid.it\/prodotto\/pompa-a-girante-d1105d1105-tv1505v-1505-t-20-mm-codice-0004090-fischer-panda\/#primaryimage\"},\"thumbnailUrl\":\"https:\/\/technofluid.it\/wp-content\/uploads\/2026\/01\/4289-Pompa-a-girante-D1105D1105-TV1505V-1505-T-20-mm-codice-0004090-Fischer-Panda.jpg\",\"datePublished\":\"2025-10-25T00:03:23+00:00\",\"dateModified\":\"2026-05-02T16:33:20+00:00\",\"description\":\"Scopri la pompa a girante Fischer Panda \u00d820 mm, codice 0004090. Affidabile e performante, ideale per motori D1105 e V1505. Acquista ora!\",\"breadcrumb\":{\"@id\":\"https:\/\/technofluid.it\/prodotto\/pompa-a-girante-d1105d1105-tv1505v-1505-t-20-mm-codice-0004090-fischer-panda\/#breadcrumb\"},\"inLanguage\":\"es\",\"potentialAction\":[{\"@type\":\"ReadAction\",\"target\":[\"https:\/\/technofluid.it\/prodotto\/pompa-a-girante-d1105d1105-tv1505v-1505-t-20-mm-codice-0004090-fischer-panda\/\"]}]},{\"@type\":\"ImageObject\",\"inLanguage\":\"es\",\"@id\":\"https:\/\/technofluid.it\/prodotto\/pompa-a-girante-d1105d1105-tv1505v-1505-t-20-mm-codice-0004090-fischer-panda\/#primaryimage\",\"url\":\"https:\/\/technofluid.it\/wp-content\/uploads\/2026\/01\/4289-Pompa-a-girante-D1105D1105-TV1505V-1505-T-20-mm-codice-0004090-Fischer-Panda.jpg\",\"contentUrl\":\"https:\/\/technofluid.it\/wp-content\/uploads\/2026\/01\/4289-Pompa-a-girante-D1105D1105-TV1505V-1505-T-20-mm-codice-0004090-Fischer-Panda.jpg\",\"width\":800,\"height\":800,\"caption\":\"Immagine di una pompa a girante D1105, componente essenziale per sistemi di raffreddamento e circolazione acqua Fischer Panda.\"},{\"@type\":\"BreadcrumbList\",\"@id\":\"https:\/\/technofluid.it\/prodotto\/pompa-a-girante-d1105d1105-tv1505v-1505-t-20-mm-codice-0004090-fischer-panda\/#breadcrumb\",\"itemListElement\":[{\"@type\":\"ListItem\",\"position\":1,\"name\":\"Home\",\"item\":\"https:\/\/technofluid.it\/\"},{\"@type\":\"ListItem\",\"position\":2,\"name\":\"Shop\",\"item\":\"https:\/\/technofluid.it\/shop\/\"},{\"@type\":\"ListItem\",\"position\":3,\"name\":\"Pompa a girante &ndash; D1105\/D1105-T\/V1505\/V, 1505-T &Oslash;20 mm &ndash; codice: 0004090 &ndash; Fischer Panda\"}]},{\"@type\":\"WebSite\",\"@id\":\"https:\/\/technofluid.it\/#website\",\"url\":\"https:\/\/technofluid.it\/\",\"name\":\"Technofluid S.R.L.\",\"description\":\"Dal 1999 siamo specializzati nell&#039;impiantistica navale, idraulica, civile e industriale\",\"publisher\":{\"@id\":\"https:\/\/technofluid.it\/#organization\"},\"potentialAction\":[{\"@type\":\"SearchAction\",\"target\":{\"@type\":\"EntryPoint\",\"urlTemplate\":\"https:\/\/technofluid.it\/?s={search_term_string}\"},\"query-input\":{\"@type\":\"PropertyValueSpecification\",\"valueRequired\":true,\"valueName\":\"search_term_string\"}}],\"inLanguage\":\"es\"},{\"@type\":\"Organization\",\"@id\":\"https:\/\/technofluid.it\/#organization\",\"name\":\"Technofluid\",\"url\":\"https:\/\/technofluid.it\/\",\"logo\":{\"@type\":\"ImageObject\",\"inLanguage\":\"es\",\"@id\":\"https:\/\/technofluid.it\/#\/schema\/logo\/image\/\",\"url\":\"https:\/\/technofluid.it\/wp-content\/uploads\/2025\/12\/technofluid_bianco-logo.webp\",\"contentUrl\":\"https:\/\/technofluid.it\/wp-content\/uploads\/2025\/12\/technofluid_bianco-logo.webp\",\"width\":350,\"height\":116,\"caption\":\"Technofluid\"},\"image\":{\"@id\":\"https:\/\/technofluid.it\/#\/schema\/logo\/image\/\"},\"description\":\"La Technofluid S.r.l. nasce nel 1999 a Barcellona Pozzo di Gotto, in provincia di Messina, con l\u2019obiettivo di diventare un punto di riferimento nel settore dell\u2019impiantistica navale, idraulica, civile e industriale.\",\"email\":\"info@technofluid.it\",\"telephone\":\"0907386877\",\"legalName\":\"Technofluid S.R.L\",\"vatID\":\"IT03148240835\",\"taxID\":\"03148240835\",\"ownershipFundingInfo\":\"https:\/\/technofluid.it\/azienda\/\"}]}<\/script>\n<meta property=\"product:price:amount\" content=\"468.85\" \/>\n<meta property=\"product:price:currency\" content=\"EUR\" \/>\n<meta property=\"og:availability\" content=\"instock\" \/>\n<meta property=\"product:availability\" content=\"instock\" \/>\n<meta property=\"product:retailer_item_id\" content=\"FIS000000033\" \/>\n<meta property=\"product:condition\" content=\"new\" \/>\n<!-- \/ Yoast SEO Premium plugin. -->","yoast_head_json":{"title":"Bomba de impulsor Fischer Panda \u00d820 mm - C\u00f3digo 0004090","description":"Descubre la bomba de impulsor Fischer Panda \u00d820 mm, c\u00f3digo 0004090. Fiable y eficiente, ideal para motores D1105 y V1505. \u00a1Compra ahora!","robots":{"index":"index","follow":"follow","max-snippet":"max-snippet:-1","max-image-preview":"max-image-preview:large","max-video-preview":"max-video-preview:-1"},"canonical":"https:\/\/technofluid.it\/es\/producto\/bomba-de-impulsor-d1105d1105-tv1505v-1505-t-20-mm-codigo-0004090-fischer-panda\/","og_locale":"es_ES","og_type":"article","og_title":"Pompa a girante &ndash; D1105\/D1105-T\/V1505\/V, 1505-T &Oslash;20 mm &ndash; codice: 0004090 &ndash; Fischer Panda","og_description":"Scopri la pompa a girante Fischer Panda \u00d820 mm, codice 0004090. Affidabile e performante, ideale per motori D1105 e V1505. Acquista ora!","og_url":"https:\/\/technofluid.it\/es\/producto\/bomba-de-impulsor-d1105d1105-tv1505v-1505-t-20-mm-codigo-0004090-fischer-panda\/","og_site_name":"Technofluid","article_modified_time":"2026-05-02T16:33:20+00:00","og_image":[{"width":800,"height":800,"url":"https:\/\/technofluid.it\/wp-content\/uploads\/2026\/01\/4289-Pompa-a-girante-D1105D1105-TV1505V-1505-T-20-mm-codice-0004090-Fischer-Panda.jpg","type":"image\/png"}],"twitter_card":"summary_large_image","twitter_misc":{"Precio":"468,85&nbsp;&euro; Iva esclusa","Disponibilidad":"Disponible"},"schema":{"@context":"https:\/\/schema.org","@graph":[{"@type":"WebPage","@id":"https:\/\/technofluid.it\/prodotto\/pompa-a-girante-d1105d1105-tv1505v-1505-t-20-mm-codice-0004090-fischer-panda\/","url":"https:\/\/technofluid.it\/prodotto\/pompa-a-girante-d1105d1105-tv1505v-1505-t-20-mm-codice-0004090-fischer-panda\/","name":"Bomba de impulsor Fischer Panda \u00d820 mm - C\u00f3digo 0004090","isPartOf":{"@id":"https:\/\/technofluid.it\/#website"},"primaryImageOfPage":{"@id":"https:\/\/technofluid.it\/prodotto\/pompa-a-girante-d1105d1105-tv1505v-1505-t-20-mm-codice-0004090-fischer-panda\/#primaryimage"},"image":{"@id":"https:\/\/technofluid.it\/prodotto\/pompa-a-girante-d1105d1105-tv1505v-1505-t-20-mm-codice-0004090-fischer-panda\/#primaryimage"},"thumbnailUrl":"https:\/\/technofluid.it\/wp-content\/uploads\/2026\/01\/4289-Pompa-a-girante-D1105D1105-TV1505V-1505-T-20-mm-codice-0004090-Fischer-Panda.jpg","datePublished":"2025-10-25T00:03:23+00:00","dateModified":"2026-05-02T16:33:20+00:00","description":"Descubre la bomba de impulsor Fischer Panda \u00d820 mm, c\u00f3digo 0004090. Fiable y eficiente, ideal para motores D1105 y V1505. \u00a1Compra ahora!","breadcrumb":{"@id":"https:\/\/technofluid.it\/prodotto\/pompa-a-girante-d1105d1105-tv1505v-1505-t-20-mm-codice-0004090-fischer-panda\/#breadcrumb"},"inLanguage":"es","potentialAction":[{"@type":"ReadAction","target":["https:\/\/technofluid.it\/prodotto\/pompa-a-girante-d1105d1105-tv1505v-1505-t-20-mm-codice-0004090-fischer-panda\/"]}]},{"@type":"ImageObject","inLanguage":"es","@id":"https:\/\/technofluid.it\/prodotto\/pompa-a-girante-d1105d1105-tv1505v-1505-t-20-mm-codice-0004090-fischer-panda\/#primaryimage","url":"https:\/\/technofluid.it\/wp-content\/uploads\/2026\/01\/4289-Pompa-a-girante-D1105D1105-TV1505V-1505-T-20-mm-codice-0004090-Fischer-Panda.jpg","contentUrl":"https:\/\/technofluid.it\/wp-content\/uploads\/2026\/01\/4289-Pompa-a-girante-D1105D1105-TV1505V-1505-T-20-mm-codice-0004090-Fischer-Panda.jpg","width":800,"height":800,"caption":"Immagine di una pompa a girante D1105, componente essenziale per sistemi di raffreddamento e circolazione acqua Fischer Panda."},{"@type":"BreadcrumbList","@id":"https:\/\/technofluid.it\/prodotto\/pompa-a-girante-d1105d1105-tv1505v-1505-t-20-mm-codice-0004090-fischer-panda\/#breadcrumb","itemListElement":[{"@type":"ListItem","position":1,"name":"Home","item":"https:\/\/technofluid.it\/"},{"@type":"ListItem","position":2,"name":"Shop","item":"https:\/\/technofluid.it\/shop\/"},{"@type":"ListItem","position":3,"name":"Pompa a girante &ndash; D1105\/D1105-T\/V1505\/V, 1505-T &Oslash;20 mm &ndash; codice: 0004090 &ndash; Fischer Panda"}]},{"@type":"WebSite","@id":"https:\/\/technofluid.it\/#website","url":"https:\/\/technofluid.it\/","name":"Technofluid S.R.L.","description":"Desde 1999 estamos especializados en instalaciones navales, hidr\u00e1ulicas, civiles e industriales","publisher":{"@id":"https:\/\/technofluid.it\/#organization"},"potentialAction":[{"@type":"SearchAction","target":{"@type":"EntryPoint","urlTemplate":"https:\/\/technofluid.it\/?s={search_term_string}"},"query-input":{"@type":"PropertyValueSpecification","valueRequired":true,"valueName":"search_term_string"}}],"inLanguage":"es"},{"@type":"Organization","@id":"https:\/\/technofluid.it\/#organization","name":"Technofluid","url":"https:\/\/technofluid.it\/","logo":{"@type":"ImageObject","inLanguage":"es","@id":"https:\/\/technofluid.it\/#\/schema\/logo\/image\/","url":"https:\/\/technofluid.it\/wp-content\/uploads\/2025\/12\/technofluid_bianco-logo.webp","contentUrl":"https:\/\/technofluid.it\/wp-content\/uploads\/2025\/12\/technofluid_bianco-logo.webp","width":350,"height":116,"caption":"Technofluid"},"image":{"@id":"https:\/\/technofluid.it\/#\/schema\/logo\/image\/"},"description":"Technofluid S.r.l. nace en 1999 en Barcellona Pozzo di Gotto, en la provincia de Messina, con el objetivo de convertirse en un punto de referencia en el sector de la ingenier\u00eda naval, hidr\u00e1ulica, civil e industrial.","email":"info@technofluid.it","telephone":"0907386877","legalName":"Technofluid S.R.L","vatID":"IT03148240835","taxID":"03148240835","ownershipFundingInfo":"https:\/\/technofluid.it\/azienda\/"}]},"product_price_amount":"468.85","product_price_currency":"EUR","og_availability":"instock","product_availability":"instock","product_retailer_item_id":"FIS000000033","product_condition":"new"},"_links":{"self":[{"href":"https:\/\/technofluid.it\/es\/wp-json\/wp\/v2\/product\/30703","targetHints":{"allow":["GET"]}}],"collection":[{"href":"https:\/\/technofluid.it\/es\/wp-json\/wp\/v2\/product"}],"about":[{"href":"https:\/\/technofluid.it\/es\/wp-json\/wp\/v2\/types\/product"}],"replies":[{"embeddable":true,"href":"https:\/\/technofluid.it\/es\/wp-json\/wp\/v2\/comments?post=30703"}],"version-history":[{"count":1,"href":"https:\/\/technofluid.it\/es\/wp-json\/wp\/v2\/product\/30703\/revisions"}],"predecessor-version":[{"id":55360,"href":"https:\/\/technofluid.it\/es\/wp-json\/wp\/v2\/product\/30703\/revisions\/55360"}],"wp:featuredmedia":[{"embeddable":true,"href":"https:\/\/technofluid.it\/es\/wp-json\/wp\/v2\/media\/40576"}],"wp:attachment":[{"href":"https:\/\/technofluid.it\/es\/wp-json\/wp\/v2\/media?parent=30703"}],"wp:term":[{"taxonomy":"product_brand","embeddable":true,"href":"https:\/\/technofluid.it\/es\/wp-json\/wp\/v2\/product_brand?post=30703"},{"taxonomy":"product_cat","embeddable":true,"href":"https:\/\/technofluid.it\/es\/wp-json\/wp\/v2\/product_cat?post=30703"},{"taxonomy":"product_tag","embeddable":true,"href":"https:\/\/technofluid.it\/es\/wp-json\/wp\/v2\/product_tag?post=30703"}],"curies":[{"name":"wp","href":"https:\/\/api.w.org\/{rel}","templated":true}]}}