{"id":30578,"date":"2025-10-25T00:03:04","date_gmt":"2025-10-25T00:03:04","guid":{"rendered":"https:\/\/technofluid.it\/prodotto\/olio-fenix-sintetico-tt-1l-codice-v2129-1l-vanguard\/"},"modified":"2026-04-15T12:10:47","modified_gmt":"2026-04-15T11:10:47","slug":"olio-finex-sintetico-tt-1l-codice-v2129-1l-vanguard","status":"publish","type":"product","link":"https:\/\/technofluid.it\/es\/producto\/aceite-finex-sintetico-tt-1l-codigo-v2129-1l-vanguard\/","title":{"rendered":"Aceite finex sint\u00e9tico TT 1L \u2013 c\u00f3digo: V2129  1L  \u2013 Vanguard"},"content":{"rendered":"<p>Aceite sint\u00e9tico finex TT 1L \u2013 c\u00f3digo: V2129 1L \u2013 Vanguard<\/p>","protected":false},"excerpt":{"rendered":"<p>ACEITE VANGUARD FENIX SINT\u00c9TICO TT 1L<\/p>","protected":false},"featured_media":40260,"comment_status":"open","ping_status":"closed","template":"","meta":{"_acf_changed":false,"_monsterinsights_skip_tracking":false,"_monsterinsights_sitenote_active":false,"_monsterinsights_sitenote_note":"","_monsterinsights_sitenote_category":0,"site-sidebar-layout":"default","site-content-layout":"","ast-site-content-layout":"default","site-content-style":"default","site-sidebar-style":"default","ast-global-header-display":"","ast-banner-title-visibility":"","ast-main-header-display":"","ast-hfb-above-header-display":"","ast-hfb-below-header-display":"","ast-hfb-mobile-header-display":"","site-post-title":"","ast-breadcrumbs-content":"","ast-featured-img":"","footer-sml-layout":"","ast-disable-related-posts":"","theme-transparent-header-meta":"","adv-header-id-meta":"","stick-header-meta":"","header-above-stick-meta":"","header-main-stick-meta":"","header-below-stick-meta":"","astra-migrate-meta-layouts":"default","ast-page-background-enabled":"default","ast-page-background-meta":{"desktop":{"background-color":"var(--ast-global-color-5)","background-image":"","background-repeat":"repeat","background-position":"center center","background-size":"auto","background-attachment":"scroll","background-type":"","background-media":"","overlay-type":"","overlay-color":"","overlay-opacity":"","overlay-gradient":""},"tablet":{"background-color":"","background-image":"","background-repeat":"repeat","background-position":"center center","background-size":"auto","background-attachment":"scroll","background-type":"","background-media":"","overlay-type":"","overlay-color":"","overlay-opacity":"","overlay-gradient":""},"mobile":{"background-color":"","background-image":"","background-repeat":"repeat","background-position":"center center","background-size":"auto","background-attachment":"scroll","background-type":"","background-media":"","overlay-type":"","overlay-color":"","overlay-opacity":"","overlay-gradient":""}},"ast-content-background-meta":{"desktop":{"background-color":"var(--ast-global-color-4)","background-image":"","background-repeat":"repeat","background-position":"center center","background-size":"auto","background-attachment":"scroll","background-type":"","background-media":"","overlay-type":"","overlay-color":"","overlay-opacity":"","overlay-gradient":""},"tablet":{"background-color":"var(--ast-global-color-4)","background-image":"","background-repeat":"repeat","background-position":"center center","background-size":"auto","background-attachment":"scroll","background-type":"","background-media":"","overlay-type":"","overlay-color":"","overlay-opacity":"","overlay-gradient":""},"mobile":{"background-color":"var(--ast-global-color-4)","background-image":"","background-repeat":"repeat","background-position":"center center","background-size":"auto","background-attachment":"scroll","background-type":"","background-media":"","overlay-type":"","overlay-color":"","overlay-opacity":"","overlay-gradient":""}}},"product_brand":[],"product_cat":[179,453],"product_tag":[6512,6513,5146],"class_list":{"0":"post-30578","1":"product","2":"type-product","3":"status-publish","4":"has-post-thumbnail","6":"product_cat-motori-e-ricambi","7":"product_cat-ricambi-motori-e-oli","8":"product_tag-fenix","9":"product_tag-sintetico","10":"product_tag-vanguard","11":"pa_supplier-br-ricambi-srls","12":"desktop-align-left","13":"tablet-align-left","14":"mobile-align-left","16":"first","17":"instock","18":"taxable","19":"shipping-taxable","20":"purchasable","21":"product-type-simple"},"acf":[],"yoast_head":"<!-- This site is optimized with the Yoast SEO Premium plugin v26.7 (Yoast SEO v26.9) - https:\/\/yoast.com\/product\/yoast-seo-premium-wordpress\/ -->\n<title>Olio sintetico TT 1L Vanguard - Qualit\u00e0 e Prestazioni<\/title>\n<meta name=\"description\" content=\"Scopri l&#039;olio sintetico TT 1L Vanguard, perfetto per motori performanti. Acquista ora per massima protezione e durata.\" \/>\n<meta name=\"robots\" content=\"index, follow, max-snippet:-1, max-image-preview:large, max-video-preview:-1\" \/>\n<link rel=\"canonical\" href=\"https:\/\/technofluid.it\/es\/produit\/olio-finex-sintetico-tt-1l-codice-v2129-1l-vanguard\/\" \/>\n<meta property=\"og:locale\" content=\"es_ES\" \/>\n<meta property=\"og:type\" content=\"article\" \/>\n<meta property=\"og:title\" content=\"Olio finex sintetico TT 1L - codice: V2129 1L - Vanguard\" \/>\n<meta property=\"og:description\" content=\"Scopri l&#039;olio sintetico TT 1L Vanguard, perfetto per motori performanti. Acquista ora per massima protezione e durata.\" \/>\n<meta property=\"og:url\" content=\"https:\/\/technofluid.it\/es\/produit\/olio-finex-sintetico-tt-1l-codice-v2129-1l-vanguard\/\" \/>\n<meta property=\"og:site_name\" content=\"Technofluid\" \/>\n<meta property=\"article:modified_time\" content=\"2026-04-15T11:10:47+00:00\" \/>\n<meta property=\"og:image\" content=\"https:\/\/technofluid.it\/wp-content\/uploads\/2026\/01\/2850-Olio-finex-sintetico-TT-1L-codice-V2129-1L-Vanguard.jpg\" \/>\n\t<meta property=\"og:image:width\" content=\"1080\" \/>\n\t<meta property=\"og:image:height\" content=\"1080\" \/>\n\t<meta property=\"og:image:type\" content=\"image\/png\" \/>\n<meta name=\"twitter:card\" content=\"summary_large_image\" \/>\n<meta name=\"twitter:label1\" content=\"Precio\" \/>\n\t<meta name=\"twitter:data1\" content=\"10,74&nbsp;&euro; Iva esclusa\" \/>\n\t<meta name=\"twitter:label2\" content=\"Disponibilidad\" \/>\n\t<meta name=\"twitter:data2\" content=\"Disponible\" \/>\n<script type=\"application\/ld+json\" class=\"yoast-schema-graph\">{\"@context\":\"https:\/\/schema.org\",\"@graph\":[{\"@type\":\"WebPage\",\"@id\":\"https:\/\/technofluid.it\/fr\/produit\/olio-finex-sintetico-tt-1l-codice-v2129-1l-vanguard\/\",\"url\":\"https:\/\/technofluid.it\/fr\/produit\/olio-finex-sintetico-tt-1l-codice-v2129-1l-vanguard\/\",\"name\":\"Olio sintetico TT 1L Vanguard - Qualit\u00e0 e Prestazioni\",\"isPartOf\":{\"@id\":\"https:\/\/technofluid.it\/#website\"},\"primaryImageOfPage\":{\"@id\":\"https:\/\/technofluid.it\/fr\/produit\/olio-finex-sintetico-tt-1l-codice-v2129-1l-vanguard\/#primaryimage\"},\"image\":{\"@id\":\"https:\/\/technofluid.it\/fr\/produit\/olio-finex-sintetico-tt-1l-codice-v2129-1l-vanguard\/#primaryimage\"},\"thumbnailUrl\":\"https:\/\/technofluid.it\/wp-content\/uploads\/2026\/01\/2850-Olio-finex-sintetico-TT-1L-codice-V2129-1L-Vanguard.jpg\",\"datePublished\":\"2025-10-25T00:03:04+00:00\",\"dateModified\":\"2026-04-15T11:10:47+00:00\",\"description\":\"Scopri l'olio sintetico TT 1L Vanguard, perfetto per motori performanti. Acquista ora per massima protezione e durata.\",\"breadcrumb\":{\"@id\":\"https:\/\/technofluid.it\/fr\/produit\/olio-finex-sintetico-tt-1l-codice-v2129-1l-vanguard\/#breadcrumb\"},\"inLanguage\":\"es\",\"potentialAction\":[{\"@type\":\"ReadAction\",\"target\":[\"https:\/\/technofluid.it\/fr\/produit\/olio-finex-sintetico-tt-1l-codice-v2129-1l-vanguard\/\"]}]},{\"@type\":\"ImageObject\",\"inLanguage\":\"es\",\"@id\":\"https:\/\/technofluid.it\/fr\/produit\/olio-finex-sintetico-tt-1l-codice-v2129-1l-vanguard\/#primaryimage\",\"url\":\"https:\/\/technofluid.it\/wp-content\/uploads\/2026\/01\/2850-Olio-finex-sintetico-TT-1L-codice-V2129-1L-Vanguard.jpg\",\"contentUrl\":\"https:\/\/technofluid.it\/wp-content\/uploads\/2026\/01\/2850-Olio-finex-sintetico-TT-1L-codice-V2129-1L-Vanguard.jpg\",\"width\":1080,\"height\":1080,\"caption\":\"Olio finex sintetico TT 1L, codice V2129, per motori Vanguard, garantisce lubrificazione ottimale.\"},{\"@type\":\"BreadcrumbList\",\"@id\":\"https:\/\/technofluid.it\/fr\/produit\/olio-finex-sintetico-tt-1l-codice-v2129-1l-vanguard\/#breadcrumb\",\"itemListElement\":[{\"@type\":\"ListItem\",\"position\":1,\"name\":\"Home\",\"item\":\"https:\/\/technofluid.it\/\"},{\"@type\":\"ListItem\",\"position\":2,\"name\":\"Shop\",\"item\":\"https:\/\/technofluid.it\/shop\/\"},{\"@type\":\"ListItem\",\"position\":3,\"name\":\"Olio finex sintetico TT 1L &#8211; codice: V2129 1L &#8211; Vanguard\"}]},{\"@type\":\"WebSite\",\"@id\":\"https:\/\/technofluid.it\/#website\",\"url\":\"https:\/\/technofluid.it\/\",\"name\":\"Technofluid S.R.L.\",\"description\":\"Dal 1999 siamo specializzati nell&#039;impiantistica navale, idraulica, civile e industriale\",\"publisher\":{\"@id\":\"https:\/\/technofluid.it\/#organization\"},\"potentialAction\":[{\"@type\":\"SearchAction\",\"target\":{\"@type\":\"EntryPoint\",\"urlTemplate\":\"https:\/\/technofluid.it\/?s={search_term_string}\"},\"query-input\":{\"@type\":\"PropertyValueSpecification\",\"valueRequired\":true,\"valueName\":\"search_term_string\"}}],\"inLanguage\":\"es\"},{\"@type\":\"Organization\",\"@id\":\"https:\/\/technofluid.it\/#organization\",\"name\":\"Technofluid\",\"url\":\"https:\/\/technofluid.it\/\",\"logo\":{\"@type\":\"ImageObject\",\"inLanguage\":\"es\",\"@id\":\"https:\/\/technofluid.it\/#\/schema\/logo\/image\/\",\"url\":\"https:\/\/technofluid.it\/wp-content\/uploads\/2025\/12\/technofluid_bianco-logo.webp\",\"contentUrl\":\"https:\/\/technofluid.it\/wp-content\/uploads\/2025\/12\/technofluid_bianco-logo.webp\",\"width\":350,\"height\":116,\"caption\":\"Technofluid\"},\"image\":{\"@id\":\"https:\/\/technofluid.it\/#\/schema\/logo\/image\/\"},\"description\":\"La Technofluid S.r.l. nasce nel 1999 a Barcellona Pozzo di Gotto, in provincia di Messina, con l\u2019obiettivo di diventare un punto di riferimento nel settore dell\u2019impiantistica navale, idraulica, civile e industriale.\",\"email\":\"info@technofluid.it\",\"telephone\":\"0907386877\",\"legalName\":\"Technofluid S.R.L\",\"vatID\":\"IT03148240835\",\"taxID\":\"03148240835\",\"ownershipFundingInfo\":\"https:\/\/technofluid.it\/azienda\/\"}]}<\/script>\n<meta property=\"product:price:amount\" content=\"10.74\" \/>\n<meta property=\"product:price:currency\" content=\"EUR\" \/>\n<meta property=\"og:availability\" content=\"instock\" \/>\n<meta property=\"product:availability\" content=\"instock\" \/>\n<meta property=\"product:retailer_item_id\" content=\"VANG000012\" \/>\n<meta property=\"product:condition\" content=\"new\" \/>\n<!-- \/ Yoast SEO Premium plugin. -->","yoast_head_json":{"title":"Aceite sint\u00e9tico TT 1L Vanguard - Calidad y Rendimiento","description":"Descubre el aceite sint\u00e9tico TT 1L Vanguard, perfecto para motores de alto rendimiento. Compra ahora para m\u00e1xima protecci\u00f3n y durabilidad.","robots":{"index":"index","follow":"follow","max-snippet":"max-snippet:-1","max-image-preview":"max-image-preview:large","max-video-preview":"max-video-preview:-1"},"canonical":"https:\/\/technofluid.it\/es\/produit\/olio-finex-sintetico-tt-1l-codice-v2129-1l-vanguard\/","og_locale":"es_ES","og_type":"article","og_title":"Olio finex sintetico TT 1L - codice: V2129 1L - Vanguard","og_description":"Scopri l'olio sintetico TT 1L Vanguard, perfetto per motori performanti. Acquista ora per massima protezione e durata.","og_url":"https:\/\/technofluid.it\/es\/produit\/olio-finex-sintetico-tt-1l-codice-v2129-1l-vanguard\/","og_site_name":"Technofluid","article_modified_time":"2026-04-15T11:10:47+00:00","og_image":[{"width":1080,"height":1080,"url":"https:\/\/technofluid.it\/wp-content\/uploads\/2026\/01\/2850-Olio-finex-sintetico-TT-1L-codice-V2129-1L-Vanguard.jpg","type":"image\/png"}],"twitter_card":"summary_large_image","twitter_misc":{"Precio":"10,74&nbsp;&euro; Iva esclusa","Disponibilidad":"Disponible"},"schema":{"@context":"https:\/\/schema.org","@graph":[{"@type":"WebPage","@id":"https:\/\/technofluid.it\/fr\/produit\/olio-finex-sintetico-tt-1l-codice-v2129-1l-vanguard\/","url":"https:\/\/technofluid.it\/fr\/produit\/olio-finex-sintetico-tt-1l-codice-v2129-1l-vanguard\/","name":"Aceite sint\u00e9tico TT 1L Vanguard - Calidad y Rendimiento","isPartOf":{"@id":"https:\/\/technofluid.it\/#website"},"primaryImageOfPage":{"@id":"https:\/\/technofluid.it\/fr\/produit\/olio-finex-sintetico-tt-1l-codice-v2129-1l-vanguard\/#primaryimage"},"image":{"@id":"https:\/\/technofluid.it\/fr\/produit\/olio-finex-sintetico-tt-1l-codice-v2129-1l-vanguard\/#primaryimage"},"thumbnailUrl":"https:\/\/technofluid.it\/wp-content\/uploads\/2026\/01\/2850-Olio-finex-sintetico-TT-1L-codice-V2129-1L-Vanguard.jpg","datePublished":"2025-10-25T00:03:04+00:00","dateModified":"2026-04-15T11:10:47+00:00","description":"Descubre el aceite sint\u00e9tico TT 1L Vanguard, perfecto para motores de alto rendimiento. Compra ahora para m\u00e1xima protecci\u00f3n y durabilidad.","breadcrumb":{"@id":"https:\/\/technofluid.it\/fr\/produit\/olio-finex-sintetico-tt-1l-codice-v2129-1l-vanguard\/#breadcrumb"},"inLanguage":"es","potentialAction":[{"@type":"ReadAction","target":["https:\/\/technofluid.it\/fr\/produit\/olio-finex-sintetico-tt-1l-codice-v2129-1l-vanguard\/"]}]},{"@type":"ImageObject","inLanguage":"es","@id":"https:\/\/technofluid.it\/fr\/produit\/olio-finex-sintetico-tt-1l-codice-v2129-1l-vanguard\/#primaryimage","url":"https:\/\/technofluid.it\/wp-content\/uploads\/2026\/01\/2850-Olio-finex-sintetico-TT-1L-codice-V2129-1L-Vanguard.jpg","contentUrl":"https:\/\/technofluid.it\/wp-content\/uploads\/2026\/01\/2850-Olio-finex-sintetico-TT-1L-codice-V2129-1L-Vanguard.jpg","width":1080,"height":1080,"caption":"Olio finex sintetico TT 1L, codice V2129, per motori Vanguard, garantisce lubrificazione ottimale."},{"@type":"BreadcrumbList","@id":"https:\/\/technofluid.it\/fr\/produit\/olio-finex-sintetico-tt-1l-codice-v2129-1l-vanguard\/#breadcrumb","itemListElement":[{"@type":"ListItem","position":1,"name":"Home","item":"https:\/\/technofluid.it\/"},{"@type":"ListItem","position":2,"name":"Shop","item":"https:\/\/technofluid.it\/shop\/"},{"@type":"ListItem","position":3,"name":"Olio finex sintetico TT 1L &#8211; codice: V2129 1L &#8211; Vanguard"}]},{"@type":"WebSite","@id":"https:\/\/technofluid.it\/#website","url":"https:\/\/technofluid.it\/","name":"Technofluid S.R.L.","description":"Desde 1999 estamos especializados en instalaciones navales, hidr\u00e1ulicas, civiles e industriales","publisher":{"@id":"https:\/\/technofluid.it\/#organization"},"potentialAction":[{"@type":"SearchAction","target":{"@type":"EntryPoint","urlTemplate":"https:\/\/technofluid.it\/?s={search_term_string}"},"query-input":{"@type":"PropertyValueSpecification","valueRequired":true,"valueName":"search_term_string"}}],"inLanguage":"es"},{"@type":"Organization","@id":"https:\/\/technofluid.it\/#organization","name":"Technofluid","url":"https:\/\/technofluid.it\/","logo":{"@type":"ImageObject","inLanguage":"es","@id":"https:\/\/technofluid.it\/#\/schema\/logo\/image\/","url":"https:\/\/technofluid.it\/wp-content\/uploads\/2025\/12\/technofluid_bianco-logo.webp","contentUrl":"https:\/\/technofluid.it\/wp-content\/uploads\/2025\/12\/technofluid_bianco-logo.webp","width":350,"height":116,"caption":"Technofluid"},"image":{"@id":"https:\/\/technofluid.it\/#\/schema\/logo\/image\/"},"description":"Technofluid S.r.l. nace en 1999 en Barcellona Pozzo di Gotto, en la provincia de Messina, con el objetivo de convertirse en un punto de referencia en el sector de la ingenier\u00eda naval, hidr\u00e1ulica, civil e industrial.","email":"info@technofluid.it","telephone":"0907386877","legalName":"Technofluid S.R.L","vatID":"IT03148240835","taxID":"03148240835","ownershipFundingInfo":"https:\/\/technofluid.it\/azienda\/"}]},"product_price_amount":"10.74","product_price_currency":"EUR","og_availability":"instock","product_availability":"instock","product_retailer_item_id":"VANG000012","product_condition":"new"},"_links":{"self":[{"href":"https:\/\/technofluid.it\/es\/wp-json\/wp\/v2\/product\/30578","targetHints":{"allow":["GET"]}}],"collection":[{"href":"https:\/\/technofluid.it\/es\/wp-json\/wp\/v2\/product"}],"about":[{"href":"https:\/\/technofluid.it\/es\/wp-json\/wp\/v2\/types\/product"}],"replies":[{"embeddable":true,"href":"https:\/\/technofluid.it\/es\/wp-json\/wp\/v2\/comments?post=30578"}],"version-history":[{"count":0,"href":"https:\/\/technofluid.it\/es\/wp-json\/wp\/v2\/product\/30578\/revisions"}],"wp:featuredmedia":[{"embeddable":true,"href":"https:\/\/technofluid.it\/es\/wp-json\/wp\/v2\/media\/40260"}],"wp:attachment":[{"href":"https:\/\/technofluid.it\/es\/wp-json\/wp\/v2\/media?parent=30578"}],"wp:term":[{"taxonomy":"product_brand","embeddable":true,"href":"https:\/\/technofluid.it\/es\/wp-json\/wp\/v2\/product_brand?post=30578"},{"taxonomy":"product_cat","embeddable":true,"href":"https:\/\/technofluid.it\/es\/wp-json\/wp\/v2\/product_cat?post=30578"},{"taxonomy":"product_tag","embeddable":true,"href":"https:\/\/technofluid.it\/es\/wp-json\/wp\/v2\/product_tag?post=30578"}],"curies":[{"name":"wp","href":"https:\/\/api.w.org\/{rel}","templated":true}]}}