{"id":30524,"date":"2025-10-25T00:02:59","date_gmt":"2025-10-25T00:02:59","guid":{"rendered":"https:\/\/technofluid.it\/prodotto\/motore-elettrico-s-24-vdc-codice-fra1003-frigomar\/"},"modified":"2026-04-15T10:48:57","modified_gmt":"2026-04-15T09:48:57","slug":"motore-elettrico-s-24-vdc-codice-fra1003-frigomar","status":"publish","type":"product","link":"https:\/\/technofluid.it\/es\/producto\/motor-electrico-s-24-vdc-codigo-fra1003-frigomar\/","title":{"rendered":"Motor el\u00e9ctrico \u201cS\u201d 24 VDC \u2013 c\u00f3digo: FRA1003 \u2013 Frigomar"},"content":{"rendered":"<p>MOTOR EL\u00c9CTRICO \u201cS\u201d 24 VDC 3000 RPM,<br \/>\nREPUESTOS FR\u00cdO PARA GRUPOS ABIERTOS<\/p>","protected":false},"excerpt":{"rendered":"<p>MOTORE ELETTRICO &#8220;S&#8221; 24 VDC<\/p>","protected":false},"featured_media":40146,"comment_status":"open","ping_status":"closed","template":"","meta":{"_acf_changed":false,"_monsterinsights_skip_tracking":false,"_monsterinsights_sitenote_active":false,"_monsterinsights_sitenote_note":"","_monsterinsights_sitenote_category":0,"site-sidebar-layout":"default","site-content-layout":"","ast-site-content-layout":"default","site-content-style":"default","site-sidebar-style":"default","ast-global-header-display":"","ast-banner-title-visibility":"","ast-main-header-display":"","ast-hfb-above-header-display":"","ast-hfb-below-header-display":"","ast-hfb-mobile-header-display":"","site-post-title":"","ast-breadcrumbs-content":"","ast-featured-img":"","footer-sml-layout":"","ast-disable-related-posts":"","theme-transparent-header-meta":"","adv-header-id-meta":"","stick-header-meta":"","header-above-stick-meta":"","header-main-stick-meta":"","header-below-stick-meta":"","astra-migrate-meta-layouts":"default","ast-page-background-enabled":"default","ast-page-background-meta":{"desktop":{"background-color":"var(--ast-global-color-5)","background-image":"","background-repeat":"repeat","background-position":"center center","background-size":"auto","background-attachment":"scroll","background-type":"","background-media":"","overlay-type":"","overlay-color":"","overlay-opacity":"","overlay-gradient":""},"tablet":{"background-color":"","background-image":"","background-repeat":"repeat","background-position":"center center","background-size":"auto","background-attachment":"scroll","background-type":"","background-media":"","overlay-type":"","overlay-color":"","overlay-opacity":"","overlay-gradient":""},"mobile":{"background-color":"","background-image":"","background-repeat":"repeat","background-position":"center center","background-size":"auto","background-attachment":"scroll","background-type":"","background-media":"","overlay-type":"","overlay-color":"","overlay-opacity":"","overlay-gradient":""}},"ast-content-background-meta":{"desktop":{"background-color":"var(--ast-global-color-4)","background-image":"","background-repeat":"repeat","background-position":"center center","background-size":"auto","background-attachment":"scroll","background-type":"","background-media":"","overlay-type":"","overlay-color":"","overlay-opacity":"","overlay-gradient":""},"tablet":{"background-color":"var(--ast-global-color-4)","background-image":"","background-repeat":"repeat","background-position":"center center","background-size":"auto","background-attachment":"scroll","background-type":"","background-media":"","overlay-type":"","overlay-color":"","overlay-opacity":"","overlay-gradient":""},"mobile":{"background-color":"var(--ast-global-color-4)","background-image":"","background-repeat":"repeat","background-position":"center center","background-size":"auto","background-attachment":"scroll","background-type":"","background-media":"","overlay-type":"","overlay-color":"","overlay-opacity":"","overlay-gradient":""}}},"product_brand":[],"product_cat":[458,133],"product_tag":[6413,6015,6411,4425,6414],"class_list":{"0":"post-30524","1":"product","2":"type-product","3":"status-publish","4":"has-post-thumbnail","6":"product_cat-frigomar","7":"product_cat-ricambistica","8":"product_tag-6413","9":"product_tag-elettrico","10":"product_tag-frigomar-motore-elettrico-s","11":"product_tag-motore","12":"product_tag-motore-elettrico-s-24-vdc","13":"pa_supplier-frigomar-srl","14":"desktop-align-left","15":"tablet-align-left","16":"mobile-align-left","18":"first","19":"outofstock","20":"taxable","21":"shipping-taxable","22":"purchasable","23":"product-type-simple"},"acf":[],"yoast_head":"<!-- This site is optimized with the Yoast SEO Premium plugin v26.7 (Yoast SEO v26.9) - https:\/\/yoast.com\/product\/yoast-seo-premium-wordpress\/ -->\n<title>Motore elettrico 24V S 3000 RPM - Ricambi Frigomar<\/title>\n<meta name=\"description\" content=\"Scopri il motore elettrico 24V S da 3000 RPM, ricambio perfetto per gruppi frigo aperti. Acquista ora da Frigomar!\" \/>\n<meta name=\"robots\" content=\"index, follow, max-snippet:-1, max-image-preview:large, max-video-preview:-1\" \/>\n<link rel=\"canonical\" href=\"https:\/\/technofluid.it\/es\/producto\/motor-electrico-s-24-vdc-codigo-fra1003-frigomar\/\" \/>\n<meta property=\"og:locale\" content=\"es_ES\" \/>\n<meta property=\"og:type\" content=\"article\" \/>\n<meta property=\"og:title\" content=\"Motore elettrico &ldquo;S&rdquo; 24 VDC &ndash; codice: FRA1003 &ndash; Frigomar\" \/>\n<meta property=\"og:description\" content=\"Scopri il motore elettrico 24V S da 3000 RPM, ricambio perfetto per gruppi frigo aperti. Acquista ora da Frigomar!\" \/>\n<meta property=\"og:url\" content=\"https:\/\/technofluid.it\/es\/producto\/motor-electrico-s-24-vdc-codigo-fra1003-frigomar\/\" \/>\n<meta property=\"og:site_name\" content=\"Technofluid\" \/>\n<meta property=\"article:modified_time\" content=\"2026-04-15T09:48:57+00:00\" \/>\n<meta property=\"og:image\" content=\"https:\/\/technofluid.it\/wp-content\/uploads\/2026\/01\/79-Motore-elettrico-S-24-VDC-codice-FRA1003-Frigomar.jpg\" \/>\n\t<meta property=\"og:image:width\" content=\"800\" \/>\n\t<meta property=\"og:image:height\" content=\"800\" \/>\n\t<meta property=\"og:image:type\" content=\"image\/jpeg\" \/>\n<meta name=\"twitter:card\" content=\"summary_large_image\" \/>\n<meta name=\"twitter:label1\" content=\"Precio\" \/>\n\t<meta name=\"twitter:data1\" content=\"848,01&nbsp;&euro; Iva esclusa\" \/>\n\t<meta name=\"twitter:label2\" content=\"Disponibilidad\" \/>\n\t<meta name=\"twitter:data2\" content=\"Sin existencias\" \/>\n<script type=\"application\/ld+json\" class=\"yoast-schema-graph\">{\"@context\":\"https:\/\/schema.org\",\"@graph\":[{\"@type\":\"WebPage\",\"@id\":\"https:\/\/technofluid.it\/prodotto\/motore-elettrico-s-24-vdc-codice-fra1003-frigomar\/\",\"url\":\"https:\/\/technofluid.it\/prodotto\/motore-elettrico-s-24-vdc-codice-fra1003-frigomar\/\",\"name\":\"Motore elettrico 24V S 3000 RPM - Ricambi Frigomar\",\"isPartOf\":{\"@id\":\"https:\/\/technofluid.it\/#website\"},\"primaryImageOfPage\":{\"@id\":\"https:\/\/technofluid.it\/prodotto\/motore-elettrico-s-24-vdc-codice-fra1003-frigomar\/#primaryimage\"},\"image\":{\"@id\":\"https:\/\/technofluid.it\/prodotto\/motore-elettrico-s-24-vdc-codice-fra1003-frigomar\/#primaryimage\"},\"thumbnailUrl\":\"https:\/\/technofluid.it\/wp-content\/uploads\/2026\/01\/79-Motore-elettrico-S-24-VDC-codice-FRA1003-Frigomar.jpg\",\"datePublished\":\"2025-10-25T00:02:59+00:00\",\"dateModified\":\"2026-04-15T09:48:57+00:00\",\"description\":\"Scopri il motore elettrico 24V S da 3000 RPM, ricambio perfetto per gruppi frigo aperti. Acquista ora da Frigomar!\",\"breadcrumb\":{\"@id\":\"https:\/\/technofluid.it\/prodotto\/motore-elettrico-s-24-vdc-codice-fra1003-frigomar\/#breadcrumb\"},\"inLanguage\":\"es\",\"potentialAction\":[{\"@type\":\"ReadAction\",\"target\":[\"https:\/\/technofluid.it\/prodotto\/motore-elettrico-s-24-vdc-codice-fra1003-frigomar\/\"]}]},{\"@type\":\"ImageObject\",\"inLanguage\":\"es\",\"@id\":\"https:\/\/technofluid.it\/prodotto\/motore-elettrico-s-24-vdc-codice-fra1003-frigomar\/#primaryimage\",\"url\":\"https:\/\/technofluid.it\/wp-content\/uploads\/2026\/01\/79-Motore-elettrico-S-24-VDC-codice-FRA1003-Frigomar.jpg\",\"contentUrl\":\"https:\/\/technofluid.it\/wp-content\/uploads\/2026\/01\/79-Motore-elettrico-S-24-VDC-codice-FRA1003-Frigomar.jpg\",\"width\":800,\"height\":800,\"caption\":\"Immagine di un motore elettrico S 24 VDC, modello FRA1003, di Frigomar, ideale per sistemi di automazione.\"},{\"@type\":\"BreadcrumbList\",\"@id\":\"https:\/\/technofluid.it\/prodotto\/motore-elettrico-s-24-vdc-codice-fra1003-frigomar\/#breadcrumb\",\"itemListElement\":[{\"@type\":\"ListItem\",\"position\":1,\"name\":\"Home\",\"item\":\"https:\/\/technofluid.it\/\"},{\"@type\":\"ListItem\",\"position\":2,\"name\":\"Shop\",\"item\":\"https:\/\/technofluid.it\/shop\/\"},{\"@type\":\"ListItem\",\"position\":3,\"name\":\"Motore elettrico &ldquo;S&rdquo; 24 VDC &ndash; codice: FRA1003 &ndash; Frigomar\"}]},{\"@type\":\"WebSite\",\"@id\":\"https:\/\/technofluid.it\/#website\",\"url\":\"https:\/\/technofluid.it\/\",\"name\":\"Technofluid S.R.L.\",\"description\":\"Dal 1999 siamo specializzati nell&#039;impiantistica navale, idraulica, civile e industriale\",\"publisher\":{\"@id\":\"https:\/\/technofluid.it\/#organization\"},\"potentialAction\":[{\"@type\":\"SearchAction\",\"target\":{\"@type\":\"EntryPoint\",\"urlTemplate\":\"https:\/\/technofluid.it\/?s={search_term_string}\"},\"query-input\":{\"@type\":\"PropertyValueSpecification\",\"valueRequired\":true,\"valueName\":\"search_term_string\"}}],\"inLanguage\":\"es\"},{\"@type\":\"Organization\",\"@id\":\"https:\/\/technofluid.it\/#organization\",\"name\":\"Technofluid\",\"url\":\"https:\/\/technofluid.it\/\",\"logo\":{\"@type\":\"ImageObject\",\"inLanguage\":\"es\",\"@id\":\"https:\/\/technofluid.it\/#\/schema\/logo\/image\/\",\"url\":\"https:\/\/technofluid.it\/wp-content\/uploads\/2025\/12\/technofluid_bianco-logo.webp\",\"contentUrl\":\"https:\/\/technofluid.it\/wp-content\/uploads\/2025\/12\/technofluid_bianco-logo.webp\",\"width\":350,\"height\":116,\"caption\":\"Technofluid\"},\"image\":{\"@id\":\"https:\/\/technofluid.it\/#\/schema\/logo\/image\/\"},\"description\":\"La Technofluid S.r.l. nasce nel 1999 a Barcellona Pozzo di Gotto, in provincia di Messina, con l\u2019obiettivo di diventare un punto di riferimento nel settore dell\u2019impiantistica navale, idraulica, civile e industriale.\",\"email\":\"info@technofluid.it\",\"telephone\":\"0907386877\",\"legalName\":\"Technofluid S.R.L\",\"vatID\":\"IT03148240835\",\"taxID\":\"03148240835\",\"ownershipFundingInfo\":\"https:\/\/technofluid.it\/azienda\/\"}]}<\/script>\n<meta property=\"product:price:amount\" content=\"848.01\" \/>\n<meta property=\"product:price:currency\" content=\"EUR\" \/>\n<meta property=\"og:availability\" content=\"out of stock\" \/>\n<meta property=\"product:availability\" content=\"out of stock\" \/>\n<meta property=\"product:retailer_item_id\" content=\"FRI000000013\" \/>\n<meta property=\"product:condition\" content=\"new\" \/>\n<!-- \/ Yoast SEO Premium plugin. -->","yoast_head_json":{"title":"Motor el\u00e9ctrico 24V S 3000 RPM - Repuestos Frigomar","description":"Descubre el motor el\u00e9ctrico 24V S de 3000 RPM, repuesto perfecto para grupos frigor\u00edficos abiertos. \u00a1Compra ahora en Frigomar!","robots":{"index":"index","follow":"follow","max-snippet":"max-snippet:-1","max-image-preview":"max-image-preview:large","max-video-preview":"max-video-preview:-1"},"canonical":"https:\/\/technofluid.it\/es\/producto\/motor-electrico-s-24-vdc-codigo-fra1003-frigomar\/","og_locale":"es_ES","og_type":"article","og_title":"Motore elettrico &ldquo;S&rdquo; 24 VDC &ndash; codice: FRA1003 &ndash; Frigomar","og_description":"Scopri il motore elettrico 24V S da 3000 RPM, ricambio perfetto per gruppi frigo aperti. Acquista ora da Frigomar!","og_url":"https:\/\/technofluid.it\/es\/producto\/motor-electrico-s-24-vdc-codigo-fra1003-frigomar\/","og_site_name":"Technofluid","article_modified_time":"2026-04-15T09:48:57+00:00","og_image":[{"width":800,"height":800,"url":"https:\/\/technofluid.it\/wp-content\/uploads\/2026\/01\/79-Motore-elettrico-S-24-VDC-codice-FRA1003-Frigomar.jpg","type":"image\/jpeg"}],"twitter_card":"summary_large_image","twitter_misc":{"Precio":"848,01&nbsp;&euro; Iva esclusa","Disponibilidad":"Sin existencias"},"schema":{"@context":"https:\/\/schema.org","@graph":[{"@type":"WebPage","@id":"https:\/\/technofluid.it\/prodotto\/motore-elettrico-s-24-vdc-codice-fra1003-frigomar\/","url":"https:\/\/technofluid.it\/prodotto\/motore-elettrico-s-24-vdc-codice-fra1003-frigomar\/","name":"Motor el\u00e9ctrico 24V S 3000 RPM - Repuestos Frigomar","isPartOf":{"@id":"https:\/\/technofluid.it\/#website"},"primaryImageOfPage":{"@id":"https:\/\/technofluid.it\/prodotto\/motore-elettrico-s-24-vdc-codice-fra1003-frigomar\/#primaryimage"},"image":{"@id":"https:\/\/technofluid.it\/prodotto\/motore-elettrico-s-24-vdc-codice-fra1003-frigomar\/#primaryimage"},"thumbnailUrl":"https:\/\/technofluid.it\/wp-content\/uploads\/2026\/01\/79-Motore-elettrico-S-24-VDC-codice-FRA1003-Frigomar.jpg","datePublished":"2025-10-25T00:02:59+00:00","dateModified":"2026-04-15T09:48:57+00:00","description":"Descubre el motor el\u00e9ctrico 24V S de 3000 RPM, repuesto perfecto para grupos frigor\u00edficos abiertos. \u00a1Compra ahora en Frigomar!","breadcrumb":{"@id":"https:\/\/technofluid.it\/prodotto\/motore-elettrico-s-24-vdc-codice-fra1003-frigomar\/#breadcrumb"},"inLanguage":"es","potentialAction":[{"@type":"ReadAction","target":["https:\/\/technofluid.it\/prodotto\/motore-elettrico-s-24-vdc-codice-fra1003-frigomar\/"]}]},{"@type":"ImageObject","inLanguage":"es","@id":"https:\/\/technofluid.it\/prodotto\/motore-elettrico-s-24-vdc-codice-fra1003-frigomar\/#primaryimage","url":"https:\/\/technofluid.it\/wp-content\/uploads\/2026\/01\/79-Motore-elettrico-S-24-VDC-codice-FRA1003-Frigomar.jpg","contentUrl":"https:\/\/technofluid.it\/wp-content\/uploads\/2026\/01\/79-Motore-elettrico-S-24-VDC-codice-FRA1003-Frigomar.jpg","width":800,"height":800,"caption":"Immagine di un motore elettrico S 24 VDC, modello FRA1003, di Frigomar, ideale per sistemi di automazione."},{"@type":"BreadcrumbList","@id":"https:\/\/technofluid.it\/prodotto\/motore-elettrico-s-24-vdc-codice-fra1003-frigomar\/#breadcrumb","itemListElement":[{"@type":"ListItem","position":1,"name":"Home","item":"https:\/\/technofluid.it\/"},{"@type":"ListItem","position":2,"name":"Shop","item":"https:\/\/technofluid.it\/shop\/"},{"@type":"ListItem","position":3,"name":"Motore elettrico &ldquo;S&rdquo; 24 VDC &ndash; codice: FRA1003 &ndash; Frigomar"}]},{"@type":"WebSite","@id":"https:\/\/technofluid.it\/#website","url":"https:\/\/technofluid.it\/","name":"Technofluid S.R.L.","description":"Desde 1999 estamos especializados en instalaciones navales, hidr\u00e1ulicas, civiles e industriales","publisher":{"@id":"https:\/\/technofluid.it\/#organization"},"potentialAction":[{"@type":"SearchAction","target":{"@type":"EntryPoint","urlTemplate":"https:\/\/technofluid.it\/?s={search_term_string}"},"query-input":{"@type":"PropertyValueSpecification","valueRequired":true,"valueName":"search_term_string"}}],"inLanguage":"es"},{"@type":"Organization","@id":"https:\/\/technofluid.it\/#organization","name":"Technofluid","url":"https:\/\/technofluid.it\/","logo":{"@type":"ImageObject","inLanguage":"es","@id":"https:\/\/technofluid.it\/#\/schema\/logo\/image\/","url":"https:\/\/technofluid.it\/wp-content\/uploads\/2025\/12\/technofluid_bianco-logo.webp","contentUrl":"https:\/\/technofluid.it\/wp-content\/uploads\/2025\/12\/technofluid_bianco-logo.webp","width":350,"height":116,"caption":"Technofluid"},"image":{"@id":"https:\/\/technofluid.it\/#\/schema\/logo\/image\/"},"description":"Technofluid S.r.l. nace en 1999 en Barcellona Pozzo di Gotto, en la provincia de Messina, con el objetivo de convertirse en un punto de referencia en el sector de la ingenier\u00eda naval, hidr\u00e1ulica, civil e industrial.","email":"info@technofluid.it","telephone":"0907386877","legalName":"Technofluid S.R.L","vatID":"IT03148240835","taxID":"03148240835","ownershipFundingInfo":"https:\/\/technofluid.it\/azienda\/"}]},"product_price_amount":"848.01","product_price_currency":"EUR","og_availability":"out of stock","product_availability":"out of stock","product_retailer_item_id":"FRI000000013","product_condition":"new"},"_links":{"self":[{"href":"https:\/\/technofluid.it\/es\/wp-json\/wp\/v2\/product\/30524","targetHints":{"allow":["GET"]}}],"collection":[{"href":"https:\/\/technofluid.it\/es\/wp-json\/wp\/v2\/product"}],"about":[{"href":"https:\/\/technofluid.it\/es\/wp-json\/wp\/v2\/types\/product"}],"replies":[{"embeddable":true,"href":"https:\/\/technofluid.it\/es\/wp-json\/wp\/v2\/comments?post=30524"}],"version-history":[{"count":1,"href":"https:\/\/technofluid.it\/es\/wp-json\/wp\/v2\/product\/30524\/revisions"}],"predecessor-version":[{"id":52754,"href":"https:\/\/technofluid.it\/es\/wp-json\/wp\/v2\/product\/30524\/revisions\/52754"}],"wp:featuredmedia":[{"embeddable":true,"href":"https:\/\/technofluid.it\/es\/wp-json\/wp\/v2\/media\/40146"}],"wp:attachment":[{"href":"https:\/\/technofluid.it\/es\/wp-json\/wp\/v2\/media?parent=30524"}],"wp:term":[{"taxonomy":"product_brand","embeddable":true,"href":"https:\/\/technofluid.it\/es\/wp-json\/wp\/v2\/product_brand?post=30524"},{"taxonomy":"product_cat","embeddable":true,"href":"https:\/\/technofluid.it\/es\/wp-json\/wp\/v2\/product_cat?post=30524"},{"taxonomy":"product_tag","embeddable":true,"href":"https:\/\/technofluid.it\/es\/wp-json\/wp\/v2\/product_tag?post=30524"}],"curies":[{"name":"wp","href":"https:\/\/api.w.org\/{rel}","templated":true}]}}