{"id":30469,"date":"2025-10-25T01:02:53","date_gmt":"2025-10-25T00:02:53","guid":{"rendered":"https:\/\/technofluid.it\/prodotto\/modulo-per-cambio-filtri-water-i-codice-kitsb3-rg-italia\/"},"modified":"2026-03-25T12:56:58","modified_gmt":"2026-03-25T11:56:58","slug":"modulo-per-cambio-filtri-water-i-codice-kitsb3-rg-italia","status":"publish","type":"product","link":"https:\/\/technofluid.it\/es\/producto\/modulo-para-cambio-filtros-water-i-codigo-kitsb3-rg-italia-2\/","title":{"rendered":"M\u00f3dulo para cambio de filtros Water I \u2013 c\u00f3digo: KITSB3 \u2013 RG Italia"},"content":{"rendered":"<p>M\u00d3DULO PARA CAMBIO DE FILTROS WATERI, COMPLETO<br \/>\nKITSB3<\/p>\n<p>\n<b>Primer etapa<\/b> (prefiltraci\u00f3n)\t1 filtro de sedimentos autonom\u00eda 9.500 lt\n<\/p>\n<p>\n<b>Segunda etapa<\/b> (prefiltraci\u00f3n\t1 filtro de carb\u00f3n activado CBB autonom\u00eda 9.500 lt\n<\/p>\n<p>\n<b>Tercer etapa<\/b> (filtraci\u00f3n)\t1 filtro de ultrafiltraci\u00f3n de fibras huecas autonom\u00eda 9.500 lt \u2013 filtraci\u00f3n de 0,01 micrones<\/p>","protected":false},"excerpt":{"rendered":"<p>M\u00f3dulo de repuesto completo para el cambio de filtros del sistema Water I. El kit RG Italia c\u00f3digo KITSB3 incluye las tres etapas previstas: filtro de sedimentos para la prefiltraci\u00f3n, filtro de carb\u00f3n activo CBB como segunda etapa y filtro de ultrafiltraci\u00f3n de fibras huecas como tercera etapa (filtraci\u00f3n de 0,01 micrones). Cada elemento indica una autonom\u00eda de 9.500 lt. Soluci\u00f3n pr\u00e1ctica para mantenimiento y gesti\u00f3n de repuestos en el \u00e1mbito de instalaciones y a bordo, \u00fatil cuando se desea sustituir toda la cadena de filtraci\u00f3n manteniendo la secuencia del sistema.<\/p>","protected":false},"featured_media":40020,"comment_status":"open","ping_status":"closed","template":"","meta":{"_acf_changed":false,"_monsterinsights_skip_tracking":false,"_monsterinsights_sitenote_active":false,"_monsterinsights_sitenote_note":"","_monsterinsights_sitenote_category":0,"site-sidebar-layout":"default","site-content-layout":"","ast-site-content-layout":"default","site-content-style":"default","site-sidebar-style":"default","ast-global-header-display":"","ast-banner-title-visibility":"","ast-main-header-display":"","ast-hfb-above-header-display":"","ast-hfb-below-header-display":"","ast-hfb-mobile-header-display":"","site-post-title":"","ast-breadcrumbs-content":"","ast-featured-img":"","footer-sml-layout":"","ast-disable-related-posts":"","theme-transparent-header-meta":"default","adv-header-id-meta":"","stick-header-meta":"","header-above-stick-meta":"","header-main-stick-meta":"","header-below-stick-meta":"","astra-migrate-meta-layouts":"set","ast-page-background-enabled":"default","ast-page-background-meta":{"desktop":{"background-color":"var(--ast-global-color-5)","background-image":"","background-repeat":"repeat","background-position":"center center","background-size":"auto","background-attachment":"scroll","background-type":"","background-media":"","overlay-type":"","overlay-color":"","overlay-opacity":"","overlay-gradient":""},"tablet":{"background-color":"","background-image":"","background-repeat":"repeat","background-position":"center center","background-size":"auto","background-attachment":"scroll","background-type":"","background-media":"","overlay-type":"","overlay-color":"","overlay-opacity":"","overlay-gradient":""},"mobile":{"background-color":"","background-image":"","background-repeat":"repeat","background-position":"center center","background-size":"auto","background-attachment":"scroll","background-type":"","background-media":"","overlay-type":"","overlay-color":"","overlay-opacity":"","overlay-gradient":""}},"ast-content-background-meta":{"desktop":{"background-color":"var(--ast-global-color-4)","background-image":"","background-repeat":"repeat","background-position":"center center","background-size":"auto","background-attachment":"scroll","background-type":"","background-media":"","overlay-type":"","overlay-color":"","overlay-opacity":"","overlay-gradient":""},"tablet":{"background-color":"var(--ast-global-color-4)","background-image":"","background-repeat":"repeat","background-position":"center center","background-size":"auto","background-attachment":"scroll","background-type":"","background-media":"","overlay-type":"","overlay-color":"","overlay-opacity":"","overlay-gradient":""},"mobile":{"background-color":"var(--ast-global-color-4)","background-image":"","background-repeat":"repeat","background-position":"center center","background-size":"auto","background-attachment":"scroll","background-type":"","background-media":"","overlay-type":"","overlay-color":"","overlay-opacity":"","overlay-gradient":""}}},"product_brand":[],"product_cat":[95,1155],"product_tag":[5112,6301,6302],"class_list":{"0":"post-30469","1":"product","2":"type-product","3":"status-publish","4":"has-post-thumbnail","6":"product_cat-trattamento-acqua","7":"product_cat-filtri-per-water-i","8":"product_tag-cambio-filtro","9":"product_tag-modulo-completo","10":"product_tag-warter-i","11":"pa_supplier-rg-italia-production-srl","12":"desktop-align-left","13":"tablet-align-left","14":"mobile-align-left","16":"first","17":"instock","18":"taxable","19":"shipping-taxable","20":"purchasable","21":"product-type-simple"},"acf":[],"yoast_head":"<!-- This site is optimized with the Yoast SEO Premium plugin v26.7 (Yoast SEO v26.9) - https:\/\/yoast.com\/product\/yoast-seo-premium-wordpress\/ -->\n<title>Modulo cambio filtri Water I KITSB3 | RG Italia<\/title>\n<meta name=\"description\" content=\"Kit completo KITSB3 per cambio filtri Water I: sedimenti, carboni attivi CBB e ultrafiltrazione a fibre cave. Ricambio RG Italia.\" \/>\n<meta name=\"robots\" content=\"index, follow, max-snippet:-1, max-image-preview:large, max-video-preview:-1\" \/>\n<link rel=\"canonical\" href=\"https:\/\/technofluid.it\/es\/producto\/modulo-para-cambio-filtros-water-i-codigo-kitsb3-rg-italia-2\/\" \/>\n<meta property=\"og:locale\" content=\"es_ES\" \/>\n<meta property=\"og:type\" content=\"article\" \/>\n<meta property=\"og:title\" content=\"Modulo per cambio filtri Water I &ndash; codice: KITSB3 &ndash; RG Italia\" \/>\n<meta property=\"og:description\" content=\"Kit completo KITSB3 per cambio filtri Water I: sedimenti, carboni attivi CBB e ultrafiltrazione a fibre cave. Ricambio RG Italia.\" \/>\n<meta property=\"og:url\" content=\"https:\/\/technofluid.it\/es\/producto\/modulo-para-cambio-filtros-water-i-codigo-kitsb3-rg-italia-2\/\" \/>\n<meta property=\"og:site_name\" content=\"Technofluid\" \/>\n<meta property=\"article:modified_time\" content=\"2026-03-25T11:56:58+00:00\" \/>\n<meta property=\"og:image\" content=\"https:\/\/technofluid.it\/wp-content\/uploads\/2026\/01\/739-MODULO-PER-CAMBIO-FILTRI-WATER-I-CODICE-KITSB3-RG-ITALIA.jpg\" \/>\n\t<meta property=\"og:image:width\" content=\"800\" \/>\n\t<meta property=\"og:image:height\" content=\"600\" \/>\n\t<meta property=\"og:image:type\" content=\"image\/jpeg\" \/>\n<meta name=\"twitter:card\" content=\"summary_large_image\" \/>\n<meta name=\"twitter:label1\" content=\"Precio\" \/>\n\t<meta name=\"twitter:data1\" content=\"161,76&nbsp;&euro; Iva esclusa\" \/>\n\t<meta name=\"twitter:label2\" content=\"Disponibilidad\" \/>\n\t<meta name=\"twitter:data2\" content=\"Disponible\" \/>\n<script type=\"application\/ld+json\" class=\"yoast-schema-graph\">{\"@context\":\"https:\/\/schema.org\",\"@graph\":[{\"@type\":\"WebPage\",\"@id\":\"https:\/\/technofluid.it\/prodotto\/modulo-per-cambio-filtri-water-i-codice-kitsb3-rg-italia\/\",\"url\":\"https:\/\/technofluid.it\/prodotto\/modulo-per-cambio-filtri-water-i-codice-kitsb3-rg-italia\/\",\"name\":\"Modulo cambio filtri Water I KITSB3 | RG Italia\",\"isPartOf\":{\"@id\":\"https:\/\/technofluid.it\/#website\"},\"primaryImageOfPage\":{\"@id\":\"https:\/\/technofluid.it\/prodotto\/modulo-per-cambio-filtri-water-i-codice-kitsb3-rg-italia\/#primaryimage\"},\"image\":{\"@id\":\"https:\/\/technofluid.it\/prodotto\/modulo-per-cambio-filtri-water-i-codice-kitsb3-rg-italia\/#primaryimage\"},\"thumbnailUrl\":\"https:\/\/technofluid.it\/wp-content\/uploads\/2026\/01\/739-MODULO-PER-CAMBIO-FILTRI-WATER-I-CODICE-KITSB3-RG-ITALIA.jpg\",\"datePublished\":\"2025-10-25T00:02:53+00:00\",\"dateModified\":\"2026-03-25T11:56:58+00:00\",\"description\":\"Kit completo KITSB3 per cambio filtri Water I: sedimenti, carboni attivi CBB e ultrafiltrazione a fibre cave. Ricambio RG Italia.\",\"breadcrumb\":{\"@id\":\"https:\/\/technofluid.it\/prodotto\/modulo-per-cambio-filtri-water-i-codice-kitsb3-rg-italia\/#breadcrumb\"},\"inLanguage\":\"es\",\"potentialAction\":[{\"@type\":\"ReadAction\",\"target\":[\"https:\/\/technofluid.it\/prodotto\/modulo-per-cambio-filtri-water-i-codice-kitsb3-rg-italia\/\"]}]},{\"@type\":\"ImageObject\",\"inLanguage\":\"es\",\"@id\":\"https:\/\/technofluid.it\/prodotto\/modulo-per-cambio-filtri-water-i-codice-kitsb3-rg-italia\/#primaryimage\",\"url\":\"https:\/\/technofluid.it\/wp-content\/uploads\/2026\/01\/739-MODULO-PER-CAMBIO-FILTRI-WATER-I-CODICE-KITSB3-RG-ITALIA.jpg\",\"contentUrl\":\"https:\/\/technofluid.it\/wp-content\/uploads\/2026\/01\/739-MODULO-PER-CAMBIO-FILTRI-WATER-I-CODICE-KITSB3-RG-ITALIA.jpg\",\"width\":800,\"height\":600,\"caption\":\"Modulo per cambio filtri Water I, componente del sistema di filtrazione.\"},{\"@type\":\"BreadcrumbList\",\"@id\":\"https:\/\/technofluid.it\/prodotto\/modulo-per-cambio-filtri-water-i-codice-kitsb3-rg-italia\/#breadcrumb\",\"itemListElement\":[{\"@type\":\"ListItem\",\"position\":1,\"name\":\"Home\",\"item\":\"https:\/\/technofluid.it\/\"},{\"@type\":\"ListItem\",\"position\":2,\"name\":\"Shop\",\"item\":\"https:\/\/technofluid.it\/shop\/\"},{\"@type\":\"ListItem\",\"position\":3,\"name\":\"Modulo per cambio filtri Water I &ndash; codice: KITSB3 &ndash; RG Italia\"}]},{\"@type\":\"WebSite\",\"@id\":\"https:\/\/technofluid.it\/#website\",\"url\":\"https:\/\/technofluid.it\/\",\"name\":\"Technofluid S.R.L.\",\"description\":\"Dal 1999 siamo specializzati nell&#039;impiantistica navale, idraulica, civile e industriale\",\"publisher\":{\"@id\":\"https:\/\/technofluid.it\/#organization\"},\"potentialAction\":[{\"@type\":\"SearchAction\",\"target\":{\"@type\":\"EntryPoint\",\"urlTemplate\":\"https:\/\/technofluid.it\/?s={search_term_string}\"},\"query-input\":{\"@type\":\"PropertyValueSpecification\",\"valueRequired\":true,\"valueName\":\"search_term_string\"}}],\"inLanguage\":\"es\"},{\"@type\":\"Organization\",\"@id\":\"https:\/\/technofluid.it\/#organization\",\"name\":\"Technofluid\",\"url\":\"https:\/\/technofluid.it\/\",\"logo\":{\"@type\":\"ImageObject\",\"inLanguage\":\"es\",\"@id\":\"https:\/\/technofluid.it\/#\/schema\/logo\/image\/\",\"url\":\"https:\/\/technofluid.it\/wp-content\/uploads\/2025\/12\/technofluid_bianco-logo.webp\",\"contentUrl\":\"https:\/\/technofluid.it\/wp-content\/uploads\/2025\/12\/technofluid_bianco-logo.webp\",\"width\":350,\"height\":116,\"caption\":\"Technofluid\"},\"image\":{\"@id\":\"https:\/\/technofluid.it\/#\/schema\/logo\/image\/\"},\"description\":\"La Technofluid S.r.l. nasce nel 1999 a Barcellona Pozzo di Gotto, in provincia di Messina, con l\u2019obiettivo di diventare un punto di riferimento nel settore dell\u2019impiantistica navale, idraulica, civile e industriale.\",\"email\":\"info@technofluid.it\",\"telephone\":\"0907386877\",\"legalName\":\"Technofluid S.R.L\",\"vatID\":\"IT03148240835\",\"taxID\":\"03148240835\",\"ownershipFundingInfo\":\"https:\/\/technofluid.it\/azienda\/\"}]}<\/script>\n<meta property=\"product:price:amount\" content=\"161.76\" \/>\n<meta property=\"product:price:currency\" content=\"EUR\" \/>\n<meta property=\"og:availability\" content=\"instock\" \/>\n<meta property=\"product:availability\" content=\"instock\" \/>\n<meta property=\"product:retailer_item_id\" content=\"RG000000002\" \/>\n<meta property=\"product:condition\" content=\"new\" \/>\n<!-- \/ Yoast SEO Premium plugin. -->","yoast_head_json":{"title":"M\u00f3dulo cambio filtros Water I KITSB3 | RG Italia","description":"Kit completo KITSB3 para cambio de filtros Water I: sedimentos, carbones activos CBB y ultrafiltraci\u00f3n de fibras huecas. Recambio RG Italia.","robots":{"index":"index","follow":"follow","max-snippet":"max-snippet:-1","max-image-preview":"max-image-preview:large","max-video-preview":"max-video-preview:-1"},"canonical":"https:\/\/technofluid.it\/es\/producto\/modulo-para-cambio-filtros-water-i-codigo-kitsb3-rg-italia-2\/","og_locale":"es_ES","og_type":"article","og_title":"Modulo per cambio filtri Water I &ndash; codice: KITSB3 &ndash; RG Italia","og_description":"Kit completo KITSB3 per cambio filtri Water I: sedimenti, carboni attivi CBB e ultrafiltrazione a fibre cave. Ricambio RG Italia.","og_url":"https:\/\/technofluid.it\/es\/producto\/modulo-para-cambio-filtros-water-i-codigo-kitsb3-rg-italia-2\/","og_site_name":"Technofluid","article_modified_time":"2026-03-25T11:56:58+00:00","og_image":[{"width":800,"height":600,"url":"https:\/\/technofluid.it\/wp-content\/uploads\/2026\/01\/739-MODULO-PER-CAMBIO-FILTRI-WATER-I-CODICE-KITSB3-RG-ITALIA.jpg","type":"image\/jpeg"}],"twitter_card":"summary_large_image","twitter_misc":{"Precio":"161,76&nbsp;&euro; Iva esclusa","Disponibilidad":"Disponible"},"schema":{"@context":"https:\/\/schema.org","@graph":[{"@type":"WebPage","@id":"https:\/\/technofluid.it\/prodotto\/modulo-per-cambio-filtri-water-i-codice-kitsb3-rg-italia\/","url":"https:\/\/technofluid.it\/prodotto\/modulo-per-cambio-filtri-water-i-codice-kitsb3-rg-italia\/","name":"M\u00f3dulo cambio filtros Water I KITSB3 | RG Italia","isPartOf":{"@id":"https:\/\/technofluid.it\/#website"},"primaryImageOfPage":{"@id":"https:\/\/technofluid.it\/prodotto\/modulo-per-cambio-filtri-water-i-codice-kitsb3-rg-italia\/#primaryimage"},"image":{"@id":"https:\/\/technofluid.it\/prodotto\/modulo-per-cambio-filtri-water-i-codice-kitsb3-rg-italia\/#primaryimage"},"thumbnailUrl":"https:\/\/technofluid.it\/wp-content\/uploads\/2026\/01\/739-MODULO-PER-CAMBIO-FILTRI-WATER-I-CODICE-KITSB3-RG-ITALIA.jpg","datePublished":"2025-10-25T00:02:53+00:00","dateModified":"2026-03-25T11:56:58+00:00","description":"Kit completo KITSB3 para cambio de filtros Water I: sedimentos, carbones activos CBB y ultrafiltraci\u00f3n de fibras huecas. Recambio RG Italia.","breadcrumb":{"@id":"https:\/\/technofluid.it\/prodotto\/modulo-per-cambio-filtri-water-i-codice-kitsb3-rg-italia\/#breadcrumb"},"inLanguage":"es","potentialAction":[{"@type":"ReadAction","target":["https:\/\/technofluid.it\/prodotto\/modulo-per-cambio-filtri-water-i-codice-kitsb3-rg-italia\/"]}]},{"@type":"ImageObject","inLanguage":"es","@id":"https:\/\/technofluid.it\/prodotto\/modulo-per-cambio-filtri-water-i-codice-kitsb3-rg-italia\/#primaryimage","url":"https:\/\/technofluid.it\/wp-content\/uploads\/2026\/01\/739-MODULO-PER-CAMBIO-FILTRI-WATER-I-CODICE-KITSB3-RG-ITALIA.jpg","contentUrl":"https:\/\/technofluid.it\/wp-content\/uploads\/2026\/01\/739-MODULO-PER-CAMBIO-FILTRI-WATER-I-CODICE-KITSB3-RG-ITALIA.jpg","width":800,"height":600,"caption":"Modulo per cambio filtri Water I, componente del sistema di filtrazione."},{"@type":"BreadcrumbList","@id":"https:\/\/technofluid.it\/prodotto\/modulo-per-cambio-filtri-water-i-codice-kitsb3-rg-italia\/#breadcrumb","itemListElement":[{"@type":"ListItem","position":1,"name":"Home","item":"https:\/\/technofluid.it\/"},{"@type":"ListItem","position":2,"name":"Shop","item":"https:\/\/technofluid.it\/shop\/"},{"@type":"ListItem","position":3,"name":"Modulo per cambio filtri Water I &ndash; codice: KITSB3 &ndash; RG Italia"}]},{"@type":"WebSite","@id":"https:\/\/technofluid.it\/#website","url":"https:\/\/technofluid.it\/","name":"Technofluid S.R.L.","description":"Desde 1999 estamos especializados en instalaciones navales, hidr\u00e1ulicas, civiles e industriales","publisher":{"@id":"https:\/\/technofluid.it\/#organization"},"potentialAction":[{"@type":"SearchAction","target":{"@type":"EntryPoint","urlTemplate":"https:\/\/technofluid.it\/?s={search_term_string}"},"query-input":{"@type":"PropertyValueSpecification","valueRequired":true,"valueName":"search_term_string"}}],"inLanguage":"es"},{"@type":"Organization","@id":"https:\/\/technofluid.it\/#organization","name":"Technofluid","url":"https:\/\/technofluid.it\/","logo":{"@type":"ImageObject","inLanguage":"es","@id":"https:\/\/technofluid.it\/#\/schema\/logo\/image\/","url":"https:\/\/technofluid.it\/wp-content\/uploads\/2025\/12\/technofluid_bianco-logo.webp","contentUrl":"https:\/\/technofluid.it\/wp-content\/uploads\/2025\/12\/technofluid_bianco-logo.webp","width":350,"height":116,"caption":"Technofluid"},"image":{"@id":"https:\/\/technofluid.it\/#\/schema\/logo\/image\/"},"description":"Technofluid S.r.l. nace en 1999 en Barcellona Pozzo di Gotto, en la provincia de Messina, con el objetivo de convertirse en un punto de referencia en el sector de la ingenier\u00eda naval, hidr\u00e1ulica, civil e industrial.","email":"info@technofluid.it","telephone":"0907386877","legalName":"Technofluid S.R.L","vatID":"IT03148240835","taxID":"03148240835","ownershipFundingInfo":"https:\/\/technofluid.it\/azienda\/"}]},"product_price_amount":"161.76","product_price_currency":"EUR","og_availability":"instock","product_availability":"instock","product_retailer_item_id":"RG000000002","product_condition":"new"},"_links":{"self":[{"href":"https:\/\/technofluid.it\/es\/wp-json\/wp\/v2\/product\/30469","targetHints":{"allow":["GET"]}}],"collection":[{"href":"https:\/\/technofluid.it\/es\/wp-json\/wp\/v2\/product"}],"about":[{"href":"https:\/\/technofluid.it\/es\/wp-json\/wp\/v2\/types\/product"}],"replies":[{"embeddable":true,"href":"https:\/\/technofluid.it\/es\/wp-json\/wp\/v2\/comments?post=30469"}],"version-history":[{"count":5,"href":"https:\/\/technofluid.it\/es\/wp-json\/wp\/v2\/product\/30469\/revisions"}],"predecessor-version":[{"id":56481,"href":"https:\/\/technofluid.it\/es\/wp-json\/wp\/v2\/product\/30469\/revisions\/56481"}],"wp:featuredmedia":[{"embeddable":true,"href":"https:\/\/technofluid.it\/es\/wp-json\/wp\/v2\/media\/40020"}],"wp:attachment":[{"href":"https:\/\/technofluid.it\/es\/wp-json\/wp\/v2\/media?parent=30469"}],"wp:term":[{"taxonomy":"product_brand","embeddable":true,"href":"https:\/\/technofluid.it\/es\/wp-json\/wp\/v2\/product_brand?post=30469"},{"taxonomy":"product_cat","embeddable":true,"href":"https:\/\/technofluid.it\/es\/wp-json\/wp\/v2\/product_cat?post=30469"},{"taxonomy":"product_tag","embeddable":true,"href":"https:\/\/technofluid.it\/es\/wp-json\/wp\/v2\/product_tag?post=30469"}],"curies":[{"name":"wp","href":"https:\/\/api.w.org\/{rel}","templated":true}]}}