{"id":30349,"date":"2025-10-25T00:02:34","date_gmt":"2025-10-25T00:02:34","guid":{"rendered":"https:\/\/technofluid.it\/prodotto\/kit-ricambi-per-mvi60-230v-mono-completo-codice-kmvi6002c-gianneschi-pumps-and-blowers\/"},"modified":"2026-04-15T11:46:18","modified_gmt":"2026-04-15T10:46:18","slug":"kit-ricambi-per-mvi60-230v-monofase-completo-codice-kmvi6002c-gianneschi-pumps-and-blowers","status":"publish","type":"product","link":"https:\/\/technofluid.it\/es\/producto\/kit-de-repuestos-para-mvi60-230v-monofasico-completo-codigo-kmvi6002c-gianneschi-pumps-and-blowers\/","title":{"rendered":"Kit de repuestos para MVI60, 230V, monof\u00e1sico, completo \u2013 c\u00f3digo: KMVI6002C \u2013 Gianneschi Pumps and Blowers"},"content":{"rendered":"<p>KIT COMPUESTO POR: ESTATOR, ROTOR ACOPLADO, JUNTA MEC\u00c1NICA, CONDENSADORES<\/p>","protected":false},"excerpt":{"rendered":"<p>KIT COMPUESTO POR: ESTATOR, ROTOR ACOPLADO, JUNTA MEC\u00c1NICA, CONDENSADORES<\/p>","protected":false},"featured_media":39699,"comment_status":"open","ping_status":"closed","template":"","meta":{"_acf_changed":false,"_monsterinsights_skip_tracking":false,"_monsterinsights_sitenote_active":false,"_monsterinsights_sitenote_note":"","_monsterinsights_sitenote_category":0,"site-sidebar-layout":"default","site-content-layout":"","ast-site-content-layout":"default","site-content-style":"default","site-sidebar-style":"default","ast-global-header-display":"","ast-banner-title-visibility":"","ast-main-header-display":"","ast-hfb-above-header-display":"","ast-hfb-below-header-display":"","ast-hfb-mobile-header-display":"","site-post-title":"","ast-breadcrumbs-content":"","ast-featured-img":"","footer-sml-layout":"","ast-disable-related-posts":"","theme-transparent-header-meta":"default","adv-header-id-meta":"","stick-header-meta":"","header-above-stick-meta":"","header-main-stick-meta":"","header-below-stick-meta":"","astra-migrate-meta-layouts":"set","ast-page-background-enabled":"default","ast-page-background-meta":{"desktop":{"background-color":"var(--ast-global-color-5)","background-image":"","background-repeat":"repeat","background-position":"center center","background-size":"auto","background-attachment":"scroll","background-type":"","background-media":"","overlay-type":"","overlay-color":"","overlay-opacity":"","overlay-gradient":""},"tablet":{"background-color":"","background-image":"","background-repeat":"repeat","background-position":"center center","background-size":"auto","background-attachment":"scroll","background-type":"","background-media":"","overlay-type":"","overlay-color":"","overlay-opacity":"","overlay-gradient":""},"mobile":{"background-color":"","background-image":"","background-repeat":"repeat","background-position":"center center","background-size":"auto","background-attachment":"scroll","background-type":"","background-media":"","overlay-type":"","overlay-color":"","overlay-opacity":"","overlay-gradient":""}},"ast-content-background-meta":{"desktop":{"background-color":"var(--ast-global-color-4)","background-image":"","background-repeat":"repeat","background-position":"center center","background-size":"auto","background-attachment":"scroll","background-type":"","background-media":"","overlay-type":"","overlay-color":"","overlay-opacity":"","overlay-gradient":""},"tablet":{"background-color":"var(--ast-global-color-4)","background-image":"","background-repeat":"repeat","background-position":"center center","background-size":"auto","background-attachment":"scroll","background-type":"","background-media":"","overlay-type":"","overlay-color":"","overlay-opacity":"","overlay-gradient":""},"mobile":{"background-color":"var(--ast-global-color-4)","background-image":"","background-repeat":"repeat","background-position":"center center","background-size":"auto","background-attachment":"scroll","background-type":"","background-media":"","overlay-type":"","overlay-color":"","overlay-opacity":"","overlay-gradient":""}}},"product_brand":[],"product_cat":[806,133,1542],"product_tag":[5975,5981,5941,5982],"class_list":{"0":"post-30349","1":"product","2":"type-product","3":"status-publish","4":"has-post-thumbnail","6":"product_cat-gianneschi","7":"product_cat-ricambistica","8":"product_cat-kit-ricambi-per-mvi","9":"product_tag-gianneschi-kit-ricambi-per-mv","10":"product_tag-kmvi6002c","11":"product_tag-mono","12":"product_tag-mvi60-230v","13":"pa_supplier-gianneschi-pumps-and-blowers-s-r-l","14":"desktop-align-left","15":"tablet-align-left","16":"mobile-align-left","18":"first","19":"instock","20":"sale","21":"taxable","22":"shipping-taxable","23":"purchasable","24":"product-type-simple"},"acf":[],"yoast_head":"<!-- This site is optimized with the Yoast SEO Premium plugin v26.7 (Yoast SEO v26.9) - https:\/\/yoast.com\/product\/yoast-seo-premium-wordpress\/ -->\n<title>Kit ricambi MVI60 230V monofase completo - Gianneschi Pumps<\/title>\n<meta name=\"description\" content=\"Scopri il kit ricambi MVI60 230V monofase completo con statore, rotore, tenuta meccanica e condensatori. Acquista ora da Gianneschi Pumps!\" \/>\n<meta name=\"robots\" content=\"index, follow, max-snippet:-1, max-image-preview:large, max-video-preview:-1\" \/>\n<link rel=\"canonical\" href=\"https:\/\/technofluid.it\/es\/producto\/kit-de-repuestos-para-mvi60-230v-monofasico-completo-codigo-kmvi6002c-gianneschi-pumps-and-blowers\/\" \/>\n<meta property=\"og:locale\" content=\"es_ES\" \/>\n<meta property=\"og:type\" content=\"article\" \/>\n<meta property=\"og:title\" content=\"Kit ricambi per MVI60, 230V, monofase, completo &ndash; codice: KMVI6002C &ndash; Gianneschi Pumps and Blowers\" \/>\n<meta property=\"og:description\" content=\"Scopri il kit ricambi MVI60 230V monofase completo con statore, rotore, tenuta meccanica e condensatori. Acquista ora da Gianneschi Pumps!\" \/>\n<meta property=\"og:url\" content=\"https:\/\/technofluid.it\/es\/producto\/kit-de-repuestos-para-mvi60-230v-monofasico-completo-codigo-kmvi6002c-gianneschi-pumps-and-blowers\/\" \/>\n<meta property=\"og:site_name\" content=\"Technofluid\" \/>\n<meta property=\"article:modified_time\" content=\"2026-04-15T10:46:18+00:00\" \/>\n<meta property=\"og:image\" content=\"https:\/\/technofluid.it\/wp-content\/uploads\/2026\/01\/659-Kit-ricambi-per-MVI60-230V-monofase-completo-codice-KMVI6002C-Gianneschi-Pumps-and-Blowers.jpg\" \/>\n\t<meta property=\"og:image:width\" content=\"800\" \/>\n\t<meta property=\"og:image:height\" content=\"800\" \/>\n\t<meta property=\"og:image:type\" content=\"image\/jpeg\" \/>\n<meta name=\"twitter:card\" content=\"summary_large_image\" \/>\n<meta name=\"twitter:label1\" content=\"Precio\" \/>\n\t<meta name=\"twitter:data1\" content=\"635,25&nbsp;&euro; Iva esclusa\" \/>\n\t<meta name=\"twitter:label2\" content=\"Disponibilidad\" \/>\n\t<meta name=\"twitter:data2\" content=\"Disponible\" \/>\n<script type=\"application\/ld+json\" class=\"yoast-schema-graph\">{\"@context\":\"https:\/\/schema.org\",\"@graph\":[{\"@type\":\"WebPage\",\"@id\":\"https:\/\/technofluid.it\/prodotto\/kit-ricambi-per-mvi60-230v-monofase-completo-codice-kmvi6002c-gianneschi-pumps-and-blowers\/\",\"url\":\"https:\/\/technofluid.it\/prodotto\/kit-ricambi-per-mvi60-230v-monofase-completo-codice-kmvi6002c-gianneschi-pumps-and-blowers\/\",\"name\":\"Kit ricambi MVI60 230V monofase completo - Gianneschi Pumps\",\"isPartOf\":{\"@id\":\"https:\/\/technofluid.it\/#website\"},\"primaryImageOfPage\":{\"@id\":\"https:\/\/technofluid.it\/prodotto\/kit-ricambi-per-mvi60-230v-monofase-completo-codice-kmvi6002c-gianneschi-pumps-and-blowers\/#primaryimage\"},\"image\":{\"@id\":\"https:\/\/technofluid.it\/prodotto\/kit-ricambi-per-mvi60-230v-monofase-completo-codice-kmvi6002c-gianneschi-pumps-and-blowers\/#primaryimage\"},\"thumbnailUrl\":\"https:\/\/technofluid.it\/wp-content\/uploads\/2026\/01\/659-Kit-ricambi-per-MVI60-230V-monofase-completo-codice-KMVI6002C-Gianneschi-Pumps-and-Blowers.jpg\",\"datePublished\":\"2025-10-25T00:02:34+00:00\",\"dateModified\":\"2026-04-15T10:46:18+00:00\",\"description\":\"Scopri il kit ricambi MVI60 230V monofase completo con statore, rotore, tenuta meccanica e condensatori. Acquista ora da Gianneschi Pumps!\",\"breadcrumb\":{\"@id\":\"https:\/\/technofluid.it\/prodotto\/kit-ricambi-per-mvi60-230v-monofase-completo-codice-kmvi6002c-gianneschi-pumps-and-blowers\/#breadcrumb\"},\"inLanguage\":\"es\",\"potentialAction\":[{\"@type\":\"ReadAction\",\"target\":[\"https:\/\/technofluid.it\/prodotto\/kit-ricambi-per-mvi60-230v-monofase-completo-codice-kmvi6002c-gianneschi-pumps-and-blowers\/\"]}]},{\"@type\":\"ImageObject\",\"inLanguage\":\"es\",\"@id\":\"https:\/\/technofluid.it\/prodotto\/kit-ricambi-per-mvi60-230v-monofase-completo-codice-kmvi6002c-gianneschi-pumps-and-blowers\/#primaryimage\",\"url\":\"https:\/\/technofluid.it\/wp-content\/uploads\/2026\/01\/659-Kit-ricambi-per-MVI60-230V-monofase-completo-codice-KMVI6002C-Gianneschi-Pumps-and-Blowers.jpg\",\"contentUrl\":\"https:\/\/technofluid.it\/wp-content\/uploads\/2026\/01\/659-Kit-ricambi-per-MVI60-230V-monofase-completo-codice-KMVI6002C-Gianneschi-Pumps-and-Blowers.jpg\",\"width\":800,\"height\":800,\"caption\":\"Kit di ricambi per MVI60 230V monofase, ideale per manutenzione e riparazioni affidabili.\"},{\"@type\":\"BreadcrumbList\",\"@id\":\"https:\/\/technofluid.it\/prodotto\/kit-ricambi-per-mvi60-230v-monofase-completo-codice-kmvi6002c-gianneschi-pumps-and-blowers\/#breadcrumb\",\"itemListElement\":[{\"@type\":\"ListItem\",\"position\":1,\"name\":\"Home\",\"item\":\"https:\/\/technofluid.it\/\"},{\"@type\":\"ListItem\",\"position\":2,\"name\":\"Shop\",\"item\":\"https:\/\/technofluid.it\/shop\/\"},{\"@type\":\"ListItem\",\"position\":3,\"name\":\"Kit ricambi per MVI60, 230V, monofase, completo &ndash; codice: KMVI6002C &ndash; Gianneschi Pumps and Blowers\"}]},{\"@type\":\"WebSite\",\"@id\":\"https:\/\/technofluid.it\/#website\",\"url\":\"https:\/\/technofluid.it\/\",\"name\":\"Technofluid S.R.L.\",\"description\":\"Dal 1999 siamo specializzati nell&#039;impiantistica navale, idraulica, civile e industriale\",\"publisher\":{\"@id\":\"https:\/\/technofluid.it\/#organization\"},\"potentialAction\":[{\"@type\":\"SearchAction\",\"target\":{\"@type\":\"EntryPoint\",\"urlTemplate\":\"https:\/\/technofluid.it\/?s={search_term_string}\"},\"query-input\":{\"@type\":\"PropertyValueSpecification\",\"valueRequired\":true,\"valueName\":\"search_term_string\"}}],\"inLanguage\":\"es\"},{\"@type\":\"Organization\",\"@id\":\"https:\/\/technofluid.it\/#organization\",\"name\":\"Technofluid\",\"url\":\"https:\/\/technofluid.it\/\",\"logo\":{\"@type\":\"ImageObject\",\"inLanguage\":\"es\",\"@id\":\"https:\/\/technofluid.it\/#\/schema\/logo\/image\/\",\"url\":\"https:\/\/technofluid.it\/wp-content\/uploads\/2025\/12\/technofluid_bianco-logo.webp\",\"contentUrl\":\"https:\/\/technofluid.it\/wp-content\/uploads\/2025\/12\/technofluid_bianco-logo.webp\",\"width\":350,\"height\":116,\"caption\":\"Technofluid\"},\"image\":{\"@id\":\"https:\/\/technofluid.it\/#\/schema\/logo\/image\/\"},\"description\":\"La Technofluid S.r.l. nasce nel 1999 a Barcellona Pozzo di Gotto, in provincia di Messina, con l\u2019obiettivo di diventare un punto di riferimento nel settore dell\u2019impiantistica navale, idraulica, civile e industriale.\",\"email\":\"info@technofluid.it\",\"telephone\":\"0907386877\",\"legalName\":\"Technofluid S.R.L\",\"vatID\":\"IT03148240835\",\"taxID\":\"03148240835\",\"ownershipFundingInfo\":\"https:\/\/technofluid.it\/azienda\/\"}]}<\/script>\n<meta property=\"product:price:amount\" content=\"635.25\" \/>\n<meta property=\"product:price:currency\" content=\"EUR\" \/>\n<meta property=\"og:availability\" content=\"instock\" \/>\n<meta property=\"product:availability\" content=\"instock\" \/>\n<meta property=\"product:retailer_item_id\" content=\"GIA000000443\" \/>\n<meta property=\"product:condition\" content=\"new\" \/>\n<!-- \/ Yoast SEO Premium plugin. -->","yoast_head_json":{"title":"Kit de repuestos MVI60 230V monof\u00e1sico completo - Gianneschi Pumps","description":"Descubre el kit de repuestos MVI60 230V monof\u00e1sico completo con estator, rotor, sello mec\u00e1nico y condensadores. \u00a1Compra ahora en Gianneschi Pumps!","robots":{"index":"index","follow":"follow","max-snippet":"max-snippet:-1","max-image-preview":"max-image-preview:large","max-video-preview":"max-video-preview:-1"},"canonical":"https:\/\/technofluid.it\/es\/producto\/kit-de-repuestos-para-mvi60-230v-monofasico-completo-codigo-kmvi6002c-gianneschi-pumps-and-blowers\/","og_locale":"es_ES","og_type":"article","og_title":"Kit ricambi per MVI60, 230V, monofase, completo &ndash; codice: KMVI6002C &ndash; Gianneschi Pumps and Blowers","og_description":"Scopri il kit ricambi MVI60 230V monofase completo con statore, rotore, tenuta meccanica e condensatori. Acquista ora da Gianneschi Pumps!","og_url":"https:\/\/technofluid.it\/es\/producto\/kit-de-repuestos-para-mvi60-230v-monofasico-completo-codigo-kmvi6002c-gianneschi-pumps-and-blowers\/","og_site_name":"Technofluid","article_modified_time":"2026-04-15T10:46:18+00:00","og_image":[{"width":800,"height":800,"url":"https:\/\/technofluid.it\/wp-content\/uploads\/2026\/01\/659-Kit-ricambi-per-MVI60-230V-monofase-completo-codice-KMVI6002C-Gianneschi-Pumps-and-Blowers.jpg","type":"image\/jpeg"}],"twitter_card":"summary_large_image","twitter_misc":{"Precio":"635,25&nbsp;&euro; Iva esclusa","Disponibilidad":"Disponible"},"schema":{"@context":"https:\/\/schema.org","@graph":[{"@type":"WebPage","@id":"https:\/\/technofluid.it\/prodotto\/kit-ricambi-per-mvi60-230v-monofase-completo-codice-kmvi6002c-gianneschi-pumps-and-blowers\/","url":"https:\/\/technofluid.it\/prodotto\/kit-ricambi-per-mvi60-230v-monofase-completo-codice-kmvi6002c-gianneschi-pumps-and-blowers\/","name":"Kit de repuestos MVI60 230V monof\u00e1sico completo - Gianneschi Pumps","isPartOf":{"@id":"https:\/\/technofluid.it\/#website"},"primaryImageOfPage":{"@id":"https:\/\/technofluid.it\/prodotto\/kit-ricambi-per-mvi60-230v-monofase-completo-codice-kmvi6002c-gianneschi-pumps-and-blowers\/#primaryimage"},"image":{"@id":"https:\/\/technofluid.it\/prodotto\/kit-ricambi-per-mvi60-230v-monofase-completo-codice-kmvi6002c-gianneschi-pumps-and-blowers\/#primaryimage"},"thumbnailUrl":"https:\/\/technofluid.it\/wp-content\/uploads\/2026\/01\/659-Kit-ricambi-per-MVI60-230V-monofase-completo-codice-KMVI6002C-Gianneschi-Pumps-and-Blowers.jpg","datePublished":"2025-10-25T00:02:34+00:00","dateModified":"2026-04-15T10:46:18+00:00","description":"Descubre el kit de repuestos MVI60 230V monof\u00e1sico completo con estator, rotor, sello mec\u00e1nico y condensadores. \u00a1Compra ahora en Gianneschi Pumps!","breadcrumb":{"@id":"https:\/\/technofluid.it\/prodotto\/kit-ricambi-per-mvi60-230v-monofase-completo-codice-kmvi6002c-gianneschi-pumps-and-blowers\/#breadcrumb"},"inLanguage":"es","potentialAction":[{"@type":"ReadAction","target":["https:\/\/technofluid.it\/prodotto\/kit-ricambi-per-mvi60-230v-monofase-completo-codice-kmvi6002c-gianneschi-pumps-and-blowers\/"]}]},{"@type":"ImageObject","inLanguage":"es","@id":"https:\/\/technofluid.it\/prodotto\/kit-ricambi-per-mvi60-230v-monofase-completo-codice-kmvi6002c-gianneschi-pumps-and-blowers\/#primaryimage","url":"https:\/\/technofluid.it\/wp-content\/uploads\/2026\/01\/659-Kit-ricambi-per-MVI60-230V-monofase-completo-codice-KMVI6002C-Gianneschi-Pumps-and-Blowers.jpg","contentUrl":"https:\/\/technofluid.it\/wp-content\/uploads\/2026\/01\/659-Kit-ricambi-per-MVI60-230V-monofase-completo-codice-KMVI6002C-Gianneschi-Pumps-and-Blowers.jpg","width":800,"height":800,"caption":"Kit di ricambi per MVI60 230V monofase, ideale per manutenzione e riparazioni affidabili."},{"@type":"BreadcrumbList","@id":"https:\/\/technofluid.it\/prodotto\/kit-ricambi-per-mvi60-230v-monofase-completo-codice-kmvi6002c-gianneschi-pumps-and-blowers\/#breadcrumb","itemListElement":[{"@type":"ListItem","position":1,"name":"Home","item":"https:\/\/technofluid.it\/"},{"@type":"ListItem","position":2,"name":"Shop","item":"https:\/\/technofluid.it\/shop\/"},{"@type":"ListItem","position":3,"name":"Kit ricambi per MVI60, 230V, monofase, completo &ndash; codice: KMVI6002C &ndash; Gianneschi Pumps and Blowers"}]},{"@type":"WebSite","@id":"https:\/\/technofluid.it\/#website","url":"https:\/\/technofluid.it\/","name":"Technofluid S.R.L.","description":"Desde 1999 estamos especializados en instalaciones navales, hidr\u00e1ulicas, civiles e industriales","publisher":{"@id":"https:\/\/technofluid.it\/#organization"},"potentialAction":[{"@type":"SearchAction","target":{"@type":"EntryPoint","urlTemplate":"https:\/\/technofluid.it\/?s={search_term_string}"},"query-input":{"@type":"PropertyValueSpecification","valueRequired":true,"valueName":"search_term_string"}}],"inLanguage":"es"},{"@type":"Organization","@id":"https:\/\/technofluid.it\/#organization","name":"Technofluid","url":"https:\/\/technofluid.it\/","logo":{"@type":"ImageObject","inLanguage":"es","@id":"https:\/\/technofluid.it\/#\/schema\/logo\/image\/","url":"https:\/\/technofluid.it\/wp-content\/uploads\/2025\/12\/technofluid_bianco-logo.webp","contentUrl":"https:\/\/technofluid.it\/wp-content\/uploads\/2025\/12\/technofluid_bianco-logo.webp","width":350,"height":116,"caption":"Technofluid"},"image":{"@id":"https:\/\/technofluid.it\/#\/schema\/logo\/image\/"},"description":"Technofluid S.r.l. nace en 1999 en Barcellona Pozzo di Gotto, en la provincia de Messina, con el objetivo de convertirse en un punto de referencia en el sector de la ingenier\u00eda naval, hidr\u00e1ulica, civil e industrial.","email":"info@technofluid.it","telephone":"0907386877","legalName":"Technofluid S.R.L","vatID":"IT03148240835","taxID":"03148240835","ownershipFundingInfo":"https:\/\/technofluid.it\/azienda\/"}]},"product_price_amount":"635.25","product_price_currency":"EUR","og_availability":"instock","product_availability":"instock","product_retailer_item_id":"GIA000000443","product_condition":"new"},"_links":{"self":[{"href":"https:\/\/technofluid.it\/es\/wp-json\/wp\/v2\/product\/30349","targetHints":{"allow":["GET"]}}],"collection":[{"href":"https:\/\/technofluid.it\/es\/wp-json\/wp\/v2\/product"}],"about":[{"href":"https:\/\/technofluid.it\/es\/wp-json\/wp\/v2\/types\/product"}],"replies":[{"embeddable":true,"href":"https:\/\/technofluid.it\/es\/wp-json\/wp\/v2\/comments?post=30349"}],"version-history":[{"count":1,"href":"https:\/\/technofluid.it\/es\/wp-json\/wp\/v2\/product\/30349\/revisions"}],"predecessor-version":[{"id":57371,"href":"https:\/\/technofluid.it\/es\/wp-json\/wp\/v2\/product\/30349\/revisions\/57371"}],"wp:featuredmedia":[{"embeddable":true,"href":"https:\/\/technofluid.it\/es\/wp-json\/wp\/v2\/media\/39699"}],"wp:attachment":[{"href":"https:\/\/technofluid.it\/es\/wp-json\/wp\/v2\/media?parent=30349"}],"wp:term":[{"taxonomy":"product_brand","embeddable":true,"href":"https:\/\/technofluid.it\/es\/wp-json\/wp\/v2\/product_brand?post=30349"},{"taxonomy":"product_cat","embeddable":true,"href":"https:\/\/technofluid.it\/es\/wp-json\/wp\/v2\/product_cat?post=30349"},{"taxonomy":"product_tag","embeddable":true,"href":"https:\/\/technofluid.it\/es\/wp-json\/wp\/v2\/product_tag?post=30349"}],"curies":[{"name":"wp","href":"https:\/\/api.w.org\/{rel}","templated":true}]}}