{"id":30301,"date":"2025-10-25T00:02:28","date_gmt":"2025-10-25T00:02:28","guid":{"rendered":"https:\/\/technofluid.it\/prodotto\/kit-revisione-pompe-seastar-e-baystar-codice-st-hp6032-indemar\/"},"modified":"2026-04-15T08:42:25","modified_gmt":"2026-04-15T07:42:25","slug":"kit-revisione-pompe-seastar-e-baystar-codice-st-hp6032-indemar","status":"publish","type":"product","link":"https:\/\/technofluid.it\/es\/producto\/kit-de-revision-de-bombas-seastar-y-baystar-codigo-st-hp6032-indemar\/","title":{"rendered":"Kit revisi\u00f3n bombas Seastar y Baystar \u2013 c\u00f3digo: ST-HP6032 \u2013 Indemar"},"content":{"rendered":"<p>Kit revisi\u00f3n bombas Seastar y Baystar \u2013 c\u00f3digo: ST-HP6032 \u2013 Indemar<\/p>","protected":false},"excerpt":{"rendered":"<p>KIT REVISIONE POMPE SEASTAR E BAYSTAR &#8211; CODICE: ST-HP6032 &#8211; INDEMAR<\/p>","protected":false},"featured_media":39600,"comment_status":"open","ping_status":"closed","template":"","meta":{"_acf_changed":false,"_monsterinsights_skip_tracking":false,"_monsterinsights_sitenote_active":false,"_monsterinsights_sitenote_note":"","_monsterinsights_sitenote_category":0,"site-sidebar-layout":"default","site-content-layout":"","ast-site-content-layout":"default","site-content-style":"default","site-sidebar-style":"default","ast-global-header-display":"","ast-banner-title-visibility":"","ast-main-header-display":"","ast-hfb-above-header-display":"","ast-hfb-below-header-display":"","ast-hfb-mobile-header-display":"","site-post-title":"","ast-breadcrumbs-content":"","ast-featured-img":"","footer-sml-layout":"","ast-disable-related-posts":"","theme-transparent-header-meta":"","adv-header-id-meta":"","stick-header-meta":"","header-above-stick-meta":"","header-main-stick-meta":"","header-below-stick-meta":"","astra-migrate-meta-layouts":"default","ast-page-background-enabled":"default","ast-page-background-meta":{"desktop":{"background-color":"var(--ast-global-color-5)","background-image":"","background-repeat":"repeat","background-position":"center center","background-size":"auto","background-attachment":"scroll","background-type":"","background-media":"","overlay-type":"","overlay-color":"","overlay-opacity":"","overlay-gradient":""},"tablet":{"background-color":"","background-image":"","background-repeat":"repeat","background-position":"center center","background-size":"auto","background-attachment":"scroll","background-type":"","background-media":"","overlay-type":"","overlay-color":"","overlay-opacity":"","overlay-gradient":""},"mobile":{"background-color":"","background-image":"","background-repeat":"repeat","background-position":"center center","background-size":"auto","background-attachment":"scroll","background-type":"","background-media":"","overlay-type":"","overlay-color":"","overlay-opacity":"","overlay-gradient":""}},"ast-content-background-meta":{"desktop":{"background-color":"var(--ast-global-color-4)","background-image":"","background-repeat":"repeat","background-position":"center center","background-size":"auto","background-attachment":"scroll","background-type":"","background-media":"","overlay-type":"","overlay-color":"","overlay-opacity":"","overlay-gradient":""},"tablet":{"background-color":"var(--ast-global-color-4)","background-image":"","background-repeat":"repeat","background-position":"center center","background-size":"auto","background-attachment":"scroll","background-type":"","background-media":"","overlay-type":"","overlay-color":"","overlay-opacity":"","overlay-gradient":""},"mobile":{"background-color":"var(--ast-global-color-4)","background-image":"","background-repeat":"repeat","background-position":"center center","background-size":"auto","background-attachment":"scroll","background-type":"","background-media":"","overlay-type":"","overlay-color":"","overlay-opacity":"","overlay-gradient":""}}},"product_brand":[],"product_cat":[179,453],"product_tag":[5832,5833],"class_list":{"0":"post-30301","1":"product","2":"type-product","3":"status-publish","4":"has-post-thumbnail","6":"product_cat-motori-e-ricambi","7":"product_cat-ricambi-motori-e-oli","8":"product_tag-codice-st-hp6032-indemar","9":"product_tag-kit-revisione-pompe-seastar-e-ba","10":"pa_supplier-indemar-s-p-a-2","11":"desktop-align-left","12":"tablet-align-left","13":"mobile-align-left","15":"first","16":"instock","17":"taxable","18":"shipping-taxable","19":"purchasable","20":"product-type-simple"},"acf":[],"yoast_head":"<!-- This site is optimized with the Yoast SEO Premium plugin v26.7 (Yoast SEO v26.9) - https:\/\/yoast.com\/product\/yoast-seo-premium-wordpress\/ -->\n<title>Kit Revisione Pompe Seastar e Baystar - Codice ST-HP6032<\/title>\n<meta name=\"description\" content=\"Acquista il kit revisione pompe Seastar e Baystar ST-HP6032 di Indemar. Qualit\u00e0 garantita per la manutenzione delle tue pompe. Scopri di pi\u00f9!\" \/>\n<meta name=\"robots\" content=\"index, follow, max-snippet:-1, max-image-preview:large, max-video-preview:-1\" \/>\n<link rel=\"canonical\" href=\"https:\/\/technofluid.it\/es\/producto\/kit-de-revision-de-bombas-seastar-y-baystar-codigo-st-hp6032-indemar\/\" \/>\n<meta property=\"og:locale\" content=\"es_ES\" \/>\n<meta property=\"og:type\" content=\"article\" \/>\n<meta property=\"og:title\" content=\"Kit revisione pompe Seastar e Baystar &ndash; codice: ST-HP6032 &ndash; Indemar\" \/>\n<meta property=\"og:description\" content=\"Acquista il kit revisione pompe Seastar e Baystar ST-HP6032 di Indemar. Qualit\u00e0 garantita per la manutenzione delle tue pompe. Scopri di pi\u00f9!\" \/>\n<meta property=\"og:url\" content=\"https:\/\/technofluid.it\/es\/producto\/kit-de-revision-de-bombas-seastar-y-baystar-codigo-st-hp6032-indemar\/\" \/>\n<meta property=\"og:site_name\" content=\"Technofluid\" \/>\n<meta property=\"article:modified_time\" content=\"2026-04-15T07:42:25+00:00\" \/>\n<meta property=\"og:image\" content=\"https:\/\/technofluid.it\/wp-content\/uploads\/2026\/01\/4650-Kit-revisione-pompe-Seastar-e-Baystar-codice-ST-HP6032-Indemar.jpg\" \/>\n\t<meta property=\"og:image:width\" content=\"818\" \/>\n\t<meta property=\"og:image:height\" content=\"905\" \/>\n\t<meta property=\"og:image:type\" content=\"image\/png\" \/>\n<meta name=\"twitter:card\" content=\"summary_large_image\" \/>\n<meta name=\"twitter:label1\" content=\"Precio\" \/>\n\t<meta name=\"twitter:data1\" content=\"16,39&nbsp;&euro; Iva esclusa\" \/>\n\t<meta name=\"twitter:label2\" content=\"Disponibilidad\" \/>\n\t<meta name=\"twitter:data2\" content=\"Disponible\" \/>\n<script type=\"application\/ld+json\" class=\"yoast-schema-graph\">{\"@context\":\"https:\/\/schema.org\",\"@graph\":[{\"@type\":\"WebPage\",\"@id\":\"https:\/\/technofluid.it\/prodotto\/kit-revisione-pompe-seastar-e-baystar-codice-st-hp6032-indemar\/\",\"url\":\"https:\/\/technofluid.it\/prodotto\/kit-revisione-pompe-seastar-e-baystar-codice-st-hp6032-indemar\/\",\"name\":\"Kit Revisione Pompe Seastar e Baystar - Codice ST-HP6032\",\"isPartOf\":{\"@id\":\"https:\/\/technofluid.it\/#website\"},\"primaryImageOfPage\":{\"@id\":\"https:\/\/technofluid.it\/prodotto\/kit-revisione-pompe-seastar-e-baystar-codice-st-hp6032-indemar\/#primaryimage\"},\"image\":{\"@id\":\"https:\/\/technofluid.it\/prodotto\/kit-revisione-pompe-seastar-e-baystar-codice-st-hp6032-indemar\/#primaryimage\"},\"thumbnailUrl\":\"https:\/\/technofluid.it\/wp-content\/uploads\/2026\/01\/4650-Kit-revisione-pompe-Seastar-e-Baystar-codice-ST-HP6032-Indemar.jpg\",\"datePublished\":\"2025-10-25T00:02:28+00:00\",\"dateModified\":\"2026-04-15T07:42:25+00:00\",\"description\":\"Acquista il kit revisione pompe Seastar e Baystar ST-HP6032 di Indemar. Qualit\u00e0 garantita per la manutenzione delle tue pompe. Scopri di pi\u00f9!\",\"breadcrumb\":{\"@id\":\"https:\/\/technofluid.it\/prodotto\/kit-revisione-pompe-seastar-e-baystar-codice-st-hp6032-indemar\/#breadcrumb\"},\"inLanguage\":\"es\",\"potentialAction\":[{\"@type\":\"ReadAction\",\"target\":[\"https:\/\/technofluid.it\/prodotto\/kit-revisione-pompe-seastar-e-baystar-codice-st-hp6032-indemar\/\"]}]},{\"@type\":\"ImageObject\",\"inLanguage\":\"es\",\"@id\":\"https:\/\/technofluid.it\/prodotto\/kit-revisione-pompe-seastar-e-baystar-codice-st-hp6032-indemar\/#primaryimage\",\"url\":\"https:\/\/technofluid.it\/wp-content\/uploads\/2026\/01\/4650-Kit-revisione-pompe-Seastar-e-Baystar-codice-ST-HP6032-Indemar.jpg\",\"contentUrl\":\"https:\/\/technofluid.it\/wp-content\/uploads\/2026\/01\/4650-Kit-revisione-pompe-Seastar-e-Baystar-codice-ST-HP6032-Indemar.jpg\",\"width\":818,\"height\":905,\"caption\":\"Kit di revisione per pompe Seastar e Baystar, codice ST-HP6032, ideale per manutenzione e riparazioni.\"},{\"@type\":\"BreadcrumbList\",\"@id\":\"https:\/\/technofluid.it\/prodotto\/kit-revisione-pompe-seastar-e-baystar-codice-st-hp6032-indemar\/#breadcrumb\",\"itemListElement\":[{\"@type\":\"ListItem\",\"position\":1,\"name\":\"Home\",\"item\":\"https:\/\/technofluid.it\/\"},{\"@type\":\"ListItem\",\"position\":2,\"name\":\"Shop\",\"item\":\"https:\/\/technofluid.it\/shop\/\"},{\"@type\":\"ListItem\",\"position\":3,\"name\":\"Kit revisione pompe Seastar e Baystar &ndash; codice: ST-HP6032 &ndash; Indemar\"}]},{\"@type\":\"WebSite\",\"@id\":\"https:\/\/technofluid.it\/#website\",\"url\":\"https:\/\/technofluid.it\/\",\"name\":\"Technofluid S.R.L.\",\"description\":\"Dal 1999 siamo specializzati nell&#039;impiantistica navale, idraulica, civile e industriale\",\"publisher\":{\"@id\":\"https:\/\/technofluid.it\/#organization\"},\"potentialAction\":[{\"@type\":\"SearchAction\",\"target\":{\"@type\":\"EntryPoint\",\"urlTemplate\":\"https:\/\/technofluid.it\/?s={search_term_string}\"},\"query-input\":{\"@type\":\"PropertyValueSpecification\",\"valueRequired\":true,\"valueName\":\"search_term_string\"}}],\"inLanguage\":\"es\"},{\"@type\":\"Organization\",\"@id\":\"https:\/\/technofluid.it\/#organization\",\"name\":\"Technofluid\",\"url\":\"https:\/\/technofluid.it\/\",\"logo\":{\"@type\":\"ImageObject\",\"inLanguage\":\"es\",\"@id\":\"https:\/\/technofluid.it\/#\/schema\/logo\/image\/\",\"url\":\"https:\/\/technofluid.it\/wp-content\/uploads\/2025\/12\/technofluid_bianco-logo.webp\",\"contentUrl\":\"https:\/\/technofluid.it\/wp-content\/uploads\/2025\/12\/technofluid_bianco-logo.webp\",\"width\":350,\"height\":116,\"caption\":\"Technofluid\"},\"image\":{\"@id\":\"https:\/\/technofluid.it\/#\/schema\/logo\/image\/\"},\"description\":\"La Technofluid S.r.l. nasce nel 1999 a Barcellona Pozzo di Gotto, in provincia di Messina, con l\u2019obiettivo di diventare un punto di riferimento nel settore dell\u2019impiantistica navale, idraulica, civile e industriale.\",\"email\":\"info@technofluid.it\",\"telephone\":\"0907386877\",\"legalName\":\"Technofluid S.R.L\",\"vatID\":\"IT03148240835\",\"taxID\":\"03148240835\",\"ownershipFundingInfo\":\"https:\/\/technofluid.it\/azienda\/\"}]}<\/script>\n<meta property=\"product:price:amount\" content=\"16.39\" \/>\n<meta property=\"product:price:currency\" content=\"EUR\" \/>\n<meta property=\"og:availability\" content=\"instock\" \/>\n<meta property=\"product:availability\" content=\"instock\" \/>\n<meta property=\"product:retailer_item_id\" content=\"INDE0000004\" \/>\n<meta property=\"product:condition\" content=\"new\" \/>\n<!-- \/ Yoast SEO Premium plugin. -->","yoast_head_json":{"title":"Kit de Revisi\u00f3n de Bombas Seastar y Baystar - C\u00f3digo ST-HP6032","description":"Compra el kit de revisi\u00f3n de bombas Seastar y Baystar ST-HP6032 de Indemar. Calidad garantizada para el mantenimiento de tus bombas. \u00a1Descubre m\u00e1s!","robots":{"index":"index","follow":"follow","max-snippet":"max-snippet:-1","max-image-preview":"max-image-preview:large","max-video-preview":"max-video-preview:-1"},"canonical":"https:\/\/technofluid.it\/es\/producto\/kit-de-revision-de-bombas-seastar-y-baystar-codigo-st-hp6032-indemar\/","og_locale":"es_ES","og_type":"article","og_title":"Kit revisione pompe Seastar e Baystar &ndash; codice: ST-HP6032 &ndash; Indemar","og_description":"Acquista il kit revisione pompe Seastar e Baystar ST-HP6032 di Indemar. Qualit\u00e0 garantita per la manutenzione delle tue pompe. Scopri di pi\u00f9!","og_url":"https:\/\/technofluid.it\/es\/producto\/kit-de-revision-de-bombas-seastar-y-baystar-codigo-st-hp6032-indemar\/","og_site_name":"Technofluid","article_modified_time":"2026-04-15T07:42:25+00:00","og_image":[{"width":818,"height":905,"url":"https:\/\/technofluid.it\/wp-content\/uploads\/2026\/01\/4650-Kit-revisione-pompe-Seastar-e-Baystar-codice-ST-HP6032-Indemar.jpg","type":"image\/png"}],"twitter_card":"summary_large_image","twitter_misc":{"Precio":"16,39&nbsp;&euro; Iva esclusa","Disponibilidad":"Disponible"},"schema":{"@context":"https:\/\/schema.org","@graph":[{"@type":"WebPage","@id":"https:\/\/technofluid.it\/prodotto\/kit-revisione-pompe-seastar-e-baystar-codice-st-hp6032-indemar\/","url":"https:\/\/technofluid.it\/prodotto\/kit-revisione-pompe-seastar-e-baystar-codice-st-hp6032-indemar\/","name":"Kit de Revisi\u00f3n de Bombas Seastar y Baystar - C\u00f3digo ST-HP6032","isPartOf":{"@id":"https:\/\/technofluid.it\/#website"},"primaryImageOfPage":{"@id":"https:\/\/technofluid.it\/prodotto\/kit-revisione-pompe-seastar-e-baystar-codice-st-hp6032-indemar\/#primaryimage"},"image":{"@id":"https:\/\/technofluid.it\/prodotto\/kit-revisione-pompe-seastar-e-baystar-codice-st-hp6032-indemar\/#primaryimage"},"thumbnailUrl":"https:\/\/technofluid.it\/wp-content\/uploads\/2026\/01\/4650-Kit-revisione-pompe-Seastar-e-Baystar-codice-ST-HP6032-Indemar.jpg","datePublished":"2025-10-25T00:02:28+00:00","dateModified":"2026-04-15T07:42:25+00:00","description":"Compra el kit de revisi\u00f3n de bombas Seastar y Baystar ST-HP6032 de Indemar. Calidad garantizada para el mantenimiento de tus bombas. \u00a1Descubre m\u00e1s!","breadcrumb":{"@id":"https:\/\/technofluid.it\/prodotto\/kit-revisione-pompe-seastar-e-baystar-codice-st-hp6032-indemar\/#breadcrumb"},"inLanguage":"es","potentialAction":[{"@type":"ReadAction","target":["https:\/\/technofluid.it\/prodotto\/kit-revisione-pompe-seastar-e-baystar-codice-st-hp6032-indemar\/"]}]},{"@type":"ImageObject","inLanguage":"es","@id":"https:\/\/technofluid.it\/prodotto\/kit-revisione-pompe-seastar-e-baystar-codice-st-hp6032-indemar\/#primaryimage","url":"https:\/\/technofluid.it\/wp-content\/uploads\/2026\/01\/4650-Kit-revisione-pompe-Seastar-e-Baystar-codice-ST-HP6032-Indemar.jpg","contentUrl":"https:\/\/technofluid.it\/wp-content\/uploads\/2026\/01\/4650-Kit-revisione-pompe-Seastar-e-Baystar-codice-ST-HP6032-Indemar.jpg","width":818,"height":905,"caption":"Kit di revisione per pompe Seastar e Baystar, codice ST-HP6032, ideale per manutenzione e riparazioni."},{"@type":"BreadcrumbList","@id":"https:\/\/technofluid.it\/prodotto\/kit-revisione-pompe-seastar-e-baystar-codice-st-hp6032-indemar\/#breadcrumb","itemListElement":[{"@type":"ListItem","position":1,"name":"Home","item":"https:\/\/technofluid.it\/"},{"@type":"ListItem","position":2,"name":"Shop","item":"https:\/\/technofluid.it\/shop\/"},{"@type":"ListItem","position":3,"name":"Kit revisione pompe Seastar e Baystar &ndash; codice: ST-HP6032 &ndash; Indemar"}]},{"@type":"WebSite","@id":"https:\/\/technofluid.it\/#website","url":"https:\/\/technofluid.it\/","name":"Technofluid S.R.L.","description":"Desde 1999 estamos especializados en instalaciones navales, hidr\u00e1ulicas, civiles e industriales","publisher":{"@id":"https:\/\/technofluid.it\/#organization"},"potentialAction":[{"@type":"SearchAction","target":{"@type":"EntryPoint","urlTemplate":"https:\/\/technofluid.it\/?s={search_term_string}"},"query-input":{"@type":"PropertyValueSpecification","valueRequired":true,"valueName":"search_term_string"}}],"inLanguage":"es"},{"@type":"Organization","@id":"https:\/\/technofluid.it\/#organization","name":"Technofluid","url":"https:\/\/technofluid.it\/","logo":{"@type":"ImageObject","inLanguage":"es","@id":"https:\/\/technofluid.it\/#\/schema\/logo\/image\/","url":"https:\/\/technofluid.it\/wp-content\/uploads\/2025\/12\/technofluid_bianco-logo.webp","contentUrl":"https:\/\/technofluid.it\/wp-content\/uploads\/2025\/12\/technofluid_bianco-logo.webp","width":350,"height":116,"caption":"Technofluid"},"image":{"@id":"https:\/\/technofluid.it\/#\/schema\/logo\/image\/"},"description":"Technofluid S.r.l. nace en 1999 en Barcellona Pozzo di Gotto, en la provincia de Messina, con el objetivo de convertirse en un punto de referencia en el sector de la ingenier\u00eda naval, hidr\u00e1ulica, civil e industrial.","email":"info@technofluid.it","telephone":"0907386877","legalName":"Technofluid S.R.L","vatID":"IT03148240835","taxID":"03148240835","ownershipFundingInfo":"https:\/\/technofluid.it\/azienda\/"}]},"product_price_amount":"16.39","product_price_currency":"EUR","og_availability":"instock","product_availability":"instock","product_retailer_item_id":"INDE0000004","product_condition":"new"},"_links":{"self":[{"href":"https:\/\/technofluid.it\/es\/wp-json\/wp\/v2\/product\/30301","targetHints":{"allow":["GET"]}}],"collection":[{"href":"https:\/\/technofluid.it\/es\/wp-json\/wp\/v2\/product"}],"about":[{"href":"https:\/\/technofluid.it\/es\/wp-json\/wp\/v2\/types\/product"}],"replies":[{"embeddable":true,"href":"https:\/\/technofluid.it\/es\/wp-json\/wp\/v2\/comments?post=30301"}],"version-history":[{"count":1,"href":"https:\/\/technofluid.it\/es\/wp-json\/wp\/v2\/product\/30301\/revisions"}],"predecessor-version":[{"id":50923,"href":"https:\/\/technofluid.it\/es\/wp-json\/wp\/v2\/product\/30301\/revisions\/50923"}],"wp:featuredmedia":[{"embeddable":true,"href":"https:\/\/technofluid.it\/es\/wp-json\/wp\/v2\/media\/39600"}],"wp:attachment":[{"href":"https:\/\/technofluid.it\/es\/wp-json\/wp\/v2\/media?parent=30301"}],"wp:term":[{"taxonomy":"product_brand","embeddable":true,"href":"https:\/\/technofluid.it\/es\/wp-json\/wp\/v2\/product_brand?post=30301"},{"taxonomy":"product_cat","embeddable":true,"href":"https:\/\/technofluid.it\/es\/wp-json\/wp\/v2\/product_cat?post=30301"},{"taxonomy":"product_tag","embeddable":true,"href":"https:\/\/technofluid.it\/es\/wp-json\/wp\/v2\/product_tag?post=30301"}],"curies":[{"name":"wp","href":"https:\/\/api.w.org\/{rel}","templated":true}]}}