{"id":30245,"date":"2025-10-25T00:02:23","date_gmt":"2025-10-25T00:02:23","guid":{"rendered":"https:\/\/technofluid.it\/prodotto\/interruttore-on-off-on-4-terminali-codice-l0703004-trem\/"},"modified":"2026-04-15T12:16:34","modified_gmt":"2026-04-15T11:16:34","slug":"interruttore-onoffon-a-4-terminali-codice-l0703004-trem","status":"publish","type":"product","link":"https:\/\/technofluid.it\/es\/producto\/interruptor-on-off-on-de-4-terminales-codigo-l0703004-trem\/","title":{"rendered":"Interruptor ON\/OFF\/ON de 4 terminales \u2013 c\u00f3digo: L0703004 \u2013 Trem"},"content":{"rendered":"<p>Interruptor ON\/OFF\/ON de 4 terminales \u2013 c\u00f3digo: L0703004 \u2013 Trem<\/p>","protected":false},"excerpt":{"rendered":"<p>Modelo fabricado en policarbonato, para la instalaci\u00f3n se requiere un orificio rectangular de mm. 21,5 x 36,8. Provisto de doble led en el bot\u00f3n para tener una doble iluminaci\u00f3n diferenciada en la parte ON y en la parte OFF (que permanece encendida en OFF y se ilumina otro indicador en ON). Embalaje sin basculante.<\/p>","protected":false},"featured_media":39456,"comment_status":"open","ping_status":"closed","template":"","meta":{"_acf_changed":false,"_monsterinsights_skip_tracking":false,"_monsterinsights_sitenote_active":false,"_monsterinsights_sitenote_note":"","_monsterinsights_sitenote_category":0,"site-sidebar-layout":"default","site-content-layout":"","ast-site-content-layout":"default","site-content-style":"default","site-sidebar-style":"default","ast-global-header-display":"","ast-banner-title-visibility":"","ast-main-header-display":"","ast-hfb-above-header-display":"","ast-hfb-below-header-display":"","ast-hfb-mobile-header-display":"","site-post-title":"","ast-breadcrumbs-content":"","ast-featured-img":"","footer-sml-layout":"","ast-disable-related-posts":"","theme-transparent-header-meta":"","adv-header-id-meta":"","stick-header-meta":"","header-above-stick-meta":"","header-main-stick-meta":"","header-below-stick-meta":"","astra-migrate-meta-layouts":"default","ast-page-background-enabled":"default","ast-page-background-meta":{"desktop":{"background-color":"var(--ast-global-color-5)","background-image":"","background-repeat":"repeat","background-position":"center center","background-size":"auto","background-attachment":"scroll","background-type":"","background-media":"","overlay-type":"","overlay-color":"","overlay-opacity":"","overlay-gradient":""},"tablet":{"background-color":"","background-image":"","background-repeat":"repeat","background-position":"center center","background-size":"auto","background-attachment":"scroll","background-type":"","background-media":"","overlay-type":"","overlay-color":"","overlay-opacity":"","overlay-gradient":""},"mobile":{"background-color":"","background-image":"","background-repeat":"repeat","background-position":"center center","background-size":"auto","background-attachment":"scroll","background-type":"","background-media":"","overlay-type":"","overlay-color":"","overlay-opacity":"","overlay-gradient":""}},"ast-content-background-meta":{"desktop":{"background-color":"var(--ast-global-color-4)","background-image":"","background-repeat":"repeat","background-position":"center center","background-size":"auto","background-attachment":"scroll","background-type":"","background-media":"","overlay-type":"","overlay-color":"","overlay-opacity":"","overlay-gradient":""},"tablet":{"background-color":"var(--ast-global-color-4)","background-image":"","background-repeat":"repeat","background-position":"center center","background-size":"auto","background-attachment":"scroll","background-type":"","background-media":"","overlay-type":"","overlay-color":"","overlay-opacity":"","overlay-gradient":""},"mobile":{"background-color":"var(--ast-global-color-4)","background-image":"","background-repeat":"repeat","background-position":"center center","background-size":"auto","background-attachment":"scroll","background-type":"","background-media":"","overlay-type":"","overlay-color":"","overlay-opacity":"","overlay-gradient":""}}},"product_brand":[],"product_cat":[74,106],"product_tag":[5705,5706,3344],"class_list":{"0":"post-30245","1":"product","2":"type-product","3":"status-publish","4":"has-post-thumbnail","6":"product_cat-elettricita-strumentazione","7":"product_cat-spine-e-prese","8":"product_tag-4-terminali","9":"product_tag-interruttore-on-off-on","10":"product_tag-trem","11":"pa_supplier-tr-em-s-r-l-trecciatura-emiliana","12":"desktop-align-left","13":"tablet-align-left","14":"mobile-align-left","16":"first","17":"instock","18":"taxable","19":"shipping-taxable","20":"purchasable","21":"product-type-simple"},"acf":[],"yoast_head":"<!-- This site is optimized with the Yoast SEO Premium plugin v26.7 (Yoast SEO v26.9) - https:\/\/yoast.com\/product\/yoast-seo-premium-wordpress\/ -->\n<title>Interruttore ON\/OFF\/ON a 4 terminali Trem - Codice L0703004<\/title>\n<meta name=\"description\" content=\"Scopri l&#039;interruttore ON\/OFF\/ON a 4 terminali Trem, codice L0703004. Affidabile e facile da installare, perfetto per ogni esigenza. Acquista ora!\" \/>\n<meta name=\"robots\" content=\"index, follow, max-snippet:-1, max-image-preview:large, max-video-preview:-1\" \/>\n<link rel=\"canonical\" href=\"https:\/\/technofluid.it\/es\/produit\/interruttore-onoffon-a-4-terminali-codice-l0703004-trem\/\" \/>\n<meta property=\"og:locale\" content=\"es_ES\" \/>\n<meta property=\"og:type\" content=\"article\" \/>\n<meta property=\"og:title\" content=\"Interruttore ON\/OFF\/ON a 4 terminali &ndash; codice: L0703004 &ndash; Trem\" \/>\n<meta property=\"og:description\" content=\"Scopri l&#039;interruttore ON\/OFF\/ON a 4 terminali Trem, codice L0703004. Affidabile e facile da installare, perfetto per ogni esigenza. Acquista ora!\" \/>\n<meta property=\"og:url\" content=\"https:\/\/technofluid.it\/es\/produit\/interruttore-onoffon-a-4-terminali-codice-l0703004-trem\/\" \/>\n<meta property=\"og:site_name\" content=\"Technofluid\" \/>\n<meta property=\"article:modified_time\" content=\"2026-04-15T11:16:34+00:00\" \/>\n<meta property=\"og:image\" content=\"https:\/\/technofluid.it\/wp-content\/uploads\/2026\/01\/1505-Interruttore-ONOFFON-a-4-terminali-codice-L0703004-Trem.jpg\" \/>\n\t<meta property=\"og:image:width\" content=\"1200\" \/>\n\t<meta property=\"og:image:height\" content=\"1200\" \/>\n\t<meta property=\"og:image:type\" content=\"image\/jpeg\" \/>\n<meta name=\"twitter:card\" content=\"summary_large_image\" \/>\n<meta name=\"twitter:label1\" content=\"Precio\" \/>\n\t<meta name=\"twitter:data1\" content=\"9,43&nbsp;&euro; Iva esclusa\" \/>\n\t<meta name=\"twitter:label2\" content=\"Disponibilidad\" \/>\n\t<meta name=\"twitter:data2\" content=\"Disponible\" \/>\n<script type=\"application\/ld+json\" class=\"yoast-schema-graph\">{\"@context\":\"https:\/\/schema.org\",\"@graph\":[{\"@type\":\"WebPage\",\"@id\":\"https:\/\/technofluid.it\/fr\/produit\/interruttore-onoffon-a-4-terminali-codice-l0703004-trem\/\",\"url\":\"https:\/\/technofluid.it\/fr\/produit\/interruttore-onoffon-a-4-terminali-codice-l0703004-trem\/\",\"name\":\"Interruttore ON\/OFF\/ON a 4 terminali Trem - Codice L0703004\",\"isPartOf\":{\"@id\":\"https:\/\/technofluid.it\/#website\"},\"primaryImageOfPage\":{\"@id\":\"https:\/\/technofluid.it\/fr\/produit\/interruttore-onoffon-a-4-terminali-codice-l0703004-trem\/#primaryimage\"},\"image\":{\"@id\":\"https:\/\/technofluid.it\/fr\/produit\/interruttore-onoffon-a-4-terminali-codice-l0703004-trem\/#primaryimage\"},\"thumbnailUrl\":\"https:\/\/technofluid.it\/wp-content\/uploads\/2026\/01\/1505-Interruttore-ONOFFON-a-4-terminali-codice-L0703004-Trem.jpg\",\"datePublished\":\"2025-10-25T00:02:23+00:00\",\"dateModified\":\"2026-04-15T11:16:34+00:00\",\"description\":\"Scopri l'interruttore ON\/OFF\/ON a 4 terminali Trem, codice L0703004. Affidabile e facile da installare, perfetto per ogni esigenza. Acquista ora!\",\"breadcrumb\":{\"@id\":\"https:\/\/technofluid.it\/fr\/produit\/interruttore-onoffon-a-4-terminali-codice-l0703004-trem\/#breadcrumb\"},\"inLanguage\":\"es\",\"potentialAction\":[{\"@type\":\"ReadAction\",\"target\":[\"https:\/\/technofluid.it\/fr\/produit\/interruttore-onoffon-a-4-terminali-codice-l0703004-trem\/\"]}]},{\"@type\":\"ImageObject\",\"inLanguage\":\"es\",\"@id\":\"https:\/\/technofluid.it\/fr\/produit\/interruttore-onoffon-a-4-terminali-codice-l0703004-trem\/#primaryimage\",\"url\":\"https:\/\/technofluid.it\/wp-content\/uploads\/2026\/01\/1505-Interruttore-ONOFFON-a-4-terminali-codice-L0703004-Trem.jpg\",\"contentUrl\":\"https:\/\/technofluid.it\/wp-content\/uploads\/2026\/01\/1505-Interruttore-ONOFFON-a-4-terminali-codice-L0703004-Trem.jpg\",\"width\":1200,\"height\":1200,\"caption\":\"Interruttore con 4 terminali, ideale per controllo accensione e spegnimento.\"},{\"@type\":\"BreadcrumbList\",\"@id\":\"https:\/\/technofluid.it\/fr\/produit\/interruttore-onoffon-a-4-terminali-codice-l0703004-trem\/#breadcrumb\",\"itemListElement\":[{\"@type\":\"ListItem\",\"position\":1,\"name\":\"Home\",\"item\":\"https:\/\/technofluid.it\/\"},{\"@type\":\"ListItem\",\"position\":2,\"name\":\"Shop\",\"item\":\"https:\/\/technofluid.it\/shop\/\"},{\"@type\":\"ListItem\",\"position\":3,\"name\":\"Interruttore ON\/OFF\/ON a 4 terminali &ndash; codice: L0703004 &ndash; Trem\"}]},{\"@type\":\"WebSite\",\"@id\":\"https:\/\/technofluid.it\/#website\",\"url\":\"https:\/\/technofluid.it\/\",\"name\":\"Technofluid S.R.L.\",\"description\":\"Dal 1999 siamo specializzati nell&#039;impiantistica navale, idraulica, civile e industriale\",\"publisher\":{\"@id\":\"https:\/\/technofluid.it\/#organization\"},\"potentialAction\":[{\"@type\":\"SearchAction\",\"target\":{\"@type\":\"EntryPoint\",\"urlTemplate\":\"https:\/\/technofluid.it\/?s={search_term_string}\"},\"query-input\":{\"@type\":\"PropertyValueSpecification\",\"valueRequired\":true,\"valueName\":\"search_term_string\"}}],\"inLanguage\":\"es\"},{\"@type\":\"Organization\",\"@id\":\"https:\/\/technofluid.it\/#organization\",\"name\":\"Technofluid\",\"url\":\"https:\/\/technofluid.it\/\",\"logo\":{\"@type\":\"ImageObject\",\"inLanguage\":\"es\",\"@id\":\"https:\/\/technofluid.it\/#\/schema\/logo\/image\/\",\"url\":\"https:\/\/technofluid.it\/wp-content\/uploads\/2025\/12\/technofluid_bianco-logo.webp\",\"contentUrl\":\"https:\/\/technofluid.it\/wp-content\/uploads\/2025\/12\/technofluid_bianco-logo.webp\",\"width\":350,\"height\":116,\"caption\":\"Technofluid\"},\"image\":{\"@id\":\"https:\/\/technofluid.it\/#\/schema\/logo\/image\/\"},\"description\":\"La Technofluid S.r.l. nasce nel 1999 a Barcellona Pozzo di Gotto, in provincia di Messina, con l\u2019obiettivo di diventare un punto di riferimento nel settore dell\u2019impiantistica navale, idraulica, civile e industriale.\",\"email\":\"info@technofluid.it\",\"telephone\":\"0907386877\",\"legalName\":\"Technofluid S.R.L\",\"vatID\":\"IT03148240835\",\"taxID\":\"03148240835\",\"ownershipFundingInfo\":\"https:\/\/technofluid.it\/azienda\/\"}]}<\/script>\n<meta property=\"product:price:amount\" content=\"9.43\" \/>\n<meta property=\"product:price:currency\" content=\"EUR\" \/>\n<meta property=\"og:availability\" content=\"instock\" \/>\n<meta property=\"product:availability\" content=\"instock\" \/>\n<meta property=\"product:retailer_item_id\" content=\"TREM0000165\" \/>\n<meta property=\"product:condition\" content=\"new\" \/>\n<!-- \/ Yoast SEO Premium plugin. -->","yoast_head_json":{"title":"Interruptor ON\/OFF\/ON de 4 terminales Trem - C\u00f3digo L0703004","description":"Descubre el interruptor ON\/OFF\/ON de 4 terminales Trem, c\u00f3digo L0703004. Fiable y f\u00e1cil de instalar, perfecto para cualquier necesidad. \u00a1Compra ahora!","robots":{"index":"index","follow":"follow","max-snippet":"max-snippet:-1","max-image-preview":"max-image-preview:large","max-video-preview":"max-video-preview:-1"},"canonical":"https:\/\/technofluid.it\/es\/produit\/interruttore-onoffon-a-4-terminali-codice-l0703004-trem\/","og_locale":"es_ES","og_type":"article","og_title":"Interruttore ON\/OFF\/ON a 4 terminali &ndash; codice: L0703004 &ndash; Trem","og_description":"Scopri l'interruttore ON\/OFF\/ON a 4 terminali Trem, codice L0703004. Affidabile e facile da installare, perfetto per ogni esigenza. Acquista ora!","og_url":"https:\/\/technofluid.it\/es\/produit\/interruttore-onoffon-a-4-terminali-codice-l0703004-trem\/","og_site_name":"Technofluid","article_modified_time":"2026-04-15T11:16:34+00:00","og_image":[{"width":1200,"height":1200,"url":"https:\/\/technofluid.it\/wp-content\/uploads\/2026\/01\/1505-Interruttore-ONOFFON-a-4-terminali-codice-L0703004-Trem.jpg","type":"image\/jpeg"}],"twitter_card":"summary_large_image","twitter_misc":{"Precio":"9,43&nbsp;&euro; Iva esclusa","Disponibilidad":"Disponible"},"schema":{"@context":"https:\/\/schema.org","@graph":[{"@type":"WebPage","@id":"https:\/\/technofluid.it\/fr\/produit\/interruttore-onoffon-a-4-terminali-codice-l0703004-trem\/","url":"https:\/\/technofluid.it\/fr\/produit\/interruttore-onoffon-a-4-terminali-codice-l0703004-trem\/","name":"Interruptor ON\/OFF\/ON de 4 terminales Trem - C\u00f3digo L0703004","isPartOf":{"@id":"https:\/\/technofluid.it\/#website"},"primaryImageOfPage":{"@id":"https:\/\/technofluid.it\/fr\/produit\/interruttore-onoffon-a-4-terminali-codice-l0703004-trem\/#primaryimage"},"image":{"@id":"https:\/\/technofluid.it\/fr\/produit\/interruttore-onoffon-a-4-terminali-codice-l0703004-trem\/#primaryimage"},"thumbnailUrl":"https:\/\/technofluid.it\/wp-content\/uploads\/2026\/01\/1505-Interruttore-ONOFFON-a-4-terminali-codice-L0703004-Trem.jpg","datePublished":"2025-10-25T00:02:23+00:00","dateModified":"2026-04-15T11:16:34+00:00","description":"Descubre el interruptor ON\/OFF\/ON de 4 terminales Trem, c\u00f3digo L0703004. Fiable y f\u00e1cil de instalar, perfecto para cualquier necesidad. \u00a1Compra ahora!","breadcrumb":{"@id":"https:\/\/technofluid.it\/fr\/produit\/interruttore-onoffon-a-4-terminali-codice-l0703004-trem\/#breadcrumb"},"inLanguage":"es","potentialAction":[{"@type":"ReadAction","target":["https:\/\/technofluid.it\/fr\/produit\/interruttore-onoffon-a-4-terminali-codice-l0703004-trem\/"]}]},{"@type":"ImageObject","inLanguage":"es","@id":"https:\/\/technofluid.it\/fr\/produit\/interruttore-onoffon-a-4-terminali-codice-l0703004-trem\/#primaryimage","url":"https:\/\/technofluid.it\/wp-content\/uploads\/2026\/01\/1505-Interruttore-ONOFFON-a-4-terminali-codice-L0703004-Trem.jpg","contentUrl":"https:\/\/technofluid.it\/wp-content\/uploads\/2026\/01\/1505-Interruttore-ONOFFON-a-4-terminali-codice-L0703004-Trem.jpg","width":1200,"height":1200,"caption":"Interruttore con 4 terminali, ideale per controllo accensione e spegnimento."},{"@type":"BreadcrumbList","@id":"https:\/\/technofluid.it\/fr\/produit\/interruttore-onoffon-a-4-terminali-codice-l0703004-trem\/#breadcrumb","itemListElement":[{"@type":"ListItem","position":1,"name":"Home","item":"https:\/\/technofluid.it\/"},{"@type":"ListItem","position":2,"name":"Shop","item":"https:\/\/technofluid.it\/shop\/"},{"@type":"ListItem","position":3,"name":"Interruttore ON\/OFF\/ON a 4 terminali &ndash; codice: L0703004 &ndash; Trem"}]},{"@type":"WebSite","@id":"https:\/\/technofluid.it\/#website","url":"https:\/\/technofluid.it\/","name":"Technofluid S.R.L.","description":"Desde 1999 estamos especializados en instalaciones navales, hidr\u00e1ulicas, civiles e industriales","publisher":{"@id":"https:\/\/technofluid.it\/#organization"},"potentialAction":[{"@type":"SearchAction","target":{"@type":"EntryPoint","urlTemplate":"https:\/\/technofluid.it\/?s={search_term_string}"},"query-input":{"@type":"PropertyValueSpecification","valueRequired":true,"valueName":"search_term_string"}}],"inLanguage":"es"},{"@type":"Organization","@id":"https:\/\/technofluid.it\/#organization","name":"Technofluid","url":"https:\/\/technofluid.it\/","logo":{"@type":"ImageObject","inLanguage":"es","@id":"https:\/\/technofluid.it\/#\/schema\/logo\/image\/","url":"https:\/\/technofluid.it\/wp-content\/uploads\/2025\/12\/technofluid_bianco-logo.webp","contentUrl":"https:\/\/technofluid.it\/wp-content\/uploads\/2025\/12\/technofluid_bianco-logo.webp","width":350,"height":116,"caption":"Technofluid"},"image":{"@id":"https:\/\/technofluid.it\/#\/schema\/logo\/image\/"},"description":"Technofluid S.r.l. nace en 1999 en Barcellona Pozzo di Gotto, en la provincia de Messina, con el objetivo de convertirse en un punto de referencia en el sector de la ingenier\u00eda naval, hidr\u00e1ulica, civil e industrial.","email":"info@technofluid.it","telephone":"0907386877","legalName":"Technofluid S.R.L","vatID":"IT03148240835","taxID":"03148240835","ownershipFundingInfo":"https:\/\/technofluid.it\/azienda\/"}]},"product_price_amount":"9.43","product_price_currency":"EUR","og_availability":"instock","product_availability":"instock","product_retailer_item_id":"TREM0000165","product_condition":"new"},"_links":{"self":[{"href":"https:\/\/technofluid.it\/es\/wp-json\/wp\/v2\/product\/30245","targetHints":{"allow":["GET"]}}],"collection":[{"href":"https:\/\/technofluid.it\/es\/wp-json\/wp\/v2\/product"}],"about":[{"href":"https:\/\/technofluid.it\/es\/wp-json\/wp\/v2\/types\/product"}],"replies":[{"embeddable":true,"href":"https:\/\/technofluid.it\/es\/wp-json\/wp\/v2\/comments?post=30245"}],"version-history":[{"count":0,"href":"https:\/\/technofluid.it\/es\/wp-json\/wp\/v2\/product\/30245\/revisions"}],"wp:featuredmedia":[{"embeddable":true,"href":"https:\/\/technofluid.it\/es\/wp-json\/wp\/v2\/media\/39456"}],"wp:attachment":[{"href":"https:\/\/technofluid.it\/es\/wp-json\/wp\/v2\/media?parent=30245"}],"wp:term":[{"taxonomy":"product_brand","embeddable":true,"href":"https:\/\/technofluid.it\/es\/wp-json\/wp\/v2\/product_brand?post=30245"},{"taxonomy":"product_cat","embeddable":true,"href":"https:\/\/technofluid.it\/es\/wp-json\/wp\/v2\/product_cat?post=30245"},{"taxonomy":"product_tag","embeddable":true,"href":"https:\/\/technofluid.it\/es\/wp-json\/wp\/v2\/product_tag?post=30245"}],"curies":[{"name":"wp","href":"https:\/\/api.w.org\/{rel}","templated":true}]}}