{"id":30240,"date":"2025-10-25T00:02:22","date_gmt":"2025-10-25T00:02:22","guid":{"rendered":"https:\/\/technofluid.it\/prodotto\/interruttore-nero-alluminio-20a-bianco-on-off-momentaneo-9-32v-codice-l0674321-trem\/"},"modified":"2026-04-15T12:22:55","modified_gmt":"2026-04-15T11:22:55","slug":"interruttore-nero-in-alluminio-20a-bianco-on-off-momentaneo-932v-codice-l0674321-trem","status":"publish","type":"product","link":"https:\/\/technofluid.it\/es\/producto\/interruptor-negro-de-aluminio-20a-blanco-on-off-momentaneo-932v-codigo-l0674321-trem\/","title":{"rendered":"Interruptor negro de aluminio 20A blanco (ON)-OFF moment\u00e1neo 9\u201332V \u2013 c\u00f3digo: L0674321 \u2013 Trem"},"content":{"rendered":"<p>Interruptor negro de aluminio 20A blanco (ON)-OFF moment\u00e1neo 9\u201332V \u2013 c\u00f3digo: L0674321 \u2013 Trem<\/p>","protected":false},"excerpt":{"rendered":"<p>INTERRUTTORE NERO ALLUMINIO 20A BIANCO (ON) OFF MOMENTANEO 9-32V &#8211; CODICE: L0674321 &#8211; TREM<\/p>","protected":false},"featured_media":39441,"comment_status":"open","ping_status":"closed","template":"","meta":{"_acf_changed":false,"_monsterinsights_skip_tracking":false,"_monsterinsights_sitenote_active":false,"_monsterinsights_sitenote_note":"","_monsterinsights_sitenote_category":0,"site-sidebar-layout":"default","site-content-layout":"","ast-site-content-layout":"default","site-content-style":"default","site-sidebar-style":"default","ast-global-header-display":"","ast-banner-title-visibility":"","ast-main-header-display":"","ast-hfb-above-header-display":"","ast-hfb-below-header-display":"","ast-hfb-mobile-header-display":"","site-post-title":"","ast-breadcrumbs-content":"","ast-featured-img":"","footer-sml-layout":"","ast-disable-related-posts":"","theme-transparent-header-meta":"","adv-header-id-meta":"","stick-header-meta":"","header-above-stick-meta":"","header-main-stick-meta":"","header-below-stick-meta":"","astra-migrate-meta-layouts":"default","ast-page-background-enabled":"default","ast-page-background-meta":{"desktop":{"background-color":"var(--ast-global-color-5)","background-image":"","background-repeat":"repeat","background-position":"center center","background-size":"auto","background-attachment":"scroll","background-type":"","background-media":"","overlay-type":"","overlay-color":"","overlay-opacity":"","overlay-gradient":""},"tablet":{"background-color":"","background-image":"","background-repeat":"repeat","background-position":"center center","background-size":"auto","background-attachment":"scroll","background-type":"","background-media":"","overlay-type":"","overlay-color":"","overlay-opacity":"","overlay-gradient":""},"mobile":{"background-color":"","background-image":"","background-repeat":"repeat","background-position":"center center","background-size":"auto","background-attachment":"scroll","background-type":"","background-media":"","overlay-type":"","overlay-color":"","overlay-opacity":"","overlay-gradient":""}},"ast-content-background-meta":{"desktop":{"background-color":"var(--ast-global-color-4)","background-image":"","background-repeat":"repeat","background-position":"center center","background-size":"auto","background-attachment":"scroll","background-type":"","background-media":"","overlay-type":"","overlay-color":"","overlay-opacity":"","overlay-gradient":""},"tablet":{"background-color":"var(--ast-global-color-4)","background-image":"","background-repeat":"repeat","background-position":"center center","background-size":"auto","background-attachment":"scroll","background-type":"","background-media":"","overlay-type":"","overlay-color":"","overlay-opacity":"","overlay-gradient":""},"mobile":{"background-color":"var(--ast-global-color-4)","background-image":"","background-repeat":"repeat","background-position":"center center","background-size":"auto","background-attachment":"scroll","background-type":"","background-media":"","overlay-type":"","overlay-color":"","overlay-opacity":"","overlay-gradient":""}}},"product_brand":[],"product_cat":[74,106],"product_tag":[5693,5697,5698,3344],"class_list":{"0":"post-30240","1":"product","2":"type-product","3":"status-publish","4":"has-post-thumbnail","6":"product_cat-elettricita-strumentazione","7":"product_cat-spine-e-prese","8":"product_tag-interruttore-nero-alluminio-20a","9":"product_tag-l0674321","10":"product_tag-off-momentaneo-9-32v","11":"product_tag-trem","12":"pa_supplier-tr-em-s-r-l-trecciatura-emiliana","13":"desktop-align-left","14":"tablet-align-left","15":"mobile-align-left","17":"first","18":"instock","19":"taxable","20":"shipping-taxable","21":"purchasable","22":"product-type-simple"},"acf":[],"yoast_head":"<!-- This site is optimized with the Yoast SEO Premium plugin v26.7 (Yoast SEO v26.9) - https:\/\/yoast.com\/product\/yoast-seo-premium-wordpress\/ -->\n<title>Interruttore momentaneo nero 20A alluminio bianco ON-OFF<\/title>\n<meta name=\"description\" content=\"Scopri l&#039;interruttore momentaneo nero in alluminio 20A bianco ON-OFF, ideale per 9-32V. Acquista ora il codice L0674321 Trem!\" \/>\n<meta name=\"robots\" content=\"index, follow, max-snippet:-1, max-image-preview:large, max-video-preview:-1\" \/>\n<link rel=\"canonical\" href=\"https:\/\/technofluid.it\/es\/producto\/interruptor-negro-de-aluminio-20a-blanco-on-off-momentaneo-932v-codigo-l0674321-trem\/\" \/>\n<meta property=\"og:locale\" content=\"es_ES\" \/>\n<meta property=\"og:type\" content=\"article\" \/>\n<meta property=\"og:title\" content=\"Interruttore nero in alluminio 20A bianco (ON)-OFF momentaneo 9&ndash;32V &ndash; codice: L0674321 &ndash; Trem\" \/>\n<meta property=\"og:description\" content=\"Scopri l&#039;interruttore momentaneo nero in alluminio 20A bianco ON-OFF, ideale per 9-32V. Acquista ora il codice L0674321 Trem!\" \/>\n<meta property=\"og:url\" content=\"https:\/\/technofluid.it\/es\/producto\/interruptor-negro-de-aluminio-20a-blanco-on-off-momentaneo-932v-codigo-l0674321-trem\/\" \/>\n<meta property=\"og:site_name\" content=\"Technofluid\" \/>\n<meta property=\"article:modified_time\" content=\"2026-04-15T11:22:55+00:00\" \/>\n<meta property=\"og:image\" content=\"https:\/\/technofluid.it\/wp-content\/uploads\/2026\/01\/3789-Interruttore-nero-in-alluminio-20A-bianco-ON-OFF-momentaneo-9-32V-codice-L0674321-Trem.jpg\" \/>\n\t<meta property=\"og:image:width\" content=\"1200\" \/>\n\t<meta property=\"og:image:height\" content=\"1200\" \/>\n\t<meta property=\"og:image:type\" content=\"image\/jpeg\" \/>\n<meta name=\"twitter:card\" content=\"summary_large_image\" \/>\n<meta name=\"twitter:label1\" content=\"Precio\" \/>\n\t<meta name=\"twitter:data1\" content=\"9,02&nbsp;&euro; Iva esclusa\" \/>\n\t<meta name=\"twitter:label2\" content=\"Disponibilidad\" \/>\n\t<meta name=\"twitter:data2\" content=\"Disponible\" \/>\n<script type=\"application\/ld+json\" class=\"yoast-schema-graph\">{\"@context\":\"https:\/\/schema.org\",\"@graph\":[{\"@type\":\"WebPage\",\"@id\":\"https:\/\/technofluid.it\/prodotto\/interruttore-nero-in-alluminio-20a-bianco-on-off-momentaneo-932v-codice-l0674321-trem\/\",\"url\":\"https:\/\/technofluid.it\/prodotto\/interruttore-nero-in-alluminio-20a-bianco-on-off-momentaneo-932v-codice-l0674321-trem\/\",\"name\":\"Interruttore momentaneo nero 20A alluminio bianco ON-OFF\",\"isPartOf\":{\"@id\":\"https:\/\/technofluid.it\/#website\"},\"primaryImageOfPage\":{\"@id\":\"https:\/\/technofluid.it\/prodotto\/interruttore-nero-in-alluminio-20a-bianco-on-off-momentaneo-932v-codice-l0674321-trem\/#primaryimage\"},\"image\":{\"@id\":\"https:\/\/technofluid.it\/prodotto\/interruttore-nero-in-alluminio-20a-bianco-on-off-momentaneo-932v-codice-l0674321-trem\/#primaryimage\"},\"thumbnailUrl\":\"https:\/\/technofluid.it\/wp-content\/uploads\/2026\/01\/3789-Interruttore-nero-in-alluminio-20A-bianco-ON-OFF-momentaneo-9-32V-codice-L0674321-Trem.jpg\",\"datePublished\":\"2025-10-25T00:02:22+00:00\",\"dateModified\":\"2026-04-15T11:22:55+00:00\",\"description\":\"Scopri l'interruttore momentaneo nero in alluminio 20A bianco ON-OFF, ideale per 9-32V. Acquista ora il codice L0674321 Trem!\",\"breadcrumb\":{\"@id\":\"https:\/\/technofluid.it\/prodotto\/interruttore-nero-in-alluminio-20a-bianco-on-off-momentaneo-932v-codice-l0674321-trem\/#breadcrumb\"},\"inLanguage\":\"es\",\"potentialAction\":[{\"@type\":\"ReadAction\",\"target\":[\"https:\/\/technofluid.it\/prodotto\/interruttore-nero-in-alluminio-20a-bianco-on-off-momentaneo-932v-codice-l0674321-trem\/\"]}]},{\"@type\":\"ImageObject\",\"inLanguage\":\"es\",\"@id\":\"https:\/\/technofluid.it\/prodotto\/interruttore-nero-in-alluminio-20a-bianco-on-off-momentaneo-932v-codice-l0674321-trem\/#primaryimage\",\"url\":\"https:\/\/technofluid.it\/wp-content\/uploads\/2026\/01\/3789-Interruttore-nero-in-alluminio-20A-bianco-ON-OFF-momentaneo-9-32V-codice-L0674321-Trem.jpg\",\"contentUrl\":\"https:\/\/technofluid.it\/wp-content\/uploads\/2026\/01\/3789-Interruttore-nero-in-alluminio-20A-bianco-ON-OFF-momentaneo-9-32V-codice-L0674321-Trem.jpg\",\"width\":1200,\"height\":1200,\"caption\":\"Interruttore nero in alluminio 20A bianco, con funzione ON-OFF, tensione 9-32V, codice L0674321, ideale per applicazioni elettriche.\"},{\"@type\":\"BreadcrumbList\",\"@id\":\"https:\/\/technofluid.it\/prodotto\/interruttore-nero-in-alluminio-20a-bianco-on-off-momentaneo-932v-codice-l0674321-trem\/#breadcrumb\",\"itemListElement\":[{\"@type\":\"ListItem\",\"position\":1,\"name\":\"Home\",\"item\":\"https:\/\/technofluid.it\/\"},{\"@type\":\"ListItem\",\"position\":2,\"name\":\"Shop\",\"item\":\"https:\/\/technofluid.it\/shop\/\"},{\"@type\":\"ListItem\",\"position\":3,\"name\":\"Interruttore nero in alluminio 20A bianco (ON)-OFF momentaneo 9&ndash;32V &ndash; codice: L0674321 &ndash; Trem\"}]},{\"@type\":\"WebSite\",\"@id\":\"https:\/\/technofluid.it\/#website\",\"url\":\"https:\/\/technofluid.it\/\",\"name\":\"Technofluid S.R.L.\",\"description\":\"Dal 1999 siamo specializzati nell&#039;impiantistica navale, idraulica, civile e industriale\",\"publisher\":{\"@id\":\"https:\/\/technofluid.it\/#organization\"},\"potentialAction\":[{\"@type\":\"SearchAction\",\"target\":{\"@type\":\"EntryPoint\",\"urlTemplate\":\"https:\/\/technofluid.it\/?s={search_term_string}\"},\"query-input\":{\"@type\":\"PropertyValueSpecification\",\"valueRequired\":true,\"valueName\":\"search_term_string\"}}],\"inLanguage\":\"es\"},{\"@type\":\"Organization\",\"@id\":\"https:\/\/technofluid.it\/#organization\",\"name\":\"Technofluid\",\"url\":\"https:\/\/technofluid.it\/\",\"logo\":{\"@type\":\"ImageObject\",\"inLanguage\":\"es\",\"@id\":\"https:\/\/technofluid.it\/#\/schema\/logo\/image\/\",\"url\":\"https:\/\/technofluid.it\/wp-content\/uploads\/2025\/12\/technofluid_bianco-logo.webp\",\"contentUrl\":\"https:\/\/technofluid.it\/wp-content\/uploads\/2025\/12\/technofluid_bianco-logo.webp\",\"width\":350,\"height\":116,\"caption\":\"Technofluid\"},\"image\":{\"@id\":\"https:\/\/technofluid.it\/#\/schema\/logo\/image\/\"},\"description\":\"La Technofluid S.r.l. nasce nel 1999 a Barcellona Pozzo di Gotto, in provincia di Messina, con l\u2019obiettivo di diventare un punto di riferimento nel settore dell\u2019impiantistica navale, idraulica, civile e industriale.\",\"email\":\"info@technofluid.it\",\"telephone\":\"0907386877\",\"legalName\":\"Technofluid S.R.L\",\"vatID\":\"IT03148240835\",\"taxID\":\"03148240835\",\"ownershipFundingInfo\":\"https:\/\/technofluid.it\/azienda\/\"}]}<\/script>\n<meta property=\"product:price:amount\" content=\"9.02\" \/>\n<meta property=\"product:price:currency\" content=\"EUR\" \/>\n<meta property=\"og:availability\" content=\"instock\" \/>\n<meta property=\"product:availability\" content=\"instock\" \/>\n<meta property=\"product:retailer_item_id\" content=\"TREM0000254\" \/>\n<meta property=\"product:condition\" content=\"new\" \/>\n<!-- \/ Yoast SEO Premium plugin. -->","yoast_head_json":{"title":"Interruptor moment\u00e1neo negro 20A aluminio blanco ON-OFF","description":"Descubre el interruptor moment\u00e1neo negro de aluminio 20A blanco ON-OFF, ideal para 9-32V. Compra ahora el c\u00f3digo L0674321 Trem!","robots":{"index":"index","follow":"follow","max-snippet":"max-snippet:-1","max-image-preview":"max-image-preview:large","max-video-preview":"max-video-preview:-1"},"canonical":"https:\/\/technofluid.it\/es\/producto\/interruptor-negro-de-aluminio-20a-blanco-on-off-momentaneo-932v-codigo-l0674321-trem\/","og_locale":"es_ES","og_type":"article","og_title":"Interruttore nero in alluminio 20A bianco (ON)-OFF momentaneo 9&ndash;32V &ndash; codice: L0674321 &ndash; Trem","og_description":"Scopri l'interruttore momentaneo nero in alluminio 20A bianco ON-OFF, ideale per 9-32V. Acquista ora il codice L0674321 Trem!","og_url":"https:\/\/technofluid.it\/es\/producto\/interruptor-negro-de-aluminio-20a-blanco-on-off-momentaneo-932v-codigo-l0674321-trem\/","og_site_name":"Technofluid","article_modified_time":"2026-04-15T11:22:55+00:00","og_image":[{"width":1200,"height":1200,"url":"https:\/\/technofluid.it\/wp-content\/uploads\/2026\/01\/3789-Interruttore-nero-in-alluminio-20A-bianco-ON-OFF-momentaneo-9-32V-codice-L0674321-Trem.jpg","type":"image\/jpeg"}],"twitter_card":"summary_large_image","twitter_misc":{"Precio":"9,02&nbsp;&euro; Iva esclusa","Disponibilidad":"Disponible"},"schema":{"@context":"https:\/\/schema.org","@graph":[{"@type":"WebPage","@id":"https:\/\/technofluid.it\/prodotto\/interruttore-nero-in-alluminio-20a-bianco-on-off-momentaneo-932v-codice-l0674321-trem\/","url":"https:\/\/technofluid.it\/prodotto\/interruttore-nero-in-alluminio-20a-bianco-on-off-momentaneo-932v-codice-l0674321-trem\/","name":"Interruptor moment\u00e1neo negro 20A aluminio blanco ON-OFF","isPartOf":{"@id":"https:\/\/technofluid.it\/#website"},"primaryImageOfPage":{"@id":"https:\/\/technofluid.it\/prodotto\/interruttore-nero-in-alluminio-20a-bianco-on-off-momentaneo-932v-codice-l0674321-trem\/#primaryimage"},"image":{"@id":"https:\/\/technofluid.it\/prodotto\/interruttore-nero-in-alluminio-20a-bianco-on-off-momentaneo-932v-codice-l0674321-trem\/#primaryimage"},"thumbnailUrl":"https:\/\/technofluid.it\/wp-content\/uploads\/2026\/01\/3789-Interruttore-nero-in-alluminio-20A-bianco-ON-OFF-momentaneo-9-32V-codice-L0674321-Trem.jpg","datePublished":"2025-10-25T00:02:22+00:00","dateModified":"2026-04-15T11:22:55+00:00","description":"Descubre el interruptor moment\u00e1neo negro de aluminio 20A blanco ON-OFF, ideal para 9-32V. Compra ahora el c\u00f3digo L0674321 Trem!","breadcrumb":{"@id":"https:\/\/technofluid.it\/prodotto\/interruttore-nero-in-alluminio-20a-bianco-on-off-momentaneo-932v-codice-l0674321-trem\/#breadcrumb"},"inLanguage":"es","potentialAction":[{"@type":"ReadAction","target":["https:\/\/technofluid.it\/prodotto\/interruttore-nero-in-alluminio-20a-bianco-on-off-momentaneo-932v-codice-l0674321-trem\/"]}]},{"@type":"ImageObject","inLanguage":"es","@id":"https:\/\/technofluid.it\/prodotto\/interruttore-nero-in-alluminio-20a-bianco-on-off-momentaneo-932v-codice-l0674321-trem\/#primaryimage","url":"https:\/\/technofluid.it\/wp-content\/uploads\/2026\/01\/3789-Interruttore-nero-in-alluminio-20A-bianco-ON-OFF-momentaneo-9-32V-codice-L0674321-Trem.jpg","contentUrl":"https:\/\/technofluid.it\/wp-content\/uploads\/2026\/01\/3789-Interruttore-nero-in-alluminio-20A-bianco-ON-OFF-momentaneo-9-32V-codice-L0674321-Trem.jpg","width":1200,"height":1200,"caption":"Interruttore nero in alluminio 20A bianco, con funzione ON-OFF, tensione 9-32V, codice L0674321, ideale per applicazioni elettriche."},{"@type":"BreadcrumbList","@id":"https:\/\/technofluid.it\/prodotto\/interruttore-nero-in-alluminio-20a-bianco-on-off-momentaneo-932v-codice-l0674321-trem\/#breadcrumb","itemListElement":[{"@type":"ListItem","position":1,"name":"Home","item":"https:\/\/technofluid.it\/"},{"@type":"ListItem","position":2,"name":"Shop","item":"https:\/\/technofluid.it\/shop\/"},{"@type":"ListItem","position":3,"name":"Interruttore nero in alluminio 20A bianco (ON)-OFF momentaneo 9&ndash;32V &ndash; codice: L0674321 &ndash; Trem"}]},{"@type":"WebSite","@id":"https:\/\/technofluid.it\/#website","url":"https:\/\/technofluid.it\/","name":"Technofluid S.R.L.","description":"Desde 1999 estamos especializados en instalaciones navales, hidr\u00e1ulicas, civiles e industriales","publisher":{"@id":"https:\/\/technofluid.it\/#organization"},"potentialAction":[{"@type":"SearchAction","target":{"@type":"EntryPoint","urlTemplate":"https:\/\/technofluid.it\/?s={search_term_string}"},"query-input":{"@type":"PropertyValueSpecification","valueRequired":true,"valueName":"search_term_string"}}],"inLanguage":"es"},{"@type":"Organization","@id":"https:\/\/technofluid.it\/#organization","name":"Technofluid","url":"https:\/\/technofluid.it\/","logo":{"@type":"ImageObject","inLanguage":"es","@id":"https:\/\/technofluid.it\/#\/schema\/logo\/image\/","url":"https:\/\/technofluid.it\/wp-content\/uploads\/2025\/12\/technofluid_bianco-logo.webp","contentUrl":"https:\/\/technofluid.it\/wp-content\/uploads\/2025\/12\/technofluid_bianco-logo.webp","width":350,"height":116,"caption":"Technofluid"},"image":{"@id":"https:\/\/technofluid.it\/#\/schema\/logo\/image\/"},"description":"Technofluid S.r.l. nace en 1999 en Barcellona Pozzo di Gotto, en la provincia de Messina, con el objetivo de convertirse en un punto de referencia en el sector de la ingenier\u00eda naval, hidr\u00e1ulica, civil e industrial.","email":"info@technofluid.it","telephone":"0907386877","legalName":"Technofluid S.R.L","vatID":"IT03148240835","taxID":"03148240835","ownershipFundingInfo":"https:\/\/technofluid.it\/azienda\/"}]},"product_price_amount":"9.02","product_price_currency":"EUR","og_availability":"instock","product_availability":"instock","product_retailer_item_id":"TREM0000254","product_condition":"new"},"_links":{"self":[{"href":"https:\/\/technofluid.it\/es\/wp-json\/wp\/v2\/product\/30240","targetHints":{"allow":["GET"]}}],"collection":[{"href":"https:\/\/technofluid.it\/es\/wp-json\/wp\/v2\/product"}],"about":[{"href":"https:\/\/technofluid.it\/es\/wp-json\/wp\/v2\/types\/product"}],"replies":[{"embeddable":true,"href":"https:\/\/technofluid.it\/es\/wp-json\/wp\/v2\/comments?post=30240"}],"version-history":[{"count":0,"href":"https:\/\/technofluid.it\/es\/wp-json\/wp\/v2\/product\/30240\/revisions"}],"wp:featuredmedia":[{"embeddable":true,"href":"https:\/\/technofluid.it\/es\/wp-json\/wp\/v2\/media\/39441"}],"wp:attachment":[{"href":"https:\/\/technofluid.it\/es\/wp-json\/wp\/v2\/media?parent=30240"}],"wp:term":[{"taxonomy":"product_brand","embeddable":true,"href":"https:\/\/technofluid.it\/es\/wp-json\/wp\/v2\/product_brand?post=30240"},{"taxonomy":"product_cat","embeddable":true,"href":"https:\/\/technofluid.it\/es\/wp-json\/wp\/v2\/product_cat?post=30240"},{"taxonomy":"product_tag","embeddable":true,"href":"https:\/\/technofluid.it\/es\/wp-json\/wp\/v2\/product_tag?post=30240"}],"curies":[{"name":"wp","href":"https:\/\/api.w.org\/{rel}","templated":true}]}}