{"id":30134,"date":"2025-10-25T00:02:11","date_gmt":"2025-10-25T00:02:11","guid":{"rendered":"https:\/\/technofluid.it\/prodotto\/grasso-blu-per-nautica-barattolo-500-ml-codice-l00802-cfg\/"},"modified":"2026-04-15T10:24:56","modified_gmt":"2026-04-15T09:24:56","slug":"grasso-blu-per-nautica-barattolo-500-ml-codice-l00802-cfg","status":"publish","type":"product","link":"https:\/\/technofluid.it\/es\/producto\/grasa-azul-para-nautica-tarro-500-ml-codigo-l00802-cfg\/","title":{"rendered":"Grasa azul para n\u00e1utica \u2013 bote 500 ml \u2013 c\u00f3digo: L00802 \u2013 Cfg"},"content":{"rendered":"<p>Grasa azul para n\u00e1utica \u2013 bote 500 ml \u2013 c\u00f3digo: L00802 \u2013 Cfg<\/p>","protected":false},"excerpt":{"rendered":"<p>GRASSO BLU PER NAUTICA\/BARATTOLO 500 ml<\/p>\n<p>Lubrificante anticorrosivo non dilavabile.<\/p>","protected":false},"featured_media":39150,"comment_status":"open","ping_status":"closed","template":"","meta":{"_acf_changed":false,"_monsterinsights_skip_tracking":false,"_monsterinsights_sitenote_active":false,"_monsterinsights_sitenote_note":"","_monsterinsights_sitenote_category":0,"site-sidebar-layout":"default","site-content-layout":"","ast-site-content-layout":"default","site-content-style":"default","site-sidebar-style":"default","ast-global-header-display":"","ast-banner-title-visibility":"","ast-main-header-display":"","ast-hfb-above-header-display":"","ast-hfb-below-header-display":"","ast-hfb-mobile-header-display":"","site-post-title":"","ast-breadcrumbs-content":"","ast-featured-img":"","footer-sml-layout":"","ast-disable-related-posts":"","theme-transparent-header-meta":"","adv-header-id-meta":"","stick-header-meta":"","header-above-stick-meta":"","header-main-stick-meta":"","header-below-stick-meta":"","astra-migrate-meta-layouts":"default","ast-page-background-enabled":"default","ast-page-background-meta":{"desktop":{"background-color":"var(--ast-global-color-5)","background-image":"","background-repeat":"repeat","background-position":"center center","background-size":"auto","background-attachment":"scroll","background-type":"","background-media":"","overlay-type":"","overlay-color":"","overlay-opacity":"","overlay-gradient":""},"tablet":{"background-color":"","background-image":"","background-repeat":"repeat","background-position":"center center","background-size":"auto","background-attachment":"scroll","background-type":"","background-media":"","overlay-type":"","overlay-color":"","overlay-opacity":"","overlay-gradient":""},"mobile":{"background-color":"","background-image":"","background-repeat":"repeat","background-position":"center center","background-size":"auto","background-attachment":"scroll","background-type":"","background-media":"","overlay-type":"","overlay-color":"","overlay-opacity":"","overlay-gradient":""}},"ast-content-background-meta":{"desktop":{"background-color":"var(--ast-global-color-4)","background-image":"","background-repeat":"repeat","background-position":"center center","background-size":"auto","background-attachment":"scroll","background-type":"","background-media":"","overlay-type":"","overlay-color":"","overlay-opacity":"","overlay-gradient":""},"tablet":{"background-color":"var(--ast-global-color-4)","background-image":"","background-repeat":"repeat","background-position":"center center","background-size":"auto","background-attachment":"scroll","background-type":"","background-media":"","overlay-type":"","overlay-color":"","overlay-opacity":"","overlay-gradient":""},"mobile":{"background-color":"var(--ast-global-color-4)","background-image":"","background-repeat":"repeat","background-position":"center center","background-size":"auto","background-attachment":"scroll","background-type":"","background-media":"","overlay-type":"","overlay-color":"","overlay-opacity":"","overlay-gradient":""}}},"product_brand":[],"product_cat":[78,79],"product_tag":[5498,5500],"class_list":{"0":"post-30134","1":"product","2":"type-product","3":"status-publish","4":"has-post-thumbnail","6":"product_cat-manutenzione-barca","7":"product_cat-olii-grassi-e-prodotti-chimici","8":"product_tag-grasso","9":"product_tag-nautica","10":"pa_supplier-cfg-spa","11":"desktop-align-left","12":"tablet-align-left","13":"mobile-align-left","15":"first","16":"instock","17":"taxable","18":"shipping-taxable","19":"purchasable","20":"product-type-simple"},"acf":[],"yoast_head":"<!-- This site is optimized with the Yoast SEO Premium plugin v26.7 (Yoast SEO v26.9) - https:\/\/yoast.com\/product\/yoast-seo-premium-wordpress\/ -->\n<title>Grasso Blu Nautica 500 ml - Protezione Efficace Barattolo<\/title>\n<meta name=\"description\" content=\"Acquista il grasso blu nautica in barattolo da 500 ml. Proteggi le tue imbarcazioni con il prodotto ideale. Scopri di pi\u00f9 ora!\" \/>\n<meta name=\"robots\" content=\"index, follow, max-snippet:-1, max-image-preview:large, max-video-preview:-1\" \/>\n<link rel=\"canonical\" href=\"https:\/\/technofluid.it\/es\/produkt\/grasso-blu-per-nautica-barattolo-500-ml-codice-l00802-cfg\/\" \/>\n<meta property=\"og:locale\" content=\"es_ES\" \/>\n<meta property=\"og:type\" content=\"article\" \/>\n<meta property=\"og:title\" content=\"Grasso blu per nautica - barattolo 500 ml - codice: L00802 - Cfg\" \/>\n<meta property=\"og:description\" content=\"Acquista il grasso blu nautica in barattolo da 500 ml. Proteggi le tue imbarcazioni con il prodotto ideale. Scopri di pi\u00f9 ora!\" \/>\n<meta property=\"og:url\" content=\"https:\/\/technofluid.it\/es\/produkt\/grasso-blu-per-nautica-barattolo-500-ml-codice-l00802-cfg\/\" \/>\n<meta property=\"og:site_name\" content=\"Technofluid\" \/>\n<meta property=\"article:modified_time\" content=\"2026-04-15T09:24:56+00:00\" \/>\n<meta property=\"og:image\" content=\"https:\/\/technofluid.it\/wp-content\/uploads\/2026\/01\/810-Grasso-blu-per-nautica-barattolo-500-ml-codice-L00802-Cfg.jpg\" \/>\n\t<meta property=\"og:image:width\" content=\"771\" \/>\n\t<meta property=\"og:image:height\" content=\"800\" \/>\n\t<meta property=\"og:image:type\" content=\"image\/jpeg\" \/>\n<meta name=\"twitter:card\" content=\"summary_large_image\" \/>\n<meta name=\"twitter:label1\" content=\"Precio\" \/>\n\t<meta name=\"twitter:data1\" content=\"15,16&nbsp;&euro; Iva esclusa\" \/>\n\t<meta name=\"twitter:label2\" content=\"Disponibilidad\" \/>\n\t<meta name=\"twitter:data2\" content=\"Disponible\" \/>\n<script type=\"application\/ld+json\" class=\"yoast-schema-graph\">{\"@context\":\"https:\/\/schema.org\",\"@graph\":[{\"@type\":\"WebPage\",\"@id\":\"https:\/\/technofluid.it\/de\/produkt\/grasso-blu-per-nautica-barattolo-500-ml-codice-l00802-cfg\/\",\"url\":\"https:\/\/technofluid.it\/de\/produkt\/grasso-blu-per-nautica-barattolo-500-ml-codice-l00802-cfg\/\",\"name\":\"Grasso Blu Nautica 500 ml - Protezione Efficace Barattolo\",\"isPartOf\":{\"@id\":\"https:\/\/technofluid.it\/#website\"},\"primaryImageOfPage\":{\"@id\":\"https:\/\/technofluid.it\/de\/produkt\/grasso-blu-per-nautica-barattolo-500-ml-codice-l00802-cfg\/#primaryimage\"},\"image\":{\"@id\":\"https:\/\/technofluid.it\/de\/produkt\/grasso-blu-per-nautica-barattolo-500-ml-codice-l00802-cfg\/#primaryimage\"},\"thumbnailUrl\":\"https:\/\/technofluid.it\/wp-content\/uploads\/2026\/01\/810-Grasso-blu-per-nautica-barattolo-500-ml-codice-L00802-Cfg.jpg\",\"datePublished\":\"2025-10-25T00:02:11+00:00\",\"dateModified\":\"2026-04-15T09:24:56+00:00\",\"description\":\"Acquista il grasso blu nautica in barattolo da 500 ml. Proteggi le tue imbarcazioni con il prodotto ideale. Scopri di pi\u00f9 ora!\",\"breadcrumb\":{\"@id\":\"https:\/\/technofluid.it\/de\/produkt\/grasso-blu-per-nautica-barattolo-500-ml-codice-l00802-cfg\/#breadcrumb\"},\"inLanguage\":\"es\",\"potentialAction\":[{\"@type\":\"ReadAction\",\"target\":[\"https:\/\/technofluid.it\/de\/produkt\/grasso-blu-per-nautica-barattolo-500-ml-codice-l00802-cfg\/\"]}]},{\"@type\":\"ImageObject\",\"inLanguage\":\"es\",\"@id\":\"https:\/\/technofluid.it\/de\/produkt\/grasso-blu-per-nautica-barattolo-500-ml-codice-l00802-cfg\/#primaryimage\",\"url\":\"https:\/\/technofluid.it\/wp-content\/uploads\/2026\/01\/810-Grasso-blu-per-nautica-barattolo-500-ml-codice-L00802-Cfg.jpg\",\"contentUrl\":\"https:\/\/technofluid.it\/wp-content\/uploads\/2026\/01\/810-Grasso-blu-per-nautica-barattolo-500-ml-codice-L00802-Cfg.jpg\",\"width\":771,\"height\":800,\"caption\":\"Barattolo di grasso blu per nautica, 500 ml, con etichetta CFG, ideale come lubrificante anticorrosivo non diluabile.\"},{\"@type\":\"BreadcrumbList\",\"@id\":\"https:\/\/technofluid.it\/de\/produkt\/grasso-blu-per-nautica-barattolo-500-ml-codice-l00802-cfg\/#breadcrumb\",\"itemListElement\":[{\"@type\":\"ListItem\",\"position\":1,\"name\":\"Home\",\"item\":\"https:\/\/technofluid.it\/\"},{\"@type\":\"ListItem\",\"position\":2,\"name\":\"Shop\",\"item\":\"https:\/\/technofluid.it\/shop\/\"},{\"@type\":\"ListItem\",\"position\":3,\"name\":\"Grasso blu per nautica &#8211; barattolo 500 ml &#8211; codice: L00802 &#8211; Cfg\"}]},{\"@type\":\"WebSite\",\"@id\":\"https:\/\/technofluid.it\/#website\",\"url\":\"https:\/\/technofluid.it\/\",\"name\":\"Technofluid S.R.L.\",\"description\":\"Dal 1999 siamo specializzati nell&#039;impiantistica navale, idraulica, civile e industriale\",\"publisher\":{\"@id\":\"https:\/\/technofluid.it\/#organization\"},\"potentialAction\":[{\"@type\":\"SearchAction\",\"target\":{\"@type\":\"EntryPoint\",\"urlTemplate\":\"https:\/\/technofluid.it\/?s={search_term_string}\"},\"query-input\":{\"@type\":\"PropertyValueSpecification\",\"valueRequired\":true,\"valueName\":\"search_term_string\"}}],\"inLanguage\":\"es\"},{\"@type\":\"Organization\",\"@id\":\"https:\/\/technofluid.it\/#organization\",\"name\":\"Technofluid\",\"url\":\"https:\/\/technofluid.it\/\",\"logo\":{\"@type\":\"ImageObject\",\"inLanguage\":\"es\",\"@id\":\"https:\/\/technofluid.it\/#\/schema\/logo\/image\/\",\"url\":\"https:\/\/technofluid.it\/wp-content\/uploads\/2025\/12\/technofluid_bianco-logo.webp\",\"contentUrl\":\"https:\/\/technofluid.it\/wp-content\/uploads\/2025\/12\/technofluid_bianco-logo.webp\",\"width\":350,\"height\":116,\"caption\":\"Technofluid\"},\"image\":{\"@id\":\"https:\/\/technofluid.it\/#\/schema\/logo\/image\/\"},\"description\":\"La Technofluid S.r.l. nasce nel 1999 a Barcellona Pozzo di Gotto, in provincia di Messina, con l\u2019obiettivo di diventare un punto di riferimento nel settore dell\u2019impiantistica navale, idraulica, civile e industriale.\",\"email\":\"info@technofluid.it\",\"telephone\":\"0907386877\",\"legalName\":\"Technofluid S.R.L\",\"vatID\":\"IT03148240835\",\"taxID\":\"03148240835\",\"ownershipFundingInfo\":\"https:\/\/technofluid.it\/azienda\/\"}]}<\/script>\n<meta property=\"product:price:amount\" content=\"15.16\" \/>\n<meta property=\"product:price:currency\" content=\"EUR\" \/>\n<meta property=\"og:availability\" content=\"instock\" \/>\n<meta property=\"product:availability\" content=\"instock\" \/>\n<meta property=\"product:retailer_item_id\" content=\"CFG00000009\" \/>\n<meta property=\"product:condition\" content=\"new\" \/>\n<!-- \/ Yoast SEO Premium plugin. -->","yoast_head_json":{"title":"Grasa Azul N\u00e1utica 500 ml - Protecci\u00f3n Efectiva Tarro","description":"Compra la grasa azul n\u00e1utica en bote de 500 ml. Protege tus embarcaciones con el producto ideal. \u00a1Descubre m\u00e1s ahora!","robots":{"index":"index","follow":"follow","max-snippet":"max-snippet:-1","max-image-preview":"max-image-preview:large","max-video-preview":"max-video-preview:-1"},"canonical":"https:\/\/technofluid.it\/es\/produkt\/grasso-blu-per-nautica-barattolo-500-ml-codice-l00802-cfg\/","og_locale":"es_ES","og_type":"article","og_title":"Grasso blu per nautica - barattolo 500 ml - codice: L00802 - Cfg","og_description":"Acquista il grasso blu nautica in barattolo da 500 ml. Proteggi le tue imbarcazioni con il prodotto ideale. Scopri di pi\u00f9 ora!","og_url":"https:\/\/technofluid.it\/es\/produkt\/grasso-blu-per-nautica-barattolo-500-ml-codice-l00802-cfg\/","og_site_name":"Technofluid","article_modified_time":"2026-04-15T09:24:56+00:00","og_image":[{"width":771,"height":800,"url":"https:\/\/technofluid.it\/wp-content\/uploads\/2026\/01\/810-Grasso-blu-per-nautica-barattolo-500-ml-codice-L00802-Cfg.jpg","type":"image\/jpeg"}],"twitter_card":"summary_large_image","twitter_misc":{"Precio":"15,16&nbsp;&euro; Iva esclusa","Disponibilidad":"Disponible"},"schema":{"@context":"https:\/\/schema.org","@graph":[{"@type":"WebPage","@id":"https:\/\/technofluid.it\/de\/produkt\/grasso-blu-per-nautica-barattolo-500-ml-codice-l00802-cfg\/","url":"https:\/\/technofluid.it\/de\/produkt\/grasso-blu-per-nautica-barattolo-500-ml-codice-l00802-cfg\/","name":"Grasa Azul N\u00e1utica 500 ml - Protecci\u00f3n Efectiva Tarro","isPartOf":{"@id":"https:\/\/technofluid.it\/#website"},"primaryImageOfPage":{"@id":"https:\/\/technofluid.it\/de\/produkt\/grasso-blu-per-nautica-barattolo-500-ml-codice-l00802-cfg\/#primaryimage"},"image":{"@id":"https:\/\/technofluid.it\/de\/produkt\/grasso-blu-per-nautica-barattolo-500-ml-codice-l00802-cfg\/#primaryimage"},"thumbnailUrl":"https:\/\/technofluid.it\/wp-content\/uploads\/2026\/01\/810-Grasso-blu-per-nautica-barattolo-500-ml-codice-L00802-Cfg.jpg","datePublished":"2025-10-25T00:02:11+00:00","dateModified":"2026-04-15T09:24:56+00:00","description":"Compra la grasa azul n\u00e1utica en bote de 500 ml. Protege tus embarcaciones con el producto ideal. \u00a1Descubre m\u00e1s ahora!","breadcrumb":{"@id":"https:\/\/technofluid.it\/de\/produkt\/grasso-blu-per-nautica-barattolo-500-ml-codice-l00802-cfg\/#breadcrumb"},"inLanguage":"es","potentialAction":[{"@type":"ReadAction","target":["https:\/\/technofluid.it\/de\/produkt\/grasso-blu-per-nautica-barattolo-500-ml-codice-l00802-cfg\/"]}]},{"@type":"ImageObject","inLanguage":"es","@id":"https:\/\/technofluid.it\/de\/produkt\/grasso-blu-per-nautica-barattolo-500-ml-codice-l00802-cfg\/#primaryimage","url":"https:\/\/technofluid.it\/wp-content\/uploads\/2026\/01\/810-Grasso-blu-per-nautica-barattolo-500-ml-codice-L00802-Cfg.jpg","contentUrl":"https:\/\/technofluid.it\/wp-content\/uploads\/2026\/01\/810-Grasso-blu-per-nautica-barattolo-500-ml-codice-L00802-Cfg.jpg","width":771,"height":800,"caption":"Barattolo di grasso blu per nautica, 500 ml, con etichetta CFG, ideale come lubrificante anticorrosivo non diluabile."},{"@type":"BreadcrumbList","@id":"https:\/\/technofluid.it\/de\/produkt\/grasso-blu-per-nautica-barattolo-500-ml-codice-l00802-cfg\/#breadcrumb","itemListElement":[{"@type":"ListItem","position":1,"name":"Home","item":"https:\/\/technofluid.it\/"},{"@type":"ListItem","position":2,"name":"Shop","item":"https:\/\/technofluid.it\/shop\/"},{"@type":"ListItem","position":3,"name":"Grasso blu per nautica &#8211; barattolo 500 ml &#8211; codice: L00802 &#8211; Cfg"}]},{"@type":"WebSite","@id":"https:\/\/technofluid.it\/#website","url":"https:\/\/technofluid.it\/","name":"Technofluid S.R.L.","description":"Desde 1999 estamos especializados en instalaciones navales, hidr\u00e1ulicas, civiles e industriales","publisher":{"@id":"https:\/\/technofluid.it\/#organization"},"potentialAction":[{"@type":"SearchAction","target":{"@type":"EntryPoint","urlTemplate":"https:\/\/technofluid.it\/?s={search_term_string}"},"query-input":{"@type":"PropertyValueSpecification","valueRequired":true,"valueName":"search_term_string"}}],"inLanguage":"es"},{"@type":"Organization","@id":"https:\/\/technofluid.it\/#organization","name":"Technofluid","url":"https:\/\/technofluid.it\/","logo":{"@type":"ImageObject","inLanguage":"es","@id":"https:\/\/technofluid.it\/#\/schema\/logo\/image\/","url":"https:\/\/technofluid.it\/wp-content\/uploads\/2025\/12\/technofluid_bianco-logo.webp","contentUrl":"https:\/\/technofluid.it\/wp-content\/uploads\/2025\/12\/technofluid_bianco-logo.webp","width":350,"height":116,"caption":"Technofluid"},"image":{"@id":"https:\/\/technofluid.it\/#\/schema\/logo\/image\/"},"description":"Technofluid S.r.l. nace en 1999 en Barcellona Pozzo di Gotto, en la provincia de Messina, con el objetivo de convertirse en un punto de referencia en el sector de la ingenier\u00eda naval, hidr\u00e1ulica, civil e industrial.","email":"info@technofluid.it","telephone":"0907386877","legalName":"Technofluid S.R.L","vatID":"IT03148240835","taxID":"03148240835","ownershipFundingInfo":"https:\/\/technofluid.it\/azienda\/"}]},"product_price_amount":"15.16","product_price_currency":"EUR","og_availability":"instock","product_availability":"instock","product_retailer_item_id":"CFG00000009","product_condition":"new"},"_links":{"self":[{"href":"https:\/\/technofluid.it\/es\/wp-json\/wp\/v2\/product\/30134","targetHints":{"allow":["GET"]}}],"collection":[{"href":"https:\/\/technofluid.it\/es\/wp-json\/wp\/v2\/product"}],"about":[{"href":"https:\/\/technofluid.it\/es\/wp-json\/wp\/v2\/types\/product"}],"replies":[{"embeddable":true,"href":"https:\/\/technofluid.it\/es\/wp-json\/wp\/v2\/comments?post=30134"}],"version-history":[{"count":0,"href":"https:\/\/technofluid.it\/es\/wp-json\/wp\/v2\/product\/30134\/revisions"}],"wp:featuredmedia":[{"embeddable":true,"href":"https:\/\/technofluid.it\/es\/wp-json\/wp\/v2\/media\/39150"}],"wp:attachment":[{"href":"https:\/\/technofluid.it\/es\/wp-json\/wp\/v2\/media?parent=30134"}],"wp:term":[{"taxonomy":"product_brand","embeddable":true,"href":"https:\/\/technofluid.it\/es\/wp-json\/wp\/v2\/product_brand?post=30134"},{"taxonomy":"product_cat","embeddable":true,"href":"https:\/\/technofluid.it\/es\/wp-json\/wp\/v2\/product_cat?post=30134"},{"taxonomy":"product_tag","embeddable":true,"href":"https:\/\/technofluid.it\/es\/wp-json\/wp\/v2\/product_tag?post=30134"}],"curies":[{"name":"wp","href":"https:\/\/api.w.org\/{rel}","templated":true}]}}