{"id":30050,"date":"2025-10-25T00:01:56","date_gmt":"2025-10-25T00:01:56","guid":{"rendered":"https:\/\/technofluid.it\/prodotto\/girante-per-pompa-mare-f4b-con-o-ring-e-guarnizione-codice-0000652-fischer-panda\/"},"modified":"2026-05-03T02:04:52","modified_gmt":"2026-05-03T01:04:52","slug":"girante-per-pompa-mare-f4b-con-o-ring-e-guarnizione-codice-0000652-fischer-panda","status":"publish","type":"product","link":"https:\/\/technofluid.it\/es\/producto\/impulsor-para-bomba-de-agua-de-mar-f4b-con-junta-torica-y-junta-codigo-0000652-fischer-panda\/","title":{"rendered":"Impulsor para bomba de mar F4B, con junta t\u00f3rica y junta \u2013 c\u00f3digo: 0000652 \u2013 Fischer Panda"},"content":{"rendered":"<p>IMPULSOR PARA BOMBA DE MAR F4B CON O-RING Y JUNTA<\/p>\n<p>C\u00d3D. 0000652<\/p>","protected":false},"excerpt":{"rendered":"<p>IMPULSOR PARA BOMBA DE MAR<\/p>","protected":false},"featured_media":38945,"comment_status":"open","ping_status":"closed","template":"","meta":{"_acf_changed":false,"_monsterinsights_skip_tracking":false,"_monsterinsights_sitenote_active":false,"_monsterinsights_sitenote_note":"","_monsterinsights_sitenote_category":0,"site-sidebar-layout":"default","site-content-layout":"","ast-site-content-layout":"default","site-content-style":"default","site-sidebar-style":"default","ast-global-header-display":"","ast-banner-title-visibility":"","ast-main-header-display":"","ast-hfb-above-header-display":"","ast-hfb-below-header-display":"","ast-hfb-mobile-header-display":"","site-post-title":"","ast-breadcrumbs-content":"","ast-featured-img":"","footer-sml-layout":"","ast-disable-related-posts":"","theme-transparent-header-meta":"default","adv-header-id-meta":"","stick-header-meta":"","header-above-stick-meta":"","header-main-stick-meta":"","header-below-stick-meta":"","astra-migrate-meta-layouts":"set","ast-page-background-enabled":"default","ast-page-background-meta":{"desktop":{"background-color":"var(--ast-global-color-5)","background-image":"","background-repeat":"repeat","background-position":"center center","background-size":"auto","background-attachment":"scroll","background-type":"","background-media":"","overlay-type":"","overlay-color":"","overlay-opacity":"","overlay-gradient":""},"tablet":{"background-color":"","background-image":"","background-repeat":"repeat","background-position":"center center","background-size":"auto","background-attachment":"scroll","background-type":"","background-media":"","overlay-type":"","overlay-color":"","overlay-opacity":"","overlay-gradient":""},"mobile":{"background-color":"","background-image":"","background-repeat":"repeat","background-position":"center center","background-size":"auto","background-attachment":"scroll","background-type":"","background-media":"","overlay-type":"","overlay-color":"","overlay-opacity":"","overlay-gradient":""}},"ast-content-background-meta":{"desktop":{"background-color":"var(--ast-global-color-4)","background-image":"","background-repeat":"repeat","background-position":"center center","background-size":"auto","background-attachment":"scroll","background-type":"","background-media":"","overlay-type":"","overlay-color":"","overlay-opacity":"","overlay-gradient":""},"tablet":{"background-color":"var(--ast-global-color-4)","background-image":"","background-repeat":"repeat","background-position":"center center","background-size":"auto","background-attachment":"scroll","background-type":"","background-media":"","overlay-type":"","overlay-color":"","overlay-opacity":"","overlay-gradient":""},"mobile":{"background-color":"var(--ast-global-color-4)","background-image":"","background-repeat":"repeat","background-position":"center center","background-size":"auto","background-attachment":"scroll","background-type":"","background-media":"","overlay-type":"","overlay-color":"","overlay-opacity":"","overlay-gradient":""}}},"product_brand":[],"product_cat":[258,133],"product_tag":[5325,5326,4445,3761,5327,5328,5329],"class_list":{"0":"post-30050","1":"product","2":"type-product","3":"status-publish","4":"has-post-thumbnail","6":"product_cat-fischer-panda","7":"product_cat-ricambistica","8":"product_tag-5325","9":"product_tag-codice-0000652","10":"product_tag-con","11":"product_tag-fischer-panda","12":"product_tag-fischer-panda-girante-per-pomp","13":"product_tag-girante-per-pompa","14":"product_tag-girante-per-pompa-mare-f4b","15":"pa_supplier-fischer-panda","16":"desktop-align-left","17":"tablet-align-left","18":"mobile-align-left","20":"first","21":"instock","22":"taxable","23":"shipping-taxable","24":"purchasable","25":"product-type-simple"},"acf":[],"yoast_head":"<!-- This site is optimized with the Yoast SEO Premium plugin v26.7 (Yoast SEO v26.9) - https:\/\/yoast.com\/product\/yoast-seo-premium-wordpress\/ -->\n<title>Girante pompa mare F4B con O-ring e guarnizione | Fischer Panda<\/title>\n<meta name=\"description\" content=\"Acquista la girante per pompa mare F4B con O-ring e guarnizione, codice 0000652. Qualit\u00e0 garantita da Fischer Panda. Scopri di pi\u00f9 ora!\" \/>\n<meta name=\"robots\" content=\"index, follow, max-snippet:-1, max-image-preview:large, max-video-preview:-1\" \/>\n<link rel=\"canonical\" href=\"https:\/\/technofluid.it\/es\/producto\/impulsor-para-bomba-de-agua-de-mar-f4b-con-junta-torica-y-junta-codigo-0000652-fischer-panda\/\" \/>\n<meta property=\"og:locale\" content=\"es_ES\" \/>\n<meta property=\"og:type\" content=\"article\" \/>\n<meta property=\"og:title\" content=\"Girante per pompa mare F4B, con O-ring e guarnizione &ndash; codice: 0000652 &ndash; Fischer Panda\" \/>\n<meta property=\"og:description\" content=\"Acquista la girante per pompa mare F4B con O-ring e guarnizione, codice 0000652. Qualit\u00e0 garantita da Fischer Panda. Scopri di pi\u00f9 ora!\" \/>\n<meta property=\"og:url\" content=\"https:\/\/technofluid.it\/es\/producto\/impulsor-para-bomba-de-agua-de-mar-f4b-con-junta-torica-y-junta-codigo-0000652-fischer-panda\/\" \/>\n<meta property=\"og:site_name\" content=\"Technofluid\" \/>\n<meta property=\"article:modified_time\" content=\"2026-05-03T01:04:52+00:00\" \/>\n<meta property=\"og:image\" content=\"https:\/\/technofluid.it\/wp-content\/uploads\/2026\/01\/142-Girante-per-pompa-mare-F4B-con-O-ring-e-guarnizione-codice-0000652-Fischer-Panda.jpg\" \/>\n\t<meta property=\"og:image:width\" content=\"800\" \/>\n\t<meta property=\"og:image:height\" content=\"800\" \/>\n\t<meta property=\"og:image:type\" content=\"image\/jpeg\" \/>\n<meta name=\"twitter:card\" content=\"summary_large_image\" \/>\n<meta name=\"twitter:label1\" content=\"Precio\" \/>\n\t<meta name=\"twitter:data1\" content=\"26,23&nbsp;&euro; Iva esclusa\" \/>\n\t<meta name=\"twitter:label2\" content=\"Disponibilidad\" \/>\n\t<meta name=\"twitter:data2\" content=\"Disponible\" \/>\n<script type=\"application\/ld+json\" class=\"yoast-schema-graph\">{\"@context\":\"https:\/\/schema.org\",\"@graph\":[{\"@type\":\"WebPage\",\"@id\":\"https:\/\/technofluid.it\/prodotto\/girante-per-pompa-mare-f4b-con-o-ring-e-guarnizione-codice-0000652-fischer-panda\/\",\"url\":\"https:\/\/technofluid.it\/prodotto\/girante-per-pompa-mare-f4b-con-o-ring-e-guarnizione-codice-0000652-fischer-panda\/\",\"name\":\"Girante pompa mare F4B con O-ring e guarnizione | Fischer Panda\",\"isPartOf\":{\"@id\":\"https:\/\/technofluid.it\/#website\"},\"primaryImageOfPage\":{\"@id\":\"https:\/\/technofluid.it\/prodotto\/girante-per-pompa-mare-f4b-con-o-ring-e-guarnizione-codice-0000652-fischer-panda\/#primaryimage\"},\"image\":{\"@id\":\"https:\/\/technofluid.it\/prodotto\/girante-per-pompa-mare-f4b-con-o-ring-e-guarnizione-codice-0000652-fischer-panda\/#primaryimage\"},\"thumbnailUrl\":\"https:\/\/technofluid.it\/wp-content\/uploads\/2026\/01\/142-Girante-per-pompa-mare-F4B-con-O-ring-e-guarnizione-codice-0000652-Fischer-Panda.jpg\",\"datePublished\":\"2025-10-25T00:01:56+00:00\",\"dateModified\":\"2026-05-03T01:04:52+00:00\",\"description\":\"Acquista la girante per pompa mare F4B con O-ring e guarnizione, codice 0000652. Qualit\u00e0 garantita da Fischer Panda. Scopri di pi\u00f9 ora!\",\"breadcrumb\":{\"@id\":\"https:\/\/technofluid.it\/prodotto\/girante-per-pompa-mare-f4b-con-o-ring-e-guarnizione-codice-0000652-fischer-panda\/#breadcrumb\"},\"inLanguage\":\"es\",\"potentialAction\":[{\"@type\":\"ReadAction\",\"target\":[\"https:\/\/technofluid.it\/prodotto\/girante-per-pompa-mare-f4b-con-o-ring-e-guarnizione-codice-0000652-fischer-panda\/\"]}]},{\"@type\":\"ImageObject\",\"inLanguage\":\"es\",\"@id\":\"https:\/\/technofluid.it\/prodotto\/girante-per-pompa-mare-f4b-con-o-ring-e-guarnizione-codice-0000652-fischer-panda\/#primaryimage\",\"url\":\"https:\/\/technofluid.it\/wp-content\/uploads\/2026\/01\/142-Girante-per-pompa-mare-F4B-con-O-ring-e-guarnizione-codice-0000652-Fischer-Panda.jpg\",\"contentUrl\":\"https:\/\/technofluid.it\/wp-content\/uploads\/2026\/01\/142-Girante-per-pompa-mare-F4B-con-O-ring-e-guarnizione-codice-0000652-Fischer-Panda.jpg\",\"width\":800,\"height\":800,\"caption\":\"Girante per pompa mare F4B con O-ring e guarnizione, codice 0000652, compatibile con pompe Fischer Panda.\"},{\"@type\":\"BreadcrumbList\",\"@id\":\"https:\/\/technofluid.it\/prodotto\/girante-per-pompa-mare-f4b-con-o-ring-e-guarnizione-codice-0000652-fischer-panda\/#breadcrumb\",\"itemListElement\":[{\"@type\":\"ListItem\",\"position\":1,\"name\":\"Home\",\"item\":\"https:\/\/technofluid.it\/\"},{\"@type\":\"ListItem\",\"position\":2,\"name\":\"Shop\",\"item\":\"https:\/\/technofluid.it\/shop\/\"},{\"@type\":\"ListItem\",\"position\":3,\"name\":\"Girante per pompa mare F4B, con O-ring e guarnizione &ndash; codice: 0000652 &ndash; Fischer Panda\"}]},{\"@type\":\"WebSite\",\"@id\":\"https:\/\/technofluid.it\/#website\",\"url\":\"https:\/\/technofluid.it\/\",\"name\":\"Technofluid S.R.L.\",\"description\":\"Dal 1999 siamo specializzati nell&#039;impiantistica navale, idraulica, civile e industriale\",\"publisher\":{\"@id\":\"https:\/\/technofluid.it\/#organization\"},\"potentialAction\":[{\"@type\":\"SearchAction\",\"target\":{\"@type\":\"EntryPoint\",\"urlTemplate\":\"https:\/\/technofluid.it\/?s={search_term_string}\"},\"query-input\":{\"@type\":\"PropertyValueSpecification\",\"valueRequired\":true,\"valueName\":\"search_term_string\"}}],\"inLanguage\":\"es\"},{\"@type\":\"Organization\",\"@id\":\"https:\/\/technofluid.it\/#organization\",\"name\":\"Technofluid\",\"url\":\"https:\/\/technofluid.it\/\",\"logo\":{\"@type\":\"ImageObject\",\"inLanguage\":\"es\",\"@id\":\"https:\/\/technofluid.it\/#\/schema\/logo\/image\/\",\"url\":\"https:\/\/technofluid.it\/wp-content\/uploads\/2025\/12\/technofluid_bianco-logo.webp\",\"contentUrl\":\"https:\/\/technofluid.it\/wp-content\/uploads\/2025\/12\/technofluid_bianco-logo.webp\",\"width\":350,\"height\":116,\"caption\":\"Technofluid\"},\"image\":{\"@id\":\"https:\/\/technofluid.it\/#\/schema\/logo\/image\/\"},\"description\":\"La Technofluid S.r.l. nasce nel 1999 a Barcellona Pozzo di Gotto, in provincia di Messina, con l\u2019obiettivo di diventare un punto di riferimento nel settore dell\u2019impiantistica navale, idraulica, civile e industriale.\",\"email\":\"info@technofluid.it\",\"telephone\":\"0907386877\",\"legalName\":\"Technofluid S.R.L\",\"vatID\":\"IT03148240835\",\"taxID\":\"03148240835\",\"ownershipFundingInfo\":\"https:\/\/technofluid.it\/azienda\/\"}]}<\/script>\n<meta property=\"product:price:amount\" content=\"26.23\" \/>\n<meta property=\"product:price:currency\" content=\"EUR\" \/>\n<meta property=\"og:availability\" content=\"instock\" \/>\n<meta property=\"product:availability\" content=\"instock\" \/>\n<meta property=\"product:retailer_item_id\" content=\"FIS000000017\" \/>\n<meta property=\"product:condition\" content=\"new\" \/>\n<!-- \/ Yoast SEO Premium plugin. -->","yoast_head_json":{"title":"Impulsor bomba de agua de mar F4B con junta t\u00f3rica y junta | Fischer Panda","description":"Compra el impulsor para bomba de mar F4B con junta t\u00f3rica y junta, c\u00f3digo 0000652. Calidad garantizada por Fischer Panda. \u00a1Descubre m\u00e1s ahora!","robots":{"index":"index","follow":"follow","max-snippet":"max-snippet:-1","max-image-preview":"max-image-preview:large","max-video-preview":"max-video-preview:-1"},"canonical":"https:\/\/technofluid.it\/es\/producto\/impulsor-para-bomba-de-agua-de-mar-f4b-con-junta-torica-y-junta-codigo-0000652-fischer-panda\/","og_locale":"es_ES","og_type":"article","og_title":"Girante per pompa mare F4B, con O-ring e guarnizione &ndash; codice: 0000652 &ndash; Fischer Panda","og_description":"Acquista la girante per pompa mare F4B con O-ring e guarnizione, codice 0000652. Qualit\u00e0 garantita da Fischer Panda. Scopri di pi\u00f9 ora!","og_url":"https:\/\/technofluid.it\/es\/producto\/impulsor-para-bomba-de-agua-de-mar-f4b-con-junta-torica-y-junta-codigo-0000652-fischer-panda\/","og_site_name":"Technofluid","article_modified_time":"2026-05-03T01:04:52+00:00","og_image":[{"width":800,"height":800,"url":"https:\/\/technofluid.it\/wp-content\/uploads\/2026\/01\/142-Girante-per-pompa-mare-F4B-con-O-ring-e-guarnizione-codice-0000652-Fischer-Panda.jpg","type":"image\/jpeg"}],"twitter_card":"summary_large_image","twitter_misc":{"Precio":"26,23&nbsp;&euro; Iva esclusa","Disponibilidad":"Disponible"},"schema":{"@context":"https:\/\/schema.org","@graph":[{"@type":"WebPage","@id":"https:\/\/technofluid.it\/prodotto\/girante-per-pompa-mare-f4b-con-o-ring-e-guarnizione-codice-0000652-fischer-panda\/","url":"https:\/\/technofluid.it\/prodotto\/girante-per-pompa-mare-f4b-con-o-ring-e-guarnizione-codice-0000652-fischer-panda\/","name":"Impulsor bomba de agua de mar F4B con junta t\u00f3rica y junta | Fischer Panda","isPartOf":{"@id":"https:\/\/technofluid.it\/#website"},"primaryImageOfPage":{"@id":"https:\/\/technofluid.it\/prodotto\/girante-per-pompa-mare-f4b-con-o-ring-e-guarnizione-codice-0000652-fischer-panda\/#primaryimage"},"image":{"@id":"https:\/\/technofluid.it\/prodotto\/girante-per-pompa-mare-f4b-con-o-ring-e-guarnizione-codice-0000652-fischer-panda\/#primaryimage"},"thumbnailUrl":"https:\/\/technofluid.it\/wp-content\/uploads\/2026\/01\/142-Girante-per-pompa-mare-F4B-con-O-ring-e-guarnizione-codice-0000652-Fischer-Panda.jpg","datePublished":"2025-10-25T00:01:56+00:00","dateModified":"2026-05-03T01:04:52+00:00","description":"Compra el impulsor para bomba de mar F4B con junta t\u00f3rica y junta, c\u00f3digo 0000652. Calidad garantizada por Fischer Panda. \u00a1Descubre m\u00e1s ahora!","breadcrumb":{"@id":"https:\/\/technofluid.it\/prodotto\/girante-per-pompa-mare-f4b-con-o-ring-e-guarnizione-codice-0000652-fischer-panda\/#breadcrumb"},"inLanguage":"es","potentialAction":[{"@type":"ReadAction","target":["https:\/\/technofluid.it\/prodotto\/girante-per-pompa-mare-f4b-con-o-ring-e-guarnizione-codice-0000652-fischer-panda\/"]}]},{"@type":"ImageObject","inLanguage":"es","@id":"https:\/\/technofluid.it\/prodotto\/girante-per-pompa-mare-f4b-con-o-ring-e-guarnizione-codice-0000652-fischer-panda\/#primaryimage","url":"https:\/\/technofluid.it\/wp-content\/uploads\/2026\/01\/142-Girante-per-pompa-mare-F4B-con-O-ring-e-guarnizione-codice-0000652-Fischer-Panda.jpg","contentUrl":"https:\/\/technofluid.it\/wp-content\/uploads\/2026\/01\/142-Girante-per-pompa-mare-F4B-con-O-ring-e-guarnizione-codice-0000652-Fischer-Panda.jpg","width":800,"height":800,"caption":"Girante per pompa mare F4B con O-ring e guarnizione, codice 0000652, compatibile con pompe Fischer Panda."},{"@type":"BreadcrumbList","@id":"https:\/\/technofluid.it\/prodotto\/girante-per-pompa-mare-f4b-con-o-ring-e-guarnizione-codice-0000652-fischer-panda\/#breadcrumb","itemListElement":[{"@type":"ListItem","position":1,"name":"Home","item":"https:\/\/technofluid.it\/"},{"@type":"ListItem","position":2,"name":"Shop","item":"https:\/\/technofluid.it\/shop\/"},{"@type":"ListItem","position":3,"name":"Girante per pompa mare F4B, con O-ring e guarnizione &ndash; codice: 0000652 &ndash; Fischer Panda"}]},{"@type":"WebSite","@id":"https:\/\/technofluid.it\/#website","url":"https:\/\/technofluid.it\/","name":"Technofluid S.R.L.","description":"Desde 1999 estamos especializados en instalaciones navales, hidr\u00e1ulicas, civiles e industriales","publisher":{"@id":"https:\/\/technofluid.it\/#organization"},"potentialAction":[{"@type":"SearchAction","target":{"@type":"EntryPoint","urlTemplate":"https:\/\/technofluid.it\/?s={search_term_string}"},"query-input":{"@type":"PropertyValueSpecification","valueRequired":true,"valueName":"search_term_string"}}],"inLanguage":"es"},{"@type":"Organization","@id":"https:\/\/technofluid.it\/#organization","name":"Technofluid","url":"https:\/\/technofluid.it\/","logo":{"@type":"ImageObject","inLanguage":"es","@id":"https:\/\/technofluid.it\/#\/schema\/logo\/image\/","url":"https:\/\/technofluid.it\/wp-content\/uploads\/2025\/12\/technofluid_bianco-logo.webp","contentUrl":"https:\/\/technofluid.it\/wp-content\/uploads\/2025\/12\/technofluid_bianco-logo.webp","width":350,"height":116,"caption":"Technofluid"},"image":{"@id":"https:\/\/technofluid.it\/#\/schema\/logo\/image\/"},"description":"Technofluid S.r.l. nace en 1999 en Barcellona Pozzo di Gotto, en la provincia de Messina, con el objetivo de convertirse en un punto de referencia en el sector de la ingenier\u00eda naval, hidr\u00e1ulica, civil e industrial.","email":"info@technofluid.it","telephone":"0907386877","legalName":"Technofluid S.R.L","vatID":"IT03148240835","taxID":"03148240835","ownershipFundingInfo":"https:\/\/technofluid.it\/azienda\/"}]},"product_price_amount":"26.23","product_price_currency":"EUR","og_availability":"instock","product_availability":"instock","product_retailer_item_id":"FIS000000017","product_condition":"new"},"_links":{"self":[{"href":"https:\/\/technofluid.it\/es\/wp-json\/wp\/v2\/product\/30050","targetHints":{"allow":["GET"]}}],"collection":[{"href":"https:\/\/technofluid.it\/es\/wp-json\/wp\/v2\/product"}],"about":[{"href":"https:\/\/technofluid.it\/es\/wp-json\/wp\/v2\/types\/product"}],"replies":[{"embeddable":true,"href":"https:\/\/technofluid.it\/es\/wp-json\/wp\/v2\/comments?post=30050"}],"version-history":[{"count":2,"href":"https:\/\/technofluid.it\/es\/wp-json\/wp\/v2\/product\/30050\/revisions"}],"predecessor-version":[{"id":55369,"href":"https:\/\/technofluid.it\/es\/wp-json\/wp\/v2\/product\/30050\/revisions\/55369"}],"wp:featuredmedia":[{"embeddable":true,"href":"https:\/\/technofluid.it\/es\/wp-json\/wp\/v2\/media\/38945"}],"wp:attachment":[{"href":"https:\/\/technofluid.it\/es\/wp-json\/wp\/v2\/media?parent=30050"}],"wp:term":[{"taxonomy":"product_brand","embeddable":true,"href":"https:\/\/technofluid.it\/es\/wp-json\/wp\/v2\/product_brand?post=30050"},{"taxonomy":"product_cat","embeddable":true,"href":"https:\/\/technofluid.it\/es\/wp-json\/wp\/v2\/product_cat?post=30050"},{"taxonomy":"product_tag","embeddable":true,"href":"https:\/\/technofluid.it\/es\/wp-json\/wp\/v2\/product_tag?post=30050"}],"curies":[{"name":"wp","href":"https:\/\/api.w.org\/{rel}","templated":true}]}}