{"id":29932,"date":"2025-10-25T00:01:45","date_gmt":"2025-10-25T00:01:45","guid":{"rendered":"https:\/\/technofluid.it\/prodotto\/filtro-flojet-raccordo-scatto-19-mm-codice-16-408-02-osculati\/"},"modified":"2026-04-15T09:07:52","modified_gmt":"2026-04-15T08:07:52","slug":"filtro-flojet-raccordo-scatto-19-mm-codice-16-408-02-osculati","status":"publish","type":"product","link":"https:\/\/technofluid.it\/es\/producto\/filtro-flojet-acople-de-clic-19-mm-codigo-16-408-02-osculati\/","title":{"rendered":"Filtro flojet conector de clic 19 mm \u2013 c\u00f3digo: 16.408.02 \u2013 Osculati"},"content":{"rendered":"<p>Filtro flojet conector de clic 19 mm \u2013 c\u00f3digo: 16.408.02 \u2013 Osculati<\/p>","protected":false},"excerpt":{"rendered":"<p>FILTRO FLOJET RACCORDO SCATTO 19 mm &#8211; CODICE 16.408.02 &#8211; OSCULATI<\/p>","protected":false},"featured_media":38667,"comment_status":"open","ping_status":"closed","template":"","meta":{"_acf_changed":false,"_monsterinsights_skip_tracking":false,"_monsterinsights_sitenote_active":false,"_monsterinsights_sitenote_note":"","_monsterinsights_sitenote_category":0,"site-sidebar-layout":"default","site-content-layout":"","ast-site-content-layout":"default","site-content-style":"default","site-sidebar-style":"default","ast-global-header-display":"","ast-banner-title-visibility":"","ast-main-header-display":"","ast-hfb-above-header-display":"","ast-hfb-below-header-display":"","ast-hfb-mobile-header-display":"","site-post-title":"","ast-breadcrumbs-content":"","ast-featured-img":"","footer-sml-layout":"","ast-disable-related-posts":"","theme-transparent-header-meta":"","adv-header-id-meta":"","stick-header-meta":"","header-above-stick-meta":"","header-main-stick-meta":"","header-below-stick-meta":"","astra-migrate-meta-layouts":"default","ast-page-background-enabled":"default","ast-page-background-meta":{"desktop":{"background-color":"var(--ast-global-color-5)","background-image":"","background-repeat":"repeat","background-position":"center center","background-size":"auto","background-attachment":"scroll","background-type":"","background-media":"","overlay-type":"","overlay-color":"","overlay-opacity":"","overlay-gradient":""},"tablet":{"background-color":"","background-image":"","background-repeat":"repeat","background-position":"center center","background-size":"auto","background-attachment":"scroll","background-type":"","background-media":"","overlay-type":"","overlay-color":"","overlay-opacity":"","overlay-gradient":""},"mobile":{"background-color":"","background-image":"","background-repeat":"repeat","background-position":"center center","background-size":"auto","background-attachment":"scroll","background-type":"","background-media":"","overlay-type":"","overlay-color":"","overlay-opacity":"","overlay-gradient":""}},"ast-content-background-meta":{"desktop":{"background-color":"var(--ast-global-color-4)","background-image":"","background-repeat":"repeat","background-position":"center center","background-size":"auto","background-attachment":"scroll","background-type":"","background-media":"","overlay-type":"","overlay-color":"","overlay-opacity":"","overlay-gradient":""},"tablet":{"background-color":"var(--ast-global-color-4)","background-image":"","background-repeat":"repeat","background-position":"center center","background-size":"auto","background-attachment":"scroll","background-type":"","background-media":"","overlay-type":"","overlay-color":"","overlay-opacity":"","overlay-gradient":""},"mobile":{"background-color":"var(--ast-global-color-4)","background-image":"","background-repeat":"repeat","background-position":"center center","background-size":"auto","background-attachment":"scroll","background-type":"","background-media":"","overlay-type":"","overlay-color":"","overlay-opacity":"","overlay-gradient":""}}},"product_brand":[],"product_cat":[84,85,1434],"product_tag":[5089,5090,3839,5091,5092,3053,5093,4113],"class_list":{"0":"post-29932","1":"product","2":"type-product","3":"status-publish","4":"has-post-thumbnail","6":"product_cat-idraulica-e-ferramenta","7":"product_cat-pompe","8":"product_cat-ricambi-e-accessori","9":"product_tag-16-408-02","10":"product_tag-19mm","11":"product_tag-filtro","12":"product_tag-filtro-flojet-raccordo-scatto-19","13":"product_tag-flojet","14":"product_tag-osculati","15":"product_tag-raccordo","16":"product_tag-scatto","17":"pa_supplier-osculati-s-r-l","18":"desktop-align-left","19":"tablet-align-left","20":"mobile-align-left","22":"first","23":"instock","24":"taxable","25":"shipping-taxable","26":"purchasable","27":"product-type-simple"},"acf":[],"yoast_head":"<!-- This site is optimized with the Yoast SEO Premium plugin v26.7 (Yoast SEO v26.9) - https:\/\/yoast.com\/product\/yoast-seo-premium-wordpress\/ -->\n<title>Filtro Flojet 19mm con Raccordo Scatto - Codice 16.408.02<\/title>\n<meta name=\"description\" content=\"Scopri il filtro flojet 19mm con raccordo scatto, codice 16.408.02. Qualit\u00e0 Osculati per prestazioni garantite. Acquista ora!\" \/>\n<meta name=\"robots\" content=\"index, follow, max-snippet:-1, max-image-preview:large, max-video-preview:-1\" \/>\n<link rel=\"canonical\" href=\"https:\/\/technofluid.it\/es\/product\/filtro-flojet-raccordo-scatto-19-mm-codice-16-408-02-osculati\/\" \/>\n<meta property=\"og:locale\" content=\"es_ES\" \/>\n<meta property=\"og:type\" content=\"article\" \/>\n<meta property=\"og:title\" content=\"Filtro flojet raccordo scatto 19 mm - codice: 16.408.02 - Osculati\" \/>\n<meta property=\"og:description\" content=\"Scopri il filtro flojet 19mm con raccordo scatto, codice 16.408.02. Qualit\u00e0 Osculati per prestazioni garantite. Acquista ora!\" \/>\n<meta property=\"og:url\" content=\"https:\/\/technofluid.it\/es\/product\/filtro-flojet-raccordo-scatto-19-mm-codice-16-408-02-osculati\/\" \/>\n<meta property=\"og:site_name\" content=\"Technofluid\" \/>\n<meta property=\"article:modified_time\" content=\"2026-04-15T08:07:52+00:00\" \/>\n<meta property=\"og:image\" content=\"https:\/\/technofluid.it\/wp-content\/uploads\/2026\/01\/2432-Filtro-flojet-raccordo-scatto-19-mm-codice-16.408.02-Osculati.jpg\" \/>\n\t<meta property=\"og:image:width\" content=\"300\" \/>\n\t<meta property=\"og:image:height\" content=\"300\" \/>\n\t<meta property=\"og:image:type\" content=\"image\/jpeg\" \/>\n<meta name=\"twitter:card\" content=\"summary_large_image\" \/>\n<meta name=\"twitter:label1\" content=\"Precio\" \/>\n\t<meta name=\"twitter:data1\" content=\"32,79&nbsp;&euro; Iva esclusa\" \/>\n\t<meta name=\"twitter:label2\" content=\"Disponibilidad\" \/>\n\t<meta name=\"twitter:data2\" content=\"Disponible\" \/>\n<script type=\"application\/ld+json\" class=\"yoast-schema-graph\">{\"@context\":\"https:\/\/schema.org\",\"@graph\":[{\"@type\":\"WebPage\",\"@id\":\"https:\/\/technofluid.it\/en\/product\/filtro-flojet-raccordo-scatto-19-mm-codice-16-408-02-osculati\/\",\"url\":\"https:\/\/technofluid.it\/en\/product\/filtro-flojet-raccordo-scatto-19-mm-codice-16-408-02-osculati\/\",\"name\":\"Filtro Flojet 19mm con Raccordo Scatto - Codice 16.408.02\",\"isPartOf\":{\"@id\":\"https:\/\/technofluid.it\/#website\"},\"primaryImageOfPage\":{\"@id\":\"https:\/\/technofluid.it\/en\/product\/filtro-flojet-raccordo-scatto-19-mm-codice-16-408-02-osculati\/#primaryimage\"},\"image\":{\"@id\":\"https:\/\/technofluid.it\/en\/product\/filtro-flojet-raccordo-scatto-19-mm-codice-16-408-02-osculati\/#primaryimage\"},\"thumbnailUrl\":\"https:\/\/technofluid.it\/wp-content\/uploads\/2026\/01\/2432-Filtro-flojet-raccordo-scatto-19-mm-codice-16.408.02-Osculati.jpg\",\"datePublished\":\"2025-10-25T00:01:45+00:00\",\"dateModified\":\"2026-04-15T08:07:52+00:00\",\"description\":\"Scopri il filtro flojet 19mm con raccordo scatto, codice 16.408.02. Qualit\u00e0 Osculati per prestazioni garantite. Acquista ora!\",\"breadcrumb\":{\"@id\":\"https:\/\/technofluid.it\/en\/product\/filtro-flojet-raccordo-scatto-19-mm-codice-16-408-02-osculati\/#breadcrumb\"},\"inLanguage\":\"es\",\"potentialAction\":[{\"@type\":\"ReadAction\",\"target\":[\"https:\/\/technofluid.it\/en\/product\/filtro-flojet-raccordo-scatto-19-mm-codice-16-408-02-osculati\/\"]}]},{\"@type\":\"ImageObject\",\"inLanguage\":\"es\",\"@id\":\"https:\/\/technofluid.it\/en\/product\/filtro-flojet-raccordo-scatto-19-mm-codice-16-408-02-osculati\/#primaryimage\",\"url\":\"https:\/\/technofluid.it\/wp-content\/uploads\/2026\/01\/2432-Filtro-flojet-raccordo-scatto-19-mm-codice-16.408.02-Osculati.jpg\",\"contentUrl\":\"https:\/\/technofluid.it\/wp-content\/uploads\/2026\/01\/2432-Filtro-flojet-raccordo-scatto-19-mm-codice-16.408.02-Osculati.jpg\",\"width\":300,\"height\":300,\"caption\":\"Filtro Flojet con raccordo scatto da 19 mm, ideale per sistemi di filtrazione affidabili.\"},{\"@type\":\"BreadcrumbList\",\"@id\":\"https:\/\/technofluid.it\/en\/product\/filtro-flojet-raccordo-scatto-19-mm-codice-16-408-02-osculati\/#breadcrumb\",\"itemListElement\":[{\"@type\":\"ListItem\",\"position\":1,\"name\":\"Home\",\"item\":\"https:\/\/technofluid.it\/\"},{\"@type\":\"ListItem\",\"position\":2,\"name\":\"Shop\",\"item\":\"https:\/\/technofluid.it\/shop\/\"},{\"@type\":\"ListItem\",\"position\":3,\"name\":\"Filtro flojet raccordo scatto 19 mm &#8211; codice: 16.408.02 &#8211; Osculati\"}]},{\"@type\":\"WebSite\",\"@id\":\"https:\/\/technofluid.it\/#website\",\"url\":\"https:\/\/technofluid.it\/\",\"name\":\"Technofluid S.R.L.\",\"description\":\"Dal 1999 siamo specializzati nell&#039;impiantistica navale, idraulica, civile e industriale\",\"publisher\":{\"@id\":\"https:\/\/technofluid.it\/#organization\"},\"potentialAction\":[{\"@type\":\"SearchAction\",\"target\":{\"@type\":\"EntryPoint\",\"urlTemplate\":\"https:\/\/technofluid.it\/?s={search_term_string}\"},\"query-input\":{\"@type\":\"PropertyValueSpecification\",\"valueRequired\":true,\"valueName\":\"search_term_string\"}}],\"inLanguage\":\"es\"},{\"@type\":\"Organization\",\"@id\":\"https:\/\/technofluid.it\/#organization\",\"name\":\"Technofluid\",\"url\":\"https:\/\/technofluid.it\/\",\"logo\":{\"@type\":\"ImageObject\",\"inLanguage\":\"es\",\"@id\":\"https:\/\/technofluid.it\/#\/schema\/logo\/image\/\",\"url\":\"https:\/\/technofluid.it\/wp-content\/uploads\/2025\/12\/technofluid_bianco-logo.webp\",\"contentUrl\":\"https:\/\/technofluid.it\/wp-content\/uploads\/2025\/12\/technofluid_bianco-logo.webp\",\"width\":350,\"height\":116,\"caption\":\"Technofluid\"},\"image\":{\"@id\":\"https:\/\/technofluid.it\/#\/schema\/logo\/image\/\"},\"description\":\"La Technofluid S.r.l. nasce nel 1999 a Barcellona Pozzo di Gotto, in provincia di Messina, con l\u2019obiettivo di diventare un punto di riferimento nel settore dell\u2019impiantistica navale, idraulica, civile e industriale.\",\"email\":\"info@technofluid.it\",\"telephone\":\"0907386877\",\"legalName\":\"Technofluid S.R.L\",\"vatID\":\"IT03148240835\",\"taxID\":\"03148240835\",\"ownershipFundingInfo\":\"https:\/\/technofluid.it\/azienda\/\"}]}<\/script>\n<meta property=\"product:price:amount\" content=\"32.79\" \/>\n<meta property=\"product:price:currency\" content=\"EUR\" \/>\n<meta property=\"og:availability\" content=\"instock\" \/>\n<meta property=\"product:availability\" content=\"instock\" \/>\n<meta property=\"product:retailer_item_id\" content=\"OSCU00001036\" \/>\n<meta property=\"product:condition\" content=\"new\" \/>\n<!-- \/ Yoast SEO Premium plugin. -->","yoast_head_json":{"title":"Filtro Flojet 19mm con Acople de Clic - C\u00f3digo 16.408.02","description":"Descubre el filtro flojet 19mm con conector r\u00e1pido, c\u00f3digo 16.408.02. Calidad Osculati para un rendimiento garantizado. \u00a1Compra ahora!","robots":{"index":"index","follow":"follow","max-snippet":"max-snippet:-1","max-image-preview":"max-image-preview:large","max-video-preview":"max-video-preview:-1"},"canonical":"https:\/\/technofluid.it\/es\/product\/filtro-flojet-raccordo-scatto-19-mm-codice-16-408-02-osculati\/","og_locale":"es_ES","og_type":"article","og_title":"Filtro flojet raccordo scatto 19 mm - codice: 16.408.02 - Osculati","og_description":"Scopri il filtro flojet 19mm con raccordo scatto, codice 16.408.02. Qualit\u00e0 Osculati per prestazioni garantite. Acquista ora!","og_url":"https:\/\/technofluid.it\/es\/product\/filtro-flojet-raccordo-scatto-19-mm-codice-16-408-02-osculati\/","og_site_name":"Technofluid","article_modified_time":"2026-04-15T08:07:52+00:00","og_image":[{"width":300,"height":300,"url":"https:\/\/technofluid.it\/wp-content\/uploads\/2026\/01\/2432-Filtro-flojet-raccordo-scatto-19-mm-codice-16.408.02-Osculati.jpg","type":"image\/jpeg"}],"twitter_card":"summary_large_image","twitter_misc":{"Precio":"32,79&nbsp;&euro; Iva esclusa","Disponibilidad":"Disponible"},"schema":{"@context":"https:\/\/schema.org","@graph":[{"@type":"WebPage","@id":"https:\/\/technofluid.it\/en\/product\/filtro-flojet-raccordo-scatto-19-mm-codice-16-408-02-osculati\/","url":"https:\/\/technofluid.it\/en\/product\/filtro-flojet-raccordo-scatto-19-mm-codice-16-408-02-osculati\/","name":"Filtro Flojet 19mm con Acople de Clic - C\u00f3digo 16.408.02","isPartOf":{"@id":"https:\/\/technofluid.it\/#website"},"primaryImageOfPage":{"@id":"https:\/\/technofluid.it\/en\/product\/filtro-flojet-raccordo-scatto-19-mm-codice-16-408-02-osculati\/#primaryimage"},"image":{"@id":"https:\/\/technofluid.it\/en\/product\/filtro-flojet-raccordo-scatto-19-mm-codice-16-408-02-osculati\/#primaryimage"},"thumbnailUrl":"https:\/\/technofluid.it\/wp-content\/uploads\/2026\/01\/2432-Filtro-flojet-raccordo-scatto-19-mm-codice-16.408.02-Osculati.jpg","datePublished":"2025-10-25T00:01:45+00:00","dateModified":"2026-04-15T08:07:52+00:00","description":"Descubre el filtro flojet 19mm con conector r\u00e1pido, c\u00f3digo 16.408.02. Calidad Osculati para un rendimiento garantizado. \u00a1Compra ahora!","breadcrumb":{"@id":"https:\/\/technofluid.it\/en\/product\/filtro-flojet-raccordo-scatto-19-mm-codice-16-408-02-osculati\/#breadcrumb"},"inLanguage":"es","potentialAction":[{"@type":"ReadAction","target":["https:\/\/technofluid.it\/en\/product\/filtro-flojet-raccordo-scatto-19-mm-codice-16-408-02-osculati\/"]}]},{"@type":"ImageObject","inLanguage":"es","@id":"https:\/\/technofluid.it\/en\/product\/filtro-flojet-raccordo-scatto-19-mm-codice-16-408-02-osculati\/#primaryimage","url":"https:\/\/technofluid.it\/wp-content\/uploads\/2026\/01\/2432-Filtro-flojet-raccordo-scatto-19-mm-codice-16.408.02-Osculati.jpg","contentUrl":"https:\/\/technofluid.it\/wp-content\/uploads\/2026\/01\/2432-Filtro-flojet-raccordo-scatto-19-mm-codice-16.408.02-Osculati.jpg","width":300,"height":300,"caption":"Filtro Flojet con raccordo scatto da 19 mm, ideale per sistemi di filtrazione affidabili."},{"@type":"BreadcrumbList","@id":"https:\/\/technofluid.it\/en\/product\/filtro-flojet-raccordo-scatto-19-mm-codice-16-408-02-osculati\/#breadcrumb","itemListElement":[{"@type":"ListItem","position":1,"name":"Home","item":"https:\/\/technofluid.it\/"},{"@type":"ListItem","position":2,"name":"Shop","item":"https:\/\/technofluid.it\/shop\/"},{"@type":"ListItem","position":3,"name":"Filtro flojet raccordo scatto 19 mm &#8211; codice: 16.408.02 &#8211; Osculati"}]},{"@type":"WebSite","@id":"https:\/\/technofluid.it\/#website","url":"https:\/\/technofluid.it\/","name":"Technofluid S.R.L.","description":"Desde 1999 estamos especializados en instalaciones navales, hidr\u00e1ulicas, civiles e industriales","publisher":{"@id":"https:\/\/technofluid.it\/#organization"},"potentialAction":[{"@type":"SearchAction","target":{"@type":"EntryPoint","urlTemplate":"https:\/\/technofluid.it\/?s={search_term_string}"},"query-input":{"@type":"PropertyValueSpecification","valueRequired":true,"valueName":"search_term_string"}}],"inLanguage":"es"},{"@type":"Organization","@id":"https:\/\/technofluid.it\/#organization","name":"Technofluid","url":"https:\/\/technofluid.it\/","logo":{"@type":"ImageObject","inLanguage":"es","@id":"https:\/\/technofluid.it\/#\/schema\/logo\/image\/","url":"https:\/\/technofluid.it\/wp-content\/uploads\/2025\/12\/technofluid_bianco-logo.webp","contentUrl":"https:\/\/technofluid.it\/wp-content\/uploads\/2025\/12\/technofluid_bianco-logo.webp","width":350,"height":116,"caption":"Technofluid"},"image":{"@id":"https:\/\/technofluid.it\/#\/schema\/logo\/image\/"},"description":"Technofluid S.r.l. nace en 1999 en Barcellona Pozzo di Gotto, en la provincia de Messina, con el objetivo de convertirse en un punto de referencia en el sector de la ingenier\u00eda naval, hidr\u00e1ulica, civil e industrial.","email":"info@technofluid.it","telephone":"0907386877","legalName":"Technofluid S.R.L","vatID":"IT03148240835","taxID":"03148240835","ownershipFundingInfo":"https:\/\/technofluid.it\/azienda\/"}]},"product_price_amount":"32.79","product_price_currency":"EUR","og_availability":"instock","product_availability":"instock","product_retailer_item_id":"OSCU00001036","product_condition":"new"},"_links":{"self":[{"href":"https:\/\/technofluid.it\/es\/wp-json\/wp\/v2\/product\/29932","targetHints":{"allow":["GET"]}}],"collection":[{"href":"https:\/\/technofluid.it\/es\/wp-json\/wp\/v2\/product"}],"about":[{"href":"https:\/\/technofluid.it\/es\/wp-json\/wp\/v2\/types\/product"}],"replies":[{"embeddable":true,"href":"https:\/\/technofluid.it\/es\/wp-json\/wp\/v2\/comments?post=29932"}],"version-history":[{"count":0,"href":"https:\/\/technofluid.it\/es\/wp-json\/wp\/v2\/product\/29932\/revisions"}],"wp:featuredmedia":[{"embeddable":true,"href":"https:\/\/technofluid.it\/es\/wp-json\/wp\/v2\/media\/38667"}],"wp:attachment":[{"href":"https:\/\/technofluid.it\/es\/wp-json\/wp\/v2\/media?parent=29932"}],"wp:term":[{"taxonomy":"product_brand","embeddable":true,"href":"https:\/\/technofluid.it\/es\/wp-json\/wp\/v2\/product_brand?post=29932"},{"taxonomy":"product_cat","embeddable":true,"href":"https:\/\/technofluid.it\/es\/wp-json\/wp\/v2\/product_cat?post=29932"},{"taxonomy":"product_tag","embeddable":true,"href":"https:\/\/technofluid.it\/es\/wp-json\/wp\/v2\/product_tag?post=29932"}],"curies":[{"name":"wp","href":"https:\/\/api.w.org\/{rel}","templated":true}]}}