{"id":29828,"date":"2025-10-25T00:01:35","date_gmt":"2025-10-25T00:01:35","guid":{"rendered":"https:\/\/technofluid.it\/prodotto\/fanale-imbarcazione-20mt-prua-225-codice-11-411-14-osculati\/"},"modified":"2026-01-23T02:00:05","modified_gmt":"2026-01-23T02:00:05","slug":"fanale-imbarcazione-20mt-prua-225-codice-11-411-14-osculati","status":"publish","type":"product","link":"https:\/\/technofluid.it\/es\/producto\/fanale-imbarcazione-20mt-prua-225-codice-11-411-14-osculati\/","title":{"rendered":"Faro embarcaci\u00f3n 20MT proa 225 \u2013 c\u00f3digo: 11.411.14 \u2013 Osculati"},"content":{"rendered":"<p>Faro embarcaci\u00f3n 20MT proa 225 \u2013 c\u00f3digo: 11.411.14 \u2013 Osculati<\/p>","protected":false},"excerpt":{"rendered":"<p class=\"MsoNormal\"><b>UM:<\/b>\u00a0PZ<\/p>\n<p class=\"MsoNormal\"><b>Altura:<\/b>\u00a010 cm<\/p>\n<p class=\"MsoNormal\"><b>Peso:<\/b>\u00a00,22 kg<\/p>\n<p class=\"MsoNormal\"><b>Anchura:<\/b>\u00a015 cm<\/p>\n<p class=\"MsoNormal\"><b>Volumen:<\/b>\u00a01.500 cm\u00b3<\/p>\n<p class=\"MsoNormal\"><b>Longitud:<\/b>\u00a010 cm<\/p>","protected":false},"featured_media":38422,"comment_status":"open","ping_status":"closed","template":"","meta":{"_acf_changed":false,"_monsterinsights_skip_tracking":false,"_monsterinsights_sitenote_active":false,"_monsterinsights_sitenote_note":"","_monsterinsights_sitenote_category":0,"site-sidebar-layout":"default","site-content-layout":"","ast-site-content-layout":"default","site-content-style":"default","site-sidebar-style":"default","ast-global-header-display":"","ast-banner-title-visibility":"","ast-main-header-display":"","ast-hfb-above-header-display":"","ast-hfb-below-header-display":"","ast-hfb-mobile-header-display":"","site-post-title":"","ast-breadcrumbs-content":"","ast-featured-img":"","footer-sml-layout":"","ast-disable-related-posts":"","theme-transparent-header-meta":"default","adv-header-id-meta":"","stick-header-meta":"","header-above-stick-meta":"","header-main-stick-meta":"","header-below-stick-meta":"","astra-migrate-meta-layouts":"set","ast-page-background-enabled":"default","ast-page-background-meta":{"desktop":{"background-color":"var(--ast-global-color-5)","background-image":"","background-repeat":"repeat","background-position":"center center","background-size":"auto","background-attachment":"scroll","background-type":"","background-media":"","overlay-type":"","overlay-color":"","overlay-opacity":"","overlay-gradient":""},"tablet":{"background-color":"","background-image":"","background-repeat":"repeat","background-position":"center center","background-size":"auto","background-attachment":"scroll","background-type":"","background-media":"","overlay-type":"","overlay-color":"","overlay-opacity":"","overlay-gradient":""},"mobile":{"background-color":"","background-image":"","background-repeat":"repeat","background-position":"center center","background-size":"auto","background-attachment":"scroll","background-type":"","background-media":"","overlay-type":"","overlay-color":"","overlay-opacity":"","overlay-gradient":""}},"ast-content-background-meta":{"desktop":{"background-color":"var(--ast-global-color-4)","background-image":"","background-repeat":"repeat","background-position":"center center","background-size":"auto","background-attachment":"scroll","background-type":"","background-media":"","overlay-type":"","overlay-color":"","overlay-opacity":"","overlay-gradient":""},"tablet":{"background-color":"var(--ast-global-color-4)","background-image":"","background-repeat":"repeat","background-position":"center center","background-size":"auto","background-attachment":"scroll","background-type":"","background-media":"","overlay-type":"","overlay-color":"","overlay-opacity":"","overlay-gradient":""},"mobile":{"background-color":"var(--ast-global-color-4)","background-image":"","background-repeat":"repeat","background-position":"center center","background-size":"auto","background-attachment":"scroll","background-type":"","background-media":"","overlay-type":"","overlay-color":"","overlay-opacity":"","overlay-gradient":""}}},"product_brand":[],"product_cat":[74,75],"product_tag":[4910,3645,4908,4893,4911,4912,3053,4913],"class_list":{"0":"post-29828","1":"product","2":"type-product","3":"status-publish","4":"has-post-thumbnail","6":"product_cat-elettricita-strumentazione","7":"product_cat-luci-e-fanali","8":"product_tag-11-411-14","9":"product_tag-20mt","10":"product_tag-4908","11":"product_tag-fanale","12":"product_tag-fanale-imbarcazione-20mt-prua-22","13":"product_tag-imbarcazione","14":"product_tag-osculati","15":"product_tag-prua","16":"pa_supplier-osculati-s-r-l","17":"desktop-align-left","18":"tablet-align-left","19":"mobile-align-left","21":"first","22":"instock","23":"taxable","24":"shipping-taxable","25":"purchasable","26":"product-type-simple"},"acf":[],"yoast_head":"<!-- This site is optimized with the Yoast SEO Premium plugin v26.7 (Yoast SEO v26.9) - https:\/\/yoast.com\/product\/yoast-seo-premium-wordpress\/ -->\n<title>Fanale Imbarcazione 20MT Prua 225 - Codice 11.411.14<\/title>\n<meta name=\"description\" content=\"Scopri il fanale imbarcazione 20MT prua 225 Osculati, codice 11.411.14. Qualit\u00e0 e sicurezza per la tua barca. Acquista ora!\" \/>\n<meta name=\"robots\" content=\"index, follow, max-snippet:-1, max-image-preview:large, max-video-preview:-1\" \/>\n<link rel=\"canonical\" href=\"https:\/\/technofluid.it\/es\/producto\/fanale-imbarcazione-20mt-prua-225-codice-11-411-14-osculati\/\" \/>\n<meta property=\"og:locale\" content=\"es_ES\" \/>\n<meta property=\"og:type\" content=\"article\" \/>\n<meta property=\"og:title\" content=\"Fanale imbarcazione 20MT prua 225 - codice: 11.411.14 - Osculati\" \/>\n<meta property=\"og:description\" content=\"Scopri il fanale imbarcazione 20MT prua 225 Osculati, codice 11.411.14. Qualit\u00e0 e sicurezza per la tua barca. Acquista ora!\" \/>\n<meta property=\"og:url\" content=\"https:\/\/technofluid.it\/es\/producto\/fanale-imbarcazione-20mt-prua-225-codice-11-411-14-osculati\/\" \/>\n<meta property=\"og:site_name\" content=\"Technofluid\" \/>\n<meta property=\"article:modified_time\" content=\"2026-01-23T02:00:05+00:00\" \/>\n<meta property=\"og:image\" content=\"https:\/\/technofluid.it\/wp-content\/uploads\/2026\/01\/2452-Fanale-imbarcazione-20MT-prua-225-codice-11.411.14-Osculati.jpg\" \/>\n\t<meta property=\"og:image:width\" content=\"300\" \/>\n\t<meta property=\"og:image:height\" content=\"300\" \/>\n\t<meta property=\"og:image:type\" content=\"image\/jpeg\" \/>\n<meta name=\"twitter:card\" content=\"summary_large_image\" \/>\n<meta name=\"twitter:label1\" content=\"Precio\" \/>\n\t<meta name=\"twitter:data1\" content=\"24,59&nbsp;&euro; Iva esclusa\" \/>\n\t<meta name=\"twitter:label2\" content=\"Disponibilidad\" \/>\n\t<meta name=\"twitter:data2\" content=\"Disponible\" \/>\n<script type=\"application\/ld+json\" class=\"yoast-schema-graph\">{\"@context\":\"https:\/\/schema.org\",\"@graph\":[{\"@type\":\"WebPage\",\"@id\":\"https:\/\/technofluid.it\/prodotto\/fanale-imbarcazione-20mt-prua-225-codice-11-411-14-osculati\/\",\"url\":\"https:\/\/technofluid.it\/prodotto\/fanale-imbarcazione-20mt-prua-225-codice-11-411-14-osculati\/\",\"name\":\"Fanale Imbarcazione 20MT Prua 225 - Codice 11.411.14\",\"isPartOf\":{\"@id\":\"https:\/\/technofluid.it\/#website\"},\"primaryImageOfPage\":{\"@id\":\"https:\/\/technofluid.it\/prodotto\/fanale-imbarcazione-20mt-prua-225-codice-11-411-14-osculati\/#primaryimage\"},\"image\":{\"@id\":\"https:\/\/technofluid.it\/prodotto\/fanale-imbarcazione-20mt-prua-225-codice-11-411-14-osculati\/#primaryimage\"},\"thumbnailUrl\":\"https:\/\/technofluid.it\/wp-content\/uploads\/2026\/01\/2452-Fanale-imbarcazione-20MT-prua-225-codice-11.411.14-Osculati.jpg\",\"datePublished\":\"2025-10-25T00:01:35+00:00\",\"dateModified\":\"2026-01-23T02:00:05+00:00\",\"description\":\"Scopri il fanale imbarcazione 20MT prua 225 Osculati, codice 11.411.14. Qualit\u00e0 e sicurezza per la tua barca. Acquista ora!\",\"breadcrumb\":{\"@id\":\"https:\/\/technofluid.it\/prodotto\/fanale-imbarcazione-20mt-prua-225-codice-11-411-14-osculati\/#breadcrumb\"},\"inLanguage\":\"es\",\"potentialAction\":[{\"@type\":\"ReadAction\",\"target\":[\"https:\/\/technofluid.it\/prodotto\/fanale-imbarcazione-20mt-prua-225-codice-11-411-14-osculati\/\"]}]},{\"@type\":\"ImageObject\",\"inLanguage\":\"es\",\"@id\":\"https:\/\/technofluid.it\/prodotto\/fanale-imbarcazione-20mt-prua-225-codice-11-411-14-osculati\/#primaryimage\",\"url\":\"https:\/\/technofluid.it\/wp-content\/uploads\/2026\/01\/2452-Fanale-imbarcazione-20MT-prua-225-codice-11.411.14-Osculati.jpg\",\"contentUrl\":\"https:\/\/technofluid.it\/wp-content\/uploads\/2026\/01\/2452-Fanale-imbarcazione-20MT-prua-225-codice-11.411.14-Osculati.jpg\",\"width\":300,\"height\":300,\"caption\":\"Fanalino di prua per imbarcazioni da 20MT, modello 225, codice Osculati 11.411.14, ideale per la sicurezza nautica.\"},{\"@type\":\"BreadcrumbList\",\"@id\":\"https:\/\/technofluid.it\/prodotto\/fanale-imbarcazione-20mt-prua-225-codice-11-411-14-osculati\/#breadcrumb\",\"itemListElement\":[{\"@type\":\"ListItem\",\"position\":1,\"name\":\"Home\",\"item\":\"https:\/\/technofluid.it\/\"},{\"@type\":\"ListItem\",\"position\":2,\"name\":\"Shop\",\"item\":\"https:\/\/technofluid.it\/shop\/\"},{\"@type\":\"ListItem\",\"position\":3,\"name\":\"Fanale imbarcazione 20MT prua 225 &#8211; codice: 11.411.14 &#8211; Osculati\"}]},{\"@type\":\"WebSite\",\"@id\":\"https:\/\/technofluid.it\/#website\",\"url\":\"https:\/\/technofluid.it\/\",\"name\":\"Technofluid S.R.L.\",\"description\":\"Dal 1999 siamo specializzati nell&#039;impiantistica navale, idraulica, civile e industriale\",\"publisher\":{\"@id\":\"https:\/\/technofluid.it\/#organization\"},\"potentialAction\":[{\"@type\":\"SearchAction\",\"target\":{\"@type\":\"EntryPoint\",\"urlTemplate\":\"https:\/\/technofluid.it\/?s={search_term_string}\"},\"query-input\":{\"@type\":\"PropertyValueSpecification\",\"valueRequired\":true,\"valueName\":\"search_term_string\"}}],\"inLanguage\":\"es\"},{\"@type\":\"Organization\",\"@id\":\"https:\/\/technofluid.it\/#organization\",\"name\":\"Technofluid\",\"url\":\"https:\/\/technofluid.it\/\",\"logo\":{\"@type\":\"ImageObject\",\"inLanguage\":\"es\",\"@id\":\"https:\/\/technofluid.it\/#\/schema\/logo\/image\/\",\"url\":\"https:\/\/technofluid.it\/wp-content\/uploads\/2025\/12\/technofluid_bianco-logo.webp\",\"contentUrl\":\"https:\/\/technofluid.it\/wp-content\/uploads\/2025\/12\/technofluid_bianco-logo.webp\",\"width\":350,\"height\":116,\"caption\":\"Technofluid\"},\"image\":{\"@id\":\"https:\/\/technofluid.it\/#\/schema\/logo\/image\/\"},\"description\":\"La Technofluid S.r.l. nasce nel 1999 a Barcellona Pozzo di Gotto, in provincia di Messina, con l\u2019obiettivo di diventare un punto di riferimento nel settore dell\u2019impiantistica navale, idraulica, civile e industriale.\",\"email\":\"info@technofluid.it\",\"telephone\":\"0907386877\",\"legalName\":\"Technofluid S.R.L\",\"vatID\":\"IT03148240835\",\"taxID\":\"03148240835\",\"ownershipFundingInfo\":\"https:\/\/technofluid.it\/azienda\/\"}]}<\/script>\n<meta property=\"product:price:amount\" content=\"24.59\" \/>\n<meta property=\"product:price:currency\" content=\"EUR\" \/>\n<meta property=\"og:availability\" content=\"instock\" \/>\n<meta property=\"product:availability\" content=\"instock\" \/>\n<meta property=\"product:retailer_item_id\" content=\"OSCU00000243\" \/>\n<meta property=\"product:condition\" content=\"new\" \/>\n<!-- \/ Yoast SEO Premium plugin. -->","yoast_head_json":{"title":"Faro de Embarcaci\u00f3n 20MT Proa 225 - C\u00f3digo 11.411.14","description":"Descubre la luz de navegaci\u00f3n 20MT proa 225 Osculati, c\u00f3digo 11.411.14. Calidad y seguridad para tu barco. \u00a1Compra ahora!","robots":{"index":"index","follow":"follow","max-snippet":"max-snippet:-1","max-image-preview":"max-image-preview:large","max-video-preview":"max-video-preview:-1"},"canonical":"https:\/\/technofluid.it\/es\/producto\/fanale-imbarcazione-20mt-prua-225-codice-11-411-14-osculati\/","og_locale":"es_ES","og_type":"article","og_title":"Fanale imbarcazione 20MT prua 225 - codice: 11.411.14 - Osculati","og_description":"Scopri il fanale imbarcazione 20MT prua 225 Osculati, codice 11.411.14. Qualit\u00e0 e sicurezza per la tua barca. Acquista ora!","og_url":"https:\/\/technofluid.it\/es\/producto\/fanale-imbarcazione-20mt-prua-225-codice-11-411-14-osculati\/","og_site_name":"Technofluid","article_modified_time":"2026-01-23T02:00:05+00:00","og_image":[{"width":300,"height":300,"url":"https:\/\/technofluid.it\/wp-content\/uploads\/2026\/01\/2452-Fanale-imbarcazione-20MT-prua-225-codice-11.411.14-Osculati.jpg","type":"image\/jpeg"}],"twitter_card":"summary_large_image","twitter_misc":{"Precio":"24,59&nbsp;&euro; Iva esclusa","Disponibilidad":"Disponible"},"schema":{"@context":"https:\/\/schema.org","@graph":[{"@type":"WebPage","@id":"https:\/\/technofluid.it\/prodotto\/fanale-imbarcazione-20mt-prua-225-codice-11-411-14-osculati\/","url":"https:\/\/technofluid.it\/prodotto\/fanale-imbarcazione-20mt-prua-225-codice-11-411-14-osculati\/","name":"Faro de Embarcaci\u00f3n 20MT Proa 225 - C\u00f3digo 11.411.14","isPartOf":{"@id":"https:\/\/technofluid.it\/#website"},"primaryImageOfPage":{"@id":"https:\/\/technofluid.it\/prodotto\/fanale-imbarcazione-20mt-prua-225-codice-11-411-14-osculati\/#primaryimage"},"image":{"@id":"https:\/\/technofluid.it\/prodotto\/fanale-imbarcazione-20mt-prua-225-codice-11-411-14-osculati\/#primaryimage"},"thumbnailUrl":"https:\/\/technofluid.it\/wp-content\/uploads\/2026\/01\/2452-Fanale-imbarcazione-20MT-prua-225-codice-11.411.14-Osculati.jpg","datePublished":"2025-10-25T00:01:35+00:00","dateModified":"2026-01-23T02:00:05+00:00","description":"Descubre la luz de navegaci\u00f3n 20MT proa 225 Osculati, c\u00f3digo 11.411.14. Calidad y seguridad para tu barco. \u00a1Compra ahora!","breadcrumb":{"@id":"https:\/\/technofluid.it\/prodotto\/fanale-imbarcazione-20mt-prua-225-codice-11-411-14-osculati\/#breadcrumb"},"inLanguage":"es","potentialAction":[{"@type":"ReadAction","target":["https:\/\/technofluid.it\/prodotto\/fanale-imbarcazione-20mt-prua-225-codice-11-411-14-osculati\/"]}]},{"@type":"ImageObject","inLanguage":"es","@id":"https:\/\/technofluid.it\/prodotto\/fanale-imbarcazione-20mt-prua-225-codice-11-411-14-osculati\/#primaryimage","url":"https:\/\/technofluid.it\/wp-content\/uploads\/2026\/01\/2452-Fanale-imbarcazione-20MT-prua-225-codice-11.411.14-Osculati.jpg","contentUrl":"https:\/\/technofluid.it\/wp-content\/uploads\/2026\/01\/2452-Fanale-imbarcazione-20MT-prua-225-codice-11.411.14-Osculati.jpg","width":300,"height":300,"caption":"Fanalino di prua per imbarcazioni da 20MT, modello 225, codice Osculati 11.411.14, ideale per la sicurezza nautica."},{"@type":"BreadcrumbList","@id":"https:\/\/technofluid.it\/prodotto\/fanale-imbarcazione-20mt-prua-225-codice-11-411-14-osculati\/#breadcrumb","itemListElement":[{"@type":"ListItem","position":1,"name":"Home","item":"https:\/\/technofluid.it\/"},{"@type":"ListItem","position":2,"name":"Shop","item":"https:\/\/technofluid.it\/shop\/"},{"@type":"ListItem","position":3,"name":"Fanale imbarcazione 20MT prua 225 &#8211; codice: 11.411.14 &#8211; Osculati"}]},{"@type":"WebSite","@id":"https:\/\/technofluid.it\/#website","url":"https:\/\/technofluid.it\/","name":"Technofluid S.R.L.","description":"Desde 1999 estamos especializados en instalaciones navales, hidr\u00e1ulicas, civiles e industriales","publisher":{"@id":"https:\/\/technofluid.it\/#organization"},"potentialAction":[{"@type":"SearchAction","target":{"@type":"EntryPoint","urlTemplate":"https:\/\/technofluid.it\/?s={search_term_string}"},"query-input":{"@type":"PropertyValueSpecification","valueRequired":true,"valueName":"search_term_string"}}],"inLanguage":"es"},{"@type":"Organization","@id":"https:\/\/technofluid.it\/#organization","name":"Technofluid","url":"https:\/\/technofluid.it\/","logo":{"@type":"ImageObject","inLanguage":"es","@id":"https:\/\/technofluid.it\/#\/schema\/logo\/image\/","url":"https:\/\/technofluid.it\/wp-content\/uploads\/2025\/12\/technofluid_bianco-logo.webp","contentUrl":"https:\/\/technofluid.it\/wp-content\/uploads\/2025\/12\/technofluid_bianco-logo.webp","width":350,"height":116,"caption":"Technofluid"},"image":{"@id":"https:\/\/technofluid.it\/#\/schema\/logo\/image\/"},"description":"Technofluid S.r.l. nace en 1999 en Barcellona Pozzo di Gotto, en la provincia de Messina, con el objetivo de convertirse en un punto de referencia en el sector de la ingenier\u00eda naval, hidr\u00e1ulica, civil e industrial.","email":"info@technofluid.it","telephone":"0907386877","legalName":"Technofluid S.R.L","vatID":"IT03148240835","taxID":"03148240835","ownershipFundingInfo":"https:\/\/technofluid.it\/azienda\/"}]},"product_price_amount":"24.59","product_price_currency":"EUR","og_availability":"instock","product_availability":"instock","product_retailer_item_id":"OSCU00000243","product_condition":"new"},"_links":{"self":[{"href":"https:\/\/technofluid.it\/es\/wp-json\/wp\/v2\/product\/29828","targetHints":{"allow":["GET"]}}],"collection":[{"href":"https:\/\/technofluid.it\/es\/wp-json\/wp\/v2\/product"}],"about":[{"href":"https:\/\/technofluid.it\/es\/wp-json\/wp\/v2\/types\/product"}],"replies":[{"embeddable":true,"href":"https:\/\/technofluid.it\/es\/wp-json\/wp\/v2\/comments?post=29828"}],"version-history":[{"count":0,"href":"https:\/\/technofluid.it\/es\/wp-json\/wp\/v2\/product\/29828\/revisions"}],"wp:featuredmedia":[{"embeddable":true,"href":"https:\/\/technofluid.it\/es\/wp-json\/wp\/v2\/media\/38422"}],"wp:attachment":[{"href":"https:\/\/technofluid.it\/es\/wp-json\/wp\/v2\/media?parent=29828"}],"wp:term":[{"taxonomy":"product_brand","embeddable":true,"href":"https:\/\/technofluid.it\/es\/wp-json\/wp\/v2\/product_brand?post=29828"},{"taxonomy":"product_cat","embeddable":true,"href":"https:\/\/technofluid.it\/es\/wp-json\/wp\/v2\/product_cat?post=29828"},{"taxonomy":"product_tag","embeddable":true,"href":"https:\/\/technofluid.it\/es\/wp-json\/wp\/v2\/product_tag?post=29828"}],"curies":[{"name":"wp","href":"https:\/\/api.w.org\/{rel}","templated":true}]}}