{"id":29667,"date":"2025-10-25T00:00:52","date_gmt":"2025-10-25T00:00:52","guid":{"rendered":"https:\/\/technofluid.it\/prodotto\/display-vega-mk2-vimar-idea-codice-mdisvi-veco\/"},"modified":"2026-04-15T11:44:34","modified_gmt":"2026-04-15T10:44:34","slug":"display-vega-mk2-vimar-idea-codice-mdisvi-veco","status":"publish","type":"product","link":"https:\/\/technofluid.it\/es\/producto\/mostrar-vega-mk2-vimar-idea-codigo-mdisvi-veco\/","title":{"rendered":"Display Vega MK2 Vimar Idea \u2013 c\u00f3digo: MDISVI \u2013 Veco"},"content":{"rendered":"<p>Display Vega MK2 Vimar Idea \u2013 c\u00f3digo: MDISVI \u2013 Veco<\/p>","protected":false},"excerpt":{"rendered":"<p>DISPLAY VEGA MK2 VIMAR IDEA -CODICE: MDISVI &#8211; VECO<\/p>","protected":false},"featured_media":37902,"comment_status":"open","ping_status":"closed","template":"","meta":{"_acf_changed":false,"_monsterinsights_skip_tracking":false,"_monsterinsights_sitenote_active":false,"_monsterinsights_sitenote_note":"","_monsterinsights_sitenote_category":0,"site-sidebar-layout":"default","site-content-layout":"","ast-site-content-layout":"default","site-content-style":"default","site-sidebar-style":"default","ast-global-header-display":"","ast-banner-title-visibility":"","ast-main-header-display":"","ast-hfb-above-header-display":"","ast-hfb-below-header-display":"","ast-hfb-mobile-header-display":"","site-post-title":"","ast-breadcrumbs-content":"","ast-featured-img":"","footer-sml-layout":"","ast-disable-related-posts":"","theme-transparent-header-meta":"default","adv-header-id-meta":"","stick-header-meta":"","header-above-stick-meta":"","header-main-stick-meta":"","header-below-stick-meta":"","astra-migrate-meta-layouts":"set","ast-page-background-enabled":"default","ast-page-background-meta":{"desktop":{"background-color":"var(--ast-global-color-5)","background-image":"","background-repeat":"repeat","background-position":"center center","background-size":"auto","background-attachment":"scroll","background-type":"","background-media":"","overlay-type":"","overlay-color":"","overlay-opacity":"","overlay-gradient":""},"tablet":{"background-color":"","background-image":"","background-repeat":"repeat","background-position":"center center","background-size":"auto","background-attachment":"scroll","background-type":"","background-media":"","overlay-type":"","overlay-color":"","overlay-opacity":"","overlay-gradient":""},"mobile":{"background-color":"","background-image":"","background-repeat":"repeat","background-position":"center center","background-size":"auto","background-attachment":"scroll","background-type":"","background-media":"","overlay-type":"","overlay-color":"","overlay-opacity":"","overlay-gradient":""}},"ast-content-background-meta":{"desktop":{"background-color":"var(--ast-global-color-4)","background-image":"","background-repeat":"repeat","background-position":"center center","background-size":"auto","background-attachment":"scroll","background-type":"","background-media":"","overlay-type":"","overlay-color":"","overlay-opacity":"","overlay-gradient":""},"tablet":{"background-color":"var(--ast-global-color-4)","background-image":"","background-repeat":"repeat","background-position":"center center","background-size":"auto","background-attachment":"scroll","background-type":"","background-media":"","overlay-type":"","overlay-color":"","overlay-opacity":"","overlay-gradient":""},"mobile":{"background-color":"var(--ast-global-color-4)","background-image":"","background-repeat":"repeat","background-position":"center center","background-size":"auto","background-attachment":"scroll","background-type":"","background-media":"","overlay-type":"","overlay-color":"","overlay-opacity":"","overlay-gradient":""}}},"product_brand":[],"product_cat":[133,247],"product_tag":[4656,4657],"class_list":{"0":"post-29667","1":"product","2":"type-product","3":"status-publish","4":"has-post-thumbnail","6":"product_cat-ricambistica","7":"product_cat-veco","8":"product_tag-display-vega-mk2-vimar-idea-cod","9":"product_tag-vimar-idea-codice-mdisvi","10":"pa_supplier-veco-s-p-a","11":"desktop-align-left","12":"tablet-align-left","13":"mobile-align-left","15":"first","16":"instock","17":"taxable","18":"shipping-taxable","19":"purchasable","20":"product-type-simple"},"acf":[],"yoast_head":"<!-- This site is optimized with the Yoast SEO Premium plugin v26.7 (Yoast SEO v26.9) - https:\/\/yoast.com\/product\/yoast-seo-premium-wordpress\/ -->\n<title>Display Vega MK2 Vimar Idea - Codice MDISVI Veco<\/title>\n<meta name=\"description\" content=\"Scopri il Display Vega MK2 Vimar Idea, codice MDISVI. Qualit\u00e0 e affidabilit\u00e0 per il tuo impianto. Acquista ora da Veco!\" \/>\n<meta name=\"robots\" content=\"index, follow, max-snippet:-1, max-image-preview:large, max-video-preview:-1\" \/>\n<link rel=\"canonical\" href=\"https:\/\/technofluid.it\/es\/producto\/mostrar-vega-mk2-vimar-idea-codigo-mdisvi-veco\/\" \/>\n<meta property=\"og:locale\" content=\"es_ES\" \/>\n<meta property=\"og:type\" content=\"article\" \/>\n<meta property=\"og:title\" content=\"Display Vega MK2 Vimar Idea &ndash; codice: MDISVI &ndash; Veco\" \/>\n<meta property=\"og:description\" content=\"Scopri il Display Vega MK2 Vimar Idea, codice MDISVI. Qualit\u00e0 e affidabilit\u00e0 per il tuo impianto. Acquista ora da Veco!\" \/>\n<meta property=\"og:url\" content=\"https:\/\/technofluid.it\/es\/producto\/mostrar-vega-mk2-vimar-idea-codigo-mdisvi-veco\/\" \/>\n<meta property=\"og:site_name\" content=\"Technofluid\" \/>\n<meta property=\"article:modified_time\" content=\"2026-04-15T10:44:34+00:00\" \/>\n<meta property=\"og:image\" content=\"https:\/\/technofluid.it\/wp-content\/uploads\/2026\/01\/4078-DISPLAY-VEGA-MK2-VIMAR-IDEA-CODICE-MDISVI-VECO.jpg\" \/>\n\t<meta property=\"og:image:width\" content=\"900\" \/>\n\t<meta property=\"og:image:height\" content=\"900\" \/>\n\t<meta property=\"og:image:type\" content=\"image\/png\" \/>\n<meta name=\"twitter:card\" content=\"summary_large_image\" \/>\n<meta name=\"twitter:label1\" content=\"Precio\" \/>\n\t<meta name=\"twitter:data1\" content=\"274,00&nbsp;&euro; Iva esclusa\" \/>\n\t<meta name=\"twitter:label2\" content=\"Disponibilidad\" \/>\n\t<meta name=\"twitter:data2\" content=\"Disponible\" \/>\n<script type=\"application\/ld+json\" class=\"yoast-schema-graph\">{\"@context\":\"https:\/\/schema.org\",\"@graph\":[{\"@type\":\"WebPage\",\"@id\":\"https:\/\/technofluid.it\/prodotto\/display-vega-mk2-vimar-idea-codice-mdisvi-veco\/\",\"url\":\"https:\/\/technofluid.it\/prodotto\/display-vega-mk2-vimar-idea-codice-mdisvi-veco\/\",\"name\":\"Display Vega MK2 Vimar Idea - Codice MDISVI Veco\",\"isPartOf\":{\"@id\":\"https:\/\/technofluid.it\/#website\"},\"primaryImageOfPage\":{\"@id\":\"https:\/\/technofluid.it\/prodotto\/display-vega-mk2-vimar-idea-codice-mdisvi-veco\/#primaryimage\"},\"image\":{\"@id\":\"https:\/\/technofluid.it\/prodotto\/display-vega-mk2-vimar-idea-codice-mdisvi-veco\/#primaryimage\"},\"thumbnailUrl\":\"https:\/\/technofluid.it\/wp-content\/uploads\/2026\/01\/4078-DISPLAY-VEGA-MK2-VIMAR-IDEA-CODICE-MDISVI-VECO.jpg\",\"datePublished\":\"2025-10-25T00:00:52+00:00\",\"dateModified\":\"2026-04-15T10:44:34+00:00\",\"description\":\"Scopri il Display Vega MK2 Vimar Idea, codice MDISVI. Qualit\u00e0 e affidabilit\u00e0 per il tuo impianto. Acquista ora da Veco!\",\"breadcrumb\":{\"@id\":\"https:\/\/technofluid.it\/prodotto\/display-vega-mk2-vimar-idea-codice-mdisvi-veco\/#breadcrumb\"},\"inLanguage\":\"es\",\"potentialAction\":[{\"@type\":\"ReadAction\",\"target\":[\"https:\/\/technofluid.it\/prodotto\/display-vega-mk2-vimar-idea-codice-mdisvi-veco\/\"]}]},{\"@type\":\"ImageObject\",\"inLanguage\":\"es\",\"@id\":\"https:\/\/technofluid.it\/prodotto\/display-vega-mk2-vimar-idea-codice-mdisvi-veco\/#primaryimage\",\"url\":\"https:\/\/technofluid.it\/wp-content\/uploads\/2026\/01\/4078-DISPLAY-VEGA-MK2-VIMAR-IDEA-CODICE-MDISVI-VECO.jpg\",\"contentUrl\":\"https:\/\/technofluid.it\/wp-content\/uploads\/2026\/01\/4078-DISPLAY-VEGA-MK2-VIMAR-IDEA-CODICE-MDISVI-VECO.jpg\",\"width\":900,\"height\":900,\"caption\":\"Immagine del modulo di controllo Vega MK2 Vimar Idea, codice MDISVI, installato in un sistema di automazione.\"},{\"@type\":\"BreadcrumbList\",\"@id\":\"https:\/\/technofluid.it\/prodotto\/display-vega-mk2-vimar-idea-codice-mdisvi-veco\/#breadcrumb\",\"itemListElement\":[{\"@type\":\"ListItem\",\"position\":1,\"name\":\"Home\",\"item\":\"https:\/\/technofluid.it\/\"},{\"@type\":\"ListItem\",\"position\":2,\"name\":\"Shop\",\"item\":\"https:\/\/technofluid.it\/shop\/\"},{\"@type\":\"ListItem\",\"position\":3,\"name\":\"Display Vega MK2 Vimar Idea &ndash; codice: MDISVI &ndash; Veco\"}]},{\"@type\":\"WebSite\",\"@id\":\"https:\/\/technofluid.it\/#website\",\"url\":\"https:\/\/technofluid.it\/\",\"name\":\"Technofluid S.R.L.\",\"description\":\"Dal 1999 siamo specializzati nell&#039;impiantistica navale, idraulica, civile e industriale\",\"publisher\":{\"@id\":\"https:\/\/technofluid.it\/#organization\"},\"potentialAction\":[{\"@type\":\"SearchAction\",\"target\":{\"@type\":\"EntryPoint\",\"urlTemplate\":\"https:\/\/technofluid.it\/?s={search_term_string}\"},\"query-input\":{\"@type\":\"PropertyValueSpecification\",\"valueRequired\":true,\"valueName\":\"search_term_string\"}}],\"inLanguage\":\"es\"},{\"@type\":\"Organization\",\"@id\":\"https:\/\/technofluid.it\/#organization\",\"name\":\"Technofluid\",\"url\":\"https:\/\/technofluid.it\/\",\"logo\":{\"@type\":\"ImageObject\",\"inLanguage\":\"es\",\"@id\":\"https:\/\/technofluid.it\/#\/schema\/logo\/image\/\",\"url\":\"https:\/\/technofluid.it\/wp-content\/uploads\/2025\/12\/technofluid_bianco-logo.webp\",\"contentUrl\":\"https:\/\/technofluid.it\/wp-content\/uploads\/2025\/12\/technofluid_bianco-logo.webp\",\"width\":350,\"height\":116,\"caption\":\"Technofluid\"},\"image\":{\"@id\":\"https:\/\/technofluid.it\/#\/schema\/logo\/image\/\"},\"description\":\"La Technofluid S.r.l. nasce nel 1999 a Barcellona Pozzo di Gotto, in provincia di Messina, con l\u2019obiettivo di diventare un punto di riferimento nel settore dell\u2019impiantistica navale, idraulica, civile e industriale.\",\"email\":\"info@technofluid.it\",\"telephone\":\"0907386877\",\"legalName\":\"Technofluid S.R.L\",\"vatID\":\"IT03148240835\",\"taxID\":\"03148240835\",\"ownershipFundingInfo\":\"https:\/\/technofluid.it\/azienda\/\"}]}<\/script>\n<meta property=\"product:price:amount\" content=\"274.00\" \/>\n<meta property=\"product:price:currency\" content=\"EUR\" \/>\n<meta property=\"og:availability\" content=\"instock\" \/>\n<meta property=\"product:availability\" content=\"instock\" \/>\n<meta property=\"product:retailer_item_id\" content=\"VECO0000033\" \/>\n<meta property=\"product:condition\" content=\"new\" \/>\n<!-- \/ Yoast SEO Premium plugin. -->","yoast_head_json":{"title":"Mostrar Vega MK2 Vimar Idea - C\u00f3digo MDISVI Veco","description":"Descubre el Display Vega MK2 Vimar Idea, c\u00f3digo MDISVI. Calidad y fiabilidad para tu instalaci\u00f3n. \u00a1Compra ahora en Veco!","robots":{"index":"index","follow":"follow","max-snippet":"max-snippet:-1","max-image-preview":"max-image-preview:large","max-video-preview":"max-video-preview:-1"},"canonical":"https:\/\/technofluid.it\/es\/producto\/mostrar-vega-mk2-vimar-idea-codigo-mdisvi-veco\/","og_locale":"es_ES","og_type":"article","og_title":"Display Vega MK2 Vimar Idea &ndash; codice: MDISVI &ndash; Veco","og_description":"Scopri il Display Vega MK2 Vimar Idea, codice MDISVI. Qualit\u00e0 e affidabilit\u00e0 per il tuo impianto. Acquista ora da Veco!","og_url":"https:\/\/technofluid.it\/es\/producto\/mostrar-vega-mk2-vimar-idea-codigo-mdisvi-veco\/","og_site_name":"Technofluid","article_modified_time":"2026-04-15T10:44:34+00:00","og_image":[{"width":900,"height":900,"url":"https:\/\/technofluid.it\/wp-content\/uploads\/2026\/01\/4078-DISPLAY-VEGA-MK2-VIMAR-IDEA-CODICE-MDISVI-VECO.jpg","type":"image\/png"}],"twitter_card":"summary_large_image","twitter_misc":{"Precio":"274,00&nbsp;&euro; Iva esclusa","Disponibilidad":"Disponible"},"schema":{"@context":"https:\/\/schema.org","@graph":[{"@type":"WebPage","@id":"https:\/\/technofluid.it\/prodotto\/display-vega-mk2-vimar-idea-codice-mdisvi-veco\/","url":"https:\/\/technofluid.it\/prodotto\/display-vega-mk2-vimar-idea-codice-mdisvi-veco\/","name":"Mostrar Vega MK2 Vimar Idea - C\u00f3digo MDISVI Veco","isPartOf":{"@id":"https:\/\/technofluid.it\/#website"},"primaryImageOfPage":{"@id":"https:\/\/technofluid.it\/prodotto\/display-vega-mk2-vimar-idea-codice-mdisvi-veco\/#primaryimage"},"image":{"@id":"https:\/\/technofluid.it\/prodotto\/display-vega-mk2-vimar-idea-codice-mdisvi-veco\/#primaryimage"},"thumbnailUrl":"https:\/\/technofluid.it\/wp-content\/uploads\/2026\/01\/4078-DISPLAY-VEGA-MK2-VIMAR-IDEA-CODICE-MDISVI-VECO.jpg","datePublished":"2025-10-25T00:00:52+00:00","dateModified":"2026-04-15T10:44:34+00:00","description":"Descubre el Display Vega MK2 Vimar Idea, c\u00f3digo MDISVI. Calidad y fiabilidad para tu instalaci\u00f3n. \u00a1Compra ahora en Veco!","breadcrumb":{"@id":"https:\/\/technofluid.it\/prodotto\/display-vega-mk2-vimar-idea-codice-mdisvi-veco\/#breadcrumb"},"inLanguage":"es","potentialAction":[{"@type":"ReadAction","target":["https:\/\/technofluid.it\/prodotto\/display-vega-mk2-vimar-idea-codice-mdisvi-veco\/"]}]},{"@type":"ImageObject","inLanguage":"es","@id":"https:\/\/technofluid.it\/prodotto\/display-vega-mk2-vimar-idea-codice-mdisvi-veco\/#primaryimage","url":"https:\/\/technofluid.it\/wp-content\/uploads\/2026\/01\/4078-DISPLAY-VEGA-MK2-VIMAR-IDEA-CODICE-MDISVI-VECO.jpg","contentUrl":"https:\/\/technofluid.it\/wp-content\/uploads\/2026\/01\/4078-DISPLAY-VEGA-MK2-VIMAR-IDEA-CODICE-MDISVI-VECO.jpg","width":900,"height":900,"caption":"Immagine del modulo di controllo Vega MK2 Vimar Idea, codice MDISVI, installato in un sistema di automazione."},{"@type":"BreadcrumbList","@id":"https:\/\/technofluid.it\/prodotto\/display-vega-mk2-vimar-idea-codice-mdisvi-veco\/#breadcrumb","itemListElement":[{"@type":"ListItem","position":1,"name":"Home","item":"https:\/\/technofluid.it\/"},{"@type":"ListItem","position":2,"name":"Shop","item":"https:\/\/technofluid.it\/shop\/"},{"@type":"ListItem","position":3,"name":"Display Vega MK2 Vimar Idea &ndash; codice: MDISVI &ndash; Veco"}]},{"@type":"WebSite","@id":"https:\/\/technofluid.it\/#website","url":"https:\/\/technofluid.it\/","name":"Technofluid S.R.L.","description":"Desde 1999 estamos especializados en instalaciones navales, hidr\u00e1ulicas, civiles e industriales","publisher":{"@id":"https:\/\/technofluid.it\/#organization"},"potentialAction":[{"@type":"SearchAction","target":{"@type":"EntryPoint","urlTemplate":"https:\/\/technofluid.it\/?s={search_term_string}"},"query-input":{"@type":"PropertyValueSpecification","valueRequired":true,"valueName":"search_term_string"}}],"inLanguage":"es"},{"@type":"Organization","@id":"https:\/\/technofluid.it\/#organization","name":"Technofluid","url":"https:\/\/technofluid.it\/","logo":{"@type":"ImageObject","inLanguage":"es","@id":"https:\/\/technofluid.it\/#\/schema\/logo\/image\/","url":"https:\/\/technofluid.it\/wp-content\/uploads\/2025\/12\/technofluid_bianco-logo.webp","contentUrl":"https:\/\/technofluid.it\/wp-content\/uploads\/2025\/12\/technofluid_bianco-logo.webp","width":350,"height":116,"caption":"Technofluid"},"image":{"@id":"https:\/\/technofluid.it\/#\/schema\/logo\/image\/"},"description":"Technofluid S.r.l. nace en 1999 en Barcellona Pozzo di Gotto, en la provincia de Messina, con el objetivo de convertirse en un punto de referencia en el sector de la ingenier\u00eda naval, hidr\u00e1ulica, civil e industrial.","email":"info@technofluid.it","telephone":"0907386877","legalName":"Technofluid S.R.L","vatID":"IT03148240835","taxID":"03148240835","ownershipFundingInfo":"https:\/\/technofluid.it\/azienda\/"}]},"product_price_amount":"274.00","product_price_currency":"EUR","og_availability":"instock","product_availability":"instock","product_retailer_item_id":"VECO0000033","product_condition":"new"},"_links":{"self":[{"href":"https:\/\/technofluid.it\/es\/wp-json\/wp\/v2\/product\/29667","targetHints":{"allow":["GET"]}}],"collection":[{"href":"https:\/\/technofluid.it\/es\/wp-json\/wp\/v2\/product"}],"about":[{"href":"https:\/\/technofluid.it\/es\/wp-json\/wp\/v2\/types\/product"}],"replies":[{"embeddable":true,"href":"https:\/\/technofluid.it\/es\/wp-json\/wp\/v2\/comments?post=29667"}],"version-history":[{"count":0,"href":"https:\/\/technofluid.it\/es\/wp-json\/wp\/v2\/product\/29667\/revisions"}],"wp:featuredmedia":[{"embeddable":true,"href":"https:\/\/technofluid.it\/es\/wp-json\/wp\/v2\/media\/37902"}],"wp:attachment":[{"href":"https:\/\/technofluid.it\/es\/wp-json\/wp\/v2\/media?parent=29667"}],"wp:term":[{"taxonomy":"product_brand","embeddable":true,"href":"https:\/\/technofluid.it\/es\/wp-json\/wp\/v2\/product_brand?post=29667"},{"taxonomy":"product_cat","embeddable":true,"href":"https:\/\/technofluid.it\/es\/wp-json\/wp\/v2\/product_cat?post=29667"},{"taxonomy":"product_tag","embeddable":true,"href":"https:\/\/technofluid.it\/es\/wp-json\/wp\/v2\/product_tag?post=29667"}],"curies":[{"name":"wp","href":"https:\/\/api.w.org\/{rel}","templated":true}]}}