{"id":29586,"date":"2025-10-25T01:00:42","date_gmt":"2025-10-25T00:00:42","guid":{"rendered":"https:\/\/technofluid.it\/prodotto\/copriparabordi-a4-blu-con-corda-codice-33-480-18-osculati\/"},"modified":"2026-04-07T16:41:54","modified_gmt":"2026-04-07T15:41:54","slug":"copriparabordi-a4-blu-con-corda-codice-33-480-18-osculati","status":"publish","type":"product","link":"https:\/\/technofluid.it\/es\/producto\/cubierta-de-defensa-a4-azul-con-cuerda-codigo-33-480-18-osculati\/","title":{"rendered":"Cubierta de defensas A4 azul con cuerda \u2013 c\u00f3digo: 33.480.18 \u2013 Osculati"},"content":{"rendered":"<p>Cubierta de defensas A4 azul con cuerda \u2013 c\u00f3digo: 33.480.18 \u2013 Osculati<\/p>","protected":false},"excerpt":{"rendered":"<p>Cubre y gestiona de forma ordenada el equipo de amarre con el <strong>cubierta para defensas A4 azul con cuerda<\/strong> Osculati, c\u00f3digo <strong>33.480.18<\/strong>. Dise\u00f1ado para uso n\u00e1utico, es una soluci\u00f3n pr\u00e1ctica para quienes desean un accesorio dedicado al formato A4 y ya preparado con cuerda para su colocaci\u00f3n. Ideal como repuesto o para uniformar el equipamiento de las defensas a bordo, se integra f\u00e1cilmente en contextos de amarre diario y durante las paradas. Datos disponibles: <strong>31 cm<\/strong> (ancho), <strong>26 cm<\/strong> (largo), <strong>5 cm<\/strong> (alto), <strong>0,41 kg<\/strong> (peso), <strong>4.030 cm\u00b3<\/strong> (volumen). Venta por <strong>pieza<\/strong>.<\/p>","protected":false},"featured_media":37722,"comment_status":"open","ping_status":"closed","template":"","meta":{"_acf_changed":false,"_monsterinsights_skip_tracking":false,"_monsterinsights_sitenote_active":false,"_monsterinsights_sitenote_note":"","_monsterinsights_sitenote_category":0,"site-sidebar-layout":"default","site-content-layout":"","ast-site-content-layout":"default","site-content-style":"default","site-sidebar-style":"default","ast-global-header-display":"","ast-banner-title-visibility":"","ast-main-header-display":"","ast-hfb-above-header-display":"","ast-hfb-below-header-display":"","ast-hfb-mobile-header-display":"","site-post-title":"","ast-breadcrumbs-content":"","ast-featured-img":"","footer-sml-layout":"","ast-disable-related-posts":"","theme-transparent-header-meta":"default","adv-header-id-meta":"","stick-header-meta":"","header-above-stick-meta":"","header-main-stick-meta":"","header-below-stick-meta":"","astra-migrate-meta-layouts":"set","ast-page-background-enabled":"default","ast-page-background-meta":{"desktop":{"background-color":"var(--ast-global-color-5)","background-image":"","background-repeat":"repeat","background-position":"center center","background-size":"auto","background-attachment":"scroll","background-type":"","background-media":"","overlay-type":"","overlay-color":"","overlay-opacity":"","overlay-gradient":""},"tablet":{"background-color":"","background-image":"","background-repeat":"repeat","background-position":"center center","background-size":"auto","background-attachment":"scroll","background-type":"","background-media":"","overlay-type":"","overlay-color":"","overlay-opacity":"","overlay-gradient":""},"mobile":{"background-color":"","background-image":"","background-repeat":"repeat","background-position":"center center","background-size":"auto","background-attachment":"scroll","background-type":"","background-media":"","overlay-type":"","overlay-color":"","overlay-opacity":"","overlay-gradient":""}},"ast-content-background-meta":{"desktop":{"background-color":"var(--ast-global-color-4)","background-image":"","background-repeat":"repeat","background-position":"center center","background-size":"auto","background-attachment":"scroll","background-type":"","background-media":"","overlay-type":"","overlay-color":"","overlay-opacity":"","overlay-gradient":""},"tablet":{"background-color":"var(--ast-global-color-4)","background-image":"","background-repeat":"repeat","background-position":"center center","background-size":"auto","background-attachment":"scroll","background-type":"","background-media":"","overlay-type":"","overlay-color":"","overlay-opacity":"","overlay-gradient":""},"mobile":{"background-color":"var(--ast-global-color-4)","background-image":"","background-repeat":"repeat","background-position":"center center","background-size":"auto","background-attachment":"scroll","background-type":"","background-media":"","overlay-type":"","overlay-color":"","overlay-opacity":"","overlay-gradient":""}}},"product_brand":[],"product_cat":[143,620],"product_tag":[4449,4450,3642,4451,4446,4452,3053],"class_list":{"0":"post-29586","1":"product","2":"type-product","3":"status-publish","4":"has-post-thumbnail","6":"product_cat-ormeggio-e-ancoraggio","7":"product_cat-parabordi-e-copriparabordi","8":"product_tag-33-480-18","9":"product_tag-a4","10":"product_tag-blu","11":"product_tag-con-corda","12":"product_tag-copriparabordi","13":"product_tag-copriparabordi-a4-blu-con-corda","14":"product_tag-osculati","15":"pa_supplier-osculati-s-r-l","16":"desktop-align-left","17":"tablet-align-left","18":"mobile-align-left","20":"first","21":"instock","22":"taxable","23":"shipping-taxable","24":"purchasable","25":"product-type-simple"},"acf":[],"yoast_head":"<!-- This site is optimized with the Yoast SEO Premium plugin v26.7 (Yoast SEO v26.9) - https:\/\/yoast.com\/product\/yoast-seo-premium-wordpress\/ -->\n<title>Copriparabordi A4 blu con corda Osculati 33.480.18<\/title>\n<meta name=\"description\" content=\"Copriparabordi A4 blu con corda Osculati (33.480.18). Accessorio per ormeggio: formato A4, vendita a pezzo. Dati dimensionali inclusi.\" \/>\n<meta name=\"robots\" content=\"index, follow, max-snippet:-1, max-image-preview:large, max-video-preview:-1\" \/>\n<link rel=\"canonical\" href=\"https:\/\/technofluid.it\/es\/producto\/cubierta-de-defensa-a4-azul-con-cuerda-codigo-33-480-18-osculati\/\" \/>\n<meta property=\"og:locale\" content=\"es_ES\" \/>\n<meta property=\"og:type\" content=\"article\" \/>\n<meta property=\"og:title\" content=\"Copriparabordi A4 blu con corda - codice: 33.480.18 - Osculati\" \/>\n<meta property=\"og:description\" content=\"Copriparabordi A4 blu con corda Osculati (33.480.18). Accessorio per ormeggio: formato A4, vendita a pezzo. Dati dimensionali inclusi.\" \/>\n<meta property=\"og:url\" content=\"https:\/\/technofluid.it\/es\/producto\/cubierta-de-defensa-a4-azul-con-cuerda-codigo-33-480-18-osculati\/\" \/>\n<meta property=\"og:site_name\" content=\"Technofluid\" \/>\n<meta property=\"article:modified_time\" content=\"2026-04-07T15:41:54+00:00\" \/>\n<meta property=\"og:image\" content=\"https:\/\/technofluid.it\/wp-content\/uploads\/2026\/01\/2492-Copriparabordi-A4-blu-con-corda-codice-33.480.18-Osculati.jpg\" \/>\n\t<meta property=\"og:image:width\" content=\"300\" \/>\n\t<meta property=\"og:image:height\" content=\"300\" \/>\n\t<meta property=\"og:image:type\" content=\"image\/jpeg\" \/>\n<meta name=\"twitter:card\" content=\"summary_large_image\" \/>\n<meta name=\"twitter:label1\" content=\"Precio\" \/>\n\t<meta name=\"twitter:data1\" content=\"23,61&nbsp;&euro; Iva esclusa\" \/>\n\t<meta name=\"twitter:label2\" content=\"Disponibilidad\" \/>\n\t<meta name=\"twitter:data2\" content=\"Disponible\" \/>\n<script type=\"application\/ld+json\" class=\"yoast-schema-graph\">{\"@context\":\"https:\/\/schema.org\",\"@graph\":[{\"@type\":\"WebPage\",\"@id\":\"https:\/\/technofluid.it\/prodotto\/copriparabordi-a4-blu-con-corda-codice-33-480-18-osculati\/\",\"url\":\"https:\/\/technofluid.it\/prodotto\/copriparabordi-a4-blu-con-corda-codice-33-480-18-osculati\/\",\"name\":\"Copriparabordi A4 blu con corda Osculati 33.480.18\",\"isPartOf\":{\"@id\":\"https:\/\/technofluid.it\/#website\"},\"primaryImageOfPage\":{\"@id\":\"https:\/\/technofluid.it\/prodotto\/copriparabordi-a4-blu-con-corda-codice-33-480-18-osculati\/#primaryimage\"},\"image\":{\"@id\":\"https:\/\/technofluid.it\/prodotto\/copriparabordi-a4-blu-con-corda-codice-33-480-18-osculati\/#primaryimage\"},\"thumbnailUrl\":\"https:\/\/technofluid.it\/wp-content\/uploads\/2026\/01\/2492-Copriparabordi-A4-blu-con-corda-codice-33.480.18-Osculati.jpg\",\"datePublished\":\"2025-10-25T00:00:42+00:00\",\"dateModified\":\"2026-04-07T15:41:54+00:00\",\"description\":\"Copriparabordi A4 blu con corda Osculati (33.480.18). Accessorio per ormeggio: formato A4, vendita a pezzo. Dati dimensionali inclusi.\",\"breadcrumb\":{\"@id\":\"https:\/\/technofluid.it\/prodotto\/copriparabordi-a4-blu-con-corda-codice-33-480-18-osculati\/#breadcrumb\"},\"inLanguage\":\"es\",\"potentialAction\":[{\"@type\":\"ReadAction\",\"target\":[\"https:\/\/technofluid.it\/prodotto\/copriparabordi-a4-blu-con-corda-codice-33-480-18-osculati\/\"]}]},{\"@type\":\"ImageObject\",\"inLanguage\":\"es\",\"@id\":\"https:\/\/technofluid.it\/prodotto\/copriparabordi-a4-blu-con-corda-codice-33-480-18-osculati\/#primaryimage\",\"url\":\"https:\/\/technofluid.it\/wp-content\/uploads\/2026\/01\/2492-Copriparabordi-A4-blu-con-corda-codice-33.480.18-Osculati.jpg\",\"contentUrl\":\"https:\/\/technofluid.it\/wp-content\/uploads\/2026\/01\/2492-Copriparabordi-A4-blu-con-corda-codice-33.480.18-Osculati.jpg\",\"width\":300,\"height\":300,\"caption\":\"Copriparabordi A4 blu con corda, protezione resistente per parabordi marini, codice 33.480.18 - Osculati.\"},{\"@type\":\"BreadcrumbList\",\"@id\":\"https:\/\/technofluid.it\/prodotto\/copriparabordi-a4-blu-con-corda-codice-33-480-18-osculati\/#breadcrumb\",\"itemListElement\":[{\"@type\":\"ListItem\",\"position\":1,\"name\":\"Home\",\"item\":\"https:\/\/technofluid.it\/\"},{\"@type\":\"ListItem\",\"position\":2,\"name\":\"Shop\",\"item\":\"https:\/\/technofluid.it\/shop\/\"},{\"@type\":\"ListItem\",\"position\":3,\"name\":\"Copriparabordi A4 blu con corda &#8211; codice: 33.480.18 &#8211; Osculati\"}]},{\"@type\":\"WebSite\",\"@id\":\"https:\/\/technofluid.it\/#website\",\"url\":\"https:\/\/technofluid.it\/\",\"name\":\"Technofluid S.R.L.\",\"description\":\"Dal 1999 siamo specializzati nell&#039;impiantistica navale, idraulica, civile e industriale\",\"publisher\":{\"@id\":\"https:\/\/technofluid.it\/#organization\"},\"potentialAction\":[{\"@type\":\"SearchAction\",\"target\":{\"@type\":\"EntryPoint\",\"urlTemplate\":\"https:\/\/technofluid.it\/?s={search_term_string}\"},\"query-input\":{\"@type\":\"PropertyValueSpecification\",\"valueRequired\":true,\"valueName\":\"search_term_string\"}}],\"inLanguage\":\"es\"},{\"@type\":\"Organization\",\"@id\":\"https:\/\/technofluid.it\/#organization\",\"name\":\"Technofluid\",\"url\":\"https:\/\/technofluid.it\/\",\"logo\":{\"@type\":\"ImageObject\",\"inLanguage\":\"es\",\"@id\":\"https:\/\/technofluid.it\/#\/schema\/logo\/image\/\",\"url\":\"https:\/\/technofluid.it\/wp-content\/uploads\/2025\/12\/technofluid_bianco-logo.webp\",\"contentUrl\":\"https:\/\/technofluid.it\/wp-content\/uploads\/2025\/12\/technofluid_bianco-logo.webp\",\"width\":350,\"height\":116,\"caption\":\"Technofluid\"},\"image\":{\"@id\":\"https:\/\/technofluid.it\/#\/schema\/logo\/image\/\"},\"description\":\"La Technofluid S.r.l. nasce nel 1999 a Barcellona Pozzo di Gotto, in provincia di Messina, con l\u2019obiettivo di diventare un punto di riferimento nel settore dell\u2019impiantistica navale, idraulica, civile e industriale.\",\"email\":\"info@technofluid.it\",\"telephone\":\"0907386877\",\"legalName\":\"Technofluid S.R.L\",\"vatID\":\"IT03148240835\",\"taxID\":\"03148240835\",\"ownershipFundingInfo\":\"https:\/\/technofluid.it\/azienda\/\"}]}<\/script>\n<meta property=\"product:price:amount\" content=\"23.61\" \/>\n<meta property=\"product:price:currency\" content=\"EUR\" \/>\n<meta property=\"og:availability\" content=\"instock\" \/>\n<meta property=\"product:availability\" content=\"instock\" \/>\n<meta property=\"product:retailer_item_id\" content=\"OSCU00000546\" \/>\n<meta property=\"product:condition\" content=\"new\" \/>\n<!-- \/ Yoast SEO Premium plugin. -->","yoast_head_json":{"title":"Cubierta de defensa A4 azul con cuerda Osculati 33.480.18","description":"Cubrecantos A4 azul con cuerda Osculati (33.480.18). Accesorio para amarre: formato A4, venta por unidad. Datos dimensionales incluidos.","robots":{"index":"index","follow":"follow","max-snippet":"max-snippet:-1","max-image-preview":"max-image-preview:large","max-video-preview":"max-video-preview:-1"},"canonical":"https:\/\/technofluid.it\/es\/producto\/cubierta-de-defensa-a4-azul-con-cuerda-codigo-33-480-18-osculati\/","og_locale":"es_ES","og_type":"article","og_title":"Copriparabordi A4 blu con corda - codice: 33.480.18 - Osculati","og_description":"Copriparabordi A4 blu con corda Osculati (33.480.18). Accessorio per ormeggio: formato A4, vendita a pezzo. Dati dimensionali inclusi.","og_url":"https:\/\/technofluid.it\/es\/producto\/cubierta-de-defensa-a4-azul-con-cuerda-codigo-33-480-18-osculati\/","og_site_name":"Technofluid","article_modified_time":"2026-04-07T15:41:54+00:00","og_image":[{"width":300,"height":300,"url":"https:\/\/technofluid.it\/wp-content\/uploads\/2026\/01\/2492-Copriparabordi-A4-blu-con-corda-codice-33.480.18-Osculati.jpg","type":"image\/jpeg"}],"twitter_card":"summary_large_image","twitter_misc":{"Precio":"23,61&nbsp;&euro; Iva esclusa","Disponibilidad":"Disponible"},"schema":{"@context":"https:\/\/schema.org","@graph":[{"@type":"WebPage","@id":"https:\/\/technofluid.it\/prodotto\/copriparabordi-a4-blu-con-corda-codice-33-480-18-osculati\/","url":"https:\/\/technofluid.it\/prodotto\/copriparabordi-a4-blu-con-corda-codice-33-480-18-osculati\/","name":"Cubierta de defensa A4 azul con cuerda Osculati 33.480.18","isPartOf":{"@id":"https:\/\/technofluid.it\/#website"},"primaryImageOfPage":{"@id":"https:\/\/technofluid.it\/prodotto\/copriparabordi-a4-blu-con-corda-codice-33-480-18-osculati\/#primaryimage"},"image":{"@id":"https:\/\/technofluid.it\/prodotto\/copriparabordi-a4-blu-con-corda-codice-33-480-18-osculati\/#primaryimage"},"thumbnailUrl":"https:\/\/technofluid.it\/wp-content\/uploads\/2026\/01\/2492-Copriparabordi-A4-blu-con-corda-codice-33.480.18-Osculati.jpg","datePublished":"2025-10-25T00:00:42+00:00","dateModified":"2026-04-07T15:41:54+00:00","description":"Cubrecantos A4 azul con cuerda Osculati (33.480.18). Accesorio para amarre: formato A4, venta por unidad. Datos dimensionales incluidos.","breadcrumb":{"@id":"https:\/\/technofluid.it\/prodotto\/copriparabordi-a4-blu-con-corda-codice-33-480-18-osculati\/#breadcrumb"},"inLanguage":"es","potentialAction":[{"@type":"ReadAction","target":["https:\/\/technofluid.it\/prodotto\/copriparabordi-a4-blu-con-corda-codice-33-480-18-osculati\/"]}]},{"@type":"ImageObject","inLanguage":"es","@id":"https:\/\/technofluid.it\/prodotto\/copriparabordi-a4-blu-con-corda-codice-33-480-18-osculati\/#primaryimage","url":"https:\/\/technofluid.it\/wp-content\/uploads\/2026\/01\/2492-Copriparabordi-A4-blu-con-corda-codice-33.480.18-Osculati.jpg","contentUrl":"https:\/\/technofluid.it\/wp-content\/uploads\/2026\/01\/2492-Copriparabordi-A4-blu-con-corda-codice-33.480.18-Osculati.jpg","width":300,"height":300,"caption":"Copriparabordi A4 blu con corda, protezione resistente per parabordi marini, codice 33.480.18 - Osculati."},{"@type":"BreadcrumbList","@id":"https:\/\/technofluid.it\/prodotto\/copriparabordi-a4-blu-con-corda-codice-33-480-18-osculati\/#breadcrumb","itemListElement":[{"@type":"ListItem","position":1,"name":"Home","item":"https:\/\/technofluid.it\/"},{"@type":"ListItem","position":2,"name":"Shop","item":"https:\/\/technofluid.it\/shop\/"},{"@type":"ListItem","position":3,"name":"Copriparabordi A4 blu con corda &#8211; codice: 33.480.18 &#8211; Osculati"}]},{"@type":"WebSite","@id":"https:\/\/technofluid.it\/#website","url":"https:\/\/technofluid.it\/","name":"Technofluid S.R.L.","description":"Desde 1999 estamos especializados en instalaciones navales, hidr\u00e1ulicas, civiles e industriales","publisher":{"@id":"https:\/\/technofluid.it\/#organization"},"potentialAction":[{"@type":"SearchAction","target":{"@type":"EntryPoint","urlTemplate":"https:\/\/technofluid.it\/?s={search_term_string}"},"query-input":{"@type":"PropertyValueSpecification","valueRequired":true,"valueName":"search_term_string"}}],"inLanguage":"es"},{"@type":"Organization","@id":"https:\/\/technofluid.it\/#organization","name":"Technofluid","url":"https:\/\/technofluid.it\/","logo":{"@type":"ImageObject","inLanguage":"es","@id":"https:\/\/technofluid.it\/#\/schema\/logo\/image\/","url":"https:\/\/technofluid.it\/wp-content\/uploads\/2025\/12\/technofluid_bianco-logo.webp","contentUrl":"https:\/\/technofluid.it\/wp-content\/uploads\/2025\/12\/technofluid_bianco-logo.webp","width":350,"height":116,"caption":"Technofluid"},"image":{"@id":"https:\/\/technofluid.it\/#\/schema\/logo\/image\/"},"description":"Technofluid S.r.l. nace en 1999 en Barcellona Pozzo di Gotto, en la provincia de Messina, con el objetivo de convertirse en un punto de referencia en el sector de la ingenier\u00eda naval, hidr\u00e1ulica, civil e industrial.","email":"info@technofluid.it","telephone":"0907386877","legalName":"Technofluid S.R.L","vatID":"IT03148240835","taxID":"03148240835","ownershipFundingInfo":"https:\/\/technofluid.it\/azienda\/"}]},"product_price_amount":"23.61","product_price_currency":"EUR","og_availability":"instock","product_availability":"instock","product_retailer_item_id":"OSCU00000546","product_condition":"new"},"_links":{"self":[{"href":"https:\/\/technofluid.it\/es\/wp-json\/wp\/v2\/product\/29586","targetHints":{"allow":["GET"]}}],"collection":[{"href":"https:\/\/technofluid.it\/es\/wp-json\/wp\/v2\/product"}],"about":[{"href":"https:\/\/technofluid.it\/es\/wp-json\/wp\/v2\/types\/product"}],"replies":[{"embeddable":true,"href":"https:\/\/technofluid.it\/es\/wp-json\/wp\/v2\/comments?post=29586"}],"version-history":[{"count":4,"href":"https:\/\/technofluid.it\/es\/wp-json\/wp\/v2\/product\/29586\/revisions"}],"predecessor-version":[{"id":57559,"href":"https:\/\/technofluid.it\/es\/wp-json\/wp\/v2\/product\/29586\/revisions\/57559"}],"wp:featuredmedia":[{"embeddable":true,"href":"https:\/\/technofluid.it\/es\/wp-json\/wp\/v2\/media\/37722"}],"wp:attachment":[{"href":"https:\/\/technofluid.it\/es\/wp-json\/wp\/v2\/media?parent=29586"}],"wp:term":[{"taxonomy":"product_brand","embeddable":true,"href":"https:\/\/technofluid.it\/es\/wp-json\/wp\/v2\/product_brand?post=29586"},{"taxonomy":"product_cat","embeddable":true,"href":"https:\/\/technofluid.it\/es\/wp-json\/wp\/v2\/product_cat?post=29586"},{"taxonomy":"product_tag","embeddable":true,"href":"https:\/\/technofluid.it\/es\/wp-json\/wp\/v2\/product_tag?post=29586"}],"curies":[{"name":"wp","href":"https:\/\/api.w.org\/{rel}","templated":true}]}}