{"id":29390,"date":"2025-10-25T00:00:07","date_gmt":"2025-10-25T00:00:07","guid":{"rendered":"https:\/\/technofluid.it\/prodotto\/cartuccia-olio-rif-yanmar-11930535150-51-codice-n0114151-trem\/"},"modified":"2026-03-19T15:28:34","modified_gmt":"2026-03-19T14:28:34","slug":"cartuccia-olio-rif-yanmar-119305-3515051-codice-n0114151-trem","status":"publish","type":"product","link":"https:\/\/technofluid.it\/es\/producto\/cartucho-de-aceite-ref-yanmar-119305-35150-51-codigo-n0114151-trem\/","title":{"rendered":"Cartucho de aceite (ref. Yanmar 119305-35150\/51) \u2013 c\u00f3digo: N0114151 \u2013 Trem"},"content":{"rendered":"<h2>Cartuccia olio Trem (rif. Yanmar 119305-35150\/51) \u2013 codice N0114151<\/h2>\n<p>El <strong>cartucho de aceite Trem<\/strong> con referencia <strong>Yanmar 119305-35150\/51<\/strong> (c\u00f3digo proveedor <strong>N0114151<\/strong>) \u00e8 un ricambio pensato per le esigenze di manutenzione in ambito nautico e impiantistico di bordo. \u00c8 una soluzione pratica per chi deve gestire interventi ordinari sul circuito di lubrificazione, mantenendo un approccio ordinato e coerente con le specifiche del componente di riferimento.<\/p>\n<ul>\n<li><strong>Tipologia prodotto:<\/strong> cartucho de aceite<\/li>\n<li><strong>Marca \/ proveedor:<\/strong> Trem (TR.EM S.R.L \u2013 Trenzado Emiliano)<\/li>\n<li><strong>C\u00f3digo de producto proveedor:<\/strong> N0114151<\/li>\n<li><strong>Referencia:<\/strong> Yanmar <strong>119305-35150\/51<\/strong><\/li>\n<\/ul>\n<p>La presenza del riferimento Yanmar e del codice Trem consente una gestione pi\u00f9 semplice del magazzino ricambi e riduce il rischio di confusione tra componenti simili. In fase di acquisto o di preparazione dell\u2019intervento, \u00e8 consigliabile verificare sempre la corrispondenza del riferimento riportato sul componente da sostituire o nella documentazione tecnica del motore.<\/p>\n<h2>Applicazioni tipiche (ambito nautico)<\/h2>\n<p>La cartuccia olio \u00e8 un componente di consumo legato alla manutenzione periodica dei motori. In ambito nautico, viene normalmente considerata durante gli interventi di:<\/p>\n<ul>\n<li><strong>mantenimiento ordinario<\/strong> del motore e del sistema di lubrificazione;<\/li>\n<li><strong>tagliandi<\/strong> e controlli programmati;<\/li>\n<li><strong>sostituzione ricambi<\/strong> in caso di interventi correttivi o ripristini.<\/li>\n<\/ul>\n<h2>Ventajas operativas<\/h2>\n<ul>\n<li><strong>Reconocimiento inmediato:<\/strong> riferimento Yanmar e codice Trem riportati in modo chiaro per confronti rapidi.<\/li>\n<li><strong>Gesti\u00f3n de repuestos m\u00e1s sencilla:<\/strong> utile per riordini, preventivi e organizzazione del magazzino.<\/li>\n<li><strong>Approccio ordinato alla manutenzione:<\/strong> componente dedicato alla sostituzione periodica nell\u2019ambito del circuito olio.<\/li>\n<li><strong>Adatta a contesti professionali:<\/strong> indicata per manutentori, cantieri e armatori che desiderano un ricambio identificato in modo univoco.<\/li>\n<\/ul>\n<h2>Uso y notas para la sustituci\u00f3n<\/h2>\n<p>La sostituzione di una cartuccia olio rientra tipicamente nelle attivit\u00e0 di manutenzione. Per un intervento corretto, \u00e8 sempre opportuno fare riferimento alle indicazioni del costruttore del motore e alle procedure previste per il modello specifico.<\/p>\n<h3>Buenas pr\u00e1cticas (generales)<\/h3>\n<ul>\n<li><strong>Verifica del riferimento:<\/strong> confronta il riferimento <strong>119305-35150\/51<\/strong> con la documentaci\u00f3n o con el componente instalado.<\/li>\n<li><strong>Control visual:<\/strong> prima del montaggio, verifica che il ricambio sia integro e adatto all\u2019applicazione prevista.<\/li>\n<li><strong>Eliminaci\u00f3n:<\/strong> gestisci il componente rimosso secondo le procedure previste per i rifiuti legati a olio e manutenzione.<\/li>\n<\/ul>\n<h4>Nota importante<\/h4>\n<p>Questa pagina riporta esclusivamente le informazioni disponibili per l\u2019identificazione del prodotto (cartuccia olio Trem, codice <strong>N0114151<\/strong>, rif. Yanmar <strong>119305-35150\/51<\/strong>). Se ti serve confermare l\u2019applicazione sul tuo motore, verifica sempre il riferimento richiesto dal costruttore o contattaci indicando i codici presenti in scheda.<\/p>\n<h3>FAQ \u2013 Preguntas frecuentes<\/h3>\n<h4>Qual \u00e8 il riferimento Yanmar di questa cartuccia olio?<\/h4>\n<p>Il riferimento indicato \u00e8 Yanmar 119305-35150\/51, utile per il confronto con la documentazione del motore o con il componente da sostituire.<\/p>\n<h4>Qual \u00e8 il codice prodotto Trem (codice fornitore)?<\/h4>\n<p>Il codice prodotto fornitore \u00e8 N0114151 (Trem \/ TR.EM S.R.L &#8211; Trecciatura Emiliana).<\/p>\n<h4>Questa cartuccia \u00e8 adatta per la manutenzione in ambito nautico?<\/h4>\n<p>S\u00ec, \u00e8 un ricambio tipicamente utilizzato in interventi di manutenzione ordinaria su motori e impianti di bordo, dove \u00e8 richiesta una cartuccia olio con riferimento corrispondente.<\/p>\n<h4>Come posso verificare se \u00e8 il ricambio corretto per il mio motore?<\/h4>\n<p>Verifica il riferimento richiesto dal costruttore del motore e confrontalo con il rif. Yanmar 119305-35150\/51. In alternativa, controlla il riferimento riportato sul componente installato.<\/p>\n<h4>Posso usare il solo codice N0114151 per riordinare?<\/h4>\n<p>S\u00ec, il codice N0114151 identifica il prodotto Trem. Per maggiore sicurezza, \u00e8 consigliabile indicare anche il riferimento Yanmar 119305-35150\/51 durante la richiesta o il riordino.<\/p>\n<p><script type=\"application\/ld+json\">{\n    \"@context\": \"https:\\\/\\\/schema.org\",\n    \"@type\": \"FAQPage\",\n    \"mainEntity\": [\n        {\n            \"@type\": \"Question\",\n            \"name\": \"Qual \\u00e8 il riferimento Yanmar di questa cartuccia olio?\",\n            \"acceptedAnswer\": {\n                \"@type\": \"Answer\",\n                \"text\": \"Il riferimento indicato \\u00e8 Yanmar 119305-35150\\\/51, utile per il confronto con la documentazione del motore o con il componente da sostituire.\"\n            }\n        },\n        {\n            \"@type\": \"Question\",\n            \"name\": \"Qual \\u00e8 il codice prodotto Trem (codice fornitore)?\",\n            \"acceptedAnswer\": {\n                \"@type\": \"Answer\",\n                \"text\": \"Il codice prodotto fornitore \\u00e8 N0114151 (Trem \\\/ TR.EM S.R.L - Trecciatura Emiliana).\"\n            }\n        },\n        {\n            \"@type\": \"Question\",\n            \"name\": \"Questa cartuccia \\u00e8 adatta per la manutenzione in ambito nautico?\",\n            \"acceptedAnswer\": {\n                \"@type\": \"Answer\",\n                \"text\": \"S\\u00ec, \\u00e8 un ricambio tipicamente utilizzato in interventi di manutenzione ordinaria su motori e impianti di bordo, dove \\u00e8 richiesta una cartuccia olio con riferimento corrispondente.\"\n            }\n        },\n        {\n            \"@type\": \"Question\",\n            \"name\": \"Come posso verificare se \\u00e8 il ricambio corretto per il mio motore?\",\n            \"acceptedAnswer\": {\n                \"@type\": \"Answer\",\n                \"text\": \"Verifica il riferimento richiesto dal costruttore del motore e confrontalo con il rif. Yanmar 119305-35150\\\/51. In alternativa, controlla il riferimento riportato sul componente installato.\"\n            }\n        },\n        {\n            \"@type\": \"Question\",\n            \"name\": \"Posso usare il solo codice N0114151 per riordinare?\",\n            \"acceptedAnswer\": {\n                \"@type\": \"Answer\",\n                \"text\": \"S\\u00ec, il codice N0114151 identifica il prodotto Trem. Per maggiore sicurezza, \\u00e8 consigliabile indicare anche il riferimento Yanmar 119305-35150\\\/51 durante la richiesta o il riordino.\"\n            }\n        }\n    ]\n}<\/script><\/p>","protected":false},"excerpt":{"rendered":"<p>Cartuccia olio Trem per manutenzione motore, identificata con riferimento Yanmar 119305-35150\/51 e codice fornitore N0114151. Ricambio pensato per un contesto tecnico nautico, utile per interventi ordinari sul circuito di lubrificazione e per una gestione ordinata delle scorte in officina o a bordo. In scheda trovi i dati essenziali per il confronto e il riordino (marca\/fornitore, codice prodotto e riferimento). Prima dell\u2019acquisto, verifica sempre la corrispondenza del riferimento con la documentazione del motore o con il componente installato.<\/p>","protected":false},"featured_media":37263,"comment_status":"open","ping_status":"closed","template":"","meta":{"_acf_changed":false,"_monsterinsights_skip_tracking":false,"_monsterinsights_sitenote_active":false,"_monsterinsights_sitenote_note":"","_monsterinsights_sitenote_category":0,"site-sidebar-layout":"default","site-content-layout":"","ast-site-content-layout":"default","site-content-style":"default","site-sidebar-style":"default","ast-global-header-display":"","ast-banner-title-visibility":"","ast-main-header-display":"","ast-hfb-above-header-display":"","ast-hfb-below-header-display":"","ast-hfb-mobile-header-display":"","site-post-title":"","ast-breadcrumbs-content":"","ast-featured-img":"","footer-sml-layout":"","ast-disable-related-posts":"","theme-transparent-header-meta":"default","adv-header-id-meta":"","stick-header-meta":"","header-above-stick-meta":"","header-main-stick-meta":"","header-below-stick-meta":"","astra-migrate-meta-layouts":"set","ast-page-background-enabled":"default","ast-page-background-meta":{"desktop":{"background-color":"var(--ast-global-color-5)","background-image":"","background-repeat":"repeat","background-position":"center center","background-size":"auto","background-attachment":"scroll","background-type":"","background-media":"","overlay-type":"","overlay-color":"","overlay-opacity":"","overlay-gradient":""},"tablet":{"background-color":"","background-image":"","background-repeat":"repeat","background-position":"center center","background-size":"auto","background-attachment":"scroll","background-type":"","background-media":"","overlay-type":"","overlay-color":"","overlay-opacity":"","overlay-gradient":""},"mobile":{"background-color":"","background-image":"","background-repeat":"repeat","background-position":"center center","background-size":"auto","background-attachment":"scroll","background-type":"","background-media":"","overlay-type":"","overlay-color":"","overlay-opacity":"","overlay-gradient":""}},"ast-content-background-meta":{"desktop":{"background-color":"var(--ast-global-color-4)","background-image":"","background-repeat":"repeat","background-position":"center center","background-size":"auto","background-attachment":"scroll","background-type":"","background-media":"","overlay-type":"","overlay-color":"","overlay-opacity":"","overlay-gradient":""},"tablet":{"background-color":"var(--ast-global-color-4)","background-image":"","background-repeat":"repeat","background-position":"center center","background-size":"auto","background-attachment":"scroll","background-type":"","background-media":"","overlay-type":"","overlay-color":"","overlay-opacity":"","overlay-gradient":""},"mobile":{"background-color":"var(--ast-global-color-4)","background-image":"","background-repeat":"repeat","background-position":"center center","background-size":"auto","background-attachment":"scroll","background-type":"","background-media":"","overlay-type":"","overlay-color":"","overlay-opacity":"","overlay-gradient":""}}},"product_brand":[],"product_cat":[179,180],"product_tag":[3910,3913],"class_list":{"0":"post-29390","1":"product","2":"type-product","3":"status-publish","4":"has-post-thumbnail","6":"product_cat-motori-e-ricambi","7":"product_cat-ricambi-fuori-bordo-e-motori","8":"product_tag-cartuccia-olio","9":"product_tag-rif-yanmar","10":"pa_supplier-tr-em-s-r-l-trecciatura-emiliana","11":"desktop-align-left","12":"tablet-align-left","13":"mobile-align-left","15":"first","16":"instock","17":"taxable","18":"shipping-taxable","19":"purchasable","20":"product-type-simple"},"acf":[],"yoast_head":"<!-- This site is optimized with the Yoast SEO Premium plugin v26.7 (Yoast SEO v26.9) - https:\/\/yoast.com\/product\/yoast-seo-premium-wordpress\/ -->\n<title>Cartuccia olio Trem rif. Yanmar 119305-35150\/51<\/title>\n<meta name=\"description\" content=\"Cartuccia olio Trem cod. N0114151 con riferimento Yanmar 119305-35150\/51. Ricambio per manutenzione in ambito nautico e officina.\" \/>\n<meta name=\"robots\" content=\"index, follow, max-snippet:-1, max-image-preview:large, max-video-preview:-1\" \/>\n<link rel=\"canonical\" href=\"https:\/\/technofluid.it\/es\/producto\/cartucho-de-aceite-ref-yanmar-119305-35150-51-codigo-n0114151-trem\/\" \/>\n<meta property=\"og:locale\" content=\"es_ES\" \/>\n<meta property=\"og:type\" content=\"article\" \/>\n<meta property=\"og:title\" content=\"Cartuccia olio (rif. Yanmar 119305-35150\/51) &ndash; codice: N0114151 &ndash; Trem\" \/>\n<meta property=\"og:description\" content=\"Cartuccia olio Trem cod. N0114151 con riferimento Yanmar 119305-35150\/51. Ricambio per manutenzione in ambito nautico e officina.\" \/>\n<meta property=\"og:url\" content=\"https:\/\/technofluid.it\/es\/producto\/cartucho-de-aceite-ref-yanmar-119305-35150-51-codigo-n0114151-trem\/\" \/>\n<meta property=\"og:site_name\" content=\"Technofluid\" \/>\n<meta property=\"article:modified_time\" content=\"2026-03-19T14:28:34+00:00\" \/>\n<meta property=\"og:image\" content=\"https:\/\/technofluid.it\/wp-content\/uploads\/2026\/01\/1588-CARTUCCIA-OLIO-RIF.-YANMAR-1193053515051-CODICE-N0114151-TREM.jpg\" \/>\n\t<meta property=\"og:image:width\" content=\"1200\" \/>\n\t<meta property=\"og:image:height\" content=\"1200\" \/>\n\t<meta property=\"og:image:type\" content=\"image\/jpeg\" \/>\n<meta name=\"twitter:card\" content=\"summary_large_image\" \/>\n<meta name=\"twitter:label1\" content=\"Precio\" \/>\n\t<meta name=\"twitter:data1\" content=\"6,56&nbsp;&euro; Iva esclusa\" \/>\n\t<meta name=\"twitter:label2\" content=\"Disponibilidad\" \/>\n\t<meta name=\"twitter:data2\" content=\"Disponible\" \/>\n<script type=\"application\/ld+json\" class=\"yoast-schema-graph\">{\"@context\":\"https:\/\/schema.org\",\"@graph\":[{\"@type\":\"WebPage\",\"@id\":\"https:\/\/technofluid.it\/prodotto\/cartuccia-olio-rif-yanmar-119305-3515051-codice-n0114151-trem\/\",\"url\":\"https:\/\/technofluid.it\/prodotto\/cartuccia-olio-rif-yanmar-119305-3515051-codice-n0114151-trem\/\",\"name\":\"Cartuccia olio Trem rif. Yanmar 119305-35150\/51\",\"isPartOf\":{\"@id\":\"https:\/\/technofluid.it\/#website\"},\"primaryImageOfPage\":{\"@id\":\"https:\/\/technofluid.it\/prodotto\/cartuccia-olio-rif-yanmar-119305-3515051-codice-n0114151-trem\/#primaryimage\"},\"image\":{\"@id\":\"https:\/\/technofluid.it\/prodotto\/cartuccia-olio-rif-yanmar-119305-3515051-codice-n0114151-trem\/#primaryimage\"},\"thumbnailUrl\":\"https:\/\/technofluid.it\/wp-content\/uploads\/2026\/01\/1588-CARTUCCIA-OLIO-RIF.-YANMAR-1193053515051-CODICE-N0114151-TREM.jpg\",\"datePublished\":\"2025-10-25T00:00:07+00:00\",\"dateModified\":\"2026-03-19T14:28:34+00:00\",\"description\":\"Cartuccia olio Trem cod. N0114151 con riferimento Yanmar 119305-35150\/51. Ricambio per manutenzione in ambito nautico e officina.\",\"breadcrumb\":{\"@id\":\"https:\/\/technofluid.it\/prodotto\/cartuccia-olio-rif-yanmar-119305-3515051-codice-n0114151-trem\/#breadcrumb\"},\"inLanguage\":\"es\",\"potentialAction\":[{\"@type\":\"ReadAction\",\"target\":[\"https:\/\/technofluid.it\/prodotto\/cartuccia-olio-rif-yanmar-119305-3515051-codice-n0114151-trem\/\"]}]},{\"@type\":\"ImageObject\",\"inLanguage\":\"es\",\"@id\":\"https:\/\/technofluid.it\/prodotto\/cartuccia-olio-rif-yanmar-119305-3515051-codice-n0114151-trem\/#primaryimage\",\"url\":\"https:\/\/technofluid.it\/wp-content\/uploads\/2026\/01\/1588-CARTUCCIA-OLIO-RIF.-YANMAR-1193053515051-CODICE-N0114151-TREM.jpg\",\"contentUrl\":\"https:\/\/technofluid.it\/wp-content\/uploads\/2026\/01\/1588-CARTUCCIA-OLIO-RIF.-YANMAR-1193053515051-CODICE-N0114151-TREM.jpg\",\"width\":1200,\"height\":1200,\"caption\":\"Cartuccia filtro olio motore Yanmar, compatibile con motori diesel, per manutenzione efficiente.\"},{\"@type\":\"BreadcrumbList\",\"@id\":\"https:\/\/technofluid.it\/prodotto\/cartuccia-olio-rif-yanmar-119305-3515051-codice-n0114151-trem\/#breadcrumb\",\"itemListElement\":[{\"@type\":\"ListItem\",\"position\":1,\"name\":\"Home\",\"item\":\"https:\/\/technofluid.it\/\"},{\"@type\":\"ListItem\",\"position\":2,\"name\":\"Shop\",\"item\":\"https:\/\/technofluid.it\/shop\/\"},{\"@type\":\"ListItem\",\"position\":3,\"name\":\"Cartuccia olio (rif. Yanmar 119305-35150\/51) &ndash; codice: N0114151 &ndash; Trem\"}]},{\"@type\":\"WebSite\",\"@id\":\"https:\/\/technofluid.it\/#website\",\"url\":\"https:\/\/technofluid.it\/\",\"name\":\"Technofluid S.R.L.\",\"description\":\"Dal 1999 siamo specializzati nell&#039;impiantistica navale, idraulica, civile e industriale\",\"publisher\":{\"@id\":\"https:\/\/technofluid.it\/#organization\"},\"potentialAction\":[{\"@type\":\"SearchAction\",\"target\":{\"@type\":\"EntryPoint\",\"urlTemplate\":\"https:\/\/technofluid.it\/?s={search_term_string}\"},\"query-input\":{\"@type\":\"PropertyValueSpecification\",\"valueRequired\":true,\"valueName\":\"search_term_string\"}}],\"inLanguage\":\"es\"},{\"@type\":\"Organization\",\"@id\":\"https:\/\/technofluid.it\/#organization\",\"name\":\"Technofluid\",\"url\":\"https:\/\/technofluid.it\/\",\"logo\":{\"@type\":\"ImageObject\",\"inLanguage\":\"es\",\"@id\":\"https:\/\/technofluid.it\/#\/schema\/logo\/image\/\",\"url\":\"https:\/\/technofluid.it\/wp-content\/uploads\/2025\/12\/technofluid_bianco-logo.webp\",\"contentUrl\":\"https:\/\/technofluid.it\/wp-content\/uploads\/2025\/12\/technofluid_bianco-logo.webp\",\"width\":350,\"height\":116,\"caption\":\"Technofluid\"},\"image\":{\"@id\":\"https:\/\/technofluid.it\/#\/schema\/logo\/image\/\"},\"description\":\"La Technofluid S.r.l. nasce nel 1999 a Barcellona Pozzo di Gotto, in provincia di Messina, con l\u2019obiettivo di diventare un punto di riferimento nel settore dell\u2019impiantistica navale, idraulica, civile e industriale.\",\"email\":\"info@technofluid.it\",\"telephone\":\"0907386877\",\"legalName\":\"Technofluid S.R.L\",\"vatID\":\"IT03148240835\",\"taxID\":\"03148240835\",\"ownershipFundingInfo\":\"https:\/\/technofluid.it\/azienda\/\"}]}<\/script>\n<meta property=\"product:price:amount\" content=\"6.56\" \/>\n<meta property=\"product:price:currency\" content=\"EUR\" \/>\n<meta property=\"og:availability\" content=\"instock\" \/>\n<meta property=\"product:availability\" content=\"instock\" \/>\n<meta property=\"product:retailer_item_id\" content=\"TREM0000035\" \/>\n<meta property=\"product:condition\" content=\"new\" \/>\n<!-- \/ Yoast SEO Premium plugin. -->","yoast_head_json":{"title":"Cartuccia olio Trem rif. Yanmar 119305-35150\/51","description":"Cartuccia olio Trem cod. N0114151 con riferimento Yanmar 119305-35150\/51. Ricambio per manutenzione in ambito nautico e officina.","robots":{"index":"index","follow":"follow","max-snippet":"max-snippet:-1","max-image-preview":"max-image-preview:large","max-video-preview":"max-video-preview:-1"},"canonical":"https:\/\/technofluid.it\/es\/producto\/cartucho-de-aceite-ref-yanmar-119305-35150-51-codigo-n0114151-trem\/","og_locale":"es_ES","og_type":"article","og_title":"Cartuccia olio (rif. Yanmar 119305-35150\/51) &ndash; codice: N0114151 &ndash; Trem","og_description":"Cartuccia olio Trem cod. N0114151 con riferimento Yanmar 119305-35150\/51. Ricambio per manutenzione in ambito nautico e officina.","og_url":"https:\/\/technofluid.it\/es\/producto\/cartucho-de-aceite-ref-yanmar-119305-35150-51-codigo-n0114151-trem\/","og_site_name":"Technofluid","article_modified_time":"2026-03-19T14:28:34+00:00","og_image":[{"width":1200,"height":1200,"url":"https:\/\/technofluid.it\/wp-content\/uploads\/2026\/01\/1588-CARTUCCIA-OLIO-RIF.-YANMAR-1193053515051-CODICE-N0114151-TREM.jpg","type":"image\/jpeg"}],"twitter_card":"summary_large_image","twitter_misc":{"Precio":"6,56&nbsp;&euro; Iva esclusa","Disponibilidad":"Disponible"},"schema":{"@context":"https:\/\/schema.org","@graph":[{"@type":"WebPage","@id":"https:\/\/technofluid.it\/prodotto\/cartuccia-olio-rif-yanmar-119305-3515051-codice-n0114151-trem\/","url":"https:\/\/technofluid.it\/prodotto\/cartuccia-olio-rif-yanmar-119305-3515051-codice-n0114151-trem\/","name":"Cartuccia olio Trem rif. Yanmar 119305-35150\/51","isPartOf":{"@id":"https:\/\/technofluid.it\/#website"},"primaryImageOfPage":{"@id":"https:\/\/technofluid.it\/prodotto\/cartuccia-olio-rif-yanmar-119305-3515051-codice-n0114151-trem\/#primaryimage"},"image":{"@id":"https:\/\/technofluid.it\/prodotto\/cartuccia-olio-rif-yanmar-119305-3515051-codice-n0114151-trem\/#primaryimage"},"thumbnailUrl":"https:\/\/technofluid.it\/wp-content\/uploads\/2026\/01\/1588-CARTUCCIA-OLIO-RIF.-YANMAR-1193053515051-CODICE-N0114151-TREM.jpg","datePublished":"2025-10-25T00:00:07+00:00","dateModified":"2026-03-19T14:28:34+00:00","description":"Cartuccia olio Trem cod. N0114151 con riferimento Yanmar 119305-35150\/51. Ricambio per manutenzione in ambito nautico e officina.","breadcrumb":{"@id":"https:\/\/technofluid.it\/prodotto\/cartuccia-olio-rif-yanmar-119305-3515051-codice-n0114151-trem\/#breadcrumb"},"inLanguage":"es","potentialAction":[{"@type":"ReadAction","target":["https:\/\/technofluid.it\/prodotto\/cartuccia-olio-rif-yanmar-119305-3515051-codice-n0114151-trem\/"]}]},{"@type":"ImageObject","inLanguage":"es","@id":"https:\/\/technofluid.it\/prodotto\/cartuccia-olio-rif-yanmar-119305-3515051-codice-n0114151-trem\/#primaryimage","url":"https:\/\/technofluid.it\/wp-content\/uploads\/2026\/01\/1588-CARTUCCIA-OLIO-RIF.-YANMAR-1193053515051-CODICE-N0114151-TREM.jpg","contentUrl":"https:\/\/technofluid.it\/wp-content\/uploads\/2026\/01\/1588-CARTUCCIA-OLIO-RIF.-YANMAR-1193053515051-CODICE-N0114151-TREM.jpg","width":1200,"height":1200,"caption":"Cartuccia filtro olio motore Yanmar, compatibile con motori diesel, per manutenzione efficiente."},{"@type":"BreadcrumbList","@id":"https:\/\/technofluid.it\/prodotto\/cartuccia-olio-rif-yanmar-119305-3515051-codice-n0114151-trem\/#breadcrumb","itemListElement":[{"@type":"ListItem","position":1,"name":"Home","item":"https:\/\/technofluid.it\/"},{"@type":"ListItem","position":2,"name":"Shop","item":"https:\/\/technofluid.it\/shop\/"},{"@type":"ListItem","position":3,"name":"Cartuccia olio (rif. Yanmar 119305-35150\/51) &ndash; codice: N0114151 &ndash; Trem"}]},{"@type":"WebSite","@id":"https:\/\/technofluid.it\/#website","url":"https:\/\/technofluid.it\/","name":"Technofluid S.R.L.","description":"Desde 1999 estamos especializados en instalaciones navales, hidr\u00e1ulicas, civiles e industriales","publisher":{"@id":"https:\/\/technofluid.it\/#organization"},"potentialAction":[{"@type":"SearchAction","target":{"@type":"EntryPoint","urlTemplate":"https:\/\/technofluid.it\/?s={search_term_string}"},"query-input":{"@type":"PropertyValueSpecification","valueRequired":true,"valueName":"search_term_string"}}],"inLanguage":"es"},{"@type":"Organization","@id":"https:\/\/technofluid.it\/#organization","name":"Technofluid","url":"https:\/\/technofluid.it\/","logo":{"@type":"ImageObject","inLanguage":"es","@id":"https:\/\/technofluid.it\/#\/schema\/logo\/image\/","url":"https:\/\/technofluid.it\/wp-content\/uploads\/2025\/12\/technofluid_bianco-logo.webp","contentUrl":"https:\/\/technofluid.it\/wp-content\/uploads\/2025\/12\/technofluid_bianco-logo.webp","width":350,"height":116,"caption":"Technofluid"},"image":{"@id":"https:\/\/technofluid.it\/#\/schema\/logo\/image\/"},"description":"Technofluid S.r.l. nace en 1999 en Barcellona Pozzo di Gotto, en la provincia de Messina, con el objetivo de convertirse en un punto de referencia en el sector de la ingenier\u00eda naval, hidr\u00e1ulica, civil e industrial.","email":"info@technofluid.it","telephone":"0907386877","legalName":"Technofluid S.R.L","vatID":"IT03148240835","taxID":"03148240835","ownershipFundingInfo":"https:\/\/technofluid.it\/azienda\/"}]},"product_price_amount":"6.56","product_price_currency":"EUR","og_availability":"instock","product_availability":"instock","product_retailer_item_id":"TREM0000035","product_condition":"new"},"_links":{"self":[{"href":"https:\/\/technofluid.it\/es\/wp-json\/wp\/v2\/product\/29390","targetHints":{"allow":["GET"]}}],"collection":[{"href":"https:\/\/technofluid.it\/es\/wp-json\/wp\/v2\/product"}],"about":[{"href":"https:\/\/technofluid.it\/es\/wp-json\/wp\/v2\/types\/product"}],"replies":[{"embeddable":true,"href":"https:\/\/technofluid.it\/es\/wp-json\/wp\/v2\/comments?post=29390"}],"version-history":[{"count":3,"href":"https:\/\/technofluid.it\/es\/wp-json\/wp\/v2\/product\/29390\/revisions"}],"predecessor-version":[{"id":56066,"href":"https:\/\/technofluid.it\/es\/wp-json\/wp\/v2\/product\/29390\/revisions\/56066"}],"wp:featuredmedia":[{"embeddable":true,"href":"https:\/\/technofluid.it\/es\/wp-json\/wp\/v2\/media\/37263"}],"wp:attachment":[{"href":"https:\/\/technofluid.it\/es\/wp-json\/wp\/v2\/media?parent=29390"}],"wp:term":[{"taxonomy":"product_brand","embeddable":true,"href":"https:\/\/technofluid.it\/es\/wp-json\/wp\/v2\/product_brand?post=29390"},{"taxonomy":"product_cat","embeddable":true,"href":"https:\/\/technofluid.it\/es\/wp-json\/wp\/v2\/product_cat?post=29390"},{"taxonomy":"product_tag","embeddable":true,"href":"https:\/\/technofluid.it\/es\/wp-json\/wp\/v2\/product_tag?post=29390"}],"curies":[{"name":"wp","href":"https:\/\/api.w.org\/{rel}","templated":true}]}}