{"id":29343,"date":"2025-10-25T01:00:02","date_gmt":"2025-10-25T00:00:02","guid":{"rendered":"https:\/\/technofluid.it\/prodotto\/cappuccio-per-spina-30-a-codice-14-587-04-osculati\/"},"modified":"2026-04-15T12:19:45","modified_gmt":"2026-04-15T11:19:45","slug":"cappuccio-per-spina-30-a-codice-14-587-04-osculati","status":"publish","type":"product","link":"https:\/\/technofluid.it\/es\/producto\/capucha-para-enchufe-30-a-codigo-14-587-04-osculati\/","title":{"rendered":"Capucha para enchufe 30 A \u2013 c\u00f3digo: 14.587.04 \u2013 Osculati"},"content":{"rendered":"<p>Capucha para enchufe 30 A \u2013 c\u00f3digo: 14.587.04 \u2013 Osculati<\/p>","protected":false},"excerpt":{"rendered":"<p>El <strong>capucha para enchufe 30 A<\/strong> Osculati (c\u00f3digo <strong>14.587.04<\/strong>) es un accesorio dedicado a la categor\u00eda <strong>Enchufes y tomas<\/strong>, pensado para completar o sustituir la capucha de un enchufe en el \u00e1mbito n\u00e1utico y de instalaciones a bordo. La referencia al c\u00f3digo del proveedor facilita la identificaci\u00f3n del componente en fase de reorden, mantenimiento o refitting, reduciendo ambig\u00fcedades en la elecci\u00f3n del repuesto. Indicado para aplicaciones donde se requiere coherencia con la talla <strong>30 A<\/strong>, es una soluci\u00f3n pr\u00e1ctica para mantener ordenada la gesti\u00f3n de las conexiones. Antes de la compra se recomienda verificar la compatibilidad con el enchufe instalado, utilizando el c\u00f3digo del producto como referencia.<\/p>","protected":false},"featured_media":37154,"comment_status":"open","ping_status":"closed","template":"","meta":{"_acf_changed":false,"_monsterinsights_skip_tracking":false,"_monsterinsights_sitenote_active":false,"_monsterinsights_sitenote_note":"","_monsterinsights_sitenote_category":0,"site-sidebar-layout":"default","site-content-layout":"","ast-site-content-layout":"default","site-content-style":"default","site-sidebar-style":"default","ast-global-header-display":"","ast-banner-title-visibility":"","ast-main-header-display":"","ast-hfb-above-header-display":"","ast-hfb-below-header-display":"","ast-hfb-mobile-header-display":"","site-post-title":"","ast-breadcrumbs-content":"","ast-featured-img":"","footer-sml-layout":"","ast-disable-related-posts":"","theme-transparent-header-meta":"default","adv-header-id-meta":"","stick-header-meta":"","header-above-stick-meta":"","header-main-stick-meta":"","header-below-stick-meta":"","astra-migrate-meta-layouts":"set","ast-page-background-enabled":"default","ast-page-background-meta":{"desktop":{"background-color":"var(--ast-global-color-5)","background-image":"","background-repeat":"repeat","background-position":"center center","background-size":"auto","background-attachment":"scroll","background-type":"","background-media":"","overlay-type":"","overlay-color":"","overlay-opacity":"","overlay-gradient":""},"tablet":{"background-color":"","background-image":"","background-repeat":"repeat","background-position":"center center","background-size":"auto","background-attachment":"scroll","background-type":"","background-media":"","overlay-type":"","overlay-color":"","overlay-opacity":"","overlay-gradient":""},"mobile":{"background-color":"","background-image":"","background-repeat":"repeat","background-position":"center center","background-size":"auto","background-attachment":"scroll","background-type":"","background-media":"","overlay-type":"","overlay-color":"","overlay-opacity":"","overlay-gradient":""}},"ast-content-background-meta":{"desktop":{"background-color":"var(--ast-global-color-4)","background-image":"","background-repeat":"repeat","background-position":"center center","background-size":"auto","background-attachment":"scroll","background-type":"","background-media":"","overlay-type":"","overlay-color":"","overlay-opacity":"","overlay-gradient":""},"tablet":{"background-color":"var(--ast-global-color-4)","background-image":"","background-repeat":"repeat","background-position":"center center","background-size":"auto","background-attachment":"scroll","background-type":"","background-media":"","overlay-type":"","overlay-color":"","overlay-opacity":"","overlay-gradient":""},"mobile":{"background-color":"var(--ast-global-color-4)","background-image":"","background-repeat":"repeat","background-position":"center center","background-size":"auto","background-attachment":"scroll","background-type":"","background-media":"","overlay-type":"","overlay-color":"","overlay-opacity":"","overlay-gradient":""}}},"product_brand":[],"product_cat":[74,106],"product_tag":[3808,3790,3791,3809,3053,3810],"class_list":{"0":"post-29343","1":"product","2":"type-product","3":"status-publish","4":"has-post-thumbnail","6":"product_cat-elettricita-strumentazione","7":"product_cat-spine-e-prese","8":"product_tag-14-587-04","9":"product_tag-30a","10":"product_tag-cappuccio","11":"product_tag-cappuccio-per-spina-30-a-codice","12":"product_tag-osculati","13":"product_tag-per-spina","14":"pa_supplier-osculati-s-r-l","15":"desktop-align-left","16":"tablet-align-left","17":"mobile-align-left","19":"first","20":"instock","21":"taxable","22":"shipping-taxable","23":"purchasable","24":"product-type-simple"},"acf":[],"yoast_head":"<!-- This site is optimized with the Yoast SEO Premium plugin v26.7 (Yoast SEO v26.9) - https:\/\/yoast.com\/product\/yoast-seo-premium-wordpress\/ -->\n<title>Cappuccio per spina 30 A Osculati 14.587.04<\/title>\n<meta name=\"description\" content=\"Cappuccio per spina 30 A Osculati, codice 14.587.04. Accessorio per spine e prese: ideale per manutenzione e ricambi in impianti di bordo.\" \/>\n<meta name=\"robots\" content=\"index, follow, max-snippet:-1, max-image-preview:large, max-video-preview:-1\" \/>\n<link rel=\"canonical\" href=\"https:\/\/technofluid.it\/es\/producto\/capucha-para-enchufe-30-a-codigo-14-587-04-osculati\/\" \/>\n<meta property=\"og:locale\" content=\"es_ES\" \/>\n<meta property=\"og:type\" content=\"article\" \/>\n<meta property=\"og:title\" content=\"Cappuccio per spina 30 A - codice: 14.587.04 - Osculati\" \/>\n<meta property=\"og:description\" content=\"Cappuccio per spina 30 A Osculati, codice 14.587.04. Accessorio per spine e prese: ideale per manutenzione e ricambi in impianti di bordo.\" \/>\n<meta property=\"og:url\" content=\"https:\/\/technofluid.it\/es\/producto\/capucha-para-enchufe-30-a-codigo-14-587-04-osculati\/\" \/>\n<meta property=\"og:site_name\" content=\"Technofluid\" \/>\n<meta property=\"article:modified_time\" content=\"2026-04-15T11:19:45+00:00\" \/>\n<meta property=\"og:image\" content=\"https:\/\/technofluid.it\/wp-content\/uploads\/2026\/01\/2564-Cappuccio-per-spina-30-A-codice-14.587.04-Osculati.jpg\" \/>\n\t<meta property=\"og:image:width\" content=\"300\" \/>\n\t<meta property=\"og:image:height\" content=\"300\" \/>\n\t<meta property=\"og:image:type\" content=\"image\/jpeg\" \/>\n<meta name=\"twitter:card\" content=\"summary_large_image\" \/>\n<meta name=\"twitter:label1\" content=\"Precio\" \/>\n\t<meta name=\"twitter:data1\" content=\"21,64&nbsp;&euro; Iva esclusa\" \/>\n\t<meta name=\"twitter:label2\" content=\"Disponibilidad\" \/>\n\t<meta name=\"twitter:data2\" content=\"Disponible\" \/>\n<script type=\"application\/ld+json\" class=\"yoast-schema-graph\">{\"@context\":\"https:\/\/schema.org\",\"@graph\":[{\"@type\":\"WebPage\",\"@id\":\"https:\/\/technofluid.it\/prodotto\/cappuccio-per-spina-30-a-codice-14-587-04-osculati\/\",\"url\":\"https:\/\/technofluid.it\/prodotto\/cappuccio-per-spina-30-a-codice-14-587-04-osculati\/\",\"name\":\"Cappuccio per spina 30 A Osculati 14.587.04\",\"isPartOf\":{\"@id\":\"https:\/\/technofluid.it\/#website\"},\"primaryImageOfPage\":{\"@id\":\"https:\/\/technofluid.it\/prodotto\/cappuccio-per-spina-30-a-codice-14-587-04-osculati\/#primaryimage\"},\"image\":{\"@id\":\"https:\/\/technofluid.it\/prodotto\/cappuccio-per-spina-30-a-codice-14-587-04-osculati\/#primaryimage\"},\"thumbnailUrl\":\"https:\/\/technofluid.it\/wp-content\/uploads\/2026\/01\/2564-Cappuccio-per-spina-30-A-codice-14.587.04-Osculati.jpg\",\"datePublished\":\"2025-10-25T00:00:02+00:00\",\"dateModified\":\"2026-04-15T11:19:45+00:00\",\"description\":\"Cappuccio per spina 30 A Osculati, codice 14.587.04. Accessorio per spine e prese: ideale per manutenzione e ricambi in impianti di bordo.\",\"breadcrumb\":{\"@id\":\"https:\/\/technofluid.it\/prodotto\/cappuccio-per-spina-30-a-codice-14-587-04-osculati\/#breadcrumb\"},\"inLanguage\":\"es\",\"potentialAction\":[{\"@type\":\"ReadAction\",\"target\":[\"https:\/\/technofluid.it\/prodotto\/cappuccio-per-spina-30-a-codice-14-587-04-osculati\/\"]}]},{\"@type\":\"ImageObject\",\"inLanguage\":\"es\",\"@id\":\"https:\/\/technofluid.it\/prodotto\/cappuccio-per-spina-30-a-codice-14-587-04-osculati\/#primaryimage\",\"url\":\"https:\/\/technofluid.it\/wp-content\/uploads\/2026\/01\/2564-Cappuccio-per-spina-30-A-codice-14.587.04-Osculati.jpg\",\"contentUrl\":\"https:\/\/technofluid.it\/wp-content\/uploads\/2026\/01\/2564-Cappuccio-per-spina-30-A-codice-14.587.04-Osculati.jpg\",\"width\":300,\"height\":300,\"caption\":\"Pompa per spina 30 A, codice 14.587.04, Osculati, per impianti idraulici.\"},{\"@type\":\"BreadcrumbList\",\"@id\":\"https:\/\/technofluid.it\/prodotto\/cappuccio-per-spina-30-a-codice-14-587-04-osculati\/#breadcrumb\",\"itemListElement\":[{\"@type\":\"ListItem\",\"position\":1,\"name\":\"Home\",\"item\":\"https:\/\/technofluid.it\/\"},{\"@type\":\"ListItem\",\"position\":2,\"name\":\"Shop\",\"item\":\"https:\/\/technofluid.it\/shop\/\"},{\"@type\":\"ListItem\",\"position\":3,\"name\":\"Cappuccio per spina 30 A &#8211; codice: 14.587.04 &#8211; Osculati\"}]},{\"@type\":\"WebSite\",\"@id\":\"https:\/\/technofluid.it\/#website\",\"url\":\"https:\/\/technofluid.it\/\",\"name\":\"Technofluid S.R.L.\",\"description\":\"Dal 1999 siamo specializzati nell&#039;impiantistica navale, idraulica, civile e industriale\",\"publisher\":{\"@id\":\"https:\/\/technofluid.it\/#organization\"},\"potentialAction\":[{\"@type\":\"SearchAction\",\"target\":{\"@type\":\"EntryPoint\",\"urlTemplate\":\"https:\/\/technofluid.it\/?s={search_term_string}\"},\"query-input\":{\"@type\":\"PropertyValueSpecification\",\"valueRequired\":true,\"valueName\":\"search_term_string\"}}],\"inLanguage\":\"es\"},{\"@type\":\"Organization\",\"@id\":\"https:\/\/technofluid.it\/#organization\",\"name\":\"Technofluid\",\"url\":\"https:\/\/technofluid.it\/\",\"logo\":{\"@type\":\"ImageObject\",\"inLanguage\":\"es\",\"@id\":\"https:\/\/technofluid.it\/#\/schema\/logo\/image\/\",\"url\":\"https:\/\/technofluid.it\/wp-content\/uploads\/2025\/12\/technofluid_bianco-logo.webp\",\"contentUrl\":\"https:\/\/technofluid.it\/wp-content\/uploads\/2025\/12\/technofluid_bianco-logo.webp\",\"width\":350,\"height\":116,\"caption\":\"Technofluid\"},\"image\":{\"@id\":\"https:\/\/technofluid.it\/#\/schema\/logo\/image\/\"},\"description\":\"La Technofluid S.r.l. nasce nel 1999 a Barcellona Pozzo di Gotto, in provincia di Messina, con l\u2019obiettivo di diventare un punto di riferimento nel settore dell\u2019impiantistica navale, idraulica, civile e industriale.\",\"email\":\"info@technofluid.it\",\"telephone\":\"0907386877\",\"legalName\":\"Technofluid S.R.L\",\"vatID\":\"IT03148240835\",\"taxID\":\"03148240835\",\"ownershipFundingInfo\":\"https:\/\/technofluid.it\/azienda\/\"}]}<\/script>\n<meta property=\"product:price:amount\" content=\"21.64\" \/>\n<meta property=\"product:price:currency\" content=\"EUR\" \/>\n<meta property=\"og:availability\" content=\"instock\" \/>\n<meta property=\"product:availability\" content=\"instock\" \/>\n<meta property=\"product:retailer_item_id\" content=\"OSCU00001135\" \/>\n<meta property=\"product:condition\" content=\"new\" \/>\n<!-- \/ Yoast SEO Premium plugin. -->","yoast_head_json":{"title":"Capucha para enchufe 30 A Osculati 14.587.04","description":"Capucha para enchufe 30 A Osculati, c\u00f3digo 14.587.04. Accesorio para enchufes y tomas: ideal para mantenimiento y repuestos en instalaciones a bordo.","robots":{"index":"index","follow":"follow","max-snippet":"max-snippet:-1","max-image-preview":"max-image-preview:large","max-video-preview":"max-video-preview:-1"},"canonical":"https:\/\/technofluid.it\/es\/producto\/capucha-para-enchufe-30-a-codigo-14-587-04-osculati\/","og_locale":"es_ES","og_type":"article","og_title":"Cappuccio per spina 30 A - codice: 14.587.04 - Osculati","og_description":"Cappuccio per spina 30 A Osculati, codice 14.587.04. Accessorio per spine e prese: ideale per manutenzione e ricambi in impianti di bordo.","og_url":"https:\/\/technofluid.it\/es\/producto\/capucha-para-enchufe-30-a-codigo-14-587-04-osculati\/","og_site_name":"Technofluid","article_modified_time":"2026-04-15T11:19:45+00:00","og_image":[{"width":300,"height":300,"url":"https:\/\/technofluid.it\/wp-content\/uploads\/2026\/01\/2564-Cappuccio-per-spina-30-A-codice-14.587.04-Osculati.jpg","type":"image\/jpeg"}],"twitter_card":"summary_large_image","twitter_misc":{"Precio":"21,64&nbsp;&euro; Iva esclusa","Disponibilidad":"Disponible"},"schema":{"@context":"https:\/\/schema.org","@graph":[{"@type":"WebPage","@id":"https:\/\/technofluid.it\/prodotto\/cappuccio-per-spina-30-a-codice-14-587-04-osculati\/","url":"https:\/\/technofluid.it\/prodotto\/cappuccio-per-spina-30-a-codice-14-587-04-osculati\/","name":"Capucha para enchufe 30 A Osculati 14.587.04","isPartOf":{"@id":"https:\/\/technofluid.it\/#website"},"primaryImageOfPage":{"@id":"https:\/\/technofluid.it\/prodotto\/cappuccio-per-spina-30-a-codice-14-587-04-osculati\/#primaryimage"},"image":{"@id":"https:\/\/technofluid.it\/prodotto\/cappuccio-per-spina-30-a-codice-14-587-04-osculati\/#primaryimage"},"thumbnailUrl":"https:\/\/technofluid.it\/wp-content\/uploads\/2026\/01\/2564-Cappuccio-per-spina-30-A-codice-14.587.04-Osculati.jpg","datePublished":"2025-10-25T00:00:02+00:00","dateModified":"2026-04-15T11:19:45+00:00","description":"Capucha para enchufe 30 A Osculati, c\u00f3digo 14.587.04. Accesorio para enchufes y tomas: ideal para mantenimiento y repuestos en instalaciones a bordo.","breadcrumb":{"@id":"https:\/\/technofluid.it\/prodotto\/cappuccio-per-spina-30-a-codice-14-587-04-osculati\/#breadcrumb"},"inLanguage":"es","potentialAction":[{"@type":"ReadAction","target":["https:\/\/technofluid.it\/prodotto\/cappuccio-per-spina-30-a-codice-14-587-04-osculati\/"]}]},{"@type":"ImageObject","inLanguage":"es","@id":"https:\/\/technofluid.it\/prodotto\/cappuccio-per-spina-30-a-codice-14-587-04-osculati\/#primaryimage","url":"https:\/\/technofluid.it\/wp-content\/uploads\/2026\/01\/2564-Cappuccio-per-spina-30-A-codice-14.587.04-Osculati.jpg","contentUrl":"https:\/\/technofluid.it\/wp-content\/uploads\/2026\/01\/2564-Cappuccio-per-spina-30-A-codice-14.587.04-Osculati.jpg","width":300,"height":300,"caption":"Pompa per spina 30 A, codice 14.587.04, Osculati, per impianti idraulici."},{"@type":"BreadcrumbList","@id":"https:\/\/technofluid.it\/prodotto\/cappuccio-per-spina-30-a-codice-14-587-04-osculati\/#breadcrumb","itemListElement":[{"@type":"ListItem","position":1,"name":"Home","item":"https:\/\/technofluid.it\/"},{"@type":"ListItem","position":2,"name":"Shop","item":"https:\/\/technofluid.it\/shop\/"},{"@type":"ListItem","position":3,"name":"Cappuccio per spina 30 A &#8211; codice: 14.587.04 &#8211; Osculati"}]},{"@type":"WebSite","@id":"https:\/\/technofluid.it\/#website","url":"https:\/\/technofluid.it\/","name":"Technofluid S.R.L.","description":"Desde 1999 estamos especializados en instalaciones navales, hidr\u00e1ulicas, civiles e industriales","publisher":{"@id":"https:\/\/technofluid.it\/#organization"},"potentialAction":[{"@type":"SearchAction","target":{"@type":"EntryPoint","urlTemplate":"https:\/\/technofluid.it\/?s={search_term_string}"},"query-input":{"@type":"PropertyValueSpecification","valueRequired":true,"valueName":"search_term_string"}}],"inLanguage":"es"},{"@type":"Organization","@id":"https:\/\/technofluid.it\/#organization","name":"Technofluid","url":"https:\/\/technofluid.it\/","logo":{"@type":"ImageObject","inLanguage":"es","@id":"https:\/\/technofluid.it\/#\/schema\/logo\/image\/","url":"https:\/\/technofluid.it\/wp-content\/uploads\/2025\/12\/technofluid_bianco-logo.webp","contentUrl":"https:\/\/technofluid.it\/wp-content\/uploads\/2025\/12\/technofluid_bianco-logo.webp","width":350,"height":116,"caption":"Technofluid"},"image":{"@id":"https:\/\/technofluid.it\/#\/schema\/logo\/image\/"},"description":"Technofluid S.r.l. nace en 1999 en Barcellona Pozzo di Gotto, en la provincia de Messina, con el objetivo de convertirse en un punto de referencia en el sector de la ingenier\u00eda naval, hidr\u00e1ulica, civil e industrial.","email":"info@technofluid.it","telephone":"0907386877","legalName":"Technofluid S.R.L","vatID":"IT03148240835","taxID":"03148240835","ownershipFundingInfo":"https:\/\/technofluid.it\/azienda\/"}]},"product_price_amount":"21.64","product_price_currency":"EUR","og_availability":"instock","product_availability":"instock","product_retailer_item_id":"OSCU00001135","product_condition":"new"},"_links":{"self":[{"href":"https:\/\/technofluid.it\/es\/wp-json\/wp\/v2\/product\/29343","targetHints":{"allow":["GET"]}}],"collection":[{"href":"https:\/\/technofluid.it\/es\/wp-json\/wp\/v2\/product"}],"about":[{"href":"https:\/\/technofluid.it\/es\/wp-json\/wp\/v2\/types\/product"}],"replies":[{"embeddable":true,"href":"https:\/\/technofluid.it\/es\/wp-json\/wp\/v2\/comments?post=29343"}],"version-history":[{"count":3,"href":"https:\/\/technofluid.it\/es\/wp-json\/wp\/v2\/product\/29343\/revisions"}],"predecessor-version":[{"id":56453,"href":"https:\/\/technofluid.it\/es\/wp-json\/wp\/v2\/product\/29343\/revisions\/56453"}],"wp:featuredmedia":[{"embeddable":true,"href":"https:\/\/technofluid.it\/es\/wp-json\/wp\/v2\/media\/37154"}],"wp:attachment":[{"href":"https:\/\/technofluid.it\/es\/wp-json\/wp\/v2\/media?parent=29343"}],"wp:term":[{"taxonomy":"product_brand","embeddable":true,"href":"https:\/\/technofluid.it\/es\/wp-json\/wp\/v2\/product_brand?post=29343"},{"taxonomy":"product_cat","embeddable":true,"href":"https:\/\/technofluid.it\/es\/wp-json\/wp\/v2\/product_cat?post=29343"},{"taxonomy":"product_tag","embeddable":true,"href":"https:\/\/technofluid.it\/es\/wp-json\/wp\/v2\/product_tag?post=29343"}],"curies":[{"name":"wp","href":"https:\/\/api.w.org\/{rel}","templated":true}]}}