{"id":29312,"date":"2025-10-25T00:59:58","date_gmt":"2025-10-24T23:59:58","guid":{"rendered":"https:\/\/technofluid.it\/prodotto\/box-doccia-con-miscelatore-tubo-pvc-25-m-a-parete-codice-15-239-01-osculati\/"},"modified":"2026-04-07T16:41:55","modified_gmt":"2026-04-07T15:41:55","slug":"box-doccia-con-miscelatore-tubo-pvc-25m-a-parete-codice-15-239-01-osculati","status":"publish","type":"product","link":"https:\/\/technofluid.it\/es\/producto\/box-de-ducha-con-mezclador-tubo-pvc-25m-a-pared-codigo-15-239-01-osculati\/","title":{"rendered":"Box de ducha con mezclador tubo PVC 2,5 m a pared \u2013 c\u00f3digo: 15.239.01 \u2013 Osculati"},"content":{"rendered":"<p>Box de ducha con mezclador tubo PVC 2,5 m a pared \u2013 c\u00f3digo: 15.239.01 \u2013 Osculati<\/p>","protected":false},"excerpt":{"rendered":"<p>Box de ducha Osculati de pared con mezclador y tubo de PVC de 2,5 m (c\u00f3digo 15.239.01). Soluci\u00f3n pr\u00e1ctica para crear un punto de ducha ordenado y listo para usar en el \u00e1mbito n\u00e1utico y de instalaciones a bordo, con componentes recogidos en el box para una gesti\u00f3n m\u00e1s limpia del \u00e1rea. Datos log\u00edsticos: 25 cm (H) x 30 cm (L) x 15 cm (P), peso 1,26 kg, volumen 11.250 cm\u00b3. Unidad de venta: PZ. Ideal para refitting, mantenimientos o instalaciones donde se requieren dimensiones definidas e identificaci\u00f3n r\u00e1pida mediante c\u00f3digo de producto.<\/p>","protected":false},"featured_media":37090,"comment_status":"open","ping_status":"closed","template":"","meta":{"_acf_changed":false,"_monsterinsights_skip_tracking":false,"_monsterinsights_sitenote_active":false,"_monsterinsights_sitenote_note":"","_monsterinsights_sitenote_category":0,"site-sidebar-layout":"default","site-content-layout":"","ast-site-content-layout":"default","site-content-style":"default","site-sidebar-style":"default","ast-global-header-display":"","ast-banner-title-visibility":"","ast-main-header-display":"","ast-hfb-above-header-display":"","ast-hfb-below-header-display":"","ast-hfb-mobile-header-display":"","site-post-title":"","ast-breadcrumbs-content":"","ast-featured-img":"","footer-sml-layout":"","ast-disable-related-posts":"","theme-transparent-header-meta":"default","adv-header-id-meta":"","stick-header-meta":"","header-above-stick-meta":"","header-main-stick-meta":"","header-below-stick-meta":"","astra-migrate-meta-layouts":"set","ast-page-background-enabled":"default","ast-page-background-meta":{"desktop":{"background-color":"var(--ast-global-color-5)","background-image":"","background-repeat":"repeat","background-position":"center center","background-size":"auto","background-attachment":"scroll","background-type":"","background-media":"","overlay-type":"","overlay-color":"","overlay-opacity":"","overlay-gradient":""},"tablet":{"background-color":"","background-image":"","background-repeat":"repeat","background-position":"center center","background-size":"auto","background-attachment":"scroll","background-type":"","background-media":"","overlay-type":"","overlay-color":"","overlay-opacity":"","overlay-gradient":""},"mobile":{"background-color":"","background-image":"","background-repeat":"repeat","background-position":"center center","background-size":"auto","background-attachment":"scroll","background-type":"","background-media":"","overlay-type":"","overlay-color":"","overlay-opacity":"","overlay-gradient":""}},"ast-content-background-meta":{"desktop":{"background-color":"var(--ast-global-color-4)","background-image":"","background-repeat":"repeat","background-position":"center center","background-size":"auto","background-attachment":"scroll","background-type":"","background-media":"","overlay-type":"","overlay-color":"","overlay-opacity":"","overlay-gradient":""},"tablet":{"background-color":"var(--ast-global-color-4)","background-image":"","background-repeat":"repeat","background-position":"center center","background-size":"auto","background-attachment":"scroll","background-type":"","background-media":"","overlay-type":"","overlay-color":"","overlay-opacity":"","overlay-gradient":""},"mobile":{"background-color":"var(--ast-global-color-4)","background-image":"","background-repeat":"repeat","background-position":"center center","background-size":"auto","background-attachment":"scroll","background-type":"","background-media":"","overlay-type":"","overlay-color":"","overlay-opacity":"","overlay-gradient":""}}},"product_brand":[],"product_cat":[430,84],"product_tag":[3729,3730,3731,3732,3733,3734,3735,3736,3053,3737],"class_list":{"0":"post-29312","1":"product","2":"type-product","3":"status-publish","4":"has-post-thumbnail","6":"product_cat-docce-rubinetti-e-lavelli","7":"product_cat-idraulica-e-ferramenta","8":"product_tag-pvc","9":"product_tag-15-239-01","10":"product_tag-2-5m","11":"product_tag-a-parete","12":"product_tag-box","13":"product_tag-box-doccia-con-miscelatore-tubo","14":"product_tag-con-miscelatore","15":"product_tag-doccia","16":"product_tag-osculati","17":"product_tag-tubo","18":"pa_supplier-osculati-s-r-l","19":"desktop-align-left","20":"tablet-align-left","21":"mobile-align-left","23":"first","24":"instock","25":"taxable","26":"shipping-taxable","27":"purchasable","28":"product-type-simple"},"acf":[],"yoast_head":"<!-- This site is optimized with the Yoast SEO Premium plugin v26.7 (Yoast SEO v26.9) - https:\/\/yoast.com\/product\/yoast-seo-premium-wordpress\/ -->\n<title>Box doccia a parete con miscelatore PVC 2,5 m Osculati<\/title>\n<meta name=\"description\" content=\"Box doccia a parete Osculati 15.239.01 con miscelatore e tubo in PVC da 2,5 m. Ingombri 25x30x15 cm, peso 1,26 kg.\" \/>\n<meta name=\"robots\" content=\"index, follow, max-snippet:-1, max-image-preview:large, max-video-preview:-1\" \/>\n<link rel=\"canonical\" href=\"https:\/\/technofluid.it\/es\/producto\/box-de-ducha-con-mezclador-tubo-pvc-25m-a-pared-codigo-15-239-01-osculati\/\" \/>\n<meta property=\"og:locale\" content=\"es_ES\" \/>\n<meta property=\"og:type\" content=\"article\" \/>\n<meta property=\"og:title\" content=\"Box doccia con miscelatore tubo PVC 2,5&nbsp;m a parete &ndash; codice: 15.239.01 &ndash; Osculati\" \/>\n<meta property=\"og:description\" content=\"Box doccia a parete Osculati 15.239.01 con miscelatore e tubo in PVC da 2,5 m. Ingombri 25x30x15 cm, peso 1,26 kg.\" \/>\n<meta property=\"og:url\" content=\"https:\/\/technofluid.it\/es\/producto\/box-de-ducha-con-mezclador-tubo-pvc-25m-a-pared-codigo-15-239-01-osculati\/\" \/>\n<meta property=\"og:site_name\" content=\"Technofluid\" \/>\n<meta property=\"article:modified_time\" content=\"2026-04-07T15:41:55+00:00\" \/>\n<meta property=\"og:image\" content=\"https:\/\/technofluid.it\/wp-content\/uploads\/2026\/01\/2569-BOX-DOCCIA-CON-MISCELATORE-TUBO-PVC-25-m-A-PARETE-CODICE-15.239.01-OSCULATI.jpg\" \/>\n\t<meta property=\"og:image:width\" content=\"300\" \/>\n\t<meta property=\"og:image:height\" content=\"300\" \/>\n\t<meta property=\"og:image:type\" content=\"image\/jpeg\" \/>\n<meta name=\"twitter:card\" content=\"summary_large_image\" \/>\n<meta name=\"twitter:label1\" content=\"Precio\" \/>\n\t<meta name=\"twitter:data1\" content=\"72,13&nbsp;&euro; Iva esclusa\" \/>\n\t<meta name=\"twitter:label2\" content=\"Disponibilidad\" \/>\n\t<meta name=\"twitter:data2\" content=\"Disponible\" \/>\n<script type=\"application\/ld+json\" class=\"yoast-schema-graph\">{\"@context\":\"https:\/\/schema.org\",\"@graph\":[{\"@type\":\"WebPage\",\"@id\":\"https:\/\/technofluid.it\/prodotto\/box-doccia-con-miscelatore-tubo-pvc-25m-a-parete-codice-15-239-01-osculati\/\",\"url\":\"https:\/\/technofluid.it\/prodotto\/box-doccia-con-miscelatore-tubo-pvc-25m-a-parete-codice-15-239-01-osculati\/\",\"name\":\"Box doccia a parete con miscelatore PVC 2,5 m Osculati\",\"isPartOf\":{\"@id\":\"https:\/\/technofluid.it\/#website\"},\"primaryImageOfPage\":{\"@id\":\"https:\/\/technofluid.it\/prodotto\/box-doccia-con-miscelatore-tubo-pvc-25m-a-parete-codice-15-239-01-osculati\/#primaryimage\"},\"image\":{\"@id\":\"https:\/\/technofluid.it\/prodotto\/box-doccia-con-miscelatore-tubo-pvc-25m-a-parete-codice-15-239-01-osculati\/#primaryimage\"},\"thumbnailUrl\":\"https:\/\/technofluid.it\/wp-content\/uploads\/2026\/01\/2569-BOX-DOCCIA-CON-MISCELATORE-TUBO-PVC-25-m-A-PARETE-CODICE-15.239.01-OSCULATI.jpg\",\"datePublished\":\"2025-10-24T23:59:58+00:00\",\"dateModified\":\"2026-04-07T15:41:55+00:00\",\"description\":\"Box doccia a parete Osculati 15.239.01 con miscelatore e tubo in PVC da 2,5 m. Ingombri 25x30x15 cm, peso 1,26 kg.\",\"breadcrumb\":{\"@id\":\"https:\/\/technofluid.it\/prodotto\/box-doccia-con-miscelatore-tubo-pvc-25m-a-parete-codice-15-239-01-osculati\/#breadcrumb\"},\"inLanguage\":\"es\",\"potentialAction\":[{\"@type\":\"ReadAction\",\"target\":[\"https:\/\/technofluid.it\/prodotto\/box-doccia-con-miscelatore-tubo-pvc-25m-a-parete-codice-15-239-01-osculati\/\"]}]},{\"@type\":\"ImageObject\",\"inLanguage\":\"es\",\"@id\":\"https:\/\/technofluid.it\/prodotto\/box-doccia-con-miscelatore-tubo-pvc-25m-a-parete-codice-15-239-01-osculati\/#primaryimage\",\"url\":\"https:\/\/technofluid.it\/wp-content\/uploads\/2026\/01\/2569-BOX-DOCCIA-CON-MISCELATORE-TUBO-PVC-25-m-A-PARETE-CODICE-15.239.01-OSCULATI.jpg\",\"contentUrl\":\"https:\/\/technofluid.it\/wp-content\/uploads\/2026\/01\/2569-BOX-DOCCIA-CON-MISCELATORE-TUBO-PVC-25-m-A-PARETE-CODICE-15.239.01-OSCULATI.jpg\",\"width\":300,\"height\":300,\"caption\":\"Componenti per box doccia con miscelatore in tubo PVC da 2,5 metri, codice 15.239.01, Osculati.\"},{\"@type\":\"BreadcrumbList\",\"@id\":\"https:\/\/technofluid.it\/prodotto\/box-doccia-con-miscelatore-tubo-pvc-25m-a-parete-codice-15-239-01-osculati\/#breadcrumb\",\"itemListElement\":[{\"@type\":\"ListItem\",\"position\":1,\"name\":\"Home\",\"item\":\"https:\/\/technofluid.it\/\"},{\"@type\":\"ListItem\",\"position\":2,\"name\":\"Shop\",\"item\":\"https:\/\/technofluid.it\/shop\/\"},{\"@type\":\"ListItem\",\"position\":3,\"name\":\"Box doccia con miscelatore tubo PVC 2,5&nbsp;m a parete &ndash; codice: 15.239.01 &ndash; Osculati\"}]},{\"@type\":\"WebSite\",\"@id\":\"https:\/\/technofluid.it\/#website\",\"url\":\"https:\/\/technofluid.it\/\",\"name\":\"Technofluid S.R.L.\",\"description\":\"Dal 1999 siamo specializzati nell&#039;impiantistica navale, idraulica, civile e industriale\",\"publisher\":{\"@id\":\"https:\/\/technofluid.it\/#organization\"},\"potentialAction\":[{\"@type\":\"SearchAction\",\"target\":{\"@type\":\"EntryPoint\",\"urlTemplate\":\"https:\/\/technofluid.it\/?s={search_term_string}\"},\"query-input\":{\"@type\":\"PropertyValueSpecification\",\"valueRequired\":true,\"valueName\":\"search_term_string\"}}],\"inLanguage\":\"es\"},{\"@type\":\"Organization\",\"@id\":\"https:\/\/technofluid.it\/#organization\",\"name\":\"Technofluid\",\"url\":\"https:\/\/technofluid.it\/\",\"logo\":{\"@type\":\"ImageObject\",\"inLanguage\":\"es\",\"@id\":\"https:\/\/technofluid.it\/#\/schema\/logo\/image\/\",\"url\":\"https:\/\/technofluid.it\/wp-content\/uploads\/2025\/12\/technofluid_bianco-logo.webp\",\"contentUrl\":\"https:\/\/technofluid.it\/wp-content\/uploads\/2025\/12\/technofluid_bianco-logo.webp\",\"width\":350,\"height\":116,\"caption\":\"Technofluid\"},\"image\":{\"@id\":\"https:\/\/technofluid.it\/#\/schema\/logo\/image\/\"},\"description\":\"La Technofluid S.r.l. nasce nel 1999 a Barcellona Pozzo di Gotto, in provincia di Messina, con l\u2019obiettivo di diventare un punto di riferimento nel settore dell\u2019impiantistica navale, idraulica, civile e industriale.\",\"email\":\"info@technofluid.it\",\"telephone\":\"0907386877\",\"legalName\":\"Technofluid S.R.L\",\"vatID\":\"IT03148240835\",\"taxID\":\"03148240835\",\"ownershipFundingInfo\":\"https:\/\/technofluid.it\/azienda\/\"}]}<\/script>\n<meta property=\"product:price:amount\" content=\"72.13\" \/>\n<meta property=\"product:price:currency\" content=\"EUR\" \/>\n<meta property=\"og:availability\" content=\"instock\" \/>\n<meta property=\"product:availability\" content=\"instock\" \/>\n<meta property=\"product:retailer_item_id\" content=\"OSCU00001148\" \/>\n<meta property=\"product:condition\" content=\"new\" \/>\n<!-- \/ Yoast SEO Premium plugin. -->","yoast_head_json":{"title":"Box de ducha de pared con mezclador PVC 2,5 m Osculati","description":"Ducha de pared Osculati 15.239.01 con mezclador y tubo de PVC de 2,5 m. Dimensiones 25x30x15 cm, peso 1,26 kg.","robots":{"index":"index","follow":"follow","max-snippet":"max-snippet:-1","max-image-preview":"max-image-preview:large","max-video-preview":"max-video-preview:-1"},"canonical":"https:\/\/technofluid.it\/es\/producto\/box-de-ducha-con-mezclador-tubo-pvc-25m-a-pared-codigo-15-239-01-osculati\/","og_locale":"es_ES","og_type":"article","og_title":"Box doccia con miscelatore tubo PVC 2,5&nbsp;m a parete &ndash; codice: 15.239.01 &ndash; Osculati","og_description":"Box doccia a parete Osculati 15.239.01 con miscelatore e tubo in PVC da 2,5 m. Ingombri 25x30x15 cm, peso 1,26 kg.","og_url":"https:\/\/technofluid.it\/es\/producto\/box-de-ducha-con-mezclador-tubo-pvc-25m-a-pared-codigo-15-239-01-osculati\/","og_site_name":"Technofluid","article_modified_time":"2026-04-07T15:41:55+00:00","og_image":[{"width":300,"height":300,"url":"https:\/\/technofluid.it\/wp-content\/uploads\/2026\/01\/2569-BOX-DOCCIA-CON-MISCELATORE-TUBO-PVC-25-m-A-PARETE-CODICE-15.239.01-OSCULATI.jpg","type":"image\/jpeg"}],"twitter_card":"summary_large_image","twitter_misc":{"Precio":"72,13&nbsp;&euro; Iva esclusa","Disponibilidad":"Disponible"},"schema":{"@context":"https:\/\/schema.org","@graph":[{"@type":"WebPage","@id":"https:\/\/technofluid.it\/prodotto\/box-doccia-con-miscelatore-tubo-pvc-25m-a-parete-codice-15-239-01-osculati\/","url":"https:\/\/technofluid.it\/prodotto\/box-doccia-con-miscelatore-tubo-pvc-25m-a-parete-codice-15-239-01-osculati\/","name":"Box de ducha de pared con mezclador PVC 2,5 m Osculati","isPartOf":{"@id":"https:\/\/technofluid.it\/#website"},"primaryImageOfPage":{"@id":"https:\/\/technofluid.it\/prodotto\/box-doccia-con-miscelatore-tubo-pvc-25m-a-parete-codice-15-239-01-osculati\/#primaryimage"},"image":{"@id":"https:\/\/technofluid.it\/prodotto\/box-doccia-con-miscelatore-tubo-pvc-25m-a-parete-codice-15-239-01-osculati\/#primaryimage"},"thumbnailUrl":"https:\/\/technofluid.it\/wp-content\/uploads\/2026\/01\/2569-BOX-DOCCIA-CON-MISCELATORE-TUBO-PVC-25-m-A-PARETE-CODICE-15.239.01-OSCULATI.jpg","datePublished":"2025-10-24T23:59:58+00:00","dateModified":"2026-04-07T15:41:55+00:00","description":"Ducha de pared Osculati 15.239.01 con mezclador y tubo de PVC de 2,5 m. Dimensiones 25x30x15 cm, peso 1,26 kg.","breadcrumb":{"@id":"https:\/\/technofluid.it\/prodotto\/box-doccia-con-miscelatore-tubo-pvc-25m-a-parete-codice-15-239-01-osculati\/#breadcrumb"},"inLanguage":"es","potentialAction":[{"@type":"ReadAction","target":["https:\/\/technofluid.it\/prodotto\/box-doccia-con-miscelatore-tubo-pvc-25m-a-parete-codice-15-239-01-osculati\/"]}]},{"@type":"ImageObject","inLanguage":"es","@id":"https:\/\/technofluid.it\/prodotto\/box-doccia-con-miscelatore-tubo-pvc-25m-a-parete-codice-15-239-01-osculati\/#primaryimage","url":"https:\/\/technofluid.it\/wp-content\/uploads\/2026\/01\/2569-BOX-DOCCIA-CON-MISCELATORE-TUBO-PVC-25-m-A-PARETE-CODICE-15.239.01-OSCULATI.jpg","contentUrl":"https:\/\/technofluid.it\/wp-content\/uploads\/2026\/01\/2569-BOX-DOCCIA-CON-MISCELATORE-TUBO-PVC-25-m-A-PARETE-CODICE-15.239.01-OSCULATI.jpg","width":300,"height":300,"caption":"Componenti per box doccia con miscelatore in tubo PVC da 2,5 metri, codice 15.239.01, Osculati."},{"@type":"BreadcrumbList","@id":"https:\/\/technofluid.it\/prodotto\/box-doccia-con-miscelatore-tubo-pvc-25m-a-parete-codice-15-239-01-osculati\/#breadcrumb","itemListElement":[{"@type":"ListItem","position":1,"name":"Home","item":"https:\/\/technofluid.it\/"},{"@type":"ListItem","position":2,"name":"Shop","item":"https:\/\/technofluid.it\/shop\/"},{"@type":"ListItem","position":3,"name":"Box doccia con miscelatore tubo PVC 2,5&nbsp;m a parete &ndash; codice: 15.239.01 &ndash; Osculati"}]},{"@type":"WebSite","@id":"https:\/\/technofluid.it\/#website","url":"https:\/\/technofluid.it\/","name":"Technofluid S.R.L.","description":"Desde 1999 estamos especializados en instalaciones navales, hidr\u00e1ulicas, civiles e industriales","publisher":{"@id":"https:\/\/technofluid.it\/#organization"},"potentialAction":[{"@type":"SearchAction","target":{"@type":"EntryPoint","urlTemplate":"https:\/\/technofluid.it\/?s={search_term_string}"},"query-input":{"@type":"PropertyValueSpecification","valueRequired":true,"valueName":"search_term_string"}}],"inLanguage":"es"},{"@type":"Organization","@id":"https:\/\/technofluid.it\/#organization","name":"Technofluid","url":"https:\/\/technofluid.it\/","logo":{"@type":"ImageObject","inLanguage":"es","@id":"https:\/\/technofluid.it\/#\/schema\/logo\/image\/","url":"https:\/\/technofluid.it\/wp-content\/uploads\/2025\/12\/technofluid_bianco-logo.webp","contentUrl":"https:\/\/technofluid.it\/wp-content\/uploads\/2025\/12\/technofluid_bianco-logo.webp","width":350,"height":116,"caption":"Technofluid"},"image":{"@id":"https:\/\/technofluid.it\/#\/schema\/logo\/image\/"},"description":"Technofluid S.r.l. nace en 1999 en Barcellona Pozzo di Gotto, en la provincia de Messina, con el objetivo de convertirse en un punto de referencia en el sector de la ingenier\u00eda naval, hidr\u00e1ulica, civil e industrial.","email":"info@technofluid.it","telephone":"0907386877","legalName":"Technofluid S.R.L","vatID":"IT03148240835","taxID":"03148240835","ownershipFundingInfo":"https:\/\/technofluid.it\/azienda\/"}]},"product_price_amount":"72.13","product_price_currency":"EUR","og_availability":"instock","product_availability":"instock","product_retailer_item_id":"OSCU00001148","product_condition":"new"},"_links":{"self":[{"href":"https:\/\/technofluid.it\/es\/wp-json\/wp\/v2\/product\/29312","targetHints":{"allow":["GET"]}}],"collection":[{"href":"https:\/\/technofluid.it\/es\/wp-json\/wp\/v2\/product"}],"about":[{"href":"https:\/\/technofluid.it\/es\/wp-json\/wp\/v2\/types\/product"}],"replies":[{"embeddable":true,"href":"https:\/\/technofluid.it\/es\/wp-json\/wp\/v2\/comments?post=29312"}],"version-history":[{"count":4,"href":"https:\/\/technofluid.it\/es\/wp-json\/wp\/v2\/product\/29312\/revisions"}],"predecessor-version":[{"id":57560,"href":"https:\/\/technofluid.it\/es\/wp-json\/wp\/v2\/product\/29312\/revisions\/57560"}],"wp:featuredmedia":[{"embeddable":true,"href":"https:\/\/technofluid.it\/es\/wp-json\/wp\/v2\/media\/37090"}],"wp:attachment":[{"href":"https:\/\/technofluid.it\/es\/wp-json\/wp\/v2\/media?parent=29312"}],"wp:term":[{"taxonomy":"product_brand","embeddable":true,"href":"https:\/\/technofluid.it\/es\/wp-json\/wp\/v2\/product_brand?post=29312"},{"taxonomy":"product_cat","embeddable":true,"href":"https:\/\/technofluid.it\/es\/wp-json\/wp\/v2\/product_cat?post=29312"},{"taxonomy":"product_tag","embeddable":true,"href":"https:\/\/technofluid.it\/es\/wp-json\/wp\/v2\/product_tag?post=29312"}],"curies":[{"name":"wp","href":"https:\/\/api.w.org\/{rel}","templated":true}]}}