{"id":29037,"date":"2025-10-24T23:59:12","date_gmt":"2025-10-24T23:59:12","guid":{"rendered":"https:\/\/technofluid.it\/prodotto\/a-clave-ecojet-2-b-c-e-v-24-cc-037-kw-codice-01ecoce21bnt-gianneschi-pumps-and-blowers\/"},"modified":"2026-04-15T12:02:33","modified_gmt":"2026-04-15T11:02:33","slug":"aclave-ecojet-2-b-c-e-v-24-cc-037-kw-codice-01ecoce21bnt-gianneschi-pumps-and-blowers","status":"publish","type":"product","link":"https:\/\/technofluid.it\/es\/producto\/autoclave-ecojet-2-b-c-e-v-24-cc-037-kw-codigo-01ecoce21bnt-gianneschi-pumps-and-blowers\/","title":{"rendered":"A\/Clave Ecojet 2 B C.E. V.24 CC 0,37 kW \u2013 c\u00f3digo: 01ECOCE21BNT \u2013 Gianneschi Pumps and Blowers"},"content":{"rendered":"<p>A\/Clave Ecojet 2 B C.E. V.24 CC 0,37 kW \u2013 c\u00f3digo: 01ECOCE21BNT \u2013 Gianneschi Pumps and Blowers<\/p>","protected":false},"excerpt":{"rendered":"<p>Autoclave Gianneschi Pumps and Blowers <strong>A\/Clave Ecojet 2 B C.E.<\/strong> en versi\u00f3n <strong>V.24 CC<\/strong> con potencia <strong>0,37 kW<\/strong>, identificada por el <strong>c\u00f3digo 01ECOCE21BNT<\/strong>. Soluci\u00f3n indicada para instalaciones t\u00e9cnicas y aplicaciones a bordo donde se requiere alimentaci\u00f3n en corriente continua y una gesti\u00f3n ordenada del componente en fase de instalaci\u00f3n o sustituci\u00f3n. Ideal para mantenimientos y refitting gracias a la referencia \u00fanica al c\u00f3digo y a la colocaci\u00f3n en la l\u00ednea Ecojet. Para dimensionamiento y datos de rendimiento, consulte la documentaci\u00f3n del fabricante y la especificaci\u00f3n de la instalaci\u00f3n.<\/p>","protected":false},"featured_media":36409,"comment_status":"open","ping_status":"closed","template":"","meta":{"_acf_changed":false,"_monsterinsights_skip_tracking":false,"_monsterinsights_sitenote_active":false,"_monsterinsights_sitenote_note":"","_monsterinsights_sitenote_category":0,"site-sidebar-layout":"default","site-content-layout":"","ast-site-content-layout":"default","site-content-style":"default","site-sidebar-style":"default","ast-global-header-display":"","ast-banner-title-visibility":"","ast-main-header-display":"","ast-hfb-above-header-display":"","ast-hfb-below-header-display":"","ast-hfb-mobile-header-display":"","site-post-title":"","ast-breadcrumbs-content":"","ast-featured-img":"","footer-sml-layout":"","ast-disable-related-posts":"","theme-transparent-header-meta":"default","adv-header-id-meta":"","stick-header-meta":"","header-above-stick-meta":"","header-main-stick-meta":"","header-below-stick-meta":"","astra-migrate-meta-layouts":"set","ast-page-background-enabled":"default","ast-page-background-meta":{"desktop":{"background-color":"var(--ast-global-color-5)","background-image":"","background-repeat":"repeat","background-position":"center center","background-size":"auto","background-attachment":"scroll","background-type":"","background-media":"","overlay-type":"","overlay-color":"","overlay-opacity":"","overlay-gradient":""},"tablet":{"background-color":"","background-image":"","background-repeat":"repeat","background-position":"center center","background-size":"auto","background-attachment":"scroll","background-type":"","background-media":"","overlay-type":"","overlay-color":"","overlay-opacity":"","overlay-gradient":""},"mobile":{"background-color":"","background-image":"","background-repeat":"repeat","background-position":"center center","background-size":"auto","background-attachment":"scroll","background-type":"","background-media":"","overlay-type":"","overlay-color":"","overlay-opacity":"","overlay-gradient":""}},"ast-content-background-meta":{"desktop":{"background-color":"var(--ast-global-color-4)","background-image":"","background-repeat":"repeat","background-position":"center center","background-size":"auto","background-attachment":"scroll","background-type":"","background-media":"","overlay-type":"","overlay-color":"","overlay-opacity":"","overlay-gradient":""},"tablet":{"background-color":"var(--ast-global-color-4)","background-image":"","background-repeat":"repeat","background-position":"center center","background-size":"auto","background-attachment":"scroll","background-type":"","background-media":"","overlay-type":"","overlay-color":"","overlay-opacity":"","overlay-gradient":""},"mobile":{"background-color":"var(--ast-global-color-4)","background-image":"","background-repeat":"repeat","background-position":"center center","background-size":"auto","background-attachment":"scroll","background-type":"","background-media":"","overlay-type":"","overlay-color":"","overlay-opacity":"","overlay-gradient":""}}},"product_brand":[],"product_cat":[86,84,85],"product_tag":[3061,3062],"class_list":{"0":"post-29037","1":"product","2":"type-product","3":"status-publish","4":"has-post-thumbnail","6":"product_cat-autoclavi","7":"product_cat-idraulica-e-ferramenta","8":"product_cat-pompe","9":"product_tag-autoclave","10":"product_tag-ecojet","11":"pa_supplier-gianneschi-pumps-and-blowers-s-r-l","12":"desktop-align-left","13":"tablet-align-left","14":"mobile-align-left","16":"first","17":"instock","18":"sale","19":"taxable","20":"shipping-taxable","21":"purchasable","22":"product-type-simple"},"acf":[],"yoast_head":"<!-- This site is optimized with the Yoast SEO Premium plugin v26.7 (Yoast SEO v26.9) - https:\/\/yoast.com\/product\/yoast-seo-premium-wordpress\/ -->\n<title>Autoclave Ecojet 2 24V CC 0,37 kW 01ECOCE21BNT<\/title>\n<meta name=\"description\" content=\"A\/Clave Ecojet 2 B C.E. Gianneschi: autoclave V.24 CC 0,37 kW. Codice 01ECOCE21BNT. Per impiantistica e manutenzione di bordo.\" \/>\n<meta name=\"robots\" content=\"index, follow, max-snippet:-1, max-image-preview:large, max-video-preview:-1\" \/>\n<link rel=\"canonical\" href=\"https:\/\/technofluid.it\/es\/producto\/autoclave-ecojet-2-b-c-e-v-24-cc-037-kw-codigo-01ecoce21bnt-gianneschi-pumps-and-blowers\/\" \/>\n<meta property=\"og:locale\" content=\"es_ES\" \/>\n<meta property=\"og:type\" content=\"article\" \/>\n<meta property=\"og:title\" content=\"A\/Clave Ecojet 2 B C.E. V.24 CC 0,37 kW - codice: 01ECOCE21BNT - Gianneschi Pumps and Blowers\" \/>\n<meta property=\"og:description\" content=\"A\/Clave Ecojet 2 B C.E. Gianneschi: autoclave V.24 CC 0,37 kW. Codice 01ECOCE21BNT. Per impiantistica e manutenzione di bordo.\" \/>\n<meta property=\"og:url\" content=\"https:\/\/technofluid.it\/es\/producto\/autoclave-ecojet-2-b-c-e-v-24-cc-037-kw-codigo-01ecoce21bnt-gianneschi-pumps-and-blowers\/\" \/>\n<meta property=\"og:site_name\" content=\"Technofluid\" \/>\n<meta property=\"article:modified_time\" content=\"2026-04-15T11:02:33+00:00\" \/>\n<meta property=\"og:image\" content=\"https:\/\/technofluid.it\/wp-content\/uploads\/2026\/01\/1318-AClave-Ecojet-2-B-C.E.-V.24-CC-037-kW-codice-01ECOCE21BNT-Gianneschi-Pumps-and-Blowers.jpg\" \/>\n\t<meta property=\"og:image:width\" content=\"800\" \/>\n\t<meta property=\"og:image:height\" content=\"800\" \/>\n\t<meta property=\"og:image:type\" content=\"image\/png\" \/>\n<meta name=\"twitter:card\" content=\"summary_large_image\" \/>\n<meta name=\"twitter:label1\" content=\"Precio\" \/>\n\t<meta name=\"twitter:data1\" content=\"1.186,89&nbsp;&euro; Iva esclusa\" \/>\n\t<meta name=\"twitter:label2\" content=\"Disponibilidad\" \/>\n\t<meta name=\"twitter:data2\" content=\"Disponible\" \/>\n<script type=\"application\/ld+json\" class=\"yoast-schema-graph\">{\"@context\":\"https:\/\/schema.org\",\"@graph\":[{\"@type\":\"WebPage\",\"@id\":\"https:\/\/technofluid.it\/prodotto\/aclave-ecojet-2-b-c-e-v-24-cc-037-kw-codice-01ecoce21bnt-gianneschi-pumps-and-blowers\/\",\"url\":\"https:\/\/technofluid.it\/prodotto\/aclave-ecojet-2-b-c-e-v-24-cc-037-kw-codice-01ecoce21bnt-gianneschi-pumps-and-blowers\/\",\"name\":\"Autoclave Ecojet 2 24V CC 0,37 kW 01ECOCE21BNT\",\"isPartOf\":{\"@id\":\"https:\/\/technofluid.it\/#website\"},\"primaryImageOfPage\":{\"@id\":\"https:\/\/technofluid.it\/prodotto\/aclave-ecojet-2-b-c-e-v-24-cc-037-kw-codice-01ecoce21bnt-gianneschi-pumps-and-blowers\/#primaryimage\"},\"image\":{\"@id\":\"https:\/\/technofluid.it\/prodotto\/aclave-ecojet-2-b-c-e-v-24-cc-037-kw-codice-01ecoce21bnt-gianneschi-pumps-and-blowers\/#primaryimage\"},\"thumbnailUrl\":\"https:\/\/technofluid.it\/wp-content\/uploads\/2026\/01\/1318-AClave-Ecojet-2-B-C.E.-V.24-CC-037-kW-codice-01ECOCE21BNT-Gianneschi-Pumps-and-Blowers.jpg\",\"datePublished\":\"2025-10-24T23:59:12+00:00\",\"dateModified\":\"2026-04-15T11:02:33+00:00\",\"description\":\"A\/Clave Ecojet 2 B C.E. Gianneschi: autoclave V.24 CC 0,37 kW. Codice 01ECOCE21BNT. Per impiantistica e manutenzione di bordo.\",\"breadcrumb\":{\"@id\":\"https:\/\/technofluid.it\/prodotto\/aclave-ecojet-2-b-c-e-v-24-cc-037-kw-codice-01ecoce21bnt-gianneschi-pumps-and-blowers\/#breadcrumb\"},\"inLanguage\":\"es\",\"potentialAction\":[{\"@type\":\"ReadAction\",\"target\":[\"https:\/\/technofluid.it\/prodotto\/aclave-ecojet-2-b-c-e-v-24-cc-037-kw-codice-01ecoce21bnt-gianneschi-pumps-and-blowers\/\"]}]},{\"@type\":\"ImageObject\",\"inLanguage\":\"es\",\"@id\":\"https:\/\/technofluid.it\/prodotto\/aclave-ecojet-2-b-c-e-v-24-cc-037-kw-codice-01ecoce21bnt-gianneschi-pumps-and-blowers\/#primaryimage\",\"url\":\"https:\/\/technofluid.it\/wp-content\/uploads\/2026\/01\/1318-AClave-Ecojet-2-B-C.E.-V.24-CC-037-kW-codice-01ECOCE21BNT-Gianneschi-Pumps-and-Blowers.jpg\",\"contentUrl\":\"https:\/\/technofluid.it\/wp-content\/uploads\/2026\/01\/1318-AClave-Ecojet-2-B-C.E.-V.24-CC-037-kW-codice-01ECOCE21BNT-Gianneschi-Pumps-and-Blowers.jpg\",\"width\":800,\"height\":800,\"caption\":\"Immagine di una pompa Ecojet 2 B C.E. V.24 CC 0,37 kW, utilizzata in contesti industriali per fluidi.\"},{\"@type\":\"BreadcrumbList\",\"@id\":\"https:\/\/technofluid.it\/prodotto\/aclave-ecojet-2-b-c-e-v-24-cc-037-kw-codice-01ecoce21bnt-gianneschi-pumps-and-blowers\/#breadcrumb\",\"itemListElement\":[{\"@type\":\"ListItem\",\"position\":1,\"name\":\"Home\",\"item\":\"https:\/\/technofluid.it\/\"},{\"@type\":\"ListItem\",\"position\":2,\"name\":\"Shop\",\"item\":\"https:\/\/technofluid.it\/shop\/\"},{\"@type\":\"ListItem\",\"position\":3,\"name\":\"A\/Clave Ecojet 2 B C.E. V.24 CC 0,37 kW &#8211; codice: 01ECOCE21BNT &#8211; Gianneschi Pumps and Blowers\"}]},{\"@type\":\"WebSite\",\"@id\":\"https:\/\/technofluid.it\/#website\",\"url\":\"https:\/\/technofluid.it\/\",\"name\":\"Technofluid S.R.L.\",\"description\":\"Dal 1999 siamo specializzati nell&#039;impiantistica navale, idraulica, civile e industriale\",\"publisher\":{\"@id\":\"https:\/\/technofluid.it\/#organization\"},\"potentialAction\":[{\"@type\":\"SearchAction\",\"target\":{\"@type\":\"EntryPoint\",\"urlTemplate\":\"https:\/\/technofluid.it\/?s={search_term_string}\"},\"query-input\":{\"@type\":\"PropertyValueSpecification\",\"valueRequired\":true,\"valueName\":\"search_term_string\"}}],\"inLanguage\":\"es\"},{\"@type\":\"Organization\",\"@id\":\"https:\/\/technofluid.it\/#organization\",\"name\":\"Technofluid\",\"url\":\"https:\/\/technofluid.it\/\",\"logo\":{\"@type\":\"ImageObject\",\"inLanguage\":\"es\",\"@id\":\"https:\/\/technofluid.it\/#\/schema\/logo\/image\/\",\"url\":\"https:\/\/technofluid.it\/wp-content\/uploads\/2025\/12\/technofluid_bianco-logo.webp\",\"contentUrl\":\"https:\/\/technofluid.it\/wp-content\/uploads\/2025\/12\/technofluid_bianco-logo.webp\",\"width\":350,\"height\":116,\"caption\":\"Technofluid\"},\"image\":{\"@id\":\"https:\/\/technofluid.it\/#\/schema\/logo\/image\/\"},\"description\":\"La Technofluid S.r.l. nasce nel 1999 a Barcellona Pozzo di Gotto, in provincia di Messina, con l\u2019obiettivo di diventare un punto di riferimento nel settore dell\u2019impiantistica navale, idraulica, civile e industriale.\",\"email\":\"info@technofluid.it\",\"telephone\":\"0907386877\",\"legalName\":\"Technofluid S.R.L\",\"vatID\":\"IT03148240835\",\"taxID\":\"03148240835\",\"ownershipFundingInfo\":\"https:\/\/technofluid.it\/azienda\/\"}]}<\/script>\n<meta property=\"product:price:amount\" content=\"1186.89\" \/>\n<meta property=\"product:price:currency\" content=\"EUR\" \/>\n<meta property=\"og:availability\" content=\"instock\" \/>\n<meta property=\"product:availability\" content=\"instock\" \/>\n<meta property=\"product:retailer_item_id\" content=\"GIA000000547\" \/>\n<meta property=\"product:condition\" content=\"new\" \/>\n<!-- \/ Yoast SEO Premium plugin. -->","yoast_head_json":{"title":"Autoclave Ecojet 2 24V CC 0,37 kW 01ECOCE21BNT","description":"A\/Clave Ecojet 2 B C.E. Gianneschi: autoclave V.24 CC 0,37 kW. C\u00f3digo 01ECOCE21BNT. Para instalaciones y mantenimiento a bordo.","robots":{"index":"index","follow":"follow","max-snippet":"max-snippet:-1","max-image-preview":"max-image-preview:large","max-video-preview":"max-video-preview:-1"},"canonical":"https:\/\/technofluid.it\/es\/producto\/autoclave-ecojet-2-b-c-e-v-24-cc-037-kw-codigo-01ecoce21bnt-gianneschi-pumps-and-blowers\/","og_locale":"es_ES","og_type":"article","og_title":"A\/Clave Ecojet 2 B C.E. V.24 CC 0,37 kW - codice: 01ECOCE21BNT - Gianneschi Pumps and Blowers","og_description":"A\/Clave Ecojet 2 B C.E. Gianneschi: autoclave V.24 CC 0,37 kW. Codice 01ECOCE21BNT. Per impiantistica e manutenzione di bordo.","og_url":"https:\/\/technofluid.it\/es\/producto\/autoclave-ecojet-2-b-c-e-v-24-cc-037-kw-codigo-01ecoce21bnt-gianneschi-pumps-and-blowers\/","og_site_name":"Technofluid","article_modified_time":"2026-04-15T11:02:33+00:00","og_image":[{"width":800,"height":800,"url":"https:\/\/technofluid.it\/wp-content\/uploads\/2026\/01\/1318-AClave-Ecojet-2-B-C.E.-V.24-CC-037-kW-codice-01ECOCE21BNT-Gianneschi-Pumps-and-Blowers.jpg","type":"image\/png"}],"twitter_card":"summary_large_image","twitter_misc":{"Precio":"1.186,89&nbsp;&euro; Iva esclusa","Disponibilidad":"Disponible"},"schema":{"@context":"https:\/\/schema.org","@graph":[{"@type":"WebPage","@id":"https:\/\/technofluid.it\/prodotto\/aclave-ecojet-2-b-c-e-v-24-cc-037-kw-codice-01ecoce21bnt-gianneschi-pumps-and-blowers\/","url":"https:\/\/technofluid.it\/prodotto\/aclave-ecojet-2-b-c-e-v-24-cc-037-kw-codice-01ecoce21bnt-gianneschi-pumps-and-blowers\/","name":"Autoclave Ecojet 2 24V CC 0,37 kW 01ECOCE21BNT","isPartOf":{"@id":"https:\/\/technofluid.it\/#website"},"primaryImageOfPage":{"@id":"https:\/\/technofluid.it\/prodotto\/aclave-ecojet-2-b-c-e-v-24-cc-037-kw-codice-01ecoce21bnt-gianneschi-pumps-and-blowers\/#primaryimage"},"image":{"@id":"https:\/\/technofluid.it\/prodotto\/aclave-ecojet-2-b-c-e-v-24-cc-037-kw-codice-01ecoce21bnt-gianneschi-pumps-and-blowers\/#primaryimage"},"thumbnailUrl":"https:\/\/technofluid.it\/wp-content\/uploads\/2026\/01\/1318-AClave-Ecojet-2-B-C.E.-V.24-CC-037-kW-codice-01ECOCE21BNT-Gianneschi-Pumps-and-Blowers.jpg","datePublished":"2025-10-24T23:59:12+00:00","dateModified":"2026-04-15T11:02:33+00:00","description":"A\/Clave Ecojet 2 B C.E. Gianneschi: autoclave V.24 CC 0,37 kW. C\u00f3digo 01ECOCE21BNT. Para instalaciones y mantenimiento a bordo.","breadcrumb":{"@id":"https:\/\/technofluid.it\/prodotto\/aclave-ecojet-2-b-c-e-v-24-cc-037-kw-codice-01ecoce21bnt-gianneschi-pumps-and-blowers\/#breadcrumb"},"inLanguage":"es","potentialAction":[{"@type":"ReadAction","target":["https:\/\/technofluid.it\/prodotto\/aclave-ecojet-2-b-c-e-v-24-cc-037-kw-codice-01ecoce21bnt-gianneschi-pumps-and-blowers\/"]}]},{"@type":"ImageObject","inLanguage":"es","@id":"https:\/\/technofluid.it\/prodotto\/aclave-ecojet-2-b-c-e-v-24-cc-037-kw-codice-01ecoce21bnt-gianneschi-pumps-and-blowers\/#primaryimage","url":"https:\/\/technofluid.it\/wp-content\/uploads\/2026\/01\/1318-AClave-Ecojet-2-B-C.E.-V.24-CC-037-kW-codice-01ECOCE21BNT-Gianneschi-Pumps-and-Blowers.jpg","contentUrl":"https:\/\/technofluid.it\/wp-content\/uploads\/2026\/01\/1318-AClave-Ecojet-2-B-C.E.-V.24-CC-037-kW-codice-01ECOCE21BNT-Gianneschi-Pumps-and-Blowers.jpg","width":800,"height":800,"caption":"Immagine di una pompa Ecojet 2 B C.E. V.24 CC 0,37 kW, utilizzata in contesti industriali per fluidi."},{"@type":"BreadcrumbList","@id":"https:\/\/technofluid.it\/prodotto\/aclave-ecojet-2-b-c-e-v-24-cc-037-kw-codice-01ecoce21bnt-gianneschi-pumps-and-blowers\/#breadcrumb","itemListElement":[{"@type":"ListItem","position":1,"name":"Home","item":"https:\/\/technofluid.it\/"},{"@type":"ListItem","position":2,"name":"Shop","item":"https:\/\/technofluid.it\/shop\/"},{"@type":"ListItem","position":3,"name":"A\/Clave Ecojet 2 B C.E. V.24 CC 0,37 kW &#8211; codice: 01ECOCE21BNT &#8211; Gianneschi Pumps and Blowers"}]},{"@type":"WebSite","@id":"https:\/\/technofluid.it\/#website","url":"https:\/\/technofluid.it\/","name":"Technofluid S.R.L.","description":"Desde 1999 estamos especializados en instalaciones navales, hidr\u00e1ulicas, civiles e industriales","publisher":{"@id":"https:\/\/technofluid.it\/#organization"},"potentialAction":[{"@type":"SearchAction","target":{"@type":"EntryPoint","urlTemplate":"https:\/\/technofluid.it\/?s={search_term_string}"},"query-input":{"@type":"PropertyValueSpecification","valueRequired":true,"valueName":"search_term_string"}}],"inLanguage":"es"},{"@type":"Organization","@id":"https:\/\/technofluid.it\/#organization","name":"Technofluid","url":"https:\/\/technofluid.it\/","logo":{"@type":"ImageObject","inLanguage":"es","@id":"https:\/\/technofluid.it\/#\/schema\/logo\/image\/","url":"https:\/\/technofluid.it\/wp-content\/uploads\/2025\/12\/technofluid_bianco-logo.webp","contentUrl":"https:\/\/technofluid.it\/wp-content\/uploads\/2025\/12\/technofluid_bianco-logo.webp","width":350,"height":116,"caption":"Technofluid"},"image":{"@id":"https:\/\/technofluid.it\/#\/schema\/logo\/image\/"},"description":"Technofluid S.r.l. nace en 1999 en Barcellona Pozzo di Gotto, en la provincia de Messina, con el objetivo de convertirse en un punto de referencia en el sector de la ingenier\u00eda naval, hidr\u00e1ulica, civil e industrial.","email":"info@technofluid.it","telephone":"0907386877","legalName":"Technofluid S.R.L","vatID":"IT03148240835","taxID":"03148240835","ownershipFundingInfo":"https:\/\/technofluid.it\/azienda\/"}]},"product_price_amount":"1186.89","product_price_currency":"EUR","og_availability":"instock","product_availability":"instock","product_retailer_item_id":"GIA000000547","product_condition":"new"},"_links":{"self":[{"href":"https:\/\/technofluid.it\/es\/wp-json\/wp\/v2\/product\/29037","targetHints":{"allow":["GET"]}}],"collection":[{"href":"https:\/\/technofluid.it\/es\/wp-json\/wp\/v2\/product"}],"about":[{"href":"https:\/\/technofluid.it\/es\/wp-json\/wp\/v2\/types\/product"}],"replies":[{"embeddable":true,"href":"https:\/\/technofluid.it\/es\/wp-json\/wp\/v2\/comments?post=29037"}],"version-history":[{"count":4,"href":"https:\/\/technofluid.it\/es\/wp-json\/wp\/v2\/product\/29037\/revisions"}],"predecessor-version":[{"id":51532,"href":"https:\/\/technofluid.it\/es\/wp-json\/wp\/v2\/product\/29037\/revisions\/51532"}],"wp:featuredmedia":[{"embeddable":true,"href":"https:\/\/technofluid.it\/es\/wp-json\/wp\/v2\/media\/36409"}],"wp:attachment":[{"href":"https:\/\/technofluid.it\/es\/wp-json\/wp\/v2\/media?parent=29037"}],"wp:term":[{"taxonomy":"product_brand","embeddable":true,"href":"https:\/\/technofluid.it\/es\/wp-json\/wp\/v2\/product_brand?post=29037"},{"taxonomy":"product_cat","embeddable":true,"href":"https:\/\/technofluid.it\/es\/wp-json\/wp\/v2\/product_cat?post=29037"},{"taxonomy":"product_tag","embeddable":true,"href":"https:\/\/technofluid.it\/es\/wp-json\/wp\/v2\/product_tag?post=29037"}],"curies":[{"name":"wp","href":"https:\/\/api.w.org\/{rel}","templated":true}]}}