{"id":29033,"date":"2025-10-25T00:59:11","date_gmt":"2025-10-24T23:59:11","guid":{"rendered":"https:\/\/technofluid.it\/prodotto\/2-26-electro-aerosol-250-ml-codice-c0104-cfg\/"},"modified":"2026-04-15T10:26:31","modified_gmt":"2026-04-15T09:26:31","slug":"2-26-electroaerosol-250-ml-codice-c0104-cfg","status":"publish","type":"product","link":"https:\/\/technofluid.it\/es\/producto\/2-26-electroaerosol-250-ml-codigo-c0104-cfg\/","title":{"rendered":"2-26 electro\/aerosol 250 ml \u2013 c\u00f3digo: C0104 \u2013 Cfg"},"content":{"rendered":"<p>2-26 electro\/aerosol 250 ml \u2013 c\u00f3digo: C0104 \u2013 Cfg<\/p>","protected":false},"excerpt":{"rendered":"<div class=\"flex flex-col text-sm\">\n<article class=\"text-token-text-primary w-full focus:outline-none [--shadow-height:45px] has-data-writing-block:pointer-events-none has-data-writing-block:-mt-(--shadow-height) has-data-writing-block:pt-(--shadow-height) [&amp;:has([data-writing-block])&gt;*]:pointer-events-auto scroll-mt-[calc(var(--header-height)+min(200px,max(70px,20svh)))]\" dir=\"auto\" data-turn-id=\"request-WEB:0aba7475-0193-4b46-b003-4ce4d3c1544b-8\" data-testid=\"conversation-turn-18\" data-scroll-anchor=\"true\" data-turn=\"assistant\">\n<div class=\"text-base my-auto mx-auto pb-10 [--thread-content-margin:--spacing(4)] @w-sm\/main:[--thread-content-margin:--spacing(6)] @w-lg\/main:[--thread-content-margin:--spacing(16)] px-(--thread-content-margin)\">\n<div class=\"[--thread-content-max-width:40rem] @w-lg\/main:[--thread-content-max-width:48rem] mx-auto max-w-(--thread-content-max-width) flex-1 group\/turn-messages focus-visible:outline-hidden relative flex w-full min-w-0 flex-col agent-turn\">\n<div class=\"flex max-w-full flex-col grow\">\n<div class=\"min-h-8 text-message relative flex w-full flex-col items-end gap-2 text-start break-words whitespace-normal [.text-message+&amp;]:mt-1\" dir=\"auto\" data-message-author-role=\"assistant\" data-message-id=\"6defeec2-62e0-4dfe-b2fd-cb3799e52f8c\" data-message-model-slug=\"gpt-5-2\">\n<div class=\"flex w-full flex-col gap-1 empty:hidden first:pt-[1px]\">\n<div class=\"markdown prose dark:prose-invert w-full wrap-break-word light markdown-new-styling\">\n<p data-start=\"49\" data-end=\"490\" data-is-last-node=\"\" data-is-only-node=\"\">Spray multifunzione per il settore elettrico, ideale per manutenzione e assistenza su impianti e componenti. Espelle l\u2019umidit\u00e0, elimina cortocircuiti e dispersioni causati da elettroliti, deterge e scioglie residui oleosi senza alterare la conducibilit\u00e0 dei contatti. Non contiene siliconi, non isola e non richiede rimozione dopo l\u2019applicazione. Formato aerosol da 250 ml, pratico anche per interventi in ambito nautico e in ambienti umidi. <span style=\"font-size: 16px\">Identificato dal codice fornitore C0104, \u00e8 una soluzione utile da integrare nella dotazione di manutenzione per interventi ordinari su impianti e componenti elettrici, seguendo sempre le indicazioni riportate in etichetta e le procedure operative previste.<\/span><\/p>\n<\/div>\n<\/div>\n<\/div>\n<\/div>\n<\/div>\n<\/div>\n<\/article>\n<\/div>\n","protected":false},"featured_media":36399,"comment_status":"open","ping_status":"closed","template":"","meta":{"_acf_changed":false,"_monsterinsights_skip_tracking":false,"_monsterinsights_sitenote_active":false,"_monsterinsights_sitenote_note":"","_monsterinsights_sitenote_category":0,"site-sidebar-layout":"default","site-content-layout":"","ast-site-content-layout":"default","site-content-style":"default","site-sidebar-style":"default","ast-global-header-display":"","ast-banner-title-visibility":"","ast-main-header-display":"","ast-hfb-above-header-display":"","ast-hfb-below-header-display":"","ast-hfb-mobile-header-display":"","site-post-title":"","ast-breadcrumbs-content":"","ast-featured-img":"","footer-sml-layout":"","ast-disable-related-posts":"","theme-transparent-header-meta":"default","adv-header-id-meta":"","stick-header-meta":"","header-above-stick-meta":"","header-main-stick-meta":"","header-below-stick-meta":"","astra-migrate-meta-layouts":"set","ast-page-background-enabled":"default","ast-page-background-meta":{"desktop":{"background-color":"var(--ast-global-color-5)","background-image":"","background-repeat":"repeat","background-position":"center center","background-size":"auto","background-attachment":"scroll","background-type":"","background-media":"","overlay-type":"","overlay-color":"","overlay-opacity":"","overlay-gradient":""},"tablet":{"background-color":"","background-image":"","background-repeat":"repeat","background-position":"center center","background-size":"auto","background-attachment":"scroll","background-type":"","background-media":"","overlay-type":"","overlay-color":"","overlay-opacity":"","overlay-gradient":""},"mobile":{"background-color":"","background-image":"","background-repeat":"repeat","background-position":"center center","background-size":"auto","background-attachment":"scroll","background-type":"","background-media":"","overlay-type":"","overlay-color":"","overlay-opacity":"","overlay-gradient":""}},"ast-content-background-meta":{"desktop":{"background-color":"var(--ast-global-color-4)","background-image":"","background-repeat":"repeat","background-position":"center center","background-size":"auto","background-attachment":"scroll","background-type":"","background-media":"","overlay-type":"","overlay-color":"","overlay-opacity":"","overlay-gradient":""},"tablet":{"background-color":"var(--ast-global-color-4)","background-image":"","background-repeat":"repeat","background-position":"center center","background-size":"auto","background-attachment":"scroll","background-type":"","background-media":"","overlay-type":"","overlay-color":"","overlay-opacity":"","overlay-gradient":""},"mobile":{"background-color":"var(--ast-global-color-4)","background-image":"","background-repeat":"repeat","background-position":"center center","background-size":"auto","background-attachment":"scroll","background-type":"","background-media":"","overlay-type":"","overlay-color":"","overlay-opacity":"","overlay-gradient":""}}},"product_brand":[],"product_cat":[78,79],"product_tag":[3054,3055],"class_list":{"0":"post-29033","1":"product","2":"type-product","3":"status-publish","4":"has-post-thumbnail","6":"product_cat-manutenzione-barca","7":"product_cat-olii-grassi-e-prodotti-chimici","8":"product_tag-aerosol","9":"product_tag-elettro","10":"pa_supplier-cfg-spa","11":"desktop-align-left","12":"tablet-align-left","13":"mobile-align-left","15":"first","16":"instock","17":"taxable","18":"shipping-taxable","19":"purchasable","20":"product-type-simple"},"acf":[],"yoast_head":"<!-- This site is optimized with the Yoast SEO Premium plugin v26.7 (Yoast SEO v26.9) - https:\/\/yoast.com\/product\/yoast-seo-premium-wordpress\/ -->\n<title>2-26 electro\/aerosol 250 ml CFG C0104 | Technofluid<\/title>\n<meta name=\"description\" content=\"2-26 electro\/aerosol CFG: multifunzione per il settore elettrico in aerosol da 250 ml. Codice C0104. Ideale per manutenzione e assistenza.\" \/>\n<meta name=\"robots\" content=\"index, follow, max-snippet:-1, max-image-preview:large, max-video-preview:-1\" \/>\n<link rel=\"canonical\" href=\"https:\/\/technofluid.it\/es\/producto\/2-26-electroaerosol-250-ml-codigo-c0104-cfg\/\" \/>\n<meta property=\"og:locale\" content=\"es_ES\" \/>\n<meta property=\"og:type\" content=\"article\" \/>\n<meta property=\"og:title\" content=\"2-26 electro\/aerosol 250 ml - codice: C0104 - Cfg\" \/>\n<meta property=\"og:description\" content=\"2-26 electro\/aerosol CFG: multifunzione per il settore elettrico in aerosol da 250 ml. Codice C0104. Ideale per manutenzione e assistenza.\" \/>\n<meta property=\"og:url\" content=\"https:\/\/technofluid.it\/es\/producto\/2-26-electroaerosol-250-ml-codigo-c0104-cfg\/\" \/>\n<meta property=\"og:site_name\" content=\"Technofluid\" \/>\n<meta property=\"article:modified_time\" content=\"2026-04-15T09:26:31+00:00\" \/>\n<meta property=\"og:image\" content=\"https:\/\/technofluid.it\/wp-content\/uploads\/2026\/01\/4691-2-26-electroaerosol-250-ml-codice-C0104-Cfg.jpg\" \/>\n\t<meta property=\"og:image:width\" content=\"721\" \/>\n\t<meta property=\"og:image:height\" content=\"1282\" \/>\n\t<meta property=\"og:image:type\" content=\"image\/png\" \/>\n<meta name=\"twitter:card\" content=\"summary_large_image\" \/>\n<meta name=\"twitter:label1\" content=\"Precio\" \/>\n\t<meta name=\"twitter:data1\" content=\"5,74&nbsp;&euro; Iva esclusa\" \/>\n\t<meta name=\"twitter:label2\" content=\"Disponibilidad\" \/>\n\t<meta name=\"twitter:data2\" content=\"Disponible\" \/>\n<script type=\"application\/ld+json\" class=\"yoast-schema-graph\">{\"@context\":\"https:\/\/schema.org\",\"@graph\":[{\"@type\":\"WebPage\",\"@id\":\"https:\/\/technofluid.it\/prodotto\/2-26-electroaerosol-250-ml-codice-c0104-cfg\/\",\"url\":\"https:\/\/technofluid.it\/prodotto\/2-26-electroaerosol-250-ml-codice-c0104-cfg\/\",\"name\":\"2-26 electro\/aerosol 250 ml CFG C0104 | Technofluid\",\"isPartOf\":{\"@id\":\"https:\/\/technofluid.it\/#website\"},\"primaryImageOfPage\":{\"@id\":\"https:\/\/technofluid.it\/prodotto\/2-26-electroaerosol-250-ml-codice-c0104-cfg\/#primaryimage\"},\"image\":{\"@id\":\"https:\/\/technofluid.it\/prodotto\/2-26-electroaerosol-250-ml-codice-c0104-cfg\/#primaryimage\"},\"thumbnailUrl\":\"https:\/\/technofluid.it\/wp-content\/uploads\/2026\/01\/4691-2-26-electroaerosol-250-ml-codice-C0104-Cfg.jpg\",\"datePublished\":\"2025-10-24T23:59:11+00:00\",\"dateModified\":\"2026-04-15T09:26:31+00:00\",\"description\":\"2-26 electro\/aerosol CFG: multifunzione per il settore elettrico in aerosol da 250 ml. Codice C0104. Ideale per manutenzione e assistenza.\",\"breadcrumb\":{\"@id\":\"https:\/\/technofluid.it\/prodotto\/2-26-electroaerosol-250-ml-codice-c0104-cfg\/#breadcrumb\"},\"inLanguage\":\"es\",\"potentialAction\":[{\"@type\":\"ReadAction\",\"target\":[\"https:\/\/technofluid.it\/prodotto\/2-26-electroaerosol-250-ml-codice-c0104-cfg\/\"]}]},{\"@type\":\"ImageObject\",\"inLanguage\":\"es\",\"@id\":\"https:\/\/technofluid.it\/prodotto\/2-26-electroaerosol-250-ml-codice-c0104-cfg\/#primaryimage\",\"url\":\"https:\/\/technofluid.it\/wp-content\/uploads\/2026\/01\/4691-2-26-electroaerosol-250-ml-codice-C0104-Cfg.jpg\",\"contentUrl\":\"https:\/\/technofluid.it\/wp-content\/uploads\/2026\/01\/4691-2-26-electroaerosol-250-ml-codice-C0104-Cfg.jpg\",\"width\":721,\"height\":1282,\"caption\":\"Guarnizione 2-26 CRC per elettroerosione, 250 ml, codice C0104, ideale per manutenzione e protezione.\"},{\"@type\":\"BreadcrumbList\",\"@id\":\"https:\/\/technofluid.it\/prodotto\/2-26-electroaerosol-250-ml-codice-c0104-cfg\/#breadcrumb\",\"itemListElement\":[{\"@type\":\"ListItem\",\"position\":1,\"name\":\"Home\",\"item\":\"https:\/\/technofluid.it\/\"},{\"@type\":\"ListItem\",\"position\":2,\"name\":\"Shop\",\"item\":\"https:\/\/technofluid.it\/shop\/\"},{\"@type\":\"ListItem\",\"position\":3,\"name\":\"2-26 electro\/aerosol 250 ml &#8211; codice: C0104 &#8211; Cfg\"}]},{\"@type\":\"WebSite\",\"@id\":\"https:\/\/technofluid.it\/#website\",\"url\":\"https:\/\/technofluid.it\/\",\"name\":\"Technofluid S.R.L.\",\"description\":\"Dal 1999 siamo specializzati nell&#039;impiantistica navale, idraulica, civile e industriale\",\"publisher\":{\"@id\":\"https:\/\/technofluid.it\/#organization\"},\"potentialAction\":[{\"@type\":\"SearchAction\",\"target\":{\"@type\":\"EntryPoint\",\"urlTemplate\":\"https:\/\/technofluid.it\/?s={search_term_string}\"},\"query-input\":{\"@type\":\"PropertyValueSpecification\",\"valueRequired\":true,\"valueName\":\"search_term_string\"}}],\"inLanguage\":\"es\"},{\"@type\":\"Organization\",\"@id\":\"https:\/\/technofluid.it\/#organization\",\"name\":\"Technofluid\",\"url\":\"https:\/\/technofluid.it\/\",\"logo\":{\"@type\":\"ImageObject\",\"inLanguage\":\"es\",\"@id\":\"https:\/\/technofluid.it\/#\/schema\/logo\/image\/\",\"url\":\"https:\/\/technofluid.it\/wp-content\/uploads\/2025\/12\/technofluid_bianco-logo.webp\",\"contentUrl\":\"https:\/\/technofluid.it\/wp-content\/uploads\/2025\/12\/technofluid_bianco-logo.webp\",\"width\":350,\"height\":116,\"caption\":\"Technofluid\"},\"image\":{\"@id\":\"https:\/\/technofluid.it\/#\/schema\/logo\/image\/\"},\"description\":\"La Technofluid S.r.l. nasce nel 1999 a Barcellona Pozzo di Gotto, in provincia di Messina, con l\u2019obiettivo di diventare un punto di riferimento nel settore dell\u2019impiantistica navale, idraulica, civile e industriale.\",\"email\":\"info@technofluid.it\",\"telephone\":\"0907386877\",\"legalName\":\"Technofluid S.R.L\",\"vatID\":\"IT03148240835\",\"taxID\":\"03148240835\",\"ownershipFundingInfo\":\"https:\/\/technofluid.it\/azienda\/\"}]}<\/script>\n<meta property=\"product:price:amount\" content=\"5.74\" \/>\n<meta property=\"product:price:currency\" content=\"EUR\" \/>\n<meta property=\"og:availability\" content=\"instock\" \/>\n<meta property=\"product:availability\" content=\"instock\" \/>\n<meta property=\"product:retailer_item_id\" content=\"CFG00000020\" \/>\n<meta property=\"product:condition\" content=\"new\" \/>\n<!-- \/ Yoast SEO Premium plugin. -->","yoast_head_json":{"title":"2-26 electro\/aerosol 250 ml CFG C0104 | Technofluid","description":"2-26 electro\/aerosol CFG: multifunci\u00f3n para el sector el\u00e9ctrico en aerosol de 250 ml. C\u00f3digo C0104. Ideal para mantenimiento y asistencia.","robots":{"index":"index","follow":"follow","max-snippet":"max-snippet:-1","max-image-preview":"max-image-preview:large","max-video-preview":"max-video-preview:-1"},"canonical":"https:\/\/technofluid.it\/es\/producto\/2-26-electroaerosol-250-ml-codigo-c0104-cfg\/","og_locale":"es_ES","og_type":"article","og_title":"2-26 electro\/aerosol 250 ml - codice: C0104 - Cfg","og_description":"2-26 electro\/aerosol CFG: multifunzione per il settore elettrico in aerosol da 250 ml. Codice C0104. Ideale per manutenzione e assistenza.","og_url":"https:\/\/technofluid.it\/es\/producto\/2-26-electroaerosol-250-ml-codigo-c0104-cfg\/","og_site_name":"Technofluid","article_modified_time":"2026-04-15T09:26:31+00:00","og_image":[{"width":721,"height":1282,"url":"https:\/\/technofluid.it\/wp-content\/uploads\/2026\/01\/4691-2-26-electroaerosol-250-ml-codice-C0104-Cfg.jpg","type":"image\/png"}],"twitter_card":"summary_large_image","twitter_misc":{"Precio":"5,74&nbsp;&euro; Iva esclusa","Disponibilidad":"Disponible"},"schema":{"@context":"https:\/\/schema.org","@graph":[{"@type":"WebPage","@id":"https:\/\/technofluid.it\/prodotto\/2-26-electroaerosol-250-ml-codice-c0104-cfg\/","url":"https:\/\/technofluid.it\/prodotto\/2-26-electroaerosol-250-ml-codice-c0104-cfg\/","name":"2-26 electro\/aerosol 250 ml CFG C0104 | Technofluid","isPartOf":{"@id":"https:\/\/technofluid.it\/#website"},"primaryImageOfPage":{"@id":"https:\/\/technofluid.it\/prodotto\/2-26-electroaerosol-250-ml-codice-c0104-cfg\/#primaryimage"},"image":{"@id":"https:\/\/technofluid.it\/prodotto\/2-26-electroaerosol-250-ml-codice-c0104-cfg\/#primaryimage"},"thumbnailUrl":"https:\/\/technofluid.it\/wp-content\/uploads\/2026\/01\/4691-2-26-electroaerosol-250-ml-codice-C0104-Cfg.jpg","datePublished":"2025-10-24T23:59:11+00:00","dateModified":"2026-04-15T09:26:31+00:00","description":"2-26 electro\/aerosol CFG: multifunci\u00f3n para el sector el\u00e9ctrico en aerosol de 250 ml. C\u00f3digo C0104. Ideal para mantenimiento y asistencia.","breadcrumb":{"@id":"https:\/\/technofluid.it\/prodotto\/2-26-electroaerosol-250-ml-codice-c0104-cfg\/#breadcrumb"},"inLanguage":"es","potentialAction":[{"@type":"ReadAction","target":["https:\/\/technofluid.it\/prodotto\/2-26-electroaerosol-250-ml-codice-c0104-cfg\/"]}]},{"@type":"ImageObject","inLanguage":"es","@id":"https:\/\/technofluid.it\/prodotto\/2-26-electroaerosol-250-ml-codice-c0104-cfg\/#primaryimage","url":"https:\/\/technofluid.it\/wp-content\/uploads\/2026\/01\/4691-2-26-electroaerosol-250-ml-codice-C0104-Cfg.jpg","contentUrl":"https:\/\/technofluid.it\/wp-content\/uploads\/2026\/01\/4691-2-26-electroaerosol-250-ml-codice-C0104-Cfg.jpg","width":721,"height":1282,"caption":"Guarnizione 2-26 CRC per elettroerosione, 250 ml, codice C0104, ideale per manutenzione e protezione."},{"@type":"BreadcrumbList","@id":"https:\/\/technofluid.it\/prodotto\/2-26-electroaerosol-250-ml-codice-c0104-cfg\/#breadcrumb","itemListElement":[{"@type":"ListItem","position":1,"name":"Home","item":"https:\/\/technofluid.it\/"},{"@type":"ListItem","position":2,"name":"Shop","item":"https:\/\/technofluid.it\/shop\/"},{"@type":"ListItem","position":3,"name":"2-26 electro\/aerosol 250 ml &#8211; codice: C0104 &#8211; Cfg"}]},{"@type":"WebSite","@id":"https:\/\/technofluid.it\/#website","url":"https:\/\/technofluid.it\/","name":"Technofluid S.R.L.","description":"Desde 1999 estamos especializados en instalaciones navales, hidr\u00e1ulicas, civiles e industriales","publisher":{"@id":"https:\/\/technofluid.it\/#organization"},"potentialAction":[{"@type":"SearchAction","target":{"@type":"EntryPoint","urlTemplate":"https:\/\/technofluid.it\/?s={search_term_string}"},"query-input":{"@type":"PropertyValueSpecification","valueRequired":true,"valueName":"search_term_string"}}],"inLanguage":"es"},{"@type":"Organization","@id":"https:\/\/technofluid.it\/#organization","name":"Technofluid","url":"https:\/\/technofluid.it\/","logo":{"@type":"ImageObject","inLanguage":"es","@id":"https:\/\/technofluid.it\/#\/schema\/logo\/image\/","url":"https:\/\/technofluid.it\/wp-content\/uploads\/2025\/12\/technofluid_bianco-logo.webp","contentUrl":"https:\/\/technofluid.it\/wp-content\/uploads\/2025\/12\/technofluid_bianco-logo.webp","width":350,"height":116,"caption":"Technofluid"},"image":{"@id":"https:\/\/technofluid.it\/#\/schema\/logo\/image\/"},"description":"Technofluid S.r.l. nace en 1999 en Barcellona Pozzo di Gotto, en la provincia de Messina, con el objetivo de convertirse en un punto de referencia en el sector de la ingenier\u00eda naval, hidr\u00e1ulica, civil e industrial.","email":"info@technofluid.it","telephone":"0907386877","legalName":"Technofluid S.R.L","vatID":"IT03148240835","taxID":"03148240835","ownershipFundingInfo":"https:\/\/technofluid.it\/azienda\/"}]},"product_price_amount":"5.74","product_price_currency":"EUR","og_availability":"instock","product_availability":"instock","product_retailer_item_id":"CFG00000020","product_condition":"new"},"_links":{"self":[{"href":"https:\/\/technofluid.it\/es\/wp-json\/wp\/v2\/product\/29033","targetHints":{"allow":["GET"]}}],"collection":[{"href":"https:\/\/technofluid.it\/es\/wp-json\/wp\/v2\/product"}],"about":[{"href":"https:\/\/technofluid.it\/es\/wp-json\/wp\/v2\/types\/product"}],"replies":[{"embeddable":true,"href":"https:\/\/technofluid.it\/es\/wp-json\/wp\/v2\/comments?post=29033"}],"version-history":[{"count":5,"href":"https:\/\/technofluid.it\/es\/wp-json\/wp\/v2\/product\/29033\/revisions"}],"predecessor-version":[{"id":55340,"href":"https:\/\/technofluid.it\/es\/wp-json\/wp\/v2\/product\/29033\/revisions\/55340"}],"wp:featuredmedia":[{"embeddable":true,"href":"https:\/\/technofluid.it\/es\/wp-json\/wp\/v2\/media\/36399"}],"wp:attachment":[{"href":"https:\/\/technofluid.it\/es\/wp-json\/wp\/v2\/media?parent=29033"}],"wp:term":[{"taxonomy":"product_brand","embeddable":true,"href":"https:\/\/technofluid.it\/es\/wp-json\/wp\/v2\/product_brand?post=29033"},{"taxonomy":"product_cat","embeddable":true,"href":"https:\/\/technofluid.it\/es\/wp-json\/wp\/v2\/product_cat?post=29033"},{"taxonomy":"product_tag","embeddable":true,"href":"https:\/\/technofluid.it\/es\/wp-json\/wp\/v2\/product_tag?post=29033"}],"curies":[{"name":"wp","href":"https:\/\/api.w.org\/{rel}","templated":true}]}}