{"id":31731,"date":"2025-10-25T00:05:41","date_gmt":"2025-10-25T00:05:41","guid":{"rendered":"https:\/\/technofluid.it\/prodotto\/ww-shampoo-lava-e-incera-5l-codice-eww5-euromeci\/"},"modified":"2026-04-15T12:27:34","modified_gmt":"2026-04-15T11:27:34","slug":"ww-shampoo-lava-e-incera-5l-codice-eww5-euromeci","status":"publish","type":"product","link":"https:\/\/technofluid.it\/de\/produkt\/ww-shampoo-wascht-und-poliert-5l-code-eww5-euromeci\/","title":{"rendered":"W&amp;W Shampoo w\u00e4scht und versiegelt 5L - Code: EWW5 \u2013 Euromeci"},"content":{"rendered":"<h3>W&amp;W Shampoo w\u00e4scht und wachst Euromeci (5L) zur Wartung und Reinigung von Booten<\/h3>\n<p>W&amp;W ist ein <strong>Shampoo f\u00fcr Boote<\/strong> entwickelt f\u00fcr die regelm\u00e4\u00dfige Reinigung der Au\u00dfenfl\u00e4chen, mit der Zugabe von <strong>speziellen Wachsen<\/strong> die helfen, nach dem Waschen ein gepflegteres Finish zu hinterlassen. Es wird wie ein normales Shampoo verwendet: Es wird w\u00e4hrend der Wasch- und Sp\u00fclvorg\u00e4nge aufgetragen und l\u00e4sst sich leicht in die Routine integrieren, <strong>Bootswartung<\/strong>.<\/p>\n<p>Die Formulierung ist geeignet f\u00fcr diejenigen, die ein einzigartiges Produkt w\u00fcnschen, um <strong>zu waschen und zur Glanzf\u00f6rderung beizutragen<\/strong> der Oberfl\u00e4chen, ohne die Arbeitsweise zu \u00e4ndern. Die Gr\u00f6\u00dfe <strong>5L<\/strong> ist praktisch f\u00fcr Werften, Lagerpl\u00e4tze und f\u00fcr diejenigen, die h\u00e4ufig waschen.<\/p>\n<h3>Produktmerkmale und Details<\/h3>\n<h3>Shampoo mit Wachsen f\u00fcr ein gepflegteres Finish<\/h3>\n<p>W&amp;W vereint die reinigende Wirkung eines Boots-Shampoos mit der Anwesenheit ausgew\u00e4hlter Wachse. W\u00e4hrend des Waschens:<\/p>\n<ul>\n<li><strong>reinigt es gr\u00fcndlich<\/strong> die behandelten Oberfl\u00e4chen, wie bei einer traditionellen W\u00e4sche;<\/li>\n<li>tr\u00e4gt dazu bei, ein Gef\u00fchl von <strong>schutz<\/strong> und ein \u00e4sthetisch gl\u00e4nzenderes Ergebnis zu hinterlassen, dank der in der Formel enthaltenen Wachse.<\/li>\n<\/ul>\n<p>Es ist eine L\u00f6sung f\u00fcr diejenigen, die einen einfachen und geradlinigen Ansatz suchen: ein einziger Waschgang, der hilft, das Boot zwischen den Pflegeintervallen in Ordnung zu halten.<\/p>\n<h3>Empfohlene Oberfl\u00e4chen<\/h3>\n<p>Das Produkt ist f\u00fcr die Anwendung auf verschiedenen typischen Oberfl\u00e4chen im nautischen Bereich geeignet, insbesondere:<\/p>\n<ul>\n<li><strong>Vetroresin<\/strong>;<\/li>\n<li><strong>lackierte Teile<\/strong>;<\/li>\n<li><strong>Metallteilen<\/strong>.<\/li>\n<\/ul>\n<p>Diese Vielseitigkeit macht es n\u00fctzlich bei der Au\u00dfenreinigung, wo oft mit unterschiedlichen Materialien in derselben Sitzung gearbeitet wird.<\/p>\n<h3>Format und Identifikation<\/h3>\n<ul>\n<li><strong>Format:<\/strong> Flasche mit <strong>5L<\/strong><\/li>\n<li><strong>Lieferantenproduktcode:<\/strong> <strong>EWW5<\/strong><\/li>\n<\/ul>\n<p>F\u00fcr Anfragen, Nachbestellungen oder Ersatzteil-\/Verbrauchsmanagement im professionellen Bereich hilft die Angabe des Produktcodes, den Artikel schnell zu identifizieren.<\/p>\n<h2>Betriebliche Vorteile<\/h2>\n<h3>Ein Produkt f\u00fcr Reinigung und \u00e4sthetische Pflege<\/h3>\n<p>Die Anwesenheit von Wachsen in der Formel erm\u00f6glicht es, neben der Reinigung auch eine Finish-Komponente zu bieten. Praktisch gesehen erzielt man w\u00e4hrend der W\u00e4sche ein Ergebnis, das darauf abzielt, die Oberfl\u00e4che gepflegter und gl\u00e4nzender als bei einem einfachen Shampoo erscheinen zu lassen.<\/p>\n<h3>Einfache Anwendung, wie ein normales Shampoo<\/h3>\n<p>W&amp;W wird nach der gleichen Logik wie ein herk\u00f6mmliches Shampoo verwendet: Dies hilft, die operative Komplexit\u00e4t zu reduzieren, insbesondere wenn h\u00e4ufig gearbeitet wird oder mehrere Personen einer Standardprozedur folgen m\u00fcssen.<\/p>\n<h3>Geeignet f\u00fcr mehrere typische Bootsmaterialien<\/h3>\n<p>Die M\u00f6glichkeit, es auf GFK, lackierten und metallischen Teilen zu verwenden, macht es praktisch bei der Au\u00dfenreinigung, wo es h\u00e4ufig vorkommt, von einer Oberfl\u00e4che zur anderen zu wechseln, ohne das Produkt zu wechseln.<\/p>\n<h3>5L Format f\u00fcr kontinuierliche Wartung<\/h3>\n<p>Die 5L-Flasche ist f\u00fcr diejenigen geeignet, die einen bequemeren Vorrat f\u00fcr die Saison bevorzugen oder mehrere Boote verwalten. Es ist ein Format, das sich gut f\u00fcr den regelm\u00e4\u00dfigen Gebrauch eignet und die Notwendigkeit h\u00e4ufiger Nachbestellungen reduziert.<\/p>\n<h3>Gute Praktiken w\u00e4hrend der Reinigung<\/h3>\n<ul>\n<li>Vor dem Waschen grobe R\u00fcckst\u00e4nde von der Oberfl\u00e4che entfernen, um Verschleppungen zu vermeiden.<\/li>\n<li>W\u00e4hrend der Anwendung geordnet vorgehen, um den Bereich gleichm\u00e4\u00dfig abzudecken.<\/li>\n<li>Am Ende gr\u00fcndlich absp\u00fclen, besonders an Verbindungen, Profilen und Details.<\/li>\n<\/ul>\n<h3>Kompatibilit\u00e4t und Pr\u00fcfungen<\/h3>\n<p>Das Produkt ist f\u00fcr GFK, lackierte und metallische Teile geeignet. Bei besonderen Oberfl\u00e4chen oder empfindlichen Ausf\u00fchrungen ist es ratsam, vor der gro\u00dffl\u00e4chigen Anwendung einen Test an einer kleinen, unauff\u00e4lligen Stelle durchzuf\u00fchren, um die Reaktion der Oberfl\u00e4che und das am besten geeignete Verfahren zu \u00fcberpr\u00fcfen.<\/p>\n<h3>Lagerung und Handhabung im professionellen Bereich<\/h3>\n<p>F\u00fcr eine ordentliche Lagerung im Lager oder auf der Baustelle beziehen Sie sich beim Nachbestellen auf den <strong>Code EWW5<\/strong> Verschlie\u00dfen Sie den Beh\u00e4lter nach Gebrauch korrekt und lagern Sie ihn gem\u00e4\u00df den \u00fcblichen Praktiken f\u00fcr Reinigungsprodukte.<\/p>\n<h3>FAQ \u2013 H\u00e4ufig gestellte Fragen<\/h3>\n<h4>Was ist W&amp;W Shampoo lava e incera Euromeci?<\/h4>\n<p>Es ist ein Boots-Shampoo mit speziellen Wachsen, das entwickelt wurde, um w\u00e4hrend der Reinigung zu s\u00e4ubern und zu einer gepflegteren und gl\u00e4nzenderen Oberfl\u00e4che beizutragen.<\/p>\n<h4>Auf welchen Oberfl\u00e4chen kann ich W&amp;W verwenden?<\/h4>\n<p>Es ist geeignet f\u00fcr Oberfl\u00e4chen aus Fiberglas, lackierte und metallische Teile, die typisch f\u00fcr die nautische Umgebung sind.<\/p>\n<h4>Wie wird W&amp;W verwendet?<\/h4>\n<p>Es wird wie ein normales Boots-Shampoo verwendet: Es wird w\u00e4hrend des Waschens aufgetragen, auf der Oberfl\u00e4che verteilt und gr\u00fcndlich abgesp\u00fclt.<\/p>\n<h4>Welches Format ist f\u00fcr dieses Produkt verf\u00fcgbar?<\/h4>\n<p>Dieser Artikel wird in einer 5L-Flasche geliefert.<\/p>\n<h4>Wie lautet der Produktcode f\u00fcr die Nachbestellung?<\/h4>\n<p>Der Lieferantenproduktcode ist EWW5.<\/p>\n<p><script type=\"application\/ld+json\">{\n    \"@context\": \"https:\\\/\\\/schema.org\",\n    \"@type\": \"FAQPage\",\n    \"mainEntity\": [\n        {\n            \"@type\": \"Question\",\n            \"name\": \"Che cos\\u2019\\u00e8 W&W shampoo lava e incera Euromeci?\",\n            \"acceptedAnswer\": {\n                \"@type\": \"Answer\",\n                \"text\": \"\\u00c8 uno shampoo per imbarcazioni con aggiunta di speciali cere, pensato per pulire durante il lavaggio e contribuire a lasciare una finitura pi\\u00f9 curata e brillante.\"\n            }\n        },\n        {\n            \"@type\": \"Question\",\n            \"name\": \"Su quali superfici posso usare W&W?\",\n            \"acceptedAnswer\": {\n                \"@type\": \"Answer\",\n                \"text\": \"\\u00c8 adatto a superfici in vetroresina, parti verniciate e metalliche, tipiche dell\\u2019ambiente nautico.\"\n            }\n        },\n        {\n            \"@type\": \"Question\",\n            \"name\": \"Come si utilizza W&W?\",\n            \"acceptedAnswer\": {\n                \"@type\": \"Answer\",\n                \"text\": \"Si usa come un normale shampoo per imbarcazioni: si applica durante il lavaggio, si lavora sulla superficie e si risciacqua accuratamente.\"\n            }\n        },\n        {\n            \"@type\": \"Question\",\n            \"name\": \"Qual \\u00e8 il formato disponibile per questo prodotto?\",\n            \"acceptedAnswer\": {\n                \"@type\": \"Answer\",\n                \"text\": \"Questo articolo \\u00e8 fornito in flacone da 5L.\"\n            }\n        },\n        {\n            \"@type\": \"Question\",\n            \"name\": \"Qual \\u00e8 il codice prodotto per il riordino?\",\n            \"acceptedAnswer\": {\n                \"@type\": \"Answer\",\n                \"text\": \"Il codice prodotto fornitore \\u00e8 EWW5.\"\n            }\n        }\n    ]\n}<\/script><\/p>","protected":false},"excerpt":{"rendered":"<p>W&amp;W Euromeci ist ein Boots-Shampoo mit speziellen Wachsen, das f\u00fcr die regelm\u00e4\u00dfige Reinigung und f\u00fcr ein gepflegteres Finish nach dem Waschen entwickelt wurde. Es wird wie ein normales Shampoo verwendet und ist f\u00fcr GFK-Oberfl\u00e4chen, lackierte und metallische Teile geeignet, was praktisch ist, wenn man in derselben Sitzung mit verschiedenen Materialien arbeitet. Die 5L-Gr\u00f6\u00dfe eignet sich f\u00fcr die kontinuierliche Wartung, Winterlager und Werften und bietet eine bequeme L\u00f6sung f\u00fcr h\u00e4ufiges Waschen. Lieferantenproduktcode: EWW5.<\/p>","protected":false},"featured_media":42990,"comment_status":"open","ping_status":"closed","template":"","meta":{"_acf_changed":false,"_monsterinsights_skip_tracking":false,"_monsterinsights_sitenote_active":false,"_monsterinsights_sitenote_note":"","_monsterinsights_sitenote_category":0,"site-sidebar-layout":"default","site-content-layout":"","ast-site-content-layout":"default","site-content-style":"default","site-sidebar-style":"default","ast-global-header-display":"","ast-banner-title-visibility":"","ast-main-header-display":"","ast-hfb-above-header-display":"","ast-hfb-below-header-display":"","ast-hfb-mobile-header-display":"","site-post-title":"","ast-breadcrumbs-content":"","ast-featured-img":"","footer-sml-layout":"","ast-disable-related-posts":"","theme-transparent-header-meta":"default","adv-header-id-meta":"","stick-header-meta":"","header-above-stick-meta":"","header-main-stick-meta":"","header-below-stick-meta":"","astra-migrate-meta-layouts":"set","ast-page-background-enabled":"default","ast-page-background-meta":{"desktop":{"background-color":"var(--ast-global-color-5)","background-image":"","background-repeat":"repeat","background-position":"center center","background-size":"auto","background-attachment":"scroll","background-type":"","background-media":"","overlay-type":"","overlay-color":"","overlay-opacity":"","overlay-gradient":""},"tablet":{"background-color":"","background-image":"","background-repeat":"repeat","background-position":"center center","background-size":"auto","background-attachment":"scroll","background-type":"","background-media":"","overlay-type":"","overlay-color":"","overlay-opacity":"","overlay-gradient":""},"mobile":{"background-color":"","background-image":"","background-repeat":"repeat","background-position":"center center","background-size":"auto","background-attachment":"scroll","background-type":"","background-media":"","overlay-type":"","overlay-color":"","overlay-opacity":"","overlay-gradient":""}},"ast-content-background-meta":{"desktop":{"background-color":"var(--ast-global-color-4)","background-image":"","background-repeat":"repeat","background-position":"center center","background-size":"auto","background-attachment":"scroll","background-type":"","background-media":"","overlay-type":"","overlay-color":"","overlay-opacity":"","overlay-gradient":""},"tablet":{"background-color":"var(--ast-global-color-4)","background-image":"","background-repeat":"repeat","background-position":"center center","background-size":"auto","background-attachment":"scroll","background-type":"","background-media":"","overlay-type":"","overlay-color":"","overlay-opacity":"","overlay-gradient":""},"mobile":{"background-color":"var(--ast-global-color-4)","background-image":"","background-repeat":"repeat","background-position":"center center","background-size":"auto","background-attachment":"scroll","background-type":"","background-media":"","overlay-type":"","overlay-color":"","overlay-opacity":"","overlay-gradient":""}}},"product_brand":[],"product_cat":[335,78],"product_tag":[4701,3639],"class_list":{"0":"post-31731","1":"product","2":"type-product","3":"status-publish","4":"has-post-thumbnail","6":"product_cat-lucidatura-e-pulizia","7":"product_cat-manutenzione-barca","8":"product_tag-manutenzione-barca","9":"product_tag-pulizia-barca","10":"pa_supplier-basso-ryland-azienda-vernici-affini-b-r-a-v-a-srl","11":"desktop-align-left","12":"tablet-align-left","13":"mobile-align-left","15":"first","16":"instock","17":"taxable","18":"shipping-taxable","19":"purchasable","20":"product-type-simple"},"acf":[],"yoast_head":"<!-- This site is optimized with the Yoast SEO Premium plugin v26.7 (Yoast SEO v26.9) - https:\/\/yoast.com\/product\/yoast-seo-premium-wordpress\/ -->\n<title>W&amp;W shampoo lava e incera 5L Euromeci (EWW5)<\/title>\n<meta name=\"description\" content=\"Shampoo per imbarcazioni con cere: pulisce e aiuta a lasciare brillantezza. Uso come normale shampoo. Per vetroresina, vernici e metalli. 5L.\" \/>\n<meta name=\"robots\" content=\"index, follow, max-snippet:-1, max-image-preview:large, max-video-preview:-1\" \/>\n<link rel=\"canonical\" href=\"https:\/\/technofluid.it\/de\/produkt\/ww-shampoo-wascht-und-poliert-5l-code-eww5-euromeci\/\" \/>\n<meta property=\"og:locale\" content=\"de_DE\" \/>\n<meta property=\"og:type\" content=\"article\" \/>\n<meta property=\"og:title\" content=\"W&amp;W shampoo lava e incera 5L- codice: EWW5 - Euromeci\" \/>\n<meta property=\"og:description\" content=\"Shampoo per imbarcazioni con cere: pulisce e aiuta a lasciare brillantezza. Uso come normale shampoo. Per vetroresina, vernici e metalli. 5L.\" \/>\n<meta property=\"og:url\" content=\"https:\/\/technofluid.it\/de\/produkt\/ww-shampoo-wascht-und-poliert-5l-code-eww5-euromeci\/\" \/>\n<meta property=\"og:site_name\" content=\"Technofluid\" \/>\n<meta property=\"article:modified_time\" content=\"2026-04-15T11:27:34+00:00\" \/>\n<meta property=\"og:image\" content=\"https:\/\/technofluid.it\/wp-content\/uploads\/2026\/01\/703-WW-shampoo-lava-e-incera-5L-codice-EWW5-Euromeci.jpg\" \/>\n\t<meta property=\"og:image:width\" content=\"800\" \/>\n\t<meta property=\"og:image:height\" content=\"800\" \/>\n\t<meta property=\"og:image:type\" content=\"image\/jpeg\" \/>\n<meta name=\"twitter:card\" content=\"summary_large_image\" \/>\n<meta name=\"twitter:label1\" content=\"Preis\" \/>\n\t<meta name=\"twitter:data1\" content=\"37,70&nbsp;&euro; Iva esclusa\" \/>\n\t<meta name=\"twitter:label2\" content=\"Verf\u00fcgbarkeit\" \/>\n\t<meta name=\"twitter:data2\" content=\"Auf Lager\" \/>\n<script type=\"application\/ld+json\" class=\"yoast-schema-graph\">{\"@context\":\"https:\/\/schema.org\",\"@graph\":[{\"@type\":\"WebPage\",\"@id\":\"https:\/\/technofluid.it\/prodotto\/ww-shampoo-lava-e-incera-5l-codice-eww5-euromeci\/\",\"url\":\"https:\/\/technofluid.it\/prodotto\/ww-shampoo-lava-e-incera-5l-codice-eww5-euromeci\/\",\"name\":\"W&W shampoo lava e incera 5L Euromeci (EWW5)\",\"isPartOf\":{\"@id\":\"https:\/\/technofluid.it\/#website\"},\"primaryImageOfPage\":{\"@id\":\"https:\/\/technofluid.it\/prodotto\/ww-shampoo-lava-e-incera-5l-codice-eww5-euromeci\/#primaryimage\"},\"image\":{\"@id\":\"https:\/\/technofluid.it\/prodotto\/ww-shampoo-lava-e-incera-5l-codice-eww5-euromeci\/#primaryimage\"},\"thumbnailUrl\":\"https:\/\/technofluid.it\/wp-content\/uploads\/2026\/01\/703-WW-shampoo-lava-e-incera-5L-codice-EWW5-Euromeci.jpg\",\"datePublished\":\"2025-10-25T00:05:41+00:00\",\"dateModified\":\"2026-04-15T11:27:34+00:00\",\"description\":\"Shampoo per imbarcazioni con cere: pulisce e aiuta a lasciare brillantezza. Uso come normale shampoo. Per vetroresina, vernici e metalli. 5L.\",\"breadcrumb\":{\"@id\":\"https:\/\/technofluid.it\/prodotto\/ww-shampoo-lava-e-incera-5l-codice-eww5-euromeci\/#breadcrumb\"},\"inLanguage\":\"de\",\"potentialAction\":[{\"@type\":\"ReadAction\",\"target\":[\"https:\/\/technofluid.it\/prodotto\/ww-shampoo-lava-e-incera-5l-codice-eww5-euromeci\/\"]}]},{\"@type\":\"ImageObject\",\"inLanguage\":\"de\",\"@id\":\"https:\/\/technofluid.it\/prodotto\/ww-shampoo-lava-e-incera-5l-codice-eww5-euromeci\/#primaryimage\",\"url\":\"https:\/\/technofluid.it\/wp-content\/uploads\/2026\/01\/703-WW-shampoo-lava-e-incera-5L-codice-EWW5-Euromeci.jpg\",\"contentUrl\":\"https:\/\/technofluid.it\/wp-content\/uploads\/2026\/01\/703-WW-shampoo-lava-e-incera-5L-codice-EWW5-Euromeci.jpg\",\"width\":800,\"height\":800,\"caption\":\"Bottiglia di shampoo lava e incera W&W da 5 litri, ideale per uso professionale e domestico.\"},{\"@type\":\"BreadcrumbList\",\"@id\":\"https:\/\/technofluid.it\/prodotto\/ww-shampoo-lava-e-incera-5l-codice-eww5-euromeci\/#breadcrumb\",\"itemListElement\":[{\"@type\":\"ListItem\",\"position\":1,\"name\":\"Home\",\"item\":\"https:\/\/technofluid.it\/\"},{\"@type\":\"ListItem\",\"position\":2,\"name\":\"Shop\",\"item\":\"https:\/\/technofluid.it\/shop\/\"},{\"@type\":\"ListItem\",\"position\":3,\"name\":\"W&amp;W shampoo lava e incera 5L- codice: EWW5 &#8211; Euromeci\"}]},{\"@type\":\"WebSite\",\"@id\":\"https:\/\/technofluid.it\/#website\",\"url\":\"https:\/\/technofluid.it\/\",\"name\":\"Technofluid S.R.L.\",\"description\":\"Dal 1999 siamo specializzati nell&#039;impiantistica navale, idraulica, civile e industriale\",\"publisher\":{\"@id\":\"https:\/\/technofluid.it\/#organization\"},\"potentialAction\":[{\"@type\":\"SearchAction\",\"target\":{\"@type\":\"EntryPoint\",\"urlTemplate\":\"https:\/\/technofluid.it\/?s={search_term_string}\"},\"query-input\":{\"@type\":\"PropertyValueSpecification\",\"valueRequired\":true,\"valueName\":\"search_term_string\"}}],\"inLanguage\":\"de\"},{\"@type\":\"Organization\",\"@id\":\"https:\/\/technofluid.it\/#organization\",\"name\":\"Technofluid\",\"url\":\"https:\/\/technofluid.it\/\",\"logo\":{\"@type\":\"ImageObject\",\"inLanguage\":\"de\",\"@id\":\"https:\/\/technofluid.it\/#\/schema\/logo\/image\/\",\"url\":\"https:\/\/technofluid.it\/wp-content\/uploads\/2025\/12\/technofluid_bianco-logo.webp\",\"contentUrl\":\"https:\/\/technofluid.it\/wp-content\/uploads\/2025\/12\/technofluid_bianco-logo.webp\",\"width\":350,\"height\":116,\"caption\":\"Technofluid\"},\"image\":{\"@id\":\"https:\/\/technofluid.it\/#\/schema\/logo\/image\/\"},\"description\":\"La Technofluid S.r.l. nasce nel 1999 a Barcellona Pozzo di Gotto, in provincia di Messina, con l\u2019obiettivo di diventare un punto di riferimento nel settore dell\u2019impiantistica navale, idraulica, civile e industriale.\",\"email\":\"info@technofluid.it\",\"telephone\":\"0907386877\",\"legalName\":\"Technofluid S.R.L\",\"vatID\":\"IT03148240835\",\"taxID\":\"03148240835\",\"ownershipFundingInfo\":\"https:\/\/technofluid.it\/azienda\/\"}]}<\/script>\n<meta property=\"product:price:amount\" content=\"37.70\" \/>\n<meta property=\"product:price:currency\" content=\"EUR\" \/>\n<meta property=\"og:availability\" content=\"instock\" \/>\n<meta property=\"product:availability\" content=\"instock\" \/>\n<meta property=\"product:retailer_item_id\" content=\"EUR0000006\" \/>\n<meta property=\"product:condition\" content=\"new\" \/>\n<!-- \/ Yoast SEO Premium plugin. -->","yoast_head_json":{"title":"W&amp;W Shampoo w\u00e4scht und versiegelt 5L Euromeci (EWW5)","description":"Bootsshampoo mit Wachsen: reinigt und hilft, Glanz zu hinterlassen. Verwendung wie normales Shampoo. F\u00fcr GFK, Lacke und Metalle. 5L.","robots":{"index":"index","follow":"follow","max-snippet":"max-snippet:-1","max-image-preview":"max-image-preview:large","max-video-preview":"max-video-preview:-1"},"canonical":"https:\/\/technofluid.it\/de\/produkt\/ww-shampoo-wascht-und-poliert-5l-code-eww5-euromeci\/","og_locale":"de_DE","og_type":"article","og_title":"W&amp;W shampoo lava e incera 5L- codice: EWW5 - Euromeci","og_description":"Shampoo per imbarcazioni con cere: pulisce e aiuta a lasciare brillantezza. Uso come normale shampoo. Per vetroresina, vernici e metalli. 5L.","og_url":"https:\/\/technofluid.it\/de\/produkt\/ww-shampoo-wascht-und-poliert-5l-code-eww5-euromeci\/","og_site_name":"Technofluid","article_modified_time":"2026-04-15T11:27:34+00:00","og_image":[{"width":800,"height":800,"url":"https:\/\/technofluid.it\/wp-content\/uploads\/2026\/01\/703-WW-shampoo-lava-e-incera-5L-codice-EWW5-Euromeci.jpg","type":"image\/jpeg"}],"twitter_card":"summary_large_image","twitter_misc":{"Preis":"37,70&nbsp;&euro; Iva esclusa","Verf\u00fcgbarkeit":"Auf Lager"},"schema":{"@context":"https:\/\/schema.org","@graph":[{"@type":"WebPage","@id":"https:\/\/technofluid.it\/prodotto\/ww-shampoo-lava-e-incera-5l-codice-eww5-euromeci\/","url":"https:\/\/technofluid.it\/prodotto\/ww-shampoo-lava-e-incera-5l-codice-eww5-euromeci\/","name":"W&amp;W Shampoo w\u00e4scht und versiegelt 5L Euromeci (EWW5)","isPartOf":{"@id":"https:\/\/technofluid.it\/#website"},"primaryImageOfPage":{"@id":"https:\/\/technofluid.it\/prodotto\/ww-shampoo-lava-e-incera-5l-codice-eww5-euromeci\/#primaryimage"},"image":{"@id":"https:\/\/technofluid.it\/prodotto\/ww-shampoo-lava-e-incera-5l-codice-eww5-euromeci\/#primaryimage"},"thumbnailUrl":"https:\/\/technofluid.it\/wp-content\/uploads\/2026\/01\/703-WW-shampoo-lava-e-incera-5L-codice-EWW5-Euromeci.jpg","datePublished":"2025-10-25T00:05:41+00:00","dateModified":"2026-04-15T11:27:34+00:00","description":"Bootsshampoo mit Wachsen: reinigt und hilft, Glanz zu hinterlassen. Verwendung wie normales Shampoo. F\u00fcr GFK, Lacke und Metalle. 5L.","breadcrumb":{"@id":"https:\/\/technofluid.it\/prodotto\/ww-shampoo-lava-e-incera-5l-codice-eww5-euromeci\/#breadcrumb"},"inLanguage":"de","potentialAction":[{"@type":"ReadAction","target":["https:\/\/technofluid.it\/prodotto\/ww-shampoo-lava-e-incera-5l-codice-eww5-euromeci\/"]}]},{"@type":"ImageObject","inLanguage":"de","@id":"https:\/\/technofluid.it\/prodotto\/ww-shampoo-lava-e-incera-5l-codice-eww5-euromeci\/#primaryimage","url":"https:\/\/technofluid.it\/wp-content\/uploads\/2026\/01\/703-WW-shampoo-lava-e-incera-5L-codice-EWW5-Euromeci.jpg","contentUrl":"https:\/\/technofluid.it\/wp-content\/uploads\/2026\/01\/703-WW-shampoo-lava-e-incera-5L-codice-EWW5-Euromeci.jpg","width":800,"height":800,"caption":"Bottiglia di shampoo lava e incera W&W da 5 litri, ideale per uso professionale e domestico."},{"@type":"BreadcrumbList","@id":"https:\/\/technofluid.it\/prodotto\/ww-shampoo-lava-e-incera-5l-codice-eww5-euromeci\/#breadcrumb","itemListElement":[{"@type":"ListItem","position":1,"name":"Home","item":"https:\/\/technofluid.it\/"},{"@type":"ListItem","position":2,"name":"Shop","item":"https:\/\/technofluid.it\/shop\/"},{"@type":"ListItem","position":3,"name":"W&amp;W shampoo lava e incera 5L- codice: EWW5 &#8211; Euromeci"}]},{"@type":"WebSite","@id":"https:\/\/technofluid.it\/#website","url":"https:\/\/technofluid.it\/","name":"Technofluid S.R.L.","description":"Seit 1999 haben wir uns auf Schiffs-, Sanit\u00e4r-, Zivil- und Industrieanlagen spezialisiert.","publisher":{"@id":"https:\/\/technofluid.it\/#organization"},"potentialAction":[{"@type":"SearchAction","target":{"@type":"EntryPoint","urlTemplate":"https:\/\/technofluid.it\/?s={search_term_string}"},"query-input":{"@type":"PropertyValueSpecification","valueRequired":true,"valueName":"search_term_string"}}],"inLanguage":"de"},{"@type":"Organization","@id":"https:\/\/technofluid.it\/#organization","name":"Technofluid","url":"https:\/\/technofluid.it\/","logo":{"@type":"ImageObject","inLanguage":"de","@id":"https:\/\/technofluid.it\/#\/schema\/logo\/image\/","url":"https:\/\/technofluid.it\/wp-content\/uploads\/2025\/12\/technofluid_bianco-logo.webp","contentUrl":"https:\/\/technofluid.it\/wp-content\/uploads\/2025\/12\/technofluid_bianco-logo.webp","width":350,"height":116,"caption":"Technofluid"},"image":{"@id":"https:\/\/technofluid.it\/#\/schema\/logo\/image\/"},"description":"Die Technofluid S.r.l. wurde 1999 in Barcellona Pozzo di Gotto, in der Provinz Messina, gegr\u00fcndet, mit dem Ziel, ein Bezugspunkt im Bereich der Schiffs-, Hydraulik-, Zivil- und Industrieanlagen zu werden.","email":"info@technofluid.it","telephone":"0907386877","legalName":"Technofluid S.R.L","vatID":"IT03148240835","taxID":"03148240835","ownershipFundingInfo":"https:\/\/technofluid.it\/azienda\/"}]},"product_price_amount":"37.70","product_price_currency":"EUR","og_availability":"instock","product_availability":"instock","product_retailer_item_id":"EUR0000006","product_condition":"new"},"_links":{"self":[{"href":"https:\/\/technofluid.it\/de\/wp-json\/wp\/v2\/product\/31731","targetHints":{"allow":["GET"]}}],"collection":[{"href":"https:\/\/technofluid.it\/de\/wp-json\/wp\/v2\/product"}],"about":[{"href":"https:\/\/technofluid.it\/de\/wp-json\/wp\/v2\/types\/product"}],"replies":[{"embeddable":true,"href":"https:\/\/technofluid.it\/de\/wp-json\/wp\/v2\/comments?post=31731"}],"version-history":[{"count":3,"href":"https:\/\/technofluid.it\/de\/wp-json\/wp\/v2\/product\/31731\/revisions"}],"predecessor-version":[{"id":55738,"href":"https:\/\/technofluid.it\/de\/wp-json\/wp\/v2\/product\/31731\/revisions\/55738"}],"wp:featuredmedia":[{"embeddable":true,"href":"https:\/\/technofluid.it\/de\/wp-json\/wp\/v2\/media\/42990"}],"wp:attachment":[{"href":"https:\/\/technofluid.it\/de\/wp-json\/wp\/v2\/media?parent=31731"}],"wp:term":[{"taxonomy":"product_brand","embeddable":true,"href":"https:\/\/technofluid.it\/de\/wp-json\/wp\/v2\/product_brand?post=31731"},{"taxonomy":"product_cat","embeddable":true,"href":"https:\/\/technofluid.it\/de\/wp-json\/wp\/v2\/product_cat?post=31731"},{"taxonomy":"product_tag","embeddable":true,"href":"https:\/\/technofluid.it\/de\/wp-json\/wp\/v2\/product_tag?post=31731"}],"curies":[{"name":"wp","href":"https:\/\/api.w.org\/{rel}","templated":true}]}}