{"id":31340,"date":"2025-10-25T00:04:46","date_gmt":"2025-10-25T00:04:46","guid":{"rendered":"https:\/\/technofluid.it\/prodotto\/t6315-24-cassetta-teleruttore-150a-24v-ip66-b-codice-ftt631524000b00-quick\/"},"modified":"2026-04-15T09:51:48","modified_gmt":"2026-04-15T08:51:48","slug":"t6315-24-cassetta-teleruttore-150a-24v-ip66-b-codice-ftt631524000b00-quick","status":"publish","type":"product","link":"https:\/\/technofluid.it\/de\/produkt\/t6315-24-schutzgehause-150a-24v-ip66-b-code-ftt631524000b00-schnell\/","title":{"rendered":"T6315-24 SCH\u00dcTZKASTEN 150A 24V IP66 B \u2013 CODE: FTT631524000B00 \u2013 SCHNELL"},"content":{"rendered":"<p class=\"MsoNormal\">Die Sch\u00fctz- und Umschaltkastens T6315 oder T6415 erm\u00f6glichen das Betreiben von Elektromotoren f\u00fcr Ankerwinden und Tonnenwinden. Die K\u00e4sten sind mit externen Anschl\u00fcssen ausgestattet und einfach zu installieren.<br \/>\nSchutzart IP66 (au\u00dfer den Anschl\u00fcssen).<\/p>","protected":false},"excerpt":{"rendered":"<p>T6315-24 SCH\u00dcTZKASTEN 150A 24V IP66 B \u2013 CODE: FTT631524000B00 \u2013 SCHNELL<\/p>","protected":false},"featured_media":42104,"comment_status":"open","ping_status":"closed","template":"","meta":{"_acf_changed":false,"_monsterinsights_skip_tracking":false,"_monsterinsights_sitenote_active":false,"_monsterinsights_sitenote_note":"","_monsterinsights_sitenote_category":0,"site-sidebar-layout":"default","site-content-layout":"","ast-site-content-layout":"default","site-content-style":"default","site-sidebar-style":"default","ast-global-header-display":"","ast-banner-title-visibility":"","ast-main-header-display":"","ast-hfb-above-header-display":"","ast-hfb-below-header-display":"","ast-hfb-mobile-header-display":"","site-post-title":"","ast-breadcrumbs-content":"","ast-featured-img":"","footer-sml-layout":"","ast-disable-related-posts":"","theme-transparent-header-meta":"","adv-header-id-meta":"","stick-header-meta":"","header-above-stick-meta":"","header-main-stick-meta":"","header-below-stick-meta":"","astra-migrate-meta-layouts":"default","ast-page-background-enabled":"default","ast-page-background-meta":{"desktop":{"background-color":"var(--ast-global-color-5)","background-image":"","background-repeat":"repeat","background-position":"center center","background-size":"auto","background-attachment":"scroll","background-type":"","background-media":"","overlay-type":"","overlay-color":"","overlay-opacity":"","overlay-gradient":""},"tablet":{"background-color":"","background-image":"","background-repeat":"repeat","background-position":"center center","background-size":"auto","background-attachment":"scroll","background-type":"","background-media":"","overlay-type":"","overlay-color":"","overlay-opacity":"","overlay-gradient":""},"mobile":{"background-color":"","background-image":"","background-repeat":"repeat","background-position":"center center","background-size":"auto","background-attachment":"scroll","background-type":"","background-media":"","overlay-type":"","overlay-color":"","overlay-opacity":"","overlay-gradient":""}},"ast-content-background-meta":{"desktop":{"background-color":"var(--ast-global-color-4)","background-image":"","background-repeat":"repeat","background-position":"center center","background-size":"auto","background-attachment":"scroll","background-type":"","background-media":"","overlay-type":"","overlay-color":"","overlay-opacity":"","overlay-gradient":""},"tablet":{"background-color":"var(--ast-global-color-4)","background-image":"","background-repeat":"repeat","background-position":"center center","background-size":"auto","background-attachment":"scroll","background-type":"","background-media":"","overlay-type":"","overlay-color":"","overlay-opacity":"","overlay-gradient":""},"mobile":{"background-color":"var(--ast-global-color-4)","background-image":"","background-repeat":"repeat","background-position":"center center","background-size":"auto","background-attachment":"scroll","background-type":"","background-media":"","overlay-type":"","overlay-color":"","overlay-opacity":"","overlay-gradient":""}}},"product_brand":[],"product_cat":[133,1425],"product_tag":[],"class_list":{"0":"post-31340","1":"product","2":"type-product","3":"status-publish","4":"has-post-thumbnail","6":"product_cat-ricambistica","7":"product_cat-quick","8":"pa_supplier-quick-s-p-a","9":"desktop-align-left","10":"tablet-align-left","11":"mobile-align-left","13":"first","14":"outofstock","15":"taxable","16":"shipping-taxable","17":"purchasable","18":"product-type-simple"},"acf":[],"yoast_head":"<!-- This site is optimized with the Yoast SEO Premium plugin v26.7 (Yoast SEO v26.9) - https:\/\/yoast.com\/product\/yoast-seo-premium-wordpress\/ -->\n<title>Cassetta Teleruttore 150A 24V IP66 - Facile Installazione<\/title>\n<meta name=\"description\" content=\"Scopri la cassetta teleruttore 150A 24V IP66, ideale per motori salpa ancora. Installazione semplice e protezione garantita. Acquista ora!\" \/>\n<meta name=\"robots\" content=\"index, follow, max-snippet:-1, max-image-preview:large, max-video-preview:-1\" \/>\n<link rel=\"canonical\" href=\"https:\/\/technofluid.it\/de\/produit\/t6315-24-cassetta-teleruttore-150a-24v-ip66-b-codice-ftt631524000b00-quick\/\" \/>\n<meta property=\"og:locale\" content=\"de_DE\" \/>\n<meta property=\"og:type\" content=\"article\" \/>\n<meta property=\"og:title\" content=\"T6315-24 CASSETTA TELERUTTORE 150A 24V IP66 B - CODICE: FTT631524000B00 - QUICK\" \/>\n<meta property=\"og:description\" content=\"Scopri la cassetta teleruttore 150A 24V IP66, ideale per motori salpa ancora. Installazione semplice e protezione garantita. Acquista ora!\" \/>\n<meta property=\"og:url\" content=\"https:\/\/technofluid.it\/de\/produit\/t6315-24-cassetta-teleruttore-150a-24v-ip66-b-codice-ftt631524000b00-quick\/\" \/>\n<meta property=\"og:site_name\" content=\"Technofluid\" \/>\n<meta property=\"article:modified_time\" content=\"2026-04-15T08:51:48+00:00\" \/>\n<meta property=\"og:image\" content=\"https:\/\/technofluid.it\/wp-content\/uploads\/2026\/01\/4627-T6315-24-CASSETTA-TELERUTTORE-150A-24V-IP66-B-CODICE-FTT631524000B00-QUICK.jpg\" \/>\n\t<meta property=\"og:image:width\" content=\"639\" \/>\n\t<meta property=\"og:image:height\" content=\"680\" \/>\n\t<meta property=\"og:image:type\" content=\"image\/jpeg\" \/>\n<meta name=\"twitter:card\" content=\"summary_large_image\" \/>\n<meta name=\"twitter:label1\" content=\"Preis\" \/>\n\t<meta name=\"twitter:data1\" content=\"101,64&nbsp;&euro; Iva esclusa\" \/>\n\t<meta name=\"twitter:label2\" content=\"Verf\u00fcgbarkeit\" \/>\n\t<meta name=\"twitter:data2\" content=\"ausverkauft\" \/>\n<script type=\"application\/ld+json\" class=\"yoast-schema-graph\">{\"@context\":\"https:\/\/schema.org\",\"@graph\":[{\"@type\":\"WebPage\",\"@id\":\"https:\/\/technofluid.it\/fr\/produit\/t6315-24-cassetta-teleruttore-150a-24v-ip66-b-codice-ftt631524000b00-quick\/\",\"url\":\"https:\/\/technofluid.it\/fr\/produit\/t6315-24-cassetta-teleruttore-150a-24v-ip66-b-codice-ftt631524000b00-quick\/\",\"name\":\"Cassetta Teleruttore 150A 24V IP66 - Facile Installazione\",\"isPartOf\":{\"@id\":\"https:\/\/technofluid.it\/#website\"},\"primaryImageOfPage\":{\"@id\":\"https:\/\/technofluid.it\/fr\/produit\/t6315-24-cassetta-teleruttore-150a-24v-ip66-b-codice-ftt631524000b00-quick\/#primaryimage\"},\"image\":{\"@id\":\"https:\/\/technofluid.it\/fr\/produit\/t6315-24-cassetta-teleruttore-150a-24v-ip66-b-codice-ftt631524000b00-quick\/#primaryimage\"},\"thumbnailUrl\":\"https:\/\/technofluid.it\/wp-content\/uploads\/2026\/01\/4627-T6315-24-CASSETTA-TELERUTTORE-150A-24V-IP66-B-CODICE-FTT631524000B00-QUICK.jpg\",\"datePublished\":\"2025-10-25T00:04:46+00:00\",\"dateModified\":\"2026-04-15T08:51:48+00:00\",\"description\":\"Scopri la cassetta teleruttore 150A 24V IP66, ideale per motori salpa ancora. Installazione semplice e protezione garantita. Acquista ora!\",\"breadcrumb\":{\"@id\":\"https:\/\/technofluid.it\/fr\/produit\/t6315-24-cassetta-teleruttore-150a-24v-ip66-b-codice-ftt631524000b00-quick\/#breadcrumb\"},\"inLanguage\":\"de\",\"potentialAction\":[{\"@type\":\"ReadAction\",\"target\":[\"https:\/\/technofluid.it\/fr\/produit\/t6315-24-cassetta-teleruttore-150a-24v-ip66-b-codice-ftt631524000b00-quick\/\"]}]},{\"@type\":\"ImageObject\",\"inLanguage\":\"de\",\"@id\":\"https:\/\/technofluid.it\/fr\/produit\/t6315-24-cassetta-teleruttore-150a-24v-ip66-b-codice-ftt631524000b00-quick\/#primaryimage\",\"url\":\"https:\/\/technofluid.it\/wp-content\/uploads\/2026\/01\/4627-T6315-24-CASSETTA-TELERUTTORE-150A-24V-IP66-B-CODICE-FTT631524000B00-QUICK.jpg\",\"contentUrl\":\"https:\/\/technofluid.it\/wp-content\/uploads\/2026\/01\/4627-T6315-24-CASSETTA-TELERUTTORE-150A-24V-IP66-B-CODICE-FTT631524000B00-QUICK.jpg\",\"width\":639,\"height\":680,\"caption\":\"Contenitore robusto per distribuzione elettrica con connessioni sicure, ideale per applicazioni industriali e outdoor.\"},{\"@type\":\"BreadcrumbList\",\"@id\":\"https:\/\/technofluid.it\/fr\/produit\/t6315-24-cassetta-teleruttore-150a-24v-ip66-b-codice-ftt631524000b00-quick\/#breadcrumb\",\"itemListElement\":[{\"@type\":\"ListItem\",\"position\":1,\"name\":\"Home\",\"item\":\"https:\/\/technofluid.it\/\"},{\"@type\":\"ListItem\",\"position\":2,\"name\":\"Shop\",\"item\":\"https:\/\/technofluid.it\/shop\/\"},{\"@type\":\"ListItem\",\"position\":3,\"name\":\"T6315-24 CASSETTA TELERUTTORE 150A 24V IP66 B &#8211; CODICE: FTT631524000B00 &#8211; QUICK\"}]},{\"@type\":\"WebSite\",\"@id\":\"https:\/\/technofluid.it\/#website\",\"url\":\"https:\/\/technofluid.it\/\",\"name\":\"Technofluid S.R.L.\",\"description\":\"Dal 1999 siamo specializzati nell&#039;impiantistica navale, idraulica, civile e industriale\",\"publisher\":{\"@id\":\"https:\/\/technofluid.it\/#organization\"},\"potentialAction\":[{\"@type\":\"SearchAction\",\"target\":{\"@type\":\"EntryPoint\",\"urlTemplate\":\"https:\/\/technofluid.it\/?s={search_term_string}\"},\"query-input\":{\"@type\":\"PropertyValueSpecification\",\"valueRequired\":true,\"valueName\":\"search_term_string\"}}],\"inLanguage\":\"de\"},{\"@type\":\"Organization\",\"@id\":\"https:\/\/technofluid.it\/#organization\",\"name\":\"Technofluid\",\"url\":\"https:\/\/technofluid.it\/\",\"logo\":{\"@type\":\"ImageObject\",\"inLanguage\":\"de\",\"@id\":\"https:\/\/technofluid.it\/#\/schema\/logo\/image\/\",\"url\":\"https:\/\/technofluid.it\/wp-content\/uploads\/2025\/12\/technofluid_bianco-logo.webp\",\"contentUrl\":\"https:\/\/technofluid.it\/wp-content\/uploads\/2025\/12\/technofluid_bianco-logo.webp\",\"width\":350,\"height\":116,\"caption\":\"Technofluid\"},\"image\":{\"@id\":\"https:\/\/technofluid.it\/#\/schema\/logo\/image\/\"},\"description\":\"La Technofluid S.r.l. nasce nel 1999 a Barcellona Pozzo di Gotto, in provincia di Messina, con l\u2019obiettivo di diventare un punto di riferimento nel settore dell\u2019impiantistica navale, idraulica, civile e industriale.\",\"email\":\"info@technofluid.it\",\"telephone\":\"0907386877\",\"legalName\":\"Technofluid S.R.L\",\"vatID\":\"IT03148240835\",\"taxID\":\"03148240835\",\"ownershipFundingInfo\":\"https:\/\/technofluid.it\/azienda\/\"}]}<\/script>\n<meta property=\"product:price:amount\" content=\"101.64\" \/>\n<meta property=\"product:price:currency\" content=\"EUR\" \/>\n<meta property=\"og:availability\" content=\"out of stock\" \/>\n<meta property=\"product:availability\" content=\"out of stock\" \/>\n<meta property=\"product:retailer_item_id\" content=\"QUIC00000056\" \/>\n<meta property=\"product:condition\" content=\"new\" \/>\n<!-- \/ Yoast SEO Premium plugin. -->","yoast_head_json":{"title":"Sch\u00fctzgeh\u00e4use 150A 24V IP66 - Einfache Installation","description":"Entdecken Sie das Sch\u00fctzgeh\u00e4use 150A 24V IP66, ideal f\u00fcr Ankerwindenmotoren. Einfache Installation und garantierter Schutz. Jetzt kaufen!","robots":{"index":"index","follow":"follow","max-snippet":"max-snippet:-1","max-image-preview":"max-image-preview:large","max-video-preview":"max-video-preview:-1"},"canonical":"https:\/\/technofluid.it\/de\/produit\/t6315-24-cassetta-teleruttore-150a-24v-ip66-b-codice-ftt631524000b00-quick\/","og_locale":"de_DE","og_type":"article","og_title":"T6315-24 CASSETTA TELERUTTORE 150A 24V IP66 B - CODICE: FTT631524000B00 - QUICK","og_description":"Scopri la cassetta teleruttore 150A 24V IP66, ideale per motori salpa ancora. Installazione semplice e protezione garantita. Acquista ora!","og_url":"https:\/\/technofluid.it\/de\/produit\/t6315-24-cassetta-teleruttore-150a-24v-ip66-b-codice-ftt631524000b00-quick\/","og_site_name":"Technofluid","article_modified_time":"2026-04-15T08:51:48+00:00","og_image":[{"width":639,"height":680,"url":"https:\/\/technofluid.it\/wp-content\/uploads\/2026\/01\/4627-T6315-24-CASSETTA-TELERUTTORE-150A-24V-IP66-B-CODICE-FTT631524000B00-QUICK.jpg","type":"image\/jpeg"}],"twitter_card":"summary_large_image","twitter_misc":{"Preis":"101,64&nbsp;&euro; Iva esclusa","Verf\u00fcgbarkeit":"ausverkauft"},"schema":{"@context":"https:\/\/schema.org","@graph":[{"@type":"WebPage","@id":"https:\/\/technofluid.it\/fr\/produit\/t6315-24-cassetta-teleruttore-150a-24v-ip66-b-codice-ftt631524000b00-quick\/","url":"https:\/\/technofluid.it\/fr\/produit\/t6315-24-cassetta-teleruttore-150a-24v-ip66-b-codice-ftt631524000b00-quick\/","name":"Sch\u00fctzgeh\u00e4use 150A 24V IP66 - Einfache Installation","isPartOf":{"@id":"https:\/\/technofluid.it\/#website"},"primaryImageOfPage":{"@id":"https:\/\/technofluid.it\/fr\/produit\/t6315-24-cassetta-teleruttore-150a-24v-ip66-b-codice-ftt631524000b00-quick\/#primaryimage"},"image":{"@id":"https:\/\/technofluid.it\/fr\/produit\/t6315-24-cassetta-teleruttore-150a-24v-ip66-b-codice-ftt631524000b00-quick\/#primaryimage"},"thumbnailUrl":"https:\/\/technofluid.it\/wp-content\/uploads\/2026\/01\/4627-T6315-24-CASSETTA-TELERUTTORE-150A-24V-IP66-B-CODICE-FTT631524000B00-QUICK.jpg","datePublished":"2025-10-25T00:04:46+00:00","dateModified":"2026-04-15T08:51:48+00:00","description":"Entdecken Sie das Sch\u00fctzgeh\u00e4use 150A 24V IP66, ideal f\u00fcr Ankerwindenmotoren. Einfache Installation und garantierter Schutz. Jetzt kaufen!","breadcrumb":{"@id":"https:\/\/technofluid.it\/fr\/produit\/t6315-24-cassetta-teleruttore-150a-24v-ip66-b-codice-ftt631524000b00-quick\/#breadcrumb"},"inLanguage":"de","potentialAction":[{"@type":"ReadAction","target":["https:\/\/technofluid.it\/fr\/produit\/t6315-24-cassetta-teleruttore-150a-24v-ip66-b-codice-ftt631524000b00-quick\/"]}]},{"@type":"ImageObject","inLanguage":"de","@id":"https:\/\/technofluid.it\/fr\/produit\/t6315-24-cassetta-teleruttore-150a-24v-ip66-b-codice-ftt631524000b00-quick\/#primaryimage","url":"https:\/\/technofluid.it\/wp-content\/uploads\/2026\/01\/4627-T6315-24-CASSETTA-TELERUTTORE-150A-24V-IP66-B-CODICE-FTT631524000B00-QUICK.jpg","contentUrl":"https:\/\/technofluid.it\/wp-content\/uploads\/2026\/01\/4627-T6315-24-CASSETTA-TELERUTTORE-150A-24V-IP66-B-CODICE-FTT631524000B00-QUICK.jpg","width":639,"height":680,"caption":"Contenitore robusto per distribuzione elettrica con connessioni sicure, ideale per applicazioni industriali e outdoor."},{"@type":"BreadcrumbList","@id":"https:\/\/technofluid.it\/fr\/produit\/t6315-24-cassetta-teleruttore-150a-24v-ip66-b-codice-ftt631524000b00-quick\/#breadcrumb","itemListElement":[{"@type":"ListItem","position":1,"name":"Home","item":"https:\/\/technofluid.it\/"},{"@type":"ListItem","position":2,"name":"Shop","item":"https:\/\/technofluid.it\/shop\/"},{"@type":"ListItem","position":3,"name":"T6315-24 CASSETTA TELERUTTORE 150A 24V IP66 B &#8211; CODICE: FTT631524000B00 &#8211; QUICK"}]},{"@type":"WebSite","@id":"https:\/\/technofluid.it\/#website","url":"https:\/\/technofluid.it\/","name":"Technofluid S.R.L.","description":"Seit 1999 haben wir uns auf Schiffs-, Sanit\u00e4r-, Zivil- und Industrieanlagen spezialisiert.","publisher":{"@id":"https:\/\/technofluid.it\/#organization"},"potentialAction":[{"@type":"SearchAction","target":{"@type":"EntryPoint","urlTemplate":"https:\/\/technofluid.it\/?s={search_term_string}"},"query-input":{"@type":"PropertyValueSpecification","valueRequired":true,"valueName":"search_term_string"}}],"inLanguage":"de"},{"@type":"Organization","@id":"https:\/\/technofluid.it\/#organization","name":"Technofluid","url":"https:\/\/technofluid.it\/","logo":{"@type":"ImageObject","inLanguage":"de","@id":"https:\/\/technofluid.it\/#\/schema\/logo\/image\/","url":"https:\/\/technofluid.it\/wp-content\/uploads\/2025\/12\/technofluid_bianco-logo.webp","contentUrl":"https:\/\/technofluid.it\/wp-content\/uploads\/2025\/12\/technofluid_bianco-logo.webp","width":350,"height":116,"caption":"Technofluid"},"image":{"@id":"https:\/\/technofluid.it\/#\/schema\/logo\/image\/"},"description":"Die Technofluid S.r.l. wurde 1999 in Barcellona Pozzo di Gotto, in der Provinz Messina, gegr\u00fcndet, mit dem Ziel, ein Bezugspunkt im Bereich der Schiffs-, Hydraulik-, Zivil- und Industrieanlagen zu werden.","email":"info@technofluid.it","telephone":"0907386877","legalName":"Technofluid S.R.L","vatID":"IT03148240835","taxID":"03148240835","ownershipFundingInfo":"https:\/\/technofluid.it\/azienda\/"}]},"product_price_amount":"101.64","product_price_currency":"EUR","og_availability":"out of stock","product_availability":"out of stock","product_retailer_item_id":"QUIC00000056","product_condition":"new"},"_links":{"self":[{"href":"https:\/\/technofluid.it\/de\/wp-json\/wp\/v2\/product\/31340","targetHints":{"allow":["GET"]}}],"collection":[{"href":"https:\/\/technofluid.it\/de\/wp-json\/wp\/v2\/product"}],"about":[{"href":"https:\/\/technofluid.it\/de\/wp-json\/wp\/v2\/types\/product"}],"replies":[{"embeddable":true,"href":"https:\/\/technofluid.it\/de\/wp-json\/wp\/v2\/comments?post=31340"}],"version-history":[{"count":0,"href":"https:\/\/technofluid.it\/de\/wp-json\/wp\/v2\/product\/31340\/revisions"}],"wp:featuredmedia":[{"embeddable":true,"href":"https:\/\/technofluid.it\/de\/wp-json\/wp\/v2\/media\/42104"}],"wp:attachment":[{"href":"https:\/\/technofluid.it\/de\/wp-json\/wp\/v2\/media?parent=31340"}],"wp:term":[{"taxonomy":"product_brand","embeddable":true,"href":"https:\/\/technofluid.it\/de\/wp-json\/wp\/v2\/product_brand?post=31340"},{"taxonomy":"product_cat","embeddable":true,"href":"https:\/\/technofluid.it\/de\/wp-json\/wp\/v2\/product_cat?post=31340"},{"taxonomy":"product_tag","embeddable":true,"href":"https:\/\/technofluid.it\/de\/wp-json\/wp\/v2\/product_tag?post=31340"}],"curies":[{"name":"wp","href":"https:\/\/api.w.org\/{rel}","templated":true}]}}