{"id":31314,"date":"2025-10-25T00:04:43","date_gmt":"2025-10-25T00:04:43","guid":{"rendered":"https:\/\/technofluid.it\/prodotto\/stopper-doppio-master-codice-3707502-motomarine\/"},"modified":"2026-01-16T13:57:46","modified_gmt":"2026-01-16T13:57:46","slug":"stopper-doppio-master-codice-3707502-motomarine","status":"publish","type":"product","link":"https:\/\/technofluid.it\/de\/produkt\/stopper-doppio-master-codice-3707502-motomarine\/","title":{"rendered":"Doppelstopper Master \u2013 Code: 3707502 \u2013 Motomarine"},"content":{"rendered":"<p>Doppelstopper Master \u2013 Code: 3707502 \u2013 Motomarine<\/p>","protected":false},"excerpt":{"rendered":"<p>DOPPELTES STOPPER MASTER 8-14 mm<\/p>","protected":false},"featured_media":42048,"comment_status":"open","ping_status":"closed","template":"","meta":{"_acf_changed":false,"_monsterinsights_skip_tracking":false,"_monsterinsights_sitenote_active":false,"_monsterinsights_sitenote_note":"","_monsterinsights_sitenote_category":0,"site-sidebar-layout":"default","site-content-layout":"","ast-site-content-layout":"default","site-content-style":"default","site-sidebar-style":"default","ast-global-header-display":"","ast-banner-title-visibility":"","ast-main-header-display":"","ast-hfb-above-header-display":"","ast-hfb-below-header-display":"","ast-hfb-mobile-header-display":"","site-post-title":"","ast-breadcrumbs-content":"","ast-featured-img":"","footer-sml-layout":"","ast-disable-related-posts":"","theme-transparent-header-meta":"","adv-header-id-meta":"","stick-header-meta":"","header-above-stick-meta":"","header-main-stick-meta":"","header-below-stick-meta":"","astra-migrate-meta-layouts":"default","ast-page-background-enabled":"default","ast-page-background-meta":{"desktop":{"background-color":"var(--ast-global-color-5)","background-image":"","background-repeat":"repeat","background-position":"center center","background-size":"auto","background-attachment":"scroll","background-type":"","background-media":"","overlay-type":"","overlay-color":"","overlay-opacity":"","overlay-gradient":""},"tablet":{"background-color":"","background-image":"","background-repeat":"repeat","background-position":"center center","background-size":"auto","background-attachment":"scroll","background-type":"","background-media":"","overlay-type":"","overlay-color":"","overlay-opacity":"","overlay-gradient":""},"mobile":{"background-color":"","background-image":"","background-repeat":"repeat","background-position":"center center","background-size":"auto","background-attachment":"scroll","background-type":"","background-media":"","overlay-type":"","overlay-color":"","overlay-opacity":"","overlay-gradient":""}},"ast-content-background-meta":{"desktop":{"background-color":"var(--ast-global-color-4)","background-image":"","background-repeat":"repeat","background-position":"center center","background-size":"auto","background-attachment":"scroll","background-type":"","background-media":"","overlay-type":"","overlay-color":"","overlay-opacity":"","overlay-gradient":""},"tablet":{"background-color":"var(--ast-global-color-4)","background-image":"","background-repeat":"repeat","background-position":"center center","background-size":"auto","background-attachment":"scroll","background-type":"","background-media":"","overlay-type":"","overlay-color":"","overlay-opacity":"","overlay-gradient":""},"mobile":{"background-color":"var(--ast-global-color-4)","background-image":"","background-repeat":"repeat","background-position":"center center","background-size":"auto","background-attachment":"scroll","background-type":"","background-media":"","overlay-type":"","overlay-color":"","overlay-opacity":"","overlay-gradient":""}}},"product_brand":[],"product_cat":[122,121],"product_tag":[7666,3502,7667,3100,7668,7669],"class_list":{"0":"post-31314","1":"product","2":"type-product","3":"status-publish","4":"has-post-thumbnail","6":"product_cat-vela-e-accessori","7":"product_cat-vela-e-sport","8":"product_tag-7666","9":"product_tag-doppio","10":"product_tag-master","11":"product_tag-motomarine","12":"product_tag-stopper","13":"product_tag-stopper-doppio-master-codice","14":"pa_supplier-motomarine-s-r-l","15":"desktop-align-left","16":"tablet-align-left","17":"mobile-align-left","19":"first","20":"outofstock","21":"taxable","22":"shipping-taxable","23":"purchasable","24":"product-type-simple"},"acf":[],"yoast_head":"<!-- This site is optimized with the Yoast SEO Premium plugin v26.7 (Yoast SEO v26.9) - https:\/\/yoast.com\/product\/yoast-seo-premium-wordpress\/ -->\n<title>Stopper Doppio Master: Controllo Scotte Preciso e Sicuro<\/title>\n<meta name=\"description\" content=\"Scopri lo Stopper Doppio Master per scotte 8-14 mm. Blocca e regola le scotte con precisione durante la navigazione. Acquista ora!\" \/>\n<meta name=\"robots\" content=\"index, follow, max-snippet:-1, max-image-preview:large, max-video-preview:-1\" \/>\n<link rel=\"canonical\" href=\"https:\/\/technofluid.it\/de\/produkt\/stopper-doppio-master-codice-3707502-motomarine\/\" \/>\n<meta property=\"og:locale\" content=\"de_DE\" \/>\n<meta property=\"og:type\" content=\"article\" \/>\n<meta property=\"og:title\" content=\"Stopper doppio Master &ndash; codice: 3707502 &ndash; Motomarine\" \/>\n<meta property=\"og:description\" content=\"Scopri lo Stopper Doppio Master per scotte 8-14 mm. Blocca e regola le scotte con precisione durante la navigazione. Acquista ora!\" \/>\n<meta property=\"og:url\" content=\"https:\/\/technofluid.it\/de\/produkt\/stopper-doppio-master-codice-3707502-motomarine\/\" \/>\n<meta property=\"og:site_name\" content=\"Technofluid\" \/>\n<meta property=\"article:modified_time\" content=\"2026-01-16T13:57:46+00:00\" \/>\n<meta property=\"og:image\" content=\"https:\/\/technofluid.it\/wp-content\/uploads\/2026\/01\/1715-Stopper-doppio-Master-codice-3707502-Motomarine.jpg\" \/>\n\t<meta property=\"og:image:width\" content=\"200\" \/>\n\t<meta property=\"og:image:height\" content=\"144\" \/>\n\t<meta property=\"og:image:type\" content=\"image\/jpeg\" \/>\n<meta name=\"twitter:card\" content=\"summary_large_image\" \/>\n<meta name=\"twitter:label1\" content=\"Preis\" \/>\n\t<meta name=\"twitter:data1\" content=\"148,36&nbsp;&euro; Iva esclusa\" \/>\n\t<meta name=\"twitter:label2\" content=\"Verf\u00fcgbarkeit\" \/>\n\t<meta name=\"twitter:data2\" content=\"ausverkauft\" \/>\n<script type=\"application\/ld+json\" class=\"yoast-schema-graph\">{\"@context\":\"https:\/\/schema.org\",\"@graph\":[{\"@type\":\"WebPage\",\"@id\":\"https:\/\/technofluid.it\/prodotto\/stopper-doppio-master-codice-3707502-motomarine\/\",\"url\":\"https:\/\/technofluid.it\/prodotto\/stopper-doppio-master-codice-3707502-motomarine\/\",\"name\":\"Stopper Doppio Master: Controllo Scotte Preciso e Sicuro\",\"isPartOf\":{\"@id\":\"https:\/\/technofluid.it\/#website\"},\"primaryImageOfPage\":{\"@id\":\"https:\/\/technofluid.it\/prodotto\/stopper-doppio-master-codice-3707502-motomarine\/#primaryimage\"},\"image\":{\"@id\":\"https:\/\/technofluid.it\/prodotto\/stopper-doppio-master-codice-3707502-motomarine\/#primaryimage\"},\"thumbnailUrl\":\"https:\/\/technofluid.it\/wp-content\/uploads\/2026\/01\/1715-Stopper-doppio-Master-codice-3707502-Motomarine.jpg\",\"datePublished\":\"2025-10-25T00:04:43+00:00\",\"dateModified\":\"2026-01-16T13:57:46+00:00\",\"description\":\"Scopri lo Stopper Doppio Master per scotte 8-14 mm. Blocca e regola le scotte con precisione durante la navigazione. Acquista ora!\",\"breadcrumb\":{\"@id\":\"https:\/\/technofluid.it\/prodotto\/stopper-doppio-master-codice-3707502-motomarine\/#breadcrumb\"},\"inLanguage\":\"de\",\"potentialAction\":[{\"@type\":\"ReadAction\",\"target\":[\"https:\/\/technofluid.it\/prodotto\/stopper-doppio-master-codice-3707502-motomarine\/\"]}]},{\"@type\":\"ImageObject\",\"inLanguage\":\"de\",\"@id\":\"https:\/\/technofluid.it\/prodotto\/stopper-doppio-master-codice-3707502-motomarine\/#primaryimage\",\"url\":\"https:\/\/technofluid.it\/wp-content\/uploads\/2026\/01\/1715-Stopper-doppio-Master-codice-3707502-Motomarine.jpg\",\"contentUrl\":\"https:\/\/technofluid.it\/wp-content\/uploads\/2026\/01\/1715-Stopper-doppio-Master-codice-3707502-Motomarine.jpg\",\"width\":200,\"height\":144,\"caption\":\"Stopper doppio Master, compatibile con motori marini, codice 3707502, ideale per applicazioni nautiche.\"},{\"@type\":\"BreadcrumbList\",\"@id\":\"https:\/\/technofluid.it\/prodotto\/stopper-doppio-master-codice-3707502-motomarine\/#breadcrumb\",\"itemListElement\":[{\"@type\":\"ListItem\",\"position\":1,\"name\":\"Home\",\"item\":\"https:\/\/technofluid.it\/\"},{\"@type\":\"ListItem\",\"position\":2,\"name\":\"Shop\",\"item\":\"https:\/\/technofluid.it\/shop\/\"},{\"@type\":\"ListItem\",\"position\":3,\"name\":\"Stopper doppio Master &ndash; codice: 3707502 &ndash; Motomarine\"}]},{\"@type\":\"WebSite\",\"@id\":\"https:\/\/technofluid.it\/#website\",\"url\":\"https:\/\/technofluid.it\/\",\"name\":\"Technofluid S.R.L.\",\"description\":\"Dal 1999 siamo specializzati nell&#039;impiantistica navale, idraulica, civile e industriale\",\"publisher\":{\"@id\":\"https:\/\/technofluid.it\/#organization\"},\"potentialAction\":[{\"@type\":\"SearchAction\",\"target\":{\"@type\":\"EntryPoint\",\"urlTemplate\":\"https:\/\/technofluid.it\/?s={search_term_string}\"},\"query-input\":{\"@type\":\"PropertyValueSpecification\",\"valueRequired\":true,\"valueName\":\"search_term_string\"}}],\"inLanguage\":\"de\"},{\"@type\":\"Organization\",\"@id\":\"https:\/\/technofluid.it\/#organization\",\"name\":\"Technofluid\",\"url\":\"https:\/\/technofluid.it\/\",\"logo\":{\"@type\":\"ImageObject\",\"inLanguage\":\"de\",\"@id\":\"https:\/\/technofluid.it\/#\/schema\/logo\/image\/\",\"url\":\"https:\/\/technofluid.it\/wp-content\/uploads\/2025\/12\/technofluid_bianco-logo.webp\",\"contentUrl\":\"https:\/\/technofluid.it\/wp-content\/uploads\/2025\/12\/technofluid_bianco-logo.webp\",\"width\":350,\"height\":116,\"caption\":\"Technofluid\"},\"image\":{\"@id\":\"https:\/\/technofluid.it\/#\/schema\/logo\/image\/\"},\"description\":\"La Technofluid S.r.l. nasce nel 1999 a Barcellona Pozzo di Gotto, in provincia di Messina, con l\u2019obiettivo di diventare un punto di riferimento nel settore dell\u2019impiantistica navale, idraulica, civile e industriale.\",\"email\":\"info@technofluid.it\",\"telephone\":\"0907386877\",\"legalName\":\"Technofluid S.R.L\",\"vatID\":\"IT03148240835\",\"taxID\":\"03148240835\",\"ownershipFundingInfo\":\"https:\/\/technofluid.it\/azienda\/\"}]}<\/script>\n<meta property=\"product:price:amount\" content=\"148.36\" \/>\n<meta property=\"product:price:currency\" content=\"EUR\" \/>\n<meta property=\"og:availability\" content=\"out of stock\" \/>\n<meta property=\"product:availability\" content=\"out of stock\" \/>\n<meta property=\"product:retailer_item_id\" content=\"MOTO00000130\" \/>\n<meta property=\"product:condition\" content=\"new\" \/>\n<!-- \/ Yoast SEO Premium plugin. -->","yoast_head_json":{"title":"Stopper Doppio Master: Pr\u00e4zise und sichere Schotkontrolle","description":"Entdecken Sie den Doppel-Master-Stopper f\u00fcr Fallen 8-14 mm. Blockieren und justieren Sie die Fallen pr\u00e4zise w\u00e4hrend der Navigation. Jetzt kaufen!","robots":{"index":"index","follow":"follow","max-snippet":"max-snippet:-1","max-image-preview":"max-image-preview:large","max-video-preview":"max-video-preview:-1"},"canonical":"https:\/\/technofluid.it\/de\/produkt\/stopper-doppio-master-codice-3707502-motomarine\/","og_locale":"de_DE","og_type":"article","og_title":"Stopper doppio Master &ndash; codice: 3707502 &ndash; Motomarine","og_description":"Scopri lo Stopper Doppio Master per scotte 8-14 mm. Blocca e regola le scotte con precisione durante la navigazione. Acquista ora!","og_url":"https:\/\/technofluid.it\/de\/produkt\/stopper-doppio-master-codice-3707502-motomarine\/","og_site_name":"Technofluid","article_modified_time":"2026-01-16T13:57:46+00:00","og_image":[{"width":200,"height":144,"url":"https:\/\/technofluid.it\/wp-content\/uploads\/2026\/01\/1715-Stopper-doppio-Master-codice-3707502-Motomarine.jpg","type":"image\/jpeg"}],"twitter_card":"summary_large_image","twitter_misc":{"Preis":"148,36&nbsp;&euro; Iva esclusa","Verf\u00fcgbarkeit":"ausverkauft"},"schema":{"@context":"https:\/\/schema.org","@graph":[{"@type":"WebPage","@id":"https:\/\/technofluid.it\/prodotto\/stopper-doppio-master-codice-3707502-motomarine\/","url":"https:\/\/technofluid.it\/prodotto\/stopper-doppio-master-codice-3707502-motomarine\/","name":"Stopper Doppio Master: Pr\u00e4zise und sichere Schotkontrolle","isPartOf":{"@id":"https:\/\/technofluid.it\/#website"},"primaryImageOfPage":{"@id":"https:\/\/technofluid.it\/prodotto\/stopper-doppio-master-codice-3707502-motomarine\/#primaryimage"},"image":{"@id":"https:\/\/technofluid.it\/prodotto\/stopper-doppio-master-codice-3707502-motomarine\/#primaryimage"},"thumbnailUrl":"https:\/\/technofluid.it\/wp-content\/uploads\/2026\/01\/1715-Stopper-doppio-Master-codice-3707502-Motomarine.jpg","datePublished":"2025-10-25T00:04:43+00:00","dateModified":"2026-01-16T13:57:46+00:00","description":"Entdecken Sie den Doppel-Master-Stopper f\u00fcr Fallen 8-14 mm. Blockieren und justieren Sie die Fallen pr\u00e4zise w\u00e4hrend der Navigation. Jetzt kaufen!","breadcrumb":{"@id":"https:\/\/technofluid.it\/prodotto\/stopper-doppio-master-codice-3707502-motomarine\/#breadcrumb"},"inLanguage":"de","potentialAction":[{"@type":"ReadAction","target":["https:\/\/technofluid.it\/prodotto\/stopper-doppio-master-codice-3707502-motomarine\/"]}]},{"@type":"ImageObject","inLanguage":"de","@id":"https:\/\/technofluid.it\/prodotto\/stopper-doppio-master-codice-3707502-motomarine\/#primaryimage","url":"https:\/\/technofluid.it\/wp-content\/uploads\/2026\/01\/1715-Stopper-doppio-Master-codice-3707502-Motomarine.jpg","contentUrl":"https:\/\/technofluid.it\/wp-content\/uploads\/2026\/01\/1715-Stopper-doppio-Master-codice-3707502-Motomarine.jpg","width":200,"height":144,"caption":"Stopper doppio Master, compatibile con motori marini, codice 3707502, ideale per applicazioni nautiche."},{"@type":"BreadcrumbList","@id":"https:\/\/technofluid.it\/prodotto\/stopper-doppio-master-codice-3707502-motomarine\/#breadcrumb","itemListElement":[{"@type":"ListItem","position":1,"name":"Home","item":"https:\/\/technofluid.it\/"},{"@type":"ListItem","position":2,"name":"Shop","item":"https:\/\/technofluid.it\/shop\/"},{"@type":"ListItem","position":3,"name":"Stopper doppio Master &ndash; codice: 3707502 &ndash; Motomarine"}]},{"@type":"WebSite","@id":"https:\/\/technofluid.it\/#website","url":"https:\/\/technofluid.it\/","name":"Technofluid S.R.L.","description":"Seit 1999 haben wir uns auf Schiffs-, Sanit\u00e4r-, Zivil- und Industrieanlagen spezialisiert.","publisher":{"@id":"https:\/\/technofluid.it\/#organization"},"potentialAction":[{"@type":"SearchAction","target":{"@type":"EntryPoint","urlTemplate":"https:\/\/technofluid.it\/?s={search_term_string}"},"query-input":{"@type":"PropertyValueSpecification","valueRequired":true,"valueName":"search_term_string"}}],"inLanguage":"de"},{"@type":"Organization","@id":"https:\/\/technofluid.it\/#organization","name":"Technofluid","url":"https:\/\/technofluid.it\/","logo":{"@type":"ImageObject","inLanguage":"de","@id":"https:\/\/technofluid.it\/#\/schema\/logo\/image\/","url":"https:\/\/technofluid.it\/wp-content\/uploads\/2025\/12\/technofluid_bianco-logo.webp","contentUrl":"https:\/\/technofluid.it\/wp-content\/uploads\/2025\/12\/technofluid_bianco-logo.webp","width":350,"height":116,"caption":"Technofluid"},"image":{"@id":"https:\/\/technofluid.it\/#\/schema\/logo\/image\/"},"description":"Die Technofluid S.r.l. wurde 1999 in Barcellona Pozzo di Gotto, in der Provinz Messina, gegr\u00fcndet, mit dem Ziel, ein Bezugspunkt im Bereich der Schiffs-, Hydraulik-, Zivil- und Industrieanlagen zu werden.","email":"info@technofluid.it","telephone":"0907386877","legalName":"Technofluid S.R.L","vatID":"IT03148240835","taxID":"03148240835","ownershipFundingInfo":"https:\/\/technofluid.it\/azienda\/"}]},"product_price_amount":"148.36","product_price_currency":"EUR","og_availability":"out of stock","product_availability":"out of stock","product_retailer_item_id":"MOTO00000130","product_condition":"new"},"_links":{"self":[{"href":"https:\/\/technofluid.it\/de\/wp-json\/wp\/v2\/product\/31314","targetHints":{"allow":["GET"]}}],"collection":[{"href":"https:\/\/technofluid.it\/de\/wp-json\/wp\/v2\/product"}],"about":[{"href":"https:\/\/technofluid.it\/de\/wp-json\/wp\/v2\/types\/product"}],"replies":[{"embeddable":true,"href":"https:\/\/technofluid.it\/de\/wp-json\/wp\/v2\/comments?post=31314"}],"version-history":[{"count":0,"href":"https:\/\/technofluid.it\/de\/wp-json\/wp\/v2\/product\/31314\/revisions"}],"wp:featuredmedia":[{"embeddable":true,"href":"https:\/\/technofluid.it\/de\/wp-json\/wp\/v2\/media\/42048"}],"wp:attachment":[{"href":"https:\/\/technofluid.it\/de\/wp-json\/wp\/v2\/media?parent=31314"}],"wp:term":[{"taxonomy":"product_brand","embeddable":true,"href":"https:\/\/technofluid.it\/de\/wp-json\/wp\/v2\/product_brand?post=31314"},{"taxonomy":"product_cat","embeddable":true,"href":"https:\/\/technofluid.it\/de\/wp-json\/wp\/v2\/product_cat?post=31314"},{"taxonomy":"product_tag","embeddable":true,"href":"https:\/\/technofluid.it\/de\/wp-json\/wp\/v2\/product_tag?post=31314"}],"curies":[{"name":"wp","href":"https:\/\/api.w.org\/{rel}","templated":true}]}}