{"id":31236,"date":"2025-10-25T00:04:34","date_gmt":"2025-10-25T00:04:34","guid":{"rendered":"https:\/\/technofluid.it\/prodotto\/smartbact-kit-500-codice-scc600032-hcc100001-tecnosystemi\/"},"modified":"2026-04-15T09:12:27","modified_gmt":"2026-04-15T08:12:27","slug":"smartbact-kit-500-codice-scc600032-hcc100001-tecnosystemi","status":"publish","type":"product","link":"https:\/\/technofluid.it\/de\/produkt\/smartbact-kit-500-code-scc600032-hcc100001-technosystemi\/","title":{"rendered":"SmartBact Kit 500 - Code: SCC600032 \/ HCC100001 - Tecnosystemi"},"content":{"rendered":"<p>SANIBACT ist das speziell in den Errecom-Laboren entwickelte Desinfektionsmittel zur Reinigung von Verdampfern, L\u00fcftungskan\u00e4len und allen Oberfl\u00e4chen, bei denen ein tiefgehendes Desinfektionsniveau gew\u00fcnscht wird.<\/p>\n<p>\n<p>&nbsp;<\/p>\n<p>\nSANIBACT ist au\u00dferdem ein wirksames Reinigungsmittel, das w\u00e4hrend des Reinigungsprozesses das h\u00f6chste Hygieneniveau gew\u00e4hrleistet.<\/p>\n<p>SANIBACT, ein HACCP-Produkt, ist die ideale L\u00f6sung f\u00fcr folgende Anwendungen<\/p>\n<p>Krankenh\u00e4user und Pflegeheime<\/p>\n<p>Arztpraxen und Ambulanzen<\/p>\n<p>Schulen<\/p>\n<p>Sportanlagen<\/p>\n<p>Wellnesszentren<\/p>\n<p>Metzgereien<\/p>\n<p>S\u00fc\u00dfwarenindustrie<\/p>\n<p>B\u00e4ckereien,<\/p>\n<p>Bars und Restaurants<\/p>\n<p>Eisdielen<\/p>\n<p>Hotels<\/p>\n<p>Fleisch-, Fisch- und Gem\u00fcseverarbeitende Industrie.<\/p>\n<p>Das Produkt hinterl\u00e4sst keine Ger\u00fcche oder R\u00fcckst\u00e4nde.\n<\/p>\n<\/p>\n<\/p>\n<p>\nSANIBACT ist wirksam gegen folgende Viren:<\/p>\n<p>Grippe, Hepatitis B\/C, HIV, Rotavirus, Norovirus und Ebola-Virus.\n<\/p>\n<p>&nbsp;<\/p>\n<p>\n<b>Gebrauchsanweisung:<br \/>\n<\/b>\n<\/p>\n<p>&nbsp;<\/p>\n<p>SANIBACT 1:25 in Wasser verd\u00fcnnen.&nbsp;<\/p>\n<p>\nMit Spr\u00fchkopf oder Dosierpumpe (auch manuell, wie bei Pflanzenschutzmitteln) auf die Oberfl\u00e4che auftragen, um eine gleichm\u00e4\u00dfige und vollst\u00e4ndige Verteilung des Produkts zu gew\u00e4hrleisten. Nach 15 Minuten absp\u00fclen.<\/p>\n<p>Produkt f\u00fcr den professionellen Gebrauch, geeignete Schutzkleidung tragen.\n<\/p>\n<p>&nbsp;<\/p>\n<p>Die Anweisungen auf dem Etikett sorgf\u00e4ltig lesen.<\/p>","protected":false},"excerpt":{"rendered":"<p><b>Gebrauchsanweisung: <\/b><\/p>\n<p>SANIBACT 1:25 in Wasser verd\u00fcnnen.<\/p>\n<p>Erogare sulla superficie con trigger o pompa erogatrice (anche manuale, uguale al tipo utilizzato per erogare fitofarmaci), per garantire una omogenea e completa diffusione del prodotto. Risciacquare dopo 15 minuti. Prodotto per uso professionale, utilizzare indumenti protettivi adeguati.<\/p>\n<p>Die Anweisungen auf dem Etikett sorgf\u00e4ltig lesen.<\/p>","protected":false},"featured_media":41880,"comment_status":"open","ping_status":"closed","template":"","meta":{"_acf_changed":false,"_monsterinsights_skip_tracking":false,"_monsterinsights_sitenote_active":false,"_monsterinsights_sitenote_note":"","_monsterinsights_sitenote_category":0,"site-sidebar-layout":"default","site-content-layout":"","ast-site-content-layout":"default","site-content-style":"default","site-sidebar-style":"default","ast-global-header-display":"","ast-banner-title-visibility":"","ast-main-header-display":"","ast-hfb-above-header-display":"","ast-hfb-below-header-display":"","ast-hfb-mobile-header-display":"","site-post-title":"","ast-breadcrumbs-content":"","ast-featured-img":"","footer-sml-layout":"","ast-disable-related-posts":"","theme-transparent-header-meta":"","adv-header-id-meta":"","stick-header-meta":"","header-above-stick-meta":"","header-main-stick-meta":"","header-below-stick-meta":"","astra-migrate-meta-layouts":"default","ast-page-background-enabled":"default","ast-page-background-meta":{"desktop":{"background-color":"var(--ast-global-color-5)","background-image":"","background-repeat":"repeat","background-position":"center center","background-size":"auto","background-attachment":"scroll","background-type":"","background-media":"","overlay-type":"","overlay-color":"","overlay-opacity":"","overlay-gradient":""},"tablet":{"background-color":"","background-image":"","background-repeat":"repeat","background-position":"center center","background-size":"auto","background-attachment":"scroll","background-type":"","background-media":"","overlay-type":"","overlay-color":"","overlay-opacity":"","overlay-gradient":""},"mobile":{"background-color":"","background-image":"","background-repeat":"repeat","background-position":"center center","background-size":"auto","background-attachment":"scroll","background-type":"","background-media":"","overlay-type":"","overlay-color":"","overlay-opacity":"","overlay-gradient":""}},"ast-content-background-meta":{"desktop":{"background-color":"var(--ast-global-color-4)","background-image":"","background-repeat":"repeat","background-position":"center center","background-size":"auto","background-attachment":"scroll","background-type":"","background-media":"","overlay-type":"","overlay-color":"","overlay-opacity":"","overlay-gradient":""},"tablet":{"background-color":"var(--ast-global-color-4)","background-image":"","background-repeat":"repeat","background-position":"center center","background-size":"auto","background-attachment":"scroll","background-type":"","background-media":"","overlay-type":"","overlay-color":"","overlay-opacity":"","overlay-gradient":""},"mobile":{"background-color":"var(--ast-global-color-4)","background-image":"","background-repeat":"repeat","background-position":"center center","background-size":"auto","background-attachment":"scroll","background-type":"","background-media":"","overlay-type":"","overlay-color":"","overlay-opacity":"","overlay-gradient":""}}},"product_brand":[],"product_cat":[101,798],"product_tag":[4537],"class_list":{"0":"post-31236","1":"product","2":"type-product","3":"status-publish","4":"has-post-thumbnail","6":"product_cat-arredo-e-comfort","7":"product_cat-sanificazione","8":"product_tag-disinfettante","9":"pa_supplier-tecnosystemi-s-p-a-societ-benefit","10":"desktop-align-left","11":"tablet-align-left","12":"mobile-align-left","14":"first","15":"instock","16":"taxable","17":"shipping-taxable","18":"purchasable","19":"product-type-simple"},"acf":[],"yoast_head":"<!-- This site is optimized with the Yoast SEO Premium plugin v26.7 (Yoast SEO v26.9) - https:\/\/yoast.com\/product\/yoast-seo-premium-wordpress\/ -->\n<title>Disinfettante SANIBACT: pulizia profonda e igiene HACCP<\/title>\n<meta name=\"description\" content=\"Scopri SANIBACT, il disinfettante HACCP ideale per superfici e ambienti. Efficace contro virus, senza odori o residui. Acquista ora!\" \/>\n<meta name=\"robots\" content=\"index, follow, max-snippet:-1, max-image-preview:large, max-video-preview:-1\" \/>\n<link rel=\"canonical\" href=\"https:\/\/technofluid.it\/de\/produkt\/smartbact-kit-500-code-scc600032-hcc100001-technosystemi\/\" \/>\n<meta property=\"og:locale\" content=\"de_DE\" \/>\n<meta property=\"og:type\" content=\"article\" \/>\n<meta property=\"og:title\" content=\"SmartBact Kit 500 &ndash; codice: SCC600032 \/ HCC100001 &ndash; Tecnosystemi\" \/>\n<meta property=\"og:description\" content=\"Scopri SANIBACT, il disinfettante HACCP ideale per superfici e ambienti. Efficace contro virus, senza odori o residui. Acquista ora!\" \/>\n<meta property=\"og:url\" content=\"https:\/\/technofluid.it\/de\/produkt\/smartbact-kit-500-code-scc600032-hcc100001-technosystemi\/\" \/>\n<meta property=\"og:site_name\" content=\"Technofluid\" \/>\n<meta property=\"article:modified_time\" content=\"2026-04-15T08:12:27+00:00\" \/>\n<meta property=\"og:image\" content=\"https:\/\/technofluid.it\/wp-content\/uploads\/2026\/01\/103-SMARTBACT-KIT-500-CODICE-SCC600032-HCC100001-TECNOSYSTEMI.jpg\" \/>\n\t<meta property=\"og:image:width\" content=\"800\" \/>\n\t<meta property=\"og:image:height\" content=\"800\" \/>\n\t<meta property=\"og:image:type\" content=\"image\/jpeg\" \/>\n<meta name=\"twitter:card\" content=\"summary_large_image\" \/>\n<meta name=\"twitter:label1\" content=\"Preis\" \/>\n\t<meta name=\"twitter:data1\" content=\"28,69&nbsp;&euro; Iva esclusa\" \/>\n\t<meta name=\"twitter:label2\" content=\"Verf\u00fcgbarkeit\" \/>\n\t<meta name=\"twitter:data2\" content=\"Auf Lager\" \/>\n<script type=\"application\/ld+json\" class=\"yoast-schema-graph\">{\"@context\":\"https:\/\/schema.org\",\"@graph\":[{\"@type\":\"WebPage\",\"@id\":\"https:\/\/technofluid.it\/prodotto\/smartbact-kit-500-codice-scc600032-hcc100001-tecnosystemi\/\",\"url\":\"https:\/\/technofluid.it\/prodotto\/smartbact-kit-500-codice-scc600032-hcc100001-tecnosystemi\/\",\"name\":\"Disinfettante SANIBACT: pulizia profonda e igiene HACCP\",\"isPartOf\":{\"@id\":\"https:\/\/technofluid.it\/#website\"},\"primaryImageOfPage\":{\"@id\":\"https:\/\/technofluid.it\/prodotto\/smartbact-kit-500-codice-scc600032-hcc100001-tecnosystemi\/#primaryimage\"},\"image\":{\"@id\":\"https:\/\/technofluid.it\/prodotto\/smartbact-kit-500-codice-scc600032-hcc100001-tecnosystemi\/#primaryimage\"},\"thumbnailUrl\":\"https:\/\/technofluid.it\/wp-content\/uploads\/2026\/01\/103-SMARTBACT-KIT-500-CODICE-SCC600032-HCC100001-TECNOSYSTEMI.jpg\",\"datePublished\":\"2025-10-25T00:04:34+00:00\",\"dateModified\":\"2026-04-15T08:12:27+00:00\",\"description\":\"Scopri SANIBACT, il disinfettante HACCP ideale per superfici e ambienti. Efficace contro virus, senza odori o residui. Acquista ora!\",\"breadcrumb\":{\"@id\":\"https:\/\/technofluid.it\/prodotto\/smartbact-kit-500-codice-scc600032-hcc100001-tecnosystemi\/#breadcrumb\"},\"inLanguage\":\"de\",\"potentialAction\":[{\"@type\":\"ReadAction\",\"target\":[\"https:\/\/technofluid.it\/prodotto\/smartbact-kit-500-codice-scc600032-hcc100001-tecnosystemi\/\"]}]},{\"@type\":\"ImageObject\",\"inLanguage\":\"de\",\"@id\":\"https:\/\/technofluid.it\/prodotto\/smartbact-kit-500-codice-scc600032-hcc100001-tecnosystemi\/#primaryimage\",\"url\":\"https:\/\/technofluid.it\/wp-content\/uploads\/2026\/01\/103-SMARTBACT-KIT-500-CODICE-SCC600032-HCC100001-TECNOSYSTEMI.jpg\",\"contentUrl\":\"https:\/\/technofluid.it\/wp-content\/uploads\/2026\/01\/103-SMARTBACT-KIT-500-CODICE-SCC600032-HCC100001-TECNOSYSTEMI.jpg\",\"width\":800,\"height\":800,\"caption\":\"Kit di disinfettanti SmartBact per uso medico, con confezione e spray.\"},{\"@type\":\"BreadcrumbList\",\"@id\":\"https:\/\/technofluid.it\/prodotto\/smartbact-kit-500-codice-scc600032-hcc100001-tecnosystemi\/#breadcrumb\",\"itemListElement\":[{\"@type\":\"ListItem\",\"position\":1,\"name\":\"Home\",\"item\":\"https:\/\/technofluid.it\/\"},{\"@type\":\"ListItem\",\"position\":2,\"name\":\"Shop\",\"item\":\"https:\/\/technofluid.it\/shop\/\"},{\"@type\":\"ListItem\",\"position\":3,\"name\":\"SmartBact Kit 500 &ndash; codice: SCC600032 \/ HCC100001 &ndash; Tecnosystemi\"}]},{\"@type\":\"WebSite\",\"@id\":\"https:\/\/technofluid.it\/#website\",\"url\":\"https:\/\/technofluid.it\/\",\"name\":\"Technofluid S.R.L.\",\"description\":\"Dal 1999 siamo specializzati nell&#039;impiantistica navale, idraulica, civile e industriale\",\"publisher\":{\"@id\":\"https:\/\/technofluid.it\/#organization\"},\"potentialAction\":[{\"@type\":\"SearchAction\",\"target\":{\"@type\":\"EntryPoint\",\"urlTemplate\":\"https:\/\/technofluid.it\/?s={search_term_string}\"},\"query-input\":{\"@type\":\"PropertyValueSpecification\",\"valueRequired\":true,\"valueName\":\"search_term_string\"}}],\"inLanguage\":\"de\"},{\"@type\":\"Organization\",\"@id\":\"https:\/\/technofluid.it\/#organization\",\"name\":\"Technofluid\",\"url\":\"https:\/\/technofluid.it\/\",\"logo\":{\"@type\":\"ImageObject\",\"inLanguage\":\"de\",\"@id\":\"https:\/\/technofluid.it\/#\/schema\/logo\/image\/\",\"url\":\"https:\/\/technofluid.it\/wp-content\/uploads\/2025\/12\/technofluid_bianco-logo.webp\",\"contentUrl\":\"https:\/\/technofluid.it\/wp-content\/uploads\/2025\/12\/technofluid_bianco-logo.webp\",\"width\":350,\"height\":116,\"caption\":\"Technofluid\"},\"image\":{\"@id\":\"https:\/\/technofluid.it\/#\/schema\/logo\/image\/\"},\"description\":\"La Technofluid S.r.l. nasce nel 1999 a Barcellona Pozzo di Gotto, in provincia di Messina, con l\u2019obiettivo di diventare un punto di riferimento nel settore dell\u2019impiantistica navale, idraulica, civile e industriale.\",\"email\":\"info@technofluid.it\",\"telephone\":\"0907386877\",\"legalName\":\"Technofluid S.R.L\",\"vatID\":\"IT03148240835\",\"taxID\":\"03148240835\",\"ownershipFundingInfo\":\"https:\/\/technofluid.it\/azienda\/\"}]}<\/script>\n<meta property=\"product:price:amount\" content=\"28.69\" \/>\n<meta property=\"product:price:currency\" content=\"EUR\" \/>\n<meta property=\"og:availability\" content=\"instock\" \/>\n<meta property=\"product:availability\" content=\"instock\" \/>\n<meta property=\"product:retailer_item_id\" content=\"TECNOS00002\" \/>\n<meta property=\"product:condition\" content=\"new\" \/>\n<!-- \/ Yoast SEO Premium plugin. -->","yoast_head_json":{"title":"Desinfektionsmittel SANIBACT: gr\u00fcndliche Reinigung und HACCP-Hygiene","description":"Entdecken Sie SANIBACT, das ideale HACCP-Desinfektionsmittel f\u00fcr Oberfl\u00e4chen und R\u00e4ume. Wirksam gegen Viren, geruchlos und r\u00fcckstandsfrei. Jetzt kaufen!","robots":{"index":"index","follow":"follow","max-snippet":"max-snippet:-1","max-image-preview":"max-image-preview:large","max-video-preview":"max-video-preview:-1"},"canonical":"https:\/\/technofluid.it\/de\/produkt\/smartbact-kit-500-code-scc600032-hcc100001-technosystemi\/","og_locale":"de_DE","og_type":"article","og_title":"SmartBact Kit 500 &ndash; codice: SCC600032 \/ HCC100001 &ndash; Tecnosystemi","og_description":"Scopri SANIBACT, il disinfettante HACCP ideale per superfici e ambienti. Efficace contro virus, senza odori o residui. Acquista ora!","og_url":"https:\/\/technofluid.it\/de\/produkt\/smartbact-kit-500-code-scc600032-hcc100001-technosystemi\/","og_site_name":"Technofluid","article_modified_time":"2026-04-15T08:12:27+00:00","og_image":[{"width":800,"height":800,"url":"https:\/\/technofluid.it\/wp-content\/uploads\/2026\/01\/103-SMARTBACT-KIT-500-CODICE-SCC600032-HCC100001-TECNOSYSTEMI.jpg","type":"image\/jpeg"}],"twitter_card":"summary_large_image","twitter_misc":{"Preis":"28,69&nbsp;&euro; Iva esclusa","Verf\u00fcgbarkeit":"Auf Lager"},"schema":{"@context":"https:\/\/schema.org","@graph":[{"@type":"WebPage","@id":"https:\/\/technofluid.it\/prodotto\/smartbact-kit-500-codice-scc600032-hcc100001-tecnosystemi\/","url":"https:\/\/technofluid.it\/prodotto\/smartbact-kit-500-codice-scc600032-hcc100001-tecnosystemi\/","name":"Desinfektionsmittel SANIBACT: gr\u00fcndliche Reinigung und HACCP-Hygiene","isPartOf":{"@id":"https:\/\/technofluid.it\/#website"},"primaryImageOfPage":{"@id":"https:\/\/technofluid.it\/prodotto\/smartbact-kit-500-codice-scc600032-hcc100001-tecnosystemi\/#primaryimage"},"image":{"@id":"https:\/\/technofluid.it\/prodotto\/smartbact-kit-500-codice-scc600032-hcc100001-tecnosystemi\/#primaryimage"},"thumbnailUrl":"https:\/\/technofluid.it\/wp-content\/uploads\/2026\/01\/103-SMARTBACT-KIT-500-CODICE-SCC600032-HCC100001-TECNOSYSTEMI.jpg","datePublished":"2025-10-25T00:04:34+00:00","dateModified":"2026-04-15T08:12:27+00:00","description":"Entdecken Sie SANIBACT, das ideale HACCP-Desinfektionsmittel f\u00fcr Oberfl\u00e4chen und R\u00e4ume. Wirksam gegen Viren, geruchlos und r\u00fcckstandsfrei. Jetzt kaufen!","breadcrumb":{"@id":"https:\/\/technofluid.it\/prodotto\/smartbact-kit-500-codice-scc600032-hcc100001-tecnosystemi\/#breadcrumb"},"inLanguage":"de","potentialAction":[{"@type":"ReadAction","target":["https:\/\/technofluid.it\/prodotto\/smartbact-kit-500-codice-scc600032-hcc100001-tecnosystemi\/"]}]},{"@type":"ImageObject","inLanguage":"de","@id":"https:\/\/technofluid.it\/prodotto\/smartbact-kit-500-codice-scc600032-hcc100001-tecnosystemi\/#primaryimage","url":"https:\/\/technofluid.it\/wp-content\/uploads\/2026\/01\/103-SMARTBACT-KIT-500-CODICE-SCC600032-HCC100001-TECNOSYSTEMI.jpg","contentUrl":"https:\/\/technofluid.it\/wp-content\/uploads\/2026\/01\/103-SMARTBACT-KIT-500-CODICE-SCC600032-HCC100001-TECNOSYSTEMI.jpg","width":800,"height":800,"caption":"Kit di disinfettanti SmartBact per uso medico, con confezione e spray."},{"@type":"BreadcrumbList","@id":"https:\/\/technofluid.it\/prodotto\/smartbact-kit-500-codice-scc600032-hcc100001-tecnosystemi\/#breadcrumb","itemListElement":[{"@type":"ListItem","position":1,"name":"Home","item":"https:\/\/technofluid.it\/"},{"@type":"ListItem","position":2,"name":"Shop","item":"https:\/\/technofluid.it\/shop\/"},{"@type":"ListItem","position":3,"name":"SmartBact Kit 500 &ndash; codice: SCC600032 \/ HCC100001 &ndash; Tecnosystemi"}]},{"@type":"WebSite","@id":"https:\/\/technofluid.it\/#website","url":"https:\/\/technofluid.it\/","name":"Technofluid S.R.L.","description":"Seit 1999 haben wir uns auf Schiffs-, Sanit\u00e4r-, Zivil- und Industrieanlagen spezialisiert.","publisher":{"@id":"https:\/\/technofluid.it\/#organization"},"potentialAction":[{"@type":"SearchAction","target":{"@type":"EntryPoint","urlTemplate":"https:\/\/technofluid.it\/?s={search_term_string}"},"query-input":{"@type":"PropertyValueSpecification","valueRequired":true,"valueName":"search_term_string"}}],"inLanguage":"de"},{"@type":"Organization","@id":"https:\/\/technofluid.it\/#organization","name":"Technofluid","url":"https:\/\/technofluid.it\/","logo":{"@type":"ImageObject","inLanguage":"de","@id":"https:\/\/technofluid.it\/#\/schema\/logo\/image\/","url":"https:\/\/technofluid.it\/wp-content\/uploads\/2025\/12\/technofluid_bianco-logo.webp","contentUrl":"https:\/\/technofluid.it\/wp-content\/uploads\/2025\/12\/technofluid_bianco-logo.webp","width":350,"height":116,"caption":"Technofluid"},"image":{"@id":"https:\/\/technofluid.it\/#\/schema\/logo\/image\/"},"description":"Die Technofluid S.r.l. wurde 1999 in Barcellona Pozzo di Gotto, in der Provinz Messina, gegr\u00fcndet, mit dem Ziel, ein Bezugspunkt im Bereich der Schiffs-, Hydraulik-, Zivil- und Industrieanlagen zu werden.","email":"info@technofluid.it","telephone":"0907386877","legalName":"Technofluid S.R.L","vatID":"IT03148240835","taxID":"03148240835","ownershipFundingInfo":"https:\/\/technofluid.it\/azienda\/"}]},"product_price_amount":"28.69","product_price_currency":"EUR","og_availability":"instock","product_availability":"instock","product_retailer_item_id":"TECNOS00002","product_condition":"new"},"_links":{"self":[{"href":"https:\/\/technofluid.it\/de\/wp-json\/wp\/v2\/product\/31236","targetHints":{"allow":["GET"]}}],"collection":[{"href":"https:\/\/technofluid.it\/de\/wp-json\/wp\/v2\/product"}],"about":[{"href":"https:\/\/technofluid.it\/de\/wp-json\/wp\/v2\/types\/product"}],"replies":[{"embeddable":true,"href":"https:\/\/technofluid.it\/de\/wp-json\/wp\/v2\/comments?post=31236"}],"version-history":[{"count":0,"href":"https:\/\/technofluid.it\/de\/wp-json\/wp\/v2\/product\/31236\/revisions"}],"wp:featuredmedia":[{"embeddable":true,"href":"https:\/\/technofluid.it\/de\/wp-json\/wp\/v2\/media\/41880"}],"wp:attachment":[{"href":"https:\/\/technofluid.it\/de\/wp-json\/wp\/v2\/media?parent=31236"}],"wp:term":[{"taxonomy":"product_brand","embeddable":true,"href":"https:\/\/technofluid.it\/de\/wp-json\/wp\/v2\/product_brand?post=31236"},{"taxonomy":"product_cat","embeddable":true,"href":"https:\/\/technofluid.it\/de\/wp-json\/wp\/v2\/product_cat?post=31236"},{"taxonomy":"product_tag","embeddable":true,"href":"https:\/\/technofluid.it\/de\/wp-json\/wp\/v2\/product_tag?post=31236"}],"curies":[{"name":"wp","href":"https:\/\/api.w.org\/{rel}","templated":true}]}}