{"id":31069,"date":"2025-10-25T01:04:09","date_gmt":"2025-10-25T00:04:09","guid":{"rendered":"https:\/\/technofluid.it\/prodotto\/sbloccante-professionale-wd40-ml400-codice-7235542\/"},"modified":"2026-04-15T11:43:46","modified_gmt":"2026-04-15T10:43:46","slug":"sbloccante-professionale-wd-40-400ml-codice-7235542-sipafer","status":"publish","type":"product","link":"https:\/\/technofluid.it\/de\/produkt\/professioneller-entfetter-wd-40-400ml-code-7235542\/","title":{"rendered":"Sbloccante professionale WD-40 400&nbsp;ml &ndash; codice: 7235542 &#8211; Sipafer"},"content":{"rendered":"<p>Das neue und exklusive Spray vereint pr\u00e4zises Spr\u00fchen und gro\u00dffl\u00e4chige Vernebelung mit nur einem Knopfdruck. Wasserabweisend, korrosionshemmend, schmierend, entblockend und reinigend. Enth\u00e4lt kein Silikon und ist nicht elektrisch leitf\u00e4hig. Stoppt Quietschen, beseitigt Feuchtigkeit, l\u00f6st Schrauben und verrostete Teile, lockert blockierte Mechanismen, reinigt und sch\u00fctzt vor Rost.<\/p>\n<p>&nbsp;<\/p>\n<p>Ml. : 400<\/p>","protected":false},"excerpt":{"rendered":"<p>Lo sbloccante professionale WD-40 da 400 ml (codice 7235542, fornitura SIPAFER) \u00e8 uno spray multiuso per manutenzione nautica e generale. Con un solo tocco consente di passare dallo spruzzo di precisione alla vaporizzazione a largo raggio, per intervenire sia su punti mirati sia su superfici pi\u00f9 estese. Agisce come idrorepellente, anticorrosivo, lubrificante, sbloccante e detergente: utile per arrestare i cigolii, eliminare l\u2019umidit\u00e0, sbloccare bulloni e parti arrugginite, allentare meccanismi bloccati, pulire e proteggere dalla ruggine. Non contiene silicone ed \u00e8 dichiarato non conduttore di elettricit\u00e0.<\/p>","protected":false},"featured_media":41489,"comment_status":"open","ping_status":"closed","template":"","meta":{"_acf_changed":false,"_monsterinsights_skip_tracking":false,"_monsterinsights_sitenote_active":false,"_monsterinsights_sitenote_note":"","_monsterinsights_sitenote_category":0,"site-sidebar-layout":"default","site-content-layout":"","ast-site-content-layout":"default","site-content-style":"default","site-sidebar-style":"default","ast-global-header-display":"","ast-banner-title-visibility":"","ast-main-header-display":"","ast-hfb-above-header-display":"","ast-hfb-below-header-display":"","ast-hfb-mobile-header-display":"","site-post-title":"","ast-breadcrumbs-content":"","ast-featured-img":"","footer-sml-layout":"","ast-disable-related-posts":"","theme-transparent-header-meta":"default","adv-header-id-meta":"","stick-header-meta":"","header-above-stick-meta":"","header-main-stick-meta":"","header-below-stick-meta":"","astra-migrate-meta-layouts":"set","ast-page-background-enabled":"default","ast-page-background-meta":{"desktop":{"background-color":"var(--ast-global-color-5)","background-image":"","background-repeat":"repeat","background-position":"center center","background-size":"auto","background-attachment":"scroll","background-type":"","background-media":"","overlay-type":"","overlay-color":"","overlay-opacity":"","overlay-gradient":""},"tablet":{"background-color":"","background-image":"","background-repeat":"repeat","background-position":"center center","background-size":"auto","background-attachment":"scroll","background-type":"","background-media":"","overlay-type":"","overlay-color":"","overlay-opacity":"","overlay-gradient":""},"mobile":{"background-color":"","background-image":"","background-repeat":"repeat","background-position":"center center","background-size":"auto","background-attachment":"scroll","background-type":"","background-media":"","overlay-type":"","overlay-color":"","overlay-opacity":"","overlay-gradient":""}},"ast-content-background-meta":{"desktop":{"background-color":"var(--ast-global-color-4)","background-image":"","background-repeat":"repeat","background-position":"center center","background-size":"auto","background-attachment":"scroll","background-type":"","background-media":"","overlay-type":"","overlay-color":"","overlay-opacity":"","overlay-gradient":""},"tablet":{"background-color":"var(--ast-global-color-4)","background-image":"","background-repeat":"repeat","background-position":"center center","background-size":"auto","background-attachment":"scroll","background-type":"","background-media":"","overlay-type":"","overlay-color":"","overlay-opacity":"","overlay-gradient":""},"mobile":{"background-color":"var(--ast-global-color-4)","background-image":"","background-repeat":"repeat","background-position":"center center","background-size":"auto","background-attachment":"scroll","background-type":"","background-media":"","overlay-type":"","overlay-color":"","overlay-opacity":"","overlay-gradient":""}}},"product_brand":[],"product_cat":[78,79],"product_tag":[],"class_list":{"0":"post-31069","1":"product","2":"type-product","3":"status-publish","4":"has-post-thumbnail","6":"product_cat-manutenzione-barca","7":"product_cat-olii-grassi-e-prodotti-chimici","8":"pa_supplier-sipafer-s-p-a","9":"desktop-align-left","10":"tablet-align-left","11":"mobile-align-left","13":"first","14":"instock","15":"taxable","16":"shipping-taxable","17":"purchasable","18":"product-type-simple"},"acf":[],"yoast_head":"<!-- This site is optimized with the Yoast SEO Premium plugin v26.7 (Yoast SEO v26.9) - https:\/\/yoast.com\/product\/yoast-seo-premium-wordpress\/ -->\n<title>Sbloccante professionale WD-40 400 ml (7235542)<\/title>\n<meta name=\"description\" content=\"Spray WD-40 400 ml cod. 7235542: sbloccante, lubrificante, idrorepellente, anticorrosivo e detergente. Spruzzo preciso o largo raggio.\" \/>\n<meta name=\"robots\" content=\"index, follow, max-snippet:-1, max-image-preview:large, max-video-preview:-1\" \/>\n<link rel=\"canonical\" href=\"https:\/\/technofluid.it\/de\/produkt\/professioneller-entfetter-wd-40-400ml-code-7235542\/\" \/>\n<meta property=\"og:locale\" content=\"de_DE\" \/>\n<meta property=\"og:type\" content=\"article\" \/>\n<meta property=\"og:title\" content=\"Sbloccante professionale WD-40 400&nbsp;ml &ndash; codice: 7235542 - Sipafer\" \/>\n<meta property=\"og:description\" content=\"Spray WD-40 400 ml cod. 7235542: sbloccante, lubrificante, idrorepellente, anticorrosivo e detergente. Spruzzo preciso o largo raggio.\" \/>\n<meta property=\"og:url\" content=\"https:\/\/technofluid.it\/de\/produkt\/professioneller-entfetter-wd-40-400ml-code-7235542\/\" \/>\n<meta property=\"og:site_name\" content=\"Technofluid\" \/>\n<meta property=\"article:modified_time\" content=\"2026-04-15T10:43:46+00:00\" \/>\n<meta property=\"og:image\" content=\"https:\/\/technofluid.it\/wp-content\/uploads\/2026\/01\/211-SBLOCCANTE-PROFESSIONALE-WD40-ML400-CODICE-7235542.jpg\" \/>\n\t<meta property=\"og:image:width\" content=\"800\" \/>\n\t<meta property=\"og:image:height\" content=\"800\" \/>\n\t<meta property=\"og:image:type\" content=\"image\/jpeg\" \/>\n<meta name=\"twitter:card\" content=\"summary_large_image\" \/>\n<meta name=\"twitter:label1\" content=\"Preis\" \/>\n\t<meta name=\"twitter:data1\" content=\"7,79&nbsp;&euro; Iva esclusa\" \/>\n\t<meta name=\"twitter:label2\" content=\"Verf\u00fcgbarkeit\" \/>\n\t<meta name=\"twitter:data2\" content=\"Auf Lager\" \/>\n<script type=\"application\/ld+json\" class=\"yoast-schema-graph\">{\"@context\":\"https:\/\/schema.org\",\"@graph\":[{\"@type\":\"WebPage\",\"@id\":\"https:\/\/technofluid.it\/prodotto\/sbloccante-professionale-wd-40-400ml-codice-7235542-sipafer\/\",\"url\":\"https:\/\/technofluid.it\/prodotto\/sbloccante-professionale-wd-40-400ml-codice-7235542-sipafer\/\",\"name\":\"Sbloccante professionale WD-40 400 ml (7235542)\",\"isPartOf\":{\"@id\":\"https:\/\/technofluid.it\/#website\"},\"primaryImageOfPage\":{\"@id\":\"https:\/\/technofluid.it\/prodotto\/sbloccante-professionale-wd-40-400ml-codice-7235542-sipafer\/#primaryimage\"},\"image\":{\"@id\":\"https:\/\/technofluid.it\/prodotto\/sbloccante-professionale-wd-40-400ml-codice-7235542-sipafer\/#primaryimage\"},\"thumbnailUrl\":\"https:\/\/technofluid.it\/wp-content\/uploads\/2026\/01\/211-SBLOCCANTE-PROFESSIONALE-WD40-ML400-CODICE-7235542.jpg\",\"datePublished\":\"2025-10-25T00:04:09+00:00\",\"dateModified\":\"2026-04-15T10:43:46+00:00\",\"description\":\"Spray WD-40 400 ml cod. 7235542: sbloccante, lubrificante, idrorepellente, anticorrosivo e detergente. Spruzzo preciso o largo raggio.\",\"breadcrumb\":{\"@id\":\"https:\/\/technofluid.it\/prodotto\/sbloccante-professionale-wd-40-400ml-codice-7235542-sipafer\/#breadcrumb\"},\"inLanguage\":\"de\",\"potentialAction\":[{\"@type\":\"ReadAction\",\"target\":[\"https:\/\/technofluid.it\/prodotto\/sbloccante-professionale-wd-40-400ml-codice-7235542-sipafer\/\"]}]},{\"@type\":\"ImageObject\",\"inLanguage\":\"de\",\"@id\":\"https:\/\/technofluid.it\/prodotto\/sbloccante-professionale-wd-40-400ml-codice-7235542-sipafer\/#primaryimage\",\"url\":\"https:\/\/technofluid.it\/wp-content\/uploads\/2026\/01\/211-SBLOCCANTE-PROFESSIONALE-WD40-ML400-CODICE-7235542.jpg\",\"contentUrl\":\"https:\/\/technofluid.it\/wp-content\/uploads\/2026\/01\/211-SBLOCCANTE-PROFESSIONALE-WD40-ML400-CODICE-7235542.jpg\",\"width\":800,\"height\":800,\"caption\":\"Sbloccante professionale WD-40 da 400 ml, ideale per lubrificare e proteggere superfici metalliche.\"},{\"@type\":\"BreadcrumbList\",\"@id\":\"https:\/\/technofluid.it\/prodotto\/sbloccante-professionale-wd-40-400ml-codice-7235542-sipafer\/#breadcrumb\",\"itemListElement\":[{\"@type\":\"ListItem\",\"position\":1,\"name\":\"Home\",\"item\":\"https:\/\/technofluid.it\/\"},{\"@type\":\"ListItem\",\"position\":2,\"name\":\"Shop\",\"item\":\"https:\/\/technofluid.it\/shop\/\"},{\"@type\":\"ListItem\",\"position\":3,\"name\":\"Sbloccante professionale WD-40 400&nbsp;ml &ndash; codice: 7235542 &#8211; Sipafer\"}]},{\"@type\":\"WebSite\",\"@id\":\"https:\/\/technofluid.it\/#website\",\"url\":\"https:\/\/technofluid.it\/\",\"name\":\"Technofluid S.R.L.\",\"description\":\"Dal 1999 siamo specializzati nell&#039;impiantistica navale, idraulica, civile e industriale\",\"publisher\":{\"@id\":\"https:\/\/technofluid.it\/#organization\"},\"potentialAction\":[{\"@type\":\"SearchAction\",\"target\":{\"@type\":\"EntryPoint\",\"urlTemplate\":\"https:\/\/technofluid.it\/?s={search_term_string}\"},\"query-input\":{\"@type\":\"PropertyValueSpecification\",\"valueRequired\":true,\"valueName\":\"search_term_string\"}}],\"inLanguage\":\"de\"},{\"@type\":\"Organization\",\"@id\":\"https:\/\/technofluid.it\/#organization\",\"name\":\"Technofluid\",\"url\":\"https:\/\/technofluid.it\/\",\"logo\":{\"@type\":\"ImageObject\",\"inLanguage\":\"de\",\"@id\":\"https:\/\/technofluid.it\/#\/schema\/logo\/image\/\",\"url\":\"https:\/\/technofluid.it\/wp-content\/uploads\/2025\/12\/technofluid_bianco-logo.webp\",\"contentUrl\":\"https:\/\/technofluid.it\/wp-content\/uploads\/2025\/12\/technofluid_bianco-logo.webp\",\"width\":350,\"height\":116,\"caption\":\"Technofluid\"},\"image\":{\"@id\":\"https:\/\/technofluid.it\/#\/schema\/logo\/image\/\"},\"description\":\"La Technofluid S.r.l. nasce nel 1999 a Barcellona Pozzo di Gotto, in provincia di Messina, con l\u2019obiettivo di diventare un punto di riferimento nel settore dell\u2019impiantistica navale, idraulica, civile e industriale.\",\"email\":\"info@technofluid.it\",\"telephone\":\"0907386877\",\"legalName\":\"Technofluid S.R.L\",\"vatID\":\"IT03148240835\",\"taxID\":\"03148240835\",\"ownershipFundingInfo\":\"https:\/\/technofluid.it\/azienda\/\"}]}<\/script>\n<meta property=\"product:price:amount\" content=\"7.79\" \/>\n<meta property=\"product:price:currency\" content=\"EUR\" \/>\n<meta property=\"og:availability\" content=\"instock\" \/>\n<meta property=\"product:availability\" content=\"instock\" \/>\n<meta property=\"product:retailer_item_id\" content=\"SIPA0000037\" \/>\n<meta property=\"product:condition\" content=\"new\" \/>\n<!-- \/ Yoast SEO Premium plugin. -->","yoast_head_json":{"title":"Sbloccante professionale WD-40 400 ml (7235542)","description":"Spray WD-40 400 ml cod. 7235542: sbloccante, lubrificante, idrorepellente, anticorrosivo e detergente. Spruzzo preciso o largo raggio.","robots":{"index":"index","follow":"follow","max-snippet":"max-snippet:-1","max-image-preview":"max-image-preview:large","max-video-preview":"max-video-preview:-1"},"canonical":"https:\/\/technofluid.it\/de\/produkt\/professioneller-entfetter-wd-40-400ml-code-7235542\/","og_locale":"de_DE","og_type":"article","og_title":"Sbloccante professionale WD-40 400&nbsp;ml &ndash; codice: 7235542 - Sipafer","og_description":"Spray WD-40 400 ml cod. 7235542: sbloccante, lubrificante, idrorepellente, anticorrosivo e detergente. Spruzzo preciso o largo raggio.","og_url":"https:\/\/technofluid.it\/de\/produkt\/professioneller-entfetter-wd-40-400ml-code-7235542\/","og_site_name":"Technofluid","article_modified_time":"2026-04-15T10:43:46+00:00","og_image":[{"width":800,"height":800,"url":"https:\/\/technofluid.it\/wp-content\/uploads\/2026\/01\/211-SBLOCCANTE-PROFESSIONALE-WD40-ML400-CODICE-7235542.jpg","type":"image\/jpeg"}],"twitter_card":"summary_large_image","twitter_misc":{"Preis":"7,79&nbsp;&euro; Iva esclusa","Verf\u00fcgbarkeit":"Auf Lager"},"schema":{"@context":"https:\/\/schema.org","@graph":[{"@type":"WebPage","@id":"https:\/\/technofluid.it\/prodotto\/sbloccante-professionale-wd-40-400ml-codice-7235542-sipafer\/","url":"https:\/\/technofluid.it\/prodotto\/sbloccante-professionale-wd-40-400ml-codice-7235542-sipafer\/","name":"Sbloccante professionale WD-40 400 ml (7235542)","isPartOf":{"@id":"https:\/\/technofluid.it\/#website"},"primaryImageOfPage":{"@id":"https:\/\/technofluid.it\/prodotto\/sbloccante-professionale-wd-40-400ml-codice-7235542-sipafer\/#primaryimage"},"image":{"@id":"https:\/\/technofluid.it\/prodotto\/sbloccante-professionale-wd-40-400ml-codice-7235542-sipafer\/#primaryimage"},"thumbnailUrl":"https:\/\/technofluid.it\/wp-content\/uploads\/2026\/01\/211-SBLOCCANTE-PROFESSIONALE-WD40-ML400-CODICE-7235542.jpg","datePublished":"2025-10-25T00:04:09+00:00","dateModified":"2026-04-15T10:43:46+00:00","description":"Spray WD-40 400 ml cod. 7235542: sbloccante, lubrificante, idrorepellente, anticorrosivo e detergente. Spruzzo preciso o largo raggio.","breadcrumb":{"@id":"https:\/\/technofluid.it\/prodotto\/sbloccante-professionale-wd-40-400ml-codice-7235542-sipafer\/#breadcrumb"},"inLanguage":"de","potentialAction":[{"@type":"ReadAction","target":["https:\/\/technofluid.it\/prodotto\/sbloccante-professionale-wd-40-400ml-codice-7235542-sipafer\/"]}]},{"@type":"ImageObject","inLanguage":"de","@id":"https:\/\/technofluid.it\/prodotto\/sbloccante-professionale-wd-40-400ml-codice-7235542-sipafer\/#primaryimage","url":"https:\/\/technofluid.it\/wp-content\/uploads\/2026\/01\/211-SBLOCCANTE-PROFESSIONALE-WD40-ML400-CODICE-7235542.jpg","contentUrl":"https:\/\/technofluid.it\/wp-content\/uploads\/2026\/01\/211-SBLOCCANTE-PROFESSIONALE-WD40-ML400-CODICE-7235542.jpg","width":800,"height":800,"caption":"Sbloccante professionale WD-40 da 400 ml, ideale per lubrificare e proteggere superfici metalliche."},{"@type":"BreadcrumbList","@id":"https:\/\/technofluid.it\/prodotto\/sbloccante-professionale-wd-40-400ml-codice-7235542-sipafer\/#breadcrumb","itemListElement":[{"@type":"ListItem","position":1,"name":"Home","item":"https:\/\/technofluid.it\/"},{"@type":"ListItem","position":2,"name":"Shop","item":"https:\/\/technofluid.it\/shop\/"},{"@type":"ListItem","position":3,"name":"Sbloccante professionale WD-40 400&nbsp;ml &ndash; codice: 7235542 &#8211; Sipafer"}]},{"@type":"WebSite","@id":"https:\/\/technofluid.it\/#website","url":"https:\/\/technofluid.it\/","name":"Technofluid S.R.L.","description":"Seit 1999 haben wir uns auf Schiffs-, Sanit\u00e4r-, Zivil- und Industrieanlagen spezialisiert.","publisher":{"@id":"https:\/\/technofluid.it\/#organization"},"potentialAction":[{"@type":"SearchAction","target":{"@type":"EntryPoint","urlTemplate":"https:\/\/technofluid.it\/?s={search_term_string}"},"query-input":{"@type":"PropertyValueSpecification","valueRequired":true,"valueName":"search_term_string"}}],"inLanguage":"de"},{"@type":"Organization","@id":"https:\/\/technofluid.it\/#organization","name":"Technofluid","url":"https:\/\/technofluid.it\/","logo":{"@type":"ImageObject","inLanguage":"de","@id":"https:\/\/technofluid.it\/#\/schema\/logo\/image\/","url":"https:\/\/technofluid.it\/wp-content\/uploads\/2025\/12\/technofluid_bianco-logo.webp","contentUrl":"https:\/\/technofluid.it\/wp-content\/uploads\/2025\/12\/technofluid_bianco-logo.webp","width":350,"height":116,"caption":"Technofluid"},"image":{"@id":"https:\/\/technofluid.it\/#\/schema\/logo\/image\/"},"description":"Die Technofluid S.r.l. wurde 1999 in Barcellona Pozzo di Gotto, in der Provinz Messina, gegr\u00fcndet, mit dem Ziel, ein Bezugspunkt im Bereich der Schiffs-, Hydraulik-, Zivil- und Industrieanlagen zu werden.","email":"info@technofluid.it","telephone":"0907386877","legalName":"Technofluid S.R.L","vatID":"IT03148240835","taxID":"03148240835","ownershipFundingInfo":"https:\/\/technofluid.it\/azienda\/"}]},"product_price_amount":"7.79","product_price_currency":"EUR","og_availability":"instock","product_availability":"instock","product_retailer_item_id":"SIPA0000037","product_condition":"new"},"_links":{"self":[{"href":"https:\/\/technofluid.it\/de\/wp-json\/wp\/v2\/product\/31069","targetHints":{"allow":["GET"]}}],"collection":[{"href":"https:\/\/technofluid.it\/de\/wp-json\/wp\/v2\/product"}],"about":[{"href":"https:\/\/technofluid.it\/de\/wp-json\/wp\/v2\/types\/product"}],"replies":[{"embeddable":true,"href":"https:\/\/technofluid.it\/de\/wp-json\/wp\/v2\/comments?post=31069"}],"version-history":[{"count":5,"href":"https:\/\/technofluid.it\/de\/wp-json\/wp\/v2\/product\/31069\/revisions"}],"predecessor-version":[{"id":57823,"href":"https:\/\/technofluid.it\/de\/wp-json\/wp\/v2\/product\/31069\/revisions\/57823"}],"wp:featuredmedia":[{"embeddable":true,"href":"https:\/\/technofluid.it\/de\/wp-json\/wp\/v2\/media\/41489"}],"wp:attachment":[{"href":"https:\/\/technofluid.it\/de\/wp-json\/wp\/v2\/media?parent=31069"}],"wp:term":[{"taxonomy":"product_brand","embeddable":true,"href":"https:\/\/technofluid.it\/de\/wp-json\/wp\/v2\/product_brand?post=31069"},{"taxonomy":"product_cat","embeddable":true,"href":"https:\/\/technofluid.it\/de\/wp-json\/wp\/v2\/product_cat?post=31069"},{"taxonomy":"product_tag","embeddable":true,"href":"https:\/\/technofluid.it\/de\/wp-json\/wp\/v2\/product_tag?post=31069"}],"curies":[{"name":"wp","href":"https:\/\/api.w.org\/{rel}","templated":true}]}}