{"id":31057,"date":"2025-10-25T01:04:08","date_gmt":"2025-10-25T00:04:08","guid":{"rendered":"https:\/\/technofluid.it\/prodotto\/rullo-resina-codice-544902\/"},"modified":"2026-04-09T10:56:49","modified_gmt":"2026-04-09T09:56:49","slug":"rullo-per-resina-codice-544902-sipafer","status":"publish","type":"product","link":"https:\/\/technofluid.it\/de\/produkt\/harzrolle-code-544902\/","title":{"rendered":"Harzrolle \u2013 Code: 544902 \u2013 Sipafer"},"content":{"rendered":"<p>Harzrolle \u2013 Code: 544902 \u2013 Sipafer<\/p>","protected":false},"excerpt":{"rendered":"<p>Der <strong>Harzroller SIPAFER<\/strong> (Lieferantencode <strong>544902<\/strong>) ist ein praktisches Zubeh\u00f6r f\u00fcr Arbeiten, bei denen eine kontrollierte Anwendung von Harzen und verwandten Produkten erforderlich ist. Geeignet f\u00fcr technische und Wartungskontexte, einschlie\u00dflich Eins\u00e4tzen im nautischen und anlagentechnischen Bereich, hilft es, das Material w\u00e4hrend Reparaturen und operativen Eingriffen ordentlich aufzutragen. Die eindeutige Referenz des Codes erleichtert die Nachbestellung und den Austausch, insbesondere wenn man die Konsistenz mit der eigenen Ausstattung oder einer Materialliste beibehalten m\u00f6chte. \u00dcberpr\u00fcfen Sie stets den Anwendungszyklus des verwendeten Harzes und die Herstellerangaben f\u00fcr eine korrekte Anwendung.<\/p>","protected":false},"featured_media":41456,"comment_status":"open","ping_status":"closed","template":"","meta":{"_acf_changed":false,"_monsterinsights_skip_tracking":false,"_monsterinsights_sitenote_active":false,"_monsterinsights_sitenote_note":"","_monsterinsights_sitenote_category":0,"site-sidebar-layout":"default","site-content-layout":"","ast-site-content-layout":"default","site-content-style":"default","site-sidebar-style":"default","ast-global-header-display":"","ast-banner-title-visibility":"","ast-main-header-display":"","ast-hfb-above-header-display":"","ast-hfb-below-header-display":"","ast-hfb-mobile-header-display":"","site-post-title":"","ast-breadcrumbs-content":"","ast-featured-img":"","footer-sml-layout":"","ast-disable-related-posts":"","theme-transparent-header-meta":"default","adv-header-id-meta":"","stick-header-meta":"","header-above-stick-meta":"","header-main-stick-meta":"","header-below-stick-meta":"","astra-migrate-meta-layouts":"set","ast-page-background-enabled":"default","ast-page-background-meta":{"desktop":{"background-color":"var(--ast-global-color-5)","background-image":"","background-repeat":"repeat","background-position":"center center","background-size":"auto","background-attachment":"scroll","background-type":"","background-media":"","overlay-type":"","overlay-color":"","overlay-opacity":"","overlay-gradient":""},"tablet":{"background-color":"","background-image":"","background-repeat":"repeat","background-position":"center center","background-size":"auto","background-attachment":"scroll","background-type":"","background-media":"","overlay-type":"","overlay-color":"","overlay-opacity":"","overlay-gradient":""},"mobile":{"background-color":"","background-image":"","background-repeat":"repeat","background-position":"center center","background-size":"auto","background-attachment":"scroll","background-type":"","background-media":"","overlay-type":"","overlay-color":"","overlay-opacity":"","overlay-gradient":""}},"ast-content-background-meta":{"desktop":{"background-color":"var(--ast-global-color-4)","background-image":"","background-repeat":"repeat","background-position":"center center","background-size":"auto","background-attachment":"scroll","background-type":"","background-media":"","overlay-type":"","overlay-color":"","overlay-opacity":"","overlay-gradient":""},"tablet":{"background-color":"var(--ast-global-color-4)","background-image":"","background-repeat":"repeat","background-position":"center center","background-size":"auto","background-attachment":"scroll","background-type":"","background-media":"","overlay-type":"","overlay-color":"","overlay-opacity":"","overlay-gradient":""},"mobile":{"background-color":"var(--ast-global-color-4)","background-image":"","background-repeat":"repeat","background-position":"center center","background-size":"auto","background-attachment":"scroll","background-type":"","background-media":"","overlay-type":"","overlay-color":"","overlay-opacity":"","overlay-gradient":""}}},"product_brand":[],"product_cat":[139,84],"product_tag":[7395],"class_list":{"0":"post-31057","1":"product","2":"type-product","3":"status-publish","4":"has-post-thumbnail","6":"product_cat-ferramenta","7":"product_cat-idraulica-e-ferramenta","8":"product_tag-rullo-resina","9":"pa_supplier-sipafer-s-p-a","10":"desktop-align-left","11":"tablet-align-left","12":"mobile-align-left","14":"first","15":"instock","16":"taxable","17":"shipping-taxable","18":"purchasable","19":"product-type-simple"},"acf":[],"yoast_head":"<!-- This site is optimized with the Yoast SEO Premium plugin v26.7 (Yoast SEO v26.9) - https:\/\/yoast.com\/product\/yoast-seo-premium-wordpress\/ -->\n<title>Rullo per resina SIPAFER 544902<\/title>\n<meta name=\"description\" content=\"Rullo per resina SIPAFER codice 544902: accessorio per applicazione e stesura in manutenzione tecnica e nautica. Identificazione chiara per riordino.\" \/>\n<meta name=\"robots\" content=\"index, follow, max-snippet:-1, max-image-preview:large, max-video-preview:-1\" \/>\n<link rel=\"canonical\" href=\"https:\/\/technofluid.it\/de\/produkt\/harzrolle-code-544902\/\" \/>\n<meta property=\"og:locale\" content=\"de_DE\" \/>\n<meta property=\"og:type\" content=\"article\" \/>\n<meta property=\"og:title\" content=\"Rullo per resina &ndash; codice: 544902 - Sipafer\" \/>\n<meta property=\"og:description\" content=\"Rullo per resina SIPAFER codice 544902: accessorio per applicazione e stesura in manutenzione tecnica e nautica. Identificazione chiara per riordino.\" \/>\n<meta property=\"og:url\" content=\"https:\/\/technofluid.it\/de\/produkt\/harzrolle-code-544902\/\" \/>\n<meta property=\"og:site_name\" content=\"Technofluid\" \/>\n<meta property=\"article:modified_time\" content=\"2026-04-09T09:56:49+00:00\" \/>\n<meta property=\"og:image\" content=\"https:\/\/technofluid.it\/wp-content\/uploads\/2026\/01\/1678-RULLO-RESINA-CODICE-544902.jpg\" \/>\n\t<meta property=\"og:image:width\" content=\"709\" \/>\n\t<meta property=\"og:image:height\" content=\"387\" \/>\n\t<meta property=\"og:image:type\" content=\"image\/jpeg\" \/>\n<meta name=\"twitter:card\" content=\"summary_large_image\" \/>\n<meta name=\"twitter:label1\" content=\"Preis\" \/>\n\t<meta name=\"twitter:data1\" content=\"1,07&nbsp;&euro; Iva esclusa\" \/>\n\t<meta name=\"twitter:label2\" content=\"Verf\u00fcgbarkeit\" \/>\n\t<meta name=\"twitter:data2\" content=\"Auf Lager\" \/>\n<script type=\"application\/ld+json\" class=\"yoast-schema-graph\">{\"@context\":\"https:\/\/schema.org\",\"@graph\":[{\"@type\":\"WebPage\",\"@id\":\"https:\/\/technofluid.it\/prodotto\/rullo-per-resina-codice-544902-sipafer\/\",\"url\":\"https:\/\/technofluid.it\/prodotto\/rullo-per-resina-codice-544902-sipafer\/\",\"name\":\"Rullo per resina SIPAFER 544902\",\"isPartOf\":{\"@id\":\"https:\/\/technofluid.it\/#website\"},\"primaryImageOfPage\":{\"@id\":\"https:\/\/technofluid.it\/prodotto\/rullo-per-resina-codice-544902-sipafer\/#primaryimage\"},\"image\":{\"@id\":\"https:\/\/technofluid.it\/prodotto\/rullo-per-resina-codice-544902-sipafer\/#primaryimage\"},\"thumbnailUrl\":\"https:\/\/technofluid.it\/wp-content\/uploads\/2026\/01\/1678-RULLO-RESINA-CODICE-544902.jpg\",\"datePublished\":\"2025-10-25T00:04:08+00:00\",\"dateModified\":\"2026-04-09T09:56:49+00:00\",\"description\":\"Rullo per resina SIPAFER codice 544902: accessorio per applicazione e stesura in manutenzione tecnica e nautica. Identificazione chiara per riordino.\",\"breadcrumb\":{\"@id\":\"https:\/\/technofluid.it\/prodotto\/rullo-per-resina-codice-544902-sipafer\/#breadcrumb\"},\"inLanguage\":\"de\",\"potentialAction\":[{\"@type\":\"ReadAction\",\"target\":[\"https:\/\/technofluid.it\/prodotto\/rullo-per-resina-codice-544902-sipafer\/\"]}]},{\"@type\":\"ImageObject\",\"inLanguage\":\"de\",\"@id\":\"https:\/\/technofluid.it\/prodotto\/rullo-per-resina-codice-544902-sipafer\/#primaryimage\",\"url\":\"https:\/\/technofluid.it\/wp-content\/uploads\/2026\/01\/1678-RULLO-RESINA-CODICE-544902.jpg\",\"contentUrl\":\"https:\/\/technofluid.it\/wp-content\/uploads\/2026\/01\/1678-RULLO-RESINA-CODICE-544902.jpg\",\"width\":709,\"height\":387,\"caption\":\"Strumento professionale per la stesura uniforme di resine su superfici.\"},{\"@type\":\"BreadcrumbList\",\"@id\":\"https:\/\/technofluid.it\/prodotto\/rullo-per-resina-codice-544902-sipafer\/#breadcrumb\",\"itemListElement\":[{\"@type\":\"ListItem\",\"position\":1,\"name\":\"Home\",\"item\":\"https:\/\/technofluid.it\/\"},{\"@type\":\"ListItem\",\"position\":2,\"name\":\"Shop\",\"item\":\"https:\/\/technofluid.it\/shop\/\"},{\"@type\":\"ListItem\",\"position\":3,\"name\":\"Rullo per resina &ndash; codice: 544902 &#8211; Sipafer\"}]},{\"@type\":\"WebSite\",\"@id\":\"https:\/\/technofluid.it\/#website\",\"url\":\"https:\/\/technofluid.it\/\",\"name\":\"Technofluid S.R.L.\",\"description\":\"Dal 1999 siamo specializzati nell&#039;impiantistica navale, idraulica, civile e industriale\",\"publisher\":{\"@id\":\"https:\/\/technofluid.it\/#organization\"},\"potentialAction\":[{\"@type\":\"SearchAction\",\"target\":{\"@type\":\"EntryPoint\",\"urlTemplate\":\"https:\/\/technofluid.it\/?s={search_term_string}\"},\"query-input\":{\"@type\":\"PropertyValueSpecification\",\"valueRequired\":true,\"valueName\":\"search_term_string\"}}],\"inLanguage\":\"de\"},{\"@type\":\"Organization\",\"@id\":\"https:\/\/technofluid.it\/#organization\",\"name\":\"Technofluid\",\"url\":\"https:\/\/technofluid.it\/\",\"logo\":{\"@type\":\"ImageObject\",\"inLanguage\":\"de\",\"@id\":\"https:\/\/technofluid.it\/#\/schema\/logo\/image\/\",\"url\":\"https:\/\/technofluid.it\/wp-content\/uploads\/2025\/12\/technofluid_bianco-logo.webp\",\"contentUrl\":\"https:\/\/technofluid.it\/wp-content\/uploads\/2025\/12\/technofluid_bianco-logo.webp\",\"width\":350,\"height\":116,\"caption\":\"Technofluid\"},\"image\":{\"@id\":\"https:\/\/technofluid.it\/#\/schema\/logo\/image\/\"},\"description\":\"La Technofluid S.r.l. nasce nel 1999 a Barcellona Pozzo di Gotto, in provincia di Messina, con l\u2019obiettivo di diventare un punto di riferimento nel settore dell\u2019impiantistica navale, idraulica, civile e industriale.\",\"email\":\"info@technofluid.it\",\"telephone\":\"0907386877\",\"legalName\":\"Technofluid S.R.L\",\"vatID\":\"IT03148240835\",\"taxID\":\"03148240835\",\"ownershipFundingInfo\":\"https:\/\/technofluid.it\/azienda\/\"}]}<\/script>\n<meta property=\"product:price:amount\" content=\"1.07\" \/>\n<meta property=\"product:price:currency\" content=\"EUR\" \/>\n<meta property=\"og:availability\" content=\"instock\" \/>\n<meta property=\"product:availability\" content=\"instock\" \/>\n<meta property=\"product:retailer_item_id\" content=\"SIPA0000009\" \/>\n<meta property=\"product:condition\" content=\"new\" \/>\n<!-- \/ Yoast SEO Premium plugin. -->","yoast_head_json":{"title":"SIPAFER 544902 Harzrolle","description":"SIPAFER Harzrolle Code 544902: Zubeh\u00f6r f\u00fcr die Anwendung und das Auftragen in der technischen und nautischen Wartung. Klare Kennzeichnung f\u00fcr Nachbestellung.","robots":{"index":"index","follow":"follow","max-snippet":"max-snippet:-1","max-image-preview":"max-image-preview:large","max-video-preview":"max-video-preview:-1"},"canonical":"https:\/\/technofluid.it\/de\/produkt\/harzrolle-code-544902\/","og_locale":"de_DE","og_type":"article","og_title":"Rullo per resina &ndash; codice: 544902 - Sipafer","og_description":"Rullo per resina SIPAFER codice 544902: accessorio per applicazione e stesura in manutenzione tecnica e nautica. Identificazione chiara per riordino.","og_url":"https:\/\/technofluid.it\/de\/produkt\/harzrolle-code-544902\/","og_site_name":"Technofluid","article_modified_time":"2026-04-09T09:56:49+00:00","og_image":[{"width":709,"height":387,"url":"https:\/\/technofluid.it\/wp-content\/uploads\/2026\/01\/1678-RULLO-RESINA-CODICE-544902.jpg","type":"image\/jpeg"}],"twitter_card":"summary_large_image","twitter_misc":{"Preis":"1,07&nbsp;&euro; Iva esclusa","Verf\u00fcgbarkeit":"Auf Lager"},"schema":{"@context":"https:\/\/schema.org","@graph":[{"@type":"WebPage","@id":"https:\/\/technofluid.it\/prodotto\/rullo-per-resina-codice-544902-sipafer\/","url":"https:\/\/technofluid.it\/prodotto\/rullo-per-resina-codice-544902-sipafer\/","name":"SIPAFER 544902 Harzrolle","isPartOf":{"@id":"https:\/\/technofluid.it\/#website"},"primaryImageOfPage":{"@id":"https:\/\/technofluid.it\/prodotto\/rullo-per-resina-codice-544902-sipafer\/#primaryimage"},"image":{"@id":"https:\/\/technofluid.it\/prodotto\/rullo-per-resina-codice-544902-sipafer\/#primaryimage"},"thumbnailUrl":"https:\/\/technofluid.it\/wp-content\/uploads\/2026\/01\/1678-RULLO-RESINA-CODICE-544902.jpg","datePublished":"2025-10-25T00:04:08+00:00","dateModified":"2026-04-09T09:56:49+00:00","description":"SIPAFER Harzrolle Code 544902: Zubeh\u00f6r f\u00fcr die Anwendung und das Auftragen in der technischen und nautischen Wartung. Klare Kennzeichnung f\u00fcr Nachbestellung.","breadcrumb":{"@id":"https:\/\/technofluid.it\/prodotto\/rullo-per-resina-codice-544902-sipafer\/#breadcrumb"},"inLanguage":"de","potentialAction":[{"@type":"ReadAction","target":["https:\/\/technofluid.it\/prodotto\/rullo-per-resina-codice-544902-sipafer\/"]}]},{"@type":"ImageObject","inLanguage":"de","@id":"https:\/\/technofluid.it\/prodotto\/rullo-per-resina-codice-544902-sipafer\/#primaryimage","url":"https:\/\/technofluid.it\/wp-content\/uploads\/2026\/01\/1678-RULLO-RESINA-CODICE-544902.jpg","contentUrl":"https:\/\/technofluid.it\/wp-content\/uploads\/2026\/01\/1678-RULLO-RESINA-CODICE-544902.jpg","width":709,"height":387,"caption":"Strumento professionale per la stesura uniforme di resine su superfici."},{"@type":"BreadcrumbList","@id":"https:\/\/technofluid.it\/prodotto\/rullo-per-resina-codice-544902-sipafer\/#breadcrumb","itemListElement":[{"@type":"ListItem","position":1,"name":"Home","item":"https:\/\/technofluid.it\/"},{"@type":"ListItem","position":2,"name":"Shop","item":"https:\/\/technofluid.it\/shop\/"},{"@type":"ListItem","position":3,"name":"Rullo per resina &ndash; codice: 544902 &#8211; Sipafer"}]},{"@type":"WebSite","@id":"https:\/\/technofluid.it\/#website","url":"https:\/\/technofluid.it\/","name":"Technofluid S.R.L.","description":"Seit 1999 haben wir uns auf Schiffs-, Sanit\u00e4r-, Zivil- und Industrieanlagen spezialisiert.","publisher":{"@id":"https:\/\/technofluid.it\/#organization"},"potentialAction":[{"@type":"SearchAction","target":{"@type":"EntryPoint","urlTemplate":"https:\/\/technofluid.it\/?s={search_term_string}"},"query-input":{"@type":"PropertyValueSpecification","valueRequired":true,"valueName":"search_term_string"}}],"inLanguage":"de"},{"@type":"Organization","@id":"https:\/\/technofluid.it\/#organization","name":"Technofluid","url":"https:\/\/technofluid.it\/","logo":{"@type":"ImageObject","inLanguage":"de","@id":"https:\/\/technofluid.it\/#\/schema\/logo\/image\/","url":"https:\/\/technofluid.it\/wp-content\/uploads\/2025\/12\/technofluid_bianco-logo.webp","contentUrl":"https:\/\/technofluid.it\/wp-content\/uploads\/2025\/12\/technofluid_bianco-logo.webp","width":350,"height":116,"caption":"Technofluid"},"image":{"@id":"https:\/\/technofluid.it\/#\/schema\/logo\/image\/"},"description":"Die Technofluid S.r.l. wurde 1999 in Barcellona Pozzo di Gotto, in der Provinz Messina, gegr\u00fcndet, mit dem Ziel, ein Bezugspunkt im Bereich der Schiffs-, Hydraulik-, Zivil- und Industrieanlagen zu werden.","email":"info@technofluid.it","telephone":"0907386877","legalName":"Technofluid S.R.L","vatID":"IT03148240835","taxID":"03148240835","ownershipFundingInfo":"https:\/\/technofluid.it\/azienda\/"}]},"product_price_amount":"1.07","product_price_currency":"EUR","og_availability":"instock","product_availability":"instock","product_retailer_item_id":"SIPA0000009","product_condition":"new"},"_links":{"self":[{"href":"https:\/\/technofluid.it\/de\/wp-json\/wp\/v2\/product\/31057","targetHints":{"allow":["GET"]}}],"collection":[{"href":"https:\/\/technofluid.it\/de\/wp-json\/wp\/v2\/product"}],"about":[{"href":"https:\/\/technofluid.it\/de\/wp-json\/wp\/v2\/types\/product"}],"replies":[{"embeddable":true,"href":"https:\/\/technofluid.it\/de\/wp-json\/wp\/v2\/comments?post=31057"}],"version-history":[{"count":5,"href":"https:\/\/technofluid.it\/de\/wp-json\/wp\/v2\/product\/31057\/revisions"}],"predecessor-version":[{"id":57822,"href":"https:\/\/technofluid.it\/de\/wp-json\/wp\/v2\/product\/31057\/revisions\/57822"}],"wp:featuredmedia":[{"embeddable":true,"href":"https:\/\/technofluid.it\/de\/wp-json\/wp\/v2\/media\/41456"}],"wp:attachment":[{"href":"https:\/\/technofluid.it\/de\/wp-json\/wp\/v2\/media?parent=31057"}],"wp:term":[{"taxonomy":"product_brand","embeddable":true,"href":"https:\/\/technofluid.it\/de\/wp-json\/wp\/v2\/product_brand?post=31057"},{"taxonomy":"product_cat","embeddable":true,"href":"https:\/\/technofluid.it\/de\/wp-json\/wp\/v2\/product_cat?post=31057"},{"taxonomy":"product_tag","embeddable":true,"href":"https:\/\/technofluid.it\/de\/wp-json\/wp\/v2\/product_tag?post=31057"}],"curies":[{"name":"wp","href":"https:\/\/api.w.org\/{rel}","templated":true}]}}