{"id":30548,"date":"2025-10-25T01:03:01","date_gmt":"2025-10-25T00:03:01","guid":{"rendered":"https:\/\/technofluid.it\/prodotto\/nastro-tesa-30-50-codice-7143\/"},"modified":"2026-04-09T10:56:31","modified_gmt":"2026-04-09T09:56:31","slug":"nastro-tesa-3050-codice-7143-sipafer","status":"publish","type":"product","link":"https:\/\/technofluid.it\/de\/produkt\/tesa-band-3050-code-7143\/","title":{"rendered":"Tesaband 30\u00d750 \u2013 Code: 7143 \u2013 Sipafer"},"content":{"rendered":"<p>Tesaband 30\u00d750 \u2013 Code: 7143 \u2013 Sipafer<\/p>","protected":false},"excerpt":{"rendered":"<p>Der <strong>Tesa Band 30\u00d750<\/strong> (Code <strong>7143<\/strong>) ist ein <strong>Papierband<\/strong> gedacht f\u00fcr Wartungs-, Installations- und Fertigungsarbeiten im technischen Bereich, einschlie\u00dflich Nautik und Bordinstallationen. N\u00fctzlich f\u00fcr <strong>Abdeckungen<\/strong>, <strong>tempor\u00e4re Schutzma\u00dfnahmen<\/strong> e <strong>operative Markierungen<\/strong>, hilft, die Arbeit in Werkstatt und auf der Baustelle ordentlich zu halten. Der Verweis auf den <strong>Produktcode 7143<\/strong> erleichtert die Lagerverwaltung und Nachbestellung. F\u00fcr Anwendungen auf besonderen Oberfl\u00e4chen oder spezifische Anforderungen wird empfohlen, einen Vorversuch durchzuf\u00fchren und die Herstellerangaben zu pr\u00fcfen.<\/p>","protected":false},"featured_media":40199,"comment_status":"open","ping_status":"closed","template":"","meta":{"_acf_changed":false,"_monsterinsights_skip_tracking":false,"_monsterinsights_sitenote_active":false,"_monsterinsights_sitenote_note":"","_monsterinsights_sitenote_category":0,"site-sidebar-layout":"default","site-content-layout":"","ast-site-content-layout":"default","site-content-style":"default","site-sidebar-style":"default","ast-global-header-display":"","ast-banner-title-visibility":"","ast-main-header-display":"","ast-hfb-above-header-display":"","ast-hfb-below-header-display":"","ast-hfb-mobile-header-display":"","site-post-title":"","ast-breadcrumbs-content":"","ast-featured-img":"","footer-sml-layout":"","ast-disable-related-posts":"","theme-transparent-header-meta":"default","adv-header-id-meta":"","stick-header-meta":"","header-above-stick-meta":"","header-main-stick-meta":"","header-below-stick-meta":"","astra-migrate-meta-layouts":"set","ast-page-background-enabled":"default","ast-page-background-meta":{"desktop":{"background-color":"var(--ast-global-color-5)","background-image":"","background-repeat":"repeat","background-position":"center center","background-size":"auto","background-attachment":"scroll","background-type":"","background-media":"","overlay-type":"","overlay-color":"","overlay-opacity":"","overlay-gradient":""},"tablet":{"background-color":"","background-image":"","background-repeat":"repeat","background-position":"center center","background-size":"auto","background-attachment":"scroll","background-type":"","background-media":"","overlay-type":"","overlay-color":"","overlay-opacity":"","overlay-gradient":""},"mobile":{"background-color":"","background-image":"","background-repeat":"repeat","background-position":"center center","background-size":"auto","background-attachment":"scroll","background-type":"","background-media":"","overlay-type":"","overlay-color":"","overlay-opacity":"","overlay-gradient":""}},"ast-content-background-meta":{"desktop":{"background-color":"var(--ast-global-color-4)","background-image":"","background-repeat":"repeat","background-position":"center center","background-size":"auto","background-attachment":"scroll","background-type":"","background-media":"","overlay-type":"","overlay-color":"","overlay-opacity":"","overlay-gradient":""},"tablet":{"background-color":"var(--ast-global-color-4)","background-image":"","background-repeat":"repeat","background-position":"center center","background-size":"auto","background-attachment":"scroll","background-type":"","background-media":"","overlay-type":"","overlay-color":"","overlay-opacity":"","overlay-gradient":""},"mobile":{"background-color":"var(--ast-global-color-4)","background-image":"","background-repeat":"repeat","background-position":"center center","background-size":"auto","background-attachment":"scroll","background-type":"","background-media":"","overlay-type":"","overlay-color":"","overlay-opacity":"","overlay-gradient":""}}},"product_brand":[],"product_cat":[139,84],"product_tag":[6470,6471],"class_list":{"0":"post-30548","1":"product","2":"type-product","3":"status-publish","4":"has-post-thumbnail","6":"product_cat-ferramenta","7":"product_cat-idraulica-e-ferramenta","8":"product_tag-30-50","9":"product_tag-nastro-tesa","10":"pa_supplier-sipafer-s-p-a","11":"desktop-align-left","12":"tablet-align-left","13":"mobile-align-left","15":"first","16":"instock","17":"taxable","18":"shipping-taxable","19":"purchasable","20":"product-type-simple"},"acf":[],"yoast_head":"<!-- This site is optimized with the Yoast SEO Premium plugin v26.7 (Yoast SEO v26.9) - https:\/\/yoast.com\/product\/yoast-seo-premium-wordpress\/ -->\n<title>Nastro Tesa 30\u00d750 codice 7143 | Nastro carta<\/title>\n<meta name=\"description\" content=\"Nastro carta Tesa 30\u00d750 (codice 7143): ideale per mascheratura, protezione temporanea e marcature in manutenzione e impiantistica.\" \/>\n<meta name=\"robots\" content=\"index, follow, max-snippet:-1, max-image-preview:large, max-video-preview:-1\" \/>\n<link rel=\"canonical\" href=\"https:\/\/technofluid.it\/de\/produkt\/tesa-band-3050-code-7143\/\" \/>\n<meta property=\"og:locale\" content=\"de_DE\" \/>\n<meta property=\"og:type\" content=\"article\" \/>\n<meta property=\"og:title\" content=\"Nastro Tesa 30&times;50 &ndash; codice: 7143 - Sipafer\" \/>\n<meta property=\"og:description\" content=\"Nastro carta Tesa 30\u00d750 (codice 7143): ideale per mascheratura, protezione temporanea e marcature in manutenzione e impiantistica.\" \/>\n<meta property=\"og:url\" content=\"https:\/\/technofluid.it\/de\/produkt\/tesa-band-3050-code-7143\/\" \/>\n<meta property=\"og:site_name\" content=\"Technofluid\" \/>\n<meta property=\"article:modified_time\" content=\"2026-04-09T09:56:31+00:00\" \/>\n<meta property=\"og:image\" content=\"https:\/\/technofluid.it\/wp-content\/uploads\/2026\/01\/1685-NASTRO-TESA-30-50-CODICE-7143.jpg\" \/>\n\t<meta property=\"og:image:width\" content=\"600\" \/>\n\t<meta property=\"og:image:height\" content=\"677\" \/>\n\t<meta property=\"og:image:type\" content=\"image\/jpeg\" \/>\n<meta name=\"twitter:card\" content=\"summary_large_image\" \/>\n<meta name=\"twitter:label1\" content=\"Preis\" \/>\n\t<meta name=\"twitter:data1\" content=\"1,64&nbsp;&euro; Iva esclusa\" \/>\n\t<meta name=\"twitter:label2\" content=\"Verf\u00fcgbarkeit\" \/>\n\t<meta name=\"twitter:data2\" content=\"Auf Lager\" \/>\n<script type=\"application\/ld+json\" class=\"yoast-schema-graph\">{\"@context\":\"https:\/\/schema.org\",\"@graph\":[{\"@type\":\"WebPage\",\"@id\":\"https:\/\/technofluid.it\/prodotto\/nastro-tesa-3050-codice-7143-sipafer\/\",\"url\":\"https:\/\/technofluid.it\/prodotto\/nastro-tesa-3050-codice-7143-sipafer\/\",\"name\":\"Nastro Tesa 30\u00d750 codice 7143 | Nastro carta\",\"isPartOf\":{\"@id\":\"https:\/\/technofluid.it\/#website\"},\"primaryImageOfPage\":{\"@id\":\"https:\/\/technofluid.it\/prodotto\/nastro-tesa-3050-codice-7143-sipafer\/#primaryimage\"},\"image\":{\"@id\":\"https:\/\/technofluid.it\/prodotto\/nastro-tesa-3050-codice-7143-sipafer\/#primaryimage\"},\"thumbnailUrl\":\"https:\/\/technofluid.it\/wp-content\/uploads\/2026\/01\/1685-NASTRO-TESA-30-50-CODICE-7143.jpg\",\"datePublished\":\"2025-10-25T00:03:01+00:00\",\"dateModified\":\"2026-04-09T09:56:31+00:00\",\"description\":\"Nastro carta Tesa 30\u00d750 (codice 7143): ideale per mascheratura, protezione temporanea e marcature in manutenzione e impiantistica.\",\"breadcrumb\":{\"@id\":\"https:\/\/technofluid.it\/prodotto\/nastro-tesa-3050-codice-7143-sipafer\/#breadcrumb\"},\"inLanguage\":\"de\",\"potentialAction\":[{\"@type\":\"ReadAction\",\"target\":[\"https:\/\/technofluid.it\/prodotto\/nastro-tesa-3050-codice-7143-sipafer\/\"]}]},{\"@type\":\"ImageObject\",\"inLanguage\":\"de\",\"@id\":\"https:\/\/technofluid.it\/prodotto\/nastro-tesa-3050-codice-7143-sipafer\/#primaryimage\",\"url\":\"https:\/\/technofluid.it\/wp-content\/uploads\/2026\/01\/1685-NASTRO-TESA-30-50-CODICE-7143.jpg\",\"contentUrl\":\"https:\/\/technofluid.it\/wp-content\/uploads\/2026\/01\/1685-NASTRO-TESA-30-50-CODICE-7143.jpg\",\"width\":600,\"height\":677,\"caption\":\"Nastro Tesa 30x50 mm, perfetto per fissaggi e lavori di riparazione domestici e industriali.\"},{\"@type\":\"BreadcrumbList\",\"@id\":\"https:\/\/technofluid.it\/prodotto\/nastro-tesa-3050-codice-7143-sipafer\/#breadcrumb\",\"itemListElement\":[{\"@type\":\"ListItem\",\"position\":1,\"name\":\"Home\",\"item\":\"https:\/\/technofluid.it\/\"},{\"@type\":\"ListItem\",\"position\":2,\"name\":\"Shop\",\"item\":\"https:\/\/technofluid.it\/shop\/\"},{\"@type\":\"ListItem\",\"position\":3,\"name\":\"Nastro Tesa 30&times;50 &ndash; codice: 7143 &#8211; Sipafer\"}]},{\"@type\":\"WebSite\",\"@id\":\"https:\/\/technofluid.it\/#website\",\"url\":\"https:\/\/technofluid.it\/\",\"name\":\"Technofluid S.R.L.\",\"description\":\"Dal 1999 siamo specializzati nell&#039;impiantistica navale, idraulica, civile e industriale\",\"publisher\":{\"@id\":\"https:\/\/technofluid.it\/#organization\"},\"potentialAction\":[{\"@type\":\"SearchAction\",\"target\":{\"@type\":\"EntryPoint\",\"urlTemplate\":\"https:\/\/technofluid.it\/?s={search_term_string}\"},\"query-input\":{\"@type\":\"PropertyValueSpecification\",\"valueRequired\":true,\"valueName\":\"search_term_string\"}}],\"inLanguage\":\"de\"},{\"@type\":\"Organization\",\"@id\":\"https:\/\/technofluid.it\/#organization\",\"name\":\"Technofluid\",\"url\":\"https:\/\/technofluid.it\/\",\"logo\":{\"@type\":\"ImageObject\",\"inLanguage\":\"de\",\"@id\":\"https:\/\/technofluid.it\/#\/schema\/logo\/image\/\",\"url\":\"https:\/\/technofluid.it\/wp-content\/uploads\/2025\/12\/technofluid_bianco-logo.webp\",\"contentUrl\":\"https:\/\/technofluid.it\/wp-content\/uploads\/2025\/12\/technofluid_bianco-logo.webp\",\"width\":350,\"height\":116,\"caption\":\"Technofluid\"},\"image\":{\"@id\":\"https:\/\/technofluid.it\/#\/schema\/logo\/image\/\"},\"description\":\"La Technofluid S.r.l. nasce nel 1999 a Barcellona Pozzo di Gotto, in provincia di Messina, con l\u2019obiettivo di diventare un punto di riferimento nel settore dell\u2019impiantistica navale, idraulica, civile e industriale.\",\"email\":\"info@technofluid.it\",\"telephone\":\"0907386877\",\"legalName\":\"Technofluid S.R.L\",\"vatID\":\"IT03148240835\",\"taxID\":\"03148240835\",\"ownershipFundingInfo\":\"https:\/\/technofluid.it\/azienda\/\"}]}<\/script>\n<meta property=\"product:price:amount\" content=\"1.64\" \/>\n<meta property=\"product:price:currency\" content=\"EUR\" \/>\n<meta property=\"og:availability\" content=\"instock\" \/>\n<meta property=\"product:availability\" content=\"instock\" \/>\n<meta property=\"product:retailer_item_id\" content=\"SIPA0000026\" \/>\n<meta property=\"product:condition\" content=\"new\" \/>\n<!-- \/ Yoast SEO Premium plugin. -->","yoast_head_json":{"title":"Klebeband 30\u00d750 Code 7143 | Papierklebeband","description":"Tesa Kreppband 30\u00d750 (Code 7143): ideal zum Abkleben, tempor\u00e4ren Schutz und Markierungen in Wartung und Installation.","robots":{"index":"index","follow":"follow","max-snippet":"max-snippet:-1","max-image-preview":"max-image-preview:large","max-video-preview":"max-video-preview:-1"},"canonical":"https:\/\/technofluid.it\/de\/produkt\/tesa-band-3050-code-7143\/","og_locale":"de_DE","og_type":"article","og_title":"Nastro Tesa 30&times;50 &ndash; codice: 7143 - Sipafer","og_description":"Nastro carta Tesa 30\u00d750 (codice 7143): ideale per mascheratura, protezione temporanea e marcature in manutenzione e impiantistica.","og_url":"https:\/\/technofluid.it\/de\/produkt\/tesa-band-3050-code-7143\/","og_site_name":"Technofluid","article_modified_time":"2026-04-09T09:56:31+00:00","og_image":[{"width":600,"height":677,"url":"https:\/\/technofluid.it\/wp-content\/uploads\/2026\/01\/1685-NASTRO-TESA-30-50-CODICE-7143.jpg","type":"image\/jpeg"}],"twitter_card":"summary_large_image","twitter_misc":{"Preis":"1,64&nbsp;&euro; Iva esclusa","Verf\u00fcgbarkeit":"Auf Lager"},"schema":{"@context":"https:\/\/schema.org","@graph":[{"@type":"WebPage","@id":"https:\/\/technofluid.it\/prodotto\/nastro-tesa-3050-codice-7143-sipafer\/","url":"https:\/\/technofluid.it\/prodotto\/nastro-tesa-3050-codice-7143-sipafer\/","name":"Klebeband 30\u00d750 Code 7143 | Papierklebeband","isPartOf":{"@id":"https:\/\/technofluid.it\/#website"},"primaryImageOfPage":{"@id":"https:\/\/technofluid.it\/prodotto\/nastro-tesa-3050-codice-7143-sipafer\/#primaryimage"},"image":{"@id":"https:\/\/technofluid.it\/prodotto\/nastro-tesa-3050-codice-7143-sipafer\/#primaryimage"},"thumbnailUrl":"https:\/\/technofluid.it\/wp-content\/uploads\/2026\/01\/1685-NASTRO-TESA-30-50-CODICE-7143.jpg","datePublished":"2025-10-25T00:03:01+00:00","dateModified":"2026-04-09T09:56:31+00:00","description":"Tesa Kreppband 30\u00d750 (Code 7143): ideal zum Abkleben, tempor\u00e4ren Schutz und Markierungen in Wartung und Installation.","breadcrumb":{"@id":"https:\/\/technofluid.it\/prodotto\/nastro-tesa-3050-codice-7143-sipafer\/#breadcrumb"},"inLanguage":"de","potentialAction":[{"@type":"ReadAction","target":["https:\/\/technofluid.it\/prodotto\/nastro-tesa-3050-codice-7143-sipafer\/"]}]},{"@type":"ImageObject","inLanguage":"de","@id":"https:\/\/technofluid.it\/prodotto\/nastro-tesa-3050-codice-7143-sipafer\/#primaryimage","url":"https:\/\/technofluid.it\/wp-content\/uploads\/2026\/01\/1685-NASTRO-TESA-30-50-CODICE-7143.jpg","contentUrl":"https:\/\/technofluid.it\/wp-content\/uploads\/2026\/01\/1685-NASTRO-TESA-30-50-CODICE-7143.jpg","width":600,"height":677,"caption":"Nastro Tesa 30x50 mm, perfetto per fissaggi e lavori di riparazione domestici e industriali."},{"@type":"BreadcrumbList","@id":"https:\/\/technofluid.it\/prodotto\/nastro-tesa-3050-codice-7143-sipafer\/#breadcrumb","itemListElement":[{"@type":"ListItem","position":1,"name":"Home","item":"https:\/\/technofluid.it\/"},{"@type":"ListItem","position":2,"name":"Shop","item":"https:\/\/technofluid.it\/shop\/"},{"@type":"ListItem","position":3,"name":"Nastro Tesa 30&times;50 &ndash; codice: 7143 &#8211; Sipafer"}]},{"@type":"WebSite","@id":"https:\/\/technofluid.it\/#website","url":"https:\/\/technofluid.it\/","name":"Technofluid S.R.L.","description":"Seit 1999 haben wir uns auf Schiffs-, Sanit\u00e4r-, Zivil- und Industrieanlagen spezialisiert.","publisher":{"@id":"https:\/\/technofluid.it\/#organization"},"potentialAction":[{"@type":"SearchAction","target":{"@type":"EntryPoint","urlTemplate":"https:\/\/technofluid.it\/?s={search_term_string}"},"query-input":{"@type":"PropertyValueSpecification","valueRequired":true,"valueName":"search_term_string"}}],"inLanguage":"de"},{"@type":"Organization","@id":"https:\/\/technofluid.it\/#organization","name":"Technofluid","url":"https:\/\/technofluid.it\/","logo":{"@type":"ImageObject","inLanguage":"de","@id":"https:\/\/technofluid.it\/#\/schema\/logo\/image\/","url":"https:\/\/technofluid.it\/wp-content\/uploads\/2025\/12\/technofluid_bianco-logo.webp","contentUrl":"https:\/\/technofluid.it\/wp-content\/uploads\/2025\/12\/technofluid_bianco-logo.webp","width":350,"height":116,"caption":"Technofluid"},"image":{"@id":"https:\/\/technofluid.it\/#\/schema\/logo\/image\/"},"description":"Die Technofluid S.r.l. wurde 1999 in Barcellona Pozzo di Gotto, in der Provinz Messina, gegr\u00fcndet, mit dem Ziel, ein Bezugspunkt im Bereich der Schiffs-, Hydraulik-, Zivil- und Industrieanlagen zu werden.","email":"info@technofluid.it","telephone":"0907386877","legalName":"Technofluid S.R.L","vatID":"IT03148240835","taxID":"03148240835","ownershipFundingInfo":"https:\/\/technofluid.it\/azienda\/"}]},"product_price_amount":"1.64","product_price_currency":"EUR","og_availability":"instock","product_availability":"instock","product_retailer_item_id":"SIPA0000026","product_condition":"new"},"_links":{"self":[{"href":"https:\/\/technofluid.it\/de\/wp-json\/wp\/v2\/product\/30548","targetHints":{"allow":["GET"]}}],"collection":[{"href":"https:\/\/technofluid.it\/de\/wp-json\/wp\/v2\/product"}],"about":[{"href":"https:\/\/technofluid.it\/de\/wp-json\/wp\/v2\/types\/product"}],"replies":[{"embeddable":true,"href":"https:\/\/technofluid.it\/de\/wp-json\/wp\/v2\/comments?post=30548"}],"version-history":[{"count":5,"href":"https:\/\/technofluid.it\/de\/wp-json\/wp\/v2\/product\/30548\/revisions"}],"predecessor-version":[{"id":57806,"href":"https:\/\/technofluid.it\/de\/wp-json\/wp\/v2\/product\/30548\/revisions\/57806"}],"wp:featuredmedia":[{"embeddable":true,"href":"https:\/\/technofluid.it\/de\/wp-json\/wp\/v2\/media\/40199"}],"wp:attachment":[{"href":"https:\/\/technofluid.it\/de\/wp-json\/wp\/v2\/media?parent=30548"}],"wp:term":[{"taxonomy":"product_brand","embeddable":true,"href":"https:\/\/technofluid.it\/de\/wp-json\/wp\/v2\/product_brand?post=30548"},{"taxonomy":"product_cat","embeddable":true,"href":"https:\/\/technofluid.it\/de\/wp-json\/wp\/v2\/product_cat?post=30548"},{"taxonomy":"product_tag","embeddable":true,"href":"https:\/\/technofluid.it\/de\/wp-json\/wp\/v2\/product_tag?post=30548"}],"curies":[{"name":"wp","href":"https:\/\/api.w.org\/{rel}","templated":true}]}}